{"id":8280,"date":"2024-11-05T16:43:34","date_gmt":"2024-11-05T08:43:34","guid":{"rendered":"http:\/\/qingdaohf.com\/?post_type=product&#038;p=8280"},"modified":"2025-11-13T09:02:53","modified_gmt":"2025-11-13T01:02:53","slug":"webbing-sling-3-ton","status":"publish","type":"product","link":"https:\/\/qingdaohf.com\/da\/vare\/bandslynge-3-ton\/","title":{"rendered":"Flat Webbing Sling 3 Ton Polyester Double Duplex"},"content":{"rendered":"<h3><strong>P\u00e5lidelig 3-tons webbing-slynge til tunge l\u00f8fteopgaver<\/strong><\/h3>\n<p>I materialeh\u00e5ndteringsverdenen skiller 3-tons b\u00e5ndstroppen sig ud som en robust l\u00f8sning til l\u00f8ft og sikring af tunge byrder p\u00e5 tv\u00e6rs af forskellige brancher. Med en optimal balance mellem styrke, fleksibilitet og sikkerhed er denne slynge designet til at opfylde de strenge krav til opgaver lige fra byggeri til logistik. Den 3 tons tunge webbing-slynge er fremstillet af syntetiske fibre af h\u00f8j kvalitet og er konstrueret til at levere p\u00e5lidelig ydeevne, hvilket g\u00f8r den til et afg\u00f8rende aktiv for enhver operation, der involverer l\u00f8ft af betydelige v\u00e6gte.<\/p>\n<p>Den stigende eftersp\u00f8rgsel efter alsidige l\u00f8ftel\u00f8sninger har f\u00f8rt til udbredt brug af b\u00e5ndstropper i kommercielle og industrielle milj\u00f8er. 3-tons b\u00e5ndstroppen er specielt fremstillet til at h\u00e5ndtere mellemtunge belastninger og giver operat\u00f8rerne et p\u00e5lideligt middel til at udf\u00f8re deres opgaver effektivt og sikkert. K\u00f8bere udtrykker ofte bekymring for belastningssikkerhed og holdbarhed, som er altafg\u00f8rende, n\u00e5r de v\u00e6lger l\u00f8fteudstyr. 3-tons b\u00e5ndstroppen im\u00f8dekommer disse bekymringer ved at sikre, at den kan modst\u00e5 kr\u00e6vende forhold, samtidig med at den bevarer sin integritet og ydeevne over tid.<\/p>\n<p>En af de mest fremtr\u00e6dende egenskaber ved en 3-tons webbing slynge er dens konstruktion, som typisk involverer h\u00f8jstyrke polyester- eller nylonfibre. Disse materialer giver flere fordele, herunder modstandsdygtighed over for slitage, UV-stabilitet og fugtbestandighed. Kombinationen af disse egenskaber sikrer, at slyngen kan fungere godt selv i udfordrende udend\u00f8rs milj\u00f8er, hvilket g\u00f8r den velegnet til en lang r\u00e6kke anvendelser.<\/p>\n<p>Hos Qingdao H&amp;F er vi stolte af vores evne til ikke kun at levere produkter af h\u00f8j kvalitet, men ogs\u00e5 enest\u00e5ende service. Vores engagement i personlig kundeservice betyder, at hver kunde f\u00e5r personlig opm\u00e6rksomhed, der er skr\u00e6ddersyet til deres specifikke behov. Denne tilgang skaber tillid og sikrer, at k\u00f8berne f\u00f8ler sig st\u00f8ttet under hele deres k\u00f8bsrejse. Derudover understreger vi vigtigheden af rettidig levering, og vores effektive logistikprocesser garanterer, at kunderne modtager deres slynger uden un\u00f8dvendige forsinkelser. Ledsaget af omfattende kvalitetsinspektionsrapporter giver vores produkter k\u00f8berne ro i sindet og sikrer, at de opfylder de n\u00f8dvendige sikkerheds- og ydelsesstandarder.<\/p>\n<h3><strong>Konstruktionskvalitet og materialeydelse<\/strong><\/h3>\n<p>Kvaliteten af de materialer, der bruges i en 3-tons webbing slynge, er afg\u00f8rende for dens ydeevne og lange levetid. N\u00e5r vi v\u00e6lger materialer til produktionen, fokuserer vi p\u00e5 holdbarhed og styrke. Polyester, der er kendt for sin lave str\u00e6kbarhed og h\u00f8je slidstyrke, er et popul\u00e6rt valg. Denne fiber er s\u00e6rlig effektiv til at opretholde lastens stabilitet, hvilket er afg\u00f8rende for sikre l\u00f8fteoperationer. P\u00e5 den anden side tilbyder nylon overlegen elasticitet, som kan absorbere st\u00f8dbelastninger under l\u00f8ft, en funktion, der kan v\u00e6re gavnlig i forskellige anvendelser.<\/p>\n<p>Alle aspekter af fremstillingsprocessen er designet til at opretholde de h\u00f8jeste standarder. Fra udv\u00e6lgelsen af fibre til v\u00e6veteknikken gennemg\u00e5r hver slynge strenge tests for at bekr\u00e6fte, at den kan h\u00e5ndtere belastninger p\u00e5 op til 3 tons. Forst\u00e6rkede syninger og endebeslag af h\u00f8j kvalitet forbedrer slyngens holdbarhed, reducerer risikoen for slitage og \u00f8ger dens levetid. Med disse egenskaber er 3-tons b\u00e5ndstroppen en v\u00e6rdifuld investering for virksomheder, der er p\u00e5 udkig efter p\u00e5lidelige l\u00f8ftel\u00f8sninger.<\/p>\n<p>Kvalitetssikring er altafg\u00f8rende hos Qingdao H&amp;F, og vores kunder kan forvente, at hvert produkt leveres med en detaljeret inspektionsrapport. Disse rapporter giver vigtige oplysninger om slyngens egenskaber, herunder brudstyrke og overholdelse af industristandarder. Ved at sikre, at alle slynger lever op til disse standarder, hj\u00e6lper vi vores kunder med at tr\u00e6ffe informerede beslutninger og prioritere sikkerhed og p\u00e5lidelighed i deres l\u00f8fteoperationer.<\/p>\n<h3><strong>Alsidige anvendelsesmuligheder og branchefordele<\/strong><\/h3>\n<p>Alsidigheden i 3-tons b\u00e5ndstroppen g\u00f8r den til et ideelt valg til en lang r\u00e6kke anvendelser p\u00e5 tv\u00e6rs af forskellige brancher. I byggebranchen kan dette sling f.eks. bruges til at l\u00f8fte og flytte tunge materialer som st\u00e5lbj\u00e6lker, betonblokke og maskiner. Den lave v\u00e6gt p\u00e5 b\u00e5ndstropper g\u00f8r dem lettere at h\u00e5ndtere end traditionelle metalk\u00e6der, hvilket minimerer tr\u00e6thed hos operat\u00f8ren og \u00f8ger den generelle sikkerhed.<\/p>\n<p>Inden for logistik og lager er 3-tons b\u00e5ndstroppen uvurderlig til transport af varer og materialer. Dens evne til at l\u00f8fte tunge laster p\u00e5 en sikker m\u00e5de sikrer, at arbejdet forl\u00f8ber gnidningsl\u00f8st og effektivt. Slingets fleksibilitet g\u00f8r det muligt at bruge det p\u00e5 trange steder, hvor andet l\u00f8fteudstyr kan have problemer. Derudover betyder b\u00e5ndets ubeskadigede natur, at det sikkert kan l\u00f8fte skr\u00f8belige eller f\u00e6rdige varer uden risiko for ridser eller buler.<\/p>\n<p>En anden v\u00e6sentlig fordel ved 3-tons b\u00e5ndstropper er, at de er nemme at vedligeholde. I mods\u00e6tning til k\u00e6der eller andre l\u00f8fteanordninger af metal kr\u00e6ver b\u00e5ndstropper minimal vedligeholdelse. Regelm\u00e6ssige inspektioner og korrekt opbevaring kan forl\u00e6nge deres levetid betydeligt, hvilket g\u00f8r dem til en omkostningseffektiv l\u00f8sning for virksomheder med fokus p\u00e5 driftseffektivitet.<\/p>\n<p>Qingdao H&amp;F anerkender de skiftende behov i forskellige brancher, og vores 3-tons webbing sling er designet til at im\u00f8dekomme disse krav. Uanset om det drejer sig om byggeri, logistik eller produktion, leverer denne slynge den p\u00e5lidelighed og ydeevne, som virksomheder har brug for for at f\u00e5 succes. Evnen til at l\u00f8fte store byrder sikkert og effektivt kan forbedre produktiviteten betydeligt, s\u00e5 operat\u00f8rerne kan fokusere p\u00e5 deres kerneopgaver uden at skulle bekymre sig om udstyrssvigt.<\/p>\n<h3><strong>Qingdao H&amp;F: Din partner i kvalitet og service<\/strong><\/h3>\n<p>Hos Qingdao H&amp;F skiller vores engagement i kvalitet og kundetilfredshed os ud i det konkurrencepr\u00e6gede landskab af l\u00f8ftel\u00f8sninger. Den 3 tons tunge b\u00e5ndsejl repr\u00e6senterer vores forpligtelse til at give kunderne produkter, der ikke kun er holdbare og p\u00e5lidelige, men ogs\u00e5 underst\u00f8ttes af enest\u00e5ende service. Med vores individuelle kundesupport guider vi kunderne gennem udv\u00e6lgelsesprocessen og sikrer, at de v\u00e6lger det rigtige sejl til deres specifikke behov.<\/p>\n<p>Vores fokus p\u00e5 hurtige leveringscyklusser betyder, at kunderne kan stole p\u00e5, at vi giver dem rettidig adgang til deres l\u00f8fteudstyr. Vi forst\u00e5r, hvor vigtigt det er at have det rigtige v\u00e6rkt\u00f8j p\u00e5 det rigtige tidspunkt, og vores logistikteam arbejder ih\u00e6rdigt p\u00e5 at opfylde og overg\u00e5 disse forventninger. Derudover giver vores omfattende kvalitetsinspektionsrapporter den gennemsigtighed, som kunderne har brug for til at f\u00f8le sig trygge ved deres k\u00f8b, hvilket styrker vores engagement i sikkerhed og ydeevne.<\/p>\n<p>At v\u00e6lge et 3-tons b\u00e5ndsejl fra Qingdao H&amp;F betyder at investere i en l\u00f8ftel\u00f8sning af h\u00f8j kvalitet, der bakkes op af en virksomhed, som v\u00e6rds\u00e6tter sine kunder og prioriterer deres behov. Ved at levere p\u00e5lidelige produkter og enest\u00e5ende service sigter vi mod at fremme langsigtede partnerskaber, der bygger p\u00e5 tillid og p\u00e5lidelighed. Vores kunder kan v\u00e6re sikre p\u00e5, at n\u00e5r de v\u00e6lger vores b\u00e5ndstropper, udstyrer de sig selv med de bedste v\u00e6rkt\u00f8jer p\u00e5 markedet og forbedrer deres driftseffektivitet og sikkerhedsstandarder.<\/p>","protected":false},"excerpt":{"rendered":"<p>Den 3-tons webbing sling, som Qingdao H&amp;F tilbyder, er et vigtigt v\u00e6rkt\u00f8j til sikre og effektive l\u00f8ft i en r\u00e6kke forskellige industrielle applikationer. K\u00f8bere s\u00f8ger ofte sikkerhed for belastning, holdbarhed og brugervenlighed af l\u00f8fteudstyr. Dette slynge opfylder disse behov og har en st\u00e6rk konstruktion, der er designet til at h\u00e5ndtere tungere belastninger med p\u00e5lidelighed. Som handelsvirksomhed er vi stolte af at levere enest\u00e5ende v\u00e6rdi gennem personlig kundeservice, hurtige leveringscyklusser og omfattende kvalitetsinspektionsrapporter, der sikrer, at hvert produkt lever op til de h\u00f8jeste standarder for sikkerhed og ydeevne.<\/p>","protected":false},"featured_media":8197,"comment_status":"open","ping_status":"closed","template":"","meta":{"site-sidebar-layout":"default","site-content-layout":"","ast-site-content-layout":"default","site-content-style":"default","site-sidebar-style":"default","ast-global-header-display":"","ast-banner-title-visibility":"","ast-main-header-display":"","ast-hfb-above-header-display":"","ast-hfb-below-header-display":"","ast-hfb-mobile-header-display":"","site-post-title":"","ast-breadcrumbs-content":"","ast-featured-img":"","footer-sml-layout":"","theme-transparent-header-meta":"default","adv-header-id-meta":"","stick-header-meta":"default","header-above-stick-meta":"","header-main-stick-meta":"","header-below-stick-meta":"","astra-migrate-meta-layouts":"set","ast-page-background-enabled":"default","ast-page-background-meta":{"desktop":{"background-color":"","background-image":"","background-repeat":"repeat","background-position":"center center","background-size":"auto","background-attachment":"scroll","background-type":"","background-media":"","overlay-type":"","overlay-color":"","overlay-opacity":"","overlay-gradient":""},"tablet":{"background-color":"","background-image":"","background-repeat":"repeat","background-position":"center center","background-size":"auto","background-attachment":"scroll","background-type":"","background-media":"","overlay-type":"","overlay-color":"","overlay-opacity":"","overlay-gradient":""},"mobile":{"background-color":"","background-image":"","background-repeat":"repeat","background-position":"center center","background-size":"auto","background-attachment":"scroll","background-type":"","background-media":"","overlay-type":"","overlay-color":"","overlay-opacity":"","overlay-gradient":""}},"ast-content-background-meta":{"desktop":{"background-color":"var(--ast-global-color-5)","background-image":"","background-repeat":"repeat","background-position":"center center","background-size":"auto","background-attachment":"scroll","background-type":"","background-media":"","overlay-type":"","overlay-color":"","overlay-opacity":"","overlay-gradient":""},"tablet":{"background-color":"var(--ast-global-color-5)","background-image":"","background-repeat":"repeat","background-position":"center center","background-size":"auto","background-attachment":"scroll","background-type":"","background-media":"","overlay-type":"","overlay-color":"","overlay-opacity":"","overlay-gradient":""},"mobile":{"background-color":"var(--ast-global-color-5)","background-image":"","background-repeat":"repeat","background-position":"center center","background-size":"auto","background-attachment":"scroll","background-type":"","background-media":"","overlay-type":"","overlay-color":"","overlay-opacity":"","overlay-gradient":""}}},"product_brand":[],"product_cat":[39],"product_tag":[],"class_list":{"0":"post-8280","1":"product","2":"type-product","3":"status-publish","4":"has-post-thumbnail","6":"product_cat-webbing-sling","7":"desktop-align-left","8":"tablet-align-left","9":"mobile-align-left","10":"ast-product-gallery-layout-horizontal-slider","11":"ast-product-gallery-with-no-image","12":"ast-product-tabs-layout-horizontal","14":"first","15":"instock","16":"shipping-taxable","17":"purchasable","18":"product-type-simple"},"yoast_head":"<!-- This site is optimized with the Yoast SEO plugin v25.2 - https:\/\/yoast.com\/wordpress\/plugins\/seo\/ -->\n<title>Flat Webbing Sling 3 Ton Polyester Double Duplex<\/title>\n<meta name=\"robots\" content=\"index, follow, max-snippet:-1, max-image-preview:large, max-video-preview:-1\" \/>\n<link rel=\"canonical\" href=\"https:\/\/qingdaohf.com\/da\/vare\/bandslynge-3-ton\/\" \/>\n<meta property=\"og:locale\" content=\"da_DK\" \/>\n<meta property=\"og:type\" content=\"article\" \/>\n<meta property=\"og:title\" content=\"Flat Webbing Sling 3 Ton Polyester Double Duplex\" \/>\n<meta property=\"og:description\" content=\"The 3-ton webbing sling offered by Qingdao H&amp;F is an essential tool for safe and effective lifting in a variety of industrial applications. Buyers often seek assurance regarding load security, durability, and the ease of use of lifting equipment. This sling meets those needs, boasting a strong construction designed for handling heavier loads with reliability. As a trading company, we pride ourselves on delivering exceptional value through one-on-one customer service, rapid delivery cycles, and comprehensive quality inspection reports, ensuring that each product is up to the highest standards of safety and performance.\" \/>\n<meta property=\"og:url\" content=\"https:\/\/qingdaohf.com\/da\/vare\/bandslynge-3-ton\/\" \/>\n<meta property=\"og:site_name\" content=\"Concrete Form &amp; Rigging Hardware Supplier\" \/>\n<meta property=\"article:publisher\" content=\"https:\/\/www.facebook.com\/qingdaohf\" \/>\n<meta property=\"article:modified_time\" content=\"2025-11-13T01:02:53+00:00\" \/>\n<meta property=\"og:image\" content=\"https:\/\/qingdaohf.com\/wp-content\/uploads\/2024\/10\/3-ton-webbing-sling_1.webp\" \/>\n\t<meta property=\"og:image:width\" content=\"1000\" \/>\n\t<meta property=\"og:image:height\" content=\"1000\" \/>\n\t<meta property=\"og:image:type\" content=\"image\/webp\" \/>\n<meta name=\"twitter:card\" content=\"summary_large_image\" \/>\n<meta name=\"twitter:label1\" content=\"Estimeret l\u00e6setid\" \/>\n\t<meta name=\"twitter:data1\" content=\"5 minutter\" \/>\n<script type=\"application\/ld+json\" class=\"yoast-schema-graph\">{\"@context\":\"https:\/\/schema.org\",\"@graph\":[{\"@type\":\"WebPage\",\"@id\":\"https:\/\/qingdaohf.com\/product\/webbing-sling-3-ton\/\",\"url\":\"https:\/\/qingdaohf.com\/product\/webbing-sling-3-ton\/\",\"name\":\"Flat Webbing Sling 3 Ton Polyester Double Duplex\",\"isPartOf\":{\"@id\":\"https:\/\/qingdaohf.com\/bg\/#website\"},\"primaryImageOfPage\":{\"@id\":\"https:\/\/qingdaohf.com\/product\/webbing-sling-3-ton\/#primaryimage\"},\"image\":{\"@id\":\"https:\/\/qingdaohf.com\/product\/webbing-sling-3-ton\/#primaryimage\"},\"thumbnailUrl\":\"https:\/\/qingdaohf.com\/wp-content\/uploads\/2024\/10\/3-ton-webbing-sling_1.webp\",\"datePublished\":\"2024-11-05T08:43:34+00:00\",\"dateModified\":\"2025-11-13T01:02:53+00:00\",\"breadcrumb\":{\"@id\":\"https:\/\/qingdaohf.com\/product\/webbing-sling-3-ton\/#breadcrumb\"},\"inLanguage\":\"da-DK\",\"potentialAction\":[{\"@type\":\"ReadAction\",\"target\":[\"https:\/\/qingdaohf.com\/product\/webbing-sling-3-ton\/\"]}]},{\"@type\":\"ImageObject\",\"inLanguage\":\"da-DK\",\"@id\":\"https:\/\/qingdaohf.com\/product\/webbing-sling-3-ton\/#primaryimage\",\"url\":\"https:\/\/qingdaohf.com\/wp-content\/uploads\/2024\/10\/3-ton-webbing-sling_1.webp\",\"contentUrl\":\"https:\/\/qingdaohf.com\/wp-content\/uploads\/2024\/10\/3-ton-webbing-sling_1.webp\",\"width\":1000,\"height\":1000,\"caption\":\"3 ton webbing sling_1\"},{\"@type\":\"BreadcrumbList\",\"@id\":\"https:\/\/qingdaohf.com\/product\/webbing-sling-3-ton\/#breadcrumb\",\"itemListElement\":[{\"@type\":\"ListItem\",\"position\":1,\"name\":\"Home\",\"item\":\"https:\/\/qingdaohf.com\/\"},{\"@type\":\"ListItem\",\"position\":2,\"name\":\"Concrete Forming Accessories and Rigging Hardware\",\"item\":\"https:\/\/qingdaohf.com\/bg\/?page_id=944\"},{\"@type\":\"ListItem\",\"position\":3,\"name\":\"Flat Webbing Sling 3 Ton Polyester Double Duplex\"}]},{\"@type\":\"WebSite\",\"@id\":\"https:\/\/qingdaohf.com\/bg\/#website\",\"url\":\"https:\/\/qingdaohf.com\/bg\/\",\"name\":\"Concrete Form & Rigging Hardware Supplier\",\"description\":\"\",\"publisher\":{\"@id\":\"https:\/\/qingdaohf.com\/bg\/#organization\"},\"potentialAction\":[{\"@type\":\"SearchAction\",\"target\":{\"@type\":\"EntryPoint\",\"urlTemplate\":\"https:\/\/qingdaohf.com\/bg\/?s={search_term_string}\"},\"query-input\":{\"@type\":\"PropertyValueSpecification\",\"valueRequired\":true,\"valueName\":\"search_term_string\"}}],\"inLanguage\":\"da-DK\"},{\"@type\":\"Organization\",\"@id\":\"https:\/\/qingdaohf.com\/bg\/#organization\",\"name\":\"Qingdao H&F\",\"url\":\"https:\/\/qingdaohf.com\/bg\/\",\"logo\":{\"@type\":\"ImageObject\",\"inLanguage\":\"da-DK\",\"@id\":\"https:\/\/qingdaohf.com\/bg\/#\/schema\/logo\/image\/\",\"url\":\"https:\/\/qingdaohf.com\/wp-content\/uploads\/2022\/12\/cropped-HF-LOGO.png\",\"contentUrl\":\"https:\/\/qingdaohf.com\/wp-content\/uploads\/2022\/12\/cropped-HF-LOGO.png\",\"width\":391,\"height\":249,\"caption\":\"Qingdao H&F\"},\"image\":{\"@id\":\"https:\/\/qingdaohf.com\/bg\/#\/schema\/logo\/image\/\"},\"sameAs\":[\"https:\/\/www.facebook.com\/qingdaohf\"]}]}<\/script>\n<!-- \/ Yoast SEO plugin. -->","yoast_head_json":{"title":"Flat Webbing Sling 3 Ton Polyester Double Duplex","robots":{"index":"index","follow":"follow","max-snippet":"max-snippet:-1","max-image-preview":"max-image-preview:large","max-video-preview":"max-video-preview:-1"},"canonical":"https:\/\/qingdaohf.com\/da\/vare\/bandslynge-3-ton\/","og_locale":"da_DK","og_type":"article","og_title":"Flat Webbing Sling 3 Ton Polyester Double Duplex","og_description":"The 3-ton webbing sling offered by Qingdao H&amp;F is an essential tool for safe and effective lifting in a variety of industrial applications. Buyers often seek assurance regarding load security, durability, and the ease of use of lifting equipment. This sling meets those needs, boasting a strong construction designed for handling heavier loads with reliability. As a trading company, we pride ourselves on delivering exceptional value through one-on-one customer service, rapid delivery cycles, and comprehensive quality inspection reports, ensuring that each product is up to the highest standards of safety and performance.","og_url":"https:\/\/qingdaohf.com\/da\/vare\/bandslynge-3-ton\/","og_site_name":"Concrete Form &amp; Rigging Hardware Supplier","article_publisher":"https:\/\/www.facebook.com\/qingdaohf","article_modified_time":"2025-11-13T01:02:53+00:00","og_image":[{"width":1000,"height":1000,"url":"https:\/\/qingdaohf.com\/wp-content\/uploads\/2024\/10\/3-ton-webbing-sling_1.webp","type":"image\/webp"}],"twitter_card":"summary_large_image","twitter_misc":{"Estimeret l\u00e6setid":"5 minutter"},"schema":{"@context":"https:\/\/schema.org","@graph":[{"@type":"WebPage","@id":"https:\/\/qingdaohf.com\/product\/webbing-sling-3-ton\/","url":"https:\/\/qingdaohf.com\/product\/webbing-sling-3-ton\/","name":"Flat Webbing Sling 3 Ton Polyester Double Duplex","isPartOf":{"@id":"https:\/\/qingdaohf.com\/bg\/#website"},"primaryImageOfPage":{"@id":"https:\/\/qingdaohf.com\/product\/webbing-sling-3-ton\/#primaryimage"},"image":{"@id":"https:\/\/qingdaohf.com\/product\/webbing-sling-3-ton\/#primaryimage"},"thumbnailUrl":"https:\/\/qingdaohf.com\/wp-content\/uploads\/2024\/10\/3-ton-webbing-sling_1.webp","datePublished":"2024-11-05T08:43:34+00:00","dateModified":"2025-11-13T01:02:53+00:00","breadcrumb":{"@id":"https:\/\/qingdaohf.com\/product\/webbing-sling-3-ton\/#breadcrumb"},"inLanguage":"da-DK","potentialAction":[{"@type":"ReadAction","target":["https:\/\/qingdaohf.com\/product\/webbing-sling-3-ton\/"]}]},{"@type":"ImageObject","inLanguage":"da-DK","@id":"https:\/\/qingdaohf.com\/product\/webbing-sling-3-ton\/#primaryimage","url":"https:\/\/qingdaohf.com\/wp-content\/uploads\/2024\/10\/3-ton-webbing-sling_1.webp","contentUrl":"https:\/\/qingdaohf.com\/wp-content\/uploads\/2024\/10\/3-ton-webbing-sling_1.webp","width":1000,"height":1000,"caption":"3 ton webbing sling_1"},{"@type":"BreadcrumbList","@id":"https:\/\/qingdaohf.com\/product\/webbing-sling-3-ton\/#breadcrumb","itemListElement":[{"@type":"ListItem","position":1,"name":"Home","item":"https:\/\/qingdaohf.com\/"},{"@type":"ListItem","position":2,"name":"Concrete Forming Accessories and Rigging Hardware","item":"https:\/\/qingdaohf.com\/bg\/?page_id=944"},{"@type":"ListItem","position":3,"name":"Flat Webbing Sling 3 Ton Polyester Double Duplex"}]},{"@type":"WebSite","@id":"https:\/\/qingdaohf.com\/bg\/#website","url":"https:\/\/qingdaohf.com\/bg\/","name":"Concrete Form & Rigging Hardware Supplier","description":"","publisher":{"@id":"https:\/\/qingdaohf.com\/bg\/#organization"},"potentialAction":[{"@type":"SearchAction","target":{"@type":"EntryPoint","urlTemplate":"https:\/\/qingdaohf.com\/bg\/?s={search_term_string}"},"query-input":{"@type":"PropertyValueSpecification","valueRequired":true,"valueName":"search_term_string"}}],"inLanguage":"da-DK"},{"@type":"Organization","@id":"https:\/\/qingdaohf.com\/bg\/#organization","name":"Qingdao H&F","url":"https:\/\/qingdaohf.com\/bg\/","logo":{"@type":"ImageObject","inLanguage":"da-DK","@id":"https:\/\/qingdaohf.com\/bg\/#\/schema\/logo\/image\/","url":"https:\/\/qingdaohf.com\/wp-content\/uploads\/2022\/12\/cropped-HF-LOGO.png","contentUrl":"https:\/\/qingdaohf.com\/wp-content\/uploads\/2022\/12\/cropped-HF-LOGO.png","width":391,"height":249,"caption":"Qingdao H&F"},"image":{"@id":"https:\/\/qingdaohf.com\/bg\/#\/schema\/logo\/image\/"},"sameAs":["https:\/\/www.facebook.com\/qingdaohf"]}]}},"_links":{"self":[{"href":"https:\/\/qingdaohf.com\/da\/wp-json\/wp\/v2\/product\/8280","targetHints":{"allow":["GET"]}}],"collection":[{"href":"https:\/\/qingdaohf.com\/da\/wp-json\/wp\/v2\/product"}],"about":[{"href":"https:\/\/qingdaohf.com\/da\/wp-json\/wp\/v2\/types\/product"}],"replies":[{"embeddable":true,"href":"https:\/\/qingdaohf.com\/da\/wp-json\/wp\/v2\/comments?post=8280"}],"version-history":[{"count":2,"href":"https:\/\/qingdaohf.com\/da\/wp-json\/wp\/v2\/product\/8280\/revisions"}],"predecessor-version":[{"id":8338,"href":"https:\/\/qingdaohf.com\/da\/wp-json\/wp\/v2\/product\/8280\/revisions\/8338"}],"wp:featuredmedia":[{"embeddable":true,"href":"https:\/\/qingdaohf.com\/da\/wp-json\/wp\/v2\/media\/8197"}],"wp:attachment":[{"href":"https:\/\/qingdaohf.com\/da\/wp-json\/wp\/v2\/media?parent=8280"}],"wp:term":[{"taxonomy":"product_brand","embeddable":true,"href":"https:\/\/qingdaohf.com\/da\/wp-json\/wp\/v2\/product_brand?post=8280"},{"taxonomy":"product_cat","embeddable":true,"href":"https:\/\/qingdaohf.com\/da\/wp-json\/wp\/v2\/product_cat?post=8280"},{"taxonomy":"product_tag","embeddable":true,"href":"https:\/\/qingdaohf.com\/da\/wp-json\/wp\/v2\/product_tag?post=8280"}],"curies":[{"name":"wp","href":"https:\/\/api.w.org\/{rel}","templated":true}]}}