{"id":8310,"date":"2024-11-07T14:33:56","date_gmt":"2024-11-07T06:33:56","guid":{"rendered":"http:\/\/qingdaohf.com\/?post_type=product&#038;p=8310"},"modified":"2025-11-13T09:02:52","modified_gmt":"2025-11-13T01:02:52","slug":"spek-anchor-stockless-anchor","status":"publish","type":"product","link":"https:\/\/qingdaohf.com\/da\/vare\/spek-anker-stockless-anker\/","title":{"rendered":"Spek Anchor Stockless Anchor"},"content":{"rendered":"<h3>Oversigt og unikt design af Spek-ankre<\/h3>\n<p>Spek-ankeret er en meget foretrukken ankertype i marine- og offshoreindustrien, valgt p\u00e5 grund af sit karakteristiske design, der l\u00e6gger v\u00e6gt p\u00e5 stabilitet og holdbarhed. Som en af de mere traditionelle ankertyper har Spek Anchor f\u00e5et ry for at v\u00e6re effektivt under mange forskellige havforhold, prim\u00e6rt p\u00e5 grund af dets evne til hurtigt at grave sig ned i forskellige havbunde. Sammenlignet med andre ankre giver Spek Anchor's struktur mulighed for en hurtig forankring ved udl\u00e6gning, en funktion, der er meget \u00f8nskelig for fart\u00f8jer, der har brug for p\u00e5lidelig holdekraft uden l\u00e6ngerevarende forankringsprocedurer.<\/p>\n<p>Denne ankertype har en specialdesignet fluke og skaft, der begge er optimeret til at modst\u00e5 rotationskr\u00e6fter for\u00e5rsaget af \u00e6ndringer i vandets bev\u00e6gelser. Denne unikke form minimerer ikke kun sl\u00e6bning, men opretholder ogs\u00e5 stabilitet under pludselige skift i str\u00f8mmen, hvilket giver ro i sindet til skibsoperat\u00f8rer, der er afh\u00e6ngige af konstant holdekraft. Spek-ankerets geometri omfatter en bred flunkevinkel og et v\u00e6gtet skaft, som hj\u00e6lper med at opretholde en gunstig indgangsvinkel til havbunden. Denne egenskab g\u00f8r, at det hurtigt s\u00e6tter sig fast i sandede eller mudrede underlag, hvilket g\u00f8r det alsidigt i forskellige havmilj\u00f8er.<\/p>\n<p>Hos Qingdao H&amp;F leverer vi Spek-ankre, der opfylder disse kritiske standarder for ydeevne, samtidig med at vi forbedrer kundernes bekvemmelighed gennem yderligere support og kvalitetssikring. Vi leverer en r\u00e6kke kvalitetsinspektionsrapporter for at validere hvert ankers strukturelle integritet og ydeevne og sikre overholdelse af strenge sikkerhedsregler for s\u00f8fart. Ved at tilbyde individuel kundesupport hj\u00e6lper vi k\u00f8berne med at v\u00e6lge den optimale ankerst\u00f8rrelse og -type til deres specifikke opgaver. Vores p\u00e5lidelige og hurtige leveringsproces sikrer desuden, at kunderne modtager deres produkter til tiden, hvilket reducerer potentielle forsinkelser i driften.<\/p>\n<p><img fetchpriority=\"high\" decoding=\"async\" class=\"alignnone wp-image-8317 size-full\" src=\"http:\/\/qingdaohf.com\/wp-content\/uploads\/2024\/11\/spek-anchor-1.jpg\" alt=\"\" width=\"640\" height=\"640\" srcset=\"https:\/\/qingdaohf.com\/wp-content\/uploads\/2024\/11\/spek-anchor-1.jpg 640w, https:\/\/qingdaohf.com\/wp-content\/uploads\/2024\/11\/spek-anchor-1-300x300.jpg 300w, https:\/\/qingdaohf.com\/wp-content\/uploads\/2024\/11\/spek-anchor-1-150x150.jpg 150w, https:\/\/qingdaohf.com\/wp-content\/uploads\/2024\/11\/spek-anchor-1-12x12.jpg 12w, https:\/\/qingdaohf.com\/wp-content\/uploads\/2024\/11\/spek-anchor-1-500x500.jpg 500w, https:\/\/qingdaohf.com\/wp-content\/uploads\/2024\/11\/spek-anchor-1-100x100.jpg 100w\" sizes=\"(max-width: 640px) 100vw, 640px\" \/> <img decoding=\"async\" class=\"alignnone wp-image-8318 size-full\" src=\"http:\/\/qingdaohf.com\/wp-content\/uploads\/2024\/11\/spek-anchor-1.png\" alt=\"\" width=\"598\" height=\"727\" srcset=\"https:\/\/qingdaohf.com\/wp-content\/uploads\/2024\/11\/spek-anchor-1.png 598w, https:\/\/qingdaohf.com\/wp-content\/uploads\/2024\/11\/spek-anchor-1-247x300.png 247w, https:\/\/qingdaohf.com\/wp-content\/uploads\/2024\/11\/spek-anchor-1-10x12.png 10w\" sizes=\"(max-width: 598px) 100vw, 598px\" \/><\/p>\n<h3>Spek-ankerets anvendelsesmuligheder og alsidighed i forskellige havmilj\u00f8er<\/h3>\n<p>Spek-ankeret v\u00e6lges ofte til kommercielle skibe, offshore-rigge og andre store fart\u00f8jer p\u00e5 grund af dets imponerende holdeevne og tilpasningsevne. Ankeret er s\u00e6rligt effektivt til st\u00f8rre fart\u00f8jer, hvor sikker fort\u00f8jning er afg\u00f8rende for at bevare stabiliteten under l\u00e6ngerevarende ophold. Under moderate til kraftige s\u00f8forhold er Spek-ankeret en fordel p\u00e5 grund af dets modstandsdygtighed over for sidev\u00e6rts bev\u00e6gelser og dets evne til at holde fast, selv i skiftende str\u00f8mme. Disse egenskaber g\u00f8r det til et foretrukket valg i situationer, hvor der er behov for sikker forankring p\u00e5 trods af uforudsigelige milj\u00f8forhold.<\/p>\n<p>For k\u00f8bere i marine- og offshoresektoren er holdbarhed, brugervenlighed og omkostningseffektivitet n\u00f8glefaktorer. Spek-ankerets design g\u00f8r det ikke kun nemmere at bruge, men reducerer ogs\u00e5 sliddet p\u00e5 ankerk\u00e6den og det tilh\u00f8rende udstyr ved at minimere pludselige ryk eller tr\u00e6k, som kan forekomme med mindre stabile ankertyper. Skibe, der sejler i omr\u00e5der med sandet, mudret eller endda stenet havbund, nyder godt af Spek Anchor's hurtige og p\u00e5lidelige indstilling, da det tilpasser sig godt p\u00e5 tv\u00e6rs af forskellige overfladetyper.<\/p>\n<p>Hos Qingdao H&amp;F l\u00e6gger vi v\u00e6gt p\u00e5 at levere produkter, der opfylder disse operationelle behov, samtidig med at vi tilbyder fordele, der forbedrer k\u00f8bsoplevelsen. Vores engagement i hurtige leveringscyklusser sikrer, at kunderne hurtigt kan integrere nyt udstyr uden lange ventetider. Derudover gennemf\u00f8rer vi grundige tests af hvert enkelt Spek-anker og leverer detaljerede inspektionsrapporter, der bekr\u00e6fter ankerets holdbarhed, v\u00e6gt og pr\u00e6stationsparametre. Dette niveau af kvalitetskontrol er is\u00e6r vigtigt for k\u00f8bere, der skal overholde maritime sikkerhedsstandarder og har brug for klar dokumentation for udstyrets p\u00e5lidelighed.<\/p>\n<h3>Fordele ved at v\u00e6lge Spek-ankre fra Qingdao H&amp;F<\/h3>\n<p>At v\u00e6lge et Spek-anker fra Qingdao H&amp;F betyder at investere i mere end bare et produkt; det betyder at f\u00e5 en betroet partner i indk\u00f8b af marineudstyr. Med over 20 \u00e5rs erfaring inden for international handel har Qingdao H&amp;F opn\u00e5et et ry for p\u00e5lidelighed og engagement i kundetilfredshed. Vi forst\u00e5r de operationelle krav i den maritime industri og sigter mod at im\u00f8dekomme disse ved at sikre, at hvert anker ikke kun opfylder strenge kvalitetsstandarder, men ogs\u00e5 er i overensstemmelse med vores kunders specifikke anvendelseskrav.<\/p>\n<p>Vores individuelle kundeservicemodel adskiller os fra andre leverand\u00f8rer ved at fremme en personlig tilgang til hver enkelt transaktion. Fra den f\u00f8rste foresp\u00f8rgsel til levering f\u00e5r kunderne dedikeret hj\u00e6lp fra vores kyndige medarbejdere, som giver vejledning baseret p\u00e5 industristandarder og applikationsspecifikke krav. For eksempel tilbyder vi r\u00e5dgivning om valg af passende v\u00e6gt og st\u00f8rrelse p\u00e5 Spek Anchor baseret p\u00e5 fart\u00f8jstype og typiske havforhold, hvilket sikrer, at kunderne tr\u00e6ffer informerede beslutninger, der forbedrer driftssikkerheden og effektiviteten.<\/p>\n<p>Vores forpligtelse til gennemsigtighed understreges yderligere af vores omfattende kvalitetssikringsproces. Hvert Spek Anchor gennemg\u00e5r omfattende test for at verificere faktorer som tr\u00e6kstyrke, v\u00e6gtkonsistens og korrosionsbestandighed. Disse testprocesser dokumenteres i detaljerede inspektionsrapporter, som vi deler med kunderne, hvilket giver dem tillid til produktets holdbarhed og ydeevne. Desuden muligg\u00f8r vores effektive logistik og leveringsmuligheder fra lager til lager rettidige produktankomster, hvilket hj\u00e6lper med at minimere afbrydelser i kundernes drift og maksimere bekvemmeligheden.<\/p>\n<p>Qingdao H&amp;F's fokus p\u00e5 fremragende service og produktkvalitet g\u00f8r os til et ideelt valg for k\u00f8bere, der ikke kun s\u00f8ger robuste, p\u00e5lidelige ankre, men ogs\u00e5 en problemfri k\u00f8bsoplevelse.<\/p>","protected":false},"excerpt":{"rendered":"<p>Spek-ankeret, der er en fast bestanddel i marineapplikationer, er meget v\u00e6rdsat af k\u00f8bere, der s\u00f8ger en balance mellem p\u00e5lidelighed og effektiv ydeevne under forskellige havforhold. Spek-ankeret er kendt for sin robuste holdekraft og stabilitet og er s\u00e6rligt velegnet til fart\u00f8jer i moderat til h\u00e5rd s\u00f8. Hos Qingdao H&amp;F g\u00e5r vi et skridt videre ved at yde individuel kundeservice for at sikre, at hver enkelt kunde f\u00e5r vejledning, der er skr\u00e6ddersyet til deres specifikke behov. Vores hurtige leveringscyklus reducerer nedetiden, mens vores udvalg af kvalitetsinspektionsrapporter giver k\u00f8berne ekstra tillid til produktets p\u00e5lidelighed og holdbarhed. For fagfolk i marineindustrien sikrer vores fokus p\u00e5 enest\u00e5ende service og str\u00f8mlinede processer en problemfri k\u00f8bsoplevelse.<\/p>","protected":false},"featured_media":8311,"comment_status":"open","ping_status":"closed","template":"","meta":{"site-sidebar-layout":"default","site-content-layout":"","ast-site-content-layout":"default","site-content-style":"default","site-sidebar-style":"default","ast-global-header-display":"","ast-banner-title-visibility":"","ast-main-header-display":"","ast-hfb-above-header-display":"","ast-hfb-below-header-display":"","ast-hfb-mobile-header-display":"","site-post-title":"","ast-breadcrumbs-content":"","ast-featured-img":"","footer-sml-layout":"","theme-transparent-header-meta":"default","adv-header-id-meta":"","stick-header-meta":"default","header-above-stick-meta":"","header-main-stick-meta":"","header-below-stick-meta":"","astra-migrate-meta-layouts":"set","ast-page-background-enabled":"default","ast-page-background-meta":{"desktop":{"background-color":"","background-image":"","background-repeat":"repeat","background-position":"center center","background-size":"auto","background-attachment":"scroll","background-type":"","background-media":"","overlay-type":"","overlay-color":"","overlay-opacity":"","overlay-gradient":""},"tablet":{"background-color":"","background-image":"","background-repeat":"repeat","background-position":"center center","background-size":"auto","background-attachment":"scroll","background-type":"","background-media":"","overlay-type":"","overlay-color":"","overlay-opacity":"","overlay-gradient":""},"mobile":{"background-color":"","background-image":"","background-repeat":"repeat","background-position":"center center","background-size":"auto","background-attachment":"scroll","background-type":"","background-media":"","overlay-type":"","overlay-color":"","overlay-opacity":"","overlay-gradient":""}},"ast-content-background-meta":{"desktop":{"background-color":"var(--ast-global-color-5)","background-image":"","background-repeat":"repeat","background-position":"center center","background-size":"auto","background-attachment":"scroll","background-type":"","background-media":"","overlay-type":"","overlay-color":"","overlay-opacity":"","overlay-gradient":""},"tablet":{"background-color":"var(--ast-global-color-5)","background-image":"","background-repeat":"repeat","background-position":"center center","background-size":"auto","background-attachment":"scroll","background-type":"","background-media":"","overlay-type":"","overlay-color":"","overlay-opacity":"","overlay-gradient":""},"mobile":{"background-color":"var(--ast-global-color-5)","background-image":"","background-repeat":"repeat","background-position":"center center","background-size":"auto","background-attachment":"scroll","background-type":"","background-media":"","overlay-type":"","overlay-color":"","overlay-opacity":"","overlay-gradient":""}}},"product_brand":[],"product_cat":[74],"product_tag":[],"class_list":{"0":"post-8310","1":"product","2":"type-product","3":"status-publish","4":"has-post-thumbnail","6":"product_cat-boat-anchor","7":"desktop-align-left","8":"tablet-align-left","9":"mobile-align-left","10":"ast-product-gallery-layout-horizontal-slider","11":"ast-product-tabs-layout-horizontal","13":"first","14":"instock","15":"shipping-taxable","16":"purchasable","17":"product-type-simple"},"yoast_head":"<!-- This site is optimized with the Yoast SEO plugin v25.2 - https:\/\/yoast.com\/wordpress\/plugins\/seo\/ -->\n<title>Spek Anchor Stockless Anchor<\/title>\n<meta name=\"robots\" content=\"index, follow, max-snippet:-1, max-image-preview:large, max-video-preview:-1\" \/>\n<link rel=\"canonical\" href=\"https:\/\/qingdaohf.com\/da\/vare\/spek-anker-stockless-anker\/\" \/>\n<meta property=\"og:locale\" content=\"da_DK\" \/>\n<meta property=\"og:type\" content=\"article\" \/>\n<meta property=\"og:title\" content=\"Spek Anchor Stockless Anchor\" \/>\n<meta property=\"og:description\" content=\"The Spek Anchor, a staple in marine applications, is highly valued by buyers seeking a balance of reliability and efficient performance in diverse ocean conditions. Known for its robust holding power and stability, the Spek Anchor is particularly well-suited for vessels in moderate to rough seas. At Qingdao H&amp;F, we go a step further by providing one-on-one customer service to ensure each client receives guidance tailored to their specific requirements. Our fast delivery cycle reduces downtime, while our range of quality inspection reports offers buyers added confidence in product reliability and durability. For marine industry professionals, our focus on exceptional service and streamlined processes ensures a seamless purchasing experience.\" \/>\n<meta property=\"og:url\" content=\"https:\/\/qingdaohf.com\/da\/vare\/spek-anker-stockless-anker\/\" \/>\n<meta property=\"og:site_name\" content=\"Concrete Form &amp; Rigging Hardware Supplier\" \/>\n<meta property=\"article:publisher\" content=\"https:\/\/www.facebook.com\/qingdaohf\" \/>\n<meta property=\"article:modified_time\" content=\"2025-11-13T01:02:52+00:00\" \/>\n<meta property=\"og:image\" content=\"https:\/\/qingdaohf.com\/wp-content\/uploads\/2024\/11\/spek-anchor.jpg\" \/>\n\t<meta property=\"og:image:width\" content=\"1000\" \/>\n\t<meta property=\"og:image:height\" content=\"1000\" \/>\n\t<meta property=\"og:image:type\" content=\"image\/jpeg\" \/>\n<meta name=\"twitter:card\" content=\"summary_large_image\" \/>\n<meta name=\"twitter:label1\" content=\"Estimeret l\u00e6setid\" \/>\n\t<meta name=\"twitter:data1\" content=\"5 minutter\" \/>\n<script type=\"application\/ld+json\" class=\"yoast-schema-graph\">{\"@context\":\"https:\/\/schema.org\",\"@graph\":[{\"@type\":\"WebPage\",\"@id\":\"https:\/\/qingdaohf.com\/product\/spek-anchor-stockless-anchor\/\",\"url\":\"https:\/\/qingdaohf.com\/product\/spek-anchor-stockless-anchor\/\",\"name\":\"Spek Anchor Stockless Anchor\",\"isPartOf\":{\"@id\":\"https:\/\/qingdaohf.com\/bg\/#website\"},\"primaryImageOfPage\":{\"@id\":\"https:\/\/qingdaohf.com\/product\/spek-anchor-stockless-anchor\/#primaryimage\"},\"image\":{\"@id\":\"https:\/\/qingdaohf.com\/product\/spek-anchor-stockless-anchor\/#primaryimage\"},\"thumbnailUrl\":\"https:\/\/qingdaohf.com\/wp-content\/uploads\/2024\/11\/spek-anchor.jpg\",\"datePublished\":\"2024-11-07T06:33:56+00:00\",\"dateModified\":\"2025-11-13T01:02:52+00:00\",\"breadcrumb\":{\"@id\":\"https:\/\/qingdaohf.com\/product\/spek-anchor-stockless-anchor\/#breadcrumb\"},\"inLanguage\":\"da-DK\",\"potentialAction\":[{\"@type\":\"ReadAction\",\"target\":[\"https:\/\/qingdaohf.com\/product\/spek-anchor-stockless-anchor\/\"]}]},{\"@type\":\"ImageObject\",\"inLanguage\":\"da-DK\",\"@id\":\"https:\/\/qingdaohf.com\/product\/spek-anchor-stockless-anchor\/#primaryimage\",\"url\":\"https:\/\/qingdaohf.com\/wp-content\/uploads\/2024\/11\/spek-anchor.jpg\",\"contentUrl\":\"https:\/\/qingdaohf.com\/wp-content\/uploads\/2024\/11\/spek-anchor.jpg\",\"width\":1000,\"height\":1000,\"caption\":\"spek anchor\"},{\"@type\":\"BreadcrumbList\",\"@id\":\"https:\/\/qingdaohf.com\/product\/spek-anchor-stockless-anchor\/#breadcrumb\",\"itemListElement\":[{\"@type\":\"ListItem\",\"position\":1,\"name\":\"Home\",\"item\":\"https:\/\/qingdaohf.com\/\"},{\"@type\":\"ListItem\",\"position\":2,\"name\":\"Concrete Forming Accessories and Rigging Hardware\",\"item\":\"https:\/\/qingdaohf.com\/bg\/?page_id=944\"},{\"@type\":\"ListItem\",\"position\":3,\"name\":\"Spek Anchor Stockless Anchor\"}]},{\"@type\":\"WebSite\",\"@id\":\"https:\/\/qingdaohf.com\/bg\/#website\",\"url\":\"https:\/\/qingdaohf.com\/bg\/\",\"name\":\"Concrete Form & Rigging Hardware Supplier\",\"description\":\"\",\"publisher\":{\"@id\":\"https:\/\/qingdaohf.com\/bg\/#organization\"},\"potentialAction\":[{\"@type\":\"SearchAction\",\"target\":{\"@type\":\"EntryPoint\",\"urlTemplate\":\"https:\/\/qingdaohf.com\/bg\/?s={search_term_string}\"},\"query-input\":{\"@type\":\"PropertyValueSpecification\",\"valueRequired\":true,\"valueName\":\"search_term_string\"}}],\"inLanguage\":\"da-DK\"},{\"@type\":\"Organization\",\"@id\":\"https:\/\/qingdaohf.com\/bg\/#organization\",\"name\":\"Qingdao H&F\",\"url\":\"https:\/\/qingdaohf.com\/bg\/\",\"logo\":{\"@type\":\"ImageObject\",\"inLanguage\":\"da-DK\",\"@id\":\"https:\/\/qingdaohf.com\/bg\/#\/schema\/logo\/image\/\",\"url\":\"https:\/\/qingdaohf.com\/wp-content\/uploads\/2022\/12\/cropped-HF-LOGO.png\",\"contentUrl\":\"https:\/\/qingdaohf.com\/wp-content\/uploads\/2022\/12\/cropped-HF-LOGO.png\",\"width\":391,\"height\":249,\"caption\":\"Qingdao H&F\"},\"image\":{\"@id\":\"https:\/\/qingdaohf.com\/bg\/#\/schema\/logo\/image\/\"},\"sameAs\":[\"https:\/\/www.facebook.com\/qingdaohf\"]}]}<\/script>\n<!-- \/ Yoast SEO plugin. -->","yoast_head_json":{"title":"Spek Anchor Stockless Anchor","robots":{"index":"index","follow":"follow","max-snippet":"max-snippet:-1","max-image-preview":"max-image-preview:large","max-video-preview":"max-video-preview:-1"},"canonical":"https:\/\/qingdaohf.com\/da\/vare\/spek-anker-stockless-anker\/","og_locale":"da_DK","og_type":"article","og_title":"Spek Anchor Stockless Anchor","og_description":"The Spek Anchor, a staple in marine applications, is highly valued by buyers seeking a balance of reliability and efficient performance in diverse ocean conditions. Known for its robust holding power and stability, the Spek Anchor is particularly well-suited for vessels in moderate to rough seas. At Qingdao H&amp;F, we go a step further by providing one-on-one customer service to ensure each client receives guidance tailored to their specific requirements. Our fast delivery cycle reduces downtime, while our range of quality inspection reports offers buyers added confidence in product reliability and durability. For marine industry professionals, our focus on exceptional service and streamlined processes ensures a seamless purchasing experience.","og_url":"https:\/\/qingdaohf.com\/da\/vare\/spek-anker-stockless-anker\/","og_site_name":"Concrete Form &amp; Rigging Hardware Supplier","article_publisher":"https:\/\/www.facebook.com\/qingdaohf","article_modified_time":"2025-11-13T01:02:52+00:00","og_image":[{"width":1000,"height":1000,"url":"https:\/\/qingdaohf.com\/wp-content\/uploads\/2024\/11\/spek-anchor.jpg","type":"image\/jpeg"}],"twitter_card":"summary_large_image","twitter_misc":{"Estimeret l\u00e6setid":"5 minutter"},"schema":{"@context":"https:\/\/schema.org","@graph":[{"@type":"WebPage","@id":"https:\/\/qingdaohf.com\/product\/spek-anchor-stockless-anchor\/","url":"https:\/\/qingdaohf.com\/product\/spek-anchor-stockless-anchor\/","name":"Spek Anchor Stockless Anchor","isPartOf":{"@id":"https:\/\/qingdaohf.com\/bg\/#website"},"primaryImageOfPage":{"@id":"https:\/\/qingdaohf.com\/product\/spek-anchor-stockless-anchor\/#primaryimage"},"image":{"@id":"https:\/\/qingdaohf.com\/product\/spek-anchor-stockless-anchor\/#primaryimage"},"thumbnailUrl":"https:\/\/qingdaohf.com\/wp-content\/uploads\/2024\/11\/spek-anchor.jpg","datePublished":"2024-11-07T06:33:56+00:00","dateModified":"2025-11-13T01:02:52+00:00","breadcrumb":{"@id":"https:\/\/qingdaohf.com\/product\/spek-anchor-stockless-anchor\/#breadcrumb"},"inLanguage":"da-DK","potentialAction":[{"@type":"ReadAction","target":["https:\/\/qingdaohf.com\/product\/spek-anchor-stockless-anchor\/"]}]},{"@type":"ImageObject","inLanguage":"da-DK","@id":"https:\/\/qingdaohf.com\/product\/spek-anchor-stockless-anchor\/#primaryimage","url":"https:\/\/qingdaohf.com\/wp-content\/uploads\/2024\/11\/spek-anchor.jpg","contentUrl":"https:\/\/qingdaohf.com\/wp-content\/uploads\/2024\/11\/spek-anchor.jpg","width":1000,"height":1000,"caption":"spek anchor"},{"@type":"BreadcrumbList","@id":"https:\/\/qingdaohf.com\/product\/spek-anchor-stockless-anchor\/#breadcrumb","itemListElement":[{"@type":"ListItem","position":1,"name":"Home","item":"https:\/\/qingdaohf.com\/"},{"@type":"ListItem","position":2,"name":"Concrete Forming Accessories and Rigging Hardware","item":"https:\/\/qingdaohf.com\/bg\/?page_id=944"},{"@type":"ListItem","position":3,"name":"Spek Anchor Stockless Anchor"}]},{"@type":"WebSite","@id":"https:\/\/qingdaohf.com\/bg\/#website","url":"https:\/\/qingdaohf.com\/bg\/","name":"Concrete Form & Rigging Hardware Supplier","description":"","publisher":{"@id":"https:\/\/qingdaohf.com\/bg\/#organization"},"potentialAction":[{"@type":"SearchAction","target":{"@type":"EntryPoint","urlTemplate":"https:\/\/qingdaohf.com\/bg\/?s={search_term_string}"},"query-input":{"@type":"PropertyValueSpecification","valueRequired":true,"valueName":"search_term_string"}}],"inLanguage":"da-DK"},{"@type":"Organization","@id":"https:\/\/qingdaohf.com\/bg\/#organization","name":"Qingdao H&F","url":"https:\/\/qingdaohf.com\/bg\/","logo":{"@type":"ImageObject","inLanguage":"da-DK","@id":"https:\/\/qingdaohf.com\/bg\/#\/schema\/logo\/image\/","url":"https:\/\/qingdaohf.com\/wp-content\/uploads\/2022\/12\/cropped-HF-LOGO.png","contentUrl":"https:\/\/qingdaohf.com\/wp-content\/uploads\/2022\/12\/cropped-HF-LOGO.png","width":391,"height":249,"caption":"Qingdao H&F"},"image":{"@id":"https:\/\/qingdaohf.com\/bg\/#\/schema\/logo\/image\/"},"sameAs":["https:\/\/www.facebook.com\/qingdaohf"]}]}},"_links":{"self":[{"href":"https:\/\/qingdaohf.com\/da\/wp-json\/wp\/v2\/product\/8310","targetHints":{"allow":["GET"]}}],"collection":[{"href":"https:\/\/qingdaohf.com\/da\/wp-json\/wp\/v2\/product"}],"about":[{"href":"https:\/\/qingdaohf.com\/da\/wp-json\/wp\/v2\/types\/product"}],"replies":[{"embeddable":true,"href":"https:\/\/qingdaohf.com\/da\/wp-json\/wp\/v2\/comments?post=8310"}],"version-history":[{"count":1,"href":"https:\/\/qingdaohf.com\/da\/wp-json\/wp\/v2\/product\/8310\/revisions"}],"predecessor-version":[{"id":8319,"href":"https:\/\/qingdaohf.com\/da\/wp-json\/wp\/v2\/product\/8310\/revisions\/8319"}],"wp:featuredmedia":[{"embeddable":true,"href":"https:\/\/qingdaohf.com\/da\/wp-json\/wp\/v2\/media\/8311"}],"wp:attachment":[{"href":"https:\/\/qingdaohf.com\/da\/wp-json\/wp\/v2\/media?parent=8310"}],"wp:term":[{"taxonomy":"product_brand","embeddable":true,"href":"https:\/\/qingdaohf.com\/da\/wp-json\/wp\/v2\/product_brand?post=8310"},{"taxonomy":"product_cat","embeddable":true,"href":"https:\/\/qingdaohf.com\/da\/wp-json\/wp\/v2\/product_cat?post=8310"},{"taxonomy":"product_tag","embeddable":true,"href":"https:\/\/qingdaohf.com\/da\/wp-json\/wp\/v2\/product_tag?post=8310"}],"curies":[{"name":"wp","href":"https:\/\/api.w.org\/{rel}","templated":true}]}}