{"id":8601,"date":"2024-12-27T17:18:28","date_gmt":"2024-12-27T09:18:28","guid":{"rendered":"http:\/\/qingdaohf.com\/?post_type=product&#038;p=8601"},"modified":"2025-11-13T09:02:22","modified_gmt":"2025-11-13T01:02:22","slug":"formwork-water-stop","status":"publish","type":"product","link":"https:\/\/qingdaohf.com\/da\/vare\/forskallingsvandstop\/","title":{"rendered":"Vandstop til forskalling"},"content":{"rendered":"<p class=\"whitespace-pre-wrap break-words\">Forskallingsvandstopprodukter er afg\u00f8rende for vandt\u00e6tning og opretholdelse af strukturel integritet i betonkonstruktioner. Disse komponenter arbejder sammen med forskallingstilbeh\u00f8r som tr\u00e6kst\u00e6nger og vingem\u00f8trikker for at forhindre udsivning af vand og beskytte betonkonstruktioner. Lad os unders\u00f8ge, hvordan disse elementer arbejder sammen, og hvorfor de er vigtige for dine byggeprojekter.<\/p>\n<h2 class=\"font-600 text-xl font-bold\">Forst\u00e5else af forskallingens vandstop<\/h2>\n<p class=\"whitespace-pre-wrap break-words\">N\u00e5r man bygger med beton, vil man uundg\u00e5eligt komme ud for fuger mellem forskellige sektioner - de opst\u00e5r p\u00e5 grund af praktiske n\u00f8dvendigheder som byggepauser eller brug af separate formsektioner. Da beton er naturligt por\u00f8st, kan disse samlinger blive svage punkter, hvor vand kan tr\u00e6nge ind. Det er her, vandstopperne kommer ind i billedet.<\/p>\n<p class=\"whitespace-pre-wrap break-words\">Vandstoppere er lavet af materialer, der kan b\u00f8je og bev\u00e6ge sig med betonen - typisk PVC, gummi eller s\u00e6rlige hydrofile forbindelser. N\u00f8glen er at v\u00e6lge noget, der bevarer sin effektivitet, n\u00e5r betonen s\u00e6tter sig og reagerer p\u00e5 milj\u00f8\u00e6ndringer. Du skal installere dem, f\u00f8r du st\u00f8ber betonen, s\u00e5 du skaber en fysisk barriere mod vandinfiltration. Det er is\u00e6r vigtigt for konstruktioner som k\u00e6ldre, tunneler og d\u00e6mninger, hvor vandtryk er et konstant problem.<\/p>\n<h2 class=\"font-600 text-xl font-bold\">Ankerst\u00e6ngernes rolle i forskallingsopgaver<\/h2>\n<p><img fetchpriority=\"high\" decoding=\"async\" class=\"alignnone wp-image-8579 size-full\" src=\"http:\/\/qingdaohf.com\/wp-content\/uploads\/2024\/12\/tie-rod-92.webp\" alt=\"tr\u00e6kstangssystem\" width=\"1000\" height=\"1000\" srcset=\"https:\/\/qingdaohf.com\/wp-content\/uploads\/2024\/12\/tie-rod-92.webp 1000w, https:\/\/qingdaohf.com\/wp-content\/uploads\/2024\/12\/tie-rod-92-300x300.webp 300w, https:\/\/qingdaohf.com\/wp-content\/uploads\/2024\/12\/tie-rod-92-150x150.webp 150w, https:\/\/qingdaohf.com\/wp-content\/uploads\/2024\/12\/tie-rod-92-768x768.webp 768w, https:\/\/qingdaohf.com\/wp-content\/uploads\/2024\/12\/tie-rod-92-12x12.webp 12w, https:\/\/qingdaohf.com\/wp-content\/uploads\/2024\/12\/tie-rod-92-500x500.webp 500w, https:\/\/qingdaohf.com\/wp-content\/uploads\/2024\/12\/tie-rod-92-100x100.webp 100w\" sizes=\"(max-width: 1000px) 100vw, 1000px\" \/><\/p>\n<p class=\"whitespace-pre-wrap break-words\">Bindest\u00e6nger (eller forskallingsb\u00e5nd) er betonbyggeriets ubesungne helte. Disse st\u00e5lkomponenter holder forskallingspanelerne stabile, mens betonen st\u00f8bes og h\u00e6rder. Ved at tr\u00e6kke dem gennem panelerne og fastg\u00f8re dem med vingem\u00f8trikker i hver ende giver de den n\u00f8dvendige sp\u00e6nding til at holde alting stabilt under det enorme tryk fra v\u00e5d beton.<\/p>\n<p class=\"whitespace-pre-wrap break-words\">Forholdet mellem vandstoppere og tr\u00e6kst\u00e6nger er afg\u00f8rende - de skal arbejde problemfrit sammen. Mens tr\u00e6kst\u00e6nger fastholder forskallingens position, sikrer vandstoppene fugernes t\u00e6thed. Den rigtige kombination forhindrer vandinfiltration og dyre fremtidige reparationer. N\u00e5r betonen har sat sig, fjerner arbejderne tr\u00e6kst\u00e6ngerne og vingem\u00f8trikkerne og efterlader korrekt vandt\u00e6tte samlinger.<\/p>\n<h2 class=\"font-600 text-xl font-bold\">Betydningen af vingem\u00f8trikker i forskallingskonstruktion<\/h2>\n<p class=\"whitespace-pre-wrap break-words\">Vingem\u00f8trikker virker m\u00e5ske simple, men de er afg\u00f8rende for at finjustere installationen af forskallingen. Deres design g\u00f8r det muligt for arbejderne at justere sp\u00e6ndingen i tr\u00e6kstangen manuelt, hvilket g\u00f8r det nemt at opretholde en korrekt justering af panelerne under st\u00f8bning af beton. Denne pr\u00e6cise kontrol hj\u00e6lper med at forhindre panelbev\u00e6gelser, der kan kompromittere den endelige struktur.<\/p>\n<p class=\"whitespace-pre-wrap break-words\">Disse komponenter spiller ogs\u00e5 en vigtig rolle for vandstoppets effektivitet. N\u00e5r tr\u00e6kst\u00e6nger er korrekt sp\u00e6ndt med vingem\u00f8trikker, holder de forskallingspaneler og vandstoppere pr\u00e6cis, hvor de skal v\u00e6re. Uden korrekt justering af vingem\u00f8trikkerne kan bev\u00e6gelser under st\u00f8bningen skabe huller, som tillader vand at tr\u00e6nge ind.<\/p>\n<h2 class=\"font-600 text-xl font-bold\">Fordele ved forskallingsvandstop til vandt\u00e6tning af beton<\/h2>\n<p class=\"whitespace-pre-wrap break-words\">For konstruktioner, der konstant uds\u00e6ttes for fugt - som fundamenter og underjordiske tunneler - er korrekt vandt\u00e6tning ikke til forhandling. Vandstoppere giver flere vigtige fordele:<\/p>\n<p class=\"whitespace-pre-wrap break-words\">Strukturel beskyttelse: Ved at forhindre vand i at tr\u00e6nge ind i samlingerne hj\u00e6lper vandstoppere med at undg\u00e5 almindelige problemer som armeringskorrosion og nedbrydning af beton, der kan true den strukturelle integritet.<\/p>\n<p class=\"whitespace-pre-wrap break-words\">Omkostningsfordele: Selv om den indledende investering i kvalitetsvandstoppere kan virke betydelig, er det langt billigere end at skulle reparere vandskader senere. Den rigtige vandt\u00e6tning under byggeriet eliminerer behovet for dyre reparationer senere.<\/p>\n<p class=\"whitespace-pre-wrap break-words\">Forbedret levetid: Konstruktioner med korrekt installation af vandstop holder typisk l\u00e6ngere, is\u00e6r i udfordrende milj\u00f8er med h\u00f8jt vandtryk eller \u00e6tsende forhold.<\/p>\n<p class=\"whitespace-pre-wrap break-words\">Overholdelse af lovgivningen: Mange byggeforskrifter kr\u00e6ver brug af vandstop, is\u00e6r til kritisk infrastruktur. Brug af dem hj\u00e6lper med at sikre, at dit projekt opfylder alle n\u00f8dvendige sikkerheds- og p\u00e5lidelighedsstandarder.<\/p>\n<p class=\"whitespace-pre-wrap break-words\">Milj\u00f8m\u00e6ssig ansvarlighed: Effektiv vandt\u00e6tning beskytter ikke kun strukturen, men ogs\u00e5 det omgivende milj\u00f8 mod potentiel forurening gennem l\u00e6kager.<\/p>\n<h2 class=\"font-600 text-xl font-bold\">Hvorfor v\u00e6lge os til dit behov for forskallingsvandstop?<\/h2>\n<p class=\"whitespace-pre-wrap break-words\">Vores virksomhed har specialiseret sig i at levere forskallingsl\u00f8sninger af h\u00f8j kvalitet til professionelle bygherrer. Vi forst\u00e5r, at hvert projekt har unikke udfordringer, og derfor tilbyder vi personlig support for at hj\u00e6lpe dig med at v\u00e6lge de rigtige produkter.<\/p>\n<p class=\"whitespace-pre-wrap break-words\">Vi er stolte af hurtige leveringstider og omfattende dokumentation for kvalitetskontrol. Uanset om du er leder af et stort infrastrukturprojekt eller en mindre udvikling, giver vores team dig den ekspertise og st\u00f8tte, du har brug for under hele projektet.<\/p>\n<h2 class=\"font-600 text-xl font-bold\">Konklusion<\/h2>\n<p class=\"whitespace-pre-wrap break-words\">Betonbyggeriets succes afh\u00e6nger ofte af, at man har styr p\u00e5 detaljerne - is\u00e6r n\u00e5r det g\u00e6lder vandt\u00e6tning. Effektiv brug af vandstoppere sammen med korrekt installerede tr\u00e6kst\u00e6nger og vingem\u00f8trikker er med til at sikre, at dine konstruktioner forbliver vandt\u00e6tte og holdbare. Ved at samarbejde med en p\u00e5lidelig leverand\u00f8r som os f\u00e5r du de kvalitetsprodukter og den support, der er n\u00f8dvendig for at gennemf\u00f8re dine projekter med succes.<\/p>","protected":false},"excerpt":{"rendered":"<p>Forskallingsvandstopprodukter er afg\u00f8rende for at skabe vandt\u00e6tte barrierer i betonkonstruktioner og forhindre vandl\u00e6kage gennem samlinger i betonkonstruktioner. Disse produkter er designet til at blive brugt sammen med andet forskallingstilbeh\u00f8r som tr\u00e6kst\u00e6nger og vingem\u00f8trikker for at sikre en problemfri og holdbar byggeproces. Som handelsvirksomhed tilbyder vi personlig kundeservice, hurtige leveringscyklusser og leverer forskellige kvalitetsinspektionsrapporter for at sikre den h\u00f8jeste standard for vores kunder. Uanset om du har brug for r\u00e5dgivning om produktspecifikationer eller rettidig levering, er vi forpligtet til at opfylde dine behov med effektivitet og p\u00e5lidelighed.<\/p>","protected":false},"featured_media":8599,"comment_status":"open","ping_status":"closed","template":"","meta":{"site-sidebar-layout":"default","site-content-layout":"","ast-site-content-layout":"default","site-content-style":"default","site-sidebar-style":"default","ast-global-header-display":"","ast-banner-title-visibility":"","ast-main-header-display":"","ast-hfb-above-header-display":"","ast-hfb-below-header-display":"","ast-hfb-mobile-header-display":"","site-post-title":"","ast-breadcrumbs-content":"","ast-featured-img":"","footer-sml-layout":"","theme-transparent-header-meta":"default","adv-header-id-meta":"","stick-header-meta":"default","header-above-stick-meta":"","header-main-stick-meta":"","header-below-stick-meta":"","astra-migrate-meta-layouts":"set","ast-page-background-enabled":"default","ast-page-background-meta":{"desktop":{"background-color":"","background-image":"","background-repeat":"repeat","background-position":"center center","background-size":"auto","background-attachment":"scroll","background-type":"","background-media":"","overlay-type":"","overlay-color":"","overlay-opacity":"","overlay-gradient":""},"tablet":{"background-color":"","background-image":"","background-repeat":"repeat","background-position":"center center","background-size":"auto","background-attachment":"scroll","background-type":"","background-media":"","overlay-type":"","overlay-color":"","overlay-opacity":"","overlay-gradient":""},"mobile":{"background-color":"","background-image":"","background-repeat":"repeat","background-position":"center center","background-size":"auto","background-attachment":"scroll","background-type":"","background-media":"","overlay-type":"","overlay-color":"","overlay-opacity":"","overlay-gradient":""}},"ast-content-background-meta":{"desktop":{"background-color":"var(--ast-global-color-5)","background-image":"","background-repeat":"repeat","background-position":"center center","background-size":"auto","background-attachment":"scroll","background-type":"","background-media":"","overlay-type":"","overlay-color":"","overlay-opacity":"","overlay-gradient":""},"tablet":{"background-color":"var(--ast-global-color-5)","background-image":"","background-repeat":"repeat","background-position":"center center","background-size":"auto","background-attachment":"scroll","background-type":"","background-media":"","overlay-type":"","overlay-color":"","overlay-opacity":"","overlay-gradient":""},"mobile":{"background-color":"var(--ast-global-color-5)","background-image":"","background-repeat":"repeat","background-position":"center center","background-size":"auto","background-attachment":"scroll","background-type":"","background-media":"","overlay-type":"","overlay-color":"","overlay-opacity":"","overlay-gradient":""}}},"product_brand":[],"product_cat":[79],"product_tag":[],"class_list":{"0":"post-8601","1":"product","2":"type-product","3":"status-publish","4":"has-post-thumbnail","6":"product_cat-tie-rod-system","7":"desktop-align-left","8":"tablet-align-left","9":"mobile-align-left","10":"ast-product-gallery-layout-horizontal-slider","11":"ast-product-tabs-layout-horizontal","13":"first","14":"instock","15":"shipping-taxable","16":"purchasable","17":"product-type-simple"},"yoast_head":"<!-- This site is optimized with the Yoast SEO plugin v25.2 - https:\/\/yoast.com\/wordpress\/plugins\/seo\/ -->\n<title>Formwork Water Stop<\/title>\n<meta name=\"description\" content=\"Formwork water stop products are essential for creating waterproof barriers in concrete construction, preventing water leakage through joints in concrete structures.\" \/>\n<meta name=\"robots\" content=\"index, follow, max-snippet:-1, max-image-preview:large, max-video-preview:-1\" \/>\n<link rel=\"canonical\" href=\"https:\/\/qingdaohf.com\/da\/vare\/forskallingsvandstop\/\" \/>\n<meta property=\"og:locale\" content=\"da_DK\" \/>\n<meta property=\"og:type\" content=\"article\" \/>\n<meta property=\"og:title\" content=\"Formwork Water Stop\" \/>\n<meta property=\"og:description\" content=\"Formwork water stop products are essential for creating waterproof barriers in concrete construction, preventing water leakage through joints in concrete structures.\" \/>\n<meta property=\"og:url\" content=\"https:\/\/qingdaohf.com\/da\/vare\/forskallingsvandstop\/\" \/>\n<meta property=\"og:site_name\" content=\"Concrete Form &amp; Rigging Hardware Supplier\" \/>\n<meta property=\"article:publisher\" content=\"https:\/\/www.facebook.com\/qingdaohf\" \/>\n<meta property=\"article:modified_time\" content=\"2025-11-13T01:02:22+00:00\" \/>\n<meta property=\"og:image\" content=\"https:\/\/qingdaohf.com\/wp-content\/uploads\/2024\/12\/tie-rod-water-stop-9.jpg\" \/>\n\t<meta property=\"og:image:width\" content=\"1000\" \/>\n\t<meta property=\"og:image:height\" content=\"1000\" \/>\n\t<meta property=\"og:image:type\" content=\"image\/jpeg\" \/>\n<meta name=\"twitter:card\" content=\"summary_large_image\" \/>\n<meta name=\"twitter:label1\" content=\"Estimeret l\u00e6setid\" \/>\n\t<meta name=\"twitter:data1\" content=\"4 minutter\" \/>\n<script type=\"application\/ld+json\" class=\"yoast-schema-graph\">{\"@context\":\"https:\/\/schema.org\",\"@graph\":[{\"@type\":\"WebPage\",\"@id\":\"https:\/\/qingdaohf.com\/product\/formwork-water-stop\/\",\"url\":\"https:\/\/qingdaohf.com\/product\/formwork-water-stop\/\",\"name\":\"Formwork Water Stop\",\"isPartOf\":{\"@id\":\"https:\/\/qingdaohf.com\/bg\/#website\"},\"primaryImageOfPage\":{\"@id\":\"https:\/\/qingdaohf.com\/product\/formwork-water-stop\/#primaryimage\"},\"image\":{\"@id\":\"https:\/\/qingdaohf.com\/product\/formwork-water-stop\/#primaryimage\"},\"thumbnailUrl\":\"https:\/\/qingdaohf.com\/wp-content\/uploads\/2024\/12\/tie-rod-water-stop-9.jpg\",\"datePublished\":\"2024-12-27T09:18:28+00:00\",\"dateModified\":\"2025-11-13T01:02:22+00:00\",\"description\":\"Formwork water stop products are essential for creating waterproof barriers in concrete construction, preventing water leakage through joints in concrete structures.\",\"breadcrumb\":{\"@id\":\"https:\/\/qingdaohf.com\/product\/formwork-water-stop\/#breadcrumb\"},\"inLanguage\":\"da-DK\",\"potentialAction\":[{\"@type\":\"ReadAction\",\"target\":[\"https:\/\/qingdaohf.com\/product\/formwork-water-stop\/\"]}]},{\"@type\":\"ImageObject\",\"inLanguage\":\"da-DK\",\"@id\":\"https:\/\/qingdaohf.com\/product\/formwork-water-stop\/#primaryimage\",\"url\":\"https:\/\/qingdaohf.com\/wp-content\/uploads\/2024\/12\/tie-rod-water-stop-9.jpg\",\"contentUrl\":\"https:\/\/qingdaohf.com\/wp-content\/uploads\/2024\/12\/tie-rod-water-stop-9.jpg\",\"width\":1000,\"height\":1000},{\"@type\":\"BreadcrumbList\",\"@id\":\"https:\/\/qingdaohf.com\/product\/formwork-water-stop\/#breadcrumb\",\"itemListElement\":[{\"@type\":\"ListItem\",\"position\":1,\"name\":\"Home\",\"item\":\"https:\/\/qingdaohf.com\/\"},{\"@type\":\"ListItem\",\"position\":2,\"name\":\"Concrete Forming Accessories and Rigging Hardware\",\"item\":\"https:\/\/qingdaohf.com\/bg\/?page_id=944\"},{\"@type\":\"ListItem\",\"position\":3,\"name\":\"Formwork Water Stop\"}]},{\"@type\":\"WebSite\",\"@id\":\"https:\/\/qingdaohf.com\/bg\/#website\",\"url\":\"https:\/\/qingdaohf.com\/bg\/\",\"name\":\"Concrete Form & Rigging Hardware Supplier\",\"description\":\"\",\"publisher\":{\"@id\":\"https:\/\/qingdaohf.com\/bg\/#organization\"},\"potentialAction\":[{\"@type\":\"SearchAction\",\"target\":{\"@type\":\"EntryPoint\",\"urlTemplate\":\"https:\/\/qingdaohf.com\/bg\/?s={search_term_string}\"},\"query-input\":{\"@type\":\"PropertyValueSpecification\",\"valueRequired\":true,\"valueName\":\"search_term_string\"}}],\"inLanguage\":\"da-DK\"},{\"@type\":\"Organization\",\"@id\":\"https:\/\/qingdaohf.com\/bg\/#organization\",\"name\":\"Qingdao H&F\",\"url\":\"https:\/\/qingdaohf.com\/bg\/\",\"logo\":{\"@type\":\"ImageObject\",\"inLanguage\":\"da-DK\",\"@id\":\"https:\/\/qingdaohf.com\/bg\/#\/schema\/logo\/image\/\",\"url\":\"https:\/\/qingdaohf.com\/wp-content\/uploads\/2022\/12\/cropped-HF-LOGO.png\",\"contentUrl\":\"https:\/\/qingdaohf.com\/wp-content\/uploads\/2022\/12\/cropped-HF-LOGO.png\",\"width\":391,\"height\":249,\"caption\":\"Qingdao H&F\"},\"image\":{\"@id\":\"https:\/\/qingdaohf.com\/bg\/#\/schema\/logo\/image\/\"},\"sameAs\":[\"https:\/\/www.facebook.com\/qingdaohf\"]}]}<\/script>\n<!-- \/ Yoast SEO plugin. -->","yoast_head_json":{"title":"Formwork Water Stop","description":"Formwork water stop products are essential for creating waterproof barriers in concrete construction, preventing water leakage through joints in concrete structures.","robots":{"index":"index","follow":"follow","max-snippet":"max-snippet:-1","max-image-preview":"max-image-preview:large","max-video-preview":"max-video-preview:-1"},"canonical":"https:\/\/qingdaohf.com\/da\/vare\/forskallingsvandstop\/","og_locale":"da_DK","og_type":"article","og_title":"Formwork Water Stop","og_description":"Formwork water stop products are essential for creating waterproof barriers in concrete construction, preventing water leakage through joints in concrete structures.","og_url":"https:\/\/qingdaohf.com\/da\/vare\/forskallingsvandstop\/","og_site_name":"Concrete Form &amp; Rigging Hardware Supplier","article_publisher":"https:\/\/www.facebook.com\/qingdaohf","article_modified_time":"2025-11-13T01:02:22+00:00","og_image":[{"width":1000,"height":1000,"url":"https:\/\/qingdaohf.com\/wp-content\/uploads\/2024\/12\/tie-rod-water-stop-9.jpg","type":"image\/jpeg"}],"twitter_card":"summary_large_image","twitter_misc":{"Estimeret l\u00e6setid":"4 minutter"},"schema":{"@context":"https:\/\/schema.org","@graph":[{"@type":"WebPage","@id":"https:\/\/qingdaohf.com\/product\/formwork-water-stop\/","url":"https:\/\/qingdaohf.com\/product\/formwork-water-stop\/","name":"Formwork Water Stop","isPartOf":{"@id":"https:\/\/qingdaohf.com\/bg\/#website"},"primaryImageOfPage":{"@id":"https:\/\/qingdaohf.com\/product\/formwork-water-stop\/#primaryimage"},"image":{"@id":"https:\/\/qingdaohf.com\/product\/formwork-water-stop\/#primaryimage"},"thumbnailUrl":"https:\/\/qingdaohf.com\/wp-content\/uploads\/2024\/12\/tie-rod-water-stop-9.jpg","datePublished":"2024-12-27T09:18:28+00:00","dateModified":"2025-11-13T01:02:22+00:00","description":"Formwork water stop products are essential for creating waterproof barriers in concrete construction, preventing water leakage through joints in concrete structures.","breadcrumb":{"@id":"https:\/\/qingdaohf.com\/product\/formwork-water-stop\/#breadcrumb"},"inLanguage":"da-DK","potentialAction":[{"@type":"ReadAction","target":["https:\/\/qingdaohf.com\/product\/formwork-water-stop\/"]}]},{"@type":"ImageObject","inLanguage":"da-DK","@id":"https:\/\/qingdaohf.com\/product\/formwork-water-stop\/#primaryimage","url":"https:\/\/qingdaohf.com\/wp-content\/uploads\/2024\/12\/tie-rod-water-stop-9.jpg","contentUrl":"https:\/\/qingdaohf.com\/wp-content\/uploads\/2024\/12\/tie-rod-water-stop-9.jpg","width":1000,"height":1000},{"@type":"BreadcrumbList","@id":"https:\/\/qingdaohf.com\/product\/formwork-water-stop\/#breadcrumb","itemListElement":[{"@type":"ListItem","position":1,"name":"Home","item":"https:\/\/qingdaohf.com\/"},{"@type":"ListItem","position":2,"name":"Concrete Forming Accessories and Rigging Hardware","item":"https:\/\/qingdaohf.com\/bg\/?page_id=944"},{"@type":"ListItem","position":3,"name":"Formwork Water Stop"}]},{"@type":"WebSite","@id":"https:\/\/qingdaohf.com\/bg\/#website","url":"https:\/\/qingdaohf.com\/bg\/","name":"Concrete Form & Rigging Hardware Supplier","description":"","publisher":{"@id":"https:\/\/qingdaohf.com\/bg\/#organization"},"potentialAction":[{"@type":"SearchAction","target":{"@type":"EntryPoint","urlTemplate":"https:\/\/qingdaohf.com\/bg\/?s={search_term_string}"},"query-input":{"@type":"PropertyValueSpecification","valueRequired":true,"valueName":"search_term_string"}}],"inLanguage":"da-DK"},{"@type":"Organization","@id":"https:\/\/qingdaohf.com\/bg\/#organization","name":"Qingdao H&F","url":"https:\/\/qingdaohf.com\/bg\/","logo":{"@type":"ImageObject","inLanguage":"da-DK","@id":"https:\/\/qingdaohf.com\/bg\/#\/schema\/logo\/image\/","url":"https:\/\/qingdaohf.com\/wp-content\/uploads\/2022\/12\/cropped-HF-LOGO.png","contentUrl":"https:\/\/qingdaohf.com\/wp-content\/uploads\/2022\/12\/cropped-HF-LOGO.png","width":391,"height":249,"caption":"Qingdao H&F"},"image":{"@id":"https:\/\/qingdaohf.com\/bg\/#\/schema\/logo\/image\/"},"sameAs":["https:\/\/www.facebook.com\/qingdaohf"]}]}},"_links":{"self":[{"href":"https:\/\/qingdaohf.com\/da\/wp-json\/wp\/v2\/product\/8601","targetHints":{"allow":["GET"]}}],"collection":[{"href":"https:\/\/qingdaohf.com\/da\/wp-json\/wp\/v2\/product"}],"about":[{"href":"https:\/\/qingdaohf.com\/da\/wp-json\/wp\/v2\/types\/product"}],"replies":[{"embeddable":true,"href":"https:\/\/qingdaohf.com\/da\/wp-json\/wp\/v2\/comments?post=8601"}],"version-history":[{"count":1,"href":"https:\/\/qingdaohf.com\/da\/wp-json\/wp\/v2\/product\/8601\/revisions"}],"predecessor-version":[{"id":8602,"href":"https:\/\/qingdaohf.com\/da\/wp-json\/wp\/v2\/product\/8601\/revisions\/8602"}],"wp:featuredmedia":[{"embeddable":true,"href":"https:\/\/qingdaohf.com\/da\/wp-json\/wp\/v2\/media\/8599"}],"wp:attachment":[{"href":"https:\/\/qingdaohf.com\/da\/wp-json\/wp\/v2\/media?parent=8601"}],"wp:term":[{"taxonomy":"product_brand","embeddable":true,"href":"https:\/\/qingdaohf.com\/da\/wp-json\/wp\/v2\/product_brand?post=8601"},{"taxonomy":"product_cat","embeddable":true,"href":"https:\/\/qingdaohf.com\/da\/wp-json\/wp\/v2\/product_cat?post=8601"},{"taxonomy":"product_tag","embeddable":true,"href":"https:\/\/qingdaohf.com\/da\/wp-json\/wp\/v2\/product_tag?post=8601"}],"curies":[{"name":"wp","href":"https:\/\/api.w.org\/{rel}","templated":true}]}}