{"id":8624,"date":"2025-01-02T15:50:36","date_gmt":"2025-01-02T07:50:36","guid":{"rendered":"http:\/\/qingdaohf.com\/?post_type=product&#038;p=8624"},"modified":"2025-11-13T09:02:21","modified_gmt":"2025-11-13T01:02:21","slug":"steel-tie-rod-cone","status":"publish","type":"product","link":"https:\/\/qingdaohf.com\/da\/vare\/konus-til-traekstang-i-stal\/","title":{"rendered":"Konus til tr\u00e6kstang i st\u00e5l"},"content":{"rendered":"<h2 class=\"whitespace-pre-wrap break-words\">Forst\u00e5else af tr\u00e6kstangskonus i st\u00e5l og dens rolle i byggeriet<\/h2>\n<p class=\"whitespace-pre-wrap break-words\">St\u00e5lsp\u00e6ndeb\u00e5ndskegler spiller en vigtig rolle i moderne byggeri, is\u00e6r ved montering af forskalling. Disse enkle, men afg\u00f8rende komponenter d\u00e6kker tr\u00e6kstangsenderne og skaber en vigtig gr\u00e6nseflade mellem forskalling og betonkonstruktioner. Ud over at v\u00e6re forbindelseselementer fungerer de som vandstop og sikrer pr\u00e6cis afstand, hvilket hj\u00e6lper byggeteams med at opretholde strenge standarder uden at g\u00e5 p\u00e5 kompromis med byggekvalitet eller hastighed.<\/p>\n<p class=\"whitespace-pre-wrap break-words\">N\u00e5r man st\u00f8ber beton, forhindrer tr\u00e6kstangskegler direkte kontakt mellem tr\u00e6kst\u00e6nger og v\u00e5d beton, hvilket beskytter forskallingens strukturelle soliditet. Deres design g\u00f8r det ogs\u00e5 meget lettere at fjerne forskallingen, n\u00e5r betonen er h\u00e6rdet - en afg\u00f8rende funktion for midlertidige systemer, der bruges i alt fra broer til skyskrabere og industribygninger.<\/p>\n<h2 class=\"font-600 text-xl font-bold\">Tie Rod-systemet: Et samarbejdende netv\u00e6rk<\/h2>\n<p class=\"whitespace-pre-wrap break-words\">Tr\u00e6kstangskegler fungerer ikke alene - de er en del af et integreret system, der omfatter vandstop, tr\u00e6kst\u00e6nger, superpladekombim\u00f8trikker og pladeskiver. Disse komponenter arbejder sammen som en velsmurt maskine for at klare det intense pres, der er p\u00e5 byggepladsen.<\/p>\n<p class=\"whitespace-pre-wrap break-words\">Kernen i det hele er tr\u00e6kstangen, som giver den tr\u00e6kstyrke, der er n\u00f8dvendig for at holde p\u00e5 v\u00e5d beton under st\u00f8bning og h\u00e6rdning. Vandstop skaber afg\u00f8rende forseglinger mod fugt - is\u00e6r vigtigt for underjordiske strukturer eller andet, der skal holde p\u00e5 vandet. St\u00e5lbinderkeglen forbedrer dette system ved at forbedre b\u00e5de, hvor l\u00e6nge konstruktionen holder, og hvor godt den fungerer.<\/p>\n<p class=\"whitespace-pre-wrap break-words\">Superpladens kombim\u00f8trik l\u00e5ser alt fast p\u00e5 plads, opretholder en ensartet sp\u00e6nding i hele systemet og forhindrer forskallingen i at forskubbe sig. I mellemtiden spreder tr\u00e6kstangspladen belastningen j\u00e6vnt ud over forskallingsoverfladen og eliminerer svage punkter, der kan f\u00f8re til problemer senere hen.<\/p>\n<h2 class=\"font-600 text-xl font-bold\">Fordele ved at bruge tr\u00e6kstangskegler i st\u00e5l i projekter<\/h2>\n<p class=\"whitespace-pre-wrap break-words\">St\u00e5lbinderkegler giver flere vigtige fordele p\u00e5 byggepladser. Deres pr\u00e6cise afstand sikrer, at v\u00e6gtykkelsen forbliver ensartet, og at de arkitektoniske specifikationer opfyldes n\u00f8jagtigt. De passer ogs\u00e5 perfekt sammen med andre komponenter i tr\u00e6kstangssystemet, hvilket str\u00f8mliner installationen og reducerer arbejdsomkostningerne.<\/p>\n<p class=\"whitespace-pre-wrap break-words\">Disse kegler er bygget til at holde, lavet af h\u00f8jkvalitetsst\u00e5l, der kan klare tunge belastninger og h\u00e5rdt vejr. Denne holdbarhed betyder, at byggeteams kan genbruge dem flere gange, hvilket sparer penge og reducerer spild i byggeprocessen.<\/p>\n<p class=\"whitespace-pre-wrap break-words\">Hos Qingdao H&amp;F gennemg\u00e5r hver kegle en streng test af styrke og dimensionsn\u00f8jagtighed. Vi leverer detaljerede kvalitetsinspektionsrapporter med hver forsendelse, hvilket giver vores kunder tillid til, at deres materialer vil opfylde alle sikkerheds- og lovkrav. Vores personlige kundeservice hj\u00e6lper k\u00f8berne med at finde de helt rigtige l\u00f8sninger til deres specifikke projekter.<\/p>\n<h2 class=\"font-600 text-xl font-bold\">Integration og performance: At f\u00e5 det hele til at g\u00e5 op i en h\u00f8jere enhed<\/h2>\n<p class=\"whitespace-pre-wrap break-words\">Den m\u00e5de, disse komponenter arbejder sammen p\u00e5, viser, hvor vigtigt det er med god teknik og kvalitetsmaterialer. N\u00e5r det er korrekt installeret, skaber det komplette system af tr\u00e6kstangskegler, vandstoppere, tr\u00e6kst\u00e6nger, m\u00f8trikker og skiver et p\u00e5lideligt fundament for byggearbejdet.<\/p>\n<p class=\"whitespace-pre-wrap break-words\">N\u00e5r alt er justeret korrekt, holdes forskallingen stabil, mens betonen h\u00e6rder, hvilket forhindrer l\u00e6kager, strukturelle problemer og projektforsinkelser. Systemets modul\u00e6re design g\u00f8r det alsidigt nok til alle slags projekter, fra simple st\u00f8ttemure til st\u00f8rre infrastrukturarbejde.<\/p>\n<p class=\"whitespace-pre-wrap break-words\">N\u00e5r du v\u00e6lger Qingdao H&amp;F, f\u00e5r du b\u00e5de produkter i topkvalitet og dyb ekspertise inden for forskallingssystemer. Vi er stolte af hurtig levering og personlig service og st\u00f8tter dine projekter fra start til slut. Uanset om du har brug for tr\u00e6kstangskegler til et enkelt job eller \u00f8nsker en p\u00e5lidelig leverand\u00f8r p\u00e5 lang sigt, leverer vi enest\u00e5ende v\u00e6rdi og p\u00e5lidelighed.<\/p>","protected":false},"excerpt":{"rendered":"<p data-pm-slice=\"1 1 []\">St\u00e5lbinderkegler spiller en afg\u00f8rende rolle i udformningen af betonkonstruktioner ved at sikre pr\u00e6cis justering og holdbarhed i konstruktionen. K\u00f8bere prioriterer ofte kompatibilitet med forskellige tr\u00e6kstangssystemer, vandmodstand og robust materialestyrke, n\u00e5r de evaluerer disse produkter. Hos Qingdao H&amp;F im\u00f8dekommer vi disse bekymringer gennem en dedikeret \u00e9n-til-\u00e9n kundeservice, hurtige leveringscyklusser og omfattende kvalitetsinspektionsrapporter. Med vores ekspertise inden for udenrigshandel og en dyb forst\u00e5else af byggeriets behov leverer vi produkter, der overg\u00e5r forventningerne.<\/p>","protected":false},"featured_media":8625,"comment_status":"open","ping_status":"closed","template":"","meta":{"site-sidebar-layout":"default","site-content-layout":"","ast-site-content-layout":"default","site-content-style":"default","site-sidebar-style":"default","ast-global-header-display":"","ast-banner-title-visibility":"","ast-main-header-display":"","ast-hfb-above-header-display":"","ast-hfb-below-header-display":"","ast-hfb-mobile-header-display":"","site-post-title":"","ast-breadcrumbs-content":"","ast-featured-img":"","footer-sml-layout":"","theme-transparent-header-meta":"default","adv-header-id-meta":"","stick-header-meta":"default","header-above-stick-meta":"","header-main-stick-meta":"","header-below-stick-meta":"","astra-migrate-meta-layouts":"set","ast-page-background-enabled":"default","ast-page-background-meta":{"desktop":{"background-color":"","background-image":"","background-repeat":"repeat","background-position":"center center","background-size":"auto","background-attachment":"scroll","background-type":"","background-media":"","overlay-type":"","overlay-color":"","overlay-opacity":"","overlay-gradient":""},"tablet":{"background-color":"","background-image":"","background-repeat":"repeat","background-position":"center center","background-size":"auto","background-attachment":"scroll","background-type":"","background-media":"","overlay-type":"","overlay-color":"","overlay-opacity":"","overlay-gradient":""},"mobile":{"background-color":"","background-image":"","background-repeat":"repeat","background-position":"center center","background-size":"auto","background-attachment":"scroll","background-type":"","background-media":"","overlay-type":"","overlay-color":"","overlay-opacity":"","overlay-gradient":""}},"ast-content-background-meta":{"desktop":{"background-color":"var(--ast-global-color-5)","background-image":"","background-repeat":"repeat","background-position":"center center","background-size":"auto","background-attachment":"scroll","background-type":"","background-media":"","overlay-type":"","overlay-color":"","overlay-opacity":"","overlay-gradient":""},"tablet":{"background-color":"var(--ast-global-color-5)","background-image":"","background-repeat":"repeat","background-position":"center center","background-size":"auto","background-attachment":"scroll","background-type":"","background-media":"","overlay-type":"","overlay-color":"","overlay-opacity":"","overlay-gradient":""},"mobile":{"background-color":"var(--ast-global-color-5)","background-image":"","background-repeat":"repeat","background-position":"center center","background-size":"auto","background-attachment":"scroll","background-type":"","background-media":"","overlay-type":"","overlay-color":"","overlay-opacity":"","overlay-gradient":""}}},"product_brand":[],"product_cat":[79],"product_tag":[],"class_list":{"0":"post-8624","1":"product","2":"type-product","3":"status-publish","4":"has-post-thumbnail","6":"product_cat-tie-rod-system","7":"desktop-align-left","8":"tablet-align-left","9":"mobile-align-left","10":"ast-product-gallery-layout-horizontal-slider","11":"ast-product-gallery-with-no-image","12":"ast-product-tabs-layout-horizontal","14":"first","15":"instock","16":"shipping-taxable","17":"purchasable","18":"product-type-simple"},"yoast_head":"<!-- This site is optimized with the Yoast SEO plugin v25.2 - https:\/\/yoast.com\/wordpress\/plugins\/seo\/ -->\n<title>Steel Tie Rod Cone<\/title>\n<meta name=\"description\" content=\"Steel Tie Rod Cones play a critical role in forming concrete structures by ensuring precise alignment and durability in construction.\" \/>\n<meta name=\"robots\" content=\"index, follow, max-snippet:-1, max-image-preview:large, max-video-preview:-1\" \/>\n<link rel=\"canonical\" href=\"https:\/\/qingdaohf.com\/da\/vare\/konus-til-traekstang-i-stal\/\" \/>\n<meta property=\"og:locale\" content=\"da_DK\" \/>\n<meta property=\"og:type\" content=\"article\" \/>\n<meta property=\"og:title\" content=\"Steel Tie Rod Cone\" \/>\n<meta property=\"og:description\" content=\"Steel Tie Rod Cones play a critical role in forming concrete structures by ensuring precise alignment and durability in construction.\" \/>\n<meta property=\"og:url\" content=\"https:\/\/qingdaohf.com\/da\/vare\/konus-til-traekstang-i-stal\/\" \/>\n<meta property=\"og:site_name\" content=\"Concrete Form &amp; Rigging Hardware Supplier\" \/>\n<meta property=\"article:publisher\" content=\"https:\/\/www.facebook.com\/qingdaohf\" \/>\n<meta property=\"article:modified_time\" content=\"2025-11-13T01:02:21+00:00\" \/>\n<meta property=\"og:image\" content=\"https:\/\/qingdaohf.com\/wp-content\/uploads\/2025\/01\/steel-cone-tie-rod.webp\" \/>\n\t<meta property=\"og:image:width\" content=\"1000\" \/>\n\t<meta property=\"og:image:height\" content=\"1000\" \/>\n\t<meta property=\"og:image:type\" content=\"image\/webp\" \/>\n<meta name=\"twitter:card\" content=\"summary_large_image\" \/>\n<meta name=\"twitter:label1\" content=\"Estimeret l\u00e6setid\" \/>\n\t<meta name=\"twitter:data1\" content=\"3 minutter\" \/>\n<script type=\"application\/ld+json\" class=\"yoast-schema-graph\">{\"@context\":\"https:\/\/schema.org\",\"@graph\":[{\"@type\":\"WebPage\",\"@id\":\"https:\/\/qingdaohf.com\/product\/steel-tie-rod-cone\/\",\"url\":\"https:\/\/qingdaohf.com\/product\/steel-tie-rod-cone\/\",\"name\":\"Steel Tie Rod Cone\",\"isPartOf\":{\"@id\":\"https:\/\/qingdaohf.com\/bg\/#website\"},\"primaryImageOfPage\":{\"@id\":\"https:\/\/qingdaohf.com\/product\/steel-tie-rod-cone\/#primaryimage\"},\"image\":{\"@id\":\"https:\/\/qingdaohf.com\/product\/steel-tie-rod-cone\/#primaryimage\"},\"thumbnailUrl\":\"https:\/\/qingdaohf.com\/wp-content\/uploads\/2025\/01\/steel-cone-tie-rod.webp\",\"datePublished\":\"2025-01-02T07:50:36+00:00\",\"dateModified\":\"2025-11-13T01:02:21+00:00\",\"description\":\"Steel Tie Rod Cones play a critical role in forming concrete structures by ensuring precise alignment and durability in construction.\",\"breadcrumb\":{\"@id\":\"https:\/\/qingdaohf.com\/product\/steel-tie-rod-cone\/#breadcrumb\"},\"inLanguage\":\"da-DK\",\"potentialAction\":[{\"@type\":\"ReadAction\",\"target\":[\"https:\/\/qingdaohf.com\/product\/steel-tie-rod-cone\/\"]}]},{\"@type\":\"ImageObject\",\"inLanguage\":\"da-DK\",\"@id\":\"https:\/\/qingdaohf.com\/product\/steel-tie-rod-cone\/#primaryimage\",\"url\":\"https:\/\/qingdaohf.com\/wp-content\/uploads\/2025\/01\/steel-cone-tie-rod.webp\",\"contentUrl\":\"https:\/\/qingdaohf.com\/wp-content\/uploads\/2025\/01\/steel-cone-tie-rod.webp\",\"width\":1000,\"height\":1000,\"caption\":\"steel cone tie rod\"},{\"@type\":\"BreadcrumbList\",\"@id\":\"https:\/\/qingdaohf.com\/product\/steel-tie-rod-cone\/#breadcrumb\",\"itemListElement\":[{\"@type\":\"ListItem\",\"position\":1,\"name\":\"Home\",\"item\":\"https:\/\/qingdaohf.com\/\"},{\"@type\":\"ListItem\",\"position\":2,\"name\":\"Concrete Forming Accessories and Rigging Hardware\",\"item\":\"https:\/\/qingdaohf.com\/bg\/?page_id=944\"},{\"@type\":\"ListItem\",\"position\":3,\"name\":\"Steel Tie Rod Cone\"}]},{\"@type\":\"WebSite\",\"@id\":\"https:\/\/qingdaohf.com\/bg\/#website\",\"url\":\"https:\/\/qingdaohf.com\/bg\/\",\"name\":\"Concrete Form & Rigging Hardware Supplier\",\"description\":\"\",\"publisher\":{\"@id\":\"https:\/\/qingdaohf.com\/bg\/#organization\"},\"potentialAction\":[{\"@type\":\"SearchAction\",\"target\":{\"@type\":\"EntryPoint\",\"urlTemplate\":\"https:\/\/qingdaohf.com\/bg\/?s={search_term_string}\"},\"query-input\":{\"@type\":\"PropertyValueSpecification\",\"valueRequired\":true,\"valueName\":\"search_term_string\"}}],\"inLanguage\":\"da-DK\"},{\"@type\":\"Organization\",\"@id\":\"https:\/\/qingdaohf.com\/bg\/#organization\",\"name\":\"Qingdao H&F\",\"url\":\"https:\/\/qingdaohf.com\/bg\/\",\"logo\":{\"@type\":\"ImageObject\",\"inLanguage\":\"da-DK\",\"@id\":\"https:\/\/qingdaohf.com\/bg\/#\/schema\/logo\/image\/\",\"url\":\"https:\/\/qingdaohf.com\/wp-content\/uploads\/2022\/12\/cropped-HF-LOGO.png\",\"contentUrl\":\"https:\/\/qingdaohf.com\/wp-content\/uploads\/2022\/12\/cropped-HF-LOGO.png\",\"width\":391,\"height\":249,\"caption\":\"Qingdao H&F\"},\"image\":{\"@id\":\"https:\/\/qingdaohf.com\/bg\/#\/schema\/logo\/image\/\"},\"sameAs\":[\"https:\/\/www.facebook.com\/qingdaohf\"]}]}<\/script>\n<!-- \/ Yoast SEO plugin. -->","yoast_head_json":{"title":"Steel Tie Rod Cone","description":"Steel Tie Rod Cones play a critical role in forming concrete structures by ensuring precise alignment and durability in construction.","robots":{"index":"index","follow":"follow","max-snippet":"max-snippet:-1","max-image-preview":"max-image-preview:large","max-video-preview":"max-video-preview:-1"},"canonical":"https:\/\/qingdaohf.com\/da\/vare\/konus-til-traekstang-i-stal\/","og_locale":"da_DK","og_type":"article","og_title":"Steel Tie Rod Cone","og_description":"Steel Tie Rod Cones play a critical role in forming concrete structures by ensuring precise alignment and durability in construction.","og_url":"https:\/\/qingdaohf.com\/da\/vare\/konus-til-traekstang-i-stal\/","og_site_name":"Concrete Form &amp; Rigging Hardware Supplier","article_publisher":"https:\/\/www.facebook.com\/qingdaohf","article_modified_time":"2025-11-13T01:02:21+00:00","og_image":[{"width":1000,"height":1000,"url":"https:\/\/qingdaohf.com\/wp-content\/uploads\/2025\/01\/steel-cone-tie-rod.webp","type":"image\/webp"}],"twitter_card":"summary_large_image","twitter_misc":{"Estimeret l\u00e6setid":"3 minutter"},"schema":{"@context":"https:\/\/schema.org","@graph":[{"@type":"WebPage","@id":"https:\/\/qingdaohf.com\/product\/steel-tie-rod-cone\/","url":"https:\/\/qingdaohf.com\/product\/steel-tie-rod-cone\/","name":"Steel Tie Rod Cone","isPartOf":{"@id":"https:\/\/qingdaohf.com\/bg\/#website"},"primaryImageOfPage":{"@id":"https:\/\/qingdaohf.com\/product\/steel-tie-rod-cone\/#primaryimage"},"image":{"@id":"https:\/\/qingdaohf.com\/product\/steel-tie-rod-cone\/#primaryimage"},"thumbnailUrl":"https:\/\/qingdaohf.com\/wp-content\/uploads\/2025\/01\/steel-cone-tie-rod.webp","datePublished":"2025-01-02T07:50:36+00:00","dateModified":"2025-11-13T01:02:21+00:00","description":"Steel Tie Rod Cones play a critical role in forming concrete structures by ensuring precise alignment and durability in construction.","breadcrumb":{"@id":"https:\/\/qingdaohf.com\/product\/steel-tie-rod-cone\/#breadcrumb"},"inLanguage":"da-DK","potentialAction":[{"@type":"ReadAction","target":["https:\/\/qingdaohf.com\/product\/steel-tie-rod-cone\/"]}]},{"@type":"ImageObject","inLanguage":"da-DK","@id":"https:\/\/qingdaohf.com\/product\/steel-tie-rod-cone\/#primaryimage","url":"https:\/\/qingdaohf.com\/wp-content\/uploads\/2025\/01\/steel-cone-tie-rod.webp","contentUrl":"https:\/\/qingdaohf.com\/wp-content\/uploads\/2025\/01\/steel-cone-tie-rod.webp","width":1000,"height":1000,"caption":"steel cone tie rod"},{"@type":"BreadcrumbList","@id":"https:\/\/qingdaohf.com\/product\/steel-tie-rod-cone\/#breadcrumb","itemListElement":[{"@type":"ListItem","position":1,"name":"Home","item":"https:\/\/qingdaohf.com\/"},{"@type":"ListItem","position":2,"name":"Concrete Forming Accessories and Rigging Hardware","item":"https:\/\/qingdaohf.com\/bg\/?page_id=944"},{"@type":"ListItem","position":3,"name":"Steel Tie Rod Cone"}]},{"@type":"WebSite","@id":"https:\/\/qingdaohf.com\/bg\/#website","url":"https:\/\/qingdaohf.com\/bg\/","name":"Concrete Form & Rigging Hardware Supplier","description":"","publisher":{"@id":"https:\/\/qingdaohf.com\/bg\/#organization"},"potentialAction":[{"@type":"SearchAction","target":{"@type":"EntryPoint","urlTemplate":"https:\/\/qingdaohf.com\/bg\/?s={search_term_string}"},"query-input":{"@type":"PropertyValueSpecification","valueRequired":true,"valueName":"search_term_string"}}],"inLanguage":"da-DK"},{"@type":"Organization","@id":"https:\/\/qingdaohf.com\/bg\/#organization","name":"Qingdao H&F","url":"https:\/\/qingdaohf.com\/bg\/","logo":{"@type":"ImageObject","inLanguage":"da-DK","@id":"https:\/\/qingdaohf.com\/bg\/#\/schema\/logo\/image\/","url":"https:\/\/qingdaohf.com\/wp-content\/uploads\/2022\/12\/cropped-HF-LOGO.png","contentUrl":"https:\/\/qingdaohf.com\/wp-content\/uploads\/2022\/12\/cropped-HF-LOGO.png","width":391,"height":249,"caption":"Qingdao H&F"},"image":{"@id":"https:\/\/qingdaohf.com\/bg\/#\/schema\/logo\/image\/"},"sameAs":["https:\/\/www.facebook.com\/qingdaohf"]}]}},"_links":{"self":[{"href":"https:\/\/qingdaohf.com\/da\/wp-json\/wp\/v2\/product\/8624","targetHints":{"allow":["GET"]}}],"collection":[{"href":"https:\/\/qingdaohf.com\/da\/wp-json\/wp\/v2\/product"}],"about":[{"href":"https:\/\/qingdaohf.com\/da\/wp-json\/wp\/v2\/types\/product"}],"replies":[{"embeddable":true,"href":"https:\/\/qingdaohf.com\/da\/wp-json\/wp\/v2\/comments?post=8624"}],"version-history":[{"count":1,"href":"https:\/\/qingdaohf.com\/da\/wp-json\/wp\/v2\/product\/8624\/revisions"}],"predecessor-version":[{"id":8626,"href":"https:\/\/qingdaohf.com\/da\/wp-json\/wp\/v2\/product\/8624\/revisions\/8626"}],"wp:featuredmedia":[{"embeddable":true,"href":"https:\/\/qingdaohf.com\/da\/wp-json\/wp\/v2\/media\/8625"}],"wp:attachment":[{"href":"https:\/\/qingdaohf.com\/da\/wp-json\/wp\/v2\/media?parent=8624"}],"wp:term":[{"taxonomy":"product_brand","embeddable":true,"href":"https:\/\/qingdaohf.com\/da\/wp-json\/wp\/v2\/product_brand?post=8624"},{"taxonomy":"product_cat","embeddable":true,"href":"https:\/\/qingdaohf.com\/da\/wp-json\/wp\/v2\/product_cat?post=8624"},{"taxonomy":"product_tag","embeddable":true,"href":"https:\/\/qingdaohf.com\/da\/wp-json\/wp\/v2\/product_tag?post=8624"}],"curies":[{"name":"wp","href":"https:\/\/api.w.org\/{rel}","templated":true}]}}