{"id":1731,"date":"2024-06-24T14:06:56","date_gmt":"2024-06-24T06:06:56","guid":{"rendered":"http:\/\/qingdaohf.com\/?post_type=product&#038;p=1731"},"modified":"2025-11-13T09:03:15","modified_gmt":"2025-11-13T01:03:15","slug":"spreader-cleats","status":"publish","type":"product","link":"https:\/\/qingdaohf.com\/de\/produkt\/abstandhalter-aus-lagen\/","title":{"rendered":"Betonlagenabstandshalter Spreizkl\u00f6tze"},"content":{"rendered":"<h2 data-pm-slice=\"1 1 []\">Die Bedeutung von Spreizkl\u00f6tzen f\u00fcr Betonplatten im Bauwesen<\/h2>\n<p>In der anspruchsvollen Welt des Betonbaus sind Pr\u00e4zision und Stabilit\u00e4t von entscheidender Bedeutung, um qualitativ hochwertige Ergebnisse zu erzielen. Betonplattenabstandshalter spielen eine entscheidende Rolle bei der Einhaltung gleichm\u00e4\u00dfiger Abst\u00e4nde zwischen den Schalungsplatten, um sicherzustellen, dass die endg\u00fcltige Struktur die erforderlichen Abmessungen und Festigkeitsstandards erf\u00fcllt. Diese Stollen bieten eine wichtige Unterst\u00fctzung, indem sie die Sperrholzschalung an ihrem Platz sichern, Verformungen verhindern und einen gleichm\u00e4\u00dfigen Betoneinbau erm\u00f6glichen. Ob bei gro\u00df angelegten Infrastrukturprojekten oder kleineren Wohnbauten, die richtigen Spreizklammern k\u00f6nnen die Haltbarkeit und das Finish von Betonoberfl\u00e4chen erheblich verbessern.<\/p>\n<p>Wir bei Qingdao H&amp;F kennen die Herausforderungen, mit denen sich Bauexperten konfrontiert sehen. Deshalb bieten wir eine Reihe von leistungsstarken Spreizklampen an, die f\u00fcr die h\u00e4rtesten Projektanforderungen entwickelt wurden. Mit unserem Engagement f\u00fcr Qualit\u00e4t, schnellen Lieferzyklen und einem engagierten Kundenservice bieten wir eine unschlagbare Kombination aus Zuverl\u00e4ssigkeit und Effizienz f\u00fcr Ihren Baubedarf.<\/p>\n<p><img fetchpriority=\"high\" decoding=\"async\" class=\"alignnone wp-image-1732 size-full\" src=\"http:\/\/qingdaohf.com\/wp-content\/uploads\/2023\/01\/PLY-SPACER.png\" alt=\"PLY SPACER\" width=\"650\" height=\"458\" srcset=\"https:\/\/qingdaohf.com\/wp-content\/uploads\/2023\/01\/PLY-SPACER.png 650w, https:\/\/qingdaohf.com\/wp-content\/uploads\/2023\/01\/PLY-SPACER-300x211.png 300w, https:\/\/qingdaohf.com\/wp-content\/uploads\/2023\/01\/PLY-SPACER-600x423.png 600w\" sizes=\"(max-width: 650px) 100vw, 650px\" \/><\/p>\n<h2>Merkmale und Vorteile der Betonplattenabstandshalter Spreader Cleats<\/h2>\n<p>Die Auswahl der richtigen Spreizklampen ist entscheidend f\u00fcr die Optimierung der Schalungseffizienz und die Gew\u00e4hrleistung einer makellosen Betonoberfl\u00e4che. Unsere Concrete Ply Spacer Spreader Cleats verf\u00fcgen \u00fcber eine Vielzahl von Eigenschaften, die sie f\u00fcr moderne Bauprojekte unverzichtbar machen.<\/p>\n<p>Langlebigkeit ist eine der wichtigsten Eigenschaften unserer Klampen. Sie werden aus hochfesten Materialien wie verzinktem Stahl oder verst\u00e4rktem Kunststoff hergestellt und sind resistent gegen Korrosion, Verformung und die rauen Bedingungen bei Betonarbeiten. Dies gew\u00e4hrleistet Langlebigkeit und gleichbleibende Leistung \u00fcber mehrere Anwendungen hinweg und macht sie zu einer kosteneffizienten L\u00f6sung f\u00fcr Bauunternehmen.<\/p>\n<p>Ein weiterer gro\u00dfer Vorteil sind die pr\u00e4zisen Abst\u00e4nde, die sie bieten. Ungleichm\u00e4\u00dfige oder falsch ausgerichtete Schalungen k\u00f6nnen zu strukturellen Schw\u00e4chen und einer schlechten \u00c4sthetik des fertigen Betons f\u00fchren. Unsere Spreizkl\u00f6tze garantieren einen gleichm\u00e4\u00dfigen Abstand zwischen den Schalungselementen, eliminieren Abweichungen und sorgen f\u00fcr glatte, einheitliche Oberfl\u00e4chen.<\/p>\n<p>Auch die einfache Installation ist ein bemerkenswerter Vorteil. Unsere Stollen wurden f\u00fcr eine schnelle und problemlose Anwendung entwickelt und erm\u00f6glichen es den Arbeitern, die Schalung mit minimalem Aufwand einzurichten, wodurch Arbeitszeit und Kosten reduziert werden. Ihr benutzerfreundliches Design sorgt daf\u00fcr, dass auch weniger erfahrene Arbeiter professionelle Ergebnisse erzielen k\u00f6nnen, ohne dass spezielle Werkzeuge oder Ger\u00e4te erforderlich sind.<\/p>\n<h2>Die Auswahl der richtigen Spreizklampen f\u00fcr Ihr Projekt<\/h2>\n<p>Es gibt verschiedene Gr\u00f6\u00dfen und Materialien, und die Wahl der geeigneten Spreizklampen h\u00e4ngt von den spezifischen Anforderungen Ihres Projekts ab. F\u00fcr Schwerlastanwendungen, wie z. B. Br\u00fccken- oder Hochhausbau, sind Stahlklampen aufgrund ihrer au\u00dfergew\u00f6hnlichen Tragf\u00e4higkeit und Verschlei\u00dffestigkeit oft die erste Wahl. Andererseits bieten Kunststoffklampen eine leichte und kosteng\u00fcnstige Alternative f\u00fcr Projekte, die keine extreme Festigkeit erfordern.<\/p>\n<p>Dicke und Breite sind ebenfalls wichtige Faktoren. Unsere Spreizklampen sind in verschiedenen Abmessungen erh\u00e4ltlich, um verschiedene Schalungsaufbauten zu erm\u00f6glichen und die Kompatibilit\u00e4t mit verschiedenen Sperrholzarten und Betondicken zu gew\u00e4hrleisten. Unser Team bei Qingdao H&amp;F ber\u00e4t Sie fachkundig, um die besten Spreizklampen f\u00fcr Ihre individuellen Bauanforderungen zu finden.<\/p>\n<p>Dar\u00fcber hinaus ist die Einhaltung von Industrienormen ein entscheidender Faktor. Alle unsere Concrete Ply Spacer Spreader Cleats werden strengen Qualit\u00e4tstests unterzogen und mit detaillierten Pr\u00fcfberichten geliefert. Dadurch wird sichergestellt, dass Sie Produkte erhalten, die den Sicherheitsvorschriften entsprechen und eine gleichbleibende Leistung erbringen, wodurch das Risiko von Schalungsfehlern und Bauverz\u00f6gerungen verringert wird.<\/p>\n<h2>Warum sollten Sie Qingdao H&amp;F f\u00fcr Ihr Betonschalungszubeh\u00f6r w\u00e4hlen?<\/h2>\n<p>Wir von Qingdao H&amp;F liefern nicht nur Baumaterialien, sondern bieten L\u00f6sungen, die Ihren Projekten einen Mehrwert verleihen. Unser pers\u00f6nlicher Kundenservice stellt sicher, dass Sie w\u00e4hrend des gesamten Kaufprozesses pers\u00f6nliche Unterst\u00fctzung erhalten, von der Produktauswahl bis zum Kundendienst. Im Gegensatz zu anderen Anbietern, bei denen die Menge wichtiger ist als die Qualit\u00e4t, konzentrieren wir uns auf die Lieferung von Produkten, die strenge Qualit\u00e4tsstandards erf\u00fcllen.<\/p>\n<p>Schnelligkeit ist ein weiterer Vorteil, den wir bieten. Wir wissen, dass Zeit im Bauwesen ein kritischer Faktor ist, und dass Verz\u00f6gerungen zu h\u00f6heren Kosten f\u00fchren k\u00f6nnen. Deshalb garantieren wir schnelle Lieferzyklen und stellen sicher, dass Sie Ihre Spreizstollen genau dann erhalten, wenn Sie sie brauchen. Dank unseres zuverl\u00e4ssigen Logistiknetzwerks k\u00f6nnen wir Bestellungen effizient erf\u00fcllen, Ausfallzeiten minimieren und Ihre Projekte im Zeitplan halten.<\/p>\n<p>Dar\u00fcber hinaus zeichnen wir uns durch unser Engagement f\u00fcr Transparenz und Vertrauen aus. Jede Charge von Concrete Ply Spacer Spreader Cleats wird von umfassenden Qualit\u00e4tspr\u00fcfungsberichten begleitet, die Ihnen volles Vertrauen in die von Ihnen verwendeten Materialien geben. Dieses Ma\u00df an Verantwortlichkeit stellt sicher, dass Sie die Projektspezifikationen erf\u00fcllen k\u00f6nnen, ohne sich Sorgen um die Produktleistung machen zu m\u00fcssen.<\/p>\n<h2>Schlussfolgerung<\/h2>\n<p>Spreizkl\u00f6tze f\u00fcr Betonplatten sind unverzichtbare Komponenten zur Erzielung von Pr\u00e4zision und Stabilit\u00e4t bei Betonschalungen. Sie verbessern die strukturelle Integrit\u00e4t von Projekten, indem sie f\u00fcr gleichm\u00e4\u00dfige Abst\u00e4nde sorgen, Verformungen der Schalung verhindern und einen reibungslosen Betoneinbau erm\u00f6glichen. Wenn Sie sich f\u00fcr qualitativ hochwertige Spreizkl\u00f6tze von Qingdao H&amp;F entscheiden, profitieren Sie von der Langlebigkeit, der einfachen Installation und der Einhaltung von Industrievorschriften.<\/p>\n<p>Unser Engagement f\u00fcr Qualit\u00e4t, schnelle Lieferungen und pers\u00f6nlichen Service macht uns zum idealen Partner f\u00fcr Ihren Bedarf an Baumaterialien. Ganz gleich, ob Sie Standardgr\u00f6\u00dfen oder kundenspezifische Spezifikationen ben\u00f6tigen, wir verf\u00fcgen \u00fcber das Know-how und die Ressourcen, um Ihre Anforderungen zu erf\u00fcllen. Setzen Sie sich noch heute mit uns in Verbindung, um mehr \u00fcber unser Angebot an Spreizkl\u00f6tzen f\u00fcr Betonschichten zu erfahren und dar\u00fcber, wie sie die Effizienz und Zuverl\u00e4ssigkeit Ihrer Bauprojekte steigern k\u00f6nnen.<\/p>\n<div class=\"ast-oembed-container\" style=\"height: 100%;\"><iframe title=\"HF-Betonwandanker-System\" width=\"500\" height=\"281\" src=\"https:\/\/www.youtube.com\/embed\/KNe3GjndsAs?feature=oembed\" frameborder=\"0\" allow=\"accelerometer; autoplay; clipboard-write; encrypted-media; gyroscope; picture-in-picture; web-share\" referrerpolicy=\"strict-origin-when-cross-origin\" allowfullscreen><\/iframe><\/div>\n<p>&nbsp;<\/p>","protected":false},"excerpt":{"rendered":"<p>Betonplatten-Abstandshalter spielen eine wichtige Rolle bei der F\u00f6rderung der genauen Ausrichtung und Stabilit\u00e4t von Schalungssystemen, insbesondere bei Betonbauprojekten. Die Stollen sind effektive Abstandshalter, die verhindern, dass sich Sperrholzplatten w\u00e4hrend des Betonierens verziehen oder verschieben, was zu strukturell soliden und ebenen Betonoberfl\u00e4chen f\u00fchrt. Qingdao H&amp;F liefert qualitativ hochwertige Spreizklammern in verschiedenen Materialien und Abmessungen, die den unterschiedlichen Projektspezifikationen entsprechen. Unser pers\u00f6nlicher Kundenservice, unsere fairen Preise und die Einhaltung von Lieferfristen garantieren Ihnen die beste L\u00f6sung f\u00fcr Ihre Bed\u00fcrfnisse. Au\u00dferdem bieten wir einen gr\u00fcndlichen Qualit\u00e4tspr\u00fcfungsbericht f\u00fcr unsere Waren an, so dass Sie sich bei jeder Lieferung auf uns verlassen k\u00f6nnen.<\/p>","protected":false},"featured_media":2918,"comment_status":"open","ping_status":"closed","template":"","meta":{"site-sidebar-layout":"default","site-content-layout":"default","ast-site-content-layout":"default","site-content-style":"default","site-sidebar-style":"default","ast-global-header-display":"","ast-banner-title-visibility":"","ast-main-header-display":"","ast-hfb-above-header-display":"","ast-hfb-below-header-display":"","ast-hfb-mobile-header-display":"","site-post-title":"","ast-breadcrumbs-content":"","ast-featured-img":"","footer-sml-layout":"","theme-transparent-header-meta":"default","adv-header-id-meta":"","stick-header-meta":"default","header-above-stick-meta":"","header-main-stick-meta":"","header-below-stick-meta":"","astra-migrate-meta-layouts":"set","ast-page-background-enabled":"default","ast-page-background-meta":{"desktop":{"background-color":"","background-image":"","background-repeat":"repeat","background-position":"center center","background-size":"auto","background-attachment":"scroll","background-type":"","background-media":"","overlay-type":"","overlay-color":"","overlay-opacity":"","overlay-gradient":""},"tablet":{"background-color":"","background-image":"","background-repeat":"repeat","background-position":"center center","background-size":"auto","background-attachment":"scroll","background-type":"","background-media":"","overlay-type":"","overlay-color":"","overlay-opacity":"","overlay-gradient":""},"mobile":{"background-color":"","background-image":"","background-repeat":"repeat","background-position":"center center","background-size":"auto","background-attachment":"scroll","background-type":"","background-media":"","overlay-type":"","overlay-color":"","overlay-opacity":"","overlay-gradient":""}},"ast-content-background-meta":{"desktop":{"background-color":"var(--ast-global-color-5)","background-image":"","background-repeat":"repeat","background-position":"center center","background-size":"auto","background-attachment":"scroll","background-type":"","background-media":"","overlay-type":"","overlay-color":"","overlay-opacity":"","overlay-gradient":""},"tablet":{"background-color":"var(--ast-global-color-5)","background-image":"","background-repeat":"repeat","background-position":"center center","background-size":"auto","background-attachment":"scroll","background-type":"","background-media":"","overlay-type":"","overlay-color":"","overlay-opacity":"","overlay-gradient":""},"mobile":{"background-color":"var(--ast-global-color-5)","background-image":"","background-repeat":"repeat","background-position":"center center","background-size":"auto","background-attachment":"scroll","background-type":"","background-media":"","overlay-type":"","overlay-color":"","overlay-opacity":"","overlay-gradient":""}}},"product_brand":[],"product_cat":[28],"product_tag":[],"class_list":{"0":"post-1731","1":"product","2":"type-product","3":"status-publish","4":"has-post-thumbnail","6":"product_cat-concrete-forming","7":"desktop-align-left","8":"tablet-align-left","9":"mobile-align-left","10":"ast-product-gallery-layout-horizontal-slider","11":"ast-product-tabs-layout-horizontal","13":"first","14":"instock","15":"shipping-taxable","16":"purchasable","17":"product-type-simple"},"yoast_head":"<!-- This site is optimized with the Yoast SEO plugin v25.2 - https:\/\/yoast.com\/wordpress\/plugins\/seo\/ -->\n<title>Concrete Ply Spacer Spreader Cleats<\/title>\n<meta name=\"description\" content=\"Plywood form concrete ply spacer.3\/4&quot; ply spacer,1-1\/8&quot; ply spacer.\" \/>\n<meta name=\"robots\" content=\"index, follow, max-snippet:-1, max-image-preview:large, max-video-preview:-1\" \/>\n<link rel=\"canonical\" href=\"https:\/\/qingdaohf.com\/de\/produkt\/abstandhalter-aus-lagen\/\" \/>\n<meta property=\"og:locale\" content=\"de_DE\" \/>\n<meta property=\"og:type\" content=\"article\" \/>\n<meta property=\"og:title\" content=\"Concrete Ply Spacer Spreader Cleats\" \/>\n<meta property=\"og:description\" content=\"Plywood form concrete ply spacer.3\/4&quot; ply spacer,1-1\/8&quot; ply spacer.\" \/>\n<meta property=\"og:url\" content=\"https:\/\/qingdaohf.com\/de\/produkt\/abstandhalter-aus-lagen\/\" \/>\n<meta property=\"og:site_name\" content=\"Concrete Form &amp; Rigging Hardware Supplier\" \/>\n<meta property=\"article:publisher\" content=\"https:\/\/www.facebook.com\/qingdaohf\" \/>\n<meta property=\"article:modified_time\" content=\"2025-11-13T01:03:15+00:00\" \/>\n<meta property=\"og:image\" content=\"https:\/\/qingdaohf.com\/wp-content\/uploads\/2023\/01\/PLY-SPACER-3.jpg\" \/>\n\t<meta property=\"og:image:width\" content=\"1000\" \/>\n\t<meta property=\"og:image:height\" content=\"1000\" \/>\n\t<meta property=\"og:image:type\" content=\"image\/jpeg\" \/>\n<meta name=\"twitter:card\" content=\"summary_large_image\" \/>\n<meta name=\"twitter:label1\" content=\"Gesch\u00e4tzte Lesezeit\" \/>\n\t<meta name=\"twitter:data1\" content=\"4\u00a0Minuten\" \/>\n<script type=\"application\/ld+json\" class=\"yoast-schema-graph\">{\"@context\":\"https:\/\/schema.org\",\"@graph\":[{\"@type\":\"WebPage\",\"@id\":\"https:\/\/qingdaohf.com\/product\/spreader-cleats\/\",\"url\":\"https:\/\/qingdaohf.com\/product\/spreader-cleats\/\",\"name\":\"Concrete Ply Spacer Spreader Cleats\",\"isPartOf\":{\"@id\":\"https:\/\/qingdaohf.com\/bg\/#website\"},\"primaryImageOfPage\":{\"@id\":\"https:\/\/qingdaohf.com\/product\/spreader-cleats\/#primaryimage\"},\"image\":{\"@id\":\"https:\/\/qingdaohf.com\/product\/spreader-cleats\/#primaryimage\"},\"thumbnailUrl\":\"https:\/\/qingdaohf.com\/wp-content\/uploads\/2023\/01\/PLY-SPACER-3.jpg\",\"datePublished\":\"2024-06-24T06:06:56+00:00\",\"dateModified\":\"2025-11-13T01:03:15+00:00\",\"description\":\"Plywood form concrete ply spacer.3\/4\\\" ply spacer,1-1\/8\\\" ply spacer.\",\"breadcrumb\":{\"@id\":\"https:\/\/qingdaohf.com\/product\/spreader-cleats\/#breadcrumb\"},\"inLanguage\":\"de\",\"potentialAction\":[{\"@type\":\"ReadAction\",\"target\":[\"https:\/\/qingdaohf.com\/product\/spreader-cleats\/\"]}]},{\"@type\":\"ImageObject\",\"inLanguage\":\"de\",\"@id\":\"https:\/\/qingdaohf.com\/product\/spreader-cleats\/#primaryimage\",\"url\":\"https:\/\/qingdaohf.com\/wp-content\/uploads\/2023\/01\/PLY-SPACER-3.jpg\",\"contentUrl\":\"https:\/\/qingdaohf.com\/wp-content\/uploads\/2023\/01\/PLY-SPACER-3.jpg\",\"width\":1000,\"height\":1000,\"caption\":\"PLY SPACER\"},{\"@type\":\"BreadcrumbList\",\"@id\":\"https:\/\/qingdaohf.com\/product\/spreader-cleats\/#breadcrumb\",\"itemListElement\":[{\"@type\":\"ListItem\",\"position\":1,\"name\":\"Home\",\"item\":\"https:\/\/qingdaohf.com\/\"},{\"@type\":\"ListItem\",\"position\":2,\"name\":\"Concrete Forming Accessories and Rigging Hardware\",\"item\":\"https:\/\/qingdaohf.com\/bg\/?page_id=944\"},{\"@type\":\"ListItem\",\"position\":3,\"name\":\"Concrete Ply Spacer Spreader Cleats\"}]},{\"@type\":\"WebSite\",\"@id\":\"https:\/\/qingdaohf.com\/bg\/#website\",\"url\":\"https:\/\/qingdaohf.com\/bg\/\",\"name\":\"Concrete Form & Rigging Hardware Supplier\",\"description\":\"\",\"publisher\":{\"@id\":\"https:\/\/qingdaohf.com\/bg\/#organization\"},\"potentialAction\":[{\"@type\":\"SearchAction\",\"target\":{\"@type\":\"EntryPoint\",\"urlTemplate\":\"https:\/\/qingdaohf.com\/bg\/?s={search_term_string}\"},\"query-input\":{\"@type\":\"PropertyValueSpecification\",\"valueRequired\":true,\"valueName\":\"search_term_string\"}}],\"inLanguage\":\"de\"},{\"@type\":\"Organization\",\"@id\":\"https:\/\/qingdaohf.com\/bg\/#organization\",\"name\":\"Qingdao H&F\",\"url\":\"https:\/\/qingdaohf.com\/bg\/\",\"logo\":{\"@type\":\"ImageObject\",\"inLanguage\":\"de\",\"@id\":\"https:\/\/qingdaohf.com\/bg\/#\/schema\/logo\/image\/\",\"url\":\"https:\/\/qingdaohf.com\/wp-content\/uploads\/2022\/12\/cropped-HF-LOGO.png\",\"contentUrl\":\"https:\/\/qingdaohf.com\/wp-content\/uploads\/2022\/12\/cropped-HF-LOGO.png\",\"width\":391,\"height\":249,\"caption\":\"Qingdao H&F\"},\"image\":{\"@id\":\"https:\/\/qingdaohf.com\/bg\/#\/schema\/logo\/image\/\"},\"sameAs\":[\"https:\/\/www.facebook.com\/qingdaohf\"]}]}<\/script>\n<!-- \/ Yoast SEO plugin. -->","yoast_head_json":{"title":"Concrete Ply Spacer Spreader Cleats","description":"Plywood form concrete ply spacer.3\/4\" ply spacer,1-1\/8\" ply spacer.","robots":{"index":"index","follow":"follow","max-snippet":"max-snippet:-1","max-image-preview":"max-image-preview:large","max-video-preview":"max-video-preview:-1"},"canonical":"https:\/\/qingdaohf.com\/de\/produkt\/abstandhalter-aus-lagen\/","og_locale":"de_DE","og_type":"article","og_title":"Concrete Ply Spacer Spreader Cleats","og_description":"Plywood form concrete ply spacer.3\/4\" ply spacer,1-1\/8\" ply spacer.","og_url":"https:\/\/qingdaohf.com\/de\/produkt\/abstandhalter-aus-lagen\/","og_site_name":"Concrete Form &amp; Rigging Hardware Supplier","article_publisher":"https:\/\/www.facebook.com\/qingdaohf","article_modified_time":"2025-11-13T01:03:15+00:00","og_image":[{"width":1000,"height":1000,"url":"https:\/\/qingdaohf.com\/wp-content\/uploads\/2023\/01\/PLY-SPACER-3.jpg","type":"image\/jpeg"}],"twitter_card":"summary_large_image","twitter_misc":{"Gesch\u00e4tzte Lesezeit":"4\u00a0Minuten"},"schema":{"@context":"https:\/\/schema.org","@graph":[{"@type":"WebPage","@id":"https:\/\/qingdaohf.com\/product\/spreader-cleats\/","url":"https:\/\/qingdaohf.com\/product\/spreader-cleats\/","name":"Concrete Ply Spacer Spreader Cleats","isPartOf":{"@id":"https:\/\/qingdaohf.com\/bg\/#website"},"primaryImageOfPage":{"@id":"https:\/\/qingdaohf.com\/product\/spreader-cleats\/#primaryimage"},"image":{"@id":"https:\/\/qingdaohf.com\/product\/spreader-cleats\/#primaryimage"},"thumbnailUrl":"https:\/\/qingdaohf.com\/wp-content\/uploads\/2023\/01\/PLY-SPACER-3.jpg","datePublished":"2024-06-24T06:06:56+00:00","dateModified":"2025-11-13T01:03:15+00:00","description":"Plywood form concrete ply spacer.3\/4\" ply spacer,1-1\/8\" ply spacer.","breadcrumb":{"@id":"https:\/\/qingdaohf.com\/product\/spreader-cleats\/#breadcrumb"},"inLanguage":"de","potentialAction":[{"@type":"ReadAction","target":["https:\/\/qingdaohf.com\/product\/spreader-cleats\/"]}]},{"@type":"ImageObject","inLanguage":"de","@id":"https:\/\/qingdaohf.com\/product\/spreader-cleats\/#primaryimage","url":"https:\/\/qingdaohf.com\/wp-content\/uploads\/2023\/01\/PLY-SPACER-3.jpg","contentUrl":"https:\/\/qingdaohf.com\/wp-content\/uploads\/2023\/01\/PLY-SPACER-3.jpg","width":1000,"height":1000,"caption":"PLY SPACER"},{"@type":"BreadcrumbList","@id":"https:\/\/qingdaohf.com\/product\/spreader-cleats\/#breadcrumb","itemListElement":[{"@type":"ListItem","position":1,"name":"Home","item":"https:\/\/qingdaohf.com\/"},{"@type":"ListItem","position":2,"name":"Concrete Forming Accessories and Rigging Hardware","item":"https:\/\/qingdaohf.com\/bg\/?page_id=944"},{"@type":"ListItem","position":3,"name":"Concrete Ply Spacer Spreader Cleats"}]},{"@type":"WebSite","@id":"https:\/\/qingdaohf.com\/bg\/#website","url":"https:\/\/qingdaohf.com\/bg\/","name":"Concrete Form & Rigging Hardware Supplier","description":"","publisher":{"@id":"https:\/\/qingdaohf.com\/bg\/#organization"},"potentialAction":[{"@type":"SearchAction","target":{"@type":"EntryPoint","urlTemplate":"https:\/\/qingdaohf.com\/bg\/?s={search_term_string}"},"query-input":{"@type":"PropertyValueSpecification","valueRequired":true,"valueName":"search_term_string"}}],"inLanguage":"de"},{"@type":"Organization","@id":"https:\/\/qingdaohf.com\/bg\/#organization","name":"Qingdao H&F","url":"https:\/\/qingdaohf.com\/bg\/","logo":{"@type":"ImageObject","inLanguage":"de","@id":"https:\/\/qingdaohf.com\/bg\/#\/schema\/logo\/image\/","url":"https:\/\/qingdaohf.com\/wp-content\/uploads\/2022\/12\/cropped-HF-LOGO.png","contentUrl":"https:\/\/qingdaohf.com\/wp-content\/uploads\/2022\/12\/cropped-HF-LOGO.png","width":391,"height":249,"caption":"Qingdao H&F"},"image":{"@id":"https:\/\/qingdaohf.com\/bg\/#\/schema\/logo\/image\/"},"sameAs":["https:\/\/www.facebook.com\/qingdaohf"]}]}},"_links":{"self":[{"href":"https:\/\/qingdaohf.com\/de\/wp-json\/wp\/v2\/product\/1731","targetHints":{"allow":["GET"]}}],"collection":[{"href":"https:\/\/qingdaohf.com\/de\/wp-json\/wp\/v2\/product"}],"about":[{"href":"https:\/\/qingdaohf.com\/de\/wp-json\/wp\/v2\/types\/product"}],"replies":[{"embeddable":true,"href":"https:\/\/qingdaohf.com\/de\/wp-json\/wp\/v2\/comments?post=1731"}],"version-history":[{"count":5,"href":"https:\/\/qingdaohf.com\/de\/wp-json\/wp\/v2\/product\/1731\/revisions"}],"predecessor-version":[{"id":9012,"href":"https:\/\/qingdaohf.com\/de\/wp-json\/wp\/v2\/product\/1731\/revisions\/9012"}],"wp:featuredmedia":[{"embeddable":true,"href":"https:\/\/qingdaohf.com\/de\/wp-json\/wp\/v2\/media\/2918"}],"wp:attachment":[{"href":"https:\/\/qingdaohf.com\/de\/wp-json\/wp\/v2\/media?parent=1731"}],"wp:term":[{"taxonomy":"product_brand","embeddable":true,"href":"https:\/\/qingdaohf.com\/de\/wp-json\/wp\/v2\/product_brand?post=1731"},{"taxonomy":"product_cat","embeddable":true,"href":"https:\/\/qingdaohf.com\/de\/wp-json\/wp\/v2\/product_cat?post=1731"},{"taxonomy":"product_tag","embeddable":true,"href":"https:\/\/qingdaohf.com\/de\/wp-json\/wp\/v2\/product_tag?post=1731"}],"curies":[{"name":"wp","href":"https:\/\/api.w.org\/{rel}","templated":true}]}}