{"id":1909,"date":"2023-11-24T16:40:58","date_gmt":"2023-11-24T08:40:58","guid":{"rendered":"http:\/\/qingdaohf.com\/?post_type=product&#038;p=1909"},"modified":"2025-11-13T09:04:01","modified_gmt":"2025-11-13T01:04:01","slug":"aluminum-form-tie","status":"publish","type":"product","link":"https:\/\/qingdaohf.com\/de\/produkt\/vollwandanker-aus-aluminium\/","title":{"rendered":"Aluminium-Formanker Vollwandanker Nennanker"},"content":{"rendered":"<h2>Aluminium-Schwei\u00dfb\u00e4nder verstehen<\/h2>\n<p>Aluminium-Schalungsanker sind in der Betonschalung unverzichtbar, wenn es auf Pr\u00e4zision und St\u00e4rke ankommt. H&amp;F stellt Schalungsanker her, die Sie im Feld nicht im Stich lassen. Sie kombinieren robuste Haltbarkeit mit praktischen Eigenschaften, die Ihr Budget nicht sprengen.<\/p>\n<h3>Hauptmerkmale von Aluminium-Formularbindern<\/h3>\n<h4>St\u00e4rke und Langlebigkeit<\/h4>\n<p>Diese Schwellen machen keine halben Sachen, wenn es um St\u00e4rke geht - sie sind wie Panzer gebaut, um Ihre Betonstrukturen felsenfest zu halten. Lassen Sie sie verwittern, bearbeiten Sie sie, setzen Sie sie den Elementen aus - sie werden Tag f\u00fcr Tag weiter funktionieren.<\/p>\n<h4>Leichtes Gewicht und einfache Handhabung<\/h4>\n<p>Man k\u00f6nnte meinen, dass all die Muskeln zus\u00e4tzliches Gewicht mit sich bringen, aber diese Krawatten sind erstaunlich leicht. Ihre Mitarbeiter k\u00f6nnen schneller und l\u00e4nger arbeiten, ohne sich zu verschlei\u00dfen.<\/p>\n<h3>Arten von Aluminiumformb\u00e4ndern<\/h3>\n<h4>Volle Krawatten<\/h4>\n<p>Vollverankerungen sind die erste Wahl, wenn es um ernsthafte Schalungen geht, die unersch\u00fctterliche Unterst\u00fctzung und Leistung erfordern.<\/p>\n<h5>Anwendungen von Vollbindern<\/h5>\n<p>Diese Arbeitspferde kommen bei Gro\u00dfprojekten zum Einsatz, bei denen die Schalung gro\u00dfe Lasten ohne zu wackeln bew\u00e4ltigen muss.<\/p>\n<h5>Vorteile von Vollbindungen<\/h5>\n<p>Verlassen Sie sich darauf, dass die Vollbinder Spannungen standhalten und w\u00e4hrend des gesamten Aush\u00e4rtungsprozesses alles an seinem Platz halten.<\/p>\n<h4>Nominale Krawatten<\/h4>\n<p>Nominelle Binder sind die erste Wahl, wenn Sie ein perfektes Gleichgewicht zwischen St\u00e4rke und Man\u00f6vrierf\u00e4higkeit ben\u00f6tigen.<\/p>\n<h5>Verwendungszwecke von Nominalbindungen<\/h5>\n<p>Perfekt f\u00fcr kleinere Projekte oder \u00fcberall dort, wo Gewichtseinsparungen wichtig sind, ohne die Zuverl\u00e4ssigkeit zu beeintr\u00e4chtigen.<\/p>\n<h5>Vorteile von nominalen Bindungen<\/h5>\n<p>Diese Krawatten beweisen, dass man keine \u00fcberm\u00e4\u00dfige Masse braucht, um eine solide Leistung im Feld zu erbringen.<\/p>\n<p><img fetchpriority=\"high\" decoding=\"async\" class=\"alignnone wp-image-7054 size-full\" src=\"http:\/\/qingdaohf.com\/wp-content\/uploads\/2023\/11\/aluminum-form-tie.jpg\" alt=\"Aluminium-Schalungsbinder\" width=\"1005\" height=\"383\" srcset=\"https:\/\/qingdaohf.com\/wp-content\/uploads\/2023\/11\/aluminum-form-tie.jpg 1005w, https:\/\/qingdaohf.com\/wp-content\/uploads\/2023\/11\/aluminum-form-tie-300x114.jpg 300w, https:\/\/qingdaohf.com\/wp-content\/uploads\/2023\/11\/aluminum-form-tie-768x293.jpg 768w, https:\/\/qingdaohf.com\/wp-content\/uploads\/2023\/11\/aluminum-form-tie-18x7.jpg 18w, https:\/\/qingdaohf.com\/wp-content\/uploads\/2023\/11\/aluminum-form-tie-1000x381.jpg 1000w\" sizes=\"(max-width: 1005px) 100vw, 1005px\" \/><\/p>\n<h3>Hauptvorteile und Qualit\u00e4tssicherung<\/h3>\n<h4>Korrosionsbest\u00e4ndigkeit und Effizienz<\/h4>\n<p>Die nat\u00fcrliche Korrosionsbest\u00e4ndigkeit sorgt daf\u00fcr, dass die Schwellen auch unter rauen Bedingungen ihre Leistung erbringen. Das leichte Design dient nicht nur der Bequemlichkeit - es f\u00fchrt zu einer echten Effizienzsteigerung, ohne die strukturelle Integrit\u00e4t zu beeintr\u00e4chtigen.<\/p>\n<h4>Ma\u00dfnahmen zur Qualit\u00e4tskontrolle<\/h4>\n<p>Bei H&amp;F sind wir besessen von der Qualit\u00e4t. Jede Krawatte wird einem Spie\u00dfrutenlauf von Tests unterzogen, um sicherzustellen, dass sie genau das h\u00e4lt, was sie verspricht, wenn Sie sie am meisten brauchen.<\/p>\n<h4>Hervorragender Kundenservice<\/h4>\n<p>Wir kennen das Baugewerbe in- und auswendig, und unser Team arbeitet direkt mit den K\u00e4ufern zusammen, um sie mit Schalungsbindern zusammenzubringen, die ihren spezifischen Projektanforderungen entsprechen.<\/p>\n<h4>Anpassungsoptionen<\/h4>\n<p>Jede Aufgabe hat ihre T\u00fccken - deshalb bieten wir Anker in verschiedenen L\u00e4ngen und Durchmessern an, die sich nahtlos in Ihre vorhandenen Schalungssysteme einf\u00fcgen.<\/p>\n<h4>Qualit\u00e4tsinspektionsberichte<\/h4>\n<p>Keine \u00dcberraschungen - jede Charge wird mit umfassenden Pr\u00fcfdaten ausgeliefert, die von der Zugfestigkeit \u00fcber die Dehnung bis zur Oberfl\u00e4chenqualit\u00e4t reichen.<\/p>\n<h3>Effizienz und Kosten-Nutzen-Verh\u00e4ltnis<\/h3>\n<p>Beim Bau geht es vor allem um das Endergebnis. Unsere Aluminiumschwellen tragen dazu bei, indem sie die Arbeitskosten und die Installationszeit durch ein intelligentes, rationalisiertes Design reduzieren.<\/p>\n<h2>Stecknadeln und Keile<\/h2>\n<p>In der Baupraxis werden Aluminium-Schalungsanker in der Regel mit Bolzen und Keilen kombiniert, um ein zuverl\u00e4ssiges Schalungssystem zu schaffen. Wir bieten verschiedene Typen an, um den unterschiedlichen Projektanforderungen gerecht zu werden.<\/p>\n<h3>Flachkopfstift:<\/h3>\n<p>Sorgt f\u00fcr ein sicheres Schalungssystem mit einem b\u00fcndigen Betonabschluss.<\/p>\n<h3>Stift mit rundem Kopf:<\/h3>\n<p>Schafft eine starke Verbindung mit der Schalung.<\/p>\n<h3>Combo-Pin:<\/h3>\n<p>Die Vorteile von Flach- und Rundkopfstiften werden kombiniert.<\/p>\n<p><img decoding=\"async\" class=\"alignnone size-full wp-image-7055\" src=\"http:\/\/qingdaohf.com\/wp-content\/uploads\/2023\/11\/head-pin.jpg\" alt=\"Kopfnagel\" width=\"1005\" height=\"660\" srcset=\"https:\/\/qingdaohf.com\/wp-content\/uploads\/2023\/11\/head-pin.jpg 1005w, https:\/\/qingdaohf.com\/wp-content\/uploads\/2023\/11\/head-pin-300x197.jpg 300w, https:\/\/qingdaohf.com\/wp-content\/uploads\/2023\/11\/head-pin-768x504.jpg 768w, https:\/\/qingdaohf.com\/wp-content\/uploads\/2023\/11\/head-pin-18x12.jpg 18w, https:\/\/qingdaohf.com\/wp-content\/uploads\/2023\/11\/head-pin-1000x657.jpg 1000w\" sizes=\"(max-width: 1005px) 100vw, 1005px\" \/><\/p>\n<h3>Gerader Keil:<\/h3>\n<p>Die erste Wahl f\u00fcr die meisten Schalungsaufbauten.<\/p>\n<h3>Gebogener Keil:<\/h3>\n<p>Ma\u00dfgeschneidert f\u00fcr gebogene oder abgewinkelte Schalungskonfigurationen.<\/p>\n<p><img decoding=\"async\" class=\"alignnone size-full wp-image-7056\" src=\"http:\/\/qingdaohf.com\/wp-content\/uploads\/2023\/11\/wall-tie-wedge.jpg\" alt=\"Maueranker-Keil\" width=\"1005\" height=\"370\" srcset=\"https:\/\/qingdaohf.com\/wp-content\/uploads\/2023\/11\/wall-tie-wedge.jpg 1005w, https:\/\/qingdaohf.com\/wp-content\/uploads\/2023\/11\/wall-tie-wedge-300x110.jpg 300w, https:\/\/qingdaohf.com\/wp-content\/uploads\/2023\/11\/wall-tie-wedge-768x283.jpg 768w, https:\/\/qingdaohf.com\/wp-content\/uploads\/2023\/11\/wall-tie-wedge-18x7.jpg 18w, https:\/\/qingdaohf.com\/wp-content\/uploads\/2023\/11\/wall-tie-wedge-1000x368.jpg 1000w\" sizes=\"(max-width: 1005px) 100vw, 1005px\" \/><\/p>\n<div class=\"table\"><span style=\"font-size: 1.7em; font-weight: bold;\">Tension Test<\/span><\/div>\n<div>\n<div class=\"ast-oembed-container\" style=\"height: 100%;\"><iframe title=\"Vollst\u00e4ndiger Zugspannungstest\" width=\"500\" height=\"281\" src=\"https:\/\/www.youtube.com\/embed\/2m8mtNqa2r8?feature=oembed\" frameborder=\"0\" allow=\"accelerometer; autoplay; clipboard-write; encrypted-media; gyroscope; picture-in-picture; web-share\" referrerpolicy=\"strict-origin-when-cross-origin\" allowfullscreen><\/iframe><\/div>\n<\/div>\n<div>\n<p>Als f\u00fchrender Hersteller und Fabriklieferant ist Qingdao H&amp;F Ihr vertrauensw\u00fcrdiger Lieferant und Gro\u00dfh\u00e4ndler f\u00fcr hochwertiges Betonschalungszubeh\u00f6r und Rigging Hardware. Mit 20 Jahren Geschichte und Erfahrung in dieser Branche sind wir stolz darauf, eine breite Palette von Produkten anzubieten, einschlie\u00dflich Betonschalungs-Vollspannern und Nennspannern.<\/p>\n<p>Um Ihre Beschaffungsprobleme zu l\u00f6sen, sind Sie bei Qingdao H&amp;F an der richtigen Adresse. Wir bieten ein umfassendes Sortiment an Zubeh\u00f6r f\u00fcr die Betonschalung und an Befestigungsmaterial, das auf zwei Jahrzehnten Erfahrung in der Branche beruht. Ganz gleich, ob Sie Vollanker, Nennanker oder ein anderes Produkt aus unserem Katalog ben\u00f6tigen, wir haben alles f\u00fcr Sie.<\/p>\n<p><img loading=\"lazy\" decoding=\"async\" class=\"alignnone wp-image-4629\" src=\"http:\/\/qingdaohf.com\/wp-content\/uploads\/2023\/07\/wall-tie.jpg\" alt=\"Wandbinder\" width=\"1200\" height=\"600\" srcset=\"https:\/\/qingdaohf.com\/wp-content\/uploads\/2023\/07\/wall-tie.jpg 800w, https:\/\/qingdaohf.com\/wp-content\/uploads\/2023\/07\/wall-tie-300x150.jpg 300w, https:\/\/qingdaohf.com\/wp-content\/uploads\/2023\/07\/wall-tie-768x384.jpg 768w\" sizes=\"(max-width: 1200px) 100vw, 1200px\" \/><\/p>\n<h2>Warum H&amp;F f\u00fcr Aluminium-Schalungsbinder w\u00e4hlen?<\/h2>\n<p>Die Suche nach einem zuverl\u00e4ssigen Lieferanten ist ebenso wichtig wie die Wahl des richtigen Produkts. Zwanzig Jahre im Au\u00dfenhandel haben uns gelehrt, was Baufachleute brauchen, um erfolgreich zu sein.<\/p>\n<h3>Engagement f\u00fcr Spitzenleistungen<\/h3>\n<p>Wir kombinieren fundierte Marktkenntnisse mit einem unerm\u00fcdlichen Fokus auf Qualit\u00e4t und Service. Deshalb vertrauen Bauprofis darauf, dass wir L\u00f6sungen liefern, die vom ersten Spatenstich bis zur Fertigstellung funktionieren.<\/p>\n<h2>Schlussfolgerung<\/h2>\n<p>Von massiven Infrastrukturprojekten bis hin zu bescheidenen kommerziellen Bauten - Aluminium-Schalungsanker sorgen daf\u00fcr, dass Betonstrukturen stabil bleiben. H&amp;F ist stolz darauf, Schwellen zu liefern, die die Erwartungen \u00fcbertreffen - auf diese Weise haben wir uns seit mehr als zwei Jahrzehnten einen guten Ruf erworben.<\/p>\n<\/div>","protected":false},"excerpt":{"rendered":"<p>Vollanker werden verwendet, um gegen\u00fcberliegende Seiten der Schalung zu verbinden. Sie erstrecken sich \u00fcber die gesamte Dicke des Betons und schaffen eine durchgehende Verbindung zwischen den beiden Seiten. Vollanker sind unerl\u00e4sslich, um sicherzustellen, dass die Schalung dem Druck des Betons beim Gie\u00dfen und Aush\u00e4rten standhalten kann. Sie bestehen in der Regel aus Stahl und sind so konzipiert, dass sie nach dem Aush\u00e4rten des Betons leicht entfernt werden k\u00f6nnen.<\/p>\n<p>Nennanker werden verwendet, um die beiden Seiten der Schalung zusammenzuhalten, ohne den Beton zu durchdringen. Sie bestehen in der Regel aus Kunststoff oder anderen nichtmetallischen Materialien und werden in Situationen verwendet, in denen der Beton nicht vollst\u00e4ndig bewehrt werden muss. Nennanker werden f\u00fcr kleinere Betonprojekte wie Mauern oder Gehwege verwendet, bei denen die Belastung der Schalung relativ gering ist.<\/p>","protected":false},"featured_media":2804,"comment_status":"open","ping_status":"closed","template":"","meta":{"site-sidebar-layout":"default","site-content-layout":"default","ast-site-content-layout":"default","site-content-style":"default","site-sidebar-style":"default","ast-global-header-display":"","ast-banner-title-visibility":"","ast-main-header-display":"","ast-hfb-above-header-display":"","ast-hfb-below-header-display":"","ast-hfb-mobile-header-display":"","site-post-title":"","ast-breadcrumbs-content":"","ast-featured-img":"","footer-sml-layout":"","theme-transparent-header-meta":"default","adv-header-id-meta":"","stick-header-meta":"default","header-above-stick-meta":"","header-main-stick-meta":"","header-below-stick-meta":"","astra-migrate-meta-layouts":"set","ast-page-background-enabled":"default","ast-page-background-meta":{"desktop":{"background-color":"","background-image":"","background-repeat":"repeat","background-position":"center center","background-size":"auto","background-attachment":"scroll","background-type":"","background-media":"","overlay-type":"","overlay-color":"","overlay-opacity":"","overlay-gradient":""},"tablet":{"background-color":"","background-image":"","background-repeat":"repeat","background-position":"center center","background-size":"auto","background-attachment":"scroll","background-type":"","background-media":"","overlay-type":"","overlay-color":"","overlay-opacity":"","overlay-gradient":""},"mobile":{"background-color":"","background-image":"","background-repeat":"repeat","background-position":"center center","background-size":"auto","background-attachment":"scroll","background-type":"","background-media":"","overlay-type":"","overlay-color":"","overlay-opacity":"","overlay-gradient":""}},"ast-content-background-meta":{"desktop":{"background-color":"var(--ast-global-color-5)","background-image":"","background-repeat":"repeat","background-position":"center center","background-size":"auto","background-attachment":"scroll","background-type":"","background-media":"","overlay-type":"","overlay-color":"","overlay-opacity":"","overlay-gradient":""},"tablet":{"background-color":"var(--ast-global-color-5)","background-image":"","background-repeat":"repeat","background-position":"center center","background-size":"auto","background-attachment":"scroll","background-type":"","background-media":"","overlay-type":"","overlay-color":"","overlay-opacity":"","overlay-gradient":""},"mobile":{"background-color":"var(--ast-global-color-5)","background-image":"","background-repeat":"repeat","background-position":"center center","background-size":"auto","background-attachment":"scroll","background-type":"","background-media":"","overlay-type":"","overlay-color":"","overlay-opacity":"","overlay-gradient":""}}},"product_brand":[],"product_cat":[20,65],"product_tag":[],"class_list":{"0":"post-1909","1":"product","2":"type-product","3":"status-publish","4":"has-post-thumbnail","6":"product_cat-concrete-wall-tie","7":"product_cat-aluminum-form-tie","8":"desktop-align-left","9":"tablet-align-left","10":"mobile-align-left","11":"ast-product-gallery-layout-horizontal-slider","12":"ast-product-tabs-layout-horizontal","14":"first","15":"instock","16":"shipping-taxable","17":"purchasable","18":"product-type-simple"},"yoast_head":"<!-- This site is optimized with the Yoast SEO plugin v25.2 - https:\/\/yoast.com\/wordpress\/plugins\/seo\/ -->\n<title>Aluminum Form Tie Full Wall Tie Nominal Tie<\/title>\n<meta name=\"description\" content=\"Aluminum form ties are indispensable tools in concrete construction, ensuring secure placement of aluminum formwork for precise wall formation.\" \/>\n<meta name=\"robots\" content=\"index, follow, max-snippet:-1, max-image-preview:large, max-video-preview:-1\" \/>\n<link rel=\"canonical\" href=\"https:\/\/qingdaohf.com\/de\/produkt\/vollwandanker-aus-aluminium\/\" \/>\n<meta property=\"og:locale\" content=\"de_DE\" \/>\n<meta property=\"og:type\" content=\"article\" \/>\n<meta property=\"og:title\" content=\"Aluminum Form Tie Full Wall Tie Nominal Tie\" \/>\n<meta property=\"og:description\" content=\"Aluminum form ties are indispensable tools in concrete construction, ensuring secure placement of aluminum formwork for precise wall formation.\" \/>\n<meta property=\"og:url\" content=\"https:\/\/qingdaohf.com\/de\/produkt\/vollwandanker-aus-aluminium\/\" \/>\n<meta property=\"og:site_name\" content=\"Concrete Form &amp; Rigging Hardware Supplier\" \/>\n<meta property=\"article:publisher\" content=\"https:\/\/www.facebook.com\/qingdaohf\" \/>\n<meta property=\"article:modified_time\" content=\"2025-11-13T01:04:01+00:00\" \/>\n<meta property=\"og:image\" content=\"https:\/\/qingdaohf.com\/wp-content\/uploads\/2023\/02\/FULL-TIE-3.jpg\" \/>\n\t<meta property=\"og:image:width\" content=\"1000\" \/>\n\t<meta property=\"og:image:height\" content=\"1000\" \/>\n\t<meta property=\"og:image:type\" content=\"image\/jpeg\" \/>\n<meta name=\"twitter:card\" content=\"summary_large_image\" \/>\n<meta name=\"twitter:label1\" content=\"Gesch\u00e4tzte Lesezeit\" \/>\n\t<meta name=\"twitter:data1\" content=\"5\u00a0Minuten\" \/>\n<script type=\"application\/ld+json\" class=\"yoast-schema-graph\">{\"@context\":\"https:\/\/schema.org\",\"@graph\":[{\"@type\":\"WebPage\",\"@id\":\"https:\/\/qingdaohf.com\/product\/aluminum-form-tie\/\",\"url\":\"https:\/\/qingdaohf.com\/product\/aluminum-form-tie\/\",\"name\":\"Aluminum Form Tie Full Wall Tie Nominal Tie\",\"isPartOf\":{\"@id\":\"https:\/\/qingdaohf.com\/bg\/#website\"},\"primaryImageOfPage\":{\"@id\":\"https:\/\/qingdaohf.com\/product\/aluminum-form-tie\/#primaryimage\"},\"image\":{\"@id\":\"https:\/\/qingdaohf.com\/product\/aluminum-form-tie\/#primaryimage\"},\"thumbnailUrl\":\"https:\/\/qingdaohf.com\/wp-content\/uploads\/2023\/02\/FULL-TIE-3.jpg\",\"datePublished\":\"2023-11-24T08:40:58+00:00\",\"dateModified\":\"2025-11-13T01:04:01+00:00\",\"description\":\"Aluminum form ties are indispensable tools in concrete construction, ensuring secure placement of aluminum formwork for precise wall formation.\",\"breadcrumb\":{\"@id\":\"https:\/\/qingdaohf.com\/product\/aluminum-form-tie\/#breadcrumb\"},\"inLanguage\":\"de\",\"potentialAction\":[{\"@type\":\"ReadAction\",\"target\":[\"https:\/\/qingdaohf.com\/product\/aluminum-form-tie\/\"]}]},{\"@type\":\"ImageObject\",\"inLanguage\":\"de\",\"@id\":\"https:\/\/qingdaohf.com\/product\/aluminum-form-tie\/#primaryimage\",\"url\":\"https:\/\/qingdaohf.com\/wp-content\/uploads\/2023\/02\/FULL-TIE-3.jpg\",\"contentUrl\":\"https:\/\/qingdaohf.com\/wp-content\/uploads\/2023\/02\/FULL-TIE-3.jpg\",\"width\":1000,\"height\":1000,\"caption\":\"FULL TIE\"},{\"@type\":\"BreadcrumbList\",\"@id\":\"https:\/\/qingdaohf.com\/product\/aluminum-form-tie\/#breadcrumb\",\"itemListElement\":[{\"@type\":\"ListItem\",\"position\":1,\"name\":\"Home\",\"item\":\"https:\/\/qingdaohf.com\/\"},{\"@type\":\"ListItem\",\"position\":2,\"name\":\"Concrete Forming Accessories and Rigging Hardware\",\"item\":\"https:\/\/qingdaohf.com\/bg\/?page_id=944\"},{\"@type\":\"ListItem\",\"position\":3,\"name\":\"Aluminum Form Tie Full Wall Tie Nominal Tie\"}]},{\"@type\":\"WebSite\",\"@id\":\"https:\/\/qingdaohf.com\/bg\/#website\",\"url\":\"https:\/\/qingdaohf.com\/bg\/\",\"name\":\"Concrete Form & Rigging Hardware Supplier\",\"description\":\"\",\"publisher\":{\"@id\":\"https:\/\/qingdaohf.com\/bg\/#organization\"},\"potentialAction\":[{\"@type\":\"SearchAction\",\"target\":{\"@type\":\"EntryPoint\",\"urlTemplate\":\"https:\/\/qingdaohf.com\/bg\/?s={search_term_string}\"},\"query-input\":{\"@type\":\"PropertyValueSpecification\",\"valueRequired\":true,\"valueName\":\"search_term_string\"}}],\"inLanguage\":\"de\"},{\"@type\":\"Organization\",\"@id\":\"https:\/\/qingdaohf.com\/bg\/#organization\",\"name\":\"Qingdao H&F\",\"url\":\"https:\/\/qingdaohf.com\/bg\/\",\"logo\":{\"@type\":\"ImageObject\",\"inLanguage\":\"de\",\"@id\":\"https:\/\/qingdaohf.com\/bg\/#\/schema\/logo\/image\/\",\"url\":\"https:\/\/qingdaohf.com\/wp-content\/uploads\/2022\/12\/cropped-HF-LOGO.png\",\"contentUrl\":\"https:\/\/qingdaohf.com\/wp-content\/uploads\/2022\/12\/cropped-HF-LOGO.png\",\"width\":391,\"height\":249,\"caption\":\"Qingdao H&F\"},\"image\":{\"@id\":\"https:\/\/qingdaohf.com\/bg\/#\/schema\/logo\/image\/\"},\"sameAs\":[\"https:\/\/www.facebook.com\/qingdaohf\"]}]}<\/script>\n<!-- \/ Yoast SEO plugin. -->","yoast_head_json":{"title":"Aluminum Form Tie Full Wall Tie Nominal Tie","description":"Aluminum form ties are indispensable tools in concrete construction, ensuring secure placement of aluminum formwork for precise wall formation.","robots":{"index":"index","follow":"follow","max-snippet":"max-snippet:-1","max-image-preview":"max-image-preview:large","max-video-preview":"max-video-preview:-1"},"canonical":"https:\/\/qingdaohf.com\/de\/produkt\/vollwandanker-aus-aluminium\/","og_locale":"de_DE","og_type":"article","og_title":"Aluminum Form Tie Full Wall Tie Nominal Tie","og_description":"Aluminum form ties are indispensable tools in concrete construction, ensuring secure placement of aluminum formwork for precise wall formation.","og_url":"https:\/\/qingdaohf.com\/de\/produkt\/vollwandanker-aus-aluminium\/","og_site_name":"Concrete Form &amp; Rigging Hardware Supplier","article_publisher":"https:\/\/www.facebook.com\/qingdaohf","article_modified_time":"2025-11-13T01:04:01+00:00","og_image":[{"width":1000,"height":1000,"url":"https:\/\/qingdaohf.com\/wp-content\/uploads\/2023\/02\/FULL-TIE-3.jpg","type":"image\/jpeg"}],"twitter_card":"summary_large_image","twitter_misc":{"Gesch\u00e4tzte Lesezeit":"5\u00a0Minuten"},"schema":{"@context":"https:\/\/schema.org","@graph":[{"@type":"WebPage","@id":"https:\/\/qingdaohf.com\/product\/aluminum-form-tie\/","url":"https:\/\/qingdaohf.com\/product\/aluminum-form-tie\/","name":"Aluminum Form Tie Full Wall Tie Nominal Tie","isPartOf":{"@id":"https:\/\/qingdaohf.com\/bg\/#website"},"primaryImageOfPage":{"@id":"https:\/\/qingdaohf.com\/product\/aluminum-form-tie\/#primaryimage"},"image":{"@id":"https:\/\/qingdaohf.com\/product\/aluminum-form-tie\/#primaryimage"},"thumbnailUrl":"https:\/\/qingdaohf.com\/wp-content\/uploads\/2023\/02\/FULL-TIE-3.jpg","datePublished":"2023-11-24T08:40:58+00:00","dateModified":"2025-11-13T01:04:01+00:00","description":"Aluminum form ties are indispensable tools in concrete construction, ensuring secure placement of aluminum formwork for precise wall formation.","breadcrumb":{"@id":"https:\/\/qingdaohf.com\/product\/aluminum-form-tie\/#breadcrumb"},"inLanguage":"de","potentialAction":[{"@type":"ReadAction","target":["https:\/\/qingdaohf.com\/product\/aluminum-form-tie\/"]}]},{"@type":"ImageObject","inLanguage":"de","@id":"https:\/\/qingdaohf.com\/product\/aluminum-form-tie\/#primaryimage","url":"https:\/\/qingdaohf.com\/wp-content\/uploads\/2023\/02\/FULL-TIE-3.jpg","contentUrl":"https:\/\/qingdaohf.com\/wp-content\/uploads\/2023\/02\/FULL-TIE-3.jpg","width":1000,"height":1000,"caption":"FULL TIE"},{"@type":"BreadcrumbList","@id":"https:\/\/qingdaohf.com\/product\/aluminum-form-tie\/#breadcrumb","itemListElement":[{"@type":"ListItem","position":1,"name":"Home","item":"https:\/\/qingdaohf.com\/"},{"@type":"ListItem","position":2,"name":"Concrete Forming Accessories and Rigging Hardware","item":"https:\/\/qingdaohf.com\/bg\/?page_id=944"},{"@type":"ListItem","position":3,"name":"Aluminum Form Tie Full Wall Tie Nominal Tie"}]},{"@type":"WebSite","@id":"https:\/\/qingdaohf.com\/bg\/#website","url":"https:\/\/qingdaohf.com\/bg\/","name":"Concrete Form & Rigging Hardware Supplier","description":"","publisher":{"@id":"https:\/\/qingdaohf.com\/bg\/#organization"},"potentialAction":[{"@type":"SearchAction","target":{"@type":"EntryPoint","urlTemplate":"https:\/\/qingdaohf.com\/bg\/?s={search_term_string}"},"query-input":{"@type":"PropertyValueSpecification","valueRequired":true,"valueName":"search_term_string"}}],"inLanguage":"de"},{"@type":"Organization","@id":"https:\/\/qingdaohf.com\/bg\/#organization","name":"Qingdao H&F","url":"https:\/\/qingdaohf.com\/bg\/","logo":{"@type":"ImageObject","inLanguage":"de","@id":"https:\/\/qingdaohf.com\/bg\/#\/schema\/logo\/image\/","url":"https:\/\/qingdaohf.com\/wp-content\/uploads\/2022\/12\/cropped-HF-LOGO.png","contentUrl":"https:\/\/qingdaohf.com\/wp-content\/uploads\/2022\/12\/cropped-HF-LOGO.png","width":391,"height":249,"caption":"Qingdao H&F"},"image":{"@id":"https:\/\/qingdaohf.com\/bg\/#\/schema\/logo\/image\/"},"sameAs":["https:\/\/www.facebook.com\/qingdaohf"]}]}},"_links":{"self":[{"href":"https:\/\/qingdaohf.com\/de\/wp-json\/wp\/v2\/product\/1909","targetHints":{"allow":["GET"]}}],"collection":[{"href":"https:\/\/qingdaohf.com\/de\/wp-json\/wp\/v2\/product"}],"about":[{"href":"https:\/\/qingdaohf.com\/de\/wp-json\/wp\/v2\/types\/product"}],"replies":[{"embeddable":true,"href":"https:\/\/qingdaohf.com\/de\/wp-json\/wp\/v2\/comments?post=1909"}],"version-history":[{"count":13,"href":"https:\/\/qingdaohf.com\/de\/wp-json\/wp\/v2\/product\/1909\/revisions"}],"predecessor-version":[{"id":8879,"href":"https:\/\/qingdaohf.com\/de\/wp-json\/wp\/v2\/product\/1909\/revisions\/8879"}],"wp:featuredmedia":[{"embeddable":true,"href":"https:\/\/qingdaohf.com\/de\/wp-json\/wp\/v2\/media\/2804"}],"wp:attachment":[{"href":"https:\/\/qingdaohf.com\/de\/wp-json\/wp\/v2\/media?parent=1909"}],"wp:term":[{"taxonomy":"product_brand","embeddable":true,"href":"https:\/\/qingdaohf.com\/de\/wp-json\/wp\/v2\/product_brand?post=1909"},{"taxonomy":"product_cat","embeddable":true,"href":"https:\/\/qingdaohf.com\/de\/wp-json\/wp\/v2\/product_cat?post=1909"},{"taxonomy":"product_tag","embeddable":true,"href":"https:\/\/qingdaohf.com\/de\/wp-json\/wp\/v2\/product_tag?post=1909"}],"curies":[{"name":"wp","href":"https:\/\/api.w.org\/{rel}","templated":true}]}}