{"id":1920,"date":"2023-02-01T18:15:41","date_gmt":"2023-02-01T10:15:41","guid":{"rendered":"http:\/\/qingdaohf.com\/?post_type=product&#038;p=1920"},"modified":"2025-11-13T09:06:39","modified_gmt":"2025-11-13T01:06:39","slug":"flat-head-pin","status":"publish","type":"product","link":"https:\/\/qingdaohf.com\/de\/produkt\/flachkopfstift\/","title":{"rendered":"Construction Hardware Flachkopfstift"},"content":{"rendered":"<p>Ein Flachkopfstift ist ein Beschlag, der in der Betonschalung verwendet wird und dazu dient, Betonschalungen sicher an ihrem Platz zu halten. Der Stift besteht aus einem langen, geraden Stahlstab mit einem flachen Kopf an einem Ende und einem spitzen Ende am anderen Ende.<\/p>\n<p>Flachkopfstifte werden in der Regel in Verbindung mit einem hufeisenf\u00f6rmigen Zubeh\u00f6rteil, dem sogenannten Flachkopfstiftschloss, verwendet. Die Stiftsicherung wird \u00fcber das spitze Ende des Stifts gest\u00fclpt und dann in die Holzschalung geh\u00e4mmert, um die Schalung zu sichern.<\/p>\n<p>Flachkopfstifte werden in der Regel bei horizontalen Schalungsanwendungen verwendet, z. B. beim Gie\u00dfen von Betonplatten oder -tr\u00e4gern. Sie werden auch bei vertikalen Schalungsanwendungen verwendet, z. B. beim Gie\u00dfen von Betonw\u00e4nden oder -s\u00e4ulen.<\/p>\n<p>Flachkopfstifte werden h\u00e4ufig anderen Beschl\u00e4gen wie Schrauben oder N\u00e4geln vorgezogen, da sie nach dem Aush\u00e4rten des Betons leicht aus der Schalung entfernt werden k\u00f6nnen. Dadurch kann die Schalung f\u00fcr zuk\u00fcnftige Projekte wiederverwendet werden, was eine kosteng\u00fcnstige L\u00f6sung f\u00fcr Bauprojekte sein kann.<\/p>\n<div class=\"ast-oembed-container\" style=\"height: 100%;\"><iframe title=\"Standard-Keilbolzen, Kombibolzen, Rundkopfbolzen\" width=\"500\" height=\"281\" src=\"https:\/\/www.youtube.com\/embed\/8-Jk5w-PzSU?feature=oembed\" frameborder=\"0\" allow=\"accelerometer; autoplay; clipboard-write; encrypted-media; gyroscope; picture-in-picture; web-share\" referrerpolicy=\"strict-origin-when-cross-origin\" allowfullscreen><\/iframe><\/div>\n\n<table id=\"tablepress-5\" class=\"tablepress tablepress-id-5\">\n<thead>\n<tr class=\"row-1\">\n\t<th colspan=\"5\" class=\"column-1\">Aluminium Umformsystem Zubeh\u00f6r<\/th>\n<\/tr>\n<\/thead>\n<tbody class=\"row-striping row-hover\">\n<tr class=\"row-2\">\n\t<td class=\"column-1\">Bild<\/td><td class=\"column-2\">Artikel<\/td><td class=\"column-3\">Gr\u00f6\u00dfe<\/td><td class=\"column-4\">Material<\/td><td class=\"column-5\">Merkmal<\/td>\n<\/tr>\n<tr class=\"row-3\">\n\t<td class=\"column-1\"><img decoding=\"async\" src=\"http:\/\/qingdaohf.com\/wp-content\/uploads\/2025\/03\/Flat-Head-Pin--150x150.jpeg\" alt=\"Flachkopfstift\u00a0\" width=\"150\" height=\"150\" class=\"alignnone size-thumbnail wp-image-9165\" srcset=\"https:\/\/qingdaohf.com\/wp-content\/uploads\/2025\/03\/Flat-Head-Pin--150x150.jpeg 150w, https:\/\/qingdaohf.com\/wp-content\/uploads\/2025\/03\/Flat-Head-Pin--300x300.jpeg 300w, https:\/\/qingdaohf.com\/wp-content\/uploads\/2025\/03\/Flat-Head-Pin--768x768.jpeg 768w, https:\/\/qingdaohf.com\/wp-content\/uploads\/2025\/03\/Flat-Head-Pin--12x12.jpeg 12w, https:\/\/qingdaohf.com\/wp-content\/uploads\/2025\/03\/Flat-Head-Pin--500x500.jpeg 500w, https:\/\/qingdaohf.com\/wp-content\/uploads\/2025\/03\/Flat-Head-Pin--100x100.jpeg 100w, https:\/\/qingdaohf.com\/wp-content\/uploads\/2025\/03\/Flat-Head-Pin-.jpeg 1000w\" sizes=\"(max-width: 150px) 100vw, 150px\" \/><\/td><td class=\"column-2\">Flachkopfstift\u00a0<\/td><td class=\"column-3\">71g<\/td><td class=\"column-4\">Stahl #45<\/td><td class=\"column-5\">W\u00e4rmebehandlung<\/td>\n<\/tr>\n<tr class=\"row-4\">\n\t<td class=\"column-1\"><img decoding=\"async\" src=\"http:\/\/qingdaohf.com\/wp-content\/uploads\/2025\/03\/round-head-pin-150x150.jpeg\" alt=\"Rundkopfbolzen\" width=\"150\" height=\"150\" class=\"alignnone size-thumbnail wp-image-9166\" srcset=\"https:\/\/qingdaohf.com\/wp-content\/uploads\/2025\/03\/round-head-pin-150x150.jpeg 150w, https:\/\/qingdaohf.com\/wp-content\/uploads\/2025\/03\/round-head-pin-300x300.jpeg 300w, https:\/\/qingdaohf.com\/wp-content\/uploads\/2025\/03\/round-head-pin-768x768.jpeg 768w, https:\/\/qingdaohf.com\/wp-content\/uploads\/2025\/03\/round-head-pin-12x12.jpeg 12w, https:\/\/qingdaohf.com\/wp-content\/uploads\/2025\/03\/round-head-pin-500x500.jpeg 500w, https:\/\/qingdaohf.com\/wp-content\/uploads\/2025\/03\/round-head-pin-100x100.jpeg 100w, https:\/\/qingdaohf.com\/wp-content\/uploads\/2025\/03\/round-head-pin.jpeg 1000w\" sizes=\"(max-width: 150px) 100vw, 150px\" \/><\/td><td class=\"column-2\">Rundkopfstift<\/td><td class=\"column-3\">103g<\/td><td class=\"column-4\">Stahl #45<\/td><td class=\"column-5\">W\u00e4rmebehandlung<\/td>\n<\/tr>\n<tr class=\"row-5\">\n\t<td class=\"column-1\"><img decoding=\"async\" src=\"http:\/\/qingdaohf.com\/wp-content\/uploads\/2025\/03\/combo-pin-150x150.jpeg\" alt=\"Kombistift\" width=\"150\" height=\"150\" class=\"alignnone size-thumbnail wp-image-9164\" srcset=\"https:\/\/qingdaohf.com\/wp-content\/uploads\/2025\/03\/combo-pin-150x150.jpeg 150w, https:\/\/qingdaohf.com\/wp-content\/uploads\/2025\/03\/combo-pin-300x300.jpeg 300w, https:\/\/qingdaohf.com\/wp-content\/uploads\/2025\/03\/combo-pin-768x768.jpeg 768w, https:\/\/qingdaohf.com\/wp-content\/uploads\/2025\/03\/combo-pin-12x12.jpeg 12w, https:\/\/qingdaohf.com\/wp-content\/uploads\/2025\/03\/combo-pin-500x500.jpeg 500w, https:\/\/qingdaohf.com\/wp-content\/uploads\/2025\/03\/combo-pin-100x100.jpeg 100w, https:\/\/qingdaohf.com\/wp-content\/uploads\/2025\/03\/combo-pin.jpeg 1000w\" sizes=\"(max-width: 150px) 100vw, 150px\" \/><\/td><td class=\"column-2\">Komobo-Nadel<\/td><td class=\"column-3\">178g<\/td><td class=\"column-4\">Stahl #45<\/td><td class=\"column-5\">W\u00e4rmebehandlung<\/td>\n<\/tr>\n<tr class=\"row-6\">\n\t<td class=\"column-1\"><img loading=\"lazy\" decoding=\"async\" src=\"http:\/\/qingdaohf.com\/wp-content\/uploads\/2025\/03\/curved-wedge-150x150.jpeg\" alt=\"gebogener Keil\" width=\"150\" height=\"150\" class=\"alignnone size-thumbnail wp-image-9169\" srcset=\"https:\/\/qingdaohf.com\/wp-content\/uploads\/2025\/03\/curved-wedge-150x150.jpeg 150w, https:\/\/qingdaohf.com\/wp-content\/uploads\/2025\/03\/curved-wedge-300x300.jpeg 300w, https:\/\/qingdaohf.com\/wp-content\/uploads\/2025\/03\/curved-wedge-768x768.jpeg 768w, https:\/\/qingdaohf.com\/wp-content\/uploads\/2025\/03\/curved-wedge-12x12.jpeg 12w, https:\/\/qingdaohf.com\/wp-content\/uploads\/2025\/03\/curved-wedge-500x500.jpeg 500w, https:\/\/qingdaohf.com\/wp-content\/uploads\/2025\/03\/curved-wedge-100x100.jpeg 100w, https:\/\/qingdaohf.com\/wp-content\/uploads\/2025\/03\/curved-wedge.jpeg 1000w\" sizes=\"(max-width: 150px) 100vw, 150px\" \/><\/td><td class=\"column-2\">Gerader Keil<\/td><td class=\"column-3\">49.2g<\/td><td class=\"column-4\">Stahl #45<\/td><td class=\"column-5\">W\u00e4rmebehandlung<\/td>\n<\/tr>\n<tr class=\"row-7\">\n\t<td class=\"column-1\"><img loading=\"lazy\" decoding=\"async\" src=\"http:\/\/qingdaohf.com\/wp-content\/uploads\/2025\/03\/straight-wedge-150x150.jpeg\" alt=\"gerader Keil\" width=\"150\" height=\"150\" class=\"alignnone size-thumbnail wp-image-9168\" srcset=\"https:\/\/qingdaohf.com\/wp-content\/uploads\/2025\/03\/straight-wedge-150x150.jpeg 150w, https:\/\/qingdaohf.com\/wp-content\/uploads\/2025\/03\/straight-wedge-300x300.jpeg 300w, https:\/\/qingdaohf.com\/wp-content\/uploads\/2025\/03\/straight-wedge-768x768.jpeg 768w, https:\/\/qingdaohf.com\/wp-content\/uploads\/2025\/03\/straight-wedge-12x12.jpeg 12w, https:\/\/qingdaohf.com\/wp-content\/uploads\/2025\/03\/straight-wedge-500x500.jpeg 500w, https:\/\/qingdaohf.com\/wp-content\/uploads\/2025\/03\/straight-wedge-100x100.jpeg 100w, https:\/\/qingdaohf.com\/wp-content\/uploads\/2025\/03\/straight-wedge.jpeg 1000w\" sizes=\"(max-width: 150px) 100vw, 150px\" \/><\/td><td class=\"column-2\">Gebogener Keil<\/td><td class=\"column-3\">49.4g<\/td><td class=\"column-4\">Stahl #45<\/td><td class=\"column-5\">W\u00e4rmebehandlung<\/td>\n<\/tr>\n<\/tbody>\n<\/table>\n<!-- #tablepress-5 from cache -->\n<p>&nbsp;<\/p>\n<p>&nbsp;<\/p>\n<p>&nbsp;<\/p>","protected":false},"excerpt":{"rendered":"<p>Rund-\/Flachkopfbolzen\/Kombibolzen f\u00fcr Aluminium-Schalungssysteme, Zubeh\u00f6r und Beschl\u00e4ge im Betonbau<\/p>","protected":false},"featured_media":2750,"comment_status":"open","ping_status":"closed","template":"","meta":{"site-sidebar-layout":"default","site-content-layout":"default","ast-site-content-layout":"default","site-content-style":"default","site-sidebar-style":"default","ast-global-header-display":"","ast-banner-title-visibility":"","ast-main-header-display":"","ast-hfb-above-header-display":"","ast-hfb-below-header-display":"","ast-hfb-mobile-header-display":"","site-post-title":"","ast-breadcrumbs-content":"","ast-featured-img":"","footer-sml-layout":"","theme-transparent-header-meta":"default","adv-header-id-meta":"","stick-header-meta":"default","header-above-stick-meta":"","header-main-stick-meta":"","header-below-stick-meta":"","astra-migrate-meta-layouts":"set","ast-page-background-enabled":"default","ast-page-background-meta":{"desktop":{"background-color":"","background-image":"","background-repeat":"repeat","background-position":"center center","background-size":"auto","background-attachment":"scroll","background-type":"","background-media":"","overlay-type":"","overlay-color":"","overlay-opacity":"","overlay-gradient":""},"tablet":{"background-color":"","background-image":"","background-repeat":"repeat","background-position":"center center","background-size":"auto","background-attachment":"scroll","background-type":"","background-media":"","overlay-type":"","overlay-color":"","overlay-opacity":"","overlay-gradient":""},"mobile":{"background-color":"","background-image":"","background-repeat":"repeat","background-position":"center center","background-size":"auto","background-attachment":"scroll","background-type":"","background-media":"","overlay-type":"","overlay-color":"","overlay-opacity":"","overlay-gradient":""}},"ast-content-background-meta":{"desktop":{"background-color":"var(--ast-global-color-5)","background-image":"","background-repeat":"repeat","background-position":"center center","background-size":"auto","background-attachment":"scroll","background-type":"","background-media":"","overlay-type":"","overlay-color":"","overlay-opacity":"","overlay-gradient":""},"tablet":{"background-color":"var(--ast-global-color-5)","background-image":"","background-repeat":"repeat","background-position":"center center","background-size":"auto","background-attachment":"scroll","background-type":"","background-media":"","overlay-type":"","overlay-color":"","overlay-opacity":"","overlay-gradient":""},"mobile":{"background-color":"var(--ast-global-color-5)","background-image":"","background-repeat":"repeat","background-position":"center center","background-size":"auto","background-attachment":"scroll","background-type":"","background-media":"","overlay-type":"","overlay-color":"","overlay-opacity":"","overlay-gradient":""}}},"product_brand":[],"product_cat":[50,20,65,28],"product_tag":[],"class_list":{"0":"post-1920","1":"product","2":"type-product","3":"status-publish","4":"has-post-thumbnail","6":"product_cat-concrete-form-accessories","7":"product_cat-concrete-wall-tie","8":"product_cat-aluminum-form-tie","9":"product_cat-concrete-forming","10":"desktop-align-left","11":"tablet-align-left","12":"mobile-align-left","13":"ast-product-gallery-layout-horizontal-slider","14":"ast-product-tabs-layout-horizontal","16":"first","17":"instock","18":"shipping-taxable","19":"purchasable","20":"product-type-simple"},"yoast_head":"<!-- This site is optimized with the Yoast SEO plugin v25.2 - https:\/\/yoast.com\/wordpress\/plugins\/seo\/ -->\n<title>Construction Hardware Flat Head Pin<\/title>\n<meta name=\"description\" content=\"Round\/flat head pin\/combo pin for aluminum forming system accessories &amp; hardware in concrete building\" \/>\n<meta name=\"robots\" content=\"index, follow, max-snippet:-1, max-image-preview:large, max-video-preview:-1\" \/>\n<link rel=\"canonical\" href=\"https:\/\/qingdaohf.com\/de\/produkt\/flachkopfstift\/\" \/>\n<meta property=\"og:locale\" content=\"de_DE\" \/>\n<meta property=\"og:type\" content=\"article\" \/>\n<meta property=\"og:title\" content=\"Construction Hardware Flat Head Pin\" \/>\n<meta property=\"og:description\" content=\"Round\/flat head pin\/combo pin for aluminum forming system accessories &amp; hardware in concrete building\" \/>\n<meta property=\"og:url\" content=\"https:\/\/qingdaohf.com\/de\/produkt\/flachkopfstift\/\" \/>\n<meta property=\"og:site_name\" content=\"Concrete Form &amp; Rigging Hardware Supplier\" \/>\n<meta property=\"article:publisher\" content=\"https:\/\/www.facebook.com\/qingdaohf\" \/>\n<meta property=\"article:modified_time\" content=\"2025-11-13T01:06:39+00:00\" \/>\n<meta property=\"og:image\" content=\"https:\/\/qingdaohf.com\/wp-content\/uploads\/2023\/02\/flat-head-pin-4.jpg\" \/>\n\t<meta property=\"og:image:width\" content=\"1000\" \/>\n\t<meta property=\"og:image:height\" content=\"1000\" \/>\n\t<meta property=\"og:image:type\" content=\"image\/jpeg\" \/>\n<meta name=\"twitter:card\" content=\"summary_large_image\" \/>\n<meta name=\"twitter:label1\" content=\"Gesch\u00e4tzte Lesezeit\" \/>\n\t<meta name=\"twitter:data1\" content=\"1\u00a0Minute\" \/>\n<script type=\"application\/ld+json\" class=\"yoast-schema-graph\">{\"@context\":\"https:\/\/schema.org\",\"@graph\":[{\"@type\":\"WebPage\",\"@id\":\"https:\/\/qingdaohf.com\/product\/flat-head-pin\/\",\"url\":\"https:\/\/qingdaohf.com\/product\/flat-head-pin\/\",\"name\":\"Construction Hardware Flat Head Pin\",\"isPartOf\":{\"@id\":\"https:\/\/qingdaohf.com\/bg\/#website\"},\"primaryImageOfPage\":{\"@id\":\"https:\/\/qingdaohf.com\/product\/flat-head-pin\/#primaryimage\"},\"image\":{\"@id\":\"https:\/\/qingdaohf.com\/product\/flat-head-pin\/#primaryimage\"},\"thumbnailUrl\":\"https:\/\/qingdaohf.com\/wp-content\/uploads\/2023\/02\/flat-head-pin-4.jpg\",\"datePublished\":\"2023-02-01T10:15:41+00:00\",\"dateModified\":\"2025-11-13T01:06:39+00:00\",\"description\":\"Round\/flat head pin\/combo pin for aluminum forming system accessories & hardware in concrete building\",\"breadcrumb\":{\"@id\":\"https:\/\/qingdaohf.com\/product\/flat-head-pin\/#breadcrumb\"},\"inLanguage\":\"de\",\"potentialAction\":[{\"@type\":\"ReadAction\",\"target\":[\"https:\/\/qingdaohf.com\/product\/flat-head-pin\/\"]}]},{\"@type\":\"ImageObject\",\"inLanguage\":\"de\",\"@id\":\"https:\/\/qingdaohf.com\/product\/flat-head-pin\/#primaryimage\",\"url\":\"https:\/\/qingdaohf.com\/wp-content\/uploads\/2023\/02\/flat-head-pin-4.jpg\",\"contentUrl\":\"https:\/\/qingdaohf.com\/wp-content\/uploads\/2023\/02\/flat-head-pin-4.jpg\",\"width\":1000,\"height\":1000},{\"@type\":\"BreadcrumbList\",\"@id\":\"https:\/\/qingdaohf.com\/product\/flat-head-pin\/#breadcrumb\",\"itemListElement\":[{\"@type\":\"ListItem\",\"position\":1,\"name\":\"Home\",\"item\":\"https:\/\/qingdaohf.com\/\"},{\"@type\":\"ListItem\",\"position\":2,\"name\":\"Concrete Forming Accessories and Rigging Hardware\",\"item\":\"https:\/\/qingdaohf.com\/bg\/?page_id=944\"},{\"@type\":\"ListItem\",\"position\":3,\"name\":\"Construction Hardware Flat Head Pin\"}]},{\"@type\":\"WebSite\",\"@id\":\"https:\/\/qingdaohf.com\/bg\/#website\",\"url\":\"https:\/\/qingdaohf.com\/bg\/\",\"name\":\"Concrete Form & Rigging Hardware Supplier\",\"description\":\"\",\"publisher\":{\"@id\":\"https:\/\/qingdaohf.com\/bg\/#organization\"},\"potentialAction\":[{\"@type\":\"SearchAction\",\"target\":{\"@type\":\"EntryPoint\",\"urlTemplate\":\"https:\/\/qingdaohf.com\/bg\/?s={search_term_string}\"},\"query-input\":{\"@type\":\"PropertyValueSpecification\",\"valueRequired\":true,\"valueName\":\"search_term_string\"}}],\"inLanguage\":\"de\"},{\"@type\":\"Organization\",\"@id\":\"https:\/\/qingdaohf.com\/bg\/#organization\",\"name\":\"Qingdao H&F\",\"url\":\"https:\/\/qingdaohf.com\/bg\/\",\"logo\":{\"@type\":\"ImageObject\",\"inLanguage\":\"de\",\"@id\":\"https:\/\/qingdaohf.com\/bg\/#\/schema\/logo\/image\/\",\"url\":\"https:\/\/qingdaohf.com\/wp-content\/uploads\/2022\/12\/cropped-HF-LOGO.png\",\"contentUrl\":\"https:\/\/qingdaohf.com\/wp-content\/uploads\/2022\/12\/cropped-HF-LOGO.png\",\"width\":391,\"height\":249,\"caption\":\"Qingdao H&F\"},\"image\":{\"@id\":\"https:\/\/qingdaohf.com\/bg\/#\/schema\/logo\/image\/\"},\"sameAs\":[\"https:\/\/www.facebook.com\/qingdaohf\"]}]}<\/script>\n<!-- \/ Yoast SEO plugin. -->","yoast_head_json":{"title":"Construction Hardware Flat Head Pin","description":"Round\/flat head pin\/combo pin for aluminum forming system accessories & hardware in concrete building","robots":{"index":"index","follow":"follow","max-snippet":"max-snippet:-1","max-image-preview":"max-image-preview:large","max-video-preview":"max-video-preview:-1"},"canonical":"https:\/\/qingdaohf.com\/de\/produkt\/flachkopfstift\/","og_locale":"de_DE","og_type":"article","og_title":"Construction Hardware Flat Head Pin","og_description":"Round\/flat head pin\/combo pin for aluminum forming system accessories & hardware in concrete building","og_url":"https:\/\/qingdaohf.com\/de\/produkt\/flachkopfstift\/","og_site_name":"Concrete Form &amp; Rigging Hardware Supplier","article_publisher":"https:\/\/www.facebook.com\/qingdaohf","article_modified_time":"2025-11-13T01:06:39+00:00","og_image":[{"width":1000,"height":1000,"url":"https:\/\/qingdaohf.com\/wp-content\/uploads\/2023\/02\/flat-head-pin-4.jpg","type":"image\/jpeg"}],"twitter_card":"summary_large_image","twitter_misc":{"Gesch\u00e4tzte Lesezeit":"1\u00a0Minute"},"schema":{"@context":"https:\/\/schema.org","@graph":[{"@type":"WebPage","@id":"https:\/\/qingdaohf.com\/product\/flat-head-pin\/","url":"https:\/\/qingdaohf.com\/product\/flat-head-pin\/","name":"Construction Hardware Flat Head Pin","isPartOf":{"@id":"https:\/\/qingdaohf.com\/bg\/#website"},"primaryImageOfPage":{"@id":"https:\/\/qingdaohf.com\/product\/flat-head-pin\/#primaryimage"},"image":{"@id":"https:\/\/qingdaohf.com\/product\/flat-head-pin\/#primaryimage"},"thumbnailUrl":"https:\/\/qingdaohf.com\/wp-content\/uploads\/2023\/02\/flat-head-pin-4.jpg","datePublished":"2023-02-01T10:15:41+00:00","dateModified":"2025-11-13T01:06:39+00:00","description":"Round\/flat head pin\/combo pin for aluminum forming system accessories & hardware in concrete building","breadcrumb":{"@id":"https:\/\/qingdaohf.com\/product\/flat-head-pin\/#breadcrumb"},"inLanguage":"de","potentialAction":[{"@type":"ReadAction","target":["https:\/\/qingdaohf.com\/product\/flat-head-pin\/"]}]},{"@type":"ImageObject","inLanguage":"de","@id":"https:\/\/qingdaohf.com\/product\/flat-head-pin\/#primaryimage","url":"https:\/\/qingdaohf.com\/wp-content\/uploads\/2023\/02\/flat-head-pin-4.jpg","contentUrl":"https:\/\/qingdaohf.com\/wp-content\/uploads\/2023\/02\/flat-head-pin-4.jpg","width":1000,"height":1000},{"@type":"BreadcrumbList","@id":"https:\/\/qingdaohf.com\/product\/flat-head-pin\/#breadcrumb","itemListElement":[{"@type":"ListItem","position":1,"name":"Home","item":"https:\/\/qingdaohf.com\/"},{"@type":"ListItem","position":2,"name":"Concrete Forming Accessories and Rigging Hardware","item":"https:\/\/qingdaohf.com\/bg\/?page_id=944"},{"@type":"ListItem","position":3,"name":"Construction Hardware Flat Head Pin"}]},{"@type":"WebSite","@id":"https:\/\/qingdaohf.com\/bg\/#website","url":"https:\/\/qingdaohf.com\/bg\/","name":"Concrete Form & Rigging Hardware Supplier","description":"","publisher":{"@id":"https:\/\/qingdaohf.com\/bg\/#organization"},"potentialAction":[{"@type":"SearchAction","target":{"@type":"EntryPoint","urlTemplate":"https:\/\/qingdaohf.com\/bg\/?s={search_term_string}"},"query-input":{"@type":"PropertyValueSpecification","valueRequired":true,"valueName":"search_term_string"}}],"inLanguage":"de"},{"@type":"Organization","@id":"https:\/\/qingdaohf.com\/bg\/#organization","name":"Qingdao H&F","url":"https:\/\/qingdaohf.com\/bg\/","logo":{"@type":"ImageObject","inLanguage":"de","@id":"https:\/\/qingdaohf.com\/bg\/#\/schema\/logo\/image\/","url":"https:\/\/qingdaohf.com\/wp-content\/uploads\/2022\/12\/cropped-HF-LOGO.png","contentUrl":"https:\/\/qingdaohf.com\/wp-content\/uploads\/2022\/12\/cropped-HF-LOGO.png","width":391,"height":249,"caption":"Qingdao H&F"},"image":{"@id":"https:\/\/qingdaohf.com\/bg\/#\/schema\/logo\/image\/"},"sameAs":["https:\/\/www.facebook.com\/qingdaohf"]}]}},"_links":{"self":[{"href":"https:\/\/qingdaohf.com\/de\/wp-json\/wp\/v2\/product\/1920","targetHints":{"allow":["GET"]}}],"collection":[{"href":"https:\/\/qingdaohf.com\/de\/wp-json\/wp\/v2\/product"}],"about":[{"href":"https:\/\/qingdaohf.com\/de\/wp-json\/wp\/v2\/types\/product"}],"replies":[{"embeddable":true,"href":"https:\/\/qingdaohf.com\/de\/wp-json\/wp\/v2\/comments?post=1920"}],"version-history":[{"count":3,"href":"https:\/\/qingdaohf.com\/de\/wp-json\/wp\/v2\/product\/1920\/revisions"}],"predecessor-version":[{"id":9447,"href":"https:\/\/qingdaohf.com\/de\/wp-json\/wp\/v2\/product\/1920\/revisions\/9447"}],"wp:featuredmedia":[{"embeddable":true,"href":"https:\/\/qingdaohf.com\/de\/wp-json\/wp\/v2\/media\/2750"}],"wp:attachment":[{"href":"https:\/\/qingdaohf.com\/de\/wp-json\/wp\/v2\/media?parent=1920"}],"wp:term":[{"taxonomy":"product_brand","embeddable":true,"href":"https:\/\/qingdaohf.com\/de\/wp-json\/wp\/v2\/product_brand?post=1920"},{"taxonomy":"product_cat","embeddable":true,"href":"https:\/\/qingdaohf.com\/de\/wp-json\/wp\/v2\/product_cat?post=1920"},{"taxonomy":"product_tag","embeddable":true,"href":"https:\/\/qingdaohf.com\/de\/wp-json\/wp\/v2\/product_tag?post=1920"}],"curies":[{"name":"wp","href":"https:\/\/api.w.org\/{rel}","templated":true}]}}