{"id":1944,"date":"2023-02-03T16:23:40","date_gmt":"2023-02-03T08:23:40","guid":{"rendered":"http:\/\/qingdaohf.com\/?post_type=product&#038;p=1944"},"modified":"2025-11-13T09:06:38","modified_gmt":"2025-11-13T01:06:38","slug":"stainless-steel-cup-washers","status":"publish","type":"product","link":"https:\/\/qingdaohf.com\/de\/produkt\/topfscheiben-aus-rostfreiem-stahl\/","title":{"rendered":"Unterlegscheiben aus rostfreiem Stahl"},"content":{"rendered":"<p>Unterlegscheiben aus rostfreiem Stahl sind eine Art von Beschlag, der bei der Betonschalung verwendet wird. Sie dienen dazu, eine sichere Verbindung zwischen der Schalung und dem Beton zu schaffen, um sicherzustellen, dass die Schalung w\u00e4hrend des Gie\u00dfens an ihrem Platz bleibt.<\/p>\n<p>Die Unterlegscheibe hat eine leicht konkave Form, die es ihr erm\u00f6glicht, sich eng an den Kopf einer Sechskantschraube oder -mutter anzulegen. Dies tr\u00e4gt dazu bei, die Last gleichm\u00e4\u00dfiger \u00fcber die Oberfl\u00e4che der Unterlegscheibe zu verteilen, wodurch das Risiko verringert wird, dass die Schraube oder Mutter durch die Schalung gezogen wird.<\/p>\n<p>Rostfreier Stahl ist ein beliebtes Material f\u00fcr Unterlegscheiben in der Betonschalung, da er sehr korrosions- und rostbest\u00e4ndig ist. Dies macht ihn ideal f\u00fcr den Einsatz im Au\u00dfenbereich, wo die Beschl\u00e4ge Feuchtigkeit, Regen oder anderen rauen Wetterbedingungen ausgesetzt sein k\u00f6nnen.<\/p>","protected":false},"excerpt":{"rendered":"<p>Versenkte, gepresste Unterlegscheibe. Nicht aus massivem rostfreiem Stahl. Wird oft mit Linsenkopfschrauben verwendet. Mengenrabatt. Prompte Lieferung.<\/p>","protected":false},"featured_media":2972,"comment_status":"open","ping_status":"closed","template":"","meta":{"site-sidebar-layout":"default","site-content-layout":"default","ast-site-content-layout":"","site-content-style":"default","site-sidebar-style":"default","ast-global-header-display":"","ast-banner-title-visibility":"","ast-main-header-display":"","ast-hfb-above-header-display":"","ast-hfb-below-header-display":"","ast-hfb-mobile-header-display":"","site-post-title":"","ast-breadcrumbs-content":"","ast-featured-img":"","footer-sml-layout":"","theme-transparent-header-meta":"default","adv-header-id-meta":"","stick-header-meta":"default","header-above-stick-meta":"","header-main-stick-meta":"","header-below-stick-meta":"","astra-migrate-meta-layouts":"default","ast-page-background-enabled":"default","ast-page-background-meta":{"desktop":{"background-color":"","background-image":"","background-repeat":"repeat","background-position":"center center","background-size":"auto","background-attachment":"scroll","background-type":"","background-media":"","overlay-type":"","overlay-color":"","overlay-opacity":"","overlay-gradient":""},"tablet":{"background-color":"","background-image":"","background-repeat":"repeat","background-position":"center center","background-size":"auto","background-attachment":"scroll","background-type":"","background-media":"","overlay-type":"","overlay-color":"","overlay-opacity":"","overlay-gradient":""},"mobile":{"background-color":"","background-image":"","background-repeat":"repeat","background-position":"center center","background-size":"auto","background-attachment":"scroll","background-type":"","background-media":"","overlay-type":"","overlay-color":"","overlay-opacity":"","overlay-gradient":""}},"ast-content-background-meta":{"desktop":{"background-color":"var(--ast-global-color-5)","background-image":"","background-repeat":"repeat","background-position":"center center","background-size":"auto","background-attachment":"scroll","background-type":"","background-media":"","overlay-type":"","overlay-color":"","overlay-opacity":"","overlay-gradient":""},"tablet":{"background-color":"var(--ast-global-color-5)","background-image":"","background-repeat":"repeat","background-position":"center center","background-size":"auto","background-attachment":"scroll","background-type":"","background-media":"","overlay-type":"","overlay-color":"","overlay-opacity":"","overlay-gradient":""},"mobile":{"background-color":"var(--ast-global-color-5)","background-image":"","background-repeat":"repeat","background-position":"center center","background-size":"auto","background-attachment":"scroll","background-type":"","background-media":"","overlay-type":"","overlay-color":"","overlay-opacity":"","overlay-gradient":""}}},"product_brand":[],"product_cat":[31],"product_tag":[],"class_list":{"0":"post-1944","1":"product","2":"type-product","3":"status-publish","4":"has-post-thumbnail","6":"product_cat-fasteners","7":"desktop-align-left","8":"tablet-align-left","9":"mobile-align-left","10":"ast-product-gallery-layout-horizontal-slider","11":"ast-product-tabs-layout-horizontal","13":"first","14":"instock","15":"shipping-taxable","16":"purchasable","17":"product-type-simple"},"yoast_head":"<!-- This site is optimized with the Yoast SEO plugin v25.2 - https:\/\/yoast.com\/wordpress\/plugins\/seo\/ -->\n<title>Stainless Steel Cup Washers<\/title>\n<meta name=\"description\" content=\"Countersunk Pressed Washer. Not Solid Stainless Steel. Often used with Raised Head Screws. Quantity Discount. Prompt Delivery.\" \/>\n<meta name=\"robots\" content=\"index, follow, max-snippet:-1, max-image-preview:large, max-video-preview:-1\" \/>\n<link rel=\"canonical\" href=\"https:\/\/qingdaohf.com\/de\/produkt\/topfscheiben-aus-rostfreiem-stahl\/\" \/>\n<meta property=\"og:locale\" content=\"de_DE\" \/>\n<meta property=\"og:type\" content=\"article\" \/>\n<meta property=\"og:title\" content=\"Stainless Steel Cup Washers\" \/>\n<meta property=\"og:description\" content=\"Countersunk Pressed Washer. Not Solid Stainless Steel. Often used with Raised Head Screws. Quantity Discount. Prompt Delivery.\" \/>\n<meta property=\"og:url\" content=\"https:\/\/qingdaohf.com\/de\/produkt\/topfscheiben-aus-rostfreiem-stahl\/\" \/>\n<meta property=\"og:site_name\" content=\"Concrete Form &amp; Rigging Hardware Supplier\" \/>\n<meta property=\"article:publisher\" content=\"https:\/\/www.facebook.com\/qingdaohf\" \/>\n<meta property=\"article:modified_time\" content=\"2025-11-13T01:06:38+00:00\" \/>\n<meta property=\"og:image\" content=\"https:\/\/qingdaohf.com\/wp-content\/uploads\/2023\/02\/stainless-steel-cup-washers-3.jpg\" \/>\n\t<meta property=\"og:image:width\" content=\"1000\" \/>\n\t<meta property=\"og:image:height\" content=\"1000\" \/>\n\t<meta property=\"og:image:type\" content=\"image\/jpeg\" \/>\n<meta name=\"twitter:card\" content=\"summary_large_image\" \/>\n<meta name=\"twitter:label1\" content=\"Gesch\u00e4tzte Lesezeit\" \/>\n\t<meta name=\"twitter:data1\" content=\"1\u00a0Minute\" \/>\n<script type=\"application\/ld+json\" class=\"yoast-schema-graph\">{\"@context\":\"https:\/\/schema.org\",\"@graph\":[{\"@type\":\"WebPage\",\"@id\":\"https:\/\/qingdaohf.com\/product\/stainless-steel-cup-washers\/\",\"url\":\"https:\/\/qingdaohf.com\/product\/stainless-steel-cup-washers\/\",\"name\":\"Stainless Steel Cup Washers\",\"isPartOf\":{\"@id\":\"https:\/\/qingdaohf.com\/bg\/#website\"},\"primaryImageOfPage\":{\"@id\":\"https:\/\/qingdaohf.com\/product\/stainless-steel-cup-washers\/#primaryimage\"},\"image\":{\"@id\":\"https:\/\/qingdaohf.com\/product\/stainless-steel-cup-washers\/#primaryimage\"},\"thumbnailUrl\":\"https:\/\/qingdaohf.com\/wp-content\/uploads\/2023\/02\/stainless-steel-cup-washers-3.jpg\",\"datePublished\":\"2023-02-03T08:23:40+00:00\",\"dateModified\":\"2025-11-13T01:06:38+00:00\",\"description\":\"Countersunk Pressed Washer. Not Solid Stainless Steel. Often used with Raised Head Screws. Quantity Discount. Prompt Delivery.\",\"breadcrumb\":{\"@id\":\"https:\/\/qingdaohf.com\/product\/stainless-steel-cup-washers\/#breadcrumb\"},\"inLanguage\":\"de\",\"potentialAction\":[{\"@type\":\"ReadAction\",\"target\":[\"https:\/\/qingdaohf.com\/product\/stainless-steel-cup-washers\/\"]}]},{\"@type\":\"ImageObject\",\"inLanguage\":\"de\",\"@id\":\"https:\/\/qingdaohf.com\/product\/stainless-steel-cup-washers\/#primaryimage\",\"url\":\"https:\/\/qingdaohf.com\/wp-content\/uploads\/2023\/02\/stainless-steel-cup-washers-3.jpg\",\"contentUrl\":\"https:\/\/qingdaohf.com\/wp-content\/uploads\/2023\/02\/stainless-steel-cup-washers-3.jpg\",\"width\":1000,\"height\":1000,\"caption\":\"stainless steel cup washers\"},{\"@type\":\"BreadcrumbList\",\"@id\":\"https:\/\/qingdaohf.com\/product\/stainless-steel-cup-washers\/#breadcrumb\",\"itemListElement\":[{\"@type\":\"ListItem\",\"position\":1,\"name\":\"Home\",\"item\":\"https:\/\/qingdaohf.com\/\"},{\"@type\":\"ListItem\",\"position\":2,\"name\":\"Concrete Forming Accessories and Rigging Hardware\",\"item\":\"https:\/\/qingdaohf.com\/bg\/?page_id=944\"},{\"@type\":\"ListItem\",\"position\":3,\"name\":\"Stainless Steel Cup Washers\"}]},{\"@type\":\"WebSite\",\"@id\":\"https:\/\/qingdaohf.com\/bg\/#website\",\"url\":\"https:\/\/qingdaohf.com\/bg\/\",\"name\":\"Concrete Form & Rigging Hardware Supplier\",\"description\":\"\",\"publisher\":{\"@id\":\"https:\/\/qingdaohf.com\/bg\/#organization\"},\"potentialAction\":[{\"@type\":\"SearchAction\",\"target\":{\"@type\":\"EntryPoint\",\"urlTemplate\":\"https:\/\/qingdaohf.com\/bg\/?s={search_term_string}\"},\"query-input\":{\"@type\":\"PropertyValueSpecification\",\"valueRequired\":true,\"valueName\":\"search_term_string\"}}],\"inLanguage\":\"de\"},{\"@type\":\"Organization\",\"@id\":\"https:\/\/qingdaohf.com\/bg\/#organization\",\"name\":\"Qingdao H&F\",\"url\":\"https:\/\/qingdaohf.com\/bg\/\",\"logo\":{\"@type\":\"ImageObject\",\"inLanguage\":\"de\",\"@id\":\"https:\/\/qingdaohf.com\/bg\/#\/schema\/logo\/image\/\",\"url\":\"https:\/\/qingdaohf.com\/wp-content\/uploads\/2022\/12\/cropped-HF-LOGO.png\",\"contentUrl\":\"https:\/\/qingdaohf.com\/wp-content\/uploads\/2022\/12\/cropped-HF-LOGO.png\",\"width\":391,\"height\":249,\"caption\":\"Qingdao H&F\"},\"image\":{\"@id\":\"https:\/\/qingdaohf.com\/bg\/#\/schema\/logo\/image\/\"},\"sameAs\":[\"https:\/\/www.facebook.com\/qingdaohf\"]}]}<\/script>\n<!-- \/ Yoast SEO plugin. -->","yoast_head_json":{"title":"Stainless Steel Cup Washers","description":"Countersunk Pressed Washer. Not Solid Stainless Steel. Often used with Raised Head Screws. Quantity Discount. Prompt Delivery.","robots":{"index":"index","follow":"follow","max-snippet":"max-snippet:-1","max-image-preview":"max-image-preview:large","max-video-preview":"max-video-preview:-1"},"canonical":"https:\/\/qingdaohf.com\/de\/produkt\/topfscheiben-aus-rostfreiem-stahl\/","og_locale":"de_DE","og_type":"article","og_title":"Stainless Steel Cup Washers","og_description":"Countersunk Pressed Washer. Not Solid Stainless Steel. Often used with Raised Head Screws. Quantity Discount. Prompt Delivery.","og_url":"https:\/\/qingdaohf.com\/de\/produkt\/topfscheiben-aus-rostfreiem-stahl\/","og_site_name":"Concrete Form &amp; Rigging Hardware Supplier","article_publisher":"https:\/\/www.facebook.com\/qingdaohf","article_modified_time":"2025-11-13T01:06:38+00:00","og_image":[{"width":1000,"height":1000,"url":"https:\/\/qingdaohf.com\/wp-content\/uploads\/2023\/02\/stainless-steel-cup-washers-3.jpg","type":"image\/jpeg"}],"twitter_card":"summary_large_image","twitter_misc":{"Gesch\u00e4tzte Lesezeit":"1\u00a0Minute"},"schema":{"@context":"https:\/\/schema.org","@graph":[{"@type":"WebPage","@id":"https:\/\/qingdaohf.com\/product\/stainless-steel-cup-washers\/","url":"https:\/\/qingdaohf.com\/product\/stainless-steel-cup-washers\/","name":"Stainless Steel Cup Washers","isPartOf":{"@id":"https:\/\/qingdaohf.com\/bg\/#website"},"primaryImageOfPage":{"@id":"https:\/\/qingdaohf.com\/product\/stainless-steel-cup-washers\/#primaryimage"},"image":{"@id":"https:\/\/qingdaohf.com\/product\/stainless-steel-cup-washers\/#primaryimage"},"thumbnailUrl":"https:\/\/qingdaohf.com\/wp-content\/uploads\/2023\/02\/stainless-steel-cup-washers-3.jpg","datePublished":"2023-02-03T08:23:40+00:00","dateModified":"2025-11-13T01:06:38+00:00","description":"Countersunk Pressed Washer. Not Solid Stainless Steel. Often used with Raised Head Screws. Quantity Discount. Prompt Delivery.","breadcrumb":{"@id":"https:\/\/qingdaohf.com\/product\/stainless-steel-cup-washers\/#breadcrumb"},"inLanguage":"de","potentialAction":[{"@type":"ReadAction","target":["https:\/\/qingdaohf.com\/product\/stainless-steel-cup-washers\/"]}]},{"@type":"ImageObject","inLanguage":"de","@id":"https:\/\/qingdaohf.com\/product\/stainless-steel-cup-washers\/#primaryimage","url":"https:\/\/qingdaohf.com\/wp-content\/uploads\/2023\/02\/stainless-steel-cup-washers-3.jpg","contentUrl":"https:\/\/qingdaohf.com\/wp-content\/uploads\/2023\/02\/stainless-steel-cup-washers-3.jpg","width":1000,"height":1000,"caption":"stainless steel cup washers"},{"@type":"BreadcrumbList","@id":"https:\/\/qingdaohf.com\/product\/stainless-steel-cup-washers\/#breadcrumb","itemListElement":[{"@type":"ListItem","position":1,"name":"Home","item":"https:\/\/qingdaohf.com\/"},{"@type":"ListItem","position":2,"name":"Concrete Forming Accessories and Rigging Hardware","item":"https:\/\/qingdaohf.com\/bg\/?page_id=944"},{"@type":"ListItem","position":3,"name":"Stainless Steel Cup Washers"}]},{"@type":"WebSite","@id":"https:\/\/qingdaohf.com\/bg\/#website","url":"https:\/\/qingdaohf.com\/bg\/","name":"Concrete Form & Rigging Hardware Supplier","description":"","publisher":{"@id":"https:\/\/qingdaohf.com\/bg\/#organization"},"potentialAction":[{"@type":"SearchAction","target":{"@type":"EntryPoint","urlTemplate":"https:\/\/qingdaohf.com\/bg\/?s={search_term_string}"},"query-input":{"@type":"PropertyValueSpecification","valueRequired":true,"valueName":"search_term_string"}}],"inLanguage":"de"},{"@type":"Organization","@id":"https:\/\/qingdaohf.com\/bg\/#organization","name":"Qingdao H&F","url":"https:\/\/qingdaohf.com\/bg\/","logo":{"@type":"ImageObject","inLanguage":"de","@id":"https:\/\/qingdaohf.com\/bg\/#\/schema\/logo\/image\/","url":"https:\/\/qingdaohf.com\/wp-content\/uploads\/2022\/12\/cropped-HF-LOGO.png","contentUrl":"https:\/\/qingdaohf.com\/wp-content\/uploads\/2022\/12\/cropped-HF-LOGO.png","width":391,"height":249,"caption":"Qingdao H&F"},"image":{"@id":"https:\/\/qingdaohf.com\/bg\/#\/schema\/logo\/image\/"},"sameAs":["https:\/\/www.facebook.com\/qingdaohf"]}]}},"_links":{"self":[{"href":"https:\/\/qingdaohf.com\/de\/wp-json\/wp\/v2\/product\/1944","targetHints":{"allow":["GET"]}}],"collection":[{"href":"https:\/\/qingdaohf.com\/de\/wp-json\/wp\/v2\/product"}],"about":[{"href":"https:\/\/qingdaohf.com\/de\/wp-json\/wp\/v2\/types\/product"}],"replies":[{"embeddable":true,"href":"https:\/\/qingdaohf.com\/de\/wp-json\/wp\/v2\/comments?post=1944"}],"version-history":[{"count":2,"href":"https:\/\/qingdaohf.com\/de\/wp-json\/wp\/v2\/product\/1944\/revisions"}],"predecessor-version":[{"id":10465,"href":"https:\/\/qingdaohf.com\/de\/wp-json\/wp\/v2\/product\/1944\/revisions\/10465"}],"wp:featuredmedia":[{"embeddable":true,"href":"https:\/\/qingdaohf.com\/de\/wp-json\/wp\/v2\/media\/2972"}],"wp:attachment":[{"href":"https:\/\/qingdaohf.com\/de\/wp-json\/wp\/v2\/media?parent=1944"}],"wp:term":[{"taxonomy":"product_brand","embeddable":true,"href":"https:\/\/qingdaohf.com\/de\/wp-json\/wp\/v2\/product_brand?post=1944"},{"taxonomy":"product_cat","embeddable":true,"href":"https:\/\/qingdaohf.com\/de\/wp-json\/wp\/v2\/product_cat?post=1944"},{"taxonomy":"product_tag","embeddable":true,"href":"https:\/\/qingdaohf.com\/de\/wp-json\/wp\/v2\/product_tag?post=1944"}],"curies":[{"name":"wp","href":"https:\/\/api.w.org\/{rel}","templated":true}]}}