{"id":2078,"date":"2023-02-08T16:58:31","date_gmt":"2023-02-08T08:58:31","guid":{"rendered":"http:\/\/qingdaohf.com\/?post_type=product&#038;p=2078"},"modified":"2025-11-13T09:06:36","modified_gmt":"2025-11-13T01:06:36","slug":"steel-stake","status":"publish","type":"product","link":"https:\/\/qingdaohf.com\/de\/produkt\/stahlpfahl\/","title":{"rendered":"Metall Betonschalung Stahlpf\u00e4hle"},"content":{"rendered":"<div class=\"ast-oembed-container\" style=\"height: 100%;\"><iframe title=\"Betonstahlpfahl\" width=\"500\" height=\"281\" src=\"https:\/\/www.youtube.com\/embed\/kDArajRbFtQ?feature=oembed\" frameborder=\"0\" allow=\"accelerometer; autoplay; clipboard-write; encrypted-media; gyroscope; picture-in-picture; web-share\" referrerpolicy=\"strict-origin-when-cross-origin\" allowfullscreen><\/iframe><\/div>\n<h2>Rundstahlpf\u00e4hle<\/h2>\n<p><a href=\"http:\/\/qingdaohf.com\/de\/product\/round-steel-stake\/\">Runde Stahlpfl\u00f6cke<\/a> sind die gebr\u00e4uchlichste Art von Stahlpf\u00e4hlen, die bei der Betonschalung verwendet werden. Sie werden in der Regel aus hochfestem Stahl hergestellt und sind in verschiedenen Durchmessern und L\u00e4ngen erh\u00e4ltlich. Rundstahlpf\u00e4hle lassen sich leicht ein- und ausbauen und bieten eine hervorragende Stabilit\u00e4t und Unterst\u00fctzung f\u00fcr die Schalung.<\/p>\n<p>Unsere Rundstahlpf\u00e4hle sind langlebig und vielseitig und in einer Vielzahl von Gr\u00f6\u00dfen erh\u00e4ltlich, um Ihren spezifischen Anforderungen gerecht zu werden. Jeder Pfahl hat einen soliden Durchmesser von 3\/4\u2033 oder 7\/8\u2033 und bietet ausgezeichnete Stabilit\u00e4t und Festigkeit. Die Gr\u00f6\u00dfen reichen von 12 Zoll bis zu 48 Zoll und erm\u00f6glichen so Flexibilit\u00e4t bei verschiedenen Anwendungen, von der Sicherung von Strukturen bis zur Unterst\u00fctzung von Z\u00e4unen. Diese Stahlpfl\u00f6cke, die f\u00fcr raue Umgebungen geeignet sind, sind ein unverzichtbarer Bestandteil f\u00fcr jedes Projekt, das robuste Unterst\u00fctzung erfordert. Ganz gleich, ob Sie sie f\u00fcr den Bau oder die Landschaftsgestaltung ben\u00f6tigen, unsere Pfl\u00f6cke bieten zuverl\u00e4ssige Leistung bei einfacher Installation.<\/p>\n<p><img fetchpriority=\"high\" decoding=\"async\" class=\"alignnone size-medium wp-image-5596\" src=\"http:\/\/qingdaohf.com\/wp-content\/uploads\/2023\/11\/round-steel-stake-261x300.png\" alt=\"Rundstahlpfahl\" width=\"261\" height=\"300\" srcset=\"https:\/\/qingdaohf.com\/wp-content\/uploads\/2023\/11\/round-steel-stake-261x300.png 261w, https:\/\/qingdaohf.com\/wp-content\/uploads\/2023\/11\/round-steel-stake.png 400w\" sizes=\"(max-width: 261px) 100vw, 261px\" \/><\/p>\n<h2>Quadratische Stahlpf\u00e4hle<\/h2>\n<p><a href=\"https:\/\/qingdaohf.com\/de\/produkt\/vierkant-stahlnagelpflock-mit-lochern\/\">Quadratische Stahlpfl\u00f6cke<\/a> \u00e4hneln den Rundstahlpfl\u00f6cken, haben aber einen quadratischen Querschnitt anstelle eines runden Querschnitts. Sie werden ebenfalls aus hochfestem Stahl hergestellt und sind in verschiedenen Gr\u00f6\u00dfen erh\u00e4ltlich. Quadratische Stahlpfl\u00f6cke werden h\u00e4ufig in Situationen verwendet, in denen zus\u00e4tzliche Stabilit\u00e4t erforderlich ist, z. B. bei windigen oder unebenen Bedingungen.<\/p>\n<p><img decoding=\"async\" class=\"alignnone size-medium wp-image-5598\" src=\"http:\/\/qingdaohf.com\/wp-content\/uploads\/2023\/11\/square-steel-stake-239x300.png\" alt=\"Vierkantstahlpfahl\" width=\"239\" height=\"300\" srcset=\"https:\/\/qingdaohf.com\/wp-content\/uploads\/2023\/11\/square-steel-stake-239x300.png 239w, https:\/\/qingdaohf.com\/wp-content\/uploads\/2023\/11\/square-steel-stake.png 448w\" sizes=\"(max-width: 239px) 100vw, 239px\" \/><\/p>\n<h2>Flachstahlpf\u00e4hle<\/h2>\n<p><a href=\"https:\/\/qingdaohf.com\/de\/produkt\/flachstahlpfahl\/\">Flachstahlpfl\u00f6cke<\/a> sind in der Regel aus d\u00fcnnerem Stahl gefertigt als runde oder quadratische Stahlpfl\u00f6cke. Sie haben einen flachen Querschnitt und sind so konzipiert, dass sie in einem Winkel in den Boden getrieben werden k\u00f6nnen, um zus\u00e4tzliche Stabilit\u00e4t f\u00fcr die Schalung zu bieten. Flachstahlpfl\u00f6cke werden oft in Kombination mit Rund- oder Vierkantstahlpfl\u00f6cken verwendet, um unter schwierigen Bedingungen zus\u00e4tzlichen Halt zu bieten.<\/p>\n<p><img decoding=\"async\" class=\"alignnone size-medium wp-image-5587\" src=\"http:\/\/qingdaohf.com\/wp-content\/uploads\/2023\/02\/Flat-Nail-Stake-279x300.png\" alt=\"Flachnagelpfahl\" width=\"279\" height=\"300\" srcset=\"https:\/\/qingdaohf.com\/wp-content\/uploads\/2023\/02\/Flat-Nail-Stake-279x300.png 279w, https:\/\/qingdaohf.com\/wp-content\/uploads\/2023\/02\/Flat-Nail-Stake.png 596w\" sizes=\"(max-width: 279px) 100vw, 279px\" \/><\/p>\n<h2>Flacher I-Tr\u00e4ger<\/h2>\n<p><a href=\"https:\/\/qingdaohf.com\/de\/produkt\/i-tragerpfahl\/\">Flacher I-Tr\u00e4ger<\/a> Stahlrungen sind den Flachstahlrungen \u00e4hnlich, haben aber einen Querschnitt, der dem Buchstaben \"I\" \u00e4hnelt. Sie bestehen in der Regel aus dickerem Stahl als Flachstahlrungen und sind so konzipiert, dass sie noch mehr Stabilit\u00e4t und Halt f\u00fcr die Schalung bieten. Flache I-Tr\u00e4ger-Stahlrungen werden h\u00e4ufig bei gro\u00dfen Betonschalungsprojekten verwendet, z. B. im Br\u00fcckenbau oder im Hochhausbau.<\/p>\n<p><img loading=\"lazy\" decoding=\"async\" class=\"alignnone size-medium wp-image-5584\" src=\"http:\/\/qingdaohf.com\/wp-content\/uploads\/2023\/02\/Flat-I-Beam-Stake-267x300.png\" alt=\"Flacher I-Tr\u00e4ger Pfahl\" width=\"267\" height=\"300\" srcset=\"https:\/\/qingdaohf.com\/wp-content\/uploads\/2023\/02\/Flat-I-Beam-Stake-267x300.png 267w, https:\/\/qingdaohf.com\/wp-content\/uploads\/2023\/02\/Flat-I-Beam-Stake.png 556w\" sizes=\"(max-width: 267px) 100vw, 267px\" \/><\/p>","protected":false},"excerpt":{"rendered":"<p>Bei der Betonschalung werden in der Regel Stahlst\u00fctzen verwendet, um die Schalung zu fixieren und das Gewicht des nassen Betons abzust\u00fctzen. F\u00fcr den Einsatz in der Betonschalung sind verschiedene Arten von Stahlrungen erh\u00e4ltlich, darunter <strong>Rundstahlpf\u00e4hle<\/strong>, <strong>Vierkant-Stahlpfl\u00f6cke<\/strong>, <strong>Flachstahlruten<\/strong>und flach <strong>I-Tr\u00e4ger-Stahlpf\u00e4hle<\/strong>.<\/p>\n<p>Jeder Pfahl ist pr\u00e4zise dimensioniert, mit scharfen Spitzen leicht zu installieren und in verschiedenen Gr\u00f6\u00dfen erh\u00e4ltlich, um den unterschiedlichsten Anforderungen gerecht zu werden.<\/p>\n<p>Mit wettbewerbsf\u00e4higen Preisen, p\u00fcnktlicher Lieferung und einem aufmerksamen Kundendienst gew\u00e4hrleistet Qingdao H&amp;F eine zuverl\u00e4ssige Unterst\u00fctzung von der Bestellung bis zur Lieferung. Unsere Pf\u00e4hle sind die ideale Wahl f\u00fcr eine sichere, dauerhafte strukturelle Verst\u00e4rkung.<\/p>","protected":false},"featured_media":2788,"comment_status":"open","ping_status":"closed","template":"","meta":{"site-sidebar-layout":"default","site-content-layout":"default","ast-site-content-layout":"default","site-content-style":"default","site-sidebar-style":"default","ast-global-header-display":"","ast-banner-title-visibility":"","ast-main-header-display":"","ast-hfb-above-header-display":"","ast-hfb-below-header-display":"","ast-hfb-mobile-header-display":"","site-post-title":"","ast-breadcrumbs-content":"","ast-featured-img":"","footer-sml-layout":"","theme-transparent-header-meta":"default","adv-header-id-meta":"","stick-header-meta":"default","header-above-stick-meta":"","header-main-stick-meta":"","header-below-stick-meta":"","astra-migrate-meta-layouts":"set","ast-page-background-enabled":"default","ast-page-background-meta":{"desktop":{"background-color":"","background-image":"","background-repeat":"repeat","background-position":"center center","background-size":"auto","background-attachment":"scroll","background-type":"","background-media":"","overlay-type":"","overlay-color":"","overlay-opacity":"","overlay-gradient":""},"tablet":{"background-color":"","background-image":"","background-repeat":"repeat","background-position":"center center","background-size":"auto","background-attachment":"scroll","background-type":"","background-media":"","overlay-type":"","overlay-color":"","overlay-opacity":"","overlay-gradient":""},"mobile":{"background-color":"","background-image":"","background-repeat":"repeat","background-position":"center center","background-size":"auto","background-attachment":"scroll","background-type":"","background-media":"","overlay-type":"","overlay-color":"","overlay-opacity":"","overlay-gradient":""}},"ast-content-background-meta":{"desktop":{"background-color":"var(--ast-global-color-5)","background-image":"","background-repeat":"repeat","background-position":"center center","background-size":"auto","background-attachment":"scroll","background-type":"","background-media":"","overlay-type":"","overlay-color":"","overlay-opacity":"","overlay-gradient":""},"tablet":{"background-color":"var(--ast-global-color-5)","background-image":"","background-repeat":"repeat","background-position":"center center","background-size":"auto","background-attachment":"scroll","background-type":"","background-media":"","overlay-type":"","overlay-color":"","overlay-opacity":"","overlay-gradient":""},"mobile":{"background-color":"var(--ast-global-color-5)","background-image":"","background-repeat":"repeat","background-position":"center center","background-size":"auto","background-attachment":"scroll","background-type":"","background-media":"","overlay-type":"","overlay-color":"","overlay-opacity":"","overlay-gradient":""}}},"product_brand":[],"product_cat":[28,53],"product_tag":[],"class_list":{"0":"post-2078","1":"product","2":"type-product","3":"status-publish","4":"has-post-thumbnail","6":"product_cat-concrete-forming","7":"product_cat-steel-stake","8":"desktop-align-left","9":"tablet-align-left","10":"mobile-align-left","11":"ast-product-gallery-layout-horizontal-slider","12":"ast-product-tabs-layout-horizontal","14":"first","15":"instock","16":"featured","17":"shipping-taxable","18":"purchasable","19":"product-type-simple"},"yoast_head":"<!-- This site is optimized with the Yoast SEO plugin v25.2 - https:\/\/yoast.com\/wordpress\/plugins\/seo\/ -->\n<title>Metal Concrete Forming Steel Stakes<\/title>\n<meta name=\"description\" content=\"China\u00a0Square Steel Stake manufacturers.This\u00a0square stake\u00a0has a sleek black finish, and is easy to install onto your truck.\u00a0\" \/>\n<meta name=\"robots\" content=\"index, follow, max-snippet:-1, max-image-preview:large, max-video-preview:-1\" \/>\n<link rel=\"canonical\" href=\"https:\/\/qingdaohf.com\/de\/produkt\/stahlpfahl\/\" \/>\n<meta property=\"og:locale\" content=\"de_DE\" \/>\n<meta property=\"og:type\" content=\"article\" \/>\n<meta property=\"og:title\" content=\"Concrete Steel Stake\" \/>\n<meta property=\"og:description\" content=\"Steel stakes are commonly used in concrete forming to hold the formwork in place and to provide support for the weight of the wet concrete.\" \/>\n<meta property=\"og:url\" content=\"https:\/\/qingdaohf.com\/de\/produkt\/stahlpfahl\/\" \/>\n<meta property=\"og:site_name\" content=\"Concrete Form &amp; Rigging Hardware Supplier\" \/>\n<meta property=\"article:publisher\" content=\"https:\/\/www.facebook.com\/qingdaohf\" \/>\n<meta property=\"article:modified_time\" content=\"2025-11-13T01:06:36+00:00\" \/>\n<meta property=\"og:image\" content=\"https:\/\/qingdaohf.com\/wp-content\/uploads\/2023\/02\/steel-stake-7.jpg\" \/>\n\t<meta property=\"og:image:width\" content=\"800\" \/>\n\t<meta property=\"og:image:height\" content=\"800\" \/>\n\t<meta property=\"og:image:type\" content=\"image\/jpeg\" \/>\n<meta name=\"twitter:card\" content=\"summary_large_image\" \/>\n<meta name=\"twitter:label1\" content=\"Gesch\u00e4tzte Lesezeit\" \/>\n\t<meta name=\"twitter:data1\" content=\"3\u00a0Minuten\" \/>\n<script type=\"application\/ld+json\" class=\"yoast-schema-graph\">{\"@context\":\"https:\/\/schema.org\",\"@graph\":[{\"@type\":\"WebPage\",\"@id\":\"https:\/\/qingdaohf.com\/product\/steel-stake\/\",\"url\":\"https:\/\/qingdaohf.com\/product\/steel-stake\/\",\"name\":\"Metal Concrete Forming Steel Stakes\",\"isPartOf\":{\"@id\":\"https:\/\/qingdaohf.com\/bg\/#website\"},\"primaryImageOfPage\":{\"@id\":\"https:\/\/qingdaohf.com\/product\/steel-stake\/#primaryimage\"},\"image\":{\"@id\":\"https:\/\/qingdaohf.com\/product\/steel-stake\/#primaryimage\"},\"thumbnailUrl\":\"https:\/\/qingdaohf.com\/wp-content\/uploads\/2023\/02\/steel-stake-7.jpg\",\"datePublished\":\"2023-02-08T08:58:31+00:00\",\"dateModified\":\"2025-11-13T01:06:36+00:00\",\"description\":\"China\u00a0Square Steel Stake manufacturers.This\u00a0square stake\u00a0has a sleek black finish, and is easy to install onto your truck.\u00a0\",\"breadcrumb\":{\"@id\":\"https:\/\/qingdaohf.com\/product\/steel-stake\/#breadcrumb\"},\"inLanguage\":\"de\",\"potentialAction\":[{\"@type\":\"ReadAction\",\"target\":[\"https:\/\/qingdaohf.com\/product\/steel-stake\/\"]}]},{\"@type\":\"ImageObject\",\"inLanguage\":\"de\",\"@id\":\"https:\/\/qingdaohf.com\/product\/steel-stake\/#primaryimage\",\"url\":\"https:\/\/qingdaohf.com\/wp-content\/uploads\/2023\/02\/steel-stake-7.jpg\",\"contentUrl\":\"https:\/\/qingdaohf.com\/wp-content\/uploads\/2023\/02\/steel-stake-7.jpg\",\"width\":800,\"height\":800,\"caption\":\"steel stake\"},{\"@type\":\"BreadcrumbList\",\"@id\":\"https:\/\/qingdaohf.com\/product\/steel-stake\/#breadcrumb\",\"itemListElement\":[{\"@type\":\"ListItem\",\"position\":1,\"name\":\"Home\",\"item\":\"https:\/\/qingdaohf.com\/\"},{\"@type\":\"ListItem\",\"position\":2,\"name\":\"Concrete Forming Accessories and Rigging Hardware\",\"item\":\"https:\/\/qingdaohf.com\/bg\/?page_id=944\"},{\"@type\":\"ListItem\",\"position\":3,\"name\":\"Metal Concrete Forming Steel Stakes\"}]},{\"@type\":\"WebSite\",\"@id\":\"https:\/\/qingdaohf.com\/bg\/#website\",\"url\":\"https:\/\/qingdaohf.com\/bg\/\",\"name\":\"Concrete Form & Rigging Hardware Supplier\",\"description\":\"\",\"publisher\":{\"@id\":\"https:\/\/qingdaohf.com\/bg\/#organization\"},\"potentialAction\":[{\"@type\":\"SearchAction\",\"target\":{\"@type\":\"EntryPoint\",\"urlTemplate\":\"https:\/\/qingdaohf.com\/bg\/?s={search_term_string}\"},\"query-input\":{\"@type\":\"PropertyValueSpecification\",\"valueRequired\":true,\"valueName\":\"search_term_string\"}}],\"inLanguage\":\"de\"},{\"@type\":\"Organization\",\"@id\":\"https:\/\/qingdaohf.com\/bg\/#organization\",\"name\":\"Qingdao H&F\",\"url\":\"https:\/\/qingdaohf.com\/bg\/\",\"logo\":{\"@type\":\"ImageObject\",\"inLanguage\":\"de\",\"@id\":\"https:\/\/qingdaohf.com\/bg\/#\/schema\/logo\/image\/\",\"url\":\"https:\/\/qingdaohf.com\/wp-content\/uploads\/2022\/12\/cropped-HF-LOGO.png\",\"contentUrl\":\"https:\/\/qingdaohf.com\/wp-content\/uploads\/2022\/12\/cropped-HF-LOGO.png\",\"width\":391,\"height\":249,\"caption\":\"Qingdao H&F\"},\"image\":{\"@id\":\"https:\/\/qingdaohf.com\/bg\/#\/schema\/logo\/image\/\"},\"sameAs\":[\"https:\/\/www.facebook.com\/qingdaohf\"]}]}<\/script>\n<!-- \/ Yoast SEO plugin. -->","yoast_head_json":{"title":"Metal Concrete Forming Steel Stakes","description":"China\u00a0Square Steel Stake manufacturers.This\u00a0square stake\u00a0has a sleek black finish, and is easy to install onto your truck.\u00a0","robots":{"index":"index","follow":"follow","max-snippet":"max-snippet:-1","max-image-preview":"max-image-preview:large","max-video-preview":"max-video-preview:-1"},"canonical":"https:\/\/qingdaohf.com\/de\/produkt\/stahlpfahl\/","og_locale":"de_DE","og_type":"article","og_title":"Concrete Steel Stake","og_description":"Steel stakes are commonly used in concrete forming to hold the formwork in place and to provide support for the weight of the wet concrete.","og_url":"https:\/\/qingdaohf.com\/de\/produkt\/stahlpfahl\/","og_site_name":"Concrete Form &amp; Rigging Hardware Supplier","article_publisher":"https:\/\/www.facebook.com\/qingdaohf","article_modified_time":"2025-11-13T01:06:36+00:00","og_image":[{"width":800,"height":800,"url":"https:\/\/qingdaohf.com\/wp-content\/uploads\/2023\/02\/steel-stake-7.jpg","type":"image\/jpeg"}],"twitter_card":"summary_large_image","twitter_misc":{"Gesch\u00e4tzte Lesezeit":"3\u00a0Minuten"},"schema":{"@context":"https:\/\/schema.org","@graph":[{"@type":"WebPage","@id":"https:\/\/qingdaohf.com\/product\/steel-stake\/","url":"https:\/\/qingdaohf.com\/product\/steel-stake\/","name":"Metal Concrete Forming Steel Stakes","isPartOf":{"@id":"https:\/\/qingdaohf.com\/bg\/#website"},"primaryImageOfPage":{"@id":"https:\/\/qingdaohf.com\/product\/steel-stake\/#primaryimage"},"image":{"@id":"https:\/\/qingdaohf.com\/product\/steel-stake\/#primaryimage"},"thumbnailUrl":"https:\/\/qingdaohf.com\/wp-content\/uploads\/2023\/02\/steel-stake-7.jpg","datePublished":"2023-02-08T08:58:31+00:00","dateModified":"2025-11-13T01:06:36+00:00","description":"China\u00a0Square Steel Stake manufacturers.This\u00a0square stake\u00a0has a sleek black finish, and is easy to install onto your truck.\u00a0","breadcrumb":{"@id":"https:\/\/qingdaohf.com\/product\/steel-stake\/#breadcrumb"},"inLanguage":"de","potentialAction":[{"@type":"ReadAction","target":["https:\/\/qingdaohf.com\/product\/steel-stake\/"]}]},{"@type":"ImageObject","inLanguage":"de","@id":"https:\/\/qingdaohf.com\/product\/steel-stake\/#primaryimage","url":"https:\/\/qingdaohf.com\/wp-content\/uploads\/2023\/02\/steel-stake-7.jpg","contentUrl":"https:\/\/qingdaohf.com\/wp-content\/uploads\/2023\/02\/steel-stake-7.jpg","width":800,"height":800,"caption":"steel stake"},{"@type":"BreadcrumbList","@id":"https:\/\/qingdaohf.com\/product\/steel-stake\/#breadcrumb","itemListElement":[{"@type":"ListItem","position":1,"name":"Home","item":"https:\/\/qingdaohf.com\/"},{"@type":"ListItem","position":2,"name":"Concrete Forming Accessories and Rigging Hardware","item":"https:\/\/qingdaohf.com\/bg\/?page_id=944"},{"@type":"ListItem","position":3,"name":"Metal Concrete Forming Steel Stakes"}]},{"@type":"WebSite","@id":"https:\/\/qingdaohf.com\/bg\/#website","url":"https:\/\/qingdaohf.com\/bg\/","name":"Concrete Form & Rigging Hardware Supplier","description":"","publisher":{"@id":"https:\/\/qingdaohf.com\/bg\/#organization"},"potentialAction":[{"@type":"SearchAction","target":{"@type":"EntryPoint","urlTemplate":"https:\/\/qingdaohf.com\/bg\/?s={search_term_string}"},"query-input":{"@type":"PropertyValueSpecification","valueRequired":true,"valueName":"search_term_string"}}],"inLanguage":"de"},{"@type":"Organization","@id":"https:\/\/qingdaohf.com\/bg\/#organization","name":"Qingdao H&F","url":"https:\/\/qingdaohf.com\/bg\/","logo":{"@type":"ImageObject","inLanguage":"de","@id":"https:\/\/qingdaohf.com\/bg\/#\/schema\/logo\/image\/","url":"https:\/\/qingdaohf.com\/wp-content\/uploads\/2022\/12\/cropped-HF-LOGO.png","contentUrl":"https:\/\/qingdaohf.com\/wp-content\/uploads\/2022\/12\/cropped-HF-LOGO.png","width":391,"height":249,"caption":"Qingdao H&F"},"image":{"@id":"https:\/\/qingdaohf.com\/bg\/#\/schema\/logo\/image\/"},"sameAs":["https:\/\/www.facebook.com\/qingdaohf"]}]}},"_links":{"self":[{"href":"https:\/\/qingdaohf.com\/de\/wp-json\/wp\/v2\/product\/2078","targetHints":{"allow":["GET"]}}],"collection":[{"href":"https:\/\/qingdaohf.com\/de\/wp-json\/wp\/v2\/product"}],"about":[{"href":"https:\/\/qingdaohf.com\/de\/wp-json\/wp\/v2\/types\/product"}],"replies":[{"embeddable":true,"href":"https:\/\/qingdaohf.com\/de\/wp-json\/wp\/v2\/comments?post=2078"}],"version-history":[{"count":31,"href":"https:\/\/qingdaohf.com\/de\/wp-json\/wp\/v2\/product\/2078\/revisions"}],"predecessor-version":[{"id":10343,"href":"https:\/\/qingdaohf.com\/de\/wp-json\/wp\/v2\/product\/2078\/revisions\/10343"}],"wp:featuredmedia":[{"embeddable":true,"href":"https:\/\/qingdaohf.com\/de\/wp-json\/wp\/v2\/media\/2788"}],"wp:attachment":[{"href":"https:\/\/qingdaohf.com\/de\/wp-json\/wp\/v2\/media?parent=2078"}],"wp:term":[{"taxonomy":"product_brand","embeddable":true,"href":"https:\/\/qingdaohf.com\/de\/wp-json\/wp\/v2\/product_brand?post=2078"},{"taxonomy":"product_cat","embeddable":true,"href":"https:\/\/qingdaohf.com\/de\/wp-json\/wp\/v2\/product_cat?post=2078"},{"taxonomy":"product_tag","embeddable":true,"href":"https:\/\/qingdaohf.com\/de\/wp-json\/wp\/v2\/product_tag?post=2078"}],"curies":[{"name":"wp","href":"https:\/\/api.w.org\/{rel}","templated":true}]}}