{"id":2080,"date":"2023-02-08T17:31:37","date_gmt":"2023-02-08T09:31:37","guid":{"rendered":"http:\/\/qingdaohf.com\/?post_type=product&#038;p=2080"},"modified":"2025-11-13T09:06:36","modified_gmt":"2025-11-13T01:06:36","slug":"flat-steel-stake","status":"publish","type":"product","link":"https:\/\/qingdaohf.com\/de\/produkt\/flachstahlpfahl\/","title":{"rendered":"Flachstahlpfl\u00f6cke f\u00fcr die Betonschalung"},"content":{"rendered":"<div class=\"ast-oembed-container\" style=\"height: 100%;\"><iframe title=\"Betonstahlpfahl\" width=\"500\" height=\"281\" src=\"https:\/\/www.youtube.com\/embed\/kDArajRbFtQ?feature=oembed\" frameborder=\"0\" allow=\"accelerometer; autoplay; clipboard-write; encrypted-media; gyroscope; picture-in-picture; web-share\" referrerpolicy=\"strict-origin-when-cross-origin\" allowfullscreen><\/iframe><\/div>\n<p>Unter Betonschalung versteht man die Herstellung einer tempor\u00e4ren Form oder eines Ger\u00fcsts, in die der nasse Beton gegossen wird und in der er zu einer gew\u00fcnschten Form oder Struktur aush\u00e4rten kann. Betonschalungen bestehen in der Regel aus Holz, Stahl oder Kunststoff und werden zur Herstellung einer Vielzahl von Betonstrukturen wie W\u00e4nden, S\u00e4ulen, Platten und Tr\u00e4gern verwendet.<\/p>\n<p>Stahlrungen werden in der Regel bei der Betonschalung verwendet, um die Schalung an Ort und Stelle zu halten und das Gewicht des nassen Betons zu tragen. Es gibt verschiedene Arten von Stahlrungen f\u00fcr den Einsatz in der Betonschalung, darunter runde Stahlrungen, quadratische Stahlrungen, flache Stahlrungen und flache I-Tr\u00e4ger-Stahlrungen.<\/p>\n<p>Rundstahlpf\u00e4hle sind die g\u00e4ngigste Art von Stahlpf\u00e4hlen, die in der Betonschalung verwendet werden. Sie werden in der Regel aus hochfestem Stahl hergestellt und sind in verschiedenen Durchmessern und L\u00e4ngen erh\u00e4ltlich. Rundstahlpf\u00e4hle lassen sich leicht ein- und ausbauen und bieten eine hervorragende Stabilit\u00e4t und Unterst\u00fctzung f\u00fcr Schalungen.<\/p>\n\n<table id=\"tablepress-19\" class=\"tablepress tablepress-id-19\">\n<thead>\n<tr class=\"row-1\">\n\t<th class=\"column-1\">Beschreibung<\/th><th class=\"column-2\">Einheit<\/th><th class=\"column-3\">Palette<\/th><th class=\"column-4\">Gewicht (kg)<\/th>\n<\/tr>\n<\/thead>\n<tbody class=\"row-striping row-hover\">\n<tr class=\"row-2\">\n\t<td class=\"column-1\">3\/4\" x 12\"<\/td><td class=\"column-2\">10St\u00fcck\/Karton<\/td><td class=\"column-3\">150Kartons\/Palette<\/td><td class=\"column-4\">0.6200<\/td>\n<\/tr>\n<tr class=\"row-3\">\n\t<td class=\"column-1\">3\/4\" x 18\"<\/td><td class=\"column-2\">10St\u00fcck\/Karton<\/td><td class=\"column-3\">100Kartons\/Palette<\/td><td class=\"column-4\">0.9250<\/td>\n<\/tr>\n<tr class=\"row-4\">\n\t<td class=\"column-1\">3\/4\" x 24\"<\/td><td class=\"column-2\">10St\u00fcck\/Karton<\/td><td class=\"column-3\">75Kartons\/Palette<\/td><td class=\"column-4\">1.2400<\/td>\n<\/tr>\n<tr class=\"row-5\">\n\t<td class=\"column-1\">3\/4\" x 30\"<\/td><td class=\"column-2\">10St\u00fcck\/Karton<\/td><td class=\"column-3\">60Kartons\/Palette<\/td><td class=\"column-4\">1.5450<\/td>\n<\/tr>\n<tr class=\"row-6\">\n\t<td class=\"column-1\">3\/4\" x 36\"<\/td><td class=\"column-2\">10St\u00fcck\/Karton<\/td><td class=\"column-3\">50Kartons\/Palette<\/td><td class=\"column-4\">1.8600<\/td>\n<\/tr>\n<tr class=\"row-7\">\n\t<td class=\"column-1\">3\/4\" x 42\"<\/td><td class=\"column-2\">10St\u00fcck\/Karton<\/td><td class=\"column-3\">40Kartons\/Palette<\/td><td class=\"column-4\">2.1650<\/td>\n<\/tr>\n<tr class=\"row-8\">\n\t<td class=\"column-1\">3\/4\" x 48\"<\/td><td class=\"column-2\">10St\u00fcck\/Karton<\/td><td class=\"column-3\">30Kartons\/Palette<\/td><td class=\"column-4\">2.4750<\/td>\n<\/tr>\n<tr class=\"row-9\">\n\t<td class=\"column-1\">7\/8\" x 12\"<\/td><td class=\"column-2\">10St\u00fcck\/Karton<\/td><td class=\"column-3\">150Kartons\/Palette<\/td><td class=\"column-4\">0.9100<\/td>\n<\/tr>\n<tr class=\"row-10\">\n\t<td class=\"column-1\">7\/8\" x 18\"<\/td><td class=\"column-2\">10St\u00fcck\/Karton<\/td><td class=\"column-3\">100Kartons\/Palette<\/td><td class=\"column-4\">1.3550<\/td>\n<\/tr>\n<tr class=\"row-11\">\n\t<td class=\"column-1\">7\/8\" x 24\"<\/td><td class=\"column-2\">10St\u00fcck\/Karton<\/td><td class=\"column-3\">75Kartons\/Palette<\/td><td class=\"column-4\">1.8200<\/td>\n<\/tr>\n<tr class=\"row-12\">\n\t<td class=\"column-1\">7\/8\" x 30\"<\/td><td class=\"column-2\">10St\u00fcck\/Karton<\/td><td class=\"column-3\">60Kartons\/Palette<\/td><td class=\"column-4\">2.2700<\/td>\n<\/tr>\n<tr class=\"row-13\">\n\t<td class=\"column-1\">7\/8\" x 36\"<\/td><td class=\"column-2\">10St\u00fcck\/Karton<\/td><td class=\"column-3\">50Kartons\/Palette<\/td><td class=\"column-4\">2.7300<\/td>\n<\/tr>\n<tr class=\"row-14\">\n\t<td class=\"column-1\">7\/8\" x 42\"<\/td><td class=\"column-2\">10St\u00fcck\/Karton<\/td><td class=\"column-3\">40Kartons\/Palette<\/td><td class=\"column-4\">3.1800<\/td>\n<\/tr>\n<tr class=\"row-15\">\n\t<td class=\"column-1\">7\/8\" x 48\"<\/td><td class=\"column-2\">10St\u00fcck\/Karton<\/td><td class=\"column-3\">30Kartons\/Palette<\/td><td class=\"column-4\">3.6400<\/td>\n<\/tr>\n<\/tbody>\n<\/table>\n<!-- #tablepress-19 from cache -->\n<p>Viereckige Stahlpfl\u00f6cke \u00e4hneln den runden Stahlpfl\u00f6cken, haben aber einen quadratischen Querschnitt anstelle eines runden Querschnitts. Sie werden ebenfalls aus hochfestem Stahl hergestellt und sind in verschiedenen Gr\u00f6\u00dfen erh\u00e4ltlich. Viereckige Stahlpfl\u00f6cke werden h\u00e4ufig in Situationen verwendet, in denen zus\u00e4tzliche Stabilit\u00e4t erforderlich ist, z. B. bei windigen oder unebenen Bedingungen.<\/p>\n\n<table id=\"tablepress-20\" class=\"tablepress tablepress-id-20\">\n<thead>\n<tr class=\"row-1\">\n\t<th class=\"column-1\">Beschreibung<\/th><th class=\"column-2\">Einheit<\/th><th class=\"column-3\">Palette<\/th><th class=\"column-4\">Gewicht (kg)<\/th>\n<\/tr>\n<\/thead>\n<tbody class=\"row-striping row-hover\">\n<tr class=\"row-2\">\n\t<td class=\"column-1\">5\/8\" x 12\"<\/td><td class=\"column-2\">10St\u00fcck\/Karton<\/td><td class=\"column-3\">150Kartons\/Palette<\/td><td class=\"column-4\">0.56<\/td>\n<\/tr>\n<tr class=\"row-3\">\n\t<td class=\"column-1\">5\/8\" x 18\"<\/td><td class=\"column-2\">10St\u00fcck\/Karton<\/td><td class=\"column-3\">100Kartons\/Palette<\/td><td class=\"column-4\">0.81<\/td>\n<\/tr>\n<tr class=\"row-4\">\n\t<td class=\"column-1\">5\/8\" x 24\"<\/td><td class=\"column-2\">10St\u00fcck\/Karton<\/td><td class=\"column-3\">75Kartons\/Palette<\/td><td class=\"column-4\">1.07<\/td>\n<\/tr>\n<tr class=\"row-5\">\n\t<td class=\"column-1\">5\/8\" x 30\"<\/td><td class=\"column-2\">10St\u00fcck\/Karton<\/td><td class=\"column-3\">60Kartons\/Palette<\/td><td class=\"column-4\">1.34<\/td>\n<\/tr>\n<tr class=\"row-6\">\n\t<td class=\"column-1\">5\/8\" x 36\"<\/td><td class=\"column-2\">10St\u00fcck\/Karton<\/td><td class=\"column-3\">50Kartons\/Palette<\/td><td class=\"column-4\">1.61<\/td>\n<\/tr>\n<tr class=\"row-7\">\n\t<td class=\"column-1\">5\/8\" x 42\"<\/td><td class=\"column-2\">10St\u00fcck\/Karton<\/td><td class=\"column-3\">40Kartons\/Palette<\/td><td class=\"column-4\">1.87<\/td>\n<\/tr>\n<tr class=\"row-8\">\n\t<td class=\"column-1\">5\/8\" x 48\"<\/td><td class=\"column-2\">10St\u00fcck\/Karton<\/td><td class=\"column-3\">30Kartons\/Palette<\/td><td class=\"column-4\">2.14<\/td>\n<\/tr>\n<\/tbody>\n<\/table>\n<!-- #tablepress-20 from cache -->\n<p>Flachstahlpfl\u00f6cke sind in der Regel aus d\u00fcnnerem Stahl als runde oder quadratische Stahlpfl\u00f6cke gefertigt. Sie haben einen flachen Querschnitt und sind so konzipiert, dass sie in einem Winkel in den Boden getrieben werden k\u00f6nnen, um zus\u00e4tzliche Stabilit\u00e4t f\u00fcr die Schalung zu bieten. Flachstahlpfl\u00f6cke werden h\u00e4ufig in Kombination mit Rund- oder Vierkantstahlpfl\u00f6cken verwendet, um unter schwierigen Bedingungen zus\u00e4tzlichen Halt zu bieten.<\/p>\n\n<table id=\"tablepress-21\" class=\"tablepress tablepress-id-21\">\n<thead>\n<tr class=\"row-1\">\n\t<th class=\"column-1\">Beschreibung<\/th><th class=\"column-2\">Einheit<\/th><th class=\"column-3\">Palette<\/th><th class=\"column-4\">Gewicht (kg)<\/th>\n<\/tr>\n<\/thead>\n<tbody class=\"row-striping row-hover\">\n<tr class=\"row-2\">\n\t<td class=\"column-1\">12\"<\/td><td class=\"column-2\">10St\u00fcck\/Karton<\/td><td class=\"column-3\">150Kartons\/Palette<\/td><td class=\"column-4\">0.72<\/td>\n<\/tr>\n<tr class=\"row-3\">\n\t<td class=\"column-1\">18\"<\/td><td class=\"column-2\">10St\u00fcck\/Karton<\/td><td class=\"column-3\">100Kartons\/Palette<\/td><td class=\"column-4\">1.07<\/td>\n<\/tr>\n<tr class=\"row-4\">\n\t<td class=\"column-1\">24\"<\/td><td class=\"column-2\">10St\u00fcck\/Karton<\/td><td class=\"column-3\">75Kartons\/Palette<\/td><td class=\"column-4\">1.41<\/td>\n<\/tr>\n<tr class=\"row-5\">\n\t<td class=\"column-1\">30\"<\/td><td class=\"column-2\">10St\u00fcck\/Karton<\/td><td class=\"column-3\">60Kartons\/Palette<\/td><td class=\"column-4\">1.8<\/td>\n<\/tr>\n<tr class=\"row-6\">\n\t<td class=\"column-1\">36\"<\/td><td class=\"column-2\">10St\u00fcck\/Karton<\/td><td class=\"column-3\">50Kartons\/Palette<\/td><td class=\"column-4\">2.16<\/td>\n<\/tr>\n<tr class=\"row-7\">\n\t<td class=\"column-1\">42\"<\/td><td class=\"column-2\">10St\u00fcck\/Karton<\/td><td class=\"column-3\">40Kartons\/Palette<\/td><td class=\"column-4\">2.56<\/td>\n<\/tr>\n<tr class=\"row-8\">\n\t<td class=\"column-1\">48\"<\/td><td class=\"column-2\">10St\u00fcck\/Karton<\/td><td class=\"column-3\">30Kartons\/Palette<\/td><td class=\"column-4\">2.93<\/td>\n<\/tr>\n<\/tbody>\n<\/table>\n<!-- #tablepress-21 from cache -->\n<p>Flache I-Tr\u00e4ger-Stahlrungen \u00e4hneln den Flachstahlrungen, haben aber einen Querschnitt, der dem Buchstaben \"I\" \u00e4hnelt. Sie bestehen in der Regel aus dickerem Stahl als Flachstahlrungen und sind so konzipiert, dass sie noch mehr Stabilit\u00e4t und Unterst\u00fctzung f\u00fcr die Schalung bieten. Flache I-Tr\u00e4ger-Stahlrungen werden h\u00e4ufig bei gro\u00dfen Betonschalungsprojekten verwendet, z. B. beim Br\u00fcckenbau oder beim Bau von Hochh\u00e4usern.<\/p>\n\n<table id=\"tablepress-22\" class=\"tablepress tablepress-id-22\">\n<thead>\n<tr class=\"row-1\">\n\t<th class=\"column-1\">Spezifikation<\/th><th class=\"column-2\">St\u00fcck\/Karton<\/th><th class=\"column-3\">St\u00fcck\/Palette<\/th>\n<\/tr>\n<\/thead>\n<tbody class=\"row-striping row-hover\">\n<tr class=\"row-2\">\n\t<td class=\"column-1\">1-1\/2\" x 12\" Flacher I-Tr\u00e4ger Pfahl mit L\u00f6chern<\/td><td class=\"column-2\">10<\/td><td class=\"column-3\">1500<\/td>\n<\/tr>\n<tr class=\"row-3\">\n\t<td class=\"column-1\">1-1\/2\" x 18\" Flacher I-Tr\u00e4ger Pfahl mit L\u00f6chern<\/td><td class=\"column-2\">10<\/td><td class=\"column-3\">1000<\/td>\n<\/tr>\n<tr class=\"row-4\">\n\t<td class=\"column-1\">1-1\/2\" x 24\" Flacher I-Tr\u00e4ger Pfahl mit L\u00f6chern<\/td><td class=\"column-2\">10<\/td><td class=\"column-3\">750<\/td>\n<\/tr>\n<tr class=\"row-5\">\n\t<td class=\"column-1\">1-1\/2\" x 30\" Flacher I-Tr\u00e4ger Pfahl mit L\u00f6chern<\/td><td class=\"column-2\">10<\/td><td class=\"column-3\">600<\/td>\n<\/tr>\n<tr class=\"row-6\">\n\t<td class=\"column-1\">1-1\/2\" x 36\" Flacher I-Tr\u00e4ger Pfahl mit L\u00f6chern<\/td><td class=\"column-2\">10<\/td><td class=\"column-3\">500<\/td>\n<\/tr>\n<\/tbody>\n<\/table>\n<!-- #tablepress-22 from cache -->\n<p><img fetchpriority=\"high\" decoding=\"async\" class=\"alignnone size-full wp-image-2789\" style=\"font-style: inherit; font-weight: inherit;\" src=\"http:\/\/qingdaohf.com\/wp-content\/uploads\/2023\/02\/\u672a\u6807\u9898-1.jpg\" alt=\"\" width=\"1200\" height=\"1200\" srcset=\"https:\/\/qingdaohf.com\/wp-content\/uploads\/2023\/02\/\u672a\u6807\u9898-1.jpg 1200w, https:\/\/qingdaohf.com\/wp-content\/uploads\/2023\/02\/\u672a\u6807\u9898-1-500x500.jpg 500w, https:\/\/qingdaohf.com\/wp-content\/uploads\/2023\/02\/\u672a\u6807\u9898-1-100x100.jpg 100w, https:\/\/qingdaohf.com\/wp-content\/uploads\/2023\/02\/\u672a\u6807\u9898-1-1000x1000.jpg 1000w, https:\/\/qingdaohf.com\/wp-content\/uploads\/2023\/02\/\u672a\u6807\u9898-1-300x300.jpg 300w, https:\/\/qingdaohf.com\/wp-content\/uploads\/2023\/02\/\u672a\u6807\u9898-1-1024x1024.jpg 1024w, https:\/\/qingdaohf.com\/wp-content\/uploads\/2023\/02\/\u672a\u6807\u9898-1-150x150.jpg 150w, https:\/\/qingdaohf.com\/wp-content\/uploads\/2023\/02\/\u672a\u6807\u9898-1-768x768.jpg 768w\" sizes=\"(max-width: 1200px) 100vw, 1200px\" \/><\/p>\n<div class=\"flex-1 overflow-hidden\">\n<div class=\"react-scroll-to-bottom--css-kwokg-79elbk h-full dark:bg-gray-800\">\n<div class=\"react-scroll-to-bottom--css-kwokg-1n7m0yu\">\n<div class=\"flex flex-col items-center text-sm dark:bg-gray-800\">\n<div class=\"w-full border-b border-black\/10 dark:border-gray-900\/50 text-gray-800 dark:text-gray-100 group bg-gray-50 dark:bg-[#444654]\">\n<div class=\"text-base gap-4 md:gap-6 m-auto md:max-w-2xl lg:max-w-2xl xl:max-w-3xl p-4 md:py-6 flex lg:px-0\">\n<div class=\"relative flex w-[calc(100%-50px)] flex-col gap-1 md:gap-3 lg:w-[calc(100%-115px)]\">\n<div class=\"flex flex-grow flex-col gap-3\">\n<div class=\"min-h-[20px] flex flex-col items-start gap-4 whitespace-pre-wrap\">\n<div class=\"markdown prose w-full break-words dark:prose-invert light\">\n<p>&nbsp;<\/p>\n<\/div>\n<\/div>\n<\/div>\n<\/div>\n<\/div>\n<\/div>\n<\/div>\n<\/div>\n<\/div>\n<\/div>","protected":false},"excerpt":{"rendered":"<p>Der Flachstahlpflock ist ein haltbarer Stahlpflock, der sich ideal f\u00fcr Betonanwendungen eignet. Der runde Pfahl ist so konzipiert, dass er Betonschalungsplatten sicher h\u00e4lt.<\/p>","protected":false},"featured_media":2778,"comment_status":"open","ping_status":"closed","template":"","meta":{"site-sidebar-layout":"default","site-content-layout":"default","ast-site-content-layout":"default","site-content-style":"default","site-sidebar-style":"default","ast-global-header-display":"","ast-banner-title-visibility":"","ast-main-header-display":"","ast-hfb-above-header-display":"","ast-hfb-below-header-display":"","ast-hfb-mobile-header-display":"","site-post-title":"","ast-breadcrumbs-content":"","ast-featured-img":"","footer-sml-layout":"","theme-transparent-header-meta":"default","adv-header-id-meta":"","stick-header-meta":"default","header-above-stick-meta":"","header-main-stick-meta":"","header-below-stick-meta":"","astra-migrate-meta-layouts":"set","ast-page-background-enabled":"default","ast-page-background-meta":{"desktop":{"background-color":"","background-image":"","background-repeat":"repeat","background-position":"center center","background-size":"auto","background-attachment":"scroll","background-type":"","background-media":"","overlay-type":"","overlay-color":"","overlay-opacity":"","overlay-gradient":""},"tablet":{"background-color":"","background-image":"","background-repeat":"repeat","background-position":"center center","background-size":"auto","background-attachment":"scroll","background-type":"","background-media":"","overlay-type":"","overlay-color":"","overlay-opacity":"","overlay-gradient":""},"mobile":{"background-color":"","background-image":"","background-repeat":"repeat","background-position":"center center","background-size":"auto","background-attachment":"scroll","background-type":"","background-media":"","overlay-type":"","overlay-color":"","overlay-opacity":"","overlay-gradient":""}},"ast-content-background-meta":{"desktop":{"background-color":"var(--ast-global-color-5)","background-image":"","background-repeat":"repeat","background-position":"center center","background-size":"auto","background-attachment":"scroll","background-type":"","background-media":"","overlay-type":"","overlay-color":"","overlay-opacity":"","overlay-gradient":""},"tablet":{"background-color":"var(--ast-global-color-5)","background-image":"","background-repeat":"repeat","background-position":"center center","background-size":"auto","background-attachment":"scroll","background-type":"","background-media":"","overlay-type":"","overlay-color":"","overlay-opacity":"","overlay-gradient":""},"mobile":{"background-color":"var(--ast-global-color-5)","background-image":"","background-repeat":"repeat","background-position":"center center","background-size":"auto","background-attachment":"scroll","background-type":"","background-media":"","overlay-type":"","overlay-color":"","overlay-opacity":"","overlay-gradient":""}}},"product_brand":[],"product_cat":[28,53],"product_tag":[],"class_list":{"0":"post-2080","1":"product","2":"type-product","3":"status-publish","4":"has-post-thumbnail","6":"product_cat-concrete-forming","7":"product_cat-steel-stake","8":"desktop-align-left","9":"tablet-align-left","10":"mobile-align-left","11":"ast-product-gallery-layout-horizontal-slider","12":"ast-product-tabs-layout-horizontal","14":"first","15":"instock","16":"shipping-taxable","17":"purchasable","18":"product-type-simple"},"yoast_head":"<!-- This site is optimized with the Yoast SEO plugin v25.2 - https:\/\/yoast.com\/wordpress\/plugins\/seo\/ -->\n<title>Flat Steel Stake for Concrete Forming<\/title>\n<meta name=\"description\" content=\"Flat steel stake is a durable steel stake ideal for concrete applications. The round stake is designed to hold concrete forming boards securely.\" \/>\n<meta name=\"robots\" content=\"index, follow, max-snippet:-1, max-image-preview:large, max-video-preview:-1\" \/>\n<link rel=\"canonical\" href=\"https:\/\/qingdaohf.com\/de\/produkt\/flachstahlpfahl\/\" \/>\n<meta property=\"og:locale\" content=\"de_DE\" \/>\n<meta property=\"og:type\" content=\"article\" \/>\n<meta property=\"og:title\" content=\"Flat Steel Stake for Concrete Forming\" \/>\n<meta property=\"og:description\" content=\"Flat steel stake is a durable steel stake ideal for concrete applications. The round stake is designed to hold concrete forming boards securely.\" \/>\n<meta property=\"og:url\" content=\"https:\/\/qingdaohf.com\/de\/produkt\/flachstahlpfahl\/\" \/>\n<meta property=\"og:site_name\" content=\"Concrete Form &amp; Rigging Hardware Supplier\" \/>\n<meta property=\"article:publisher\" content=\"https:\/\/www.facebook.com\/qingdaohf\" \/>\n<meta property=\"article:modified_time\" content=\"2025-11-13T01:06:36+00:00\" \/>\n<meta property=\"og:image\" content=\"https:\/\/qingdaohf.com\/wp-content\/uploads\/2023\/02\/\u65b0\u56fe.jpg\" \/>\n\t<meta property=\"og:image:width\" content=\"1000\" \/>\n\t<meta property=\"og:image:height\" content=\"1000\" \/>\n\t<meta property=\"og:image:type\" content=\"image\/jpeg\" \/>\n<meta name=\"twitter:card\" content=\"summary_large_image\" \/>\n<meta name=\"twitter:label1\" content=\"Gesch\u00e4tzte Lesezeit\" \/>\n\t<meta name=\"twitter:data1\" content=\"2\u00a0Minuten\" \/>\n<script type=\"application\/ld+json\" class=\"yoast-schema-graph\">{\"@context\":\"https:\/\/schema.org\",\"@graph\":[{\"@type\":\"WebPage\",\"@id\":\"https:\/\/qingdaohf.com\/product\/flat-steel-stake\/\",\"url\":\"https:\/\/qingdaohf.com\/product\/flat-steel-stake\/\",\"name\":\"Flat Steel Stake for Concrete Forming\",\"isPartOf\":{\"@id\":\"https:\/\/qingdaohf.com\/bg\/#website\"},\"primaryImageOfPage\":{\"@id\":\"https:\/\/qingdaohf.com\/product\/flat-steel-stake\/#primaryimage\"},\"image\":{\"@id\":\"https:\/\/qingdaohf.com\/product\/flat-steel-stake\/#primaryimage\"},\"thumbnailUrl\":\"https:\/\/qingdaohf.com\/wp-content\/uploads\/2023\/02\/\u65b0\u56fe.jpg\",\"datePublished\":\"2023-02-08T09:31:37+00:00\",\"dateModified\":\"2025-11-13T01:06:36+00:00\",\"description\":\"Flat steel stake is a durable steel stake ideal for concrete applications. The round stake is designed to hold concrete forming boards securely.\",\"breadcrumb\":{\"@id\":\"https:\/\/qingdaohf.com\/product\/flat-steel-stake\/#breadcrumb\"},\"inLanguage\":\"de\",\"potentialAction\":[{\"@type\":\"ReadAction\",\"target\":[\"https:\/\/qingdaohf.com\/product\/flat-steel-stake\/\"]}]},{\"@type\":\"ImageObject\",\"inLanguage\":\"de\",\"@id\":\"https:\/\/qingdaohf.com\/product\/flat-steel-stake\/#primaryimage\",\"url\":\"https:\/\/qingdaohf.com\/wp-content\/uploads\/2023\/02\/\u65b0\u56fe.jpg\",\"contentUrl\":\"https:\/\/qingdaohf.com\/wp-content\/uploads\/2023\/02\/\u65b0\u56fe.jpg\",\"width\":1000,\"height\":1000,\"caption\":\"flat steel stake\"},{\"@type\":\"BreadcrumbList\",\"@id\":\"https:\/\/qingdaohf.com\/product\/flat-steel-stake\/#breadcrumb\",\"itemListElement\":[{\"@type\":\"ListItem\",\"position\":1,\"name\":\"Home\",\"item\":\"https:\/\/qingdaohf.com\/\"},{\"@type\":\"ListItem\",\"position\":2,\"name\":\"Concrete Forming Accessories and Rigging Hardware\",\"item\":\"https:\/\/qingdaohf.com\/bg\/?page_id=944\"},{\"@type\":\"ListItem\",\"position\":3,\"name\":\"Flat Steel Stake for Concrete Forming\"}]},{\"@type\":\"WebSite\",\"@id\":\"https:\/\/qingdaohf.com\/bg\/#website\",\"url\":\"https:\/\/qingdaohf.com\/bg\/\",\"name\":\"Concrete Form & Rigging Hardware Supplier\",\"description\":\"\",\"publisher\":{\"@id\":\"https:\/\/qingdaohf.com\/bg\/#organization\"},\"potentialAction\":[{\"@type\":\"SearchAction\",\"target\":{\"@type\":\"EntryPoint\",\"urlTemplate\":\"https:\/\/qingdaohf.com\/bg\/?s={search_term_string}\"},\"query-input\":{\"@type\":\"PropertyValueSpecification\",\"valueRequired\":true,\"valueName\":\"search_term_string\"}}],\"inLanguage\":\"de\"},{\"@type\":\"Organization\",\"@id\":\"https:\/\/qingdaohf.com\/bg\/#organization\",\"name\":\"Qingdao H&F\",\"url\":\"https:\/\/qingdaohf.com\/bg\/\",\"logo\":{\"@type\":\"ImageObject\",\"inLanguage\":\"de\",\"@id\":\"https:\/\/qingdaohf.com\/bg\/#\/schema\/logo\/image\/\",\"url\":\"https:\/\/qingdaohf.com\/wp-content\/uploads\/2022\/12\/cropped-HF-LOGO.png\",\"contentUrl\":\"https:\/\/qingdaohf.com\/wp-content\/uploads\/2022\/12\/cropped-HF-LOGO.png\",\"width\":391,\"height\":249,\"caption\":\"Qingdao H&F\"},\"image\":{\"@id\":\"https:\/\/qingdaohf.com\/bg\/#\/schema\/logo\/image\/\"},\"sameAs\":[\"https:\/\/www.facebook.com\/qingdaohf\"]}]}<\/script>\n<!-- \/ Yoast SEO plugin. -->","yoast_head_json":{"title":"Flat Steel Stake for Concrete Forming","description":"Flat steel stake is a durable steel stake ideal for concrete applications. The round stake is designed to hold concrete forming boards securely.","robots":{"index":"index","follow":"follow","max-snippet":"max-snippet:-1","max-image-preview":"max-image-preview:large","max-video-preview":"max-video-preview:-1"},"canonical":"https:\/\/qingdaohf.com\/de\/produkt\/flachstahlpfahl\/","og_locale":"de_DE","og_type":"article","og_title":"Flat Steel Stake for Concrete Forming","og_description":"Flat steel stake is a durable steel stake ideal for concrete applications. The round stake is designed to hold concrete forming boards securely.","og_url":"https:\/\/qingdaohf.com\/de\/produkt\/flachstahlpfahl\/","og_site_name":"Concrete Form &amp; Rigging Hardware Supplier","article_publisher":"https:\/\/www.facebook.com\/qingdaohf","article_modified_time":"2025-11-13T01:06:36+00:00","og_image":[{"width":1000,"height":1000,"url":"https:\/\/qingdaohf.com\/wp-content\/uploads\/2023\/02\/\u65b0\u56fe.jpg","type":"image\/jpeg"}],"twitter_card":"summary_large_image","twitter_misc":{"Gesch\u00e4tzte Lesezeit":"2\u00a0Minuten"},"schema":{"@context":"https:\/\/schema.org","@graph":[{"@type":"WebPage","@id":"https:\/\/qingdaohf.com\/product\/flat-steel-stake\/","url":"https:\/\/qingdaohf.com\/product\/flat-steel-stake\/","name":"Flat Steel Stake for Concrete Forming","isPartOf":{"@id":"https:\/\/qingdaohf.com\/bg\/#website"},"primaryImageOfPage":{"@id":"https:\/\/qingdaohf.com\/product\/flat-steel-stake\/#primaryimage"},"image":{"@id":"https:\/\/qingdaohf.com\/product\/flat-steel-stake\/#primaryimage"},"thumbnailUrl":"https:\/\/qingdaohf.com\/wp-content\/uploads\/2023\/02\/\u65b0\u56fe.jpg","datePublished":"2023-02-08T09:31:37+00:00","dateModified":"2025-11-13T01:06:36+00:00","description":"Flat steel stake is a durable steel stake ideal for concrete applications. The round stake is designed to hold concrete forming boards securely.","breadcrumb":{"@id":"https:\/\/qingdaohf.com\/product\/flat-steel-stake\/#breadcrumb"},"inLanguage":"de","potentialAction":[{"@type":"ReadAction","target":["https:\/\/qingdaohf.com\/product\/flat-steel-stake\/"]}]},{"@type":"ImageObject","inLanguage":"de","@id":"https:\/\/qingdaohf.com\/product\/flat-steel-stake\/#primaryimage","url":"https:\/\/qingdaohf.com\/wp-content\/uploads\/2023\/02\/\u65b0\u56fe.jpg","contentUrl":"https:\/\/qingdaohf.com\/wp-content\/uploads\/2023\/02\/\u65b0\u56fe.jpg","width":1000,"height":1000,"caption":"flat steel stake"},{"@type":"BreadcrumbList","@id":"https:\/\/qingdaohf.com\/product\/flat-steel-stake\/#breadcrumb","itemListElement":[{"@type":"ListItem","position":1,"name":"Home","item":"https:\/\/qingdaohf.com\/"},{"@type":"ListItem","position":2,"name":"Concrete Forming Accessories and Rigging Hardware","item":"https:\/\/qingdaohf.com\/bg\/?page_id=944"},{"@type":"ListItem","position":3,"name":"Flat Steel Stake for Concrete Forming"}]},{"@type":"WebSite","@id":"https:\/\/qingdaohf.com\/bg\/#website","url":"https:\/\/qingdaohf.com\/bg\/","name":"Concrete Form & Rigging Hardware Supplier","description":"","publisher":{"@id":"https:\/\/qingdaohf.com\/bg\/#organization"},"potentialAction":[{"@type":"SearchAction","target":{"@type":"EntryPoint","urlTemplate":"https:\/\/qingdaohf.com\/bg\/?s={search_term_string}"},"query-input":{"@type":"PropertyValueSpecification","valueRequired":true,"valueName":"search_term_string"}}],"inLanguage":"de"},{"@type":"Organization","@id":"https:\/\/qingdaohf.com\/bg\/#organization","name":"Qingdao H&F","url":"https:\/\/qingdaohf.com\/bg\/","logo":{"@type":"ImageObject","inLanguage":"de","@id":"https:\/\/qingdaohf.com\/bg\/#\/schema\/logo\/image\/","url":"https:\/\/qingdaohf.com\/wp-content\/uploads\/2022\/12\/cropped-HF-LOGO.png","contentUrl":"https:\/\/qingdaohf.com\/wp-content\/uploads\/2022\/12\/cropped-HF-LOGO.png","width":391,"height":249,"caption":"Qingdao H&F"},"image":{"@id":"https:\/\/qingdaohf.com\/bg\/#\/schema\/logo\/image\/"},"sameAs":["https:\/\/www.facebook.com\/qingdaohf"]}]}},"_links":{"self":[{"href":"https:\/\/qingdaohf.com\/de\/wp-json\/wp\/v2\/product\/2080","targetHints":{"allow":["GET"]}}],"collection":[{"href":"https:\/\/qingdaohf.com\/de\/wp-json\/wp\/v2\/product"}],"about":[{"href":"https:\/\/qingdaohf.com\/de\/wp-json\/wp\/v2\/types\/product"}],"replies":[{"embeddable":true,"href":"https:\/\/qingdaohf.com\/de\/wp-json\/wp\/v2\/comments?post=2080"}],"version-history":[{"count":8,"href":"https:\/\/qingdaohf.com\/de\/wp-json\/wp\/v2\/product\/2080\/revisions"}],"predecessor-version":[{"id":9254,"href":"https:\/\/qingdaohf.com\/de\/wp-json\/wp\/v2\/product\/2080\/revisions\/9254"}],"wp:featuredmedia":[{"embeddable":true,"href":"https:\/\/qingdaohf.com\/de\/wp-json\/wp\/v2\/media\/2778"}],"wp:attachment":[{"href":"https:\/\/qingdaohf.com\/de\/wp-json\/wp\/v2\/media?parent=2080"}],"wp:term":[{"taxonomy":"product_brand","embeddable":true,"href":"https:\/\/qingdaohf.com\/de\/wp-json\/wp\/v2\/product_brand?post=2080"},{"taxonomy":"product_cat","embeddable":true,"href":"https:\/\/qingdaohf.com\/de\/wp-json\/wp\/v2\/product_cat?post=2080"},{"taxonomy":"product_tag","embeddable":true,"href":"https:\/\/qingdaohf.com\/de\/wp-json\/wp\/v2\/product_tag?post=2080"}],"curies":[{"name":"wp","href":"https:\/\/api.w.org\/{rel}","templated":true}]}}