{"id":2132,"date":"2023-02-10T17:41:17","date_gmt":"2023-02-10T09:41:17","guid":{"rendered":"http:\/\/qingdaohf.com\/?post_type=product&#038;p=2132"},"modified":"2025-11-13T09:06:19","modified_gmt":"2025-11-13T01:06:19","slug":"formwork-tie-rod","status":"publish","type":"product","link":"https:\/\/qingdaohf.com\/de\/produkt\/schalungsankerstange\/","title":{"rendered":"Betonschalung Ankerstab"},"content":{"rendered":"<div class=\"ast-oembed-container\" style=\"height: 100%;\"><iframe title=\"Betonschalung Ankermutter &amp; Ankerstab\" width=\"500\" height=\"281\" src=\"https:\/\/www.youtube.com\/embed\/RQCaJFwWa88?feature=oembed\" frameborder=\"0\" allow=\"accelerometer; autoplay; clipboard-write; encrypted-media; gyroscope; picture-in-picture; web-share\" referrerpolicy=\"strict-origin-when-cross-origin\" allowfullscreen><\/iframe><\/div>\n<h2 class=\"font-600 text-2xl font-bold\">Die wesentliche Rolle von Schalungsankern<\/h2>\n<p class=\"whitespace-pre-wrap break-words\">Betrachten Sie Ankerstabsysteme als die unbesungenen Helden des Betonbaus. Diese robusten Komponenten halten Ihre Schalungselemente in Position, w\u00e4hrend der Beton gegossen wird und aush\u00e4rtet. Ohne sie w\u00e4re es schwierig, die genaue Form und Festigkeit Ihres Bauwerks zu erhalten.<\/p>\n<p class=\"whitespace-pre-wrap break-words\">Was macht diese Stangen so besonders? Sie sind robust gebaut - in der Regel aus hochwertigem Stahl - um dem hohen Druck im Baugewerbe standzuhalten. Sie werden ihre St\u00e4rke besonders bei gro\u00dfen Infrastrukturprojekten oder komplexen architektonischen Entw\u00fcrfen zu sch\u00e4tzen wissen, bei denen es keinen Spielraum f\u00fcr Fehler gibt.<\/p>\n<p><img fetchpriority=\"high\" decoding=\"async\" class=\"alignnone size-full wp-image-2990\" src=\"http:\/\/qingdaohf.com\/wp-content\/uploads\/2023\/02\/Tie-Nut.jpg\" alt=\"Krawattenmutter\" width=\"1204\" height=\"1008\" srcset=\"https:\/\/qingdaohf.com\/wp-content\/uploads\/2023\/02\/Tie-Nut.jpg 1204w, https:\/\/qingdaohf.com\/wp-content\/uploads\/2023\/02\/Tie-Nut-300x251.jpg 300w, https:\/\/qingdaohf.com\/wp-content\/uploads\/2023\/02\/Tie-Nut-1024x857.jpg 1024w, https:\/\/qingdaohf.com\/wp-content\/uploads\/2023\/02\/Tie-Nut-768x643.jpg 768w, https:\/\/qingdaohf.com\/wp-content\/uploads\/2023\/02\/Tie-Nut-1000x837.jpg 1000w\" sizes=\"(max-width: 1204px) 100vw, 1204px\" \/><\/p>\n<h2 class=\"font-600 text-2xl font-bold\">Integration des Zugstangensystems mit Fugenblechen und Fl\u00fcgelmuttern<\/h2>\n<p class=\"whitespace-pre-wrap break-words\">Zugstangen funktionieren nicht allein. Sie bilden zusammen mit Wassersperren und Fl\u00fcgelmuttern eine komplette Schalungsl\u00f6sung, die mehr ist als die Summe ihrer Teile.<\/p>\n<p class=\"whitespace-pre-wrap break-words\">Wassersperren werden strategisch entlang der Zugstangen angebracht, um zu verhindern, dass Wasser durch Fugen oder L\u00f6cher im Beton eindringt. Dies ist vor allem bei Bauwerken wie St\u00fctzmauern und Kellern wichtig, wo ein Eindringen von Wasser zu Problemen f\u00fchren kann.<\/p>\n<p class=\"whitespace-pre-wrap break-words\">Fl\u00fcgelmuttern vervollst\u00e4ndigen das System, indem sie die Ankerst\u00e4be an Ihren Schalungselementen befestigen. Sie sind f\u00fcr eine einfache Handhabung konzipiert - Sie k\u00f6nnen w\u00e4hrend des Aufbaus pr\u00e4zise Anpassungen vornehmen und sie nach dem Aush\u00e4rten des Betons schnell entfernen.<\/p>\n<h2 class=\"font-600 text-2xl font-bold\">Die wichtigsten Vorteile von Schalungsankersystemen<\/h2>\n<p class=\"whitespace-pre-wrap break-words\">Zugstangensysteme halten nicht nur zusammen, sondern sorgen auch daf\u00fcr, dass die fertige Konstruktion exakt den Spezifikationen entspricht. Diese Pr\u00e4zision zahlt sich aus, denn sie reduziert M\u00e4ngel und spart teure Reparaturen nach dem Bau.<\/p>\n<p class=\"whitespace-pre-wrap break-words\">Wenn Sie der Mischung Wasserstopps hinzuf\u00fcgen, bauen Sie nicht nur - Sie sch\u00fctzen. Diese Komponenten verhindern, dass Wasser in die inneren Verst\u00e4rkungen eindringt und diese angreift. Dadurch h\u00e4lt Ihre Konstruktion l\u00e4nger und ist langfristig leistungsf\u00e4higer.<\/p>\n<p class=\"whitespace-pre-wrap break-words\">Bei Qingdao H&amp;F geben wir uns gro\u00dfe M\u00fche, Spurstangensysteme zu entwickeln, die diese Vorteile bieten. Jedes Produkt wird strengen Tests unterzogen, um sicherzustellen, dass es den Anforderungen Ihres Projekts gerecht wird.<\/p>\n<h2 class=\"font-600 text-2xl font-bold\">Warum Qingdao H&amp;F f\u00fcr Spurstangensysteme w\u00e4hlen?<\/h2>\n<p class=\"whitespace-pre-wrap break-words\">Suchen Sie einen Lieferanten f\u00fcr Spurstangen, dem Sie vertrauen k\u00f6nnen? Wir von Qingdao H&amp;F sind stolz darauf, die Extrameile zu gehen. Unser individueller Service bedeutet, dass Sie pers\u00f6nliche Aufmerksamkeit erhalten, egal ob Sie an einem kleinen Projekt oder einer gro\u00dfen Entwicklung arbeiten.<\/p>\n<p class=\"whitespace-pre-wrap break-words\">Wir wissen, dass die Bauindustrie auf niemanden wartet. Deshalb haben wir ein effizientes Liefersystem entwickelt, mit dem Sie Ihre Zugstangen, Wasserstopps und Fl\u00fcgelmuttern schnell erhalten, damit Sie Ihren Zeitplan einhalten k\u00f6nnen.<\/p>\n<p class=\"whitespace-pre-wrap break-words\">Qualit\u00e4t ist bei uns nicht nur ein Schlagwort - sie ist in alles, was wir tun, integriert. Jedes Produkt wird gr\u00fcndlichen Tests unterzogen und mit detaillierten Pr\u00fcfberichten geliefert. Das gibt Ihnen die Gewissheit, dass unsere L\u00f6sungen funktionieren, wenn es darauf ankommt.<\/p>\n<p class=\"whitespace-pre-wrap break-words\">Wir bieten nicht nur gro\u00dfartige Produkte, sondern auch Unterst\u00fctzung, auf die Sie sich verlassen k\u00f6nnen. Unser Team ist bestrebt, Ihre Bed\u00fcrfnisse zu verstehen und L\u00f6sungen zu liefern, die zu Ihnen passen. Dieser Ansatz hat uns zu einem bevorzugten Partner f\u00fcr Bauherren weltweit gemacht.<\/p>\n<h2 class=\"font-600 text-2xl font-bold\">H\u00f6here Effizienz beim Bau mit Zugstangensystemen<\/h2>\n<p class=\"whitespace-pre-wrap break-words\">Das Sch\u00f6ne an einem gut durchdachten Ankerstabsystem ist, dass es mehrere Herausforderungen auf einmal meistert. Es sorgt daf\u00fcr, dass Ihre Schalung ausgerichtet bleibt und verhindert gleichzeitig Wasserprobleme, wodurch der gesamte Bauprozess rationalisiert wird.<\/p>\n<p class=\"whitespace-pre-wrap break-words\">Die Wahl des richtigen Systems macht einen gro\u00dfen Unterschied f\u00fcr den Erfolg Ihres Projekts. Wenn Sie mit Qingdao H&amp;F zusammenarbeiten, erhalten Sie nicht nur leistungsstarke Produkte, sondern auch die Unterst\u00fctzung eines Teams, das sich mit der Materie auskennt und dem Ihr Erfolg am Herzen liegt.<\/p>\n<h2 class=\"font-600 text-2xl font-bold\">Schlussfolgerung<\/h2>\n<p class=\"whitespace-pre-wrap break-words\">Ankerst\u00e4be sind f\u00fcr das moderne Bauwesen von grundlegender Bedeutung, da sie die f\u00fcr solide Betonstrukturen erforderliche Pr\u00e4zision und Festigkeit liefern. Im Zusammenspiel mit Fugenblechen und Fl\u00fcgelmuttern bilden sie eine Komplettl\u00f6sung f\u00fcr die Schalungsmontage. Wenn Sie sich f\u00fcr Qingdao H&amp;F entscheiden, entscheiden Sie sich f\u00fcr Produkte und Service, die zum Erfolg Ihres Projekts beitragen.<\/p>\n<p class=\"whitespace-pre-wrap break-words\">Seit mehr als zwei Jahrzehnten sind wir im Au\u00dfenhandel t\u00e4tig und haben uns einen guten Ruf f\u00fcr die Lieferung hochwertiger Spurstangensysteme erworben. Ganz gleich, ob Sie mit Wasserproblemen zu k\u00e4mpfen haben oder eine perfekte Ausrichtung anstreben, wir haben L\u00f6sungen, die funktionieren. Sehen Sie selbst, was Qingdao H&amp;F auszeichnet - lassen Sie uns \u00fcber Ihr n\u00e4chstes Projekt sprechen.<\/p>\n<p>&nbsp;<\/p>","protected":false},"excerpt":{"rendered":"<p data-pm-slice=\"1 1 []\">Schalungsanker sind im Bauwesen unverzichtbar, da sie die strukturelle Stabilit\u00e4t und die Ausrichtung w\u00e4hrend des Betonierens gew\u00e4hrleisten. K\u00e4ufer suchen h\u00e4ufig nach langlebigen Zugstangensystemen, die sich nahtlos mit Fugenblechen und Fl\u00fcgelmuttern kombinieren lassen und maximale Effizienz und Zuverl\u00e4ssigkeit bieten. Bei Qingdao H&amp;F erf\u00fcllen wir diese Anforderungen mit pers\u00f6nlicher Kundenbetreuung, schneller Lieferung und detaillierten Qualit\u00e4tspr\u00fcfungsberichten, die das Vertrauen in jeden Kauf sicherstellen.<\/p>","protected":false},"featured_media":8607,"comment_status":"open","ping_status":"closed","template":"","meta":{"site-sidebar-layout":"default","site-content-layout":"default","ast-site-content-layout":"default","site-content-style":"default","site-sidebar-style":"default","ast-global-header-display":"","ast-banner-title-visibility":"","ast-main-header-display":"","ast-hfb-above-header-display":"","ast-hfb-below-header-display":"","ast-hfb-mobile-header-display":"","site-post-title":"","ast-breadcrumbs-content":"","ast-featured-img":"","footer-sml-layout":"","theme-transparent-header-meta":"default","adv-header-id-meta":"","stick-header-meta":"default","header-above-stick-meta":"","header-main-stick-meta":"","header-below-stick-meta":"","astra-migrate-meta-layouts":"set","ast-page-background-enabled":"default","ast-page-background-meta":{"desktop":{"background-color":"","background-image":"","background-repeat":"repeat","background-position":"center center","background-size":"auto","background-attachment":"scroll","background-type":"","background-media":"","overlay-type":"","overlay-color":"","overlay-opacity":"","overlay-gradient":""},"tablet":{"background-color":"","background-image":"","background-repeat":"repeat","background-position":"center center","background-size":"auto","background-attachment":"scroll","background-type":"","background-media":"","overlay-type":"","overlay-color":"","overlay-opacity":"","overlay-gradient":""},"mobile":{"background-color":"","background-image":"","background-repeat":"repeat","background-position":"center center","background-size":"auto","background-attachment":"scroll","background-type":"","background-media":"","overlay-type":"","overlay-color":"","overlay-opacity":"","overlay-gradient":""}},"ast-content-background-meta":{"desktop":{"background-color":"var(--ast-global-color-5)","background-image":"","background-repeat":"repeat","background-position":"center center","background-size":"auto","background-attachment":"scroll","background-type":"","background-media":"","overlay-type":"","overlay-color":"","overlay-opacity":"","overlay-gradient":""},"tablet":{"background-color":"var(--ast-global-color-5)","background-image":"","background-repeat":"repeat","background-position":"center center","background-size":"auto","background-attachment":"scroll","background-type":"","background-media":"","overlay-type":"","overlay-color":"","overlay-opacity":"","overlay-gradient":""},"mobile":{"background-color":"var(--ast-global-color-5)","background-image":"","background-repeat":"repeat","background-position":"center center","background-size":"auto","background-attachment":"scroll","background-type":"","background-media":"","overlay-type":"","overlay-color":"","overlay-opacity":"","overlay-gradient":""}}},"product_brand":[],"product_cat":[79],"product_tag":[],"class_list":{"0":"post-2132","1":"product","2":"type-product","3":"status-publish","4":"has-post-thumbnail","6":"product_cat-tie-rod-system","7":"desktop-align-left","8":"tablet-align-left","9":"mobile-align-left","10":"ast-product-gallery-layout-horizontal-slider","11":"ast-product-tabs-layout-horizontal","13":"first","14":"instock","15":"shipping-taxable","16":"purchasable","17":"product-type-simple"},"yoast_head":"<!-- This site is optimized with the Yoast SEO plugin v25.2 - https:\/\/yoast.com\/wordpress\/plugins\/seo\/ -->\n<title>Concrete Formwork Tie Rod<\/title>\n<meta name=\"description\" content=\"Tie rod is reinforced straight steel rebar of large diameter with high strength and high dimensional accuracy external thread .\" \/>\n<meta name=\"robots\" content=\"index, follow, max-snippet:-1, max-image-preview:large, max-video-preview:-1\" \/>\n<link rel=\"canonical\" href=\"https:\/\/qingdaohf.com\/de\/produkt\/schalungsankerstange\/\" \/>\n<meta property=\"og:locale\" content=\"de_DE\" \/>\n<meta property=\"og:type\" content=\"article\" \/>\n<meta property=\"og:title\" content=\"Concrete Formwork Tie Rod\" \/>\n<meta property=\"og:description\" content=\"Tie rod is reinforced straight steel rebar of large diameter with high strength and high dimensional accuracy external thread .\" \/>\n<meta property=\"og:url\" content=\"https:\/\/qingdaohf.com\/de\/produkt\/schalungsankerstange\/\" \/>\n<meta property=\"og:site_name\" content=\"Concrete Form &amp; Rigging Hardware Supplier\" \/>\n<meta property=\"article:publisher\" content=\"https:\/\/www.facebook.com\/qingdaohf\" \/>\n<meta property=\"article:modified_time\" content=\"2025-11-13T01:06:19+00:00\" \/>\n<meta property=\"og:image\" content=\"https:\/\/qingdaohf.com\/wp-content\/uploads\/2023\/02\/tie-rod-system.webp\" \/>\n\t<meta property=\"og:image:width\" content=\"1000\" \/>\n\t<meta property=\"og:image:height\" content=\"1000\" \/>\n\t<meta property=\"og:image:type\" content=\"image\/webp\" \/>\n<meta name=\"twitter:card\" content=\"summary_large_image\" \/>\n<meta name=\"twitter:label1\" content=\"Gesch\u00e4tzte Lesezeit\" \/>\n\t<meta name=\"twitter:data1\" content=\"4\u00a0Minuten\" \/>\n<script type=\"application\/ld+json\" class=\"yoast-schema-graph\">{\"@context\":\"https:\/\/schema.org\",\"@graph\":[{\"@type\":\"WebPage\",\"@id\":\"https:\/\/qingdaohf.com\/product\/formwork-tie-rod\/\",\"url\":\"https:\/\/qingdaohf.com\/product\/formwork-tie-rod\/\",\"name\":\"Concrete Formwork Tie Rod\",\"isPartOf\":{\"@id\":\"https:\/\/qingdaohf.com\/bg\/#website\"},\"primaryImageOfPage\":{\"@id\":\"https:\/\/qingdaohf.com\/product\/formwork-tie-rod\/#primaryimage\"},\"image\":{\"@id\":\"https:\/\/qingdaohf.com\/product\/formwork-tie-rod\/#primaryimage\"},\"thumbnailUrl\":\"https:\/\/qingdaohf.com\/wp-content\/uploads\/2023\/02\/tie-rod-system.webp\",\"datePublished\":\"2023-02-10T09:41:17+00:00\",\"dateModified\":\"2025-11-13T01:06:19+00:00\",\"description\":\"Tie rod is reinforced straight steel rebar of large diameter with high strength and high dimensional accuracy external thread .\",\"breadcrumb\":{\"@id\":\"https:\/\/qingdaohf.com\/product\/formwork-tie-rod\/#breadcrumb\"},\"inLanguage\":\"de\",\"potentialAction\":[{\"@type\":\"ReadAction\",\"target\":[\"https:\/\/qingdaohf.com\/product\/formwork-tie-rod\/\"]}]},{\"@type\":\"ImageObject\",\"inLanguage\":\"de\",\"@id\":\"https:\/\/qingdaohf.com\/product\/formwork-tie-rod\/#primaryimage\",\"url\":\"https:\/\/qingdaohf.com\/wp-content\/uploads\/2023\/02\/tie-rod-system.webp\",\"contentUrl\":\"https:\/\/qingdaohf.com\/wp-content\/uploads\/2023\/02\/tie-rod-system.webp\",\"width\":1000,\"height\":1000,\"caption\":\"tie rod system\"},{\"@type\":\"BreadcrumbList\",\"@id\":\"https:\/\/qingdaohf.com\/product\/formwork-tie-rod\/#breadcrumb\",\"itemListElement\":[{\"@type\":\"ListItem\",\"position\":1,\"name\":\"Home\",\"item\":\"https:\/\/qingdaohf.com\/\"},{\"@type\":\"ListItem\",\"position\":2,\"name\":\"Concrete Forming Accessories and Rigging Hardware\",\"item\":\"https:\/\/qingdaohf.com\/bg\/?page_id=944\"},{\"@type\":\"ListItem\",\"position\":3,\"name\":\"Concrete Formwork Tie Rod\"}]},{\"@type\":\"WebSite\",\"@id\":\"https:\/\/qingdaohf.com\/bg\/#website\",\"url\":\"https:\/\/qingdaohf.com\/bg\/\",\"name\":\"Concrete Form & Rigging Hardware Supplier\",\"description\":\"\",\"publisher\":{\"@id\":\"https:\/\/qingdaohf.com\/bg\/#organization\"},\"potentialAction\":[{\"@type\":\"SearchAction\",\"target\":{\"@type\":\"EntryPoint\",\"urlTemplate\":\"https:\/\/qingdaohf.com\/bg\/?s={search_term_string}\"},\"query-input\":{\"@type\":\"PropertyValueSpecification\",\"valueRequired\":true,\"valueName\":\"search_term_string\"}}],\"inLanguage\":\"de\"},{\"@type\":\"Organization\",\"@id\":\"https:\/\/qingdaohf.com\/bg\/#organization\",\"name\":\"Qingdao H&F\",\"url\":\"https:\/\/qingdaohf.com\/bg\/\",\"logo\":{\"@type\":\"ImageObject\",\"inLanguage\":\"de\",\"@id\":\"https:\/\/qingdaohf.com\/bg\/#\/schema\/logo\/image\/\",\"url\":\"https:\/\/qingdaohf.com\/wp-content\/uploads\/2022\/12\/cropped-HF-LOGO.png\",\"contentUrl\":\"https:\/\/qingdaohf.com\/wp-content\/uploads\/2022\/12\/cropped-HF-LOGO.png\",\"width\":391,\"height\":249,\"caption\":\"Qingdao H&F\"},\"image\":{\"@id\":\"https:\/\/qingdaohf.com\/bg\/#\/schema\/logo\/image\/\"},\"sameAs\":[\"https:\/\/www.facebook.com\/qingdaohf\"]}]}<\/script>\n<!-- \/ Yoast SEO plugin. -->","yoast_head_json":{"title":"Concrete Formwork Tie Rod","description":"Tie rod is reinforced straight steel rebar of large diameter with high strength and high dimensional accuracy external thread .","robots":{"index":"index","follow":"follow","max-snippet":"max-snippet:-1","max-image-preview":"max-image-preview:large","max-video-preview":"max-video-preview:-1"},"canonical":"https:\/\/qingdaohf.com\/de\/produkt\/schalungsankerstange\/","og_locale":"de_DE","og_type":"article","og_title":"Concrete Formwork Tie Rod","og_description":"Tie rod is reinforced straight steel rebar of large diameter with high strength and high dimensional accuracy external thread .","og_url":"https:\/\/qingdaohf.com\/de\/produkt\/schalungsankerstange\/","og_site_name":"Concrete Form &amp; Rigging Hardware Supplier","article_publisher":"https:\/\/www.facebook.com\/qingdaohf","article_modified_time":"2025-11-13T01:06:19+00:00","og_image":[{"width":1000,"height":1000,"url":"https:\/\/qingdaohf.com\/wp-content\/uploads\/2023\/02\/tie-rod-system.webp","type":"image\/webp"}],"twitter_card":"summary_large_image","twitter_misc":{"Gesch\u00e4tzte Lesezeit":"4\u00a0Minuten"},"schema":{"@context":"https:\/\/schema.org","@graph":[{"@type":"WebPage","@id":"https:\/\/qingdaohf.com\/product\/formwork-tie-rod\/","url":"https:\/\/qingdaohf.com\/product\/formwork-tie-rod\/","name":"Concrete Formwork Tie Rod","isPartOf":{"@id":"https:\/\/qingdaohf.com\/bg\/#website"},"primaryImageOfPage":{"@id":"https:\/\/qingdaohf.com\/product\/formwork-tie-rod\/#primaryimage"},"image":{"@id":"https:\/\/qingdaohf.com\/product\/formwork-tie-rod\/#primaryimage"},"thumbnailUrl":"https:\/\/qingdaohf.com\/wp-content\/uploads\/2023\/02\/tie-rod-system.webp","datePublished":"2023-02-10T09:41:17+00:00","dateModified":"2025-11-13T01:06:19+00:00","description":"Tie rod is reinforced straight steel rebar of large diameter with high strength and high dimensional accuracy external thread .","breadcrumb":{"@id":"https:\/\/qingdaohf.com\/product\/formwork-tie-rod\/#breadcrumb"},"inLanguage":"de","potentialAction":[{"@type":"ReadAction","target":["https:\/\/qingdaohf.com\/product\/formwork-tie-rod\/"]}]},{"@type":"ImageObject","inLanguage":"de","@id":"https:\/\/qingdaohf.com\/product\/formwork-tie-rod\/#primaryimage","url":"https:\/\/qingdaohf.com\/wp-content\/uploads\/2023\/02\/tie-rod-system.webp","contentUrl":"https:\/\/qingdaohf.com\/wp-content\/uploads\/2023\/02\/tie-rod-system.webp","width":1000,"height":1000,"caption":"tie rod system"},{"@type":"BreadcrumbList","@id":"https:\/\/qingdaohf.com\/product\/formwork-tie-rod\/#breadcrumb","itemListElement":[{"@type":"ListItem","position":1,"name":"Home","item":"https:\/\/qingdaohf.com\/"},{"@type":"ListItem","position":2,"name":"Concrete Forming Accessories and Rigging Hardware","item":"https:\/\/qingdaohf.com\/bg\/?page_id=944"},{"@type":"ListItem","position":3,"name":"Concrete Formwork Tie Rod"}]},{"@type":"WebSite","@id":"https:\/\/qingdaohf.com\/bg\/#website","url":"https:\/\/qingdaohf.com\/bg\/","name":"Concrete Form & Rigging Hardware Supplier","description":"","publisher":{"@id":"https:\/\/qingdaohf.com\/bg\/#organization"},"potentialAction":[{"@type":"SearchAction","target":{"@type":"EntryPoint","urlTemplate":"https:\/\/qingdaohf.com\/bg\/?s={search_term_string}"},"query-input":{"@type":"PropertyValueSpecification","valueRequired":true,"valueName":"search_term_string"}}],"inLanguage":"de"},{"@type":"Organization","@id":"https:\/\/qingdaohf.com\/bg\/#organization","name":"Qingdao H&F","url":"https:\/\/qingdaohf.com\/bg\/","logo":{"@type":"ImageObject","inLanguage":"de","@id":"https:\/\/qingdaohf.com\/bg\/#\/schema\/logo\/image\/","url":"https:\/\/qingdaohf.com\/wp-content\/uploads\/2022\/12\/cropped-HF-LOGO.png","contentUrl":"https:\/\/qingdaohf.com\/wp-content\/uploads\/2022\/12\/cropped-HF-LOGO.png","width":391,"height":249,"caption":"Qingdao H&F"},"image":{"@id":"https:\/\/qingdaohf.com\/bg\/#\/schema\/logo\/image\/"},"sameAs":["https:\/\/www.facebook.com\/qingdaohf"]}]}},"_links":{"self":[{"href":"https:\/\/qingdaohf.com\/de\/wp-json\/wp\/v2\/product\/2132","targetHints":{"allow":["GET"]}}],"collection":[{"href":"https:\/\/qingdaohf.com\/de\/wp-json\/wp\/v2\/product"}],"about":[{"href":"https:\/\/qingdaohf.com\/de\/wp-json\/wp\/v2\/types\/product"}],"replies":[{"embeddable":true,"href":"https:\/\/qingdaohf.com\/de\/wp-json\/wp\/v2\/comments?post=2132"}],"version-history":[{"count":4,"href":"https:\/\/qingdaohf.com\/de\/wp-json\/wp\/v2\/product\/2132\/revisions"}],"predecessor-version":[{"id":3498,"href":"https:\/\/qingdaohf.com\/de\/wp-json\/wp\/v2\/product\/2132\/revisions\/3498"}],"wp:featuredmedia":[{"embeddable":true,"href":"https:\/\/qingdaohf.com\/de\/wp-json\/wp\/v2\/media\/8607"}],"wp:attachment":[{"href":"https:\/\/qingdaohf.com\/de\/wp-json\/wp\/v2\/media?parent=2132"}],"wp:term":[{"taxonomy":"product_brand","embeddable":true,"href":"https:\/\/qingdaohf.com\/de\/wp-json\/wp\/v2\/product_brand?post=2132"},{"taxonomy":"product_cat","embeddable":true,"href":"https:\/\/qingdaohf.com\/de\/wp-json\/wp\/v2\/product_cat?post=2132"},{"taxonomy":"product_tag","embeddable":true,"href":"https:\/\/qingdaohf.com\/de\/wp-json\/wp\/v2\/product_tag?post=2132"}],"curies":[{"name":"wp","href":"https:\/\/api.w.org\/{rel}","templated":true}]}}