{"id":2197,"date":"2023-02-14T18:02:59","date_gmt":"2023-02-14T10:02:59","guid":{"rendered":"http:\/\/qingdaohf.com\/?post_type=product&#038;p=2197"},"modified":"2025-11-13T09:06:18","modified_gmt":"2025-11-13T01:06:18","slug":"folding-grapnel-anchor","status":"publish","type":"product","link":"https:\/\/qingdaohf.com\/de\/produkt\/bolzenanker\/","title":{"rendered":"Klappbarer Grapnel-Anker"},"content":{"rendered":"<p class=\"\" data-start=\"399\" data-end=\"810\">Auf den ersten Blick zeichnet sich der Faltanker durch seinen Gelenkmechanismus aus, der es erm\u00f6glicht, die vierzackigen Flunken sauber gegen den Schaft zu klappen. Diese Innovation verringert den Platzbedarf f\u00fcr die Lagerung und vereinfacht die Handhabung auf \u00fcberf\u00fcllten Baustellen. Im Gegensatz zu einem herk\u00f6mmlichen Schenkelanker, der immer starr bleibt, passt sich die faltbare Variante an enge Platzverh\u00e4ltnisse an und erm\u00f6glicht einen schnellen Einsatz.<\/p>\n<h2 class=\"\" data-start=\"812\" data-end=\"880\">Hauptunterschiede zwischen faltbaren und herk\u00f6mmlichen Hakenankern<\/h2>\n<p class=\"\" data-start=\"881\" data-end=\"1374\">Ein herk\u00f6mmlicher Hakenanker verf\u00fcgt \u00fcber feste Arme, die f\u00fcr den Transport und die Verwendung viel Freiraum ben\u00f6tigen. Im Gegensatz dazu verf\u00fcgt der klappbare Hakenanker \u00fcber ein pr\u00e4zisionsgefertigtes Scharniergelenk aus geh\u00e4rtetem legiertem Stahl, das sicherstellt, dass jeder Arm unter Last sicher einrastet. Dieses Gelenk wird strengen Erm\u00fcdungstests unterzogen, um sicherzustellen, dass wiederholtes \u00d6ffnen und Schlie\u00dfen nicht zu einer Schw\u00e4chung des Materials f\u00fchrt. Diese dynamische Pr\u00fcfung \u00fcbertrifft die statischen Festigkeitstests, die h\u00e4ufig bei station\u00e4ren Ankern durchgef\u00fchrt werden.<\/p>\n<h2 class=\"\" data-start=\"1376\" data-end=\"1415\">Materialien und Bauqualit\u00e4t<\/h2>\n<p class=\"\" data-start=\"1416\" data-end=\"1997\">Beide Ankertypen werden aus hochfestem Kohlenstoffstahl geschmiedet und anschlie\u00dfend einem mehrstufigen W\u00e4rmebehandlungsprozess unterzogen, der eine Brinellh\u00e4rte von 260-300 HB ergibt. Nach dem Schmieden erhalten die Komponenten eine zweischichtige Epoxid-Zink-Beschichtung, die mehr als 1.000 Stunden in einer neutralen Salzspr\u00fchnebelbewertung besteht. Dieser Grad an Korrosionsbest\u00e4ndigkeit ist f\u00fcr den Bau an der K\u00fcste oder f\u00fcr Takelarbeiten auf See unerl\u00e4sslich. Dar\u00fcber hinaus wird jede Einheit mit Hilfe von Laserscannern auf ihre Ma\u00dfhaltigkeit gepr\u00fcft, eine Praxis, die normalerweise eher f\u00fcr Komponenten der Luft- und Raumfahrt als f\u00fcr allt\u00e4gliches Formzubeh\u00f6r vorbehalten ist.<\/p>\n<h2 class=\"\" data-start=\"1999\" data-end=\"2041\">Anwendungen und Leistungsanalyse<\/h2>\n<p class=\"\" data-start=\"2042\" data-end=\"2639\">In Betonschalungen dienen Greiferanker zur Sicherung von Schotts und Auskleidungen gegen den hydrostatischen Druck von frisch gegossener Schl\u00e4mme. Feldversuche zeigen, dass faltbare Modelle eine vergleichbare Auszugskraft - im Durchschnitt \u00fcber 12 kN - aufweisen wie ihre nicht faltbaren Gegenst\u00fccke und gleichzeitig das Transportvolumen um 40 Prozent reduzieren. Bei einer Fallstudie auf einer mittelhohen Baustelle meldeten die Mitarbeiter eine 20-prozentige Reduzierung der R\u00fcstzeit, was sie auf die Kompaktheit des Ankers und die einfachere Befestigung zur\u00fcckf\u00fchrten. Diese betriebliche Effizienz schl\u00e4gt sich direkt in niedrigeren Arbeitskosten und k\u00fcrzeren Projektfristen nieder.<\/p>\n<h2 class=\"\" data-start=\"2641\" data-end=\"2684\">Integration mit dem X-Flat Tie System<\/h2>\n<p class=\"\" data-start=\"2685\" data-end=\"3229\">Der X-Flat Tie erg\u00e4nzt unser Ankersortiment um ein flaches Zugglied mit niedrigem Profil, das f\u00fcr ein- und zweiseitige Schalungen konzipiert ist. Seine gezahnte Greiffl\u00e4che wird \u00fcber einen Schnellverschluss mit den Ankersch\u00e4ften verbunden und erm\u00f6glicht eine fein abgestimmte Abstandseinstellung ohne Neupositionierung des Hauptankers. Die X-Flat Ties sind in Baustahl- und Edelstahlvarianten erh\u00e4ltlich und eignen sich f\u00fcr die unterschiedlichsten Projekte - von Hochhauskernen bis hin zu Fertigteilwerken - und gew\u00e4hrleisten, dass jede Baugruppe eine gleichm\u00e4\u00dfige Lastverteilung und minimale Durchbiegung unter Druck aufweist.<\/p>\n<h2 class=\"\" data-start=\"3231\" data-end=\"3272\">Qualit\u00e4tssicherung und Zertifizierungen<\/h2>\n<p class=\"\" data-start=\"3273\" data-end=\"3751\">Jeder Klappanker und jeder X-Flat Tie wird einer Stichprobenpr\u00fcfung unterzogen, die Zug-, Biege- und Sto\u00dftests in \u00dcbereinstimmung mit den Inspektionsstandards der EN 10204 umfasst. Konformit\u00e4tszertifikate begleiten die Lieferungen und best\u00e4tigen die Einhaltung der Qualit\u00e4tsmanagementprotokolle nach ISO 9001:2015. Dar\u00fcber hinaus f\u00fchrt ein unabh\u00e4ngiges Labor stichprobenartig Salzspr\u00fchnebel- und H\u00e4rtepr\u00fcfungen durch, um sicherzustellen, dass die Materialintegrit\u00e4t und die Schutzbeschichtungen die Industrienormen erf\u00fcllen oder \u00fcbertreffen.<\/p>\n<h2 class=\"\" data-start=\"3753\" data-end=\"3782\">Warum mit H&amp;F zusammenarbeiten<\/h2>\n<p class=\"\" data-start=\"3783\" data-end=\"4428\">Kunden entscheiden sich f\u00fcr H&amp;F nicht nur wegen unserer Produktvielfalt, sondern auch wegen des ma\u00dfgeschneiderten Serviceangebots. Potenzielle Partner erhalten kostenlose Muster, um die Leistung anhand von projektspezifischen Kriterien zu pr\u00fcfen, so dass vor einer umfangreichen Beschaffung keine Vermutungen angestellt werden m\u00fcssen. Jeder Kunde profitiert von einem engagierten technischen Ansprechpartner, der rund um die Uhr zur Verf\u00fcgung steht und von der ersten Anfrage bis zur Nachbetreuung nach der Auslieferung pers\u00f6nliche Unterst\u00fctzung bietet. Dar\u00fcber hinaus verringern die T\u00fcr-zu-T\u00fcr-Logistikdienste die Komplexit\u00e4t der Abwicklung, insbesondere bei internationalen Sendungen, und unser transparentes Nachverfolgungssystem h\u00e4lt die Beteiligten bei jedem Transitmeilenstein auf dem Laufenden.<\/p>\n<p class=\"\" data-start=\"4430\" data-end=\"4730\">Durch die Kombination von praktischen Designerkenntnissen, robusten Materialspezifikationen und einem kundenorientierten Supportmodell sind der faltbare Grapnel-Anker und die dazugeh\u00f6rige X-Flat Tie-L\u00f6sung eine zuverl\u00e4ssige Wahl f\u00fcr Fachleute, die Effizienz, St\u00e4rke und Zuverl\u00e4ssigkeit bei Schalungen und Rigging-Hardware suchen.<\/p>","protected":false},"excerpt":{"rendered":"<p>Der faltbare Anker bietet eine vielseitige Verankerungsl\u00f6sung mit einem kompakten, faltbaren Design, das die Tragbarkeit verbessert, ohne die Festigkeit zu beeintr\u00e4chtigen. Er l\u00e4sst sich nahtlos mit dem X-Flat Tie System kombinieren und bietet zuverl\u00e4ssige Leistung bei anspruchsvollen Schalungs- und Rigging-Anwendungen.<\/p>","protected":false},"featured_media":9458,"comment_status":"open","ping_status":"closed","template":"","meta":{"site-sidebar-layout":"default","site-content-layout":"default","ast-site-content-layout":"default","site-content-style":"default","site-sidebar-style":"default","ast-global-header-display":"","ast-banner-title-visibility":"","ast-main-header-display":"","ast-hfb-above-header-display":"","ast-hfb-below-header-display":"","ast-hfb-mobile-header-display":"","site-post-title":"","ast-breadcrumbs-content":"","ast-featured-img":"","footer-sml-layout":"","theme-transparent-header-meta":"default","adv-header-id-meta":"","stick-header-meta":"default","header-above-stick-meta":"","header-main-stick-meta":"","header-below-stick-meta":"","astra-migrate-meta-layouts":"set","ast-page-background-enabled":"default","ast-page-background-meta":{"desktop":{"background-color":"","background-image":"","background-repeat":"repeat","background-position":"center center","background-size":"auto","background-attachment":"scroll","background-type":"","background-media":"","overlay-type":"","overlay-color":"","overlay-opacity":"","overlay-gradient":""},"tablet":{"background-color":"","background-image":"","background-repeat":"repeat","background-position":"center center","background-size":"auto","background-attachment":"scroll","background-type":"","background-media":"","overlay-type":"","overlay-color":"","overlay-opacity":"","overlay-gradient":""},"mobile":{"background-color":"","background-image":"","background-repeat":"repeat","background-position":"center center","background-size":"auto","background-attachment":"scroll","background-type":"","background-media":"","overlay-type":"","overlay-color":"","overlay-opacity":"","overlay-gradient":""}},"ast-content-background-meta":{"desktop":{"background-color":"var(--ast-global-color-5)","background-image":"","background-repeat":"repeat","background-position":"center center","background-size":"auto","background-attachment":"scroll","background-type":"","background-media":"","overlay-type":"","overlay-color":"","overlay-opacity":"","overlay-gradient":""},"tablet":{"background-color":"var(--ast-global-color-5)","background-image":"","background-repeat":"repeat","background-position":"center center","background-size":"auto","background-attachment":"scroll","background-type":"","background-media":"","overlay-type":"","overlay-color":"","overlay-opacity":"","overlay-gradient":""},"mobile":{"background-color":"var(--ast-global-color-5)","background-image":"","background-repeat":"repeat","background-position":"center center","background-size":"auto","background-attachment":"scroll","background-type":"","background-media":"","overlay-type":"","overlay-color":"","overlay-opacity":"","overlay-gradient":""}}},"product_brand":[],"product_cat":[74,43],"product_tag":[],"class_list":{"0":"post-2197","1":"product","2":"type-product","3":"status-publish","4":"has-post-thumbnail","6":"product_cat-boat-anchor","7":"product_cat-rigging-hardware","8":"desktop-align-left","9":"tablet-align-left","10":"mobile-align-left","11":"ast-product-gallery-layout-horizontal-slider","12":"ast-product-tabs-layout-horizontal","14":"first","15":"instock","16":"shipping-taxable","17":"purchasable","18":"product-type-simple"},"yoast_head":"<!-- This site is optimized with the Yoast SEO plugin v25.2 - https:\/\/yoast.com\/wordpress\/plugins\/seo\/ -->\n<title>Folding Grapnel Anchor<\/title>\n<meta name=\"description\" content=\"The Grapnel Anchor is a mechanical device commonly used in maritime and climbing activities for securing and stabilizing objects.\" \/>\n<meta name=\"robots\" content=\"index, follow, max-snippet:-1, max-image-preview:large, max-video-preview:-1\" \/>\n<link rel=\"canonical\" href=\"https:\/\/qingdaohf.com\/de\/produkt\/bolzenanker\/\" \/>\n<meta property=\"og:locale\" content=\"de_DE\" \/>\n<meta property=\"og:type\" content=\"article\" \/>\n<meta property=\"og:title\" content=\"Folding Grapnel Anchor\" \/>\n<meta property=\"og:description\" content=\"The Grapnel Anchor is a mechanical device commonly used in maritime and climbing activities for securing and stabilizing objects.\" \/>\n<meta property=\"og:url\" content=\"https:\/\/qingdaohf.com\/de\/produkt\/bolzenanker\/\" \/>\n<meta property=\"og:site_name\" content=\"Concrete Form &amp; Rigging Hardware Supplier\" \/>\n<meta property=\"article:publisher\" content=\"https:\/\/www.facebook.com\/qingdaohf\" \/>\n<meta property=\"article:modified_time\" content=\"2025-11-13T01:06:18+00:00\" \/>\n<meta property=\"og:image\" content=\"https:\/\/qingdaohf.com\/wp-content\/uploads\/2023\/02\/Grapnel-Anchor-1.jpg\" \/>\n\t<meta property=\"og:image:width\" content=\"1000\" \/>\n\t<meta property=\"og:image:height\" content=\"1000\" \/>\n\t<meta property=\"og:image:type\" content=\"image\/jpeg\" \/>\n<meta name=\"twitter:card\" content=\"summary_large_image\" \/>\n<meta name=\"twitter:label1\" content=\"Gesch\u00e4tzte Lesezeit\" \/>\n\t<meta name=\"twitter:data1\" content=\"3\u00a0Minuten\" \/>\n<script type=\"application\/ld+json\" class=\"yoast-schema-graph\">{\"@context\":\"https:\/\/schema.org\",\"@graph\":[{\"@type\":\"WebPage\",\"@id\":\"https:\/\/qingdaohf.com\/product\/folding-grapnel-anchor\/\",\"url\":\"https:\/\/qingdaohf.com\/product\/folding-grapnel-anchor\/\",\"name\":\"Folding Grapnel Anchor\",\"isPartOf\":{\"@id\":\"https:\/\/qingdaohf.com\/bg\/#website\"},\"primaryImageOfPage\":{\"@id\":\"https:\/\/qingdaohf.com\/product\/folding-grapnel-anchor\/#primaryimage\"},\"image\":{\"@id\":\"https:\/\/qingdaohf.com\/product\/folding-grapnel-anchor\/#primaryimage\"},\"thumbnailUrl\":\"https:\/\/qingdaohf.com\/wp-content\/uploads\/2023\/02\/Grapnel-Anchor-1.jpg\",\"datePublished\":\"2023-02-14T10:02:59+00:00\",\"dateModified\":\"2025-11-13T01:06:18+00:00\",\"description\":\"The Grapnel Anchor is a mechanical device commonly used in maritime and climbing activities for securing and stabilizing objects.\",\"breadcrumb\":{\"@id\":\"https:\/\/qingdaohf.com\/product\/folding-grapnel-anchor\/#breadcrumb\"},\"inLanguage\":\"de\",\"potentialAction\":[{\"@type\":\"ReadAction\",\"target\":[\"https:\/\/qingdaohf.com\/product\/folding-grapnel-anchor\/\"]}]},{\"@type\":\"ImageObject\",\"inLanguage\":\"de\",\"@id\":\"https:\/\/qingdaohf.com\/product\/folding-grapnel-anchor\/#primaryimage\",\"url\":\"https:\/\/qingdaohf.com\/wp-content\/uploads\/2023\/02\/Grapnel-Anchor-1.jpg\",\"contentUrl\":\"https:\/\/qingdaohf.com\/wp-content\/uploads\/2023\/02\/Grapnel-Anchor-1.jpg\",\"width\":1000,\"height\":1000,\"caption\":\"Grapnel Anchor\"},{\"@type\":\"BreadcrumbList\",\"@id\":\"https:\/\/qingdaohf.com\/product\/folding-grapnel-anchor\/#breadcrumb\",\"itemListElement\":[{\"@type\":\"ListItem\",\"position\":1,\"name\":\"Home\",\"item\":\"https:\/\/qingdaohf.com\/\"},{\"@type\":\"ListItem\",\"position\":2,\"name\":\"Concrete Forming Accessories and Rigging Hardware\",\"item\":\"https:\/\/qingdaohf.com\/bg\/?page_id=944\"},{\"@type\":\"ListItem\",\"position\":3,\"name\":\"Folding Grapnel Anchor\"}]},{\"@type\":\"WebSite\",\"@id\":\"https:\/\/qingdaohf.com\/bg\/#website\",\"url\":\"https:\/\/qingdaohf.com\/bg\/\",\"name\":\"Concrete Form & Rigging Hardware Supplier\",\"description\":\"\",\"publisher\":{\"@id\":\"https:\/\/qingdaohf.com\/bg\/#organization\"},\"potentialAction\":[{\"@type\":\"SearchAction\",\"target\":{\"@type\":\"EntryPoint\",\"urlTemplate\":\"https:\/\/qingdaohf.com\/bg\/?s={search_term_string}\"},\"query-input\":{\"@type\":\"PropertyValueSpecification\",\"valueRequired\":true,\"valueName\":\"search_term_string\"}}],\"inLanguage\":\"de\"},{\"@type\":\"Organization\",\"@id\":\"https:\/\/qingdaohf.com\/bg\/#organization\",\"name\":\"Qingdao H&F\",\"url\":\"https:\/\/qingdaohf.com\/bg\/\",\"logo\":{\"@type\":\"ImageObject\",\"inLanguage\":\"de\",\"@id\":\"https:\/\/qingdaohf.com\/bg\/#\/schema\/logo\/image\/\",\"url\":\"https:\/\/qingdaohf.com\/wp-content\/uploads\/2022\/12\/cropped-HF-LOGO.png\",\"contentUrl\":\"https:\/\/qingdaohf.com\/wp-content\/uploads\/2022\/12\/cropped-HF-LOGO.png\",\"width\":391,\"height\":249,\"caption\":\"Qingdao H&F\"},\"image\":{\"@id\":\"https:\/\/qingdaohf.com\/bg\/#\/schema\/logo\/image\/\"},\"sameAs\":[\"https:\/\/www.facebook.com\/qingdaohf\"]}]}<\/script>\n<!-- \/ Yoast SEO plugin. -->","yoast_head_json":{"title":"Folding Grapnel Anchor","description":"The Grapnel Anchor is a mechanical device commonly used in maritime and climbing activities for securing and stabilizing objects.","robots":{"index":"index","follow":"follow","max-snippet":"max-snippet:-1","max-image-preview":"max-image-preview:large","max-video-preview":"max-video-preview:-1"},"canonical":"https:\/\/qingdaohf.com\/de\/produkt\/bolzenanker\/","og_locale":"de_DE","og_type":"article","og_title":"Folding Grapnel Anchor","og_description":"The Grapnel Anchor is a mechanical device commonly used in maritime and climbing activities for securing and stabilizing objects.","og_url":"https:\/\/qingdaohf.com\/de\/produkt\/bolzenanker\/","og_site_name":"Concrete Form &amp; Rigging Hardware Supplier","article_publisher":"https:\/\/www.facebook.com\/qingdaohf","article_modified_time":"2025-11-13T01:06:18+00:00","og_image":[{"width":1000,"height":1000,"url":"https:\/\/qingdaohf.com\/wp-content\/uploads\/2023\/02\/Grapnel-Anchor-1.jpg","type":"image\/jpeg"}],"twitter_card":"summary_large_image","twitter_misc":{"Gesch\u00e4tzte Lesezeit":"3\u00a0Minuten"},"schema":{"@context":"https:\/\/schema.org","@graph":[{"@type":"WebPage","@id":"https:\/\/qingdaohf.com\/product\/folding-grapnel-anchor\/","url":"https:\/\/qingdaohf.com\/product\/folding-grapnel-anchor\/","name":"Folding Grapnel Anchor","isPartOf":{"@id":"https:\/\/qingdaohf.com\/bg\/#website"},"primaryImageOfPage":{"@id":"https:\/\/qingdaohf.com\/product\/folding-grapnel-anchor\/#primaryimage"},"image":{"@id":"https:\/\/qingdaohf.com\/product\/folding-grapnel-anchor\/#primaryimage"},"thumbnailUrl":"https:\/\/qingdaohf.com\/wp-content\/uploads\/2023\/02\/Grapnel-Anchor-1.jpg","datePublished":"2023-02-14T10:02:59+00:00","dateModified":"2025-11-13T01:06:18+00:00","description":"The Grapnel Anchor is a mechanical device commonly used in maritime and climbing activities for securing and stabilizing objects.","breadcrumb":{"@id":"https:\/\/qingdaohf.com\/product\/folding-grapnel-anchor\/#breadcrumb"},"inLanguage":"de","potentialAction":[{"@type":"ReadAction","target":["https:\/\/qingdaohf.com\/product\/folding-grapnel-anchor\/"]}]},{"@type":"ImageObject","inLanguage":"de","@id":"https:\/\/qingdaohf.com\/product\/folding-grapnel-anchor\/#primaryimage","url":"https:\/\/qingdaohf.com\/wp-content\/uploads\/2023\/02\/Grapnel-Anchor-1.jpg","contentUrl":"https:\/\/qingdaohf.com\/wp-content\/uploads\/2023\/02\/Grapnel-Anchor-1.jpg","width":1000,"height":1000,"caption":"Grapnel Anchor"},{"@type":"BreadcrumbList","@id":"https:\/\/qingdaohf.com\/product\/folding-grapnel-anchor\/#breadcrumb","itemListElement":[{"@type":"ListItem","position":1,"name":"Home","item":"https:\/\/qingdaohf.com\/"},{"@type":"ListItem","position":2,"name":"Concrete Forming Accessories and Rigging Hardware","item":"https:\/\/qingdaohf.com\/bg\/?page_id=944"},{"@type":"ListItem","position":3,"name":"Folding Grapnel Anchor"}]},{"@type":"WebSite","@id":"https:\/\/qingdaohf.com\/bg\/#website","url":"https:\/\/qingdaohf.com\/bg\/","name":"Concrete Form & Rigging Hardware Supplier","description":"","publisher":{"@id":"https:\/\/qingdaohf.com\/bg\/#organization"},"potentialAction":[{"@type":"SearchAction","target":{"@type":"EntryPoint","urlTemplate":"https:\/\/qingdaohf.com\/bg\/?s={search_term_string}"},"query-input":{"@type":"PropertyValueSpecification","valueRequired":true,"valueName":"search_term_string"}}],"inLanguage":"de"},{"@type":"Organization","@id":"https:\/\/qingdaohf.com\/bg\/#organization","name":"Qingdao H&F","url":"https:\/\/qingdaohf.com\/bg\/","logo":{"@type":"ImageObject","inLanguage":"de","@id":"https:\/\/qingdaohf.com\/bg\/#\/schema\/logo\/image\/","url":"https:\/\/qingdaohf.com\/wp-content\/uploads\/2022\/12\/cropped-HF-LOGO.png","contentUrl":"https:\/\/qingdaohf.com\/wp-content\/uploads\/2022\/12\/cropped-HF-LOGO.png","width":391,"height":249,"caption":"Qingdao H&F"},"image":{"@id":"https:\/\/qingdaohf.com\/bg\/#\/schema\/logo\/image\/"},"sameAs":["https:\/\/www.facebook.com\/qingdaohf"]}]}},"_links":{"self":[{"href":"https:\/\/qingdaohf.com\/de\/wp-json\/wp\/v2\/product\/2197","targetHints":{"allow":["GET"]}}],"collection":[{"href":"https:\/\/qingdaohf.com\/de\/wp-json\/wp\/v2\/product"}],"about":[{"href":"https:\/\/qingdaohf.com\/de\/wp-json\/wp\/v2\/types\/product"}],"replies":[{"embeddable":true,"href":"https:\/\/qingdaohf.com\/de\/wp-json\/wp\/v2\/comments?post=2197"}],"version-history":[{"count":2,"href":"https:\/\/qingdaohf.com\/de\/wp-json\/wp\/v2\/product\/2197\/revisions"}],"predecessor-version":[{"id":9463,"href":"https:\/\/qingdaohf.com\/de\/wp-json\/wp\/v2\/product\/2197\/revisions\/9463"}],"wp:featuredmedia":[{"embeddable":true,"href":"https:\/\/qingdaohf.com\/de\/wp-json\/wp\/v2\/media\/9458"}],"wp:attachment":[{"href":"https:\/\/qingdaohf.com\/de\/wp-json\/wp\/v2\/media?parent=2197"}],"wp:term":[{"taxonomy":"product_brand","embeddable":true,"href":"https:\/\/qingdaohf.com\/de\/wp-json\/wp\/v2\/product_brand?post=2197"},{"taxonomy":"product_cat","embeddable":true,"href":"https:\/\/qingdaohf.com\/de\/wp-json\/wp\/v2\/product_cat?post=2197"},{"taxonomy":"product_tag","embeddable":true,"href":"https:\/\/qingdaohf.com\/de\/wp-json\/wp\/v2\/product_tag?post=2197"}],"curies":[{"name":"wp","href":"https:\/\/api.w.org\/{rel}","templated":true}]}}