{"id":2316,"date":"2023-02-22T10:23:19","date_gmt":"2023-02-22T02:23:19","guid":{"rendered":"http:\/\/qingdaohf.com\/?post_type=product&#038;p=2316"},"modified":"2025-11-13T09:06:16","modified_gmt":"2025-11-13T01:06:16","slug":"lifting-clutch","status":"publish","type":"product","link":"https:\/\/qingdaohf.com\/de\/produkt\/hubkupplung\/","title":{"rendered":"Betonhebekupplung | Ring f\u00fcr Betonfertigteile"},"content":{"rendered":"<div class=\"ast-oembed-container\" style=\"height: 100%;\"><iframe title=\"Hebesystem Hebekupplung Ringkupplung\" width=\"500\" height=\"375\" src=\"https:\/\/www.youtube.com\/embed\/2t3mD7-W5ng?feature=oembed\" frameborder=\"0\" allow=\"accelerometer; autoplay; clipboard-write; encrypted-media; gyroscope; picture-in-picture; web-share\" referrerpolicy=\"strict-origin-when-cross-origin\" allowfullscreen><\/iframe><\/div>\n<p>Die Hebekupplung ist so konstruiert, dass sie die Last gleichm\u00e4\u00dfig auf mehrere Punkte verteilt, wodurch die Belastung eines einzelnen Punktes verringert und das Risiko minimiert wird, dass die Last beim Heben verrutscht oder aus dem Gleichgewicht ger\u00e4t. Dies macht sie zu einem unverzichtbaren Werkzeug f\u00fcr das Heben schwerer und sperriger Gegenst\u00e4nde, wie z. B. Betonfertigteile, Stahltr\u00e4ger und Maschinen.<\/p>\n<p>Hebekupplungen gibt es in verschiedenen Gr\u00f6\u00dfen und Gewichtskapazit\u00e4ten, um den unterschiedlichen Lastanforderungen gerecht zu werden. Sie werden h\u00e4ufig aus hochfestem Stahl hergestellt, um den Belastungen beim Heben schwerer Lasten standzuhalten, und entsprechen internationalen Sicherheitsstandards.<\/p>\n<h3 class=\"wp-block-heading has-medium-font-size\"><strong>Material und Konstruktion:<\/strong><\/h3>\n<p>Vorgefertigte Hebekupplungen sind in der Regel aus hochfestem Stahl gefertigt, um den harten Bedingungen beim Heben schwerer Lasten standzuhalten. Die Stahlkonstruktion gew\u00e4hrleistet Langlebigkeit und Zuverl\u00e4ssigkeit, so dass sie sich f\u00fcr den Einsatz in verschiedenen Bauumgebungen eignen. Die Kupplungen sind so konstruiert, dass sie bestimmte Tragf\u00e4higkeiten erf\u00fcllen und somit Betonfertigteile verschiedener Gr\u00f6\u00dfen und Gewichte sicher heben und transportieren k\u00f6nnen.<\/p>\n<h3 class=\"wp-block-heading has-medium-font-size\"><strong>Design und Funktionalit\u00e4t:<\/strong><\/h3>\n<p>Das Design von Fertigteil-Hebekupplungen zeichnet sich durch eine robuste und kompakte Struktur aus, die mit einem Haken- oder Schlaufenmechanismus ausgestattet ist, der sicher an in Betonfertigteilen eingebetteten Hebeankern befestigt wird. Diese Befestigung gew\u00e4hrleistet eine stabile Verbindung zwischen der Hebekupplung und dem Betonelement und erm\u00f6glicht ein sicheres Anheben und Handling.<\/p>\n<h3 class=\"wp-block-heading has-medium-font-size\"><strong>Anwendungsszenarien:<\/strong><\/h3>\n<p>Vorgefertigte Hebekupplungen sind in einer Reihe von Bauanwendungen weit verbreitet, darunter:<\/p>\n<p><strong>Werke zur Herstellung von Betonfertigteilen:<\/strong>\u00a0Hebekupplungen werden w\u00e4hrend des Produktionsprozesses zum Heben und Transportieren von Betonfertigteilen innerhalb der Produktionsst\u00e4tte eingesetzt.<\/p>\n<p><strong>Baustellen:<\/strong>\u00a0Hebekupplungen sind unverzichtbar f\u00fcr das Heben und Montieren von Betonfertigteilen auf Baustellen, einschlie\u00dflich Geb\u00e4uden, Br\u00fccken, Parkh\u00e4usern und Infrastrukturprojekten.<\/p>\n<p><strong>Nachr\u00fcstungs- und Renovierungsprojekte:<\/strong>\u00a0Hebekupplungen werden auch bei Nachr\u00fcstungs- und Renovierungsprojekten eingesetzt, bei denen Betonfertigteile in bestehende Bauwerke eingebaut werden.<\/p>\n<h3 class=\"wp-block-heading has-medium-font-size\"><strong>Vorteile der Verwendung von vorgefertigten Hebekupplungen:<\/strong><\/h3>\n<p><strong>Sicherheit:<\/strong>\u00a0Hebekupplungen f\u00fcr Betonfertigteile sind so konstruiert, dass sie eine sichere Befestigung an Betonfertigteilen gew\u00e4hrleisten und das Risiko von Unf\u00e4llen oder Missgeschicken bei Hebevorg\u00e4ngen minimieren.<\/p>\n<p><strong>Effizienz:<\/strong>\u00a0Der Einsatz von Hebekupplungen rationalisiert den Hebe- und Handhabungsprozess und erm\u00f6glicht eine schnellere und effizientere Installation von Betonfertigteilen.<\/p>\n<p><strong>Vielseitigkeit:<\/strong>\u00a0Vorgefertigte Hebekupplungen sind mit verschiedenen Arten von Hebezeugen, einschlie\u00dflich Kr\u00e4nen, Hebezeugen und Gabelstaplern, kompatibel und eignen sich daher f\u00fcr eine breite Palette von Bauanwendungen.<\/p>\n<p><strong>Kostenwirksamkeit:<\/strong>\u00a0Vorgefertigte Hebekupplungen erm\u00f6glichen k\u00fcrzere Installationszeiten und minimieren den Bedarf an manueller Arbeit und tragen so zur Senkung der Gesamtprojektkosten bei.<\/p>","protected":false},"excerpt":{"rendered":"<p>Eine Hebekupplung oder ein Hebering ist ein Werkzeug, das in Hebesystemen verwendet wird, um schwere Lasten sicher und effizient zu befestigen und anzuheben. Sie besteht aus einem Metallring oder einer Reihe von Haken, die an der Last befestigt und mit der Hebevorrichtung, z. B. einem Kran oder Hebezeug, verbunden werden k\u00f6nnen.<\/p>","protected":false},"featured_media":3188,"comment_status":"open","ping_status":"closed","template":"","meta":{"site-sidebar-layout":"default","site-content-layout":"default","ast-site-content-layout":"default","site-content-style":"default","site-sidebar-style":"default","ast-global-header-display":"","ast-banner-title-visibility":"","ast-main-header-display":"","ast-hfb-above-header-display":"","ast-hfb-below-header-display":"","ast-hfb-mobile-header-display":"","site-post-title":"","ast-breadcrumbs-content":"","ast-featured-img":"","footer-sml-layout":"","theme-transparent-header-meta":"default","adv-header-id-meta":"","stick-header-meta":"default","header-above-stick-meta":"","header-main-stick-meta":"","header-below-stick-meta":"","astra-migrate-meta-layouts":"set","ast-page-background-enabled":"default","ast-page-background-meta":{"desktop":{"background-color":"","background-image":"","background-repeat":"repeat","background-position":"center center","background-size":"auto","background-attachment":"scroll","background-type":"","background-media":"","overlay-type":"","overlay-color":"","overlay-opacity":"","overlay-gradient":""},"tablet":{"background-color":"","background-image":"","background-repeat":"repeat","background-position":"center center","background-size":"auto","background-attachment":"scroll","background-type":"","background-media":"","overlay-type":"","overlay-color":"","overlay-opacity":"","overlay-gradient":""},"mobile":{"background-color":"","background-image":"","background-repeat":"repeat","background-position":"center center","background-size":"auto","background-attachment":"scroll","background-type":"","background-media":"","overlay-type":"","overlay-color":"","overlay-opacity":"","overlay-gradient":""}},"ast-content-background-meta":{"desktop":{"background-color":"var(--ast-global-color-5)","background-image":"","background-repeat":"repeat","background-position":"center center","background-size":"auto","background-attachment":"scroll","background-type":"","background-media":"","overlay-type":"","overlay-color":"","overlay-opacity":"","overlay-gradient":""},"tablet":{"background-color":"var(--ast-global-color-5)","background-image":"","background-repeat":"repeat","background-position":"center center","background-size":"auto","background-attachment":"scroll","background-type":"","background-media":"","overlay-type":"","overlay-color":"","overlay-opacity":"","overlay-gradient":""},"mobile":{"background-color":"var(--ast-global-color-5)","background-image":"","background-repeat":"repeat","background-position":"center center","background-size":"auto","background-attachment":"scroll","background-type":"","background-media":"","overlay-type":"","overlay-color":"","overlay-opacity":"","overlay-gradient":""}}},"product_brand":[],"product_cat":[30],"product_tag":[],"class_list":{"0":"post-2316","1":"product","2":"type-product","3":"status-publish","4":"has-post-thumbnail","6":"product_cat-lifting-anchor","7":"desktop-align-left","8":"tablet-align-left","9":"mobile-align-left","10":"ast-product-gallery-layout-horizontal-slider","11":"ast-product-tabs-layout-horizontal","13":"first","14":"instock","15":"shipping-taxable","16":"purchasable","17":"product-type-simple"},"yoast_head":"<!-- This site is optimized with the Yoast SEO plugin v25.2 - https:\/\/yoast.com\/wordpress\/plugins\/seo\/ -->\n<title>Concrete Lifting Clutch | Ring for Precast Concrete<\/title>\n<meta name=\"description\" content=\"A Lifting Clutch or Ring Lifting is a tool used in lifting systems to attach and lift heavy loads safely and efficiently.\" \/>\n<meta name=\"robots\" content=\"index, follow, max-snippet:-1, max-image-preview:large, max-video-preview:-1\" \/>\n<link rel=\"canonical\" href=\"https:\/\/qingdaohf.com\/de\/produkt\/hubkupplung\/\" \/>\n<meta property=\"og:locale\" content=\"de_DE\" \/>\n<meta property=\"og:type\" content=\"article\" \/>\n<meta property=\"og:title\" content=\"Concrete Lifting Clutch | Ring for Precast Concrete\" \/>\n<meta property=\"og:description\" content=\"A Lifting Clutch or Ring Lifting is a tool used in lifting systems to attach and lift heavy loads safely and efficiently.\" \/>\n<meta property=\"og:url\" content=\"https:\/\/qingdaohf.com\/de\/produkt\/hubkupplung\/\" \/>\n<meta property=\"og:site_name\" content=\"Concrete Form &amp; Rigging Hardware Supplier\" \/>\n<meta property=\"article:publisher\" content=\"https:\/\/www.facebook.com\/qingdaohf\" \/>\n<meta property=\"article:modified_time\" content=\"2025-11-13T01:06:16+00:00\" \/>\n<meta property=\"og:image\" content=\"https:\/\/qingdaohf.com\/wp-content\/uploads\/2023\/02\/Lifting-clutchring-lifting-2.jpg\" \/>\n\t<meta property=\"og:image:width\" content=\"1000\" \/>\n\t<meta property=\"og:image:height\" content=\"1000\" \/>\n\t<meta property=\"og:image:type\" content=\"image\/jpeg\" \/>\n<meta name=\"twitter:card\" content=\"summary_large_image\" \/>\n<meta name=\"twitter:label1\" content=\"Gesch\u00e4tzte Lesezeit\" \/>\n\t<meta name=\"twitter:data1\" content=\"2\u00a0Minuten\" \/>\n<script type=\"application\/ld+json\" class=\"yoast-schema-graph\">{\"@context\":\"https:\/\/schema.org\",\"@graph\":[{\"@type\":\"WebPage\",\"@id\":\"https:\/\/qingdaohf.com\/product\/lifting-clutch\/\",\"url\":\"https:\/\/qingdaohf.com\/product\/lifting-clutch\/\",\"name\":\"Concrete Lifting Clutch | Ring for Precast Concrete\",\"isPartOf\":{\"@id\":\"https:\/\/qingdaohf.com\/bg\/#website\"},\"primaryImageOfPage\":{\"@id\":\"https:\/\/qingdaohf.com\/product\/lifting-clutch\/#primaryimage\"},\"image\":{\"@id\":\"https:\/\/qingdaohf.com\/product\/lifting-clutch\/#primaryimage\"},\"thumbnailUrl\":\"https:\/\/qingdaohf.com\/wp-content\/uploads\/2023\/02\/Lifting-clutchring-lifting-2.jpg\",\"datePublished\":\"2023-02-22T02:23:19+00:00\",\"dateModified\":\"2025-11-13T01:06:16+00:00\",\"description\":\"A Lifting Clutch or Ring Lifting is a tool used in lifting systems to attach and lift heavy loads safely and efficiently.\",\"breadcrumb\":{\"@id\":\"https:\/\/qingdaohf.com\/product\/lifting-clutch\/#breadcrumb\"},\"inLanguage\":\"de\",\"potentialAction\":[{\"@type\":\"ReadAction\",\"target\":[\"https:\/\/qingdaohf.com\/product\/lifting-clutch\/\"]}]},{\"@type\":\"ImageObject\",\"inLanguage\":\"de\",\"@id\":\"https:\/\/qingdaohf.com\/product\/lifting-clutch\/#primaryimage\",\"url\":\"https:\/\/qingdaohf.com\/wp-content\/uploads\/2023\/02\/Lifting-clutchring-lifting-2.jpg\",\"contentUrl\":\"https:\/\/qingdaohf.com\/wp-content\/uploads\/2023\/02\/Lifting-clutchring-lifting-2.jpg\",\"width\":1000,\"height\":1000,\"caption\":\"Lifting Clutch \\\\Ring Lifting\"},{\"@type\":\"BreadcrumbList\",\"@id\":\"https:\/\/qingdaohf.com\/product\/lifting-clutch\/#breadcrumb\",\"itemListElement\":[{\"@type\":\"ListItem\",\"position\":1,\"name\":\"Home\",\"item\":\"https:\/\/qingdaohf.com\/\"},{\"@type\":\"ListItem\",\"position\":2,\"name\":\"Concrete Forming Accessories and Rigging Hardware\",\"item\":\"https:\/\/qingdaohf.com\/bg\/?page_id=944\"},{\"@type\":\"ListItem\",\"position\":3,\"name\":\"Concrete Lifting Clutch | Ring for Precast Concrete\"}]},{\"@type\":\"WebSite\",\"@id\":\"https:\/\/qingdaohf.com\/bg\/#website\",\"url\":\"https:\/\/qingdaohf.com\/bg\/\",\"name\":\"Concrete Form & Rigging Hardware Supplier\",\"description\":\"\",\"publisher\":{\"@id\":\"https:\/\/qingdaohf.com\/bg\/#organization\"},\"potentialAction\":[{\"@type\":\"SearchAction\",\"target\":{\"@type\":\"EntryPoint\",\"urlTemplate\":\"https:\/\/qingdaohf.com\/bg\/?s={search_term_string}\"},\"query-input\":{\"@type\":\"PropertyValueSpecification\",\"valueRequired\":true,\"valueName\":\"search_term_string\"}}],\"inLanguage\":\"de\"},{\"@type\":\"Organization\",\"@id\":\"https:\/\/qingdaohf.com\/bg\/#organization\",\"name\":\"Qingdao H&F\",\"url\":\"https:\/\/qingdaohf.com\/bg\/\",\"logo\":{\"@type\":\"ImageObject\",\"inLanguage\":\"de\",\"@id\":\"https:\/\/qingdaohf.com\/bg\/#\/schema\/logo\/image\/\",\"url\":\"https:\/\/qingdaohf.com\/wp-content\/uploads\/2022\/12\/cropped-HF-LOGO.png\",\"contentUrl\":\"https:\/\/qingdaohf.com\/wp-content\/uploads\/2022\/12\/cropped-HF-LOGO.png\",\"width\":391,\"height\":249,\"caption\":\"Qingdao H&F\"},\"image\":{\"@id\":\"https:\/\/qingdaohf.com\/bg\/#\/schema\/logo\/image\/\"},\"sameAs\":[\"https:\/\/www.facebook.com\/qingdaohf\"]}]}<\/script>\n<!-- \/ Yoast SEO plugin. -->","yoast_head_json":{"title":"Concrete Lifting Clutch | Ring for Precast Concrete","description":"A Lifting Clutch or Ring Lifting is a tool used in lifting systems to attach and lift heavy loads safely and efficiently.","robots":{"index":"index","follow":"follow","max-snippet":"max-snippet:-1","max-image-preview":"max-image-preview:large","max-video-preview":"max-video-preview:-1"},"canonical":"https:\/\/qingdaohf.com\/de\/produkt\/hubkupplung\/","og_locale":"de_DE","og_type":"article","og_title":"Concrete Lifting Clutch | Ring for Precast Concrete","og_description":"A Lifting Clutch or Ring Lifting is a tool used in lifting systems to attach and lift heavy loads safely and efficiently.","og_url":"https:\/\/qingdaohf.com\/de\/produkt\/hubkupplung\/","og_site_name":"Concrete Form &amp; Rigging Hardware Supplier","article_publisher":"https:\/\/www.facebook.com\/qingdaohf","article_modified_time":"2025-11-13T01:06:16+00:00","og_image":[{"width":1000,"height":1000,"url":"https:\/\/qingdaohf.com\/wp-content\/uploads\/2023\/02\/Lifting-clutchring-lifting-2.jpg","type":"image\/jpeg"}],"twitter_card":"summary_large_image","twitter_misc":{"Gesch\u00e4tzte Lesezeit":"2\u00a0Minuten"},"schema":{"@context":"https:\/\/schema.org","@graph":[{"@type":"WebPage","@id":"https:\/\/qingdaohf.com\/product\/lifting-clutch\/","url":"https:\/\/qingdaohf.com\/product\/lifting-clutch\/","name":"Concrete Lifting Clutch | Ring for Precast Concrete","isPartOf":{"@id":"https:\/\/qingdaohf.com\/bg\/#website"},"primaryImageOfPage":{"@id":"https:\/\/qingdaohf.com\/product\/lifting-clutch\/#primaryimage"},"image":{"@id":"https:\/\/qingdaohf.com\/product\/lifting-clutch\/#primaryimage"},"thumbnailUrl":"https:\/\/qingdaohf.com\/wp-content\/uploads\/2023\/02\/Lifting-clutchring-lifting-2.jpg","datePublished":"2023-02-22T02:23:19+00:00","dateModified":"2025-11-13T01:06:16+00:00","description":"A Lifting Clutch or Ring Lifting is a tool used in lifting systems to attach and lift heavy loads safely and efficiently.","breadcrumb":{"@id":"https:\/\/qingdaohf.com\/product\/lifting-clutch\/#breadcrumb"},"inLanguage":"de","potentialAction":[{"@type":"ReadAction","target":["https:\/\/qingdaohf.com\/product\/lifting-clutch\/"]}]},{"@type":"ImageObject","inLanguage":"de","@id":"https:\/\/qingdaohf.com\/product\/lifting-clutch\/#primaryimage","url":"https:\/\/qingdaohf.com\/wp-content\/uploads\/2023\/02\/Lifting-clutchring-lifting-2.jpg","contentUrl":"https:\/\/qingdaohf.com\/wp-content\/uploads\/2023\/02\/Lifting-clutchring-lifting-2.jpg","width":1000,"height":1000,"caption":"Lifting Clutch \\Ring Lifting"},{"@type":"BreadcrumbList","@id":"https:\/\/qingdaohf.com\/product\/lifting-clutch\/#breadcrumb","itemListElement":[{"@type":"ListItem","position":1,"name":"Home","item":"https:\/\/qingdaohf.com\/"},{"@type":"ListItem","position":2,"name":"Concrete Forming Accessories and Rigging Hardware","item":"https:\/\/qingdaohf.com\/bg\/?page_id=944"},{"@type":"ListItem","position":3,"name":"Concrete Lifting Clutch | Ring for Precast Concrete"}]},{"@type":"WebSite","@id":"https:\/\/qingdaohf.com\/bg\/#website","url":"https:\/\/qingdaohf.com\/bg\/","name":"Concrete Form & Rigging Hardware Supplier","description":"","publisher":{"@id":"https:\/\/qingdaohf.com\/bg\/#organization"},"potentialAction":[{"@type":"SearchAction","target":{"@type":"EntryPoint","urlTemplate":"https:\/\/qingdaohf.com\/bg\/?s={search_term_string}"},"query-input":{"@type":"PropertyValueSpecification","valueRequired":true,"valueName":"search_term_string"}}],"inLanguage":"de"},{"@type":"Organization","@id":"https:\/\/qingdaohf.com\/bg\/#organization","name":"Qingdao H&F","url":"https:\/\/qingdaohf.com\/bg\/","logo":{"@type":"ImageObject","inLanguage":"de","@id":"https:\/\/qingdaohf.com\/bg\/#\/schema\/logo\/image\/","url":"https:\/\/qingdaohf.com\/wp-content\/uploads\/2022\/12\/cropped-HF-LOGO.png","contentUrl":"https:\/\/qingdaohf.com\/wp-content\/uploads\/2022\/12\/cropped-HF-LOGO.png","width":391,"height":249,"caption":"Qingdao H&F"},"image":{"@id":"https:\/\/qingdaohf.com\/bg\/#\/schema\/logo\/image\/"},"sameAs":["https:\/\/www.facebook.com\/qingdaohf"]}]}},"_links":{"self":[{"href":"https:\/\/qingdaohf.com\/de\/wp-json\/wp\/v2\/product\/2316","targetHints":{"allow":["GET"]}}],"collection":[{"href":"https:\/\/qingdaohf.com\/de\/wp-json\/wp\/v2\/product"}],"about":[{"href":"https:\/\/qingdaohf.com\/de\/wp-json\/wp\/v2\/types\/product"}],"replies":[{"embeddable":true,"href":"https:\/\/qingdaohf.com\/de\/wp-json\/wp\/v2\/comments?post=2316"}],"version-history":[{"count":5,"href":"https:\/\/qingdaohf.com\/de\/wp-json\/wp\/v2\/product\/2316\/revisions"}],"predecessor-version":[{"id":10255,"href":"https:\/\/qingdaohf.com\/de\/wp-json\/wp\/v2\/product\/2316\/revisions\/10255"}],"wp:featuredmedia":[{"embeddable":true,"href":"https:\/\/qingdaohf.com\/de\/wp-json\/wp\/v2\/media\/3188"}],"wp:attachment":[{"href":"https:\/\/qingdaohf.com\/de\/wp-json\/wp\/v2\/media?parent=2316"}],"wp:term":[{"taxonomy":"product_brand","embeddable":true,"href":"https:\/\/qingdaohf.com\/de\/wp-json\/wp\/v2\/product_brand?post=2316"},{"taxonomy":"product_cat","embeddable":true,"href":"https:\/\/qingdaohf.com\/de\/wp-json\/wp\/v2\/product_cat?post=2316"},{"taxonomy":"product_tag","embeddable":true,"href":"https:\/\/qingdaohf.com\/de\/wp-json\/wp\/v2\/product_tag?post=2316"}],"curies":[{"name":"wp","href":"https:\/\/api.w.org\/{rel}","templated":true}]}}