{"id":2646,"date":"2023-03-02T15:27:12","date_gmt":"2023-03-02T07:27:12","guid":{"rendered":"http:\/\/qingdaohf.com\/?post_type=product&#038;p=2646"},"modified":"2025-11-13T09:05:52","modified_gmt":"2025-11-13T01:05:52","slug":"elephant-foot-ferrule","status":"publish","type":"product","link":"https:\/\/qingdaohf.com\/de\/produkt\/rohe-aderendhulse-elefantenfushulse\/","title":{"rendered":"Elefantenfu\u00df-Klemme"},"content":{"rendered":"<h2 class=\"text-2xl font-bold mt-1 text-text-200\">Was sind Elefantenfu\u00dfh\u00fclsen und warum sind sie wichtig?<\/h2>\n<p class=\"whitespace-pre-wrap break-words\">Haben Sie sich jemals gefragt, warum sie \"Elefantenfu\u00df\"-H\u00fclsen genannt werden? Schauen Sie sich eine an und Sie werden es sehen - diese wichtigen Takelagekomponenten haben eine unverwechselbare aufgeweitete Basis, die einem Elefantenfu\u00df \u00e4hnelt. Aber ihre einzigartige Form ist nicht nur zur Schau gestellt. Diese speziellen Aderendh\u00fclsen sind die unbesungenen Helden der Takelage, die felsenfeste Verbindungen zwischen Drahtseilen und Hebesystemen herstellen. Ihr cleveres Design verteilt den Druck gleichm\u00e4\u00dfig auf die Seillitzen, verhindert das Ausfransen und erh\u00e4lt die Festigkeit des Seils, wenn es am wichtigsten ist.<\/p>\n<p class=\"whitespace-pre-wrap break-words\">Seien wir ehrlich - die Wahl der richtigen Aderendh\u00fclse sollte man nicht auf die leichte Schulter nehmen. Wenn Sie mit schwerem Heben, Schiffsarbeiten oder anderen Takelarbeiten zu tun haben, bei denen die Spannung durch die Decke geht, kann die Wahl der Aderendh\u00fclse \u00fcber Leben und Tod entscheiden - manchmal buchst\u00e4blich. Deshalb ist es nicht nur hilfreich, diese Komponenten in- und auswendig zu kennen, sondern auch unerl\u00e4sslich f\u00fcr jeden, der in diesem Bereich t\u00e4tig ist.<\/p>\n<p><img fetchpriority=\"high\" decoding=\"async\" class=\"alignnone size-full wp-image-3403\" src=\"http:\/\/qingdaohf.com\/wp-content\/uploads\/2023\/03\/50-3.jpg\" alt=\"Registerkarte\" width=\"1200\" height=\"412\" srcset=\"https:\/\/qingdaohf.com\/wp-content\/uploads\/2023\/03\/50-3.jpg 1200w, https:\/\/qingdaohf.com\/wp-content\/uploads\/2023\/03\/50-3-300x103.jpg 300w, https:\/\/qingdaohf.com\/wp-content\/uploads\/2023\/03\/50-3-1024x352.jpg 1024w, https:\/\/qingdaohf.com\/wp-content\/uploads\/2023\/03\/50-3-768x264.jpg 768w, https:\/\/qingdaohf.com\/wp-content\/uploads\/2023\/03\/50-3-1000x343.jpg 1000w\" sizes=\"(max-width: 1200px) 100vw, 1200px\" \/><\/p>\n<h2 class=\"text-2xl font-bold mt-1 text-text-200\">Warum sollten Sie Qingdao H&amp;F f\u00fcr Ihre Elefantenfu\u00dfh\u00fclsen w\u00e4hlen?<\/h2>\n<p class=\"whitespace-pre-wrap break-words\">Wir von Qingdao H&amp;F haben verstanden, dass Sie bei der Beschaffung von Takelage-Hardware einen Partner brauchen, der mehr als nur Teile liefert. Auf der Grundlage jahrelanger internationaler Handelserfahrung haben wir uns einen guten Ruf bei der Herstellung hochwertiger Aderendh\u00fclsen erworben, die den Anforderungen gerecht werden. Aber wir wissen, dass gro\u00dfartige Produkte nur der Anfang sind.<\/p>\n<p class=\"whitespace-pre-wrap break-words\">Was zeichnet uns aus? Zun\u00e4chst einmal arbeiten Sie direkt mit einem engagierten Support-Mitarbeiter zusammen, der sich auskennt. Keine langen Telefonate, kein Herumgerenne - nur direkte Gespr\u00e4che und L\u00f6sungen, die auf die Anforderungen Ihres Projekts zugeschnitten sind. Ben\u00f6tigen Sie individuelle Spezifikationen? Spezielle Zertifizierungen? Wir haben die L\u00f6sung f\u00fcr Sie. Und weil Zeit Geld ist, haben wir unseren Lieferprozess gestrafft, um Ihren Betrieb in Schwung zu halten.<\/p>\n<p class=\"whitespace-pre-wrap break-words\">Qualit\u00e4t ist hier nicht nur ein Modewort. Jede Aderendh\u00fclse durchl\u00e4uft eine umfassende Pr\u00fcfung - wir sprechen hier von Materialfestigkeit, Korrosionsbest\u00e4ndigkeit, Ma\u00dfhaltigkeit und so weiter. Zu jeder Bestellung, egal ob es sich um ein einziges St\u00fcck oder tausend handelt, werden detaillierte Pr\u00fcfberichte vorgelegt. Denn wenn es um die Sicherheit geht, ist \"gut genug\" einfach nicht genug.<\/p>\n<h2 class=\"text-2xl font-bold mt-1 text-text-200\">Verst\u00e4ndnis der Konstruktion und Anwendung von Elefantenfu\u00dfh\u00fclsen<\/h2>\n<p class=\"whitespace-pre-wrap break-words\">Die Genialit\u00e4t dieser Aderendh\u00fclsen liegt in ihrer unverwechselbaren Form. Die breitere Basis dient nicht nur dem Aussehen - sie schafft eine zus\u00e4tzliche Druckfl\u00e4che, die das Drahtseil effektiver greift als es bei Standardh\u00fclsen je m\u00f6glich w\u00e4re. Wenn Druck ausge\u00fcbt wird, verteilt sich die Last gleichm\u00e4\u00dfig \u00fcber die Seillitzen und verhindert so Spannungsspitzen, die zu Ausf\u00e4llen f\u00fchren k\u00f6nnen. Dieses intelligente Design reduziert auch die Reibung dort, wo es darauf ankommt, und verl\u00e4ngert so die Lebensdauer von Pressklemme und Seil.<\/p>\n<p class=\"whitespace-pre-wrap break-words\">Von Offshore-Bohrinseln bis hin zu Baustellen, \u00fcberall dort, wo ernsthafte Hebevorg\u00e4nge stattfinden, sind diese Aderendh\u00fclsen hart im Einsatz. Ihre wahre St\u00e4rke? Ihre Anpassungsf\u00e4higkeit. Ganz gleich, ob Sie mit Edelstahl, verzinktem Stahl oder Speziallegierungen arbeiten, die Elefantenfu\u00dfklemmen sind daf\u00fcr bestens geeignet. Diese Vielseitigkeit macht sie ideal f\u00fcr permanente Installationen und tempor\u00e4re Einrichtungen, bei denen die Zuverl\u00e4ssigkeit nicht beeintr\u00e4chtigt werden darf.<\/p>\n<h2 class=\"text-2xl font-bold mt-1 text-text-200\">Wie Elefantenfu\u00dfh\u00fclsen zu Sicherheit und Leistung beitragen<\/h2>\n<p class=\"whitespace-pre-wrap break-words\">In der Welt der schweren Maschinen und Hebezeuge gibt es keine \"unbedeutende\" Komponente. Jedes Teil ist wichtig, und diese Aderendh\u00fclsen spielen eine entscheidende Rolle bei der Vermeidung von Alptraumszenarien wie Seilrutschen, Ausfransen oder katastrophalen Br\u00fcchen. Wenn Sie Lasten heben, die schwere Sch\u00e4den oder Verletzungen verursachen k\u00f6nnen, wenn etwas schief geht, brauchen Sie Hardware, der Sie vertrauen k\u00f6nnen.<\/p>\n<p class=\"whitespace-pre-wrap break-words\">Dies sind keine gew\u00f6hnlichen Aderendh\u00fclsen. Sie bestehen aus erstklassigen Materialien und werden mit Pr\u00e4zision gefertigt und sind daf\u00fcr ausgelegt, St\u00fcrmen zu trotzen - buchst\u00e4blich. Von korrosiven Umgebungen bis hin zu extremen Temperaturen und Anwendungen mit hoher Beanspruchung - sie halten auch dann noch stand, wenn weniger hochwertige Hardware versagen w\u00fcrde. In Verbindung mit unserer strengen Qualit\u00e4tskontrolle k\u00f6nnen Sie sich darauf verlassen.<\/p>\n<h2 class=\"text-2xl font-bold mt-1 text-text-200\">Der Vorteil von Qingdao H&amp;F<\/h2>\n<p><img decoding=\"async\" class=\"alignnone wp-image-8732 size-full\" src=\"http:\/\/qingdaohf.com\/wp-content\/uploads\/2023\/03\/HF-packing-5-1.webp\" alt=\"HF-Verpackung\" width=\"1920\" height=\"1080\" srcset=\"https:\/\/qingdaohf.com\/wp-content\/uploads\/2023\/03\/HF-packing-5-1.webp 1920w, https:\/\/qingdaohf.com\/wp-content\/uploads\/2023\/03\/HF-packing-5-1-300x169.webp 300w, https:\/\/qingdaohf.com\/wp-content\/uploads\/2023\/03\/HF-packing-5-1-1024x576.webp 1024w, https:\/\/qingdaohf.com\/wp-content\/uploads\/2023\/03\/HF-packing-5-1-768x432.webp 768w, https:\/\/qingdaohf.com\/wp-content\/uploads\/2023\/03\/HF-packing-5-1-1536x864.webp 1536w, https:\/\/qingdaohf.com\/wp-content\/uploads\/2023\/03\/HF-packing-5-1-18x10.webp 18w, https:\/\/qingdaohf.com\/wp-content\/uploads\/2023\/03\/HF-packing-5-1-1000x563.webp 1000w\" sizes=\"(max-width: 1920px) 100vw, 1920px\" \/><\/p>\n<p class=\"whitespace-pre-wrap break-words\">Wenn Sie sich f\u00fcr Qingdao H&amp;F entscheiden, bedeutet das mehr als nur den Kauf von Aderendh\u00fclsen - Sie gewinnen einen Partner, der in Ihren Erfolg investiert. Unser Team lebt und atmet die Takelagebranche und wir sind hier, um Ihnen sowohl bei der Bew\u00e4ltigung unmittelbarer Herausforderungen als auch langfristiger Ziele zu helfen.<\/p>\n<p class=\"whitespace-pre-wrap break-words\">Wir haben uns unseren Ruf auf die harte Tour erarbeitet - durch die konsequente Bereitstellung von Qualit\u00e4tsprodukten, schnellem Versand und einem Support, auf den Sie sich wirklich verlassen k\u00f6nnen. M\u00f6chten Sie testen, bevor Sie investieren? Wir senden Ihnen kostenlose Muster unserer Drahtseilprodukte zu. Auf diese Weise k\u00f6nnen Sie Kompatibilit\u00e4t und Leistung \u00fcberpr\u00fcfen, bevor Sie eine wichtige Entscheidung treffen.<\/p>\n<h2 class=\"text-2xl font-bold mt-1 text-text-200\">Schlussfolgerung<\/h2>\n<p class=\"whitespace-pre-wrap break-words\">Wenn es um Hebevorg\u00e4nge geht, sind Elefantenfu\u00dfh\u00fclsen nicht einfach nur ein weiteres Teil - sie sind der Seelenfrieden aus Metall. Bei Qingdao H&amp;F kombinieren wir hochwertige Produkte mit dem Fachwissen und dem Service, den Sie brauchen, damit alles reibungslos l\u00e4uft. Ganz gleich, ob Sie im Baugewerbe, in der Schifffahrt oder in einem anderen Bereich t\u00e4tig sind, in dem kugelsichere Takelagekomponenten ben\u00f6tigt werden - unsere Aderendh\u00fclsen erf\u00fcllen diese Anforderungen. Mit umfassenden Tests, pers\u00f6nlichem Support und schnellen Lieferzeiten sind wir Ihr bevorzugter Partner f\u00fcr Takel- und Hebetechnik. Sind Sie bereit, mehr zu erfahren? Lassen Sie uns dar\u00fcber sprechen, wie unsere Elefantenfu\u00dfzwingen Ihr n\u00e4chstes Projekt aufwerten k\u00f6nnen.<\/p>","protected":false},"excerpt":{"rendered":"<p>Elefantenfu\u00dfklemmen sind in der Takelage- und Hebezeugindustrie von gro\u00dfer Bedeutung, wo sie dazu dienen, eine starke und sichere Verbindung zwischen Drahtseilen herzustellen, um eine bessere Leistung zu erzielen, wenn sie schweren Anwendungen ausgesetzt sind. Qualit\u00e4t, Genauigkeit und Kompatibilit\u00e4t sind die \u00fcblichen Anliegen eines jeden K\u00e4ufers; mit den Elefantenfu\u00dfklemmen von Qingdao H&amp;F k\u00f6nnen Sie sicher sein, dass Sie eine qualitativ hochwertige L\u00f6sung erhalten, die auch den anspruchsvollsten Anforderungen gerecht wird. Ein pers\u00f6nlicher Kundenservice, schnelle Lieferzeiten und umfassende Qualit\u00e4tspr\u00fcfungsberichte sind nur einige der Vorteile, die Ihnen garantieren, dass Sie jedes Mal das beste Produkt erhalten, das auf Ihre Bed\u00fcrfnisse zugeschnitten ist. Ganz gleich, ob Sie Sondergr\u00f6\u00dfen oder eine schnelle L\u00f6sung ben\u00f6tigen, wir k\u00f6nnen Sie bei jedem Schritt Ihres Projekts unterst\u00fctzen.<\/p>","protected":false},"featured_media":3398,"comment_status":"open","ping_status":"closed","template":"","meta":{"site-sidebar-layout":"default","site-content-layout":"default","ast-site-content-layout":"default","site-content-style":"default","site-sidebar-style":"default","ast-global-header-display":"","ast-banner-title-visibility":"","ast-main-header-display":"","ast-hfb-above-header-display":"","ast-hfb-below-header-display":"","ast-hfb-mobile-header-display":"","site-post-title":"","ast-breadcrumbs-content":"","ast-featured-img":"","footer-sml-layout":"","theme-transparent-header-meta":"default","adv-header-id-meta":"","stick-header-meta":"default","header-above-stick-meta":"","header-main-stick-meta":"","header-below-stick-meta":"","astra-migrate-meta-layouts":"set","ast-page-background-enabled":"default","ast-page-background-meta":{"desktop":{"background-color":"","background-image":"","background-repeat":"repeat","background-position":"center center","background-size":"auto","background-attachment":"scroll","background-type":"","background-media":"","overlay-type":"","overlay-color":"","overlay-opacity":"","overlay-gradient":""},"tablet":{"background-color":"","background-image":"","background-repeat":"repeat","background-position":"center center","background-size":"auto","background-attachment":"scroll","background-type":"","background-media":"","overlay-type":"","overlay-color":"","overlay-opacity":"","overlay-gradient":""},"mobile":{"background-color":"","background-image":"","background-repeat":"repeat","background-position":"center center","background-size":"auto","background-attachment":"scroll","background-type":"","background-media":"","overlay-type":"","overlay-color":"","overlay-opacity":"","overlay-gradient":""}},"ast-content-background-meta":{"desktop":{"background-color":"var(--ast-global-color-5)","background-image":"","background-repeat":"repeat","background-position":"center center","background-size":"auto","background-attachment":"scroll","background-type":"","background-media":"","overlay-type":"","overlay-color":"","overlay-opacity":"","overlay-gradient":""},"tablet":{"background-color":"var(--ast-global-color-5)","background-image":"","background-repeat":"repeat","background-position":"center center","background-size":"auto","background-attachment":"scroll","background-type":"","background-media":"","overlay-type":"","overlay-color":"","overlay-opacity":"","overlay-gradient":""},"mobile":{"background-color":"var(--ast-global-color-5)","background-image":"","background-repeat":"repeat","background-position":"center center","background-size":"auto","background-attachment":"scroll","background-type":"","background-media":"","overlay-type":"","overlay-color":"","overlay-opacity":"","overlay-gradient":""}}},"product_brand":[],"product_cat":[50,30],"product_tag":[],"class_list":{"0":"post-2646","1":"product","2":"type-product","3":"status-publish","4":"has-post-thumbnail","6":"product_cat-concrete-form-accessories","7":"product_cat-lifting-anchor","8":"desktop-align-left","9":"tablet-align-left","10":"mobile-align-left","11":"ast-product-gallery-layout-horizontal-slider","12":"ast-product-tabs-layout-horizontal","14":"first","15":"instock","16":"shipping-taxable","17":"purchasable","18":"product-type-simple"},"yoast_head":"<!-- This site is optimized with the Yoast SEO plugin v25.2 - https:\/\/yoast.com\/wordpress\/plugins\/seo\/ -->\n<title>Elephant Foot Ferrule<\/title>\n<meta name=\"description\" content=\"Roud Ferrule and Elephant Foot Ferrule it helps to ensure the integrity and longevity of the structures we build.\" \/>\n<meta name=\"robots\" content=\"index, follow, max-snippet:-1, max-image-preview:large, max-video-preview:-1\" \/>\n<link rel=\"canonical\" href=\"https:\/\/qingdaohf.com\/de\/produkt\/rohe-aderendhulse-elefantenfushulse\/\" \/>\n<meta property=\"og:locale\" content=\"de_DE\" \/>\n<meta property=\"og:type\" content=\"article\" \/>\n<meta property=\"og:title\" content=\"Elephant Foot Ferrule\" \/>\n<meta property=\"og:description\" content=\"Roud Ferrule and Elephant Foot Ferrule it helps to ensure the integrity and longevity of the structures we build.\" \/>\n<meta property=\"og:url\" content=\"https:\/\/qingdaohf.com\/de\/produkt\/rohe-aderendhulse-elefantenfushulse\/\" \/>\n<meta property=\"og:site_name\" content=\"Concrete Form &amp; Rigging Hardware Supplier\" \/>\n<meta property=\"article:publisher\" content=\"https:\/\/www.facebook.com\/qingdaohf\" \/>\n<meta property=\"article:modified_time\" content=\"2025-11-13T01:05:52+00:00\" \/>\n<meta property=\"og:image\" content=\"https:\/\/qingdaohf.com\/wp-content\/uploads\/2023\/03\/roud-ferrule-elephant-foot-ferrule-4-1.jpg\" \/>\n\t<meta property=\"og:image:width\" content=\"1000\" \/>\n\t<meta property=\"og:image:height\" content=\"1000\" \/>\n\t<meta property=\"og:image:type\" content=\"image\/jpeg\" \/>\n<meta name=\"twitter:card\" content=\"summary_large_image\" \/>\n<meta name=\"twitter:label1\" content=\"Gesch\u00e4tzte Lesezeit\" \/>\n\t<meta name=\"twitter:data1\" content=\"4\u00a0Minuten\" \/>\n<script type=\"application\/ld+json\" class=\"yoast-schema-graph\">{\"@context\":\"https:\/\/schema.org\",\"@graph\":[{\"@type\":\"WebPage\",\"@id\":\"https:\/\/qingdaohf.com\/product\/elephant-foot-ferrule\/\",\"url\":\"https:\/\/qingdaohf.com\/product\/elephant-foot-ferrule\/\",\"name\":\"Elephant Foot Ferrule\",\"isPartOf\":{\"@id\":\"https:\/\/qingdaohf.com\/bg\/#website\"},\"primaryImageOfPage\":{\"@id\":\"https:\/\/qingdaohf.com\/product\/elephant-foot-ferrule\/#primaryimage\"},\"image\":{\"@id\":\"https:\/\/qingdaohf.com\/product\/elephant-foot-ferrule\/#primaryimage\"},\"thumbnailUrl\":\"https:\/\/qingdaohf.com\/wp-content\/uploads\/2023\/03\/roud-ferrule-elephant-foot-ferrule-4-1.jpg\",\"datePublished\":\"2023-03-02T07:27:12+00:00\",\"dateModified\":\"2025-11-13T01:05:52+00:00\",\"description\":\"Roud Ferrule and Elephant Foot Ferrule it helps to ensure the integrity and longevity of the structures we build.\",\"breadcrumb\":{\"@id\":\"https:\/\/qingdaohf.com\/product\/elephant-foot-ferrule\/#breadcrumb\"},\"inLanguage\":\"de\",\"potentialAction\":[{\"@type\":\"ReadAction\",\"target\":[\"https:\/\/qingdaohf.com\/product\/elephant-foot-ferrule\/\"]}]},{\"@type\":\"ImageObject\",\"inLanguage\":\"de\",\"@id\":\"https:\/\/qingdaohf.com\/product\/elephant-foot-ferrule\/#primaryimage\",\"url\":\"https:\/\/qingdaohf.com\/wp-content\/uploads\/2023\/03\/roud-ferrule-elephant-foot-ferrule-4-1.jpg\",\"contentUrl\":\"https:\/\/qingdaohf.com\/wp-content\/uploads\/2023\/03\/roud-ferrule-elephant-foot-ferrule-4-1.jpg\",\"width\":1000,\"height\":1000,\"caption\":\"roud ferrule elephant foot ferrule\"},{\"@type\":\"BreadcrumbList\",\"@id\":\"https:\/\/qingdaohf.com\/product\/elephant-foot-ferrule\/#breadcrumb\",\"itemListElement\":[{\"@type\":\"ListItem\",\"position\":1,\"name\":\"Home\",\"item\":\"https:\/\/qingdaohf.com\/\"},{\"@type\":\"ListItem\",\"position\":2,\"name\":\"Concrete Forming Accessories and Rigging Hardware\",\"item\":\"https:\/\/qingdaohf.com\/bg\/?page_id=944\"},{\"@type\":\"ListItem\",\"position\":3,\"name\":\"Elephant Foot Ferrule\"}]},{\"@type\":\"WebSite\",\"@id\":\"https:\/\/qingdaohf.com\/bg\/#website\",\"url\":\"https:\/\/qingdaohf.com\/bg\/\",\"name\":\"Concrete Form & Rigging Hardware Supplier\",\"description\":\"\",\"publisher\":{\"@id\":\"https:\/\/qingdaohf.com\/bg\/#organization\"},\"potentialAction\":[{\"@type\":\"SearchAction\",\"target\":{\"@type\":\"EntryPoint\",\"urlTemplate\":\"https:\/\/qingdaohf.com\/bg\/?s={search_term_string}\"},\"query-input\":{\"@type\":\"PropertyValueSpecification\",\"valueRequired\":true,\"valueName\":\"search_term_string\"}}],\"inLanguage\":\"de\"},{\"@type\":\"Organization\",\"@id\":\"https:\/\/qingdaohf.com\/bg\/#organization\",\"name\":\"Qingdao H&F\",\"url\":\"https:\/\/qingdaohf.com\/bg\/\",\"logo\":{\"@type\":\"ImageObject\",\"inLanguage\":\"de\",\"@id\":\"https:\/\/qingdaohf.com\/bg\/#\/schema\/logo\/image\/\",\"url\":\"https:\/\/qingdaohf.com\/wp-content\/uploads\/2022\/12\/cropped-HF-LOGO.png\",\"contentUrl\":\"https:\/\/qingdaohf.com\/wp-content\/uploads\/2022\/12\/cropped-HF-LOGO.png\",\"width\":391,\"height\":249,\"caption\":\"Qingdao H&F\"},\"image\":{\"@id\":\"https:\/\/qingdaohf.com\/bg\/#\/schema\/logo\/image\/\"},\"sameAs\":[\"https:\/\/www.facebook.com\/qingdaohf\"]}]}<\/script>\n<!-- \/ Yoast SEO plugin. -->","yoast_head_json":{"title":"Elephant Foot Ferrule","description":"Roud Ferrule and Elephant Foot Ferrule it helps to ensure the integrity and longevity of the structures we build.","robots":{"index":"index","follow":"follow","max-snippet":"max-snippet:-1","max-image-preview":"max-image-preview:large","max-video-preview":"max-video-preview:-1"},"canonical":"https:\/\/qingdaohf.com\/de\/produkt\/rohe-aderendhulse-elefantenfushulse\/","og_locale":"de_DE","og_type":"article","og_title":"Elephant Foot Ferrule","og_description":"Roud Ferrule and Elephant Foot Ferrule it helps to ensure the integrity and longevity of the structures we build.","og_url":"https:\/\/qingdaohf.com\/de\/produkt\/rohe-aderendhulse-elefantenfushulse\/","og_site_name":"Concrete Form &amp; Rigging Hardware Supplier","article_publisher":"https:\/\/www.facebook.com\/qingdaohf","article_modified_time":"2025-11-13T01:05:52+00:00","og_image":[{"width":1000,"height":1000,"url":"https:\/\/qingdaohf.com\/wp-content\/uploads\/2023\/03\/roud-ferrule-elephant-foot-ferrule-4-1.jpg","type":"image\/jpeg"}],"twitter_card":"summary_large_image","twitter_misc":{"Gesch\u00e4tzte Lesezeit":"4\u00a0Minuten"},"schema":{"@context":"https:\/\/schema.org","@graph":[{"@type":"WebPage","@id":"https:\/\/qingdaohf.com\/product\/elephant-foot-ferrule\/","url":"https:\/\/qingdaohf.com\/product\/elephant-foot-ferrule\/","name":"Elephant Foot Ferrule","isPartOf":{"@id":"https:\/\/qingdaohf.com\/bg\/#website"},"primaryImageOfPage":{"@id":"https:\/\/qingdaohf.com\/product\/elephant-foot-ferrule\/#primaryimage"},"image":{"@id":"https:\/\/qingdaohf.com\/product\/elephant-foot-ferrule\/#primaryimage"},"thumbnailUrl":"https:\/\/qingdaohf.com\/wp-content\/uploads\/2023\/03\/roud-ferrule-elephant-foot-ferrule-4-1.jpg","datePublished":"2023-03-02T07:27:12+00:00","dateModified":"2025-11-13T01:05:52+00:00","description":"Roud Ferrule and Elephant Foot Ferrule it helps to ensure the integrity and longevity of the structures we build.","breadcrumb":{"@id":"https:\/\/qingdaohf.com\/product\/elephant-foot-ferrule\/#breadcrumb"},"inLanguage":"de","potentialAction":[{"@type":"ReadAction","target":["https:\/\/qingdaohf.com\/product\/elephant-foot-ferrule\/"]}]},{"@type":"ImageObject","inLanguage":"de","@id":"https:\/\/qingdaohf.com\/product\/elephant-foot-ferrule\/#primaryimage","url":"https:\/\/qingdaohf.com\/wp-content\/uploads\/2023\/03\/roud-ferrule-elephant-foot-ferrule-4-1.jpg","contentUrl":"https:\/\/qingdaohf.com\/wp-content\/uploads\/2023\/03\/roud-ferrule-elephant-foot-ferrule-4-1.jpg","width":1000,"height":1000,"caption":"roud ferrule elephant foot ferrule"},{"@type":"BreadcrumbList","@id":"https:\/\/qingdaohf.com\/product\/elephant-foot-ferrule\/#breadcrumb","itemListElement":[{"@type":"ListItem","position":1,"name":"Home","item":"https:\/\/qingdaohf.com\/"},{"@type":"ListItem","position":2,"name":"Concrete Forming Accessories and Rigging Hardware","item":"https:\/\/qingdaohf.com\/bg\/?page_id=944"},{"@type":"ListItem","position":3,"name":"Elephant Foot Ferrule"}]},{"@type":"WebSite","@id":"https:\/\/qingdaohf.com\/bg\/#website","url":"https:\/\/qingdaohf.com\/bg\/","name":"Concrete Form & Rigging Hardware Supplier","description":"","publisher":{"@id":"https:\/\/qingdaohf.com\/bg\/#organization"},"potentialAction":[{"@type":"SearchAction","target":{"@type":"EntryPoint","urlTemplate":"https:\/\/qingdaohf.com\/bg\/?s={search_term_string}"},"query-input":{"@type":"PropertyValueSpecification","valueRequired":true,"valueName":"search_term_string"}}],"inLanguage":"de"},{"@type":"Organization","@id":"https:\/\/qingdaohf.com\/bg\/#organization","name":"Qingdao H&F","url":"https:\/\/qingdaohf.com\/bg\/","logo":{"@type":"ImageObject","inLanguage":"de","@id":"https:\/\/qingdaohf.com\/bg\/#\/schema\/logo\/image\/","url":"https:\/\/qingdaohf.com\/wp-content\/uploads\/2022\/12\/cropped-HF-LOGO.png","contentUrl":"https:\/\/qingdaohf.com\/wp-content\/uploads\/2022\/12\/cropped-HF-LOGO.png","width":391,"height":249,"caption":"Qingdao H&F"},"image":{"@id":"https:\/\/qingdaohf.com\/bg\/#\/schema\/logo\/image\/"},"sameAs":["https:\/\/www.facebook.com\/qingdaohf"]}]}},"_links":{"self":[{"href":"https:\/\/qingdaohf.com\/de\/wp-json\/wp\/v2\/product\/2646","targetHints":{"allow":["GET"]}}],"collection":[{"href":"https:\/\/qingdaohf.com\/de\/wp-json\/wp\/v2\/product"}],"about":[{"href":"https:\/\/qingdaohf.com\/de\/wp-json\/wp\/v2\/types\/product"}],"replies":[{"embeddable":true,"href":"https:\/\/qingdaohf.com\/de\/wp-json\/wp\/v2\/comments?post=2646"}],"version-history":[{"count":4,"href":"https:\/\/qingdaohf.com\/de\/wp-json\/wp\/v2\/product\/2646\/revisions"}],"predecessor-version":[{"id":8734,"href":"https:\/\/qingdaohf.com\/de\/wp-json\/wp\/v2\/product\/2646\/revisions\/8734"}],"wp:featuredmedia":[{"embeddable":true,"href":"https:\/\/qingdaohf.com\/de\/wp-json\/wp\/v2\/media\/3398"}],"wp:attachment":[{"href":"https:\/\/qingdaohf.com\/de\/wp-json\/wp\/v2\/media?parent=2646"}],"wp:term":[{"taxonomy":"product_brand","embeddable":true,"href":"https:\/\/qingdaohf.com\/de\/wp-json\/wp\/v2\/product_brand?post=2646"},{"taxonomy":"product_cat","embeddable":true,"href":"https:\/\/qingdaohf.com\/de\/wp-json\/wp\/v2\/product_cat?post=2646"},{"taxonomy":"product_tag","embeddable":true,"href":"https:\/\/qingdaohf.com\/de\/wp-json\/wp\/v2\/product_tag?post=2646"}],"curies":[{"name":"wp","href":"https:\/\/api.w.org\/{rel}","templated":true}]}}