{"id":3966,"date":"2023-05-24T17:30:12","date_gmt":"2023-05-24T09:30:12","guid":{"rendered":"http:\/\/qingdaohf.com\/?post_type=product&#038;p=3966"},"modified":"2025-11-13T09:05:10","modified_gmt":"2025-11-13T01:05:10","slug":"turnbuckle","status":"publish","type":"product","link":"https:\/\/qingdaohf.com\/de\/produkt\/spannschlos\/","title":{"rendered":"M4-M20 Spannschloss Lieferant"},"content":{"rendered":"<h3>Unbeirrte Qualit\u00e4tssicherung:<\/h3>\n<p>Unsere Spannschl\u00f6sser aus rostfreiem Stahl und verzinktem Stahl werden vor jeder Auslieferung einer strengen Qualit\u00e4tskontrolle unterzogen, um sicherzustellen, dass sie die amerikanischen Normen erf\u00fcllen und \u00fcbertreffen.<br \/>\nSie k\u00f6nnen sicher sein, dass unsere Produkte f\u00fcr eine lange Lebensdauer gebaut sind und eine au\u00dfergew\u00f6hnliche Haltbarkeit, Zuverl\u00e4ssigkeit und Korrosionsbest\u00e4ndigkeit aufweisen.<\/p>\n<h3>Umfangreiche Produktpalette:<\/h3>\n<p>Entdecken Sie unsere umfassende Auswahl an Spannschl\u00f6ssern, die in verschiedenen Gr\u00f6\u00dfen, Konfigurationen und Tragf\u00e4higkeiten f\u00fcr eine Vielzahl von Anwendungen erh\u00e4ltlich sind.<br \/>\nGanz gleich, ob Sie Spannschl\u00f6sser aus rostfreiem Stahl oder aus verzinktem Stahl ben\u00f6tigen, wir haben die perfekte L\u00f6sung f\u00fcr Ihre Projektanforderungen.<\/p>\n<h3>Wettbewerbsf\u00e4hige Preisgestaltung:<\/h3>\n<p>Wir glauben an kosteneffiziente L\u00f6sungen, ohne Kompromisse bei der Qualit\u00e4t einzugehen. Profitieren Sie von wettbewerbsf\u00e4higen Preisen und Mengenrabatten, die auf Ihr Budget zugeschnitten sind.<br \/>\nDank unserer effizienten Lieferkette und unserer optimierten Prozesse k\u00f6nnen wir wettbewerbsf\u00e4hige Preise anbieten, ohne auf hervorragende Produkte verzichten zu m\u00fcssen.<\/p>\n<h3>Au\u00dfergew\u00f6hnliche Kundenbetreuung:<\/h3>\n<p>Unser engagiertes Team von Fachleuten ist bestrebt, Ihnen bei jedem Schritt Ihrer Kaufentscheidung einen hervorragenden Kundendienst zu bieten.<br \/>\nVon Produktanfragen bis hin zur Unterst\u00fctzung nach dem Kauf sind wir da, um Ihre Fragen und Anliegen schnell und effizient zu beantworten.<\/p>\n<h3>Anpassungsoptionen:<\/h3>\n<p>Jedes Projekt ist einzigartig, und wir bieten Anpassungsdienste an, um Ihre spezifischen Anforderungen zu erf\u00fcllen.<br \/>\nGanz gleich, ob Sie kundenspezifische Gr\u00f6\u00dfen, Oberfl\u00e4chen oder Konfigurationen ben\u00f6tigen, unser erfahrenes Team kann Ihnen ma\u00dfgeschneiderte L\u00f6sungen anbieten, die genau Ihren Anforderungen entsprechen.<\/p>\n<h3>Rechtzeitige Lieferung:<\/h3>\n<p>Wir wissen, wie wichtig eine p\u00fcnktliche Lieferung ist, damit Ihre Projekte nicht ins Stocken geraten. Mit einer effizienten Logistik und zuverl\u00e4ssigen Versandpartnern sorgen wir f\u00fcr eine prompte Lieferung an den von Ihnen gew\u00fcnschten Ort.<\/p>\n<div class=\"ast-oembed-container\" style=\"height: 100%;\"><iframe title=\"Gro\u00dfhandel M20 Spannschloss\" width=\"500\" height=\"281\" src=\"https:\/\/www.youtube.com\/embed\/WmfKiab5nys?feature=oembed\" frameborder=\"0\" allow=\"accelerometer; autoplay; clipboard-write; encrypted-media; gyroscope; picture-in-picture; web-share\" referrerpolicy=\"strict-origin-when-cross-origin\" allowfullscreen><\/iframe><\/div>\n<h3>Typ des Spannschlosses<\/h3>\n<h3><a href=\"https:\/\/qingdaohf.com\/de\/produkt\/haken-spannschloss\/\">Haken &amp; Haken Spannschloss<\/a><\/h3>\n<p><a href=\"https:\/\/qingdaohf.com\/de\/produkt\/haken-spannschloss\/\"><img fetchpriority=\"high\" decoding=\"async\" class=\"alignnone wp-image-3971\" src=\"http:\/\/qingdaohf.com\/wp-content\/uploads\/2023\/05\/HH.jpg\" alt=\"Hook&amp;Hook-Spannschloss\" width=\"500\" height=\"500\" srcset=\"https:\/\/qingdaohf.com\/wp-content\/uploads\/2023\/05\/HH.jpg 1000w, https:\/\/qingdaohf.com\/wp-content\/uploads\/2023\/05\/HH-300x300.jpg 300w, https:\/\/qingdaohf.com\/wp-content\/uploads\/2023\/05\/HH-150x150.jpg 150w, https:\/\/qingdaohf.com\/wp-content\/uploads\/2023\/05\/HH-768x768.jpg 768w, https:\/\/qingdaohf.com\/wp-content\/uploads\/2023\/05\/HH-500x500.jpg 500w, https:\/\/qingdaohf.com\/wp-content\/uploads\/2023\/05\/HH-100x100.jpg 100w\" sizes=\"(max-width: 500px) 100vw, 500px\" \/><\/a><\/p>\n<h3><a href=\"https:\/\/qingdaohf.com\/de\/produkt\/hakengeschirrspanner\/\">Haken- und \u00d6senspannschloss<\/a><\/h3>\n<p><a href=\"https:\/\/qingdaohf.com\/de\/produkt\/hakengeschirrspanner\/\"><img decoding=\"async\" class=\"alignnone wp-image-3972\" src=\"http:\/\/qingdaohf.com\/wp-content\/uploads\/2023\/05\/turnbuckle-5.jpg\" alt=\"Hook&amp;Hook-Spannschloss\" width=\"500\" height=\"500\" srcset=\"https:\/\/qingdaohf.com\/wp-content\/uploads\/2023\/05\/turnbuckle-5.jpg 1000w, https:\/\/qingdaohf.com\/wp-content\/uploads\/2023\/05\/turnbuckle-5-300x300.jpg 300w, https:\/\/qingdaohf.com\/wp-content\/uploads\/2023\/05\/turnbuckle-5-150x150.jpg 150w, https:\/\/qingdaohf.com\/wp-content\/uploads\/2023\/05\/turnbuckle-5-768x768.jpg 768w, https:\/\/qingdaohf.com\/wp-content\/uploads\/2023\/05\/turnbuckle-5-500x500.jpg 500w, https:\/\/qingdaohf.com\/wp-content\/uploads\/2023\/05\/turnbuckle-5-100x100.jpg 100w\" sizes=\"(max-width: 500px) 100vw, 500px\" \/><\/a><\/p>\n<h3><a href=\"https:\/\/qingdaohf.com\/de\/produkt\/augenspanner\/\">Auge &amp; Auge Spannschloss<\/a><\/h3>\n<p><a href=\"https:\/\/qingdaohf.com\/de\/produkt\/augenspanner\/\"><img decoding=\"async\" class=\"alignnone wp-image-3973\" src=\"http:\/\/qingdaohf.com\/wp-content\/uploads\/2023\/05\/turnbuckle-41.jpg\" alt=\"Auge&amp;Auge-Spannschloss\" width=\"500\" height=\"500\" srcset=\"https:\/\/qingdaohf.com\/wp-content\/uploads\/2023\/05\/turnbuckle-41.jpg 1000w, https:\/\/qingdaohf.com\/wp-content\/uploads\/2023\/05\/turnbuckle-41-300x300.jpg 300w, https:\/\/qingdaohf.com\/wp-content\/uploads\/2023\/05\/turnbuckle-41-150x150.jpg 150w, https:\/\/qingdaohf.com\/wp-content\/uploads\/2023\/05\/turnbuckle-41-768x768.jpg 768w, https:\/\/qingdaohf.com\/wp-content\/uploads\/2023\/05\/turnbuckle-41-500x500.jpg 500w, https:\/\/qingdaohf.com\/wp-content\/uploads\/2023\/05\/turnbuckle-41-100x100.jpg 100w\" sizes=\"(max-width: 500px) 100vw, 500px\" \/><\/a><\/p>\n<h3><a href=\"https:\/\/qingdaohf.com\/de\/produkt\/kieferaugenspannschloss\/\">Backen- und \u00d6senspannschloss<\/a><\/h3>\n<p><a href=\"https:\/\/qingdaohf.com\/de\/produkt\/kieferaugenspannschloss\/\"><img loading=\"lazy\" decoding=\"async\" class=\"alignnone wp-image-3974\" src=\"http:\/\/qingdaohf.com\/wp-content\/uploads\/2023\/05\/turnbuckle-1.jpg\" alt=\"JAW&amp;Eye Spannschlo\u00df\" width=\"500\" height=\"500\" srcset=\"https:\/\/qingdaohf.com\/wp-content\/uploads\/2023\/05\/turnbuckle-1.jpg 1000w, https:\/\/qingdaohf.com\/wp-content\/uploads\/2023\/05\/turnbuckle-1-300x300.jpg 300w, https:\/\/qingdaohf.com\/wp-content\/uploads\/2023\/05\/turnbuckle-1-150x150.jpg 150w, https:\/\/qingdaohf.com\/wp-content\/uploads\/2023\/05\/turnbuckle-1-768x768.jpg 768w, https:\/\/qingdaohf.com\/wp-content\/uploads\/2023\/05\/turnbuckle-1-500x500.jpg 500w, https:\/\/qingdaohf.com\/wp-content\/uploads\/2023\/05\/turnbuckle-1-100x100.jpg 100w\" sizes=\"(max-width: 500px) 100vw, 500px\" \/><\/a><\/p>\n<h3><a href=\"https:\/\/qingdaohf.com\/de\/produkt\/kieferspannschloss\/\">Backen &amp; Backen-Spannschloss<\/a><\/h3>\n<p><a href=\"https:\/\/qingdaohf.com\/de\/produkt\/kieferspannschloss\/\"><img loading=\"lazy\" decoding=\"async\" class=\"alignnone wp-image-3975\" src=\"http:\/\/qingdaohf.com\/wp-content\/uploads\/2023\/05\/turnbuckle-9.jpg\" alt=\"Backen&amp;Backen-Spannschloss\" width=\"500\" height=\"500\" srcset=\"https:\/\/qingdaohf.com\/wp-content\/uploads\/2023\/05\/turnbuckle-9.jpg 1000w, https:\/\/qingdaohf.com\/wp-content\/uploads\/2023\/05\/turnbuckle-9-300x300.jpg 300w, https:\/\/qingdaohf.com\/wp-content\/uploads\/2023\/05\/turnbuckle-9-150x150.jpg 150w, https:\/\/qingdaohf.com\/wp-content\/uploads\/2023\/05\/turnbuckle-9-768x768.jpg 768w, https:\/\/qingdaohf.com\/wp-content\/uploads\/2023\/05\/turnbuckle-9-500x500.jpg 500w, https:\/\/qingdaohf.com\/wp-content\/uploads\/2023\/05\/turnbuckle-9-100x100.jpg 100w\" sizes=\"(max-width: 500px) 100vw, 500px\" \/><\/a><\/p>\n<p>&nbsp;<\/p>","protected":false},"excerpt":{"rendered":"<p>H&amp;F, Ihre erste Adresse f\u00fcr Spannschlossl\u00f6sungen, die auf Ihre Bed\u00fcrfnisse zugeschnitten sind. Mit mehr als zwei Jahrzehnten Branchenerfahrung wissen wir um die entscheidende Bedeutung von Qualit\u00e4t, Zuverl\u00e4ssigkeit und p\u00fcnktlicher Lieferung.<\/p>","protected":false},"featured_media":3967,"comment_status":"open","ping_status":"closed","template":"","meta":{"site-sidebar-layout":"default","site-content-layout":"default","ast-site-content-layout":"default","site-content-style":"default","site-sidebar-style":"default","ast-global-header-display":"","ast-banner-title-visibility":"","ast-main-header-display":"","ast-hfb-above-header-display":"","ast-hfb-below-header-display":"","ast-hfb-mobile-header-display":"","site-post-title":"","ast-breadcrumbs-content":"","ast-featured-img":"","footer-sml-layout":"","theme-transparent-header-meta":"default","adv-header-id-meta":"","stick-header-meta":"default","header-above-stick-meta":"","header-main-stick-meta":"","header-below-stick-meta":"","astra-migrate-meta-layouts":"set","ast-page-background-enabled":"default","ast-page-background-meta":{"desktop":{"background-color":"","background-image":"","background-repeat":"repeat","background-position":"center center","background-size":"auto","background-attachment":"scroll","background-type":"","background-media":"","overlay-type":"","overlay-color":"","overlay-opacity":"","overlay-gradient":""},"tablet":{"background-color":"","background-image":"","background-repeat":"repeat","background-position":"center center","background-size":"auto","background-attachment":"scroll","background-type":"","background-media":"","overlay-type":"","overlay-color":"","overlay-opacity":"","overlay-gradient":""},"mobile":{"background-color":"","background-image":"","background-repeat":"repeat","background-position":"center center","background-size":"auto","background-attachment":"scroll","background-type":"","background-media":"","overlay-type":"","overlay-color":"","overlay-opacity":"","overlay-gradient":""}},"ast-content-background-meta":{"desktop":{"background-color":"var(--ast-global-color-5)","background-image":"","background-repeat":"repeat","background-position":"center center","background-size":"auto","background-attachment":"scroll","background-type":"","background-media":"","overlay-type":"","overlay-color":"","overlay-opacity":"","overlay-gradient":""},"tablet":{"background-color":"var(--ast-global-color-5)","background-image":"","background-repeat":"repeat","background-position":"center center","background-size":"auto","background-attachment":"scroll","background-type":"","background-media":"","overlay-type":"","overlay-color":"","overlay-opacity":"","overlay-gradient":""},"mobile":{"background-color":"var(--ast-global-color-5)","background-image":"","background-repeat":"repeat","background-position":"center center","background-size":"auto","background-attachment":"scroll","background-type":"","background-media":"","overlay-type":"","overlay-color":"","overlay-opacity":"","overlay-gradient":""}}},"product_brand":[],"product_cat":[56],"product_tag":[],"class_list":{"0":"post-3966","1":"product","2":"type-product","3":"status-publish","4":"has-post-thumbnail","6":"product_cat-turnbuckle","7":"desktop-align-left","8":"tablet-align-left","9":"mobile-align-left","10":"ast-product-gallery-layout-horizontal-slider","11":"ast-product-tabs-layout-horizontal","13":"first","14":"instock","15":"shipping-taxable","16":"purchasable","17":"product-type-simple"},"yoast_head":"<!-- This site is optimized with the Yoast SEO plugin v25.2 - https:\/\/yoast.com\/wordpress\/plugins\/seo\/ -->\n<title>M4-M20 Turnbuckle Supplier<\/title>\n<meta name=\"description\" content=\"A turnbuckle is a versatile mechanical device used to adjust the tension or length of ropes, cables, or rods in various applications.\" \/>\n<meta name=\"robots\" content=\"index, follow, max-snippet:-1, max-image-preview:large, max-video-preview:-1\" \/>\n<link rel=\"canonical\" href=\"https:\/\/qingdaohf.com\/de\/produkt\/spannschlos\/\" \/>\n<meta property=\"og:locale\" content=\"de_DE\" \/>\n<meta property=\"og:type\" content=\"article\" \/>\n<meta property=\"og:title\" content=\"M4-M20 Turnbuckle Supplier\" \/>\n<meta property=\"og:description\" content=\"A turnbuckle is a versatile mechanical device used to adjust the tension or length of ropes, cables, or rods in various applications.\" \/>\n<meta property=\"og:url\" content=\"https:\/\/qingdaohf.com\/de\/produkt\/spannschlos\/\" \/>\n<meta property=\"og:site_name\" content=\"Concrete Form &amp; Rigging Hardware Supplier\" \/>\n<meta property=\"article:publisher\" content=\"https:\/\/www.facebook.com\/qingdaohf\" \/>\n<meta property=\"article:modified_time\" content=\"2025-11-13T01:05:10+00:00\" \/>\n<meta property=\"og:image\" content=\"https:\/\/qingdaohf.com\/wp-content\/uploads\/2023\/05\/turnbuckle-7.jpg\" \/>\n\t<meta property=\"og:image:width\" content=\"1000\" \/>\n\t<meta property=\"og:image:height\" content=\"1000\" \/>\n\t<meta property=\"og:image:type\" content=\"image\/jpeg\" \/>\n<meta name=\"twitter:card\" content=\"summary_large_image\" \/>\n<meta name=\"twitter:label1\" content=\"Gesch\u00e4tzte Lesezeit\" \/>\n\t<meta name=\"twitter:data1\" content=\"3\u00a0Minuten\" \/>\n<script type=\"application\/ld+json\" class=\"yoast-schema-graph\">{\"@context\":\"https:\/\/schema.org\",\"@graph\":[{\"@type\":\"WebPage\",\"@id\":\"https:\/\/qingdaohf.com\/product\/turnbuckle\/\",\"url\":\"https:\/\/qingdaohf.com\/product\/turnbuckle\/\",\"name\":\"M4-M20 Turnbuckle Supplier\",\"isPartOf\":{\"@id\":\"https:\/\/qingdaohf.com\/bg\/#website\"},\"primaryImageOfPage\":{\"@id\":\"https:\/\/qingdaohf.com\/product\/turnbuckle\/#primaryimage\"},\"image\":{\"@id\":\"https:\/\/qingdaohf.com\/product\/turnbuckle\/#primaryimage\"},\"thumbnailUrl\":\"https:\/\/qingdaohf.com\/wp-content\/uploads\/2023\/05\/turnbuckle-7.jpg\",\"datePublished\":\"2023-05-24T09:30:12+00:00\",\"dateModified\":\"2025-11-13T01:05:10+00:00\",\"description\":\"A turnbuckle is a versatile mechanical device used to adjust the tension or length of ropes, cables, or rods in various applications.\",\"breadcrumb\":{\"@id\":\"https:\/\/qingdaohf.com\/product\/turnbuckle\/#breadcrumb\"},\"inLanguage\":\"de\",\"potentialAction\":[{\"@type\":\"ReadAction\",\"target\":[\"https:\/\/qingdaohf.com\/product\/turnbuckle\/\"]}]},{\"@type\":\"ImageObject\",\"inLanguage\":\"de\",\"@id\":\"https:\/\/qingdaohf.com\/product\/turnbuckle\/#primaryimage\",\"url\":\"https:\/\/qingdaohf.com\/wp-content\/uploads\/2023\/05\/turnbuckle-7.jpg\",\"contentUrl\":\"https:\/\/qingdaohf.com\/wp-content\/uploads\/2023\/05\/turnbuckle-7.jpg\",\"width\":1000,\"height\":1000,\"caption\":\"turnbuckle\"},{\"@type\":\"BreadcrumbList\",\"@id\":\"https:\/\/qingdaohf.com\/product\/turnbuckle\/#breadcrumb\",\"itemListElement\":[{\"@type\":\"ListItem\",\"position\":1,\"name\":\"Home\",\"item\":\"https:\/\/qingdaohf.com\/\"},{\"@type\":\"ListItem\",\"position\":2,\"name\":\"Concrete Forming Accessories and Rigging Hardware\",\"item\":\"https:\/\/qingdaohf.com\/bg\/?page_id=944\"},{\"@type\":\"ListItem\",\"position\":3,\"name\":\"M4-M20 Turnbuckle Supplier\"}]},{\"@type\":\"WebSite\",\"@id\":\"https:\/\/qingdaohf.com\/bg\/#website\",\"url\":\"https:\/\/qingdaohf.com\/bg\/\",\"name\":\"Concrete Form & Rigging Hardware Supplier\",\"description\":\"\",\"publisher\":{\"@id\":\"https:\/\/qingdaohf.com\/bg\/#organization\"},\"potentialAction\":[{\"@type\":\"SearchAction\",\"target\":{\"@type\":\"EntryPoint\",\"urlTemplate\":\"https:\/\/qingdaohf.com\/bg\/?s={search_term_string}\"},\"query-input\":{\"@type\":\"PropertyValueSpecification\",\"valueRequired\":true,\"valueName\":\"search_term_string\"}}],\"inLanguage\":\"de\"},{\"@type\":\"Organization\",\"@id\":\"https:\/\/qingdaohf.com\/bg\/#organization\",\"name\":\"Qingdao H&F\",\"url\":\"https:\/\/qingdaohf.com\/bg\/\",\"logo\":{\"@type\":\"ImageObject\",\"inLanguage\":\"de\",\"@id\":\"https:\/\/qingdaohf.com\/bg\/#\/schema\/logo\/image\/\",\"url\":\"https:\/\/qingdaohf.com\/wp-content\/uploads\/2022\/12\/cropped-HF-LOGO.png\",\"contentUrl\":\"https:\/\/qingdaohf.com\/wp-content\/uploads\/2022\/12\/cropped-HF-LOGO.png\",\"width\":391,\"height\":249,\"caption\":\"Qingdao H&F\"},\"image\":{\"@id\":\"https:\/\/qingdaohf.com\/bg\/#\/schema\/logo\/image\/\"},\"sameAs\":[\"https:\/\/www.facebook.com\/qingdaohf\"]}]}<\/script>\n<!-- \/ Yoast SEO plugin. -->","yoast_head_json":{"title":"M4-M20 Turnbuckle Supplier","description":"A turnbuckle is a versatile mechanical device used to adjust the tension or length of ropes, cables, or rods in various applications.","robots":{"index":"index","follow":"follow","max-snippet":"max-snippet:-1","max-image-preview":"max-image-preview:large","max-video-preview":"max-video-preview:-1"},"canonical":"https:\/\/qingdaohf.com\/de\/produkt\/spannschlos\/","og_locale":"de_DE","og_type":"article","og_title":"M4-M20 Turnbuckle Supplier","og_description":"A turnbuckle is a versatile mechanical device used to adjust the tension or length of ropes, cables, or rods in various applications.","og_url":"https:\/\/qingdaohf.com\/de\/produkt\/spannschlos\/","og_site_name":"Concrete Form &amp; Rigging Hardware Supplier","article_publisher":"https:\/\/www.facebook.com\/qingdaohf","article_modified_time":"2025-11-13T01:05:10+00:00","og_image":[{"width":1000,"height":1000,"url":"https:\/\/qingdaohf.com\/wp-content\/uploads\/2023\/05\/turnbuckle-7.jpg","type":"image\/jpeg"}],"twitter_card":"summary_large_image","twitter_misc":{"Gesch\u00e4tzte Lesezeit":"3\u00a0Minuten"},"schema":{"@context":"https:\/\/schema.org","@graph":[{"@type":"WebPage","@id":"https:\/\/qingdaohf.com\/product\/turnbuckle\/","url":"https:\/\/qingdaohf.com\/product\/turnbuckle\/","name":"M4-M20 Turnbuckle Supplier","isPartOf":{"@id":"https:\/\/qingdaohf.com\/bg\/#website"},"primaryImageOfPage":{"@id":"https:\/\/qingdaohf.com\/product\/turnbuckle\/#primaryimage"},"image":{"@id":"https:\/\/qingdaohf.com\/product\/turnbuckle\/#primaryimage"},"thumbnailUrl":"https:\/\/qingdaohf.com\/wp-content\/uploads\/2023\/05\/turnbuckle-7.jpg","datePublished":"2023-05-24T09:30:12+00:00","dateModified":"2025-11-13T01:05:10+00:00","description":"A turnbuckle is a versatile mechanical device used to adjust the tension or length of ropes, cables, or rods in various applications.","breadcrumb":{"@id":"https:\/\/qingdaohf.com\/product\/turnbuckle\/#breadcrumb"},"inLanguage":"de","potentialAction":[{"@type":"ReadAction","target":["https:\/\/qingdaohf.com\/product\/turnbuckle\/"]}]},{"@type":"ImageObject","inLanguage":"de","@id":"https:\/\/qingdaohf.com\/product\/turnbuckle\/#primaryimage","url":"https:\/\/qingdaohf.com\/wp-content\/uploads\/2023\/05\/turnbuckle-7.jpg","contentUrl":"https:\/\/qingdaohf.com\/wp-content\/uploads\/2023\/05\/turnbuckle-7.jpg","width":1000,"height":1000,"caption":"turnbuckle"},{"@type":"BreadcrumbList","@id":"https:\/\/qingdaohf.com\/product\/turnbuckle\/#breadcrumb","itemListElement":[{"@type":"ListItem","position":1,"name":"Home","item":"https:\/\/qingdaohf.com\/"},{"@type":"ListItem","position":2,"name":"Concrete Forming Accessories and Rigging Hardware","item":"https:\/\/qingdaohf.com\/bg\/?page_id=944"},{"@type":"ListItem","position":3,"name":"M4-M20 Turnbuckle Supplier"}]},{"@type":"WebSite","@id":"https:\/\/qingdaohf.com\/bg\/#website","url":"https:\/\/qingdaohf.com\/bg\/","name":"Concrete Form & Rigging Hardware Supplier","description":"","publisher":{"@id":"https:\/\/qingdaohf.com\/bg\/#organization"},"potentialAction":[{"@type":"SearchAction","target":{"@type":"EntryPoint","urlTemplate":"https:\/\/qingdaohf.com\/bg\/?s={search_term_string}"},"query-input":{"@type":"PropertyValueSpecification","valueRequired":true,"valueName":"search_term_string"}}],"inLanguage":"de"},{"@type":"Organization","@id":"https:\/\/qingdaohf.com\/bg\/#organization","name":"Qingdao H&F","url":"https:\/\/qingdaohf.com\/bg\/","logo":{"@type":"ImageObject","inLanguage":"de","@id":"https:\/\/qingdaohf.com\/bg\/#\/schema\/logo\/image\/","url":"https:\/\/qingdaohf.com\/wp-content\/uploads\/2022\/12\/cropped-HF-LOGO.png","contentUrl":"https:\/\/qingdaohf.com\/wp-content\/uploads\/2022\/12\/cropped-HF-LOGO.png","width":391,"height":249,"caption":"Qingdao H&F"},"image":{"@id":"https:\/\/qingdaohf.com\/bg\/#\/schema\/logo\/image\/"},"sameAs":["https:\/\/www.facebook.com\/qingdaohf"]}]}},"_links":{"self":[{"href":"https:\/\/qingdaohf.com\/de\/wp-json\/wp\/v2\/product\/3966","targetHints":{"allow":["GET"]}}],"collection":[{"href":"https:\/\/qingdaohf.com\/de\/wp-json\/wp\/v2\/product"}],"about":[{"href":"https:\/\/qingdaohf.com\/de\/wp-json\/wp\/v2\/types\/product"}],"replies":[{"embeddable":true,"href":"https:\/\/qingdaohf.com\/de\/wp-json\/wp\/v2\/comments?post=3966"}],"version-history":[{"count":7,"href":"https:\/\/qingdaohf.com\/de\/wp-json\/wp\/v2\/product\/3966\/revisions"}],"predecessor-version":[{"id":6810,"href":"https:\/\/qingdaohf.com\/de\/wp-json\/wp\/v2\/product\/3966\/revisions\/6810"}],"wp:featuredmedia":[{"embeddable":true,"href":"https:\/\/qingdaohf.com\/de\/wp-json\/wp\/v2\/media\/3967"}],"wp:attachment":[{"href":"https:\/\/qingdaohf.com\/de\/wp-json\/wp\/v2\/media?parent=3966"}],"wp:term":[{"taxonomy":"product_brand","embeddable":true,"href":"https:\/\/qingdaohf.com\/de\/wp-json\/wp\/v2\/product_brand?post=3966"},{"taxonomy":"product_cat","embeddable":true,"href":"https:\/\/qingdaohf.com\/de\/wp-json\/wp\/v2\/product_cat?post=3966"},{"taxonomy":"product_tag","embeddable":true,"href":"https:\/\/qingdaohf.com\/de\/wp-json\/wp\/v2\/product_tag?post=3966"}],"curies":[{"name":"wp","href":"https:\/\/api.w.org\/{rel}","templated":true}]}}