{"id":4110,"date":"2023-05-26T16:27:13","date_gmt":"2023-05-26T08:27:13","guid":{"rendered":"http:\/\/qingdaohf.com\/?post_type=product&#038;p=4110"},"modified":"2025-11-13T09:04:24","modified_gmt":"2025-11-13T01:04:24","slug":"eye-sling-hook","status":"publish","type":"product","link":"https:\/\/qingdaohf.com\/de\/produkt\/osenriemenhaken\/","title":{"rendered":"320 \u00d6se Riemenhaken"},"content":{"rendered":"<div class=\"font-claude-message  pr-4  md:pr-9  relative  leading-[1.65rem]  [&amp;_pre&gt;div]:bg-bg-300  [&amp;_.ignore-pre-bg&gt;div]:bg-transparent  [&amp;_pre]:-mr-4  md:[&amp;_pre]:-mr-9\">\n<div>\n<div class=\"grid-cols-1 grid gap-2.5 [&amp;_&gt;_*]:min-w-0\">\n<h2 class=\"font-600 text-2xl font-bold\">Die Vielseitigkeit und St\u00e4rke des 320er-Hakens: Ein umfassender \u00dcberblick<\/h2>\n<p class=\"whitespace-pre-wrap break-words\">Seien wir ehrlich - wenn Sie schwere Lasten heben oder sichern m\u00fcssen, ist die Wahl des Hakens von enormer Bedeutung. Der 320er Haken hat sich seinen Ruf im Baugewerbe, in der Schifffahrt und im Transportwesen aus gutem Grund erworben. Er ist nicht einfach nur ein weiteres St\u00fcck Hardware - dieser Haken bietet die Zuverl\u00e4ssigkeit, die Sie brauchen, wenn Sicherheit und Leistung nicht verhandelbar sind.<\/p>\n<p class=\"whitespace-pre-wrap break-words\">Wir von Qingdao H&amp;F sind seit \u00fcber zwei Jahrzehnten im Handel t\u00e4tig und wissen, woran wir Qualit\u00e4t erkennen. Unsere 320 Haken erf\u00fcllen die strengsten Industriestandards, und wir best\u00e4tigen dies mit gr\u00fcndlichen Pr\u00fcfberichten. Au\u00dferdem sind wir stolz auf unseren schnellen Versand und unsere pers\u00f6nliche Kundenbetreuung, die den gesamten Prozess noch reibungsloser macht.<\/p>\n<p><img fetchpriority=\"high\" decoding=\"async\" class=\"alignnone size-full wp-image-4115\" src=\"http:\/\/qingdaohf.com\/wp-content\/uploads\/2023\/05\/123123.jpg\" alt=\"\u00d6senschlingenhaken\" width=\"1000\" height=\"1178\" srcset=\"https:\/\/qingdaohf.com\/wp-content\/uploads\/2023\/05\/123123.jpg 1000w, https:\/\/qingdaohf.com\/wp-content\/uploads\/2023\/05\/123123-255x300.jpg 255w, https:\/\/qingdaohf.com\/wp-content\/uploads\/2023\/05\/123123-869x1024.jpg 869w, https:\/\/qingdaohf.com\/wp-content\/uploads\/2023\/05\/123123-768x905.jpg 768w\" sizes=\"(max-width: 1000px) 100vw, 1000px\" \/><\/p>\n<p><img decoding=\"async\" class=\"alignnone size-full wp-image-4116\" src=\"http:\/\/qingdaohf.com\/wp-content\/uploads\/2023\/05\/1231243.jpg\" alt=\"\u00d6senschlingenhaken\" width=\"1000\" height=\"989\" srcset=\"https:\/\/qingdaohf.com\/wp-content\/uploads\/2023\/05\/1231243.jpg 1000w, https:\/\/qingdaohf.com\/wp-content\/uploads\/2023\/05\/1231243-300x297.jpg 300w, https:\/\/qingdaohf.com\/wp-content\/uploads\/2023\/05\/1231243-768x760.jpg 768w, https:\/\/qingdaohf.com\/wp-content\/uploads\/2023\/05\/1231243-100x100.jpg 100w\" sizes=\"(max-width: 1000px) 100vw, 1000px\" \/><\/p>\n<p><img decoding=\"async\" class=\"alignnone size-full wp-image-4118\" src=\"http:\/\/qingdaohf.com\/wp-content\/uploads\/2023\/05\/eye-hook.jpg\" alt=\"\u00d6senhaken\" width=\"1000\" height=\"1111\" srcset=\"https:\/\/qingdaohf.com\/wp-content\/uploads\/2023\/05\/eye-hook.jpg 1000w, https:\/\/qingdaohf.com\/wp-content\/uploads\/2023\/05\/eye-hook-270x300.jpg 270w, https:\/\/qingdaohf.com\/wp-content\/uploads\/2023\/05\/eye-hook-922x1024.jpg 922w, https:\/\/qingdaohf.com\/wp-content\/uploads\/2023\/05\/eye-hook-768x853.jpg 768w\" sizes=\"(max-width: 1000px) 100vw, 1000px\" \/><\/p>\n<h2 class=\"font-600 text-2xl font-bold\">Die wichtigsten Vorteile des 320-Hakens f\u00fcr K\u00e4ufer<\/h2>\n<p class=\"whitespace-pre-wrap break-words\">Der Kauf von Hebezeugen kann \u00fcberw\u00e4ltigend sein. Sie m\u00fcssen an Tragf\u00e4higkeiten, Materialqualit\u00e4t und praktische Verwendbarkeit denken. Die gute Nachricht? Der 320er Haken erf\u00fcllt all diese Kriterien und noch einige mehr.<\/p>\n<p class=\"whitespace-pre-wrap break-words\">Die strapazierf\u00e4hige Konstruktion des Hakens kommt unter harten Bedingungen voll zur Geltung. Dank seiner herausragenden Zugfestigkeit k\u00f6nnen Sie ihm schwere Lasten anvertrauen, ohne sich \u00fcber Sicherheitsbedenken Gedanken machen zu m\u00fcssen. Die gro\u00dfz\u00fcgige \u00d6ffnung des Hakens ist eine echte Zeitersparnis, da er sich einfach mit verschiedenen Takelagekomponenten verbinden l\u00e4sst. Ganz gleich, ob Sie Materialien auf einer Baustelle heben oder Ladung an Deck sichern, dieser Haken wird Sie nicht im Stich lassen.<\/p>\n<p class=\"whitespace-pre-wrap break-words\">Bei Qingdao H&amp;F nehmen wir die Pr\u00fcfung ernst. Jeder einzelne Haken durchl\u00e4uft umfangreiche Qualit\u00e4tspr\u00fcfungen, und wir zeigen Ihnen die detaillierten Pr\u00fcfergebnisse, um dies zu beweisen. Es gibt nichts Schlimmeres, als wenn ein Ger\u00e4t ausf\u00e4llt, wenn man es am meisten braucht. Deshalb stellen wir sicher, dass unsere Haken auch in den anspruchsvollsten Situationen zuverl\u00e4ssig funktionieren.<\/p>\n<h2 class=\"font-600 text-2xl font-bold\">Den 320er-Haken verstehen: Design, Eigenschaften und Material\u00fcberlegungen<\/h2>\n<p class=\"whitespace-pre-wrap break-words\">Das Geheimnis der Leistung des 320er-Hakens liegt in seiner durchdachten Konstruktion. Wir schmieden diese Haken aus hochwertigem legiertem Stahl und schaffen so ein Werkzeug, das sowohl robust als auch langlebig ist. Diese Materialwahl bedeutet, dass der Haken rauen Bedingungen standh\u00e4lt, was ihn perfekt f\u00fcr den Einsatz auf See, in der Industrie oder auf Baustellen macht.<\/p>\n<p class=\"whitespace-pre-wrap break-words\">Die praktischen Vorteile liegen auf der Hand, sobald man sie benutzt. Die breite \u00d6ffnung ist nicht nur praktisch, sondern auch ein Sicherheitsmerkmal, das das Einh\u00e4ngen von Ketten, Schlingen oder Seilen erleichtert. Die Form des Hakens verhindert aktiv das Abrutschen der Last, w\u00e4hrend die glatte Oberfl\u00e4che Ihre andere Ausr\u00fcstung vor Sch\u00e4den sch\u00fctzt.<\/p>\n<p class=\"whitespace-pre-wrap break-words\">Diese Haken bew\u00e4ltigen sowohl statische als auch dynamische Lasten wie die Champions. Sie sind in verschiedenen Gr\u00f6\u00dfen und Kapazit\u00e4ten erh\u00e4ltlich, so dass Sie genau das ausw\u00e4hlen k\u00f6nnen, was Ihr Projekt ben\u00f6tigt. Auf jedem Haken ist die Tragf\u00e4higkeit deutlich angegeben, so dass Sie bei der Lastplanung nicht lange raten m\u00fcssen. Die korrosionsbest\u00e4ndige Beschichtung ist besonders wertvoll f\u00fcr Arbeiten auf See oder im Offshore-Bereich, da sie Rost bek\u00e4mpft und die Lebensdauer des Hakens erheblich verl\u00e4ngert.<\/p>\n<h2 class=\"font-600 text-2xl font-bold\">Warum sollten Sie Qingdao H&amp;F f\u00fcr Ihren Bedarf an 320er-Haken w\u00e4hlen?<\/h2>\n<p class=\"whitespace-pre-wrap break-words\">Die Suche nach einem zuverl\u00e4ssigen Lieferanten ist entscheidend. Wir bei Qingdao H&amp;F wissen dank unserer \u00fcber 20-j\u00e4hrigen Erfahrung auf dem Weltmarkt genau, was unsere Kunden brauchen. Wir verkaufen nicht nur Haken - wir sorgen f\u00fcr Seelenfrieden.<\/p>\n<p class=\"whitespace-pre-wrap break-words\">Wir wissen, dass das Warten auf Lieferungen Ihren Zeitplan durcheinander bringen kann, deshalb legen wir Wert auf einen schnellen Versand. Unser Logistikteam arbeitet hart daran, die schnellsten und zuverl\u00e4ssigsten Versandmethoden zu finden, damit Ihre Projekte im Zeitplan bleiben. Jeder Haken wird mit einer umfassenden Qualit\u00e4tspr\u00fcfungsdokumentation geliefert, damit Sie genau wissen, was Sie erhalten.<\/p>\n<p class=\"whitespace-pre-wrap break-words\">Unser Ansatz f\u00fcr den Kundendienst ist erfrischend pers\u00f6nlich. Ben\u00f6tigen Sie technische Beratung? Haben Sie Fragen zu Spezifikationen? Wir sind da, um Ihnen zu helfen - ohne automatische Antworten oder generische L\u00f6sungen. Wir glauben an den Aufbau dauerhafter Beziehungen zu unseren Kunden durch echte Unterst\u00fctzung und Fachwissen.<\/p>\n<h2 class=\"font-600 text-2xl font-bold\">Schlussfolgerung: Der 320er-Haken - ein Muss f\u00fcr Ihre Rigging- und Hebebed\u00fcrfnisse<\/h2>\n<p class=\"whitespace-pre-wrap break-words\">Der 320er Haken ist nicht einfach nur ein weiteres Ger\u00e4t - er ist eine Investition in Sicherheit und Effizienz. Sein robustes Design und seine Vielseitigkeit machen ihn in allen Branchen unverzichtbar. Wir bei Qingdao H&amp;F sind stolz darauf, 320er Haken anbieten zu k\u00f6nnen, die die Qualit\u00e4tsstandards \u00fcbertreffen und durch unser Engagement f\u00fcr einen reaktionsschnellen Service und zuverl\u00e4ssige Lieferung unterst\u00fctzt werden. Wenn Sie sich f\u00fcr unsere Haken entscheiden, entscheiden Sie sich f\u00fcr einen Partner, der sich f\u00fcr Ihren Erfolg einsetzt.<\/p>\n<\/div>\n<\/div>\n<\/div>\n<div class=\"absolute -bottom-0 -right-1.5\">\n<div class=\"border-0.5 border-border-300 flex items-center translate-y-1\/2 rounded-lg shadow-sm transition bg-bg-000 p-1\">\n<div class=\"text-text-400 flex items-stretch justify-between gap-0.5\">\n<div class=\"flex gap-0.5\"><\/div>\n<\/div>\n<\/div>\n<\/div>\n<p>&nbsp;<\/p>\n<p>&nbsp;<\/p>","protected":false},"excerpt":{"rendered":"<p>Der 320er Haken ist vielseitig und zuverl\u00e4ssig in jeder Branche, sei es zum sicheren und effizienten Heben oder zum Verankern und Takeln. Qingdao H&amp;F war ein vertrauensw\u00fcrdiges Handelsunternehmen, das mit einer Reihe von 320er-Haken handelte - und Qualit\u00e4t, Zeit und einen professionellen Eins-zu-eins-Service gew\u00e4hrleistete. Sie konnten den K\u00e4ufern auch einen detaillierten Pr\u00fcfbericht f\u00fcr jedes Produkt zur Verf\u00fcgung stellen, um sicherzustellen, dass die besten Standards erf\u00fcllt werden. Ob f\u00fcr schwere oder leichtere Anwendungen, unsere 320er Haken sind so konstruiert, dass sie ultimative Zuverl\u00e4ssigkeit in Bezug auf Haltbarkeit und Leistung f\u00fcr Ihr n\u00e4chstes Projekt bieten.<\/p>","protected":false},"featured_media":4111,"comment_status":"open","ping_status":"closed","template":"","meta":{"site-sidebar-layout":"default","site-content-layout":"default","ast-site-content-layout":"default","site-content-style":"default","site-sidebar-style":"default","ast-global-header-display":"","ast-banner-title-visibility":"","ast-main-header-display":"","ast-hfb-above-header-display":"","ast-hfb-below-header-display":"","ast-hfb-mobile-header-display":"","site-post-title":"","ast-breadcrumbs-content":"","ast-featured-img":"","footer-sml-layout":"","theme-transparent-header-meta":"default","adv-header-id-meta":"","stick-header-meta":"default","header-above-stick-meta":"","header-main-stick-meta":"","header-below-stick-meta":"","astra-migrate-meta-layouts":"set","ast-page-background-enabled":"default","ast-page-background-meta":{"desktop":{"background-color":"","background-image":"","background-repeat":"repeat","background-position":"center center","background-size":"auto","background-attachment":"scroll","background-type":"","background-media":"","overlay-type":"","overlay-color":"","overlay-opacity":"","overlay-gradient":""},"tablet":{"background-color":"","background-image":"","background-repeat":"repeat","background-position":"center center","background-size":"auto","background-attachment":"scroll","background-type":"","background-media":"","overlay-type":"","overlay-color":"","overlay-opacity":"","overlay-gradient":""},"mobile":{"background-color":"","background-image":"","background-repeat":"repeat","background-position":"center center","background-size":"auto","background-attachment":"scroll","background-type":"","background-media":"","overlay-type":"","overlay-color":"","overlay-opacity":"","overlay-gradient":""}},"ast-content-background-meta":{"desktop":{"background-color":"var(--ast-global-color-5)","background-image":"","background-repeat":"repeat","background-position":"center center","background-size":"auto","background-attachment":"scroll","background-type":"","background-media":"","overlay-type":"","overlay-color":"","overlay-opacity":"","overlay-gradient":""},"tablet":{"background-color":"var(--ast-global-color-5)","background-image":"","background-repeat":"repeat","background-position":"center center","background-size":"auto","background-attachment":"scroll","background-type":"","background-media":"","overlay-type":"","overlay-color":"","overlay-opacity":"","overlay-gradient":""},"mobile":{"background-color":"var(--ast-global-color-5)","background-image":"","background-repeat":"repeat","background-position":"center center","background-size":"auto","background-attachment":"scroll","background-type":"","background-media":"","overlay-type":"","overlay-color":"","overlay-opacity":"","overlay-gradient":""}}},"product_brand":[],"product_cat":[57,43],"product_tag":[],"class_list":{"0":"post-4110","1":"product","2":"type-product","3":"status-publish","4":"has-post-thumbnail","6":"product_cat-sling-hook","7":"product_cat-rigging-hardware","8":"desktop-align-left","9":"tablet-align-left","10":"mobile-align-left","11":"ast-product-gallery-layout-horizontal-slider","12":"ast-product-tabs-layout-horizontal","14":"first","15":"instock","16":"shipping-taxable","17":"purchasable","18":"product-type-simple"},"yoast_head":"<!-- This site is optimized with the Yoast SEO plugin v25.2 - https:\/\/yoast.com\/wordpress\/plugins\/seo\/ -->\n<title>320 Eye Sling Hook<\/title>\n<meta name=\"description\" content=\"The Eye Sling Hook is a type of lifting hook commonly used in rigging and lifting operations.\" \/>\n<meta name=\"robots\" content=\"index, follow, max-snippet:-1, max-image-preview:large, max-video-preview:-1\" \/>\n<link rel=\"canonical\" href=\"https:\/\/qingdaohf.com\/de\/produkt\/osenriemenhaken\/\" \/>\n<meta property=\"og:locale\" content=\"de_DE\" \/>\n<meta property=\"og:type\" content=\"article\" \/>\n<meta property=\"og:title\" content=\"320 Eye Sling Hook\" \/>\n<meta property=\"og:description\" content=\"The Eye Sling Hook is a type of lifting hook commonly used in rigging and lifting operations.\" \/>\n<meta property=\"og:url\" content=\"https:\/\/qingdaohf.com\/de\/produkt\/osenriemenhaken\/\" \/>\n<meta property=\"og:site_name\" content=\"Concrete Form &amp; Rigging Hardware Supplier\" \/>\n<meta property=\"article:publisher\" content=\"https:\/\/www.facebook.com\/qingdaohf\" \/>\n<meta property=\"article:modified_time\" content=\"2025-11-13T01:04:24+00:00\" \/>\n<meta property=\"og:image\" content=\"https:\/\/qingdaohf.com\/wp-content\/uploads\/2023\/05\/Eye-Sling-Hook-2.jpg\" \/>\n\t<meta property=\"og:image:width\" content=\"1000\" \/>\n\t<meta property=\"og:image:height\" content=\"1000\" \/>\n\t<meta property=\"og:image:type\" content=\"image\/jpeg\" \/>\n<meta name=\"twitter:card\" content=\"summary_large_image\" \/>\n<meta name=\"twitter:label1\" content=\"Gesch\u00e4tzte Lesezeit\" \/>\n\t<meta name=\"twitter:data1\" content=\"4\u00a0Minuten\" \/>\n<script type=\"application\/ld+json\" class=\"yoast-schema-graph\">{\"@context\":\"https:\/\/schema.org\",\"@graph\":[{\"@type\":\"WebPage\",\"@id\":\"https:\/\/qingdaohf.com\/product\/eye-sling-hook\/\",\"url\":\"https:\/\/qingdaohf.com\/product\/eye-sling-hook\/\",\"name\":\"320 Eye Sling Hook\",\"isPartOf\":{\"@id\":\"https:\/\/qingdaohf.com\/bg\/#website\"},\"primaryImageOfPage\":{\"@id\":\"https:\/\/qingdaohf.com\/product\/eye-sling-hook\/#primaryimage\"},\"image\":{\"@id\":\"https:\/\/qingdaohf.com\/product\/eye-sling-hook\/#primaryimage\"},\"thumbnailUrl\":\"https:\/\/qingdaohf.com\/wp-content\/uploads\/2023\/05\/Eye-Sling-Hook-2.jpg\",\"datePublished\":\"2023-05-26T08:27:13+00:00\",\"dateModified\":\"2025-11-13T01:04:24+00:00\",\"description\":\"The Eye Sling Hook is a type of lifting hook commonly used in rigging and lifting operations.\",\"breadcrumb\":{\"@id\":\"https:\/\/qingdaohf.com\/product\/eye-sling-hook\/#breadcrumb\"},\"inLanguage\":\"de\",\"potentialAction\":[{\"@type\":\"ReadAction\",\"target\":[\"https:\/\/qingdaohf.com\/product\/eye-sling-hook\/\"]}]},{\"@type\":\"ImageObject\",\"inLanguage\":\"de\",\"@id\":\"https:\/\/qingdaohf.com\/product\/eye-sling-hook\/#primaryimage\",\"url\":\"https:\/\/qingdaohf.com\/wp-content\/uploads\/2023\/05\/Eye-Sling-Hook-2.jpg\",\"contentUrl\":\"https:\/\/qingdaohf.com\/wp-content\/uploads\/2023\/05\/Eye-Sling-Hook-2.jpg\",\"width\":1000,\"height\":1000,\"caption\":\"Eye Sling Hook\"},{\"@type\":\"BreadcrumbList\",\"@id\":\"https:\/\/qingdaohf.com\/product\/eye-sling-hook\/#breadcrumb\",\"itemListElement\":[{\"@type\":\"ListItem\",\"position\":1,\"name\":\"Home\",\"item\":\"https:\/\/qingdaohf.com\/\"},{\"@type\":\"ListItem\",\"position\":2,\"name\":\"Concrete Forming Accessories and Rigging Hardware\",\"item\":\"https:\/\/qingdaohf.com\/bg\/?page_id=944\"},{\"@type\":\"ListItem\",\"position\":3,\"name\":\"320 Eye Sling Hook\"}]},{\"@type\":\"WebSite\",\"@id\":\"https:\/\/qingdaohf.com\/bg\/#website\",\"url\":\"https:\/\/qingdaohf.com\/bg\/\",\"name\":\"Concrete Form & Rigging Hardware Supplier\",\"description\":\"\",\"publisher\":{\"@id\":\"https:\/\/qingdaohf.com\/bg\/#organization\"},\"potentialAction\":[{\"@type\":\"SearchAction\",\"target\":{\"@type\":\"EntryPoint\",\"urlTemplate\":\"https:\/\/qingdaohf.com\/bg\/?s={search_term_string}\"},\"query-input\":{\"@type\":\"PropertyValueSpecification\",\"valueRequired\":true,\"valueName\":\"search_term_string\"}}],\"inLanguage\":\"de\"},{\"@type\":\"Organization\",\"@id\":\"https:\/\/qingdaohf.com\/bg\/#organization\",\"name\":\"Qingdao H&F\",\"url\":\"https:\/\/qingdaohf.com\/bg\/\",\"logo\":{\"@type\":\"ImageObject\",\"inLanguage\":\"de\",\"@id\":\"https:\/\/qingdaohf.com\/bg\/#\/schema\/logo\/image\/\",\"url\":\"https:\/\/qingdaohf.com\/wp-content\/uploads\/2022\/12\/cropped-HF-LOGO.png\",\"contentUrl\":\"https:\/\/qingdaohf.com\/wp-content\/uploads\/2022\/12\/cropped-HF-LOGO.png\",\"width\":391,\"height\":249,\"caption\":\"Qingdao H&F\"},\"image\":{\"@id\":\"https:\/\/qingdaohf.com\/bg\/#\/schema\/logo\/image\/\"},\"sameAs\":[\"https:\/\/www.facebook.com\/qingdaohf\"]}]}<\/script>\n<!-- \/ Yoast SEO plugin. -->","yoast_head_json":{"title":"320 Eye Sling Hook","description":"The Eye Sling Hook is a type of lifting hook commonly used in rigging and lifting operations.","robots":{"index":"index","follow":"follow","max-snippet":"max-snippet:-1","max-image-preview":"max-image-preview:large","max-video-preview":"max-video-preview:-1"},"canonical":"https:\/\/qingdaohf.com\/de\/produkt\/osenriemenhaken\/","og_locale":"de_DE","og_type":"article","og_title":"320 Eye Sling Hook","og_description":"The Eye Sling Hook is a type of lifting hook commonly used in rigging and lifting operations.","og_url":"https:\/\/qingdaohf.com\/de\/produkt\/osenriemenhaken\/","og_site_name":"Concrete Form &amp; Rigging Hardware Supplier","article_publisher":"https:\/\/www.facebook.com\/qingdaohf","article_modified_time":"2025-11-13T01:04:24+00:00","og_image":[{"width":1000,"height":1000,"url":"https:\/\/qingdaohf.com\/wp-content\/uploads\/2023\/05\/Eye-Sling-Hook-2.jpg","type":"image\/jpeg"}],"twitter_card":"summary_large_image","twitter_misc":{"Gesch\u00e4tzte Lesezeit":"4\u00a0Minuten"},"schema":{"@context":"https:\/\/schema.org","@graph":[{"@type":"WebPage","@id":"https:\/\/qingdaohf.com\/product\/eye-sling-hook\/","url":"https:\/\/qingdaohf.com\/product\/eye-sling-hook\/","name":"320 Eye Sling Hook","isPartOf":{"@id":"https:\/\/qingdaohf.com\/bg\/#website"},"primaryImageOfPage":{"@id":"https:\/\/qingdaohf.com\/product\/eye-sling-hook\/#primaryimage"},"image":{"@id":"https:\/\/qingdaohf.com\/product\/eye-sling-hook\/#primaryimage"},"thumbnailUrl":"https:\/\/qingdaohf.com\/wp-content\/uploads\/2023\/05\/Eye-Sling-Hook-2.jpg","datePublished":"2023-05-26T08:27:13+00:00","dateModified":"2025-11-13T01:04:24+00:00","description":"The Eye Sling Hook is a type of lifting hook commonly used in rigging and lifting operations.","breadcrumb":{"@id":"https:\/\/qingdaohf.com\/product\/eye-sling-hook\/#breadcrumb"},"inLanguage":"de","potentialAction":[{"@type":"ReadAction","target":["https:\/\/qingdaohf.com\/product\/eye-sling-hook\/"]}]},{"@type":"ImageObject","inLanguage":"de","@id":"https:\/\/qingdaohf.com\/product\/eye-sling-hook\/#primaryimage","url":"https:\/\/qingdaohf.com\/wp-content\/uploads\/2023\/05\/Eye-Sling-Hook-2.jpg","contentUrl":"https:\/\/qingdaohf.com\/wp-content\/uploads\/2023\/05\/Eye-Sling-Hook-2.jpg","width":1000,"height":1000,"caption":"Eye Sling Hook"},{"@type":"BreadcrumbList","@id":"https:\/\/qingdaohf.com\/product\/eye-sling-hook\/#breadcrumb","itemListElement":[{"@type":"ListItem","position":1,"name":"Home","item":"https:\/\/qingdaohf.com\/"},{"@type":"ListItem","position":2,"name":"Concrete Forming Accessories and Rigging Hardware","item":"https:\/\/qingdaohf.com\/bg\/?page_id=944"},{"@type":"ListItem","position":3,"name":"320 Eye Sling Hook"}]},{"@type":"WebSite","@id":"https:\/\/qingdaohf.com\/bg\/#website","url":"https:\/\/qingdaohf.com\/bg\/","name":"Concrete Form & Rigging Hardware Supplier","description":"","publisher":{"@id":"https:\/\/qingdaohf.com\/bg\/#organization"},"potentialAction":[{"@type":"SearchAction","target":{"@type":"EntryPoint","urlTemplate":"https:\/\/qingdaohf.com\/bg\/?s={search_term_string}"},"query-input":{"@type":"PropertyValueSpecification","valueRequired":true,"valueName":"search_term_string"}}],"inLanguage":"de"},{"@type":"Organization","@id":"https:\/\/qingdaohf.com\/bg\/#organization","name":"Qingdao H&F","url":"https:\/\/qingdaohf.com\/bg\/","logo":{"@type":"ImageObject","inLanguage":"de","@id":"https:\/\/qingdaohf.com\/bg\/#\/schema\/logo\/image\/","url":"https:\/\/qingdaohf.com\/wp-content\/uploads\/2022\/12\/cropped-HF-LOGO.png","contentUrl":"https:\/\/qingdaohf.com\/wp-content\/uploads\/2022\/12\/cropped-HF-LOGO.png","width":391,"height":249,"caption":"Qingdao H&F"},"image":{"@id":"https:\/\/qingdaohf.com\/bg\/#\/schema\/logo\/image\/"},"sameAs":["https:\/\/www.facebook.com\/qingdaohf"]}]}},"_links":{"self":[{"href":"https:\/\/qingdaohf.com\/de\/wp-json\/wp\/v2\/product\/4110","targetHints":{"allow":["GET"]}}],"collection":[{"href":"https:\/\/qingdaohf.com\/de\/wp-json\/wp\/v2\/product"}],"about":[{"href":"https:\/\/qingdaohf.com\/de\/wp-json\/wp\/v2\/types\/product"}],"replies":[{"embeddable":true,"href":"https:\/\/qingdaohf.com\/de\/wp-json\/wp\/v2\/comments?post=4110"}],"version-history":[{"count":3,"href":"https:\/\/qingdaohf.com\/de\/wp-json\/wp\/v2\/product\/4110\/revisions"}],"predecessor-version":[{"id":4117,"href":"https:\/\/qingdaohf.com\/de\/wp-json\/wp\/v2\/product\/4110\/revisions\/4117"}],"wp:featuredmedia":[{"embeddable":true,"href":"https:\/\/qingdaohf.com\/de\/wp-json\/wp\/v2\/media\/4111"}],"wp:attachment":[{"href":"https:\/\/qingdaohf.com\/de\/wp-json\/wp\/v2\/media?parent=4110"}],"wp:term":[{"taxonomy":"product_brand","embeddable":true,"href":"https:\/\/qingdaohf.com\/de\/wp-json\/wp\/v2\/product_brand?post=4110"},{"taxonomy":"product_cat","embeddable":true,"href":"https:\/\/qingdaohf.com\/de\/wp-json\/wp\/v2\/product_cat?post=4110"},{"taxonomy":"product_tag","embeddable":true,"href":"https:\/\/qingdaohf.com\/de\/wp-json\/wp\/v2\/product_tag?post=4110"}],"curies":[{"name":"wp","href":"https:\/\/api.w.org\/{rel}","templated":true}]}}