{"id":4217,"date":"2023-05-29T15:55:40","date_gmt":"2023-05-29T07:55:40","guid":{"rendered":"http:\/\/qingdaohf.com\/?post_type=product&#038;p=4217"},"modified":"2025-11-13T09:04:22","modified_gmt":"2025-11-13T01:04:22","slug":"ratchet-straps","status":"publish","type":"product","link":"https:\/\/qingdaohf.com\/de\/produkt\/ratschengurte\/","title":{"rendered":"Hochbelastbare Ratschengurte Frachtgurte zum sicheren Verzurren"},"content":{"rendered":"<p><img fetchpriority=\"high\" decoding=\"async\" class=\"alignnone size-full wp-image-6598\" src=\"http:\/\/qingdaohf.com\/wp-content\/uploads\/2023\/05\/Heavy-Duty-Ratchet-Straps-Cargo-Straps-for-Secure-Tie-Down-1.png\" alt=\"Hochbelastbare Ratschengurte Frachtgurte zum sicheren Verzurren\" width=\"1118\" height=\"681\" srcset=\"https:\/\/qingdaohf.com\/wp-content\/uploads\/2023\/05\/Heavy-Duty-Ratchet-Straps-Cargo-Straps-for-Secure-Tie-Down-1.png 1118w, https:\/\/qingdaohf.com\/wp-content\/uploads\/2023\/05\/Heavy-Duty-Ratchet-Straps-Cargo-Straps-for-Secure-Tie-Down-1-300x183.png 300w, https:\/\/qingdaohf.com\/wp-content\/uploads\/2023\/05\/Heavy-Duty-Ratchet-Straps-Cargo-Straps-for-Secure-Tie-Down-1-1024x624.png 1024w, https:\/\/qingdaohf.com\/wp-content\/uploads\/2023\/05\/Heavy-Duty-Ratchet-Straps-Cargo-Straps-for-Secure-Tie-Down-1-768x468.png 768w, https:\/\/qingdaohf.com\/wp-content\/uploads\/2023\/05\/Heavy-Duty-Ratchet-Straps-Cargo-Straps-for-Secure-Tie-Down-1-1000x609.png 1000w\" sizes=\"(max-width: 1118px) 100vw, 1118px\" \/><\/p>\n<p><strong style=\"font-size: 16px;\">Verl\u00e4sslichkeit:<\/strong><span style=\"font-size: 16px;\"> Sie brauchen Ratschengurte, denen Sie vertrauen k\u00f6nnen. Bei Qingdao H&amp;F sind wir nicht nur ein Lieferant, sondern auch der Hersteller. Unsere Produkte werden in unserer eigenen kooperativen Fabrik hergestellt, was eine strenge Qualit\u00e4tskontrolle und eine Zuverl\u00e4ssigkeit gew\u00e4hrleistet, die auch den h\u00e4rtesten Bedingungen standh\u00e4lt.<\/span><\/p>\n<p><strong>Verf\u00fcgbarkeit:<\/strong> Wir wissen, dass Zeit in Ihrer Branche Geld ist. Deshalb unterhalten wir einen gut sortierten Lagerbestand, damit Sie nie warten m\u00fcssen. Ganz gleich, ob Sie einen oder tausend Ratschengurte ben\u00f6tigen, wir sind da, um Ihren Bedarf umgehend zu decken.<\/p>\n<p><strong>Wettbewerbsf\u00e4hige Preisgestaltung:<\/strong> Wir wissen, wie wichtig Kosteneffizienz ist. Als Direktanbieter, Gro\u00dfh\u00e4ndler und Distributor bieten wir wettbewerbsf\u00e4hige Preise, ohne Kompromisse bei der Qualit\u00e4t einzugehen. Unsere Produkte kommen direkt aus unserer Fabrik in China, was bedeutet, dass Sie den besten Wert erhalten.<\/p>\n<p><strong>Anpassungen:<\/strong> Ihre Projekte haben einzigartige Anforderungen. Qingdao H&amp;F unterst\u00fctzt die kundenspezifische Anpassung, damit Sie Ratschenb\u00e4nder erhalten, die genau Ihren Anforderungen entsprechen. Unser Expertenteam wird mit Ihnen zusammenarbeiten, um die perfekte L\u00f6sung zu finden.<\/p>\n<p><strong>Qualit\u00e4tssicherung:<\/strong> Wir glauben an Transparenz. Mit jeder Bestellung liefern wir einen QC-Inspektionsbericht, der sicherstellt, dass unsere Ratschengurte den h\u00f6chsten Qualit\u00e4tsstandards entsprechen.<\/p>\n<div class=\"ast-oembed-container\" style=\"height: 100%;\"><iframe title=\"Hochbelastbare 2-Zoll-Ratschengurte sorgen f\u00fcr eine zuverl\u00e4ssige Befestigung der Ladung\" width=\"500\" height=\"375\" src=\"https:\/\/www.youtube.com\/embed\/EjZB2wJBfFY?feature=oembed\" frameborder=\"0\" allow=\"accelerometer; autoplay; clipboard-write; encrypted-media; gyroscope; picture-in-picture; web-share\" referrerpolicy=\"strict-origin-when-cross-origin\" allowfullscreen><\/iframe><\/div>","protected":false},"excerpt":{"rendered":"<p>Willkommen bei H&amp;F, Ihrer ersten Adresse f\u00fcr Ratschengurte auf dem B2B-Gro\u00dfhandelsmarkt. Unser Engagement f\u00fcr hervorragende Leistungen zeigt sich in unseren Ratschengurten, die sorgf\u00e4ltig f\u00fcr robuste Befestigungsanwendungen entwickelt wurden. Als Ihr engagierter Gro\u00dfhandelspartner garantiert Ihnen H&amp;F nicht nur erstklassige Produkte, sondern auch schnelle Antworten auf alle Anfragen, so dass jede Frage innerhalb eines Zeitfensters von 8 Stunden beantwortet wird.<\/p>","protected":false},"featured_media":6056,"comment_status":"open","ping_status":"closed","template":"","meta":{"site-sidebar-layout":"default","site-content-layout":"default","ast-site-content-layout":"default","site-content-style":"default","site-sidebar-style":"default","ast-global-header-display":"","ast-banner-title-visibility":"","ast-main-header-display":"","ast-hfb-above-header-display":"","ast-hfb-below-header-display":"","ast-hfb-mobile-header-display":"","site-post-title":"","ast-breadcrumbs-content":"","ast-featured-img":"","footer-sml-layout":"","theme-transparent-header-meta":"default","adv-header-id-meta":"","stick-header-meta":"default","header-above-stick-meta":"","header-main-stick-meta":"","header-below-stick-meta":"","astra-migrate-meta-layouts":"set","ast-page-background-enabled":"default","ast-page-background-meta":{"desktop":{"background-color":"","background-image":"","background-repeat":"repeat","background-position":"center center","background-size":"auto","background-attachment":"scroll","background-type":"","background-media":"","overlay-type":"","overlay-color":"","overlay-opacity":"","overlay-gradient":""},"tablet":{"background-color":"","background-image":"","background-repeat":"repeat","background-position":"center center","background-size":"auto","background-attachment":"scroll","background-type":"","background-media":"","overlay-type":"","overlay-color":"","overlay-opacity":"","overlay-gradient":""},"mobile":{"background-color":"","background-image":"","background-repeat":"repeat","background-position":"center center","background-size":"auto","background-attachment":"scroll","background-type":"","background-media":"","overlay-type":"","overlay-color":"","overlay-opacity":"","overlay-gradient":""}},"ast-content-background-meta":{"desktop":{"background-color":"var(--ast-global-color-5)","background-image":"","background-repeat":"repeat","background-position":"center center","background-size":"auto","background-attachment":"scroll","background-type":"","background-media":"","overlay-type":"","overlay-color":"","overlay-opacity":"","overlay-gradient":""},"tablet":{"background-color":"var(--ast-global-color-5)","background-image":"","background-repeat":"repeat","background-position":"center center","background-size":"auto","background-attachment":"scroll","background-type":"","background-media":"","overlay-type":"","overlay-color":"","overlay-opacity":"","overlay-gradient":""},"mobile":{"background-color":"var(--ast-global-color-5)","background-image":"","background-repeat":"repeat","background-position":"center center","background-size":"auto","background-attachment":"scroll","background-type":"","background-media":"","overlay-type":"","overlay-color":"","overlay-opacity":"","overlay-gradient":""}}},"product_brand":[],"product_cat":[51,68,43],"product_tag":[],"class_list":{"0":"post-4217","1":"product","2":"type-product","3":"status-publish","4":"has-post-thumbnail","6":"product_cat-riggging-hardware","7":"product_cat-ratchet-strap","8":"product_cat-rigging-hardware","9":"desktop-align-left","10":"tablet-align-left","11":"mobile-align-left","12":"ast-product-gallery-layout-horizontal-slider","13":"ast-product-tabs-layout-horizontal","15":"first","16":"instock","17":"shipping-taxable","18":"purchasable","19":"product-type-simple"},"yoast_head":"<!-- This site is optimized with the Yoast SEO plugin v25.2 - https:\/\/yoast.com\/wordpress\/plugins\/seo\/ -->\n<title>Heavy Duty Tie Down Ratchet Straps<\/title>\n<meta name=\"description\" content=\"Our commitment to excellence shines through our Ratchet Straps, meticulously designed for robust tie-down applications.\" \/>\n<meta name=\"robots\" content=\"index, follow, max-snippet:-1, max-image-preview:large, max-video-preview:-1\" \/>\n<link rel=\"canonical\" href=\"https:\/\/qingdaohf.com\/de\/produkt\/ratschengurte\/\" \/>\n<meta property=\"og:locale\" content=\"de_DE\" \/>\n<meta property=\"og:type\" content=\"article\" \/>\n<meta property=\"og:title\" content=\"Heavy Duty Tie Down Ratchet Straps\" \/>\n<meta property=\"og:description\" content=\"Our commitment to excellence shines through our Ratchet Straps, meticulously designed for robust tie-down applications.\" \/>\n<meta property=\"og:url\" content=\"https:\/\/qingdaohf.com\/de\/produkt\/ratschengurte\/\" \/>\n<meta property=\"og:site_name\" content=\"Concrete Form &amp; Rigging Hardware Supplier\" \/>\n<meta property=\"article:publisher\" content=\"https:\/\/www.facebook.com\/qingdaohf\" \/>\n<meta property=\"article:modified_time\" content=\"2025-11-13T01:04:22+00:00\" \/>\n<meta property=\"og:image\" content=\"https:\/\/qingdaohf.com\/wp-content\/uploads\/2023\/05\/ratchet-strap-10_\u526f\u672c.jpg\" \/>\n\t<meta property=\"og:image:width\" content=\"800\" \/>\n\t<meta property=\"og:image:height\" content=\"800\" \/>\n\t<meta property=\"og:image:type\" content=\"image\/jpeg\" \/>\n<meta name=\"twitter:card\" content=\"summary_large_image\" \/>\n<meta name=\"twitter:label1\" content=\"Gesch\u00e4tzte Lesezeit\" \/>\n\t<meta name=\"twitter:data1\" content=\"2\u00a0Minuten\" \/>\n<script type=\"application\/ld+json\" class=\"yoast-schema-graph\">{\"@context\":\"https:\/\/schema.org\",\"@graph\":[{\"@type\":\"WebPage\",\"@id\":\"https:\/\/qingdaohf.com\/product\/ratchet-straps\/\",\"url\":\"https:\/\/qingdaohf.com\/product\/ratchet-straps\/\",\"name\":\"Heavy Duty Tie Down Ratchet Straps\",\"isPartOf\":{\"@id\":\"https:\/\/qingdaohf.com\/bg\/#website\"},\"primaryImageOfPage\":{\"@id\":\"https:\/\/qingdaohf.com\/product\/ratchet-straps\/#primaryimage\"},\"image\":{\"@id\":\"https:\/\/qingdaohf.com\/product\/ratchet-straps\/#primaryimage\"},\"thumbnailUrl\":\"https:\/\/qingdaohf.com\/wp-content\/uploads\/2023\/05\/ratchet-strap-10_\u526f\u672c.jpg\",\"datePublished\":\"2023-05-29T07:55:40+00:00\",\"dateModified\":\"2025-11-13T01:04:22+00:00\",\"description\":\"Our commitment to excellence shines through our Ratchet Straps, meticulously designed for robust tie-down applications.\",\"breadcrumb\":{\"@id\":\"https:\/\/qingdaohf.com\/product\/ratchet-straps\/#breadcrumb\"},\"inLanguage\":\"de\",\"potentialAction\":[{\"@type\":\"ReadAction\",\"target\":[\"https:\/\/qingdaohf.com\/product\/ratchet-straps\/\"]}]},{\"@type\":\"ImageObject\",\"inLanguage\":\"de\",\"@id\":\"https:\/\/qingdaohf.com\/product\/ratchet-straps\/#primaryimage\",\"url\":\"https:\/\/qingdaohf.com\/wp-content\/uploads\/2023\/05\/ratchet-strap-10_\u526f\u672c.jpg\",\"contentUrl\":\"https:\/\/qingdaohf.com\/wp-content\/uploads\/2023\/05\/ratchet-strap-10_\u526f\u672c.jpg\",\"width\":800,\"height\":800,\"caption\":\"ratchet strap\"},{\"@type\":\"BreadcrumbList\",\"@id\":\"https:\/\/qingdaohf.com\/product\/ratchet-straps\/#breadcrumb\",\"itemListElement\":[{\"@type\":\"ListItem\",\"position\":1,\"name\":\"Home\",\"item\":\"https:\/\/qingdaohf.com\/\"},{\"@type\":\"ListItem\",\"position\":2,\"name\":\"Concrete Forming Accessories and Rigging Hardware\",\"item\":\"https:\/\/qingdaohf.com\/bg\/?page_id=944\"},{\"@type\":\"ListItem\",\"position\":3,\"name\":\"Heavy Duty Ratchet Straps Cargo Straps for Secure Tie Down\"}]},{\"@type\":\"WebSite\",\"@id\":\"https:\/\/qingdaohf.com\/bg\/#website\",\"url\":\"https:\/\/qingdaohf.com\/bg\/\",\"name\":\"Concrete Form & Rigging Hardware Supplier\",\"description\":\"\",\"publisher\":{\"@id\":\"https:\/\/qingdaohf.com\/bg\/#organization\"},\"potentialAction\":[{\"@type\":\"SearchAction\",\"target\":{\"@type\":\"EntryPoint\",\"urlTemplate\":\"https:\/\/qingdaohf.com\/bg\/?s={search_term_string}\"},\"query-input\":{\"@type\":\"PropertyValueSpecification\",\"valueRequired\":true,\"valueName\":\"search_term_string\"}}],\"inLanguage\":\"de\"},{\"@type\":\"Organization\",\"@id\":\"https:\/\/qingdaohf.com\/bg\/#organization\",\"name\":\"Qingdao H&F\",\"url\":\"https:\/\/qingdaohf.com\/bg\/\",\"logo\":{\"@type\":\"ImageObject\",\"inLanguage\":\"de\",\"@id\":\"https:\/\/qingdaohf.com\/bg\/#\/schema\/logo\/image\/\",\"url\":\"https:\/\/qingdaohf.com\/wp-content\/uploads\/2022\/12\/cropped-HF-LOGO.png\",\"contentUrl\":\"https:\/\/qingdaohf.com\/wp-content\/uploads\/2022\/12\/cropped-HF-LOGO.png\",\"width\":391,\"height\":249,\"caption\":\"Qingdao H&F\"},\"image\":{\"@id\":\"https:\/\/qingdaohf.com\/bg\/#\/schema\/logo\/image\/\"},\"sameAs\":[\"https:\/\/www.facebook.com\/qingdaohf\"]}]}<\/script>\n<!-- \/ Yoast SEO plugin. -->","yoast_head_json":{"title":"Heavy Duty Tie Down Ratchet Straps","description":"Our commitment to excellence shines through our Ratchet Straps, meticulously designed for robust tie-down applications.","robots":{"index":"index","follow":"follow","max-snippet":"max-snippet:-1","max-image-preview":"max-image-preview:large","max-video-preview":"max-video-preview:-1"},"canonical":"https:\/\/qingdaohf.com\/de\/produkt\/ratschengurte\/","og_locale":"de_DE","og_type":"article","og_title":"Heavy Duty Tie Down Ratchet Straps","og_description":"Our commitment to excellence shines through our Ratchet Straps, meticulously designed for robust tie-down applications.","og_url":"https:\/\/qingdaohf.com\/de\/produkt\/ratschengurte\/","og_site_name":"Concrete Form &amp; Rigging Hardware Supplier","article_publisher":"https:\/\/www.facebook.com\/qingdaohf","article_modified_time":"2025-11-13T01:04:22+00:00","og_image":[{"width":800,"height":800,"url":"https:\/\/qingdaohf.com\/wp-content\/uploads\/2023\/05\/ratchet-strap-10_\u526f\u672c.jpg","type":"image\/jpeg"}],"twitter_card":"summary_large_image","twitter_misc":{"Gesch\u00e4tzte Lesezeit":"2\u00a0Minuten"},"schema":{"@context":"https:\/\/schema.org","@graph":[{"@type":"WebPage","@id":"https:\/\/qingdaohf.com\/product\/ratchet-straps\/","url":"https:\/\/qingdaohf.com\/product\/ratchet-straps\/","name":"Heavy Duty Tie Down Ratchet Straps","isPartOf":{"@id":"https:\/\/qingdaohf.com\/bg\/#website"},"primaryImageOfPage":{"@id":"https:\/\/qingdaohf.com\/product\/ratchet-straps\/#primaryimage"},"image":{"@id":"https:\/\/qingdaohf.com\/product\/ratchet-straps\/#primaryimage"},"thumbnailUrl":"https:\/\/qingdaohf.com\/wp-content\/uploads\/2023\/05\/ratchet-strap-10_\u526f\u672c.jpg","datePublished":"2023-05-29T07:55:40+00:00","dateModified":"2025-11-13T01:04:22+00:00","description":"Our commitment to excellence shines through our Ratchet Straps, meticulously designed for robust tie-down applications.","breadcrumb":{"@id":"https:\/\/qingdaohf.com\/product\/ratchet-straps\/#breadcrumb"},"inLanguage":"de","potentialAction":[{"@type":"ReadAction","target":["https:\/\/qingdaohf.com\/product\/ratchet-straps\/"]}]},{"@type":"ImageObject","inLanguage":"de","@id":"https:\/\/qingdaohf.com\/product\/ratchet-straps\/#primaryimage","url":"https:\/\/qingdaohf.com\/wp-content\/uploads\/2023\/05\/ratchet-strap-10_\u526f\u672c.jpg","contentUrl":"https:\/\/qingdaohf.com\/wp-content\/uploads\/2023\/05\/ratchet-strap-10_\u526f\u672c.jpg","width":800,"height":800,"caption":"ratchet strap"},{"@type":"BreadcrumbList","@id":"https:\/\/qingdaohf.com\/product\/ratchet-straps\/#breadcrumb","itemListElement":[{"@type":"ListItem","position":1,"name":"Home","item":"https:\/\/qingdaohf.com\/"},{"@type":"ListItem","position":2,"name":"Concrete Forming Accessories and Rigging Hardware","item":"https:\/\/qingdaohf.com\/bg\/?page_id=944"},{"@type":"ListItem","position":3,"name":"Heavy Duty Ratchet Straps Cargo Straps for Secure Tie Down"}]},{"@type":"WebSite","@id":"https:\/\/qingdaohf.com\/bg\/#website","url":"https:\/\/qingdaohf.com\/bg\/","name":"Concrete Form & Rigging Hardware Supplier","description":"","publisher":{"@id":"https:\/\/qingdaohf.com\/bg\/#organization"},"potentialAction":[{"@type":"SearchAction","target":{"@type":"EntryPoint","urlTemplate":"https:\/\/qingdaohf.com\/bg\/?s={search_term_string}"},"query-input":{"@type":"PropertyValueSpecification","valueRequired":true,"valueName":"search_term_string"}}],"inLanguage":"de"},{"@type":"Organization","@id":"https:\/\/qingdaohf.com\/bg\/#organization","name":"Qingdao H&F","url":"https:\/\/qingdaohf.com\/bg\/","logo":{"@type":"ImageObject","inLanguage":"de","@id":"https:\/\/qingdaohf.com\/bg\/#\/schema\/logo\/image\/","url":"https:\/\/qingdaohf.com\/wp-content\/uploads\/2022\/12\/cropped-HF-LOGO.png","contentUrl":"https:\/\/qingdaohf.com\/wp-content\/uploads\/2022\/12\/cropped-HF-LOGO.png","width":391,"height":249,"caption":"Qingdao H&F"},"image":{"@id":"https:\/\/qingdaohf.com\/bg\/#\/schema\/logo\/image\/"},"sameAs":["https:\/\/www.facebook.com\/qingdaohf"]}]}},"_links":{"self":[{"href":"https:\/\/qingdaohf.com\/de\/wp-json\/wp\/v2\/product\/4217","targetHints":{"allow":["GET"]}}],"collection":[{"href":"https:\/\/qingdaohf.com\/de\/wp-json\/wp\/v2\/product"}],"about":[{"href":"https:\/\/qingdaohf.com\/de\/wp-json\/wp\/v2\/types\/product"}],"replies":[{"embeddable":true,"href":"https:\/\/qingdaohf.com\/de\/wp-json\/wp\/v2\/comments?post=4217"}],"version-history":[{"count":15,"href":"https:\/\/qingdaohf.com\/de\/wp-json\/wp\/v2\/product\/4217\/revisions"}],"predecessor-version":[{"id":6599,"href":"https:\/\/qingdaohf.com\/de\/wp-json\/wp\/v2\/product\/4217\/revisions\/6599"}],"wp:featuredmedia":[{"embeddable":true,"href":"https:\/\/qingdaohf.com\/de\/wp-json\/wp\/v2\/media\/6056"}],"wp:attachment":[{"href":"https:\/\/qingdaohf.com\/de\/wp-json\/wp\/v2\/media?parent=4217"}],"wp:term":[{"taxonomy":"product_brand","embeddable":true,"href":"https:\/\/qingdaohf.com\/de\/wp-json\/wp\/v2\/product_brand?post=4217"},{"taxonomy":"product_cat","embeddable":true,"href":"https:\/\/qingdaohf.com\/de\/wp-json\/wp\/v2\/product_cat?post=4217"},{"taxonomy":"product_tag","embeddable":true,"href":"https:\/\/qingdaohf.com\/de\/wp-json\/wp\/v2\/product_tag?post=4217"}],"curies":[{"name":"wp","href":"https:\/\/api.w.org\/{rel}","templated":true}]}}