{"id":4551,"date":"2023-06-25T17:55:26","date_gmt":"2023-06-25T09:55:26","guid":{"rendered":"http:\/\/qingdaohf.com\/?post_type=product&#038;p=4551"},"modified":"2025-11-13T09:04:03","modified_gmt":"2025-11-13T01:04:03","slug":"closed-body-turnbuckle","status":"publish","type":"product","link":"https:\/\/qingdaohf.com\/de\/produkt\/geschlossenes-spannschloss\/","title":{"rendered":"Spannschloss mit geschlossenem Geh\u00e4use"},"content":{"rendered":"<h2 class=\"text-2xl font-bold mt-1 text-text-200\">Einf\u00fchrung in das Closed Body Spannschloss<\/h2>\n<p class=\"whitespace-pre-wrap break-words\">Sprechen wir \u00fcber Spannschl\u00f6sser mit geschlossenem Geh\u00e4use - diese unverzichtbaren mechanischen Vorrichtungen, die \u00fcberall dort zu finden sind, wo die Spannung pr\u00e4zise eingestellt werden muss. Betrachten Sie sie als die unbesungenen Helden der Kabel- und Drahtseilsysteme. Im Gegensatz zu ihren einfacheren Vettern verf\u00fcgen diese Spannschl\u00f6sser \u00fcber eine vollst\u00e4ndig geschlossene Konstruktion, die ihre Arbeitsteile vor den Elementen sch\u00fctzt. Das macht sie unglaublich zuverl\u00e4ssig, egal ob auf Baustellen oder auf Segelschiffen.<\/p>\n<p class=\"whitespace-pre-wrap break-words\">Die Genialit\u00e4t liegt in ihrem einfachen, aber effektiven Design: zwei Gewindeenden, die durch einen gesch\u00fctzten Innenmechanismus verbunden sind. So k\u00f6nnen Sie genau die richtige Spannung einstellen, w\u00e4hrend alle wichtigen Komponenten vor Witterungseinfl\u00fcssen und Verschlei\u00df gesch\u00fctzt sind. F\u00fcr Profis, die sich keinen Ausfall der Ausr\u00fcstung leisten k\u00f6nnen, ist dieser zus\u00e4tzliche Schutz nicht nur nett, sondern unverzichtbar.<\/p>\n<h2 class=\"text-xl font-bold text-text-200 mt-1 -mb-0.5\">Vorteile der Verwendung eines Spannschlosses mit geschlossenem Geh\u00e4use<\/h2>\n<p class=\"whitespace-pre-wrap break-words\">Sie fragen sich vielleicht, warum geschlossene Spannschl\u00f6sser die erste Wahl f\u00fcr anspruchsvolle Anwendungen sind. Zun\u00e4chst einmal sind sie wie Panzer gebaut. Sie bestehen aus robusten Materialien wie Edelstahl oder Kohlenstoffstahl und trotzen rauem Wetter und schweren Lasten. Sie sind die Art von Werkzeug, die noch funktioniert, wenn andere schon l\u00e4ngst aufgegeben haben.<\/p>\n<p class=\"whitespace-pre-wrap break-words\">Was sie wirklich auszeichnet, ist ihre Benutzerfreundlichkeit. Sie m\u00f6chten die Spannung ver\u00e4ndern? Das geht ganz einfach, indem Sie den K\u00f6rper drehen, bis Sie den richtigen Punkt getroffen haben. Das ist von enormer Bedeutung, wenn man es mit etwas zu tun hat wie der Takelage eines Segelboots, bei der die Spannung m\u00f6glicherweise w\u00e4hrend der Fahrt angepasst werden muss.<\/p>\n<p class=\"whitespace-pre-wrap break-words\">Das geschlossene Design ist auch nicht nur Show. Durch den Schutz des Gewindes verl\u00e4ngern Sie die Lebensdauer des Spannschlosses um Jahre. Wenn man sie mit offenen Versionen vergleicht, ist es, als w\u00fcrde man sich zwischen einer wasserdichten und einer normalen Uhr entscheiden - sicher, beide zeigen die Zeit an, aber man wei\u00df, welche man bei einem Sturm lieber hat.<\/p>\n<h2 class=\"text-xl font-bold text-text-200 mt-1 -mb-0.5\">Anwendungen von Spannschl\u00f6ssern mit geschlossenem Geh\u00e4use<\/h2>\n<p class=\"whitespace-pre-wrap break-words\">Diese vielseitigen Werkzeuge haben ihren Weg in fast jede Branche gefunden, in der Spannung wichtig ist. Bauarbeiter verlassen sich auf sie, um die Kabelspannung in Br\u00fccken und T\u00fcrmen aufrechtzuerhalten und sicherzustellen, dass diese massiven Strukturen felsenfest bleiben. Auf dem Wasser vertrauen Segler auf sie, um ihre Takelage straff und reaktionsschnell zu halten und sie den Wetterbedingungen anzupassen.<\/p>\n<p class=\"whitespace-pre-wrap break-words\">Selbst in Hightech-Bereichen wie der Automobil- und Luftfahrtindustrie spielen Spannschl\u00f6sser mit geschlossenem Geh\u00e4use eine entscheidende Rolle. Sie sind f\u00fcr die Befestigung von Bauteilen und die Aufrechterhaltung einer pr\u00e4zisen Spannung in verschiedenen mechanischen Systemen unerl\u00e4sslich.<\/p>\n<p class=\"whitespace-pre-wrap break-words\">Auch die Heimwerkergemeinde hat sie f\u00fcr sich entdeckt. Ganz gleich, ob Sie eine Drahtbalustrade f\u00fcr Ihre Terrasse anbringen oder ein Gartenspaliersystem installieren, diese Spannschl\u00f6sser bieten die Zuverl\u00e4ssigkeit eines Profis, die daf\u00fcr sorgt, dass Ihr Projekt den Test der Zeit besteht.<\/p>\n<h2 class=\"text-xl font-bold text-text-200 mt-1 -mb-0.5\">Warum uns w\u00e4hlen<\/h2>\n<p class=\"whitespace-pre-wrap break-words\">Wir haben uns den Ruf erworben, Spannschl\u00f6sser zu liefern, die die Erwartungen immer wieder \u00fcbertreffen. Unsere Produktpalette deckt alle denkbaren Spezifikationen ab, damit Sie genau das finden, was Ihr Projekt erfordert. Was uns jedoch wirklich von anderen unterscheidet, ist unser praktischer Ansatz beim Kundenservice.<\/p>\n<p class=\"whitespace-pre-wrap break-words\">Wenn Sie mit uns zusammenarbeiten, erhalten Sie mehr als nur hochwertige Spannschl\u00f6sser. Sie erhalten einen Partner, der Ihre Bed\u00fcrfnisse versteht und schnell auf Ihre Anfragen reagiert. Wir wissen, dass das Warten auf Teile ein Projekt zum Stillstand bringen kann. Deshalb haben wir unser Liefersystem optimiert, damit Sie bekommen, was Sie brauchen, wenn Sie es brauchen.<\/p>\n<p class=\"whitespace-pre-wrap break-words\">Jedes von uns ausgelieferte Spannschloss wird von umfassenden Qualit\u00e4tspr\u00fcfungsberichten begleitet. Wir unterziehen unsere Produkte strengen Tests, weil wir wissen, dass bei Ihrer Arbeit Versagen keine Option ist.<\/p>\n<h2 class=\"text-2xl font-bold mt-1 text-text-200\">Schlussfolgerung<\/h2>\n<p class=\"whitespace-pre-wrap break-words\">Die Wahl des richtigen Spannschlosses kann \u00fcber Erfolg oder Misserfolg eines Projekts entscheiden. Das geschlossene Design bietet ein zus\u00e4tzliches Ma\u00df an Schutz und Zuverl\u00e4ssigkeit, so dass sich die Investition lohnt. Ob Sie ein Geb\u00e4ude hochziehen oder ein Segelboot auftakeln, Sie brauchen eine Ausr\u00fcstung, auf die Sie sich verlassen k\u00f6nnen. Wenn Sie mit uns zusammenarbeiten, erhalten Sie nicht nur erstklassige Produkte, sondern auch den entsprechenden Support und Service. Gehen Sie keine Kompromisse bei der Qualit\u00e4t ein - entscheiden Sie sich f\u00fcr Spannschl\u00f6sser, die halten, was sie versprechen.<\/p>","protected":false},"excerpt":{"rendered":"<p>Das geschlossene Spannschloss ist ein starkes und anpassungsf\u00e4higes Ger\u00e4t, das f\u00fcr die Spannungseinstellung von Kabeln, Seilen oder Takelagekonfigurationen verwendet wird. Dieses f\u00fcr St\u00e4rke und Pr\u00e4zision konstruierte Spannschloss kann f\u00fcr viele Zwecke eingesetzt werden, vom Heimwerker bis hin zu industriellen Anwendungen. Unser Unternehmen bietet einen un\u00fcbertroffenen Vorteil mit pers\u00f6nlichem Kundenservice, schnellen Lieferzyklen und detaillierten Qualit\u00e4tspr\u00fcfungsberichten, um zu garantieren, dass jedes Produkt von h\u00f6chstm\u00f6glicher Qualit\u00e4t ist. Verlassen Sie sich auf uns, wenn Sie zuverl\u00e4ssige L\u00f6sungen f\u00fcr Ihren Bedarf an Spannschl\u00f6ssern mit unvergleichlicher Effizienz und Qualit\u00e4t ben\u00f6tigen.<\/p>","protected":false},"featured_media":4552,"comment_status":"open","ping_status":"closed","template":"","meta":{"site-sidebar-layout":"default","site-content-layout":"default","ast-site-content-layout":"default","site-content-style":"default","site-sidebar-style":"default","ast-global-header-display":"","ast-banner-title-visibility":"","ast-main-header-display":"","ast-hfb-above-header-display":"","ast-hfb-below-header-display":"","ast-hfb-mobile-header-display":"","site-post-title":"","ast-breadcrumbs-content":"","ast-featured-img":"","footer-sml-layout":"","theme-transparent-header-meta":"default","adv-header-id-meta":"","stick-header-meta":"default","header-above-stick-meta":"","header-main-stick-meta":"","header-below-stick-meta":"","astra-migrate-meta-layouts":"set","ast-page-background-enabled":"default","ast-page-background-meta":{"desktop":{"background-color":"","background-image":"","background-repeat":"repeat","background-position":"center center","background-size":"auto","background-attachment":"scroll","background-type":"","background-media":"","overlay-type":"","overlay-color":"","overlay-opacity":"","overlay-gradient":""},"tablet":{"background-color":"","background-image":"","background-repeat":"repeat","background-position":"center center","background-size":"auto","background-attachment":"scroll","background-type":"","background-media":"","overlay-type":"","overlay-color":"","overlay-opacity":"","overlay-gradient":""},"mobile":{"background-color":"","background-image":"","background-repeat":"repeat","background-position":"center center","background-size":"auto","background-attachment":"scroll","background-type":"","background-media":"","overlay-type":"","overlay-color":"","overlay-opacity":"","overlay-gradient":""}},"ast-content-background-meta":{"desktop":{"background-color":"var(--ast-global-color-5)","background-image":"","background-repeat":"repeat","background-position":"center center","background-size":"auto","background-attachment":"scroll","background-type":"","background-media":"","overlay-type":"","overlay-color":"","overlay-opacity":"","overlay-gradient":""},"tablet":{"background-color":"var(--ast-global-color-5)","background-image":"","background-repeat":"repeat","background-position":"center center","background-size":"auto","background-attachment":"scroll","background-type":"","background-media":"","overlay-type":"","overlay-color":"","overlay-opacity":"","overlay-gradient":""},"mobile":{"background-color":"var(--ast-global-color-5)","background-image":"","background-repeat":"repeat","background-position":"center center","background-size":"auto","background-attachment":"scroll","background-type":"","background-media":"","overlay-type":"","overlay-color":"","overlay-opacity":"","overlay-gradient":""}}},"product_brand":[],"product_cat":[56,43,44],"product_tag":[],"class_list":{"0":"post-4551","1":"product","2":"type-product","3":"status-publish","4":"has-post-thumbnail","6":"product_cat-turnbuckle","7":"product_cat-rigging-hardware","8":"product_cat-stainless-steel-poduct","9":"desktop-align-left","10":"tablet-align-left","11":"mobile-align-left","12":"ast-product-gallery-layout-horizontal-slider","13":"ast-product-tabs-layout-horizontal","15":"first","16":"instock","17":"shipping-taxable","18":"purchasable","19":"product-type-simple"},"yoast_head":"<!-- This site is optimized with the Yoast SEO plugin v25.2 - https:\/\/yoast.com\/wordpress\/plugins\/seo\/ -->\n<title>Closed Body Turnbuckle<\/title>\n<meta name=\"description\" content=\"A closed body turnbuckle is a mechanical device used to adjust tension or length in a system by utilizing the principle of a screw mechanism.\" \/>\n<meta name=\"robots\" content=\"index, follow, max-snippet:-1, max-image-preview:large, max-video-preview:-1\" \/>\n<link rel=\"canonical\" href=\"https:\/\/qingdaohf.com\/de\/produkt\/geschlossenes-spannschloss\/\" \/>\n<meta property=\"og:locale\" content=\"de_DE\" \/>\n<meta property=\"og:type\" content=\"article\" \/>\n<meta property=\"og:title\" content=\"Closed Body Turnbuckle\" \/>\n<meta property=\"og:description\" content=\"A closed body turnbuckle is a mechanical device used to adjust tension or length in a system by utilizing the principle of a screw mechanism.\" \/>\n<meta property=\"og:url\" content=\"https:\/\/qingdaohf.com\/de\/produkt\/geschlossenes-spannschloss\/\" \/>\n<meta property=\"og:site_name\" content=\"Concrete Form &amp; Rigging Hardware Supplier\" \/>\n<meta property=\"article:publisher\" content=\"https:\/\/www.facebook.com\/qingdaohf\" \/>\n<meta property=\"article:modified_time\" content=\"2025-11-13T01:04:03+00:00\" \/>\n<meta property=\"og:image\" content=\"https:\/\/qingdaohf.com\/wp-content\/uploads\/2023\/06\/turnbuckle-9.jpg\" \/>\n\t<meta property=\"og:image:width\" content=\"1000\" \/>\n\t<meta property=\"og:image:height\" content=\"1000\" \/>\n\t<meta property=\"og:image:type\" content=\"image\/jpeg\" \/>\n<meta name=\"twitter:card\" content=\"summary_large_image\" \/>\n<meta name=\"twitter:label1\" content=\"Gesch\u00e4tzte Lesezeit\" \/>\n\t<meta name=\"twitter:data1\" content=\"3\u00a0Minuten\" \/>\n<script type=\"application\/ld+json\" class=\"yoast-schema-graph\">{\"@context\":\"https:\/\/schema.org\",\"@graph\":[{\"@type\":\"WebPage\",\"@id\":\"https:\/\/qingdaohf.com\/product\/closed-body-turnbuckle\/\",\"url\":\"https:\/\/qingdaohf.com\/product\/closed-body-turnbuckle\/\",\"name\":\"Closed Body Turnbuckle\",\"isPartOf\":{\"@id\":\"https:\/\/qingdaohf.com\/bg\/#website\"},\"primaryImageOfPage\":{\"@id\":\"https:\/\/qingdaohf.com\/product\/closed-body-turnbuckle\/#primaryimage\"},\"image\":{\"@id\":\"https:\/\/qingdaohf.com\/product\/closed-body-turnbuckle\/#primaryimage\"},\"thumbnailUrl\":\"https:\/\/qingdaohf.com\/wp-content\/uploads\/2023\/06\/turnbuckle-9.jpg\",\"datePublished\":\"2023-06-25T09:55:26+00:00\",\"dateModified\":\"2025-11-13T01:04:03+00:00\",\"description\":\"A closed body turnbuckle is a mechanical device used to adjust tension or length in a system by utilizing the principle of a screw mechanism.\",\"breadcrumb\":{\"@id\":\"https:\/\/qingdaohf.com\/product\/closed-body-turnbuckle\/#breadcrumb\"},\"inLanguage\":\"de\",\"potentialAction\":[{\"@type\":\"ReadAction\",\"target\":[\"https:\/\/qingdaohf.com\/product\/closed-body-turnbuckle\/\"]}]},{\"@type\":\"ImageObject\",\"inLanguage\":\"de\",\"@id\":\"https:\/\/qingdaohf.com\/product\/closed-body-turnbuckle\/#primaryimage\",\"url\":\"https:\/\/qingdaohf.com\/wp-content\/uploads\/2023\/06\/turnbuckle-9.jpg\",\"contentUrl\":\"https:\/\/qingdaohf.com\/wp-content\/uploads\/2023\/06\/turnbuckle-9.jpg\",\"width\":1000,\"height\":1000,\"caption\":\"turnbuckle\"},{\"@type\":\"BreadcrumbList\",\"@id\":\"https:\/\/qingdaohf.com\/product\/closed-body-turnbuckle\/#breadcrumb\",\"itemListElement\":[{\"@type\":\"ListItem\",\"position\":1,\"name\":\"Home\",\"item\":\"https:\/\/qingdaohf.com\/\"},{\"@type\":\"ListItem\",\"position\":2,\"name\":\"Concrete Forming Accessories and Rigging Hardware\",\"item\":\"https:\/\/qingdaohf.com\/bg\/?page_id=944\"},{\"@type\":\"ListItem\",\"position\":3,\"name\":\"Closed Body Turnbuckle\"}]},{\"@type\":\"WebSite\",\"@id\":\"https:\/\/qingdaohf.com\/bg\/#website\",\"url\":\"https:\/\/qingdaohf.com\/bg\/\",\"name\":\"Concrete Form & Rigging Hardware Supplier\",\"description\":\"\",\"publisher\":{\"@id\":\"https:\/\/qingdaohf.com\/bg\/#organization\"},\"potentialAction\":[{\"@type\":\"SearchAction\",\"target\":{\"@type\":\"EntryPoint\",\"urlTemplate\":\"https:\/\/qingdaohf.com\/bg\/?s={search_term_string}\"},\"query-input\":{\"@type\":\"PropertyValueSpecification\",\"valueRequired\":true,\"valueName\":\"search_term_string\"}}],\"inLanguage\":\"de\"},{\"@type\":\"Organization\",\"@id\":\"https:\/\/qingdaohf.com\/bg\/#organization\",\"name\":\"Qingdao H&F\",\"url\":\"https:\/\/qingdaohf.com\/bg\/\",\"logo\":{\"@type\":\"ImageObject\",\"inLanguage\":\"de\",\"@id\":\"https:\/\/qingdaohf.com\/bg\/#\/schema\/logo\/image\/\",\"url\":\"https:\/\/qingdaohf.com\/wp-content\/uploads\/2022\/12\/cropped-HF-LOGO.png\",\"contentUrl\":\"https:\/\/qingdaohf.com\/wp-content\/uploads\/2022\/12\/cropped-HF-LOGO.png\",\"width\":391,\"height\":249,\"caption\":\"Qingdao H&F\"},\"image\":{\"@id\":\"https:\/\/qingdaohf.com\/bg\/#\/schema\/logo\/image\/\"},\"sameAs\":[\"https:\/\/www.facebook.com\/qingdaohf\"]}]}<\/script>\n<!-- \/ Yoast SEO plugin. -->","yoast_head_json":{"title":"Closed Body Turnbuckle","description":"A closed body turnbuckle is a mechanical device used to adjust tension or length in a system by utilizing the principle of a screw mechanism.","robots":{"index":"index","follow":"follow","max-snippet":"max-snippet:-1","max-image-preview":"max-image-preview:large","max-video-preview":"max-video-preview:-1"},"canonical":"https:\/\/qingdaohf.com\/de\/produkt\/geschlossenes-spannschloss\/","og_locale":"de_DE","og_type":"article","og_title":"Closed Body Turnbuckle","og_description":"A closed body turnbuckle is a mechanical device used to adjust tension or length in a system by utilizing the principle of a screw mechanism.","og_url":"https:\/\/qingdaohf.com\/de\/produkt\/geschlossenes-spannschloss\/","og_site_name":"Concrete Form &amp; Rigging Hardware Supplier","article_publisher":"https:\/\/www.facebook.com\/qingdaohf","article_modified_time":"2025-11-13T01:04:03+00:00","og_image":[{"width":1000,"height":1000,"url":"https:\/\/qingdaohf.com\/wp-content\/uploads\/2023\/06\/turnbuckle-9.jpg","type":"image\/jpeg"}],"twitter_card":"summary_large_image","twitter_misc":{"Gesch\u00e4tzte Lesezeit":"3\u00a0Minuten"},"schema":{"@context":"https:\/\/schema.org","@graph":[{"@type":"WebPage","@id":"https:\/\/qingdaohf.com\/product\/closed-body-turnbuckle\/","url":"https:\/\/qingdaohf.com\/product\/closed-body-turnbuckle\/","name":"Closed Body Turnbuckle","isPartOf":{"@id":"https:\/\/qingdaohf.com\/bg\/#website"},"primaryImageOfPage":{"@id":"https:\/\/qingdaohf.com\/product\/closed-body-turnbuckle\/#primaryimage"},"image":{"@id":"https:\/\/qingdaohf.com\/product\/closed-body-turnbuckle\/#primaryimage"},"thumbnailUrl":"https:\/\/qingdaohf.com\/wp-content\/uploads\/2023\/06\/turnbuckle-9.jpg","datePublished":"2023-06-25T09:55:26+00:00","dateModified":"2025-11-13T01:04:03+00:00","description":"A closed body turnbuckle is a mechanical device used to adjust tension or length in a system by utilizing the principle of a screw mechanism.","breadcrumb":{"@id":"https:\/\/qingdaohf.com\/product\/closed-body-turnbuckle\/#breadcrumb"},"inLanguage":"de","potentialAction":[{"@type":"ReadAction","target":["https:\/\/qingdaohf.com\/product\/closed-body-turnbuckle\/"]}]},{"@type":"ImageObject","inLanguage":"de","@id":"https:\/\/qingdaohf.com\/product\/closed-body-turnbuckle\/#primaryimage","url":"https:\/\/qingdaohf.com\/wp-content\/uploads\/2023\/06\/turnbuckle-9.jpg","contentUrl":"https:\/\/qingdaohf.com\/wp-content\/uploads\/2023\/06\/turnbuckle-9.jpg","width":1000,"height":1000,"caption":"turnbuckle"},{"@type":"BreadcrumbList","@id":"https:\/\/qingdaohf.com\/product\/closed-body-turnbuckle\/#breadcrumb","itemListElement":[{"@type":"ListItem","position":1,"name":"Home","item":"https:\/\/qingdaohf.com\/"},{"@type":"ListItem","position":2,"name":"Concrete Forming Accessories and Rigging Hardware","item":"https:\/\/qingdaohf.com\/bg\/?page_id=944"},{"@type":"ListItem","position":3,"name":"Closed Body Turnbuckle"}]},{"@type":"WebSite","@id":"https:\/\/qingdaohf.com\/bg\/#website","url":"https:\/\/qingdaohf.com\/bg\/","name":"Concrete Form & Rigging Hardware Supplier","description":"","publisher":{"@id":"https:\/\/qingdaohf.com\/bg\/#organization"},"potentialAction":[{"@type":"SearchAction","target":{"@type":"EntryPoint","urlTemplate":"https:\/\/qingdaohf.com\/bg\/?s={search_term_string}"},"query-input":{"@type":"PropertyValueSpecification","valueRequired":true,"valueName":"search_term_string"}}],"inLanguage":"de"},{"@type":"Organization","@id":"https:\/\/qingdaohf.com\/bg\/#organization","name":"Qingdao H&F","url":"https:\/\/qingdaohf.com\/bg\/","logo":{"@type":"ImageObject","inLanguage":"de","@id":"https:\/\/qingdaohf.com\/bg\/#\/schema\/logo\/image\/","url":"https:\/\/qingdaohf.com\/wp-content\/uploads\/2022\/12\/cropped-HF-LOGO.png","contentUrl":"https:\/\/qingdaohf.com\/wp-content\/uploads\/2022\/12\/cropped-HF-LOGO.png","width":391,"height":249,"caption":"Qingdao H&F"},"image":{"@id":"https:\/\/qingdaohf.com\/bg\/#\/schema\/logo\/image\/"},"sameAs":["https:\/\/www.facebook.com\/qingdaohf"]}]}},"_links":{"self":[{"href":"https:\/\/qingdaohf.com\/de\/wp-json\/wp\/v2\/product\/4551","targetHints":{"allow":["GET"]}}],"collection":[{"href":"https:\/\/qingdaohf.com\/de\/wp-json\/wp\/v2\/product"}],"about":[{"href":"https:\/\/qingdaohf.com\/de\/wp-json\/wp\/v2\/types\/product"}],"replies":[{"embeddable":true,"href":"https:\/\/qingdaohf.com\/de\/wp-json\/wp\/v2\/comments?post=4551"}],"version-history":[{"count":4,"href":"https:\/\/qingdaohf.com\/de\/wp-json\/wp\/v2\/product\/4551\/revisions"}],"predecessor-version":[{"id":8981,"href":"https:\/\/qingdaohf.com\/de\/wp-json\/wp\/v2\/product\/4551\/revisions\/8981"}],"wp:featuredmedia":[{"embeddable":true,"href":"https:\/\/qingdaohf.com\/de\/wp-json\/wp\/v2\/media\/4552"}],"wp:attachment":[{"href":"https:\/\/qingdaohf.com\/de\/wp-json\/wp\/v2\/media?parent=4551"}],"wp:term":[{"taxonomy":"product_brand","embeddable":true,"href":"https:\/\/qingdaohf.com\/de\/wp-json\/wp\/v2\/product_brand?post=4551"},{"taxonomy":"product_cat","embeddable":true,"href":"https:\/\/qingdaohf.com\/de\/wp-json\/wp\/v2\/product_cat?post=4551"},{"taxonomy":"product_tag","embeddable":true,"href":"https:\/\/qingdaohf.com\/de\/wp-json\/wp\/v2\/product_tag?post=4551"}],"curies":[{"name":"wp","href":"https:\/\/api.w.org\/{rel}","templated":true}]}}