{"id":5473,"date":"2023-10-23T14:14:46","date_gmt":"2023-10-23T06:14:46","guid":{"rendered":"http:\/\/qingdaohf.com\/?post_type=product&#038;p=5473"},"modified":"2025-11-13T09:04:02","modified_gmt":"2025-11-13T01:04:02","slug":"webbing-sling-oem","status":"publish","type":"product","link":"https:\/\/qingdaohf.com\/de\/produkt\/gurtbandschlinge-oem\/","title":{"rendered":"Gurtbandschlinge OEM"},"content":{"rendered":"<p><img fetchpriority=\"high\" decoding=\"async\" class=\"alignnone wp-image-5962 size-full\" src=\"http:\/\/qingdaohf.com\/wp-content\/uploads\/2023\/10\/HF-SLINGS-1-scaled.jpg\" alt=\"HF-SCHLINGEN \" width=\"1686\" height=\"1920\" srcset=\"https:\/\/qingdaohf.com\/wp-content\/uploads\/2023\/10\/HF-SLINGS-1-scaled.jpg 1686w, https:\/\/qingdaohf.com\/wp-content\/uploads\/2023\/10\/HF-SLINGS-1-264x300.jpg 264w, https:\/\/qingdaohf.com\/wp-content\/uploads\/2023\/10\/HF-SLINGS-1-899x1024.jpg 899w, https:\/\/qingdaohf.com\/wp-content\/uploads\/2023\/10\/HF-SLINGS-1-768x874.jpg 768w, https:\/\/qingdaohf.com\/wp-content\/uploads\/2023\/10\/HF-SLINGS-1-1349x1536.jpg 1349w, https:\/\/qingdaohf.com\/wp-content\/uploads\/2023\/10\/HF-SLINGS-1-1799x2048.jpg 1799w, https:\/\/qingdaohf.com\/wp-content\/uploads\/2023\/10\/HF-SLINGS-1-1000x1139.jpg 1000w\" sizes=\"(max-width: 1686px) 100vw, 1686px\" \/><\/p>\n<h3><strong>Qualit\u00e4tssicherung:<\/strong><\/h3>\n<p>H\u00f6chste Qualit\u00e4t von Gurtbandschlingen ist f\u00fcr die Sicherheit und Zuverl\u00e4ssigkeit bei verschiedenen Anwendungen von gr\u00f6\u00dfter Bedeutung.<\/p>\n<p>L\u00f6sung: Einf\u00fchrung strenger Qualit\u00e4tskontrollverfahren, einschlie\u00dflich Materialpr\u00fcfungen, Produktionskontrollen und Zertifizierungen durch Dritte.<\/p>\n<h3><strong>Anpassungsoptionen:<\/strong><\/h3>\n<p>Problem: Ma\u00dfgeschneiderte L\u00f6sungen sind unerl\u00e4sslich, um spezifische Projektanforderungen und Industriestandards zu erf\u00fcllen.<\/p>\n<p>L\u00f6sung: Bieten Sie eine breite Palette von Anpassungsoptionen an, einschlie\u00dflich Gr\u00f6\u00dfe, L\u00e4nge, Tragf\u00e4higkeit und Farbcodierung, um unterschiedliche Kundenanforderungen zu erf\u00fcllen.<\/p>\n<h3><strong>Wettbewerbsf\u00e4higkeit bei den Kosten:<\/strong><\/h3>\n<p>Problem: Das richtige Gleichgewicht zwischen Qualit\u00e4t und Kosten ist entscheidend f\u00fcr die Erhaltung der Wettbewerbsf\u00e4higkeit auf dem Markt.<\/p>\n<p>L\u00f6sung: Optimieren Sie Ihre Fertigungsprozesse, verhandeln Sie mit Ihren Zulieferern und nutzen Sie Skaleneffekte, um kosteneffiziente OEM-L\u00f6sungen f\u00fcr Bandschlingen anzubieten.<\/p>\n<h3><strong>Rechtzeitige Lieferung:<\/strong><\/h3>\n<p>Problem: Die Einhaltung von Projektterminen ist von entscheidender Bedeutung; Verz\u00f6gerungen bei der Lieferung k\u00f6nnen den Betrieb st\u00f6ren und die Kundenzufriedenheit beeintr\u00e4chtigen.<\/p>\n<p>Die L\u00f6sung: Rationalisierung der Produktionspl\u00e4ne, Aufrechterhaltung eines ausreichenden Lagerbestands und Einrichtung einer effizienten Logistik, um eine p\u00fcnktliche Lieferung zu gew\u00e4hrleisten.<\/p>\n<h3><strong>Innovation und Technologie:<\/strong><\/h3>\n<p>Thema: Um innovative L\u00f6sungen anbieten zu k\u00f6nnen, ist es unerl\u00e4sslich, an der Spitze des technologischen Fortschritts und der Brancheninnovationen zu stehen.<\/p>\n<p>Die L\u00f6sung: Investieren Sie in Forschung und Entwicklung, arbeiten Sie mit Branchenexperten zusammen und verbessern Sie kontinuierlich die Fertigungsprozesse, um die neuesten Technologien zu integrieren.<\/p>\n<h3><strong>\u00d6kologische Nachhaltigkeit:<\/strong><\/h3>\n<p>Thema: Die zunehmende Bedeutung nachhaltiger Praktiken erfordert eine Verpflichtung zu umweltfreundlichen Herstellungsverfahren und Materialien.<\/p>\n<p>L\u00f6sung: F\u00fchren Sie umweltvertr\u00e4gliche Beschaffungs-, Herstellungs- und Entsorgungspraktiken ein und lassen Sie sich entsprechend zertifizieren, um Ihr Engagement f\u00fcr Nachhaltigkeit zu demonstrieren.<\/p>\n<p>&nbsp;<\/p>\n<h2><strong>Wie unser Unternehmen den OEM-Bedarf an Hebegurten erf\u00fcllt:<\/strong><\/h2>\n<p>Unser Unternehmen unterst\u00fctzt OEM- und ODM-Dienstleistungen. Treffen Sie jeden Bedarf, den Sie ben\u00f6tigen.<\/p>\n<h3><strong>Strenge Qualit\u00e4tskontrolle:<\/strong><\/h3>\n<p>Unser Unternehmen h\u00e4lt sich an strenge Qualit\u00e4tskontrollprozesse, f\u00fchrt gr\u00fcndliche Material- und Prozesskontrollen durch und l\u00e4sst sich von anerkannten Drittorganisationen zertifizieren.<\/p>\n<h3><strong>Vielseitige Anpassungsm\u00f6glichkeiten:<\/strong><\/h3>\n<p>Wir bieten eine breite Palette von Anpassungsm\u00f6glichkeiten, die es unseren Kunden erm\u00f6glichen, Abmessungen, Tragf\u00e4higkeiten und andere Parameter zu spezifizieren, um sicherzustellen, dass unsere Gurtb\u00e4nder perfekt auf ihre individuellen Anforderungen abgestimmt sind.<\/p>\n<h3><strong>Kosteneffiziente L\u00f6sungen:<\/strong><\/h3>\n<p>Durch strategische Verhandlungen mit Lieferanten, Prozessoptimierung und die Nutzung von Gr\u00f6\u00dfenvorteilen bieten wir durchg\u00e4ngig kosteng\u00fcnstige OEM-L\u00f6sungen f\u00fcr Bandschlingen an, ohne Kompromisse bei der Qualit\u00e4t einzugehen.<\/p>\n<h3><strong>P\u00fcnktliche und zuverl\u00e4ssige Lieferung:<\/strong><\/h3>\n<p>Unsere straffen Produktionspl\u00e4ne, unser umfassendes Bestandsmanagement und unsere effiziente Logistik sorgen daf\u00fcr, dass unsere Kunden ihre Bandschlingenbestellungen p\u00fcnktlich erhalten und tragen so zum Erfolg ihrer Projekte bei.<\/p>\n<h3><strong>Engagement f\u00fcr Innovation:<\/strong><\/h3>\n<p>Unser Unternehmen legt gro\u00dfen Wert auf Innovation, indem wir in Forschung und Entwicklung investieren, mit Branchenexperten zusammenarbeiten und unsere Herstellungsverfahren regelm\u00e4\u00dfig aktualisieren, um die neuesten technologischen Fortschritte zu ber\u00fccksichtigen.<\/p>\n<h3><strong>Verantwortung f\u00fcr die Umwelt:<\/strong><\/h3>\n<p>Wir setzen uns f\u00fcr \u00f6kologische Nachhaltigkeit ein, indem wir umweltfreundliche Beschaffungspraktiken anwenden, umweltfreundliche Herstellungsverfahren implementieren und entsprechende Zertifizierungen erhalten, um unser Engagement f\u00fcr eine gr\u00fcnere Zukunft zu demonstrieren.<\/p>\n<h3><strong>Rechtzeitige Lieferung:<\/strong><\/h3>\n<p>Die Website unterstreicht unser Engagement f\u00fcr termingerechte Lieferungen durch effiziente Produktionsplanung, Bestandsmanagement und ein zuverl\u00e4ssiges Logistiknetz und zeigt Beispiele f\u00fcr die erfolgreiche Einhaltung enger Projektfristen.<\/p>\n<h3><strong>Innovation und Technologie:<\/strong><\/h3>\n<p>Die Website wird unser Engagement f\u00fcr Innovation zeigen und unsere Investitionen in Forschung und Entwicklung, die Zusammenarbeit mit Branchenexperten und die regelm\u00e4\u00dfigen Aktualisierungen unserer Herstellungsverfahren zur Einbeziehung der neuesten Technologien erl\u00e4utern.<\/p>\n<h3><strong>\u00d6kologische Nachhaltigkeit:<\/strong><\/h3>\n<p>Unser Engagement f\u00fcr den Umweltschutz wird auf der Website hervorgehoben, wobei unsere umweltfreundlichen Beschaffungspraktiken, umweltfreundlichen Herstellungsverfahren und Zertifizierungen, die wir erhalten haben, um unser Engagement f\u00fcr die Nachhaltigkeit zu demonstrieren, ausf\u00fchrlich dargestellt werden.<\/p>\n<p>Indem wir uns mit diesen kritischen Fragen auseinandersetzen und unsere L\u00f6sungen auf der Website transparent darstellen, wird unser Unternehmen seine F\u00e4higkeit, die Bed\u00fcrfnisse der OEM-K\u00e4ufer von Hebeb\u00e4ndern zu erf\u00fcllen, wirksam demonstrieren.<\/p>","protected":false},"excerpt":{"rendered":"<p>Mit unseren OEM-Dienstleistungen k\u00f6nnen Sie die Tragf\u00e4higkeit, L\u00e4nge, Breite, das Material, die Farbcodierung und alle anderen wichtigen Parameter genau festlegen. Wir arbeiten eng mit Ihnen zusammen, um sicherzustellen, dass die von uns gelieferten Hebeb\u00e4nder perfekt auf die von Ihnen gew\u00fcnschte Anwendung abgestimmt sind. Ganz gleich, ob Sie eine industrielle Schwerlastschlinge oder eine Speziall\u00f6sung ben\u00f6tigen, wir k\u00f6nnen unsere Produkte entsprechend anpassen.<\/p>","protected":false},"featured_media":5232,"comment_status":"open","ping_status":"closed","template":"","meta":{"site-sidebar-layout":"default","site-content-layout":"","ast-site-content-layout":"default","site-content-style":"default","site-sidebar-style":"default","ast-global-header-display":"","ast-banner-title-visibility":"","ast-main-header-display":"","ast-hfb-above-header-display":"","ast-hfb-below-header-display":"","ast-hfb-mobile-header-display":"","site-post-title":"","ast-breadcrumbs-content":"","ast-featured-img":"","footer-sml-layout":"","theme-transparent-header-meta":"default","adv-header-id-meta":"","stick-header-meta":"default","header-above-stick-meta":"","header-main-stick-meta":"","header-below-stick-meta":"","astra-migrate-meta-layouts":"set","ast-page-background-enabled":"default","ast-page-background-meta":{"desktop":{"background-color":"","background-image":"","background-repeat":"repeat","background-position":"center center","background-size":"auto","background-attachment":"scroll","background-type":"","background-media":"","overlay-type":"","overlay-color":"","overlay-opacity":"","overlay-gradient":""},"tablet":{"background-color":"","background-image":"","background-repeat":"repeat","background-position":"center center","background-size":"auto","background-attachment":"scroll","background-type":"","background-media":"","overlay-type":"","overlay-color":"","overlay-opacity":"","overlay-gradient":""},"mobile":{"background-color":"","background-image":"","background-repeat":"repeat","background-position":"center center","background-size":"auto","background-attachment":"scroll","background-type":"","background-media":"","overlay-type":"","overlay-color":"","overlay-opacity":"","overlay-gradient":""}},"ast-content-background-meta":{"desktop":{"background-color":"var(--ast-global-color-5)","background-image":"","background-repeat":"repeat","background-position":"center center","background-size":"auto","background-attachment":"scroll","background-type":"","background-media":"","overlay-type":"","overlay-color":"","overlay-opacity":"","overlay-gradient":""},"tablet":{"background-color":"var(--ast-global-color-5)","background-image":"","background-repeat":"repeat","background-position":"center center","background-size":"auto","background-attachment":"scroll","background-type":"","background-media":"","overlay-type":"","overlay-color":"","overlay-opacity":"","overlay-gradient":""},"mobile":{"background-color":"var(--ast-global-color-5)","background-image":"","background-repeat":"repeat","background-position":"center center","background-size":"auto","background-attachment":"scroll","background-type":"","background-media":"","overlay-type":"","overlay-color":"","overlay-opacity":"","overlay-gradient":""}}},"product_brand":[],"product_cat":[51,39],"product_tag":[],"class_list":{"0":"post-5473","1":"product","2":"type-product","3":"status-publish","4":"has-post-thumbnail","6":"product_cat-riggging-hardware","7":"product_cat-webbing-sling","8":"desktop-align-left","9":"tablet-align-left","10":"mobile-align-left","11":"ast-product-gallery-layout-horizontal-slider","12":"ast-product-tabs-layout-horizontal","14":"first","15":"instock","16":"shipping-taxable","17":"purchasable","18":"product-type-simple"},"yoast_head":"<!-- This site is optimized with the Yoast SEO plugin v25.2 - https:\/\/yoast.com\/wordpress\/plugins\/seo\/ -->\n<title>Webbing Sling OEM<\/title>\n<meta name=\"description\" content=\"Our OEM services allow you to define the precise load capacity, length, width, material, color coding, and any other essential parameters.\" \/>\n<meta name=\"robots\" content=\"index, follow, max-snippet:-1, max-image-preview:large, max-video-preview:-1\" \/>\n<link rel=\"canonical\" href=\"https:\/\/qingdaohf.com\/de\/produkt\/gurtbandschlinge-oem\/\" \/>\n<meta property=\"og:locale\" content=\"de_DE\" \/>\n<meta property=\"og:type\" content=\"article\" \/>\n<meta property=\"og:title\" content=\"Webbing Sling OEM\" \/>\n<meta property=\"og:description\" content=\"Our OEM services allow you to define the precise load capacity, length, width, material, color coding, and any other essential parameters.\" \/>\n<meta property=\"og:url\" content=\"https:\/\/qingdaohf.com\/de\/produkt\/gurtbandschlinge-oem\/\" \/>\n<meta property=\"og:site_name\" content=\"Concrete Form &amp; Rigging Hardware Supplier\" \/>\n<meta property=\"article:publisher\" content=\"https:\/\/www.facebook.com\/qingdaohf\" \/>\n<meta property=\"article:modified_time\" content=\"2025-11-13T01:04:02+00:00\" \/>\n<meta property=\"og:image\" content=\"https:\/\/qingdaohf.com\/wp-content\/uploads\/2023\/10\/sling.jpg\" \/>\n\t<meta property=\"og:image:width\" content=\"1019\" \/>\n\t<meta property=\"og:image:height\" content=\"563\" \/>\n\t<meta property=\"og:image:type\" content=\"image\/jpeg\" \/>\n<meta name=\"twitter:card\" content=\"summary_large_image\" \/>\n<meta name=\"twitter:label1\" content=\"Gesch\u00e4tzte Lesezeit\" \/>\n\t<meta name=\"twitter:data1\" content=\"3\u00a0Minuten\" \/>\n<script type=\"application\/ld+json\" class=\"yoast-schema-graph\">{\"@context\":\"https:\/\/schema.org\",\"@graph\":[{\"@type\":\"WebPage\",\"@id\":\"https:\/\/qingdaohf.com\/product\/webbing-sling-oem\/\",\"url\":\"https:\/\/qingdaohf.com\/product\/webbing-sling-oem\/\",\"name\":\"Webbing Sling OEM\",\"isPartOf\":{\"@id\":\"https:\/\/qingdaohf.com\/bg\/#website\"},\"primaryImageOfPage\":{\"@id\":\"https:\/\/qingdaohf.com\/product\/webbing-sling-oem\/#primaryimage\"},\"image\":{\"@id\":\"https:\/\/qingdaohf.com\/product\/webbing-sling-oem\/#primaryimage\"},\"thumbnailUrl\":\"https:\/\/qingdaohf.com\/wp-content\/uploads\/2023\/04\/webbling-sling-2-1.jpg\",\"datePublished\":\"2023-10-23T06:14:46+00:00\",\"dateModified\":\"2025-11-13T01:04:02+00:00\",\"description\":\"Our OEM services allow you to define the precise load capacity, length, width, material, color coding, and any other essential parameters.\",\"breadcrumb\":{\"@id\":\"https:\/\/qingdaohf.com\/product\/webbing-sling-oem\/#breadcrumb\"},\"inLanguage\":\"de\",\"potentialAction\":[{\"@type\":\"ReadAction\",\"target\":[\"https:\/\/qingdaohf.com\/product\/webbing-sling-oem\/\"]}]},{\"@type\":\"ImageObject\",\"inLanguage\":\"de\",\"@id\":\"https:\/\/qingdaohf.com\/product\/webbing-sling-oem\/#primaryimage\",\"url\":\"https:\/\/qingdaohf.com\/wp-content\/uploads\/2023\/04\/webbling-sling-2-1.jpg\",\"contentUrl\":\"https:\/\/qingdaohf.com\/wp-content\/uploads\/2023\/04\/webbling-sling-2-1.jpg\",\"width\":1000,\"height\":1000,\"caption\":\"webbling sling\"},{\"@type\":\"BreadcrumbList\",\"@id\":\"https:\/\/qingdaohf.com\/product\/webbing-sling-oem\/#breadcrumb\",\"itemListElement\":[{\"@type\":\"ListItem\",\"position\":1,\"name\":\"Home\",\"item\":\"https:\/\/qingdaohf.com\/\"},{\"@type\":\"ListItem\",\"position\":2,\"name\":\"Concrete Forming Accessories and Rigging Hardware\",\"item\":\"https:\/\/qingdaohf.com\/bg\/?page_id=944\"},{\"@type\":\"ListItem\",\"position\":3,\"name\":\"Webbing Sling OEM\"}]},{\"@type\":\"WebSite\",\"@id\":\"https:\/\/qingdaohf.com\/bg\/#website\",\"url\":\"https:\/\/qingdaohf.com\/bg\/\",\"name\":\"Concrete Form & Rigging Hardware Supplier\",\"description\":\"\",\"publisher\":{\"@id\":\"https:\/\/qingdaohf.com\/bg\/#organization\"},\"potentialAction\":[{\"@type\":\"SearchAction\",\"target\":{\"@type\":\"EntryPoint\",\"urlTemplate\":\"https:\/\/qingdaohf.com\/bg\/?s={search_term_string}\"},\"query-input\":{\"@type\":\"PropertyValueSpecification\",\"valueRequired\":true,\"valueName\":\"search_term_string\"}}],\"inLanguage\":\"de\"},{\"@type\":\"Organization\",\"@id\":\"https:\/\/qingdaohf.com\/bg\/#organization\",\"name\":\"Qingdao H&F\",\"url\":\"https:\/\/qingdaohf.com\/bg\/\",\"logo\":{\"@type\":\"ImageObject\",\"inLanguage\":\"de\",\"@id\":\"https:\/\/qingdaohf.com\/bg\/#\/schema\/logo\/image\/\",\"url\":\"https:\/\/qingdaohf.com\/wp-content\/uploads\/2022\/12\/cropped-HF-LOGO.png\",\"contentUrl\":\"https:\/\/qingdaohf.com\/wp-content\/uploads\/2022\/12\/cropped-HF-LOGO.png\",\"width\":391,\"height\":249,\"caption\":\"Qingdao H&F\"},\"image\":{\"@id\":\"https:\/\/qingdaohf.com\/bg\/#\/schema\/logo\/image\/\"},\"sameAs\":[\"https:\/\/www.facebook.com\/qingdaohf\"]}]}<\/script>\n<!-- \/ Yoast SEO plugin. -->","yoast_head_json":{"title":"Webbing Sling OEM","description":"Our OEM services allow you to define the precise load capacity, length, width, material, color coding, and any other essential parameters.","robots":{"index":"index","follow":"follow","max-snippet":"max-snippet:-1","max-image-preview":"max-image-preview:large","max-video-preview":"max-video-preview:-1"},"canonical":"https:\/\/qingdaohf.com\/de\/produkt\/gurtbandschlinge-oem\/","og_locale":"de_DE","og_type":"article","og_title":"Webbing Sling OEM","og_description":"Our OEM services allow you to define the precise load capacity, length, width, material, color coding, and any other essential parameters.","og_url":"https:\/\/qingdaohf.com\/de\/produkt\/gurtbandschlinge-oem\/","og_site_name":"Concrete Form &amp; Rigging Hardware Supplier","article_publisher":"https:\/\/www.facebook.com\/qingdaohf","article_modified_time":"2025-11-13T01:04:02+00:00","og_image":[{"width":1019,"height":563,"url":"https:\/\/qingdaohf.com\/wp-content\/uploads\/2023\/10\/sling.jpg","type":"image\/jpeg"}],"twitter_card":"summary_large_image","twitter_misc":{"Gesch\u00e4tzte Lesezeit":"3\u00a0Minuten"},"schema":{"@context":"https:\/\/schema.org","@graph":[{"@type":"WebPage","@id":"https:\/\/qingdaohf.com\/product\/webbing-sling-oem\/","url":"https:\/\/qingdaohf.com\/product\/webbing-sling-oem\/","name":"Webbing Sling OEM","isPartOf":{"@id":"https:\/\/qingdaohf.com\/bg\/#website"},"primaryImageOfPage":{"@id":"https:\/\/qingdaohf.com\/product\/webbing-sling-oem\/#primaryimage"},"image":{"@id":"https:\/\/qingdaohf.com\/product\/webbing-sling-oem\/#primaryimage"},"thumbnailUrl":"https:\/\/qingdaohf.com\/wp-content\/uploads\/2023\/04\/webbling-sling-2-1.jpg","datePublished":"2023-10-23T06:14:46+00:00","dateModified":"2025-11-13T01:04:02+00:00","description":"Our OEM services allow you to define the precise load capacity, length, width, material, color coding, and any other essential parameters.","breadcrumb":{"@id":"https:\/\/qingdaohf.com\/product\/webbing-sling-oem\/#breadcrumb"},"inLanguage":"de","potentialAction":[{"@type":"ReadAction","target":["https:\/\/qingdaohf.com\/product\/webbing-sling-oem\/"]}]},{"@type":"ImageObject","inLanguage":"de","@id":"https:\/\/qingdaohf.com\/product\/webbing-sling-oem\/#primaryimage","url":"https:\/\/qingdaohf.com\/wp-content\/uploads\/2023\/04\/webbling-sling-2-1.jpg","contentUrl":"https:\/\/qingdaohf.com\/wp-content\/uploads\/2023\/04\/webbling-sling-2-1.jpg","width":1000,"height":1000,"caption":"webbling sling"},{"@type":"BreadcrumbList","@id":"https:\/\/qingdaohf.com\/product\/webbing-sling-oem\/#breadcrumb","itemListElement":[{"@type":"ListItem","position":1,"name":"Home","item":"https:\/\/qingdaohf.com\/"},{"@type":"ListItem","position":2,"name":"Concrete Forming Accessories and Rigging Hardware","item":"https:\/\/qingdaohf.com\/bg\/?page_id=944"},{"@type":"ListItem","position":3,"name":"Webbing Sling OEM"}]},{"@type":"WebSite","@id":"https:\/\/qingdaohf.com\/bg\/#website","url":"https:\/\/qingdaohf.com\/bg\/","name":"Concrete Form & Rigging Hardware Supplier","description":"","publisher":{"@id":"https:\/\/qingdaohf.com\/bg\/#organization"},"potentialAction":[{"@type":"SearchAction","target":{"@type":"EntryPoint","urlTemplate":"https:\/\/qingdaohf.com\/bg\/?s={search_term_string}"},"query-input":{"@type":"PropertyValueSpecification","valueRequired":true,"valueName":"search_term_string"}}],"inLanguage":"de"},{"@type":"Organization","@id":"https:\/\/qingdaohf.com\/bg\/#organization","name":"Qingdao H&F","url":"https:\/\/qingdaohf.com\/bg\/","logo":{"@type":"ImageObject","inLanguage":"de","@id":"https:\/\/qingdaohf.com\/bg\/#\/schema\/logo\/image\/","url":"https:\/\/qingdaohf.com\/wp-content\/uploads\/2022\/12\/cropped-HF-LOGO.png","contentUrl":"https:\/\/qingdaohf.com\/wp-content\/uploads\/2022\/12\/cropped-HF-LOGO.png","width":391,"height":249,"caption":"Qingdao H&F"},"image":{"@id":"https:\/\/qingdaohf.com\/bg\/#\/schema\/logo\/image\/"},"sameAs":["https:\/\/www.facebook.com\/qingdaohf"]}]}},"_links":{"self":[{"href":"https:\/\/qingdaohf.com\/de\/wp-json\/wp\/v2\/product\/5473","targetHints":{"allow":["GET"]}}],"collection":[{"href":"https:\/\/qingdaohf.com\/de\/wp-json\/wp\/v2\/product"}],"about":[{"href":"https:\/\/qingdaohf.com\/de\/wp-json\/wp\/v2\/types\/product"}],"replies":[{"embeddable":true,"href":"https:\/\/qingdaohf.com\/de\/wp-json\/wp\/v2\/comments?post=5473"}],"version-history":[{"count":8,"href":"https:\/\/qingdaohf.com\/de\/wp-json\/wp\/v2\/product\/5473\/revisions"}],"predecessor-version":[{"id":6943,"href":"https:\/\/qingdaohf.com\/de\/wp-json\/wp\/v2\/product\/5473\/revisions\/6943"}],"wp:featuredmedia":[{"embeddable":true,"href":"https:\/\/qingdaohf.com\/de\/wp-json\/wp\/v2\/media\/5232"}],"wp:attachment":[{"href":"https:\/\/qingdaohf.com\/de\/wp-json\/wp\/v2\/media?parent=5473"}],"wp:term":[{"taxonomy":"product_brand","embeddable":true,"href":"https:\/\/qingdaohf.com\/de\/wp-json\/wp\/v2\/product_brand?post=5473"},{"taxonomy":"product_cat","embeddable":true,"href":"https:\/\/qingdaohf.com\/de\/wp-json\/wp\/v2\/product_cat?post=5473"},{"taxonomy":"product_tag","embeddable":true,"href":"https:\/\/qingdaohf.com\/de\/wp-json\/wp\/v2\/product_tag?post=5473"}],"curies":[{"name":"wp","href":"https:\/\/api.w.org\/{rel}","templated":true}]}}