{"id":5591,"date":"2023-11-08T10:45:26","date_gmt":"2023-11-08T02:45:26","guid":{"rendered":"http:\/\/qingdaohf.com\/?post_type=product&#038;p=5591"},"modified":"2025-11-13T09:04:01","modified_gmt":"2025-11-13T01:04:01","slug":"square-steel-nail-stake-with-holes","status":"publish","type":"product","link":"https:\/\/qingdaohf.com\/de\/produkt\/vierkant-stahlnagelpflock-mit-lochern\/","title":{"rendered":"Quadratischer Stahlnagelpfahl mit L\u00f6chern"},"content":{"rendered":"<p>Viereckige Stahlpfl\u00f6cke \u00e4hneln den runden Stahlpfl\u00f6cken, haben aber einen quadratischen Querschnitt anstelle eines runden Querschnitts. Sie werden ebenfalls aus hochfestem Stahl hergestellt und sind in verschiedenen Gr\u00f6\u00dfen erh\u00e4ltlich. Viereckige Stahlpfl\u00f6cke werden h\u00e4ufig in Situationen verwendet, in denen zus\u00e4tzliche Stabilit\u00e4t erforderlich ist, z. B. bei windigen oder unebenen Bedingungen.<\/p>\n\n<table id=\"tablepress-20\" class=\"tablepress tablepress-id-20\">\n<thead>\n<tr class=\"row-1\">\n\t<th class=\"column-1\">Beschreibung<\/th><th class=\"column-2\">Einheit<\/th><th class=\"column-3\">Palette<\/th><th class=\"column-4\">Gewicht (kg)<\/th>\n<\/tr>\n<\/thead>\n<tbody class=\"row-striping row-hover\">\n<tr class=\"row-2\">\n\t<td class=\"column-1\">5\/8\" x 12\"<\/td><td class=\"column-2\">10St\u00fcck\/Karton<\/td><td class=\"column-3\">150Kartons\/Palette<\/td><td class=\"column-4\">0.56<\/td>\n<\/tr>\n<tr class=\"row-3\">\n\t<td class=\"column-1\">5\/8\" x 18\"<\/td><td class=\"column-2\">10St\u00fcck\/Karton<\/td><td class=\"column-3\">100Kartons\/Palette<\/td><td class=\"column-4\">0.81<\/td>\n<\/tr>\n<tr class=\"row-4\">\n\t<td class=\"column-1\">5\/8\" x 24\"<\/td><td class=\"column-2\">10St\u00fcck\/Karton<\/td><td class=\"column-3\">75Kartons\/Palette<\/td><td class=\"column-4\">1.07<\/td>\n<\/tr>\n<tr class=\"row-5\">\n\t<td class=\"column-1\">5\/8\" x 30\"<\/td><td class=\"column-2\">10St\u00fcck\/Karton<\/td><td class=\"column-3\">60Kartons\/Palette<\/td><td class=\"column-4\">1.34<\/td>\n<\/tr>\n<tr class=\"row-6\">\n\t<td class=\"column-1\">5\/8\" x 36\"<\/td><td class=\"column-2\">10St\u00fcck\/Karton<\/td><td class=\"column-3\">50Kartons\/Palette<\/td><td class=\"column-4\">1.61<\/td>\n<\/tr>\n<tr class=\"row-7\">\n\t<td class=\"column-1\">5\/8\" x 42\"<\/td><td class=\"column-2\">10St\u00fcck\/Karton<\/td><td class=\"column-3\">40Kartons\/Palette<\/td><td class=\"column-4\">1.87<\/td>\n<\/tr>\n<tr class=\"row-8\">\n\t<td class=\"column-1\">5\/8\" x 48\"<\/td><td class=\"column-2\">10St\u00fcck\/Karton<\/td><td class=\"column-3\">30Kartons\/Palette<\/td><td class=\"column-4\">2.14<\/td>\n<\/tr>\n<\/tbody>\n<\/table>\n<!-- #tablepress-20 from cache -->\n<div class=\"ast-oembed-container\" style=\"height: 100%;\"><iframe title=\"Betonstahlpfahl\" width=\"500\" height=\"281\" src=\"https:\/\/www.youtube.com\/embed\/kDArajRbFtQ?feature=oembed\" frameborder=\"0\" allow=\"accelerometer; autoplay; clipboard-write; encrypted-media; gyroscope; picture-in-picture; web-share\" referrerpolicy=\"strict-origin-when-cross-origin\" allowfullscreen><\/iframe><\/div>","protected":false},"excerpt":{"rendered":"<p>Viereckige Stahlpfl\u00f6cke haben einen quadratischen Querschnitt und sind in der Regel aus Stahl gefertigt. Sie sind solide und bieten einen stabilen Anker.<\/p>","protected":false},"featured_media":5594,"comment_status":"open","ping_status":"closed","template":"","meta":{"site-sidebar-layout":"default","site-content-layout":"","ast-site-content-layout":"default","site-content-style":"default","site-sidebar-style":"default","ast-global-header-display":"","ast-banner-title-visibility":"","ast-main-header-display":"","ast-hfb-above-header-display":"","ast-hfb-below-header-display":"","ast-hfb-mobile-header-display":"","site-post-title":"","ast-breadcrumbs-content":"","ast-featured-img":"","footer-sml-layout":"","theme-transparent-header-meta":"default","adv-header-id-meta":"","stick-header-meta":"default","header-above-stick-meta":"","header-main-stick-meta":"","header-below-stick-meta":"","astra-migrate-meta-layouts":"set","ast-page-background-enabled":"default","ast-page-background-meta":{"desktop":{"background-color":"","background-image":"","background-repeat":"repeat","background-position":"center center","background-size":"auto","background-attachment":"scroll","background-type":"","background-media":"","overlay-type":"","overlay-color":"","overlay-opacity":"","overlay-gradient":""},"tablet":{"background-color":"","background-image":"","background-repeat":"repeat","background-position":"center center","background-size":"auto","background-attachment":"scroll","background-type":"","background-media":"","overlay-type":"","overlay-color":"","overlay-opacity":"","overlay-gradient":""},"mobile":{"background-color":"","background-image":"","background-repeat":"repeat","background-position":"center center","background-size":"auto","background-attachment":"scroll","background-type":"","background-media":"","overlay-type":"","overlay-color":"","overlay-opacity":"","overlay-gradient":""}},"ast-content-background-meta":{"desktop":{"background-color":"var(--ast-global-color-5)","background-image":"","background-repeat":"repeat","background-position":"center center","background-size":"auto","background-attachment":"scroll","background-type":"","background-media":"","overlay-type":"","overlay-color":"","overlay-opacity":"","overlay-gradient":""},"tablet":{"background-color":"var(--ast-global-color-5)","background-image":"","background-repeat":"repeat","background-position":"center center","background-size":"auto","background-attachment":"scroll","background-type":"","background-media":"","overlay-type":"","overlay-color":"","overlay-opacity":"","overlay-gradient":""},"mobile":{"background-color":"var(--ast-global-color-5)","background-image":"","background-repeat":"repeat","background-position":"center center","background-size":"auto","background-attachment":"scroll","background-type":"","background-media":"","overlay-type":"","overlay-color":"","overlay-opacity":"","overlay-gradient":""}}},"product_brand":[],"product_cat":[53],"product_tag":[],"class_list":{"0":"post-5591","1":"product","2":"type-product","3":"status-publish","4":"has-post-thumbnail","6":"product_cat-steel-stake","7":"desktop-align-left","8":"tablet-align-left","9":"mobile-align-left","10":"ast-product-gallery-layout-horizontal-slider","11":"ast-product-gallery-with-no-image","12":"ast-product-tabs-layout-horizontal","14":"first","15":"instock","16":"shipping-taxable","17":"purchasable","18":"product-type-simple"},"yoast_head":"<!-- This site is optimized with the Yoast SEO plugin v25.2 - https:\/\/yoast.com\/wordpress\/plugins\/seo\/ -->\n<title>Square Steel Nail Stake With Holes<\/title>\n<meta name=\"description\" content=\"Square steel stakes have a square cross-section and are typically made from steel. They are solid and provide a stable anchor.\" \/>\n<meta name=\"robots\" content=\"index, follow, max-snippet:-1, max-image-preview:large, max-video-preview:-1\" \/>\n<link rel=\"canonical\" href=\"https:\/\/qingdaohf.com\/de\/produkt\/vierkant-stahlnagelpflock-mit-lochern\/\" \/>\n<meta property=\"og:locale\" content=\"de_DE\" \/>\n<meta property=\"og:type\" content=\"article\" \/>\n<meta property=\"og:title\" content=\"Square Steel Nail Stake With Holes\" \/>\n<meta property=\"og:description\" content=\"Square steel stakes have a square cross-section and are typically made from steel. They are solid and provide a stable anchor.\" \/>\n<meta property=\"og:url\" content=\"https:\/\/qingdaohf.com\/de\/produkt\/vierkant-stahlnagelpflock-mit-lochern\/\" \/>\n<meta property=\"og:site_name\" content=\"Concrete Form &amp; Rigging Hardware Supplier\" \/>\n<meta property=\"article:publisher\" content=\"https:\/\/www.facebook.com\/qingdaohf\" \/>\n<meta property=\"article:modified_time\" content=\"2025-11-13T01:04:01+00:00\" \/>\n<meta property=\"og:image\" content=\"https:\/\/qingdaohf.com\/wp-content\/uploads\/2023\/11\/Square-Nail-Stake.jpg\" \/>\n\t<meta property=\"og:image:width\" content=\"1000\" \/>\n\t<meta property=\"og:image:height\" content=\"1000\" \/>\n\t<meta property=\"og:image:type\" content=\"image\/jpeg\" \/>\n<meta name=\"twitter:card\" content=\"summary_large_image\" \/>\n<meta name=\"twitter:label1\" content=\"Gesch\u00e4tzte Lesezeit\" \/>\n\t<meta name=\"twitter:data1\" content=\"1\u00a0Minute\" \/>\n<script type=\"application\/ld+json\" class=\"yoast-schema-graph\">{\"@context\":\"https:\/\/schema.org\",\"@graph\":[{\"@type\":\"WebPage\",\"@id\":\"https:\/\/qingdaohf.com\/product\/square-steel-nail-stake-with-holes\/\",\"url\":\"https:\/\/qingdaohf.com\/product\/square-steel-nail-stake-with-holes\/\",\"name\":\"Square Steel Nail Stake With Holes\",\"isPartOf\":{\"@id\":\"https:\/\/qingdaohf.com\/bg\/#website\"},\"primaryImageOfPage\":{\"@id\":\"https:\/\/qingdaohf.com\/product\/square-steel-nail-stake-with-holes\/#primaryimage\"},\"image\":{\"@id\":\"https:\/\/qingdaohf.com\/product\/square-steel-nail-stake-with-holes\/#primaryimage\"},\"thumbnailUrl\":\"https:\/\/qingdaohf.com\/wp-content\/uploads\/2023\/11\/Square-Nail-Stake.jpg\",\"datePublished\":\"2023-11-08T02:45:26+00:00\",\"dateModified\":\"2025-11-13T01:04:01+00:00\",\"description\":\"Square steel stakes have a square cross-section and are typically made from steel. They are solid and provide a stable anchor.\",\"breadcrumb\":{\"@id\":\"https:\/\/qingdaohf.com\/product\/square-steel-nail-stake-with-holes\/#breadcrumb\"},\"inLanguage\":\"de\",\"potentialAction\":[{\"@type\":\"ReadAction\",\"target\":[\"https:\/\/qingdaohf.com\/product\/square-steel-nail-stake-with-holes\/\"]}]},{\"@type\":\"ImageObject\",\"inLanguage\":\"de\",\"@id\":\"https:\/\/qingdaohf.com\/product\/square-steel-nail-stake-with-holes\/#primaryimage\",\"url\":\"https:\/\/qingdaohf.com\/wp-content\/uploads\/2023\/11\/Square-Nail-Stake.jpg\",\"contentUrl\":\"https:\/\/qingdaohf.com\/wp-content\/uploads\/2023\/11\/Square-Nail-Stake.jpg\",\"width\":1000,\"height\":1000,\"caption\":\"Square Nail Stake\"},{\"@type\":\"BreadcrumbList\",\"@id\":\"https:\/\/qingdaohf.com\/product\/square-steel-nail-stake-with-holes\/#breadcrumb\",\"itemListElement\":[{\"@type\":\"ListItem\",\"position\":1,\"name\":\"Home\",\"item\":\"https:\/\/qingdaohf.com\/\"},{\"@type\":\"ListItem\",\"position\":2,\"name\":\"Concrete Forming Accessories and Rigging Hardware\",\"item\":\"https:\/\/qingdaohf.com\/bg\/?page_id=944\"},{\"@type\":\"ListItem\",\"position\":3,\"name\":\"Square Steel Nail Stake With Holes\"}]},{\"@type\":\"WebSite\",\"@id\":\"https:\/\/qingdaohf.com\/bg\/#website\",\"url\":\"https:\/\/qingdaohf.com\/bg\/\",\"name\":\"Concrete Form & Rigging Hardware Supplier\",\"description\":\"\",\"publisher\":{\"@id\":\"https:\/\/qingdaohf.com\/bg\/#organization\"},\"potentialAction\":[{\"@type\":\"SearchAction\",\"target\":{\"@type\":\"EntryPoint\",\"urlTemplate\":\"https:\/\/qingdaohf.com\/bg\/?s={search_term_string}\"},\"query-input\":{\"@type\":\"PropertyValueSpecification\",\"valueRequired\":true,\"valueName\":\"search_term_string\"}}],\"inLanguage\":\"de\"},{\"@type\":\"Organization\",\"@id\":\"https:\/\/qingdaohf.com\/bg\/#organization\",\"name\":\"Qingdao H&F\",\"url\":\"https:\/\/qingdaohf.com\/bg\/\",\"logo\":{\"@type\":\"ImageObject\",\"inLanguage\":\"de\",\"@id\":\"https:\/\/qingdaohf.com\/bg\/#\/schema\/logo\/image\/\",\"url\":\"https:\/\/qingdaohf.com\/wp-content\/uploads\/2022\/12\/cropped-HF-LOGO.png\",\"contentUrl\":\"https:\/\/qingdaohf.com\/wp-content\/uploads\/2022\/12\/cropped-HF-LOGO.png\",\"width\":391,\"height\":249,\"caption\":\"Qingdao H&F\"},\"image\":{\"@id\":\"https:\/\/qingdaohf.com\/bg\/#\/schema\/logo\/image\/\"},\"sameAs\":[\"https:\/\/www.facebook.com\/qingdaohf\"]}]}<\/script>\n<!-- \/ Yoast SEO plugin. -->","yoast_head_json":{"title":"Square Steel Nail Stake With Holes","description":"Square steel stakes have a square cross-section and are typically made from steel. They are solid and provide a stable anchor.","robots":{"index":"index","follow":"follow","max-snippet":"max-snippet:-1","max-image-preview":"max-image-preview:large","max-video-preview":"max-video-preview:-1"},"canonical":"https:\/\/qingdaohf.com\/de\/produkt\/vierkant-stahlnagelpflock-mit-lochern\/","og_locale":"de_DE","og_type":"article","og_title":"Square Steel Nail Stake With Holes","og_description":"Square steel stakes have a square cross-section and are typically made from steel. They are solid and provide a stable anchor.","og_url":"https:\/\/qingdaohf.com\/de\/produkt\/vierkant-stahlnagelpflock-mit-lochern\/","og_site_name":"Concrete Form &amp; Rigging Hardware Supplier","article_publisher":"https:\/\/www.facebook.com\/qingdaohf","article_modified_time":"2025-11-13T01:04:01+00:00","og_image":[{"width":1000,"height":1000,"url":"https:\/\/qingdaohf.com\/wp-content\/uploads\/2023\/11\/Square-Nail-Stake.jpg","type":"image\/jpeg"}],"twitter_card":"summary_large_image","twitter_misc":{"Gesch\u00e4tzte Lesezeit":"1\u00a0Minute"},"schema":{"@context":"https:\/\/schema.org","@graph":[{"@type":"WebPage","@id":"https:\/\/qingdaohf.com\/product\/square-steel-nail-stake-with-holes\/","url":"https:\/\/qingdaohf.com\/product\/square-steel-nail-stake-with-holes\/","name":"Square Steel Nail Stake With Holes","isPartOf":{"@id":"https:\/\/qingdaohf.com\/bg\/#website"},"primaryImageOfPage":{"@id":"https:\/\/qingdaohf.com\/product\/square-steel-nail-stake-with-holes\/#primaryimage"},"image":{"@id":"https:\/\/qingdaohf.com\/product\/square-steel-nail-stake-with-holes\/#primaryimage"},"thumbnailUrl":"https:\/\/qingdaohf.com\/wp-content\/uploads\/2023\/11\/Square-Nail-Stake.jpg","datePublished":"2023-11-08T02:45:26+00:00","dateModified":"2025-11-13T01:04:01+00:00","description":"Square steel stakes have a square cross-section and are typically made from steel. They are solid and provide a stable anchor.","breadcrumb":{"@id":"https:\/\/qingdaohf.com\/product\/square-steel-nail-stake-with-holes\/#breadcrumb"},"inLanguage":"de","potentialAction":[{"@type":"ReadAction","target":["https:\/\/qingdaohf.com\/product\/square-steel-nail-stake-with-holes\/"]}]},{"@type":"ImageObject","inLanguage":"de","@id":"https:\/\/qingdaohf.com\/product\/square-steel-nail-stake-with-holes\/#primaryimage","url":"https:\/\/qingdaohf.com\/wp-content\/uploads\/2023\/11\/Square-Nail-Stake.jpg","contentUrl":"https:\/\/qingdaohf.com\/wp-content\/uploads\/2023\/11\/Square-Nail-Stake.jpg","width":1000,"height":1000,"caption":"Square Nail Stake"},{"@type":"BreadcrumbList","@id":"https:\/\/qingdaohf.com\/product\/square-steel-nail-stake-with-holes\/#breadcrumb","itemListElement":[{"@type":"ListItem","position":1,"name":"Home","item":"https:\/\/qingdaohf.com\/"},{"@type":"ListItem","position":2,"name":"Concrete Forming Accessories and Rigging Hardware","item":"https:\/\/qingdaohf.com\/bg\/?page_id=944"},{"@type":"ListItem","position":3,"name":"Square Steel Nail Stake With Holes"}]},{"@type":"WebSite","@id":"https:\/\/qingdaohf.com\/bg\/#website","url":"https:\/\/qingdaohf.com\/bg\/","name":"Concrete Form & Rigging Hardware Supplier","description":"","publisher":{"@id":"https:\/\/qingdaohf.com\/bg\/#organization"},"potentialAction":[{"@type":"SearchAction","target":{"@type":"EntryPoint","urlTemplate":"https:\/\/qingdaohf.com\/bg\/?s={search_term_string}"},"query-input":{"@type":"PropertyValueSpecification","valueRequired":true,"valueName":"search_term_string"}}],"inLanguage":"de"},{"@type":"Organization","@id":"https:\/\/qingdaohf.com\/bg\/#organization","name":"Qingdao H&F","url":"https:\/\/qingdaohf.com\/bg\/","logo":{"@type":"ImageObject","inLanguage":"de","@id":"https:\/\/qingdaohf.com\/bg\/#\/schema\/logo\/image\/","url":"https:\/\/qingdaohf.com\/wp-content\/uploads\/2022\/12\/cropped-HF-LOGO.png","contentUrl":"https:\/\/qingdaohf.com\/wp-content\/uploads\/2022\/12\/cropped-HF-LOGO.png","width":391,"height":249,"caption":"Qingdao H&F"},"image":{"@id":"https:\/\/qingdaohf.com\/bg\/#\/schema\/logo\/image\/"},"sameAs":["https:\/\/www.facebook.com\/qingdaohf"]}]}},"_links":{"self":[{"href":"https:\/\/qingdaohf.com\/de\/wp-json\/wp\/v2\/product\/5591","targetHints":{"allow":["GET"]}}],"collection":[{"href":"https:\/\/qingdaohf.com\/de\/wp-json\/wp\/v2\/product"}],"about":[{"href":"https:\/\/qingdaohf.com\/de\/wp-json\/wp\/v2\/types\/product"}],"replies":[{"embeddable":true,"href":"https:\/\/qingdaohf.com\/de\/wp-json\/wp\/v2\/comments?post=5591"}],"version-history":[{"count":10,"href":"https:\/\/qingdaohf.com\/de\/wp-json\/wp\/v2\/product\/5591\/revisions"}],"predecessor-version":[{"id":9253,"href":"https:\/\/qingdaohf.com\/de\/wp-json\/wp\/v2\/product\/5591\/revisions\/9253"}],"wp:featuredmedia":[{"embeddable":true,"href":"https:\/\/qingdaohf.com\/de\/wp-json\/wp\/v2\/media\/5594"}],"wp:attachment":[{"href":"https:\/\/qingdaohf.com\/de\/wp-json\/wp\/v2\/media?parent=5591"}],"wp:term":[{"taxonomy":"product_brand","embeddable":true,"href":"https:\/\/qingdaohf.com\/de\/wp-json\/wp\/v2\/product_brand?post=5591"},{"taxonomy":"product_cat","embeddable":true,"href":"https:\/\/qingdaohf.com\/de\/wp-json\/wp\/v2\/product_cat?post=5591"},{"taxonomy":"product_tag","embeddable":true,"href":"https:\/\/qingdaohf.com\/de\/wp-json\/wp\/v2\/product_tag?post=5591"}],"curies":[{"name":"wp","href":"https:\/\/api.w.org\/{rel}","templated":true}]}}