{"id":5799,"date":"2023-11-23T11:35:43","date_gmt":"2023-11-23T03:35:43","guid":{"rendered":"http:\/\/qingdaohf.com\/?post_type=product&#038;p=5799"},"modified":"2025-11-13T09:04:01","modified_gmt":"2025-11-13T01:04:01","slug":"towing-shackle","status":"publish","type":"product","link":"https:\/\/qingdaohf.com\/de\/produkt\/schleppschakel\/","title":{"rendered":"Abschleppsch\u00e4kel"},"content":{"rendered":"<h2>Vorteile unserer Abschleppsch\u00e4kel:<\/h2>\n<h3>Hohe Zugfestigkeit:<\/h3>\n<p>Unsere Abschleppsch\u00e4kel zeichnen sich durch eine \u00fcberragende Zugfestigkeit aus und gew\u00e4hrleisten eine zuverl\u00e4ssige Leistung bei schweren Lasten. Ihre Kunden verlangen Qualit\u00e4t, und wir liefern sie.<\/p>\n<h3>Korrosionsbest\u00e4ndigkeit:<\/h3>\n<p>Ein herausragendes Merkmal unserer Sch\u00e4kel ist ihre au\u00dfergew\u00f6hnliche Korrosionsbest\u00e4ndigkeit. Dank innovativer Materialien und Beschichtungen gew\u00e4hrleisten wir eine lange Lebensdauer, so dass sie sich ideal f\u00fcr verschiedene Umgebungen eignen, von der Schifffahrt bis hin zu rauen Industrieumgebungen.<\/p>\n<h3>Feinmechanik:<\/h3>\n<p>Jeder Sch\u00e4kel wird mit gr\u00f6\u00dfter Sorgfalt und Pr\u00e4zision gefertigt. Dies gew\u00e4hrleistet eine perfekte Passform, reduziert den Verschlei\u00df und erh\u00f6ht die allgemeine Sicherheit beim Abschleppen.<\/p>\n<h3>Vielseitigkeit der Anwendungen:<\/h3>\n<p>Unsere Abschleppsch\u00e4kel wurden mit Blick auf Vielseitigkeit entwickelt. Ob f\u00fcr schwere gewerbliche Abschleppvorg\u00e4nge oder spezialisierte industrielle Anwendungen, unsere Produkte erf\u00fcllen eine breite Palette von Anforderungen und sind somit eine ideale L\u00f6sung f\u00fcr verschiedene Branchen.<\/p>\n<h3>Einhaltung von Industriestandards:<\/h3>\n<p>Wir sind stolz darauf, die Industrienormen zu \u00fcbertreffen. Unsere Abschleppsch\u00e4kel entsprechen nicht nur den Vorschriften, sondern gehen dar\u00fcber hinaus und erf\u00fcllen oder \u00fcbertreffen die Vorschriften, um ein H\u00f6chstma\u00df an Sicherheit und Zuverl\u00e4ssigkeit zu gew\u00e4hrleisten.<\/p>\n<h2>Ihre Anliegen, unsere L\u00f6sungen:<\/h2>\n<h3>Qualit\u00e4tssicherung der Produkte:<\/h3>\n<p>Unsere Abschleppsch\u00e4kel werden strengen Qualit\u00e4tskontrollen unterzogen und erf\u00fcllen und \u00fcbertreffen die Industrienormen. Die hohe Zugfestigkeit und Korrosionsbest\u00e4ndigkeit sind Schl\u00fcsselelemente, die unsere Produkte auszeichnen.<\/p>\n<h3>Glaubw\u00fcrdigkeit der Lieferanten:<\/h3>\n<p>Mit 20 Jahren Erfahrung haben wir uns zu einem vertrauensw\u00fcrdigen Au\u00dfenhandelsunternehmen mit eigener Fabrik entwickelt. Die Pr\u00e4zisionstechnik unserer Sch\u00e4kel spiegelt unser Engagement f\u00fcr Zuverl\u00e4ssigkeit und Exzellenz wider.<\/p>\n<h3>Preisliche Wettbewerbsf\u00e4higkeit:<\/h3>\n<p>Wir bieten wettbewerbsf\u00e4hige Preise, ohne Kompromisse bei der Qualit\u00e4t unserer Abschleppsch\u00e4kel einzugehen. Der Wert, den sie bieten, insbesondere ihre Vielseitigkeit und die Einhaltung der Industrienormen, stellt sicher, dass Sie das Beste aus Ihrer Investition herausholen.<\/p>\n<h3>Versand und Lieferung:<\/h3>\n<p>Unsere effiziente Logistik gew\u00e4hrleistet eine p\u00fcnktliche Lieferung, und die korrosionsbest\u00e4ndigen Eigenschaften unserer Sch\u00e4kel garantieren, dass sie in bestem Zustand ankommen.<\/p>\n<h3>Anpassungsoptionen:<\/h3>\n<p>Unsere Abschleppsch\u00e4kel lassen sich an Ihre speziellen Anforderungen anpassen. Ob es um die Anpassung der Zugfestigkeit oder andere Spezifikationen geht, unsere Pr\u00e4zisionstechnik erm\u00f6glicht ma\u00dfgeschneiderte L\u00f6sungen.<\/p>\n<h3>Zahlungsbedingungen:<\/h3>\n<p>Verhandeln Sie mit uns Zahlungsbedingungen, die Ihren finanziellen M\u00f6glichkeiten entsprechen. Unser Engagement f\u00fcr Qualit\u00e4t und Einhaltung von Vorschriften gibt Ihnen die Gewissheit, dass Ihre Investition sicher ist.<\/p>\n<h3>Kommunikation und Reaktionsf\u00e4higkeit:<\/h3>\n<p>Unser engagierter pers\u00f6nlicher Kundenservice gew\u00e4hrleistet eine prompte und effektive Kommunikation w\u00e4hrend des gesamten Kaufprozesses. Alle Anfragen oder Bedenken werden mit der Pr\u00e4zision behandelt, die unsere Produktentwicklung widerspiegelt.<\/p>\n<h3>After-Sales-Unterst\u00fctzung:<\/h3>\n<p>Erkundigen Sie sich nach der Kundendienst- und Garantiepolitik des Lieferanten. Unsere Philosophie der kontinuierlichen Verbesserung gew\u00e4hrleistet eine kontinuierliche Unterst\u00fctzung, bis die Waren geliefert werden und Ihre Erwartungen erf\u00fcllen oder \u00fcbertreffen.<\/p>\n<p>Verbessern Sie Ihr B2B-Spiel mit H&amp;F. Wir bieten Ihnen Qualit\u00e4t, Zuverl\u00e4ssigkeit und reibungslose Transaktionen. Nehmen Sie Kontakt mit uns auf, um ein Angebot zu erhalten oder um Ihren Bedarf an Abschleppsch\u00e4keln zu besprechen. Lassen Sie uns eine dauerhafte Partnerschaft aufbauen!<\/p>","protected":false},"excerpt":{"rendered":"<p>Sie sind jetzt ein Eink\u00e4ufer mit 20 Jahren Berufserfahrung. Spezialisiert auf den Einkauf von Abschleppsch\u00e4keln. Jetzt sind Sie bereit, Produkte auf Google zu kaufen.<br \/>\nLassen Sie uns \u00fcber die Themen sprechen, die den K\u00e4ufern am meisten am Herzen liegen.<br \/>\nAls Antwort auf die oben genannten Probleme bieten wir die vern\u00fcnftigsten L\u00f6sungen an, so dass die K\u00e4ufer mit Vertrauen Anfragen senden k\u00f6nnen.<\/p>","protected":false},"featured_media":5806,"comment_status":"open","ping_status":"closed","template":"","meta":{"site-sidebar-layout":"default","site-content-layout":"","ast-site-content-layout":"default","site-content-style":"default","site-sidebar-style":"default","ast-global-header-display":"","ast-banner-title-visibility":"","ast-main-header-display":"","ast-hfb-above-header-display":"","ast-hfb-below-header-display":"","ast-hfb-mobile-header-display":"","site-post-title":"","ast-breadcrumbs-content":"","ast-featured-img":"","footer-sml-layout":"","theme-transparent-header-meta":"default","adv-header-id-meta":"","stick-header-meta":"default","header-above-stick-meta":"","header-main-stick-meta":"","header-below-stick-meta":"","astra-migrate-meta-layouts":"set","ast-page-background-enabled":"default","ast-page-background-meta":{"desktop":{"background-color":"","background-image":"","background-repeat":"repeat","background-position":"center center","background-size":"auto","background-attachment":"scroll","background-type":"","background-media":"","overlay-type":"","overlay-color":"","overlay-opacity":"","overlay-gradient":""},"tablet":{"background-color":"","background-image":"","background-repeat":"repeat","background-position":"center center","background-size":"auto","background-attachment":"scroll","background-type":"","background-media":"","overlay-type":"","overlay-color":"","overlay-opacity":"","overlay-gradient":""},"mobile":{"background-color":"","background-image":"","background-repeat":"repeat","background-position":"center center","background-size":"auto","background-attachment":"scroll","background-type":"","background-media":"","overlay-type":"","overlay-color":"","overlay-opacity":"","overlay-gradient":""}},"ast-content-background-meta":{"desktop":{"background-color":"var(--ast-global-color-5)","background-image":"","background-repeat":"repeat","background-position":"center center","background-size":"auto","background-attachment":"scroll","background-type":"","background-media":"","overlay-type":"","overlay-color":"","overlay-opacity":"","overlay-gradient":""},"tablet":{"background-color":"var(--ast-global-color-5)","background-image":"","background-repeat":"repeat","background-position":"center center","background-size":"auto","background-attachment":"scroll","background-type":"","background-media":"","overlay-type":"","overlay-color":"","overlay-opacity":"","overlay-gradient":""},"mobile":{"background-color":"var(--ast-global-color-5)","background-image":"","background-repeat":"repeat","background-position":"center center","background-size":"auto","background-attachment":"scroll","background-type":"","background-media":"","overlay-type":"","overlay-color":"","overlay-opacity":"","overlay-gradient":""}}},"product_brand":[],"product_cat":[51,54],"product_tag":[],"class_list":{"0":"post-5799","1":"product","2":"type-product","3":"status-publish","4":"has-post-thumbnail","6":"product_cat-riggging-hardware","7":"product_cat-shackle","8":"desktop-align-left","9":"tablet-align-left","10":"mobile-align-left","11":"ast-product-gallery-layout-horizontal-slider","12":"ast-product-tabs-layout-horizontal","14":"first","15":"instock","16":"shipping-taxable","17":"purchasable","18":"product-type-simple"},"yoast_head":"<!-- This site is optimized with the Yoast SEO plugin v25.2 - https:\/\/yoast.com\/wordpress\/plugins\/seo\/ -->\n<title>Towing Shackle<\/title>\n<meta name=\"description\" content=\"Our Towing Shackles boast superior tensile strength, ensuring reliable performance under heavy loads. Your clients demand quality, and we deliver\" \/>\n<meta name=\"robots\" content=\"index, follow, max-snippet:-1, max-image-preview:large, max-video-preview:-1\" \/>\n<link rel=\"canonical\" href=\"https:\/\/qingdaohf.com\/de\/produkt\/schleppschakel\/\" \/>\n<meta property=\"og:locale\" content=\"de_DE\" \/>\n<meta property=\"og:type\" content=\"article\" \/>\n<meta property=\"og:title\" content=\"Towing Shackle\" \/>\n<meta property=\"og:description\" content=\"Our Towing Shackles boast superior tensile strength, ensuring reliable performance under heavy loads. Your clients demand quality, and we deliver\" \/>\n<meta property=\"og:url\" content=\"https:\/\/qingdaohf.com\/de\/produkt\/schleppschakel\/\" \/>\n<meta property=\"og:site_name\" content=\"Concrete Form &amp; Rigging Hardware Supplier\" \/>\n<meta property=\"article:publisher\" content=\"https:\/\/www.facebook.com\/qingdaohf\" \/>\n<meta property=\"article:modified_time\" content=\"2025-11-13T01:04:01+00:00\" \/>\n<meta property=\"og:image\" content=\"https:\/\/qingdaohf.com\/wp-content\/uploads\/2023\/11\/Towing-shackle-9.jpg\" \/>\n\t<meta property=\"og:image:width\" content=\"800\" \/>\n\t<meta property=\"og:image:height\" content=\"800\" \/>\n\t<meta property=\"og:image:type\" content=\"image\/jpeg\" \/>\n<meta name=\"twitter:card\" content=\"summary_large_image\" \/>\n<meta name=\"twitter:label1\" content=\"Gesch\u00e4tzte Lesezeit\" \/>\n\t<meta name=\"twitter:data1\" content=\"2\u00a0Minuten\" \/>\n<script type=\"application\/ld+json\" class=\"yoast-schema-graph\">{\"@context\":\"https:\/\/schema.org\",\"@graph\":[{\"@type\":\"WebPage\",\"@id\":\"https:\/\/qingdaohf.com\/product\/towing-shackle\/\",\"url\":\"https:\/\/qingdaohf.com\/product\/towing-shackle\/\",\"name\":\"Towing Shackle\",\"isPartOf\":{\"@id\":\"https:\/\/qingdaohf.com\/bg\/#website\"},\"primaryImageOfPage\":{\"@id\":\"https:\/\/qingdaohf.com\/product\/towing-shackle\/#primaryimage\"},\"image\":{\"@id\":\"https:\/\/qingdaohf.com\/product\/towing-shackle\/#primaryimage\"},\"thumbnailUrl\":\"https:\/\/qingdaohf.com\/wp-content\/uploads\/2023\/11\/Towing-shackle-9.jpg\",\"datePublished\":\"2023-11-23T03:35:43+00:00\",\"dateModified\":\"2025-11-13T01:04:01+00:00\",\"description\":\"Our Towing Shackles boast superior tensile strength, ensuring reliable performance under heavy loads. Your clients demand quality, and we deliver\",\"breadcrumb\":{\"@id\":\"https:\/\/qingdaohf.com\/product\/towing-shackle\/#breadcrumb\"},\"inLanguage\":\"de\",\"potentialAction\":[{\"@type\":\"ReadAction\",\"target\":[\"https:\/\/qingdaohf.com\/product\/towing-shackle\/\"]}]},{\"@type\":\"ImageObject\",\"inLanguage\":\"de\",\"@id\":\"https:\/\/qingdaohf.com\/product\/towing-shackle\/#primaryimage\",\"url\":\"https:\/\/qingdaohf.com\/wp-content\/uploads\/2023\/11\/Towing-shackle-9.jpg\",\"contentUrl\":\"https:\/\/qingdaohf.com\/wp-content\/uploads\/2023\/11\/Towing-shackle-9.jpg\",\"width\":800,\"height\":800,\"caption\":\"Towing shackle\"},{\"@type\":\"BreadcrumbList\",\"@id\":\"https:\/\/qingdaohf.com\/product\/towing-shackle\/#breadcrumb\",\"itemListElement\":[{\"@type\":\"ListItem\",\"position\":1,\"name\":\"Home\",\"item\":\"https:\/\/qingdaohf.com\/\"},{\"@type\":\"ListItem\",\"position\":2,\"name\":\"Concrete Forming Accessories and Rigging Hardware\",\"item\":\"https:\/\/qingdaohf.com\/bg\/?page_id=944\"},{\"@type\":\"ListItem\",\"position\":3,\"name\":\"Towing Shackle\"}]},{\"@type\":\"WebSite\",\"@id\":\"https:\/\/qingdaohf.com\/bg\/#website\",\"url\":\"https:\/\/qingdaohf.com\/bg\/\",\"name\":\"Concrete Form & Rigging Hardware Supplier\",\"description\":\"\",\"publisher\":{\"@id\":\"https:\/\/qingdaohf.com\/bg\/#organization\"},\"potentialAction\":[{\"@type\":\"SearchAction\",\"target\":{\"@type\":\"EntryPoint\",\"urlTemplate\":\"https:\/\/qingdaohf.com\/bg\/?s={search_term_string}\"},\"query-input\":{\"@type\":\"PropertyValueSpecification\",\"valueRequired\":true,\"valueName\":\"search_term_string\"}}],\"inLanguage\":\"de\"},{\"@type\":\"Organization\",\"@id\":\"https:\/\/qingdaohf.com\/bg\/#organization\",\"name\":\"Qingdao H&F\",\"url\":\"https:\/\/qingdaohf.com\/bg\/\",\"logo\":{\"@type\":\"ImageObject\",\"inLanguage\":\"de\",\"@id\":\"https:\/\/qingdaohf.com\/bg\/#\/schema\/logo\/image\/\",\"url\":\"https:\/\/qingdaohf.com\/wp-content\/uploads\/2022\/12\/cropped-HF-LOGO.png\",\"contentUrl\":\"https:\/\/qingdaohf.com\/wp-content\/uploads\/2022\/12\/cropped-HF-LOGO.png\",\"width\":391,\"height\":249,\"caption\":\"Qingdao H&F\"},\"image\":{\"@id\":\"https:\/\/qingdaohf.com\/bg\/#\/schema\/logo\/image\/\"},\"sameAs\":[\"https:\/\/www.facebook.com\/qingdaohf\"]}]}<\/script>\n<!-- \/ Yoast SEO plugin. -->","yoast_head_json":{"title":"Towing Shackle","description":"Our Towing Shackles boast superior tensile strength, ensuring reliable performance under heavy loads. Your clients demand quality, and we deliver","robots":{"index":"index","follow":"follow","max-snippet":"max-snippet:-1","max-image-preview":"max-image-preview:large","max-video-preview":"max-video-preview:-1"},"canonical":"https:\/\/qingdaohf.com\/de\/produkt\/schleppschakel\/","og_locale":"de_DE","og_type":"article","og_title":"Towing Shackle","og_description":"Our Towing Shackles boast superior tensile strength, ensuring reliable performance under heavy loads. Your clients demand quality, and we deliver","og_url":"https:\/\/qingdaohf.com\/de\/produkt\/schleppschakel\/","og_site_name":"Concrete Form &amp; Rigging Hardware Supplier","article_publisher":"https:\/\/www.facebook.com\/qingdaohf","article_modified_time":"2025-11-13T01:04:01+00:00","og_image":[{"width":800,"height":800,"url":"https:\/\/qingdaohf.com\/wp-content\/uploads\/2023\/11\/Towing-shackle-9.jpg","type":"image\/jpeg"}],"twitter_card":"summary_large_image","twitter_misc":{"Gesch\u00e4tzte Lesezeit":"2\u00a0Minuten"},"schema":{"@context":"https:\/\/schema.org","@graph":[{"@type":"WebPage","@id":"https:\/\/qingdaohf.com\/product\/towing-shackle\/","url":"https:\/\/qingdaohf.com\/product\/towing-shackle\/","name":"Towing Shackle","isPartOf":{"@id":"https:\/\/qingdaohf.com\/bg\/#website"},"primaryImageOfPage":{"@id":"https:\/\/qingdaohf.com\/product\/towing-shackle\/#primaryimage"},"image":{"@id":"https:\/\/qingdaohf.com\/product\/towing-shackle\/#primaryimage"},"thumbnailUrl":"https:\/\/qingdaohf.com\/wp-content\/uploads\/2023\/11\/Towing-shackle-9.jpg","datePublished":"2023-11-23T03:35:43+00:00","dateModified":"2025-11-13T01:04:01+00:00","description":"Our Towing Shackles boast superior tensile strength, ensuring reliable performance under heavy loads. Your clients demand quality, and we deliver","breadcrumb":{"@id":"https:\/\/qingdaohf.com\/product\/towing-shackle\/#breadcrumb"},"inLanguage":"de","potentialAction":[{"@type":"ReadAction","target":["https:\/\/qingdaohf.com\/product\/towing-shackle\/"]}]},{"@type":"ImageObject","inLanguage":"de","@id":"https:\/\/qingdaohf.com\/product\/towing-shackle\/#primaryimage","url":"https:\/\/qingdaohf.com\/wp-content\/uploads\/2023\/11\/Towing-shackle-9.jpg","contentUrl":"https:\/\/qingdaohf.com\/wp-content\/uploads\/2023\/11\/Towing-shackle-9.jpg","width":800,"height":800,"caption":"Towing shackle"},{"@type":"BreadcrumbList","@id":"https:\/\/qingdaohf.com\/product\/towing-shackle\/#breadcrumb","itemListElement":[{"@type":"ListItem","position":1,"name":"Home","item":"https:\/\/qingdaohf.com\/"},{"@type":"ListItem","position":2,"name":"Concrete Forming Accessories and Rigging Hardware","item":"https:\/\/qingdaohf.com\/bg\/?page_id=944"},{"@type":"ListItem","position":3,"name":"Towing Shackle"}]},{"@type":"WebSite","@id":"https:\/\/qingdaohf.com\/bg\/#website","url":"https:\/\/qingdaohf.com\/bg\/","name":"Concrete Form & Rigging Hardware Supplier","description":"","publisher":{"@id":"https:\/\/qingdaohf.com\/bg\/#organization"},"potentialAction":[{"@type":"SearchAction","target":{"@type":"EntryPoint","urlTemplate":"https:\/\/qingdaohf.com\/bg\/?s={search_term_string}"},"query-input":{"@type":"PropertyValueSpecification","valueRequired":true,"valueName":"search_term_string"}}],"inLanguage":"de"},{"@type":"Organization","@id":"https:\/\/qingdaohf.com\/bg\/#organization","name":"Qingdao H&F","url":"https:\/\/qingdaohf.com\/bg\/","logo":{"@type":"ImageObject","inLanguage":"de","@id":"https:\/\/qingdaohf.com\/bg\/#\/schema\/logo\/image\/","url":"https:\/\/qingdaohf.com\/wp-content\/uploads\/2022\/12\/cropped-HF-LOGO.png","contentUrl":"https:\/\/qingdaohf.com\/wp-content\/uploads\/2022\/12\/cropped-HF-LOGO.png","width":391,"height":249,"caption":"Qingdao H&F"},"image":{"@id":"https:\/\/qingdaohf.com\/bg\/#\/schema\/logo\/image\/"},"sameAs":["https:\/\/www.facebook.com\/qingdaohf"]}]}},"_links":{"self":[{"href":"https:\/\/qingdaohf.com\/de\/wp-json\/wp\/v2\/product\/5799","targetHints":{"allow":["GET"]}}],"collection":[{"href":"https:\/\/qingdaohf.com\/de\/wp-json\/wp\/v2\/product"}],"about":[{"href":"https:\/\/qingdaohf.com\/de\/wp-json\/wp\/v2\/types\/product"}],"replies":[{"embeddable":true,"href":"https:\/\/qingdaohf.com\/de\/wp-json\/wp\/v2\/comments?post=5799"}],"version-history":[{"count":3,"href":"https:\/\/qingdaohf.com\/de\/wp-json\/wp\/v2\/product\/5799\/revisions"}],"predecessor-version":[{"id":5824,"href":"https:\/\/qingdaohf.com\/de\/wp-json\/wp\/v2\/product\/5799\/revisions\/5824"}],"wp:featuredmedia":[{"embeddable":true,"href":"https:\/\/qingdaohf.com\/de\/wp-json\/wp\/v2\/media\/5806"}],"wp:attachment":[{"href":"https:\/\/qingdaohf.com\/de\/wp-json\/wp\/v2\/media?parent=5799"}],"wp:term":[{"taxonomy":"product_brand","embeddable":true,"href":"https:\/\/qingdaohf.com\/de\/wp-json\/wp\/v2\/product_brand?post=5799"},{"taxonomy":"product_cat","embeddable":true,"href":"https:\/\/qingdaohf.com\/de\/wp-json\/wp\/v2\/product_cat?post=5799"},{"taxonomy":"product_tag","embeddable":true,"href":"https:\/\/qingdaohf.com\/de\/wp-json\/wp\/v2\/product_tag?post=5799"}],"curies":[{"name":"wp","href":"https:\/\/api.w.org\/{rel}","templated":true}]}}