{"id":6226,"date":"2024-01-03T15:51:23","date_gmt":"2024-01-03T07:51:23","guid":{"rendered":"http:\/\/qingdaohf.com\/?post_type=product&#038;p=6226"},"modified":"2025-11-13T09:03:39","modified_gmt":"2025-11-13T01:03:39","slug":"woven-cord-strap","status":"publish","type":"product","link":"https:\/\/qingdaohf.com\/de\/produkt\/umreifung\/","title":{"rendered":"Umreifungsband aus gewebter Polyesterschnur f\u00fcr Verpackungen"},"content":{"rendered":"<div class=\"ast-oembed-container\" style=\"height: 100%;\"><iframe title=\"Polypropylen-Umreifungsband\" width=\"500\" height=\"281\" src=\"https:\/\/www.youtube.com\/embed\/Bi0Ct6OI134?feature=oembed\" frameborder=\"0\" allow=\"accelerometer; autoplay; clipboard-write; encrypted-media; gyroscope; picture-in-picture; web-share\" referrerpolicy=\"strict-origin-when-cross-origin\" allowfullscreen><\/iframe><\/div>\n<h3>Die kritischen Merkmale von Umreifungsb\u00e4ndern aus gewebter Polyesterschnur kennen<\/h3>\n<p>Umreifungsb\u00e4nder aus gewebter Polyesterschnur sind die Grundlage jeder sicheren Verpackungsl\u00f6sung. In Branchen, die eine zuverl\u00e4ssige Umreifung von schweren oder unregelm\u00e4\u00dfig geformten Ladungen ben\u00f6tigen, finden diese B\u00e4nder aufgrund ihrer St\u00e4rke und Vielseitigkeit zahlreiche Anwendungen. Die aus eng verwobenen Polyesterfasern hergestellten B\u00e4nder bieten eine beeindruckende Zugfestigkeit bei gleichzeitiger Flexibilit\u00e4t. Im Gegensatz zu herk\u00f6mmlichem Stahlband, das rostanf\u00e4llig ist oder sogar empfindliche Oberfl\u00e4chen besch\u00e4digen kann, bietet diese Art von Polyesterband eine glatte, aber starke Alternative, die die Unversehrtheit von Waren hervorragend sch\u00fctzt.<\/p>\n<p>Das Material hat sich in mehreren f\u00fchrenden Branchen wie der Logistik, dem Baugewerbe und der verarbeitenden Industrie zu einem Favoriten entwickelt, wo die Produkte einer rauen Handhabung ausgesetzt sind, ohne dass die Sicherheit oder Stabilit\u00e4t beeintr\u00e4chtigt wird. Die K\u00e4ufer sch\u00e4tzen ihre Investitionen in Verpackungen und ben\u00f6tigen daher Umreifungsb\u00e4nder, die genau ihren betrieblichen Anforderungen entsprechen und dabei wirklich effizient und kosteng\u00fcnstig sind.<\/p>\n<h3>Vorteile von hochfestem Polyester-Umreifungsband<\/h3>\n<p>Die Umreifungsb\u00e4nder aus gewebter Polyesterschnur sind am haltbarsten und daher perfekt f\u00fcr die Ladungssicherung unter dynamischen Bedingungen geeignet. Aufgrund ihrer besonderen Webstruktur sind sie in der Lage, St\u00f6\u00dfe und Vibrationen zu absorbieren, was beim Transport von zerbrechlichen oder schweren G\u00fctern \u00fcber eine lange Strecke sehr wichtig ist. Au\u00dferdem sind die B\u00e4nder elastisch; das ist wichtig, denn selbst wenn sich die Ladung w\u00e4hrend des Transports ein wenig bewegt hat, wird sie dennoch fest gesichert.<\/p>\n<p>Au\u00dferdem erleichtert das geringe Gewicht von Polyesterumreifungen die Handhabung. Im Vergleich zu seinen Pendants aus Stahl ist es viel einfacher zu handhaben; die Handhabung f\u00fchrt also nicht zu einer extremen Arbeitsbelastung und verbessert die Effizienz im Betrieb. Ein weiterer wichtiger Vorteil ist die Umweltbest\u00e4ndigkeit: Die Polyesterb\u00e4nder sind resistent gegen Feuchtigkeit, UV-Strahlung und Temperaturschwankungen, so dass sie bei der Lagerung im Freien oder beim Transport hervorragende Ergebnisse erzielen.<br \/>\nBei Qingdao H&amp;F werden unsere Polyester-Umreifungsb\u00e4nder einer strengen Pr\u00fcfung unterzogen, um den h\u00f6chsten Standards in der Branche zu entsprechen. Die K\u00e4ufer k\u00f6nnen bei jeder Charge detaillierte Qualit\u00e4tspr\u00fcfungsberichte erwarten, so dass sie volle Transparenz \u00fcber die Zuverl\u00e4ssigkeit der Produkte erhalten. In Verbindung mit schnellen Lieferzeiten stellen wir so sicher, dass Ihre Gesch\u00e4ftsabl\u00e4ufe ohne Verz\u00f6gerungen ablaufen.<\/p>\n<h3>Warum sollten Sie Qingdao H&amp;F f\u00fcr Ihren Bedarf an Polyester-Umreifungsb\u00e4ndern w\u00e4hlen?<\/h3>\n<p>Der richtige Lieferant ist ebenso wichtig wie die Auswahl des Produkts selbst. In dieser Hinsicht ist Qingdao H&amp;F un\u00fcbertroffen und erf\u00fcllt die Bed\u00fcrfnisse der K\u00e4ufer perfekt. Mit 20 Jahren Erfahrung im Au\u00dfenhandel kennen wir die kritischen Faktoren, die f\u00fcr Kaufentscheidungen ausschlaggebend sind: von der Langlebigkeit und Kosteneffizienz der Produkte \u00fcber die p\u00fcnktliche Lieferung bis hin zur ma\u00dfgeschneiderten Unterst\u00fctzung - Exzellenz in jedem kleinen Detail. Unser Engagement f\u00fcr eine individuelle Kundenbetreuung zeichnet uns aus. Jeder Kunde hat einen einzigen Ansprechpartner, der ihm bei der Kl\u00e4rung von Fragen hilft oder ihn bei der Anpassung von L\u00f6sungen an die jeweiligen Anforderungen unterst\u00fctzt. Dieser pers\u00f6nliche Ansatz stellt sicher, dass der Kauf nahtlos abgewickelt wird. Dar\u00fcber hinaus k\u00f6nnen wir dank unseres leistungsf\u00e4higen Lieferkettenmanagementsystems selbst bei Projekten mit strengen Zeitvorgaben p\u00fcnktlich liefern, ohne Kompromisse bei der Qualit\u00e4t einzugehen. Qualit\u00e4tsbewussten K\u00e4ufern stellen wir detaillierte Inspektionsberichte zur Verf\u00fcgung, damit sie sicher sein k\u00f6nnen, dass jede Produktcharge den vorgegebenen Standards entspricht. Der Bericht schafft Vertrauen und gibt den Kunden die M\u00f6glichkeit, sichere und fundierte Entscheidungen zu treffen.<\/p>\n<p>Dies beweist, dass hochfeste Umreifungsb\u00e4nder aus gewebter Polyesterschnur sicherlich ein innovatives Produkt f\u00fcr Branchen sind, die zuverl\u00e4ssige Verpackungsmaterialien ben\u00f6tigen. Der Schwerpunkt liegt bei diesen B\u00e4ndern auf Festigkeit, Elastizit\u00e4t und Anpassungsf\u00e4higkeit f\u00fcr ihre vielf\u00e4ltigen Einsatzzwecke bei gleichzeitiger Minimierung der mit der Ladungssicherung verbundenen Risiken. In Zusammenarbeit mit Qingdao H&amp;F k\u00f6nnen wir den K\u00e4ufern \u00fcberlegene Produkte zusichern, die durch Branchenkenntnis, schnelle Lieferzyklen und einen unver\u00e4nderlichen Kundensupport unterst\u00fctzt werden. Ganz gleich, ob Sie komplexe logistische Aufgaben zu bew\u00e4ltigen haben oder versuchen, besondere betriebliche Herausforderungen zu l\u00f6sen, unsere ma\u00dfgeschneiderten L\u00f6sungen und fundierten Kenntnisse sind die Grundlage f\u00fcr Ihren Verpackungserfolg.<\/p>","protected":false},"excerpt":{"rendered":"<p>Hochfeste Umreifungsb\u00e4nder aus gewebter Polyesterschnur bieten der Industrie effiziente und vertrauensw\u00fcrdige Verpackungsl\u00f6sungen. Diese f\u00fcr ihre Langlebigkeit bekannten B\u00e4nder erm\u00f6glichen die effektive Sicherung schwerer Lasten und weisen eine hohe Bruch- und Dehnungsfestigkeit w\u00e4hrend des Transports auf. Die meisten K\u00e4ufer achten beim Kauf zuverl\u00e4ssiger Verpackungsmaterialien auf die Leistung des Produkts, die Kompatibilit\u00e4t mit allen Arten von Umreifungsger\u00e4ten und die F\u00e4higkeit, Umwelteinfl\u00fcssen wie Feuchtigkeit zu widerstehen. Wir sind seit 20 Jahren ein vertrauensw\u00fcrdiges Handelsunternehmen. Qingdao H&amp;F zeichnet sich dadurch aus, dass wir unseren Kunden einen ma\u00dfgeschneiderten, individuellen Service bieten, der garantiert, dass jeder Kunde seine Zeit bekommt. Schnelle Lieferzyklen und umfassende Qualit\u00e4tspr\u00fcfungsberichte werden Ihr Vertrauen in unsere Verpackungsl\u00f6sungen st\u00e4rken.<\/p>","protected":false},"featured_media":6225,"comment_status":"open","ping_status":"closed","template":"","meta":{"site-sidebar-layout":"default","site-content-layout":"","ast-site-content-layout":"default","site-content-style":"default","site-sidebar-style":"default","ast-global-header-display":"","ast-banner-title-visibility":"","ast-main-header-display":"","ast-hfb-above-header-display":"","ast-hfb-below-header-display":"","ast-hfb-mobile-header-display":"","site-post-title":"","ast-breadcrumbs-content":"","ast-featured-img":"","footer-sml-layout":"","theme-transparent-header-meta":"default","adv-header-id-meta":"","stick-header-meta":"default","header-above-stick-meta":"","header-main-stick-meta":"","header-below-stick-meta":"","astra-migrate-meta-layouts":"set","ast-page-background-enabled":"default","ast-page-background-meta":{"desktop":{"background-color":"","background-image":"","background-repeat":"repeat","background-position":"center center","background-size":"auto","background-attachment":"scroll","background-type":"","background-media":"","overlay-type":"","overlay-color":"","overlay-opacity":"","overlay-gradient":""},"tablet":{"background-color":"","background-image":"","background-repeat":"repeat","background-position":"center center","background-size":"auto","background-attachment":"scroll","background-type":"","background-media":"","overlay-type":"","overlay-color":"","overlay-opacity":"","overlay-gradient":""},"mobile":{"background-color":"","background-image":"","background-repeat":"repeat","background-position":"center center","background-size":"auto","background-attachment":"scroll","background-type":"","background-media":"","overlay-type":"","overlay-color":"","overlay-opacity":"","overlay-gradient":""}},"ast-content-background-meta":{"desktop":{"background-color":"var(--ast-global-color-5)","background-image":"","background-repeat":"repeat","background-position":"center center","background-size":"auto","background-attachment":"scroll","background-type":"","background-media":"","overlay-type":"","overlay-color":"","overlay-opacity":"","overlay-gradient":""},"tablet":{"background-color":"var(--ast-global-color-5)","background-image":"","background-repeat":"repeat","background-position":"center center","background-size":"auto","background-attachment":"scroll","background-type":"","background-media":"","overlay-type":"","overlay-color":"","overlay-opacity":"","overlay-gradient":""},"mobile":{"background-color":"var(--ast-global-color-5)","background-image":"","background-repeat":"repeat","background-position":"center center","background-size":"auto","background-attachment":"scroll","background-type":"","background-media":"","overlay-type":"","overlay-color":"","overlay-opacity":"","overlay-gradient":""}}},"product_brand":[],"product_cat":[51,69],"product_tag":[],"class_list":{"0":"post-6226","1":"product","2":"type-product","3":"status-publish","4":"has-post-thumbnail","6":"product_cat-riggging-hardware","7":"product_cat-strapping","8":"desktop-align-left","9":"tablet-align-left","10":"mobile-align-left","11":"ast-product-gallery-layout-horizontal-slider","12":"ast-product-tabs-layout-horizontal","14":"first","15":"instock","16":"shipping-taxable","17":"purchasable","18":"product-type-simple"},"yoast_head":"<!-- This site is optimized with the Yoast SEO plugin v25.2 - https:\/\/yoast.com\/wordpress\/plugins\/seo\/ -->\n<title>Woven Polyester Cord Strapping Band for Packaging<\/title>\n<meta name=\"description\" content=\"High-strength woven polyester cord strapping bands provide industries with efficient and trustworthy packaging solutions.\" \/>\n<meta name=\"robots\" content=\"index, follow, max-snippet:-1, max-image-preview:large, max-video-preview:-1\" \/>\n<link rel=\"canonical\" href=\"https:\/\/qingdaohf.com\/de\/produkt\/umreifung\/\" \/>\n<meta property=\"og:locale\" content=\"de_DE\" \/>\n<meta property=\"og:type\" content=\"article\" \/>\n<meta property=\"og:title\" content=\"Woven Polyester Cord Strapping Band for Packaging\" \/>\n<meta property=\"og:description\" content=\"High-strength woven polyester cord strapping bands provide industries with efficient and trustworthy packaging solutions.\" \/>\n<meta property=\"og:url\" content=\"https:\/\/qingdaohf.com\/de\/produkt\/umreifung\/\" \/>\n<meta property=\"og:site_name\" content=\"Concrete Form &amp; Rigging Hardware Supplier\" \/>\n<meta property=\"article:publisher\" content=\"https:\/\/www.facebook.com\/qingdaohf\" \/>\n<meta property=\"article:modified_time\" content=\"2025-11-13T01:03:39+00:00\" \/>\n<meta property=\"og:image\" content=\"https:\/\/qingdaohf.com\/wp-content\/uploads\/2024\/01\/strapping-roll-2.webp\" \/>\n\t<meta property=\"og:image:width\" content=\"1000\" \/>\n\t<meta property=\"og:image:height\" content=\"1000\" \/>\n\t<meta property=\"og:image:type\" content=\"image\/webp\" \/>\n<meta name=\"twitter:card\" content=\"summary_large_image\" \/>\n<meta name=\"twitter:label1\" content=\"Gesch\u00e4tzte Lesezeit\" \/>\n\t<meta name=\"twitter:data1\" content=\"3\u00a0Minuten\" \/>\n<script type=\"application\/ld+json\" class=\"yoast-schema-graph\">{\"@context\":\"https:\/\/schema.org\",\"@graph\":[{\"@type\":\"WebPage\",\"@id\":\"https:\/\/qingdaohf.com\/product\/woven-cord-strap\/\",\"url\":\"https:\/\/qingdaohf.com\/product\/woven-cord-strap\/\",\"name\":\"Woven Polyester Cord Strapping Band for Packaging\",\"isPartOf\":{\"@id\":\"https:\/\/qingdaohf.com\/bg\/#website\"},\"primaryImageOfPage\":{\"@id\":\"https:\/\/qingdaohf.com\/product\/woven-cord-strap\/#primaryimage\"},\"image\":{\"@id\":\"https:\/\/qingdaohf.com\/product\/woven-cord-strap\/#primaryimage\"},\"thumbnailUrl\":\"https:\/\/qingdaohf.com\/wp-content\/uploads\/2024\/01\/strapping-roll-2.webp\",\"datePublished\":\"2024-01-03T07:51:23+00:00\",\"dateModified\":\"2025-11-13T01:03:39+00:00\",\"description\":\"High-strength woven polyester cord strapping bands provide industries with efficient and trustworthy packaging solutions.\",\"breadcrumb\":{\"@id\":\"https:\/\/qingdaohf.com\/product\/woven-cord-strap\/#breadcrumb\"},\"inLanguage\":\"de\",\"potentialAction\":[{\"@type\":\"ReadAction\",\"target\":[\"https:\/\/qingdaohf.com\/product\/woven-cord-strap\/\"]}]},{\"@type\":\"ImageObject\",\"inLanguage\":\"de\",\"@id\":\"https:\/\/qingdaohf.com\/product\/woven-cord-strap\/#primaryimage\",\"url\":\"https:\/\/qingdaohf.com\/wp-content\/uploads\/2024\/01\/strapping-roll-2.webp\",\"contentUrl\":\"https:\/\/qingdaohf.com\/wp-content\/uploads\/2024\/01\/strapping-roll-2.webp\",\"width\":1000,\"height\":1000,\"caption\":\"strapping roll\"},{\"@type\":\"BreadcrumbList\",\"@id\":\"https:\/\/qingdaohf.com\/product\/woven-cord-strap\/#breadcrumb\",\"itemListElement\":[{\"@type\":\"ListItem\",\"position\":1,\"name\":\"Home\",\"item\":\"https:\/\/qingdaohf.com\/\"},{\"@type\":\"ListItem\",\"position\":2,\"name\":\"Concrete Forming Accessories and Rigging Hardware\",\"item\":\"https:\/\/qingdaohf.com\/bg\/?page_id=944\"},{\"@type\":\"ListItem\",\"position\":3,\"name\":\"Woven Polyester Cord Strapping Band for Packaging\"}]},{\"@type\":\"WebSite\",\"@id\":\"https:\/\/qingdaohf.com\/bg\/#website\",\"url\":\"https:\/\/qingdaohf.com\/bg\/\",\"name\":\"Concrete Form & Rigging Hardware Supplier\",\"description\":\"\",\"publisher\":{\"@id\":\"https:\/\/qingdaohf.com\/bg\/#organization\"},\"potentialAction\":[{\"@type\":\"SearchAction\",\"target\":{\"@type\":\"EntryPoint\",\"urlTemplate\":\"https:\/\/qingdaohf.com\/bg\/?s={search_term_string}\"},\"query-input\":{\"@type\":\"PropertyValueSpecification\",\"valueRequired\":true,\"valueName\":\"search_term_string\"}}],\"inLanguage\":\"de\"},{\"@type\":\"Organization\",\"@id\":\"https:\/\/qingdaohf.com\/bg\/#organization\",\"name\":\"Qingdao H&F\",\"url\":\"https:\/\/qingdaohf.com\/bg\/\",\"logo\":{\"@type\":\"ImageObject\",\"inLanguage\":\"de\",\"@id\":\"https:\/\/qingdaohf.com\/bg\/#\/schema\/logo\/image\/\",\"url\":\"https:\/\/qingdaohf.com\/wp-content\/uploads\/2022\/12\/cropped-HF-LOGO.png\",\"contentUrl\":\"https:\/\/qingdaohf.com\/wp-content\/uploads\/2022\/12\/cropped-HF-LOGO.png\",\"width\":391,\"height\":249,\"caption\":\"Qingdao H&F\"},\"image\":{\"@id\":\"https:\/\/qingdaohf.com\/bg\/#\/schema\/logo\/image\/\"},\"sameAs\":[\"https:\/\/www.facebook.com\/qingdaohf\"]}]}<\/script>\n<!-- \/ Yoast SEO plugin. -->","yoast_head_json":{"title":"Woven Polyester Cord Strapping Band for Packaging","description":"High-strength woven polyester cord strapping bands provide industries with efficient and trustworthy packaging solutions.","robots":{"index":"index","follow":"follow","max-snippet":"max-snippet:-1","max-image-preview":"max-image-preview:large","max-video-preview":"max-video-preview:-1"},"canonical":"https:\/\/qingdaohf.com\/de\/produkt\/umreifung\/","og_locale":"de_DE","og_type":"article","og_title":"Woven Polyester Cord Strapping Band for Packaging","og_description":"High-strength woven polyester cord strapping bands provide industries with efficient and trustworthy packaging solutions.","og_url":"https:\/\/qingdaohf.com\/de\/produkt\/umreifung\/","og_site_name":"Concrete Form &amp; Rigging Hardware Supplier","article_publisher":"https:\/\/www.facebook.com\/qingdaohf","article_modified_time":"2025-11-13T01:03:39+00:00","og_image":[{"width":1000,"height":1000,"url":"https:\/\/qingdaohf.com\/wp-content\/uploads\/2024\/01\/strapping-roll-2.webp","type":"image\/webp"}],"twitter_card":"summary_large_image","twitter_misc":{"Gesch\u00e4tzte Lesezeit":"3\u00a0Minuten"},"schema":{"@context":"https:\/\/schema.org","@graph":[{"@type":"WebPage","@id":"https:\/\/qingdaohf.com\/product\/woven-cord-strap\/","url":"https:\/\/qingdaohf.com\/product\/woven-cord-strap\/","name":"Woven Polyester Cord Strapping Band for Packaging","isPartOf":{"@id":"https:\/\/qingdaohf.com\/bg\/#website"},"primaryImageOfPage":{"@id":"https:\/\/qingdaohf.com\/product\/woven-cord-strap\/#primaryimage"},"image":{"@id":"https:\/\/qingdaohf.com\/product\/woven-cord-strap\/#primaryimage"},"thumbnailUrl":"https:\/\/qingdaohf.com\/wp-content\/uploads\/2024\/01\/strapping-roll-2.webp","datePublished":"2024-01-03T07:51:23+00:00","dateModified":"2025-11-13T01:03:39+00:00","description":"High-strength woven polyester cord strapping bands provide industries with efficient and trustworthy packaging solutions.","breadcrumb":{"@id":"https:\/\/qingdaohf.com\/product\/woven-cord-strap\/#breadcrumb"},"inLanguage":"de","potentialAction":[{"@type":"ReadAction","target":["https:\/\/qingdaohf.com\/product\/woven-cord-strap\/"]}]},{"@type":"ImageObject","inLanguage":"de","@id":"https:\/\/qingdaohf.com\/product\/woven-cord-strap\/#primaryimage","url":"https:\/\/qingdaohf.com\/wp-content\/uploads\/2024\/01\/strapping-roll-2.webp","contentUrl":"https:\/\/qingdaohf.com\/wp-content\/uploads\/2024\/01\/strapping-roll-2.webp","width":1000,"height":1000,"caption":"strapping roll"},{"@type":"BreadcrumbList","@id":"https:\/\/qingdaohf.com\/product\/woven-cord-strap\/#breadcrumb","itemListElement":[{"@type":"ListItem","position":1,"name":"Home","item":"https:\/\/qingdaohf.com\/"},{"@type":"ListItem","position":2,"name":"Concrete Forming Accessories and Rigging Hardware","item":"https:\/\/qingdaohf.com\/bg\/?page_id=944"},{"@type":"ListItem","position":3,"name":"Woven Polyester Cord Strapping Band for Packaging"}]},{"@type":"WebSite","@id":"https:\/\/qingdaohf.com\/bg\/#website","url":"https:\/\/qingdaohf.com\/bg\/","name":"Concrete Form & Rigging Hardware Supplier","description":"","publisher":{"@id":"https:\/\/qingdaohf.com\/bg\/#organization"},"potentialAction":[{"@type":"SearchAction","target":{"@type":"EntryPoint","urlTemplate":"https:\/\/qingdaohf.com\/bg\/?s={search_term_string}"},"query-input":{"@type":"PropertyValueSpecification","valueRequired":true,"valueName":"search_term_string"}}],"inLanguage":"de"},{"@type":"Organization","@id":"https:\/\/qingdaohf.com\/bg\/#organization","name":"Qingdao H&F","url":"https:\/\/qingdaohf.com\/bg\/","logo":{"@type":"ImageObject","inLanguage":"de","@id":"https:\/\/qingdaohf.com\/bg\/#\/schema\/logo\/image\/","url":"https:\/\/qingdaohf.com\/wp-content\/uploads\/2022\/12\/cropped-HF-LOGO.png","contentUrl":"https:\/\/qingdaohf.com\/wp-content\/uploads\/2022\/12\/cropped-HF-LOGO.png","width":391,"height":249,"caption":"Qingdao H&F"},"image":{"@id":"https:\/\/qingdaohf.com\/bg\/#\/schema\/logo\/image\/"},"sameAs":["https:\/\/www.facebook.com\/qingdaohf"]}]}},"_links":{"self":[{"href":"https:\/\/qingdaohf.com\/de\/wp-json\/wp\/v2\/product\/6226","targetHints":{"allow":["GET"]}}],"collection":[{"href":"https:\/\/qingdaohf.com\/de\/wp-json\/wp\/v2\/product"}],"about":[{"href":"https:\/\/qingdaohf.com\/de\/wp-json\/wp\/v2\/types\/product"}],"replies":[{"embeddable":true,"href":"https:\/\/qingdaohf.com\/de\/wp-json\/wp\/v2\/comments?post=6226"}],"version-history":[{"count":11,"href":"https:\/\/qingdaohf.com\/de\/wp-json\/wp\/v2\/product\/6226\/revisions"}],"predecessor-version":[{"id":8881,"href":"https:\/\/qingdaohf.com\/de\/wp-json\/wp\/v2\/product\/6226\/revisions\/8881"}],"wp:featuredmedia":[{"embeddable":true,"href":"https:\/\/qingdaohf.com\/de\/wp-json\/wp\/v2\/media\/6225"}],"wp:attachment":[{"href":"https:\/\/qingdaohf.com\/de\/wp-json\/wp\/v2\/media?parent=6226"}],"wp:term":[{"taxonomy":"product_brand","embeddable":true,"href":"https:\/\/qingdaohf.com\/de\/wp-json\/wp\/v2\/product_brand?post=6226"},{"taxonomy":"product_cat","embeddable":true,"href":"https:\/\/qingdaohf.com\/de\/wp-json\/wp\/v2\/product_cat?post=6226"},{"taxonomy":"product_tag","embeddable":true,"href":"https:\/\/qingdaohf.com\/de\/wp-json\/wp\/v2\/product_tag?post=6226"}],"curies":[{"name":"wp","href":"https:\/\/api.w.org\/{rel}","templated":true}]}}