{"id":6443,"date":"2024-02-02T14:30:53","date_gmt":"2024-02-02T06:30:53","guid":{"rendered":"http:\/\/qingdaohf.com\/?post_type=product&#038;p=6443"},"modified":"2025-11-13T09:03:39","modified_gmt":"2025-11-13T01:03:39","slug":"wholesale-d-shackle-chain-shackle-for-lifting","status":"publish","type":"product","link":"https:\/\/qingdaohf.com\/de\/produkt\/groshandel-d-schakel-kettenschakel-fur-heben\/","title":{"rendered":"Gro\u00dfhandel D Sch\u00e4kel Kettensch\u00e4kel f\u00fcr Heben"},"content":{"rendered":"<p>D-Sch\u00e4kel sind wichtige Komponenten in der Takelage- und Hebezeugindustrie, die f\u00fcr ihre Stabilit\u00e4t und Festigkeit in hochbelasteten Anwendungen gesch\u00e4tzt werden. Mit ihrer charakteristischen U-Form und dem sicheren Bolzenverschluss bieten D-Sch\u00e4kel eine zuverl\u00e4ssige Verbindung f\u00fcr eine Vielzahl von Hebe-, Hebe- und Schleppaufgaben. Die D-Sch\u00e4kel G210 und G2150 von Qingdao H&amp;F geh\u00f6ren zu den beliebtesten Modellen auf dem Markt und werden von Fachleuten in allen Branchen wegen ihrer St\u00e4rke, Haltbarkeit und Anpassungsf\u00e4higkeit gesch\u00e4tzt.<\/p>\n<p>Die Modelle G210 und G2150 sind so konstruiert, dass sie schwere Lasten tragen k\u00f6nnen und gleichzeitig ein hohes Ma\u00df an Sicherheit und Stabilit\u00e4t bieten. Das Modell G210, das f\u00fcr seine Vielseitigkeit und sein abgerundetes Design bekannt ist, wird h\u00e4ufig in Aufbauten verwendet, die Flexibilit\u00e4t erfordern. Im Gegensatz dazu ist das Modell G2150 mit seiner extra schweren Bauweise f\u00fcr extremere Anwendungen ausgelegt und bietet verbesserte Tragf\u00e4higkeiten f\u00fcr h\u00f6here Arbeitsbelastungsgrenzen (WLL). Jedes Modell wird nach pr\u00e4zisen Spezifikationen gefertigt, um die Kompatibilit\u00e4t mit verschiedenen Rigging-Systemen und ein hohes Leistungsniveau unter Druck zu gew\u00e4hrleisten.<\/p>\n<p>Als vertrauensw\u00fcrdiger Gro\u00dfh\u00e4ndler f\u00fcr D-Sch\u00e4kel ist Qingdao H&amp;F bestrebt, Produkte von h\u00f6chster Qualit\u00e4t zu liefern, die den strengen Anforderungen von Hebe- und Takelprofis entsprechen. Mit einer Vielzahl von Gr\u00f6\u00dfen und WLLs, von 0,33 Tonnen bis 150 Tonnen und Gr\u00f6\u00dfen von 1\/4 Zoll bis 3 Zoll, ist unser Bestand darauf ausgelegt, K\u00e4ufer zu bedienen, die zuverl\u00e4ssige L\u00f6sungen f\u00fcr Projekte jeder Gr\u00f6\u00dfenordnung suchen.<\/p>\n<h3>Vorteile der Entscheidung f\u00fcr Qingdao H&amp;F: Ma\u00dfgeschneiderter Service und effiziente Lieferung<\/h3>\n<p>Wir bei Qingdao H&amp;F wissen, wie wichtig eine reibungslose und effiziente Einkaufserfahrung ist. Eink\u00e4ufer legen Wert auf Qualit\u00e4t, Schnelligkeit und Vertrauen in ihre Lieferanten, weshalb wir einen kundenorientierten Serviceansatz entwickelt haben. Jeder Kunde profitiert von unserem pers\u00f6nlichen Kundenservice, der daf\u00fcr sorgt, dass er das am besten geeignete Sch\u00e4kelmodell f\u00fcr seine spezifischen Anforderungen findet. Wir arbeiten eng mit den K\u00e4ufern zusammen, um ihre Projektanforderungen zu verstehen, und helfen ihnen bei der Wahl zwischen dem vielseitigen G210 oder dem Hochleistungssch\u00e4kel G2150, die beide f\u00fcr ihre Zuverl\u00e4ssigkeit in anspruchsvollen Umgebungen bekannt sind.<\/p>\n<p>\u00dcber die Produktqualit\u00e4t hinaus legt unser Servicemodell gro\u00dfen Wert auf schnelle Lieferzyklen und vollst\u00e4ndige Transparenz und liefert mit jeder Lieferung Qualit\u00e4tspr\u00fcfungsberichte. In diesen Berichten werden die Spezifikationen, die Leistung und die Sicherheitsstandards unserer Sch\u00e4kel detailliert beschrieben, sodass die K\u00e4ufer Vertrauen in ihren Kauf haben und sicher sein k\u00f6nnen, dass das Produkt sofort einsatzbereit ist. Durch die Gew\u00e4hrleistung einer effizienten Logistik und eines optimierten Serviceprozesses minimiert Qingdao H&amp;F Verz\u00f6gerungen und hilft seinen Kunden, die Dynamik ihrer Projekte aufrechtzuerhalten.<\/p>\n<p>Das Vertrauen unserer Kunden beruht auf unserem Engagement f\u00fcr die Lieferung qualitativ hochwertiger Produkte, unterst\u00fctzt von einem reaktionsschnellen Team, das die Anforderungen schwerer Hebeanwendungen kennt. Mit Qingdao H&amp;F erleben K\u00e4ufer einen proaktiven Ansatz f\u00fcr Rigging-L\u00f6sungen, der sich auf Effizienz, Qualit\u00e4t und Zuverl\u00e4ssigkeit konzentriert.<\/p>\n<h3>G210 und G2150 D-Sch\u00e4kel: Eine Reihe von Belastungsgrenzen und Gr\u00f6\u00dfen<\/h3>\n<p>Unterschiedliche Projektanforderungen erfordern eine gro\u00dfe Auswahl an Gr\u00f6\u00dfen und Arbeitsbelastungsgrenzen (WLLs), und unsere Sch\u00e4kel G210 und G2150 bieten genau diese Flexibilit\u00e4t. Jedes Modell ist mit WLLs von 0,33 Tonnen bis zu 150 Tonnen erh\u00e4ltlich, so dass die K\u00e4ufer die Sch\u00e4kel ausw\u00e4hlen k\u00f6nnen, die am besten zu den spezifischen Anforderungen ihrer Anwendungen passen. Dank dieser umfassenden Palette eignen sich unsere Sch\u00e4kel sowohl f\u00fcr leichtere Takelarbeiten als auch f\u00fcr die anspruchsvollsten lasttragenden Anwendungen und gew\u00e4hrleisten Anpassungsf\u00e4higkeit ohne Leistungseinbu\u00dfen.<\/p>\n<p>Unsere Sch\u00e4kel G210 und G2150 sind ebenfalls in verschiedenen Gr\u00f6\u00dfen erh\u00e4ltlich, von 1\/4 Zoll bis 3 Zoll. Das Modell G210 zeichnet sich durch ein kompakteres Design aus und eignet sich f\u00fcr moderate Hebeaufgaben, bei denen Flexibilit\u00e4t erforderlich ist. Das Modell G2150 hingegen ist f\u00fcr Anwendungen mit h\u00f6herer Festigkeit ausgelegt und verf\u00fcgt \u00fcber eine zus\u00e4tzliche Haltbarkeit, um auch den intensivsten Hebebedingungen standzuhalten. Jede Sch\u00e4kelgr\u00f6\u00dfe wird einem sorgf\u00e4ltigen Kalibrierungsprozess unterzogen, um eine einheitliche Qualit\u00e4t und Leistung zu gew\u00e4hrleisten, so dass die K\u00e4ufer unabh\u00e4ngig von den Projektanforderungen auf gleichbleibende Ergebnisse vertrauen k\u00f6nnen.<\/p>\n<p>Mit dem G210 und dem G2150 stehen den K\u00e4ufern Sch\u00e4kel zur Verf\u00fcgung, die verschiedene Rigging-Herausforderungen bew\u00e4ltigen und komplexe Projekte zuverl\u00e4ssig unterst\u00fctzen k\u00f6nnen. Diese Modelle sind f\u00fcr ihre herausragende Leistung bekannt, was sie zur bevorzugten Wahl f\u00fcr Takelprofis macht.<\/p>\n<p><strong>G210-Sch\u00e4kel<\/strong><\/p>\n<p><img fetchpriority=\"high\" decoding=\"async\" class=\"alignnone size-full wp-image-3813\" src=\"http:\/\/qingdaohf.com\/wp-content\/uploads\/2023\/05\/G209-G210-shackle.jpg\" alt=\"G209 G210-Sch\u00e4kel\" width=\"1000\" height=\"1296\" srcset=\"https:\/\/qingdaohf.com\/wp-content\/uploads\/2023\/05\/G209-G210-shackle.jpg 1000w, https:\/\/qingdaohf.com\/wp-content\/uploads\/2023\/05\/G209-G210-shackle-231x300.jpg 231w, https:\/\/qingdaohf.com\/wp-content\/uploads\/2023\/05\/G209-G210-shackle-790x1024.jpg 790w, https:\/\/qingdaohf.com\/wp-content\/uploads\/2023\/05\/G209-G210-shackle-768x995.jpg 768w\" sizes=\"(max-width: 1000px) 100vw, 1000px\" \/><\/p>\n<p><strong>G2150-Sch\u00e4kel<\/strong><\/p>\n<p>&nbsp;<\/p>\n<p><img decoding=\"async\" class=\"alignnone size-full wp-image-3817\" src=\"http:\/\/qingdaohf.com\/wp-content\/uploads\/2023\/05\/2150.jpg\" alt=\"2150 Sch\u00e4kel\" width=\"1000\" height=\"950\" srcset=\"https:\/\/qingdaohf.com\/wp-content\/uploads\/2023\/05\/2150.jpg 1000w, https:\/\/qingdaohf.com\/wp-content\/uploads\/2023\/05\/2150-300x285.jpg 300w, https:\/\/qingdaohf.com\/wp-content\/uploads\/2023\/05\/2150-768x730.jpg 768w\" sizes=\"(max-width: 1000px) 100vw, 1000px\" \/><\/p>\n<h3>Qualit\u00e4ts- und Sicherheitsstandards: Strenge Tests f\u00fcr verl\u00e4ssliche Leistung<\/h3>\n<p>Sicherheit und Qualit\u00e4t sind grundlegende Aspekte unseres Herstellungsprozesses bei Qingdao H&amp;F. Jeder G210- und G2150-D-Sch\u00e4kel wird einer strengen Qualit\u00e4tskontrolle unterzogen, um sicherzustellen, dass er den internationalen Sicherheitsstandards entspricht. Wir wissen, dass D-Sch\u00e4kel eine entscheidende Rolle bei der Lastaufnahme spielen, und deshalb werden unsere Produkte auf ihre gleichbleibende Leistung unter Druck getestet. Von der Produktion bis zur Endkontrolle verfolgen wir einen gr\u00fcndlichen Ansatz zur Qualit\u00e4tssicherung, der zu Produkten f\u00fchrt, denen die K\u00e4ufer vertrauen k\u00f6nnen.<\/p>\n<p>Unsere D-Sch\u00e4kel sind so konstruiert, dass sie Verschlei\u00df, Korrosion und anderen Faktoren widerstehen, die die Leistung in rauen Umgebungen beeintr\u00e4chtigen k\u00f6nnten. Ganz gleich, ob sie im Baugewerbe, bei industriellen Hebevorg\u00e4ngen oder in der Schifffahrt eingesetzt werden, unsere Modelle G210 und G2150 sind auf Langlebigkeit ausgelegt und bieten auch bei l\u00e4ngerem Einsatz zuverl\u00e4ssige Festigkeit. Unser Engagement f\u00fcr Qualit\u00e4t geht \u00fcber das Produkt selbst hinaus, da wir mit jeder Lieferung detaillierte Qualit\u00e4tspr\u00fcfungsberichte anbieten, die den K\u00e4ufern volle Transparenz \u00fcber die Spezifikationen und Sicherheitsstandards jedes von ihnen erworbenen Sch\u00e4kels bieten.<\/p>\n<p>Durch die Einhaltung hoher Standards im gesamten Produktionsprozess und die Bereitstellung klarer, leicht zug\u00e4nglicher Produktinformationen setzt Qingdao H&amp;F weiterhin hohe Ma\u00dfst\u00e4be f\u00fcr Qualit\u00e4t und Sicherheit in der Takelagebranche.<\/p>\n<h3>Schlussfolgerung zu D-Sch\u00e4kel<\/h3>\n<p>Die Sch\u00e4kel G210 und G2150 D von Qingdao H&amp;F bieten K\u00e4ufern robuste L\u00f6sungen f\u00fcr ihre Hebe- und Takelanforderungen. Mit ihrer Vielseitigkeit und St\u00e4rke erf\u00fcllen diese Modelle die Anforderungen verschiedener Branchen, vom Baugewerbe bis zur Schifffahrt. K\u00e4ufer vertrauen darauf, dass unsere D-Sch\u00e4kel eine gleichbleibende Leistung erbringen, unterst\u00fctzt durch unser Engagement f\u00fcr kundenorientierten Service, schnelle Lieferung und transparente Qualit\u00e4tsberichte. Mit Qingdao H&amp;F investieren K\u00e4ufer nicht nur in langlebige, leistungsstarke Hardware, sondern auch in eine Partnerschaft, die auf Vertrauen, Fachwissen und dem Engagement f\u00fcr den Erfolg des Kunden beruht. Wir laden K\u00e4ufer ein, den Unterschied zu entdecken, den unsere Produkte und unser Service f\u00fcr sichere und zuverl\u00e4ssige Takelarbeiten ausmachen k\u00f6nnen.<\/p>","protected":false},"excerpt":{"rendered":"<p>Unsere D-Sch\u00e4kel sind mit Arbeitsbelastungsgrenzen (WLLs) von 0,33 bis 150 Tonnen und Gr\u00f6\u00dfen von 1\/4 Zoll bis 3 Zoll erh\u00e4ltlich und eignen sich somit f\u00fcr Anwendungen im Bauwesen, in der Schifffahrt und in der Industrie. Da wir die Hauptanliegen der K\u00e4ufer kennen, gew\u00e4hrleisten wir einen reibungslosen Einkauf mit einem pers\u00f6nlichen Kundenservice, einem schnellen Lieferzyklus und detaillierten Qualit\u00e4tspr\u00fcfungsberichten f\u00fcr jedes Produkt. Unser Ziel ist es, unsere Kunden mit den zuverl\u00e4ssigen, leistungsstarken Produkten zu unterst\u00fctzen, die sie f\u00fcr anspruchsvolle Umgebungen ben\u00f6tigen.<\/p>","protected":false},"featured_media":6470,"comment_status":"open","ping_status":"closed","template":"","meta":{"site-sidebar-layout":"default","site-content-layout":"","ast-site-content-layout":"default","site-content-style":"default","site-sidebar-style":"default","ast-global-header-display":"","ast-banner-title-visibility":"","ast-main-header-display":"","ast-hfb-above-header-display":"","ast-hfb-below-header-display":"","ast-hfb-mobile-header-display":"","site-post-title":"","ast-breadcrumbs-content":"","ast-featured-img":"","footer-sml-layout":"","theme-transparent-header-meta":"default","adv-header-id-meta":"","stick-header-meta":"default","header-above-stick-meta":"","header-main-stick-meta":"","header-below-stick-meta":"","astra-migrate-meta-layouts":"set","ast-page-background-enabled":"default","ast-page-background-meta":{"desktop":{"background-color":"","background-image":"","background-repeat":"repeat","background-position":"center center","background-size":"auto","background-attachment":"scroll","background-type":"","background-media":"","overlay-type":"","overlay-color":"","overlay-opacity":"","overlay-gradient":""},"tablet":{"background-color":"","background-image":"","background-repeat":"repeat","background-position":"center center","background-size":"auto","background-attachment":"scroll","background-type":"","background-media":"","overlay-type":"","overlay-color":"","overlay-opacity":"","overlay-gradient":""},"mobile":{"background-color":"","background-image":"","background-repeat":"repeat","background-position":"center center","background-size":"auto","background-attachment":"scroll","background-type":"","background-media":"","overlay-type":"","overlay-color":"","overlay-opacity":"","overlay-gradient":""}},"ast-content-background-meta":{"desktop":{"background-color":"var(--ast-global-color-5)","background-image":"","background-repeat":"repeat","background-position":"center center","background-size":"auto","background-attachment":"scroll","background-type":"","background-media":"","overlay-type":"","overlay-color":"","overlay-opacity":"","overlay-gradient":""},"tablet":{"background-color":"var(--ast-global-color-5)","background-image":"","background-repeat":"repeat","background-position":"center center","background-size":"auto","background-attachment":"scroll","background-type":"","background-media":"","overlay-type":"","overlay-color":"","overlay-opacity":"","overlay-gradient":""},"mobile":{"background-color":"var(--ast-global-color-5)","background-image":"","background-repeat":"repeat","background-position":"center center","background-size":"auto","background-attachment":"scroll","background-type":"","background-media":"","overlay-type":"","overlay-color":"","overlay-opacity":"","overlay-gradient":""}}},"product_brand":[],"product_cat":[51,54],"product_tag":[],"class_list":{"0":"post-6443","1":"product","2":"type-product","3":"status-publish","4":"has-post-thumbnail","6":"product_cat-riggging-hardware","7":"product_cat-shackle","8":"desktop-align-left","9":"tablet-align-left","10":"mobile-align-left","11":"ast-product-gallery-layout-horizontal-slider","12":"ast-product-tabs-layout-horizontal","14":"first","15":"instock","16":"shipping-taxable","17":"purchasable","18":"product-type-simple"},"yoast_head":"<!-- This site is optimized with the Yoast SEO plugin v25.2 - https:\/\/yoast.com\/wordpress\/plugins\/seo\/ -->\n<title>Wholesale D Shackle Chain Shackle for Lifting<\/title>\n<meta name=\"description\" content=\"Dee shackles, are engineered for durability and strength, ensuring dependable performance in diverse environments.\" \/>\n<meta name=\"robots\" content=\"index, follow, max-snippet:-1, max-image-preview:large, max-video-preview:-1\" \/>\n<link rel=\"canonical\" href=\"https:\/\/qingdaohf.com\/de\/produkt\/groshandel-d-schakel-kettenschakel-fur-heben\/\" \/>\n<meta property=\"og:locale\" content=\"de_DE\" \/>\n<meta property=\"og:type\" content=\"article\" \/>\n<meta property=\"og:title\" content=\"Wholesale D Shackle Chain Shackle for Lifting\" \/>\n<meta property=\"og:description\" content=\"Dee shackles, are engineered for durability and strength, ensuring dependable performance in diverse environments.\" \/>\n<meta property=\"og:url\" content=\"https:\/\/qingdaohf.com\/de\/produkt\/groshandel-d-schakel-kettenschakel-fur-heben\/\" \/>\n<meta property=\"og:site_name\" content=\"Concrete Form &amp; Rigging Hardware Supplier\" \/>\n<meta property=\"article:publisher\" content=\"https:\/\/www.facebook.com\/qingdaohf\" \/>\n<meta property=\"article:modified_time\" content=\"2025-11-13T01:03:39+00:00\" \/>\n<meta property=\"og:image\" content=\"https:\/\/qingdaohf.com\/wp-content\/uploads\/2024\/02\/HF-SHACKLE-6.jpg\" \/>\n\t<meta property=\"og:image:width\" content=\"1000\" \/>\n\t<meta property=\"og:image:height\" content=\"1000\" \/>\n\t<meta property=\"og:image:type\" content=\"image\/jpeg\" \/>\n<meta name=\"twitter:card\" content=\"summary_large_image\" \/>\n<meta name=\"twitter:label1\" content=\"Gesch\u00e4tzte Lesezeit\" \/>\n\t<meta name=\"twitter:data1\" content=\"5\u00a0Minuten\" \/>\n<script type=\"application\/ld+json\" class=\"yoast-schema-graph\">{\"@context\":\"https:\/\/schema.org\",\"@graph\":[{\"@type\":\"WebPage\",\"@id\":\"https:\/\/qingdaohf.com\/product\/wholesale-d-shackle-chain-shackle-for-lifting\/\",\"url\":\"https:\/\/qingdaohf.com\/product\/wholesale-d-shackle-chain-shackle-for-lifting\/\",\"name\":\"Wholesale D Shackle Chain Shackle for Lifting\",\"isPartOf\":{\"@id\":\"https:\/\/qingdaohf.com\/bg\/#website\"},\"primaryImageOfPage\":{\"@id\":\"https:\/\/qingdaohf.com\/product\/wholesale-d-shackle-chain-shackle-for-lifting\/#primaryimage\"},\"image\":{\"@id\":\"https:\/\/qingdaohf.com\/product\/wholesale-d-shackle-chain-shackle-for-lifting\/#primaryimage\"},\"thumbnailUrl\":\"https:\/\/qingdaohf.com\/wp-content\/uploads\/2024\/02\/HF-SHACKLE-6.jpg\",\"datePublished\":\"2024-02-02T06:30:53+00:00\",\"dateModified\":\"2025-11-13T01:03:39+00:00\",\"description\":\"Dee shackles, are engineered for durability and strength, ensuring dependable performance in diverse environments.\",\"breadcrumb\":{\"@id\":\"https:\/\/qingdaohf.com\/product\/wholesale-d-shackle-chain-shackle-for-lifting\/#breadcrumb\"},\"inLanguage\":\"de\",\"potentialAction\":[{\"@type\":\"ReadAction\",\"target\":[\"https:\/\/qingdaohf.com\/product\/wholesale-d-shackle-chain-shackle-for-lifting\/\"]}]},{\"@type\":\"ImageObject\",\"inLanguage\":\"de\",\"@id\":\"https:\/\/qingdaohf.com\/product\/wholesale-d-shackle-chain-shackle-for-lifting\/#primaryimage\",\"url\":\"https:\/\/qingdaohf.com\/wp-content\/uploads\/2024\/02\/HF-SHACKLE-6.jpg\",\"contentUrl\":\"https:\/\/qingdaohf.com\/wp-content\/uploads\/2024\/02\/HF-SHACKLE-6.jpg\",\"width\":1000,\"height\":1000,\"caption\":\"D SHACKLE\"},{\"@type\":\"BreadcrumbList\",\"@id\":\"https:\/\/qingdaohf.com\/product\/wholesale-d-shackle-chain-shackle-for-lifting\/#breadcrumb\",\"itemListElement\":[{\"@type\":\"ListItem\",\"position\":1,\"name\":\"Home\",\"item\":\"https:\/\/qingdaohf.com\/\"},{\"@type\":\"ListItem\",\"position\":2,\"name\":\"Concrete Forming Accessories and Rigging Hardware\",\"item\":\"https:\/\/qingdaohf.com\/bg\/?page_id=944\"},{\"@type\":\"ListItem\",\"position\":3,\"name\":\"Wholesale D Shackle Chain Shackle for Lifting\"}]},{\"@type\":\"WebSite\",\"@id\":\"https:\/\/qingdaohf.com\/bg\/#website\",\"url\":\"https:\/\/qingdaohf.com\/bg\/\",\"name\":\"Concrete Form & Rigging Hardware Supplier\",\"description\":\"\",\"publisher\":{\"@id\":\"https:\/\/qingdaohf.com\/bg\/#organization\"},\"potentialAction\":[{\"@type\":\"SearchAction\",\"target\":{\"@type\":\"EntryPoint\",\"urlTemplate\":\"https:\/\/qingdaohf.com\/bg\/?s={search_term_string}\"},\"query-input\":{\"@type\":\"PropertyValueSpecification\",\"valueRequired\":true,\"valueName\":\"search_term_string\"}}],\"inLanguage\":\"de\"},{\"@type\":\"Organization\",\"@id\":\"https:\/\/qingdaohf.com\/bg\/#organization\",\"name\":\"Qingdao H&F\",\"url\":\"https:\/\/qingdaohf.com\/bg\/\",\"logo\":{\"@type\":\"ImageObject\",\"inLanguage\":\"de\",\"@id\":\"https:\/\/qingdaohf.com\/bg\/#\/schema\/logo\/image\/\",\"url\":\"https:\/\/qingdaohf.com\/wp-content\/uploads\/2022\/12\/cropped-HF-LOGO.png\",\"contentUrl\":\"https:\/\/qingdaohf.com\/wp-content\/uploads\/2022\/12\/cropped-HF-LOGO.png\",\"width\":391,\"height\":249,\"caption\":\"Qingdao H&F\"},\"image\":{\"@id\":\"https:\/\/qingdaohf.com\/bg\/#\/schema\/logo\/image\/\"},\"sameAs\":[\"https:\/\/www.facebook.com\/qingdaohf\"]}]}<\/script>\n<!-- \/ Yoast SEO plugin. -->","yoast_head_json":{"title":"Wholesale D Shackle Chain Shackle for Lifting","description":"Dee shackles, are engineered for durability and strength, ensuring dependable performance in diverse environments.","robots":{"index":"index","follow":"follow","max-snippet":"max-snippet:-1","max-image-preview":"max-image-preview:large","max-video-preview":"max-video-preview:-1"},"canonical":"https:\/\/qingdaohf.com\/de\/produkt\/groshandel-d-schakel-kettenschakel-fur-heben\/","og_locale":"de_DE","og_type":"article","og_title":"Wholesale D Shackle Chain Shackle for Lifting","og_description":"Dee shackles, are engineered for durability and strength, ensuring dependable performance in diverse environments.","og_url":"https:\/\/qingdaohf.com\/de\/produkt\/groshandel-d-schakel-kettenschakel-fur-heben\/","og_site_name":"Concrete Form &amp; Rigging Hardware Supplier","article_publisher":"https:\/\/www.facebook.com\/qingdaohf","article_modified_time":"2025-11-13T01:03:39+00:00","og_image":[{"width":1000,"height":1000,"url":"https:\/\/qingdaohf.com\/wp-content\/uploads\/2024\/02\/HF-SHACKLE-6.jpg","type":"image\/jpeg"}],"twitter_card":"summary_large_image","twitter_misc":{"Gesch\u00e4tzte Lesezeit":"5\u00a0Minuten"},"schema":{"@context":"https:\/\/schema.org","@graph":[{"@type":"WebPage","@id":"https:\/\/qingdaohf.com\/product\/wholesale-d-shackle-chain-shackle-for-lifting\/","url":"https:\/\/qingdaohf.com\/product\/wholesale-d-shackle-chain-shackle-for-lifting\/","name":"Wholesale D Shackle Chain Shackle for Lifting","isPartOf":{"@id":"https:\/\/qingdaohf.com\/bg\/#website"},"primaryImageOfPage":{"@id":"https:\/\/qingdaohf.com\/product\/wholesale-d-shackle-chain-shackle-for-lifting\/#primaryimage"},"image":{"@id":"https:\/\/qingdaohf.com\/product\/wholesale-d-shackle-chain-shackle-for-lifting\/#primaryimage"},"thumbnailUrl":"https:\/\/qingdaohf.com\/wp-content\/uploads\/2024\/02\/HF-SHACKLE-6.jpg","datePublished":"2024-02-02T06:30:53+00:00","dateModified":"2025-11-13T01:03:39+00:00","description":"Dee shackles, are engineered for durability and strength, ensuring dependable performance in diverse environments.","breadcrumb":{"@id":"https:\/\/qingdaohf.com\/product\/wholesale-d-shackle-chain-shackle-for-lifting\/#breadcrumb"},"inLanguage":"de","potentialAction":[{"@type":"ReadAction","target":["https:\/\/qingdaohf.com\/product\/wholesale-d-shackle-chain-shackle-for-lifting\/"]}]},{"@type":"ImageObject","inLanguage":"de","@id":"https:\/\/qingdaohf.com\/product\/wholesale-d-shackle-chain-shackle-for-lifting\/#primaryimage","url":"https:\/\/qingdaohf.com\/wp-content\/uploads\/2024\/02\/HF-SHACKLE-6.jpg","contentUrl":"https:\/\/qingdaohf.com\/wp-content\/uploads\/2024\/02\/HF-SHACKLE-6.jpg","width":1000,"height":1000,"caption":"D SHACKLE"},{"@type":"BreadcrumbList","@id":"https:\/\/qingdaohf.com\/product\/wholesale-d-shackle-chain-shackle-for-lifting\/#breadcrumb","itemListElement":[{"@type":"ListItem","position":1,"name":"Home","item":"https:\/\/qingdaohf.com\/"},{"@type":"ListItem","position":2,"name":"Concrete Forming Accessories and Rigging Hardware","item":"https:\/\/qingdaohf.com\/bg\/?page_id=944"},{"@type":"ListItem","position":3,"name":"Wholesale D Shackle Chain Shackle for Lifting"}]},{"@type":"WebSite","@id":"https:\/\/qingdaohf.com\/bg\/#website","url":"https:\/\/qingdaohf.com\/bg\/","name":"Concrete Form & Rigging Hardware Supplier","description":"","publisher":{"@id":"https:\/\/qingdaohf.com\/bg\/#organization"},"potentialAction":[{"@type":"SearchAction","target":{"@type":"EntryPoint","urlTemplate":"https:\/\/qingdaohf.com\/bg\/?s={search_term_string}"},"query-input":{"@type":"PropertyValueSpecification","valueRequired":true,"valueName":"search_term_string"}}],"inLanguage":"de"},{"@type":"Organization","@id":"https:\/\/qingdaohf.com\/bg\/#organization","name":"Qingdao H&F","url":"https:\/\/qingdaohf.com\/bg\/","logo":{"@type":"ImageObject","inLanguage":"de","@id":"https:\/\/qingdaohf.com\/bg\/#\/schema\/logo\/image\/","url":"https:\/\/qingdaohf.com\/wp-content\/uploads\/2022\/12\/cropped-HF-LOGO.png","contentUrl":"https:\/\/qingdaohf.com\/wp-content\/uploads\/2022\/12\/cropped-HF-LOGO.png","width":391,"height":249,"caption":"Qingdao H&F"},"image":{"@id":"https:\/\/qingdaohf.com\/bg\/#\/schema\/logo\/image\/"},"sameAs":["https:\/\/www.facebook.com\/qingdaohf"]}]}},"_links":{"self":[{"href":"https:\/\/qingdaohf.com\/de\/wp-json\/wp\/v2\/product\/6443","targetHints":{"allow":["GET"]}}],"collection":[{"href":"https:\/\/qingdaohf.com\/de\/wp-json\/wp\/v2\/product"}],"about":[{"href":"https:\/\/qingdaohf.com\/de\/wp-json\/wp\/v2\/types\/product"}],"replies":[{"embeddable":true,"href":"https:\/\/qingdaohf.com\/de\/wp-json\/wp\/v2\/comments?post=6443"}],"version-history":[{"count":10,"href":"https:\/\/qingdaohf.com\/de\/wp-json\/wp\/v2\/product\/6443\/revisions"}],"predecessor-version":[{"id":8212,"href":"https:\/\/qingdaohf.com\/de\/wp-json\/wp\/v2\/product\/6443\/revisions\/8212"}],"wp:featuredmedia":[{"embeddable":true,"href":"https:\/\/qingdaohf.com\/de\/wp-json\/wp\/v2\/media\/6470"}],"wp:attachment":[{"href":"https:\/\/qingdaohf.com\/de\/wp-json\/wp\/v2\/media?parent=6443"}],"wp:term":[{"taxonomy":"product_brand","embeddable":true,"href":"https:\/\/qingdaohf.com\/de\/wp-json\/wp\/v2\/product_brand?post=6443"},{"taxonomy":"product_cat","embeddable":true,"href":"https:\/\/qingdaohf.com\/de\/wp-json\/wp\/v2\/product_cat?post=6443"},{"taxonomy":"product_tag","embeddable":true,"href":"https:\/\/qingdaohf.com\/de\/wp-json\/wp\/v2\/product_tag?post=6443"}],"curies":[{"name":"wp","href":"https:\/\/api.w.org\/{rel}","templated":true}]}}