{"id":6504,"date":"2024-02-05T09:54:52","date_gmt":"2024-02-05T01:54:52","guid":{"rendered":"http:\/\/qingdaohf.com\/?post_type=product&#038;p=6504"},"modified":"2025-11-13T09:03:38","modified_gmt":"2025-11-13T01:03:38","slug":"bent-eye-bolt","status":"publish","type":"product","link":"https:\/\/qingdaohf.com\/de\/produkt\/verbogene-augenschraube\/","title":{"rendered":"Gebogene Augenschraube"},"content":{"rendered":"<h2 class=\"text-2xl font-bold mt-1 text-text-200\">Technische Exzellenz: Die gebogene Ringschraube<\/h2>\n<p class=\"whitespace-pre-wrap break-words\">Die gebogene Ringschraube ist ein Beispiel f\u00fcr praktische Technik vom Feinsten. Die gebogene Form folgt nicht dem Design herk\u00f6mmlicher Befestigungselemente, sondern revolutioniert die Lastverteilung, was sie zu einem unverzichtbaren Element f\u00fcr Schwerlastanwendungen in den Bereichen Takelage, Abschleppen und Maschinensicherung macht.<\/p>\n<div class=\"ast-oembed-container\" style=\"height: 100%;\"><iframe title=\"Verbessern Sie Ihre Rigging-L\u00f6sungen mit unseren gebogenen Augenschrauben!\" width=\"500\" height=\"281\" src=\"https:\/\/www.youtube.com\/embed\/hRsRZXPqmSo?feature=oembed\" frameborder=\"0\" allow=\"accelerometer; autoplay; clipboard-write; encrypted-media; gyroscope; picture-in-picture; web-share\" referrerpolicy=\"strict-origin-when-cross-origin\" allowfullscreen><\/iframe><\/div>\n<h2 class=\"text-xl font-bold text-text-200 mt-1 -mb-0.5\">Kerntechnik und Materialien<\/h2>\n<p class=\"whitespace-pre-wrap break-words\">Die Ingenieure w\u00e4hlen sorgf\u00e4ltig hochwertige Metalle aus, die korrosionsbest\u00e4ndig sind und gleichzeitig starken mechanischen Belastungen standhalten. Der strategische Biegeprozess reduziert Spannungskonzentrationspunkte - ein typischer Schwachpunkt bei herk\u00f6mmlichen Augenbolzen. Diese durchdachte Technik f\u00fchrt zu einer beeindruckenden Langlebigkeit auch unter anspruchsvollen Bedingungen. Jedes Bauteil wird pr\u00e4zise bearbeitet, um die Stabilit\u00e4t bei dynamischen Vorg\u00e4ngen zu gew\u00e4hrleisten.<\/p>\n<p class=\"whitespace-pre-wrap break-words\">Bei der Herstellung werden modernste Techniken eingesetzt und gleichzeitig strenge Qualit\u00e4tsstandards eingehalten. Vor dem Versand wird jede Schraube umfangreichen Tests auf Ma\u00dfhaltigkeit, Materialfestigkeit und Belastbarkeit unterzogen. Diese umfassenden Bewertungen, die im Mittelpunkt unseres Qualit\u00e4tssystems stehen, zeigen, dass unsere Produkte die Anforderungen der Branche stets \u00fcbertreffen. Wir sorgen f\u00fcr vollst\u00e4ndige Transparenz, indem wir mit der Lieferung eine detaillierte Pr\u00fcfdokumentation mitliefern.<\/p>\n<h2 class=\"text-xl font-bold text-text-200 mt-1 -mb-0.5\">Real-World-Anwendungen und Einrichtung<\/h2>\n<h3 class=\"text-lg font-bold text-text-200 mt-1 -mb-1.5\">Umsetzung in der Industrie<\/h3>\n<p class=\"whitespace-pre-wrap break-words\">Von Baustellen bis zu Hochseeschiffen verlassen sich Fachleute auf gebogene Augenschrauben, um wertvolle Ausr\u00fcstung zu sch\u00fctzen. Die Vielseitigkeit des Designs eignet sich f\u00fcr verschiedene Szenarien, die sowohl Flexibilit\u00e4t als auch strukturelle Integrit\u00e4t erfordern. Ob beim Heben schwerer Lasten, beim Sichern von Ausr\u00fcstungen bei rauem Wetter oder beim Verbinden von Industriemaschinenkomponenten - diese Bolzen sind unverzichtbar. Ihre spezielle Form sorgt f\u00fcr eine optimale Kraftverteilung und h\u00e4lt die Lasten w\u00e4hrend des Betriebs im Gleichgewicht.<\/p>\n<h3 class=\"text-lg font-bold text-text-200 mt-1 -mb-1.5\">Benutzerfreundliche Installation<\/h3>\n<p class=\"whitespace-pre-wrap break-words\">Dank des intuitiven Designs, das die Einarbeitungszeit verk\u00fcrzt, beherrschen die Arbeiter den unkomplizierten Installationsprozess schnell. Die einzigartige Kurve des Bolzens erm\u00f6glicht eine sichere Befestigung an verschiedenen Materialien - von Stahltr\u00e4gern bis hin zu Beton. Diese Anpassungsf\u00e4higkeit rationalisiert die Montage und verk\u00fcrzt die Ausfallzeiten bei der Wartung, was die betriebliche Effizienz direkt verbessert und die Kosten senkt.<\/p>\n<h3 class=\"text-lg font-bold text-text-200 mt-1 -mb-1.5\">Verbesserte Sicherheitsmerkmale<\/h3>\n<p class=\"whitespace-pre-wrap break-words\">Die gebogene Ringschraube erf\u00fcllt die wichtigsten Sicherheitsanforderungen durch intelligente Technik. Die Anwender vertrauen darauf, dass sie ein Verrutschen oder eine falsche Ausrichtung unter Last verhindert. Die berechnete Augenkurve lenkt die Kr\u00e4fte von potenziellen Fehlerpunkten weg und minimiert so das Ausfallrisiko bei kritischen Aufgaben. Unternehmen, die diese Bolzen verwenden, berichten in der Regel von weniger Zwischenf\u00e4llen und einer h\u00f6heren Zuverl\u00e4ssigkeit.<\/p>\n<h2 class=\"text-xl font-bold text-text-200 mt-1 -mb-0.5\">Qualit\u00e4tssicherung und Unterst\u00fctzung<\/h2>\n<h3 class=\"text-lg font-bold text-text-200 mt-1 -mb-1.5\">Strenges Pr\u00fcfprotokoll<\/h3>\n<p class=\"whitespace-pre-wrap break-words\">Jede Schraube wird einer umfassenden Bewertung unterzogen, bevor sie unser Werk verl\u00e4sst. Da wir sicherheitskritische Anwendungen verstehen, f\u00fchren wir eine detaillierte Leistungsdokumentation. In unseren Qualit\u00e4tsberichten werden spezifische Messwerte und Materialeigenschaften beschrieben, die die langfristige Zuverl\u00e4ssigkeit unter harten Bedingungen belegen.<\/p>\n<h3 class=\"text-lg font-bold text-text-200 mt-1 -mb-1.5\">Kundenorientierter Service<\/h3>\n<p class=\"whitespace-pre-wrap break-words\">Wir verbinden technisches Fachwissen mit pers\u00f6nlicher Betreuung. Unsere Kunden erhalten engagierten Support f\u00fcr Fragen vor dem Kauf und laufende Unterst\u00fctzung. Unser Team bietet detaillierte Anleitungen zur Installation, Wartung und Fehlerbehebung. Dieser Ansatz gew\u00e4hrleistet eine umfassende Unterst\u00fctzung w\u00e4hrend des gesamten Produktlebenszyklus. Eine schnelle Lieferung erh\u00f6ht die Zufriedenheit zus\u00e4tzlich, da Projektverz\u00f6gerungen minimiert werden.<\/p>\n<h3 class=\"text-lg font-bold text-text-200 mt-1 -mb-1.5\">Kontinuierliche Innovation<\/h3>\n<p class=\"whitespace-pre-wrap break-words\">Regelm\u00e4\u00dfige Investitionen in die Forschung halten unsere Produkte auf dem neuesten Stand der Technik. Wir arbeiten mit Experten aus der Praxis zusammen, um Designs und Produktionsmethoden zu verbessern. Durch dieses Engagement erh\u00f6hen wir die Industriestandards und bieten gleichzeitig kosteneffiziente L\u00f6sungen an. Unser Fokus auf Fortschritt erstreckt sich von der Entwicklung bis hin zum Kundensupport, wobei wir bei jedem Schritt Wert auf hervorragende Qualit\u00e4t legen.<\/p>\n<h3 class=\"text-lg font-bold text-text-200 mt-1 -mb-1.5\">Zuverl\u00e4ssige Lieferung<\/h3>\n<p class=\"whitespace-pre-wrap break-words\">Da wir wissen, wie wichtig zeitkritische Vorg\u00e4nge sind, unterhalten wir effiziente Liefersysteme, die auch anspruchsvolle Zeitpl\u00e4ne einhalten. Unser Logistikteam sorgt f\u00fcr eine prompte Auftragsabwicklung und Auslieferung. Wenn Herausforderungen auftreten, kommunizieren wir proaktiv und bieten Alternativen, um St\u00f6rungen zu minimieren.<\/p>\n<h2 class=\"text-xl font-bold text-text-200 mt-1 -mb-0.5\">P\u00e4dagogische Unterst\u00fctzung und technische Exzellenz<\/h2>\n<p class=\"whitespace-pre-wrap break-words\">Zu unserer Hardware bieten wir umfassende technische Dokumentationen und Schulungsmaterialien an. Durch ausf\u00fchrliche Anleitungen und Beratung lernen unsere Kunden die richtige Nutzung. Dieser Wissensaustausch beugt h\u00e4ufigen Problemen vor und verl\u00e4ngert die Lebensdauer der Produkte durch richtige Wartung.<\/p>\n<p class=\"whitespace-pre-wrap break-words\">Die Pr\u00e4zisionstechnik, die hinter jeder Schraube steckt, spiegelt unser Engagement f\u00fcr Leistung wider. In kritischen Umgebungen sorgen diese Bolzen f\u00fcr sichere Verbindungen, die das Risiko der Handhabung minimieren. Diese Zuverl\u00e4ssigkeit erweist sich als entscheidend, wenn ein Ausfall der Ausr\u00fcstung schwerwiegende Folgen haben k\u00f6nnte.<\/p>\n<p class=\"whitespace-pre-wrap break-words\">Unsere Qualit\u00e4tsma\u00dfnahmen optimieren jeden Aspekt f\u00fcr Spitzenleistungen. Die Kombination aus fortschrittlicher Materialwissenschaft und pr\u00e4ziser Technik f\u00fchrt zu konstant hervorragenden Ergebnissen. Dieses Engagement f\u00fcr Spitzenleistungen bedeutet minimalen Ersatzbedarf und anhaltende betriebliche Effizienz.<\/p>\n<p class=\"whitespace-pre-wrap break-words\">Das Feedback der Kunden f\u00fchrt zu einer kontinuierlichen Verbesserung, wobei die Erkenntnisse in k\u00fcnftige Entwicklungen einflie\u00dfen. Dieser kooperative Ansatz f\u00fchrt zu praktischen Verbesserungen bei Sicherheit und Leistung. Der st\u00e4ndige Dialog st\u00e4rkt die Beziehungen und verbessert gleichzeitig die Produktf\u00e4higkeiten.<\/p>\n<h2 class=\"text-xl font-bold text-text-200 mt-1 -mb-0.5\">Schlussfolgerung<\/h2>\n<p class=\"whitespace-pre-wrap break-words\">Die gebogene Ringschraube ist eine Kombination aus hervorragender Technik und praktischen Sicherheitsmerkmalen. Ihr innovatives Design sorgt f\u00fcr optimales Lastmanagement und dauerhafte Haltbarkeit, unterst\u00fctzt durch gr\u00fcndliche Qualit\u00e4tskontrollen. In Verbindung mit einem reaktionsschnellen Kundendienst und zuverl\u00e4ssiger Lieferung ist sie die ideale L\u00f6sung f\u00fcr Betriebe, die eine gleichbleibende Leistung verlangen. Wir entwickeln unsere Konstruktionen st\u00e4ndig weiter und bieten Produkte, die die betriebliche Effizienz und Sicherheit verbessern.<\/p>\n<p class=\"whitespace-pre-wrap break-words\">Unser umfassender Ansatz - vom ersten Entwurf bis zur laufenden Unterst\u00fctzung - zeigt unser Engagement f\u00fcr dauerhafte L\u00f6sungen. Wenn Sie sich f\u00fcr unsere gebogenen Augenschrauben entscheiden, investieren Sie in praxiserprobte Zuverl\u00e4ssigkeit mit fachkundiger Unterst\u00fctzung. Erleben Sie den Unterschied, den durchdachte Technik und engagierte Unterst\u00fctzung f\u00fcr Ihren Betrieb bedeuten.<\/p>","protected":false},"excerpt":{"rendered":"<p data-sourcepos=\"5:1-5:37\">Hier ist unsere sorgf\u00e4ltig entworfene gebogene Ringschraube, die speziell f\u00fcr die Befestigung von schweren Lasten und allgemeine Takelageanwendungen entwickelt wurde. Unser Produkt erf\u00fcllt die Hauptanliegen der K\u00e4ufer mit ausgezeichneter Haltbarkeit, einfacher Installation und kompromissloser Sicherheit unter schwierigen Bedingungen. Als zuverl\u00e4ssiges Handelsunternehmen bieten wir einen pers\u00f6nlichen Kundenservice, p\u00fcnktliche Lieferzeiten und detaillierte Qualit\u00e4tspr\u00fcfungsberichte, so dass jeder Kunde sicher sein kann, dass er zuverl\u00e4ssige, qualitativ hochwertige Beschl\u00e4ge erh\u00e4lt, die seinen speziellen Anforderungen entsprechen.<\/p>","protected":false},"featured_media":6506,"comment_status":"open","ping_status":"closed","template":"","meta":{"site-sidebar-layout":"default","site-content-layout":"","ast-site-content-layout":"default","site-content-style":"default","site-sidebar-style":"default","ast-global-header-display":"","ast-banner-title-visibility":"","ast-main-header-display":"","ast-hfb-above-header-display":"","ast-hfb-below-header-display":"","ast-hfb-mobile-header-display":"","site-post-title":"","ast-breadcrumbs-content":"","ast-featured-img":"","footer-sml-layout":"","theme-transparent-header-meta":"default","adv-header-id-meta":"","stick-header-meta":"default","header-above-stick-meta":"","header-main-stick-meta":"","header-below-stick-meta":"","astra-migrate-meta-layouts":"set","ast-page-background-enabled":"default","ast-page-background-meta":{"desktop":{"background-color":"","background-image":"","background-repeat":"repeat","background-position":"center center","background-size":"auto","background-attachment":"scroll","background-type":"","background-media":"","overlay-type":"","overlay-color":"","overlay-opacity":"","overlay-gradient":""},"tablet":{"background-color":"","background-image":"","background-repeat":"repeat","background-position":"center center","background-size":"auto","background-attachment":"scroll","background-type":"","background-media":"","overlay-type":"","overlay-color":"","overlay-opacity":"","overlay-gradient":""},"mobile":{"background-color":"","background-image":"","background-repeat":"repeat","background-position":"center center","background-size":"auto","background-attachment":"scroll","background-type":"","background-media":"","overlay-type":"","overlay-color":"","overlay-opacity":"","overlay-gradient":""}},"ast-content-background-meta":{"desktop":{"background-color":"var(--ast-global-color-5)","background-image":"","background-repeat":"repeat","background-position":"center center","background-size":"auto","background-attachment":"scroll","background-type":"","background-media":"","overlay-type":"","overlay-color":"","overlay-opacity":"","overlay-gradient":""},"tablet":{"background-color":"var(--ast-global-color-5)","background-image":"","background-repeat":"repeat","background-position":"center center","background-size":"auto","background-attachment":"scroll","background-type":"","background-media":"","overlay-type":"","overlay-color":"","overlay-opacity":"","overlay-gradient":""},"mobile":{"background-color":"var(--ast-global-color-5)","background-image":"","background-repeat":"repeat","background-position":"center center","background-size":"auto","background-attachment":"scroll","background-type":"","background-media":"","overlay-type":"","overlay-color":"","overlay-opacity":"","overlay-gradient":""}}},"product_brand":[],"product_cat":[44],"product_tag":[],"class_list":{"0":"post-6504","1":"product","2":"type-product","3":"status-publish","4":"has-post-thumbnail","6":"product_cat-stainless-steel-poduct","7":"desktop-align-left","8":"tablet-align-left","9":"mobile-align-left","10":"ast-product-gallery-layout-horizontal-slider","11":"ast-product-tabs-layout-horizontal","13":"first","14":"instock","15":"shipping-taxable","16":"purchasable","17":"product-type-simple"},"yoast_head":"<!-- This site is optimized with the Yoast SEO plugin v25.2 - https:\/\/yoast.com\/wordpress\/plugins\/seo\/ -->\n<title>Bent Eye Bolt<\/title>\n<meta name=\"description\" content=\"Qingdao H&amp;F, your reliable supplier for over 20 years, offers top-quality bent eye bolts for diverse lifting and rigging applications.\" \/>\n<meta name=\"robots\" content=\"index, follow, max-snippet:-1, max-image-preview:large, max-video-preview:-1\" \/>\n<link rel=\"canonical\" href=\"https:\/\/qingdaohf.com\/de\/produkt\/verbogene-augenschraube\/\" \/>\n<meta property=\"og:locale\" content=\"de_DE\" \/>\n<meta property=\"og:type\" content=\"article\" \/>\n<meta property=\"og:title\" content=\"Bent Eye Bolt\" \/>\n<meta property=\"og:description\" content=\"Qingdao H&amp;F, your reliable supplier for over 20 years, offers top-quality bent eye bolts for diverse lifting and rigging applications.\" \/>\n<meta property=\"og:url\" content=\"https:\/\/qingdaohf.com\/de\/produkt\/verbogene-augenschraube\/\" \/>\n<meta property=\"og:site_name\" content=\"Concrete Form &amp; Rigging Hardware Supplier\" \/>\n<meta property=\"article:publisher\" content=\"https:\/\/www.facebook.com\/qingdaohf\" \/>\n<meta property=\"article:modified_time\" content=\"2025-11-13T01:03:38+00:00\" \/>\n<meta property=\"og:image\" content=\"https:\/\/qingdaohf.com\/wp-content\/uploads\/2024\/02\/HF-BENT-EYE-BOLT-1.jpg\" \/>\n\t<meta property=\"og:image:width\" content=\"1000\" \/>\n\t<meta property=\"og:image:height\" content=\"1000\" \/>\n\t<meta property=\"og:image:type\" content=\"image\/jpeg\" \/>\n<meta name=\"twitter:card\" content=\"summary_large_image\" \/>\n<meta name=\"twitter:label1\" content=\"Gesch\u00e4tzte Lesezeit\" \/>\n\t<meta name=\"twitter:data1\" content=\"4\u00a0Minuten\" \/>\n<script type=\"application\/ld+json\" class=\"yoast-schema-graph\">{\"@context\":\"https:\/\/schema.org\",\"@graph\":[{\"@type\":\"WebPage\",\"@id\":\"https:\/\/qingdaohf.com\/product\/bent-eye-bolt\/\",\"url\":\"https:\/\/qingdaohf.com\/product\/bent-eye-bolt\/\",\"name\":\"Bent Eye Bolt\",\"isPartOf\":{\"@id\":\"https:\/\/qingdaohf.com\/bg\/#website\"},\"primaryImageOfPage\":{\"@id\":\"https:\/\/qingdaohf.com\/product\/bent-eye-bolt\/#primaryimage\"},\"image\":{\"@id\":\"https:\/\/qingdaohf.com\/product\/bent-eye-bolt\/#primaryimage\"},\"thumbnailUrl\":\"https:\/\/qingdaohf.com\/wp-content\/uploads\/2024\/02\/HF-BENT-EYE-BOLT-1.jpg\",\"datePublished\":\"2024-02-05T01:54:52+00:00\",\"dateModified\":\"2025-11-13T01:03:38+00:00\",\"description\":\"Qingdao H&F, your reliable supplier for over 20 years, offers top-quality bent eye bolts for diverse lifting and rigging applications.\",\"breadcrumb\":{\"@id\":\"https:\/\/qingdaohf.com\/product\/bent-eye-bolt\/#breadcrumb\"},\"inLanguage\":\"de\",\"potentialAction\":[{\"@type\":\"ReadAction\",\"target\":[\"https:\/\/qingdaohf.com\/product\/bent-eye-bolt\/\"]}]},{\"@type\":\"ImageObject\",\"inLanguage\":\"de\",\"@id\":\"https:\/\/qingdaohf.com\/product\/bent-eye-bolt\/#primaryimage\",\"url\":\"https:\/\/qingdaohf.com\/wp-content\/uploads\/2024\/02\/HF-BENT-EYE-BOLT-1.jpg\",\"contentUrl\":\"https:\/\/qingdaohf.com\/wp-content\/uploads\/2024\/02\/HF-BENT-EYE-BOLT-1.jpg\",\"width\":1000,\"height\":1000,\"caption\":\"H&F BENT EYE BOLT\"},{\"@type\":\"BreadcrumbList\",\"@id\":\"https:\/\/qingdaohf.com\/product\/bent-eye-bolt\/#breadcrumb\",\"itemListElement\":[{\"@type\":\"ListItem\",\"position\":1,\"name\":\"Home\",\"item\":\"https:\/\/qingdaohf.com\/\"},{\"@type\":\"ListItem\",\"position\":2,\"name\":\"Concrete Forming Accessories and Rigging Hardware\",\"item\":\"https:\/\/qingdaohf.com\/bg\/?page_id=944\"},{\"@type\":\"ListItem\",\"position\":3,\"name\":\"Bent Eye Bolt\"}]},{\"@type\":\"WebSite\",\"@id\":\"https:\/\/qingdaohf.com\/bg\/#website\",\"url\":\"https:\/\/qingdaohf.com\/bg\/\",\"name\":\"Concrete Form & Rigging Hardware Supplier\",\"description\":\"\",\"publisher\":{\"@id\":\"https:\/\/qingdaohf.com\/bg\/#organization\"},\"potentialAction\":[{\"@type\":\"SearchAction\",\"target\":{\"@type\":\"EntryPoint\",\"urlTemplate\":\"https:\/\/qingdaohf.com\/bg\/?s={search_term_string}\"},\"query-input\":{\"@type\":\"PropertyValueSpecification\",\"valueRequired\":true,\"valueName\":\"search_term_string\"}}],\"inLanguage\":\"de\"},{\"@type\":\"Organization\",\"@id\":\"https:\/\/qingdaohf.com\/bg\/#organization\",\"name\":\"Qingdao H&F\",\"url\":\"https:\/\/qingdaohf.com\/bg\/\",\"logo\":{\"@type\":\"ImageObject\",\"inLanguage\":\"de\",\"@id\":\"https:\/\/qingdaohf.com\/bg\/#\/schema\/logo\/image\/\",\"url\":\"https:\/\/qingdaohf.com\/wp-content\/uploads\/2022\/12\/cropped-HF-LOGO.png\",\"contentUrl\":\"https:\/\/qingdaohf.com\/wp-content\/uploads\/2022\/12\/cropped-HF-LOGO.png\",\"width\":391,\"height\":249,\"caption\":\"Qingdao H&F\"},\"image\":{\"@id\":\"https:\/\/qingdaohf.com\/bg\/#\/schema\/logo\/image\/\"},\"sameAs\":[\"https:\/\/www.facebook.com\/qingdaohf\"]}]}<\/script>\n<!-- \/ Yoast SEO plugin. -->","yoast_head_json":{"title":"Bent Eye Bolt","description":"Qingdao H&F, your reliable supplier for over 20 years, offers top-quality bent eye bolts for diverse lifting and rigging applications.","robots":{"index":"index","follow":"follow","max-snippet":"max-snippet:-1","max-image-preview":"max-image-preview:large","max-video-preview":"max-video-preview:-1"},"canonical":"https:\/\/qingdaohf.com\/de\/produkt\/verbogene-augenschraube\/","og_locale":"de_DE","og_type":"article","og_title":"Bent Eye Bolt","og_description":"Qingdao H&F, your reliable supplier for over 20 years, offers top-quality bent eye bolts for diverse lifting and rigging applications.","og_url":"https:\/\/qingdaohf.com\/de\/produkt\/verbogene-augenschraube\/","og_site_name":"Concrete Form &amp; Rigging Hardware Supplier","article_publisher":"https:\/\/www.facebook.com\/qingdaohf","article_modified_time":"2025-11-13T01:03:38+00:00","og_image":[{"width":1000,"height":1000,"url":"https:\/\/qingdaohf.com\/wp-content\/uploads\/2024\/02\/HF-BENT-EYE-BOLT-1.jpg","type":"image\/jpeg"}],"twitter_card":"summary_large_image","twitter_misc":{"Gesch\u00e4tzte Lesezeit":"4\u00a0Minuten"},"schema":{"@context":"https:\/\/schema.org","@graph":[{"@type":"WebPage","@id":"https:\/\/qingdaohf.com\/product\/bent-eye-bolt\/","url":"https:\/\/qingdaohf.com\/product\/bent-eye-bolt\/","name":"Bent Eye Bolt","isPartOf":{"@id":"https:\/\/qingdaohf.com\/bg\/#website"},"primaryImageOfPage":{"@id":"https:\/\/qingdaohf.com\/product\/bent-eye-bolt\/#primaryimage"},"image":{"@id":"https:\/\/qingdaohf.com\/product\/bent-eye-bolt\/#primaryimage"},"thumbnailUrl":"https:\/\/qingdaohf.com\/wp-content\/uploads\/2024\/02\/HF-BENT-EYE-BOLT-1.jpg","datePublished":"2024-02-05T01:54:52+00:00","dateModified":"2025-11-13T01:03:38+00:00","description":"Qingdao H&F, your reliable supplier for over 20 years, offers top-quality bent eye bolts for diverse lifting and rigging applications.","breadcrumb":{"@id":"https:\/\/qingdaohf.com\/product\/bent-eye-bolt\/#breadcrumb"},"inLanguage":"de","potentialAction":[{"@type":"ReadAction","target":["https:\/\/qingdaohf.com\/product\/bent-eye-bolt\/"]}]},{"@type":"ImageObject","inLanguage":"de","@id":"https:\/\/qingdaohf.com\/product\/bent-eye-bolt\/#primaryimage","url":"https:\/\/qingdaohf.com\/wp-content\/uploads\/2024\/02\/HF-BENT-EYE-BOLT-1.jpg","contentUrl":"https:\/\/qingdaohf.com\/wp-content\/uploads\/2024\/02\/HF-BENT-EYE-BOLT-1.jpg","width":1000,"height":1000,"caption":"H&F BENT EYE BOLT"},{"@type":"BreadcrumbList","@id":"https:\/\/qingdaohf.com\/product\/bent-eye-bolt\/#breadcrumb","itemListElement":[{"@type":"ListItem","position":1,"name":"Home","item":"https:\/\/qingdaohf.com\/"},{"@type":"ListItem","position":2,"name":"Concrete Forming Accessories and Rigging Hardware","item":"https:\/\/qingdaohf.com\/bg\/?page_id=944"},{"@type":"ListItem","position":3,"name":"Bent Eye Bolt"}]},{"@type":"WebSite","@id":"https:\/\/qingdaohf.com\/bg\/#website","url":"https:\/\/qingdaohf.com\/bg\/","name":"Concrete Form & Rigging Hardware Supplier","description":"","publisher":{"@id":"https:\/\/qingdaohf.com\/bg\/#organization"},"potentialAction":[{"@type":"SearchAction","target":{"@type":"EntryPoint","urlTemplate":"https:\/\/qingdaohf.com\/bg\/?s={search_term_string}"},"query-input":{"@type":"PropertyValueSpecification","valueRequired":true,"valueName":"search_term_string"}}],"inLanguage":"de"},{"@type":"Organization","@id":"https:\/\/qingdaohf.com\/bg\/#organization","name":"Qingdao H&F","url":"https:\/\/qingdaohf.com\/bg\/","logo":{"@type":"ImageObject","inLanguage":"de","@id":"https:\/\/qingdaohf.com\/bg\/#\/schema\/logo\/image\/","url":"https:\/\/qingdaohf.com\/wp-content\/uploads\/2022\/12\/cropped-HF-LOGO.png","contentUrl":"https:\/\/qingdaohf.com\/wp-content\/uploads\/2022\/12\/cropped-HF-LOGO.png","width":391,"height":249,"caption":"Qingdao H&F"},"image":{"@id":"https:\/\/qingdaohf.com\/bg\/#\/schema\/logo\/image\/"},"sameAs":["https:\/\/www.facebook.com\/qingdaohf"]}]}},"_links":{"self":[{"href":"https:\/\/qingdaohf.com\/de\/wp-json\/wp\/v2\/product\/6504","targetHints":{"allow":["GET"]}}],"collection":[{"href":"https:\/\/qingdaohf.com\/de\/wp-json\/wp\/v2\/product"}],"about":[{"href":"https:\/\/qingdaohf.com\/de\/wp-json\/wp\/v2\/types\/product"}],"replies":[{"embeddable":true,"href":"https:\/\/qingdaohf.com\/de\/wp-json\/wp\/v2\/comments?post=6504"}],"version-history":[{"count":3,"href":"https:\/\/qingdaohf.com\/de\/wp-json\/wp\/v2\/product\/6504\/revisions"}],"predecessor-version":[{"id":8947,"href":"https:\/\/qingdaohf.com\/de\/wp-json\/wp\/v2\/product\/6504\/revisions\/8947"}],"wp:featuredmedia":[{"embeddable":true,"href":"https:\/\/qingdaohf.com\/de\/wp-json\/wp\/v2\/media\/6506"}],"wp:attachment":[{"href":"https:\/\/qingdaohf.com\/de\/wp-json\/wp\/v2\/media?parent=6504"}],"wp:term":[{"taxonomy":"product_brand","embeddable":true,"href":"https:\/\/qingdaohf.com\/de\/wp-json\/wp\/v2\/product_brand?post=6504"},{"taxonomy":"product_cat","embeddable":true,"href":"https:\/\/qingdaohf.com\/de\/wp-json\/wp\/v2\/product_cat?post=6504"},{"taxonomy":"product_tag","embeddable":true,"href":"https:\/\/qingdaohf.com\/de\/wp-json\/wp\/v2\/product_tag?post=6504"}],"curies":[{"name":"wp","href":"https:\/\/api.w.org\/{rel}","templated":true}]}}