{"id":7473,"date":"2024-06-19T11:36:36","date_gmt":"2024-06-19T03:36:36","guid":{"rendered":"http:\/\/qingdaohf.com\/?post_type=product&#038;p=7473"},"modified":"2025-11-13T09:03:15","modified_gmt":"2025-11-13T01:03:15","slug":"plastic-groud-stake","status":"publish","type":"product","link":"https:\/\/qingdaohf.com\/de\/produkt\/erdspies-aus-kunststoff\/","title":{"rendered":"Erdspie\u00df aus Kunststoff"},"content":{"rendered":"<h4>Vielseitiger und langlebiger Bodenpfahl aus Kunststoff<\/h4>\n<p>Der Erdspie\u00df aus Kunststoff ist eine vielseitige L\u00f6sung f\u00fcr die Befestigung einer Vielzahl von Outdoor-Strukturen und -Ausr\u00fcstung. Ganz gleich, ob Sie ein Zelt aufbauen, ein Vordach befestigen oder ein Netz verankern wollen, dieser Pflock bietet die Zuverl\u00e4ssigkeit und St\u00e4rke, die Sie brauchen, um alles an seinem Platz zu halten. Er ist aus hochwertigem, UV-best\u00e4ndigem Kunststoff gefertigt und h\u00e4lt auch l\u00e4ngerer Sonneneinstrahlung stand, ohne sich zu zersetzen, so dass eine langfristige Nutzung gew\u00e4hrleistet ist.<\/p>\n<p>Eines der herausragenden Merkmale dieses Erdspie\u00dfes ist sein einfaches Einstecken in den Boden. Das spitze Ende erm\u00f6glicht ein m\u00fcheloses Eindringen in verschiedene Bodentypen, w\u00e4hrend die robuste Konstruktion f\u00fcr einen festen Sitz sorgt. Im Gegensatz zu Metallpfl\u00f6cken, die rosten oder sich verbiegen k\u00f6nnen, beh\u00e4lt dieser Kunststoffpflock seine Integrit\u00e4t und bietet eine zuverl\u00e4ssige Verankerungsl\u00f6sung f\u00fcr verschiedene Anwendungen.<\/p>\n<h4>Praktisches Design f\u00fcr Mehrfachnutzungen<\/h4>\n<p>Der praktische Bodenpflock aus Kunststoff hat ein einziges Loch in der N\u00e4he des oberen Endes, an dem ein Seil sicher befestigt werden kann. Diese Funktion ist besonders n\u00fctzlich f\u00fcr das Festbinden von Planen, Vord\u00e4chern und anderen Gegenst\u00e4nden, die einen stabilen Ankerpunkt ben\u00f6tigen. Der Haken in der N\u00e4he des oberen Endes bietet eine zus\u00e4tzliche Befestigungsm\u00f6glichkeit, so dass Sie den Pfahl flexibel einsetzen k\u00f6nnen. Dieses durchdachte Design sorgt daf\u00fcr, dass Ihre Strukturen auch bei Wind sicher bleiben und macht ihn zu einem unverzichtbaren Werkzeug f\u00fcr Outdoor-Enthusiasten und Profis gleicherma\u00dfen.<\/p>\n<p>Im Garten- und Landschaftsbau ist dieser Pfahl von unsch\u00e4tzbarem Wert f\u00fcr die Befestigung verschiedener Strukturen und Dekorationen. Seine Langlebigkeit und Benutzerfreundlichkeit machen ihn zu einem Favoriten unter G\u00e4rtnern, die Spaliere, Gartennetze oder sogar Dekorationsartikel sichern wollen. Der UV-best\u00e4ndige Kunststoff sorgt daf\u00fcr, dass er nicht spr\u00f6de wird oder mit der Zeit zerbricht, und bietet so eine gleichbleibende Leistung \u00fcber die ganze Saison.<\/p>\n<h4>Die Rolle von Bodenpf\u00e4hlen im Bauwesen und bei Aktivit\u00e4ten im Freien<\/h4>\n<p>Erdn\u00e4gel, auch aus Kunststoff, spielen sowohl im Bauwesen als auch bei Outdoor-Aktivit\u00e4ten eine wichtige Rolle. Im Baugewerbe werden sie verwendet, um tempor\u00e4re Strukturen wie Zelte und Vord\u00e4cher zu sichern und ein stabiles Fundament zu schaffen, das Bewegungen oder Einst\u00fcrze verhindert. Dies ist besonders wichtig in Situationen, in denen Sicherheit und Stabilit\u00e4t an erster Stelle stehen. Die einfache Montage und Demontage macht die Kunststoffpfl\u00f6cke zu einer praktischen Wahl f\u00fcr tempor\u00e4re Aufbauten, die bei Bedarf schnell angepasst werden k\u00f6nnen.<\/p>\n<p>Im Bereich der Outdoor-Aktivit\u00e4ten sind Erdn\u00e4gel f\u00fcr Camping, Wandern und andere Freizeitaktivit\u00e4ten unverzichtbar. Ein sicheres Zelt oder Vordach kann den Unterschied zwischen einem angenehmen Erlebnis und einer Katastrophe ausmachen. Der Bodenpflock aus Kunststoff gibt Ihnen die Gewissheit, dass Ihr Zelt unabh\u00e4ngig von den Bedingungen fest an seinem Platz bleibt. Durch sein geringes Gewicht ist er leicht zu transportieren und tr\u00e4gt nur minimal zum Gewicht Ihrer Ausr\u00fcstung bei, bietet aber gleichzeitig maximale Stabilit\u00e4t.<\/p>\n<h4>Einf\u00fchrung in Fundamentbolzen und ihre Bedeutung f\u00fcr das Bauwesen<\/h4>\n<p>Fundamentschrauben sind wesentliche Komponenten im Bauwesen, die eine entscheidende Rolle bei der Befestigung von Bauwerken an ihren Fundamenten spielen. Diese Schrauben werden in der Regel aus hochfestem Stahl hergestellt und zur Verankerung von Geb\u00e4uden, Br\u00fccken, Maschinen und anderen schweren Strukturen verwendet. Der Hauptzweck von Fundamentschrauben besteht darin, eine sichere Verbindung zwischen dem Bauwerk und seinem Fundament herzustellen, um Stabilit\u00e4t und Widerstand gegen verschiedene Kr\u00e4fte wie Wind, seismische Aktivit\u00e4ten und andere Umweltfaktoren zu gew\u00e4hrleisten.<\/p>\n<p>Im Bauwesen werden Fundamentbolzen in Betonfundamente eingebettet, bevor der Beton aush\u00e4rtet, so dass eine starke Verbindung entsteht, die erheblichen Belastungen standh\u00e4lt. Es gibt sie in verschiedenen Gr\u00f6\u00dfen und Typen, die jeweils f\u00fcr bestimmte Anwendungen und Belastungsanforderungen ausgelegt sind. Die richtige Auswahl und der Einbau von Fundamentbolzen sind f\u00fcr die strukturelle Integrit\u00e4t und Sicherheit eines jeden Bauprojekts von entscheidender Bedeutung.<\/p>\n<p>Einer der Hauptvorteile von Fundamentbolzen besteht darin, dass sie einen zuverl\u00e4ssigen Ankerpunkt f\u00fcr schwere Strukturen bieten. Dies ist besonders wichtig in industriellen Umgebungen, wo Maschinen und Anlagen w\u00e4hrend des Betriebs stabil bleiben m\u00fcssen. Fundamentbolzen verhindern Bewegungen und Vibrationen, die andernfalls zu Fehlfunktionen oder strukturellen Sch\u00e4den f\u00fchren k\u00f6nnten. Durch die Befestigung der Maschinen auf einem stabilen Fundament sorgen diese Schrauben f\u00fcr einen reibungslosen und sicheren Betrieb.<\/p>\n<p>Fundamentbolzen spielen auch beim Bau von Br\u00fccken und anderen gro\u00dfen Infrastrukturprojekten eine entscheidende Rolle. Die Stabilit\u00e4t dieser Bolzen tr\u00e4gt dazu bei, die Lasten gleichm\u00e4\u00dfig zu verteilen, wodurch die Belastung der einzelnen Komponenten verringert und die Lebensdauer des Bauwerks verl\u00e4ngert wird. Ihre F\u00e4higkeit, dynamischen Kr\u00e4ften zu widerstehen, die z. B. durch Verkehr oder Naturereignisse entstehen, macht sie unverzichtbar f\u00fcr die Sicherheit und Langlebigkeit von Br\u00fccken und \u00e4hnlichen Bauwerken.<\/p>\n<p>Zusammenfassend l\u00e4sst sich sagen, dass Fundamentbolzen ein Eckpfeiler des modernen Bauwesens sind, da sie die notwendige Stabilit\u00e4t und Sicherheit f\u00fcr eine Vielzahl von Bauwerken gew\u00e4hrleisten. Ihre Rolle bei der Verankerung von Geb\u00e4uden und Maschinen ist f\u00fcr die Aufrechterhaltung der Integrit\u00e4t und Sicherheit von Bauprojekten von entscheidender Bedeutung und macht sie zu einer unsch\u00e4tzbaren Komponente in der Praxis.<\/p>\n<div class=\"ast-oembed-container\" style=\"height: 100%;\"><iframe title=\"Plastik Bodenpf\u00e4hle\" width=\"500\" height=\"281\" src=\"https:\/\/www.youtube.com\/embed\/XXn9suyaFmM?feature=oembed\" frameborder=\"0\" allow=\"accelerometer; autoplay; clipboard-write; encrypted-media; gyroscope; picture-in-picture; web-share\" referrerpolicy=\"strict-origin-when-cross-origin\" allowfullscreen><\/iframe><\/div>","protected":false},"excerpt":{"rendered":"<p>Der Erdspie\u00df aus Kunststoff eignet sich perfekt zur Befestigung von Ankern, Zelten, Netzen, Planen, Vord\u00e4chern und Garten- oder Terrassenstrukturen. Aus hochwertigem, UV-best\u00e4ndigem Kunststoff gefertigt, l\u00e4sst sich dieser langlebige Pflock leicht in den Boden stecken. Er verf\u00fcgt \u00fcber ein Loch in der N\u00e4he der Oberseite zum Anbinden von Seilen und bietet einen sicheren Halt f\u00fcr verschiedene Anwendungen.<\/p>","protected":false},"featured_media":7475,"comment_status":"open","ping_status":"closed","template":"","meta":{"site-sidebar-layout":"default","site-content-layout":"","ast-site-content-layout":"default","site-content-style":"default","site-sidebar-style":"default","ast-global-header-display":"","ast-banner-title-visibility":"","ast-main-header-display":"","ast-hfb-above-header-display":"","ast-hfb-below-header-display":"","ast-hfb-mobile-header-display":"","site-post-title":"","ast-breadcrumbs-content":"","ast-featured-img":"","footer-sml-layout":"","theme-transparent-header-meta":"default","adv-header-id-meta":"","stick-header-meta":"default","header-above-stick-meta":"","header-main-stick-meta":"","header-below-stick-meta":"","astra-migrate-meta-layouts":"set","ast-page-background-enabled":"default","ast-page-background-meta":{"desktop":{"background-color":"","background-image":"","background-repeat":"repeat","background-position":"center center","background-size":"auto","background-attachment":"scroll","background-type":"","background-media":"","overlay-type":"","overlay-color":"","overlay-opacity":"","overlay-gradient":""},"tablet":{"background-color":"","background-image":"","background-repeat":"repeat","background-position":"center center","background-size":"auto","background-attachment":"scroll","background-type":"","background-media":"","overlay-type":"","overlay-color":"","overlay-opacity":"","overlay-gradient":""},"mobile":{"background-color":"","background-image":"","background-repeat":"repeat","background-position":"center center","background-size":"auto","background-attachment":"scroll","background-type":"","background-media":"","overlay-type":"","overlay-color":"","overlay-opacity":"","overlay-gradient":""}},"ast-content-background-meta":{"desktop":{"background-color":"var(--ast-global-color-5)","background-image":"","background-repeat":"repeat","background-position":"center center","background-size":"auto","background-attachment":"scroll","background-type":"","background-media":"","overlay-type":"","overlay-color":"","overlay-opacity":"","overlay-gradient":""},"tablet":{"background-color":"var(--ast-global-color-5)","background-image":"","background-repeat":"repeat","background-position":"center center","background-size":"auto","background-attachment":"scroll","background-type":"","background-media":"","overlay-type":"","overlay-color":"","overlay-opacity":"","overlay-gradient":""},"mobile":{"background-color":"var(--ast-global-color-5)","background-image":"","background-repeat":"repeat","background-position":"center center","background-size":"auto","background-attachment":"scroll","background-type":"","background-media":"","overlay-type":"","overlay-color":"","overlay-opacity":"","overlay-gradient":""}}},"product_brand":[],"product_cat":[75],"product_tag":[],"class_list":{"0":"post-7473","1":"product","2":"type-product","3":"status-publish","4":"has-post-thumbnail","6":"product_cat-plastic-and-rubber-product","7":"desktop-align-left","8":"tablet-align-left","9":"mobile-align-left","10":"ast-product-gallery-layout-horizontal-slider","11":"ast-product-tabs-layout-horizontal","13":"first","14":"instock","15":"shipping-taxable","16":"purchasable","17":"product-type-simple"},"yoast_head":"<!-- This site is optimized with the Yoast SEO plugin v25.2 - https:\/\/yoast.com\/wordpress\/plugins\/seo\/ -->\n<title>Plastic Groud Stake<\/title>\n<meta name=\"description\" content=\"The plastic ground stake is perfect for securing anchors, tents, nets, tarps, canopies, and garden or patio structures.\" \/>\n<meta name=\"robots\" content=\"index, follow, max-snippet:-1, max-image-preview:large, max-video-preview:-1\" \/>\n<link rel=\"canonical\" href=\"https:\/\/qingdaohf.com\/de\/produkt\/erdspies-aus-kunststoff\/\" \/>\n<meta property=\"og:locale\" content=\"de_DE\" \/>\n<meta property=\"og:type\" content=\"article\" \/>\n<meta property=\"og:title\" content=\"Plastic Groud Stake\" \/>\n<meta property=\"og:description\" content=\"The plastic ground stake is perfect for securing anchors, tents, nets, tarps, canopies, and garden or patio structures.\" \/>\n<meta property=\"og:url\" content=\"https:\/\/qingdaohf.com\/de\/produkt\/erdspies-aus-kunststoff\/\" \/>\n<meta property=\"og:site_name\" content=\"Concrete Form &amp; Rigging Hardware Supplier\" \/>\n<meta property=\"article:publisher\" content=\"https:\/\/www.facebook.com\/qingdaohf\" \/>\n<meta property=\"article:modified_time\" content=\"2025-11-13T01:03:15+00:00\" \/>\n<meta property=\"og:image\" content=\"https:\/\/qingdaohf.com\/wp-content\/uploads\/2024\/06\/plastic-groud-stake-1.webp\" \/>\n\t<meta property=\"og:image:width\" content=\"1000\" \/>\n\t<meta property=\"og:image:height\" content=\"1000\" \/>\n\t<meta property=\"og:image:type\" content=\"image\/webp\" \/>\n<meta name=\"twitter:card\" content=\"summary_large_image\" \/>\n<meta name=\"twitter:label1\" content=\"Gesch\u00e4tzte Lesezeit\" \/>\n\t<meta name=\"twitter:data1\" content=\"4\u00a0Minuten\" \/>\n<script type=\"application\/ld+json\" class=\"yoast-schema-graph\">{\"@context\":\"https:\/\/schema.org\",\"@graph\":[{\"@type\":\"WebPage\",\"@id\":\"https:\/\/qingdaohf.com\/product\/plastic-groud-stake\/\",\"url\":\"https:\/\/qingdaohf.com\/product\/plastic-groud-stake\/\",\"name\":\"Plastic Groud Stake\",\"isPartOf\":{\"@id\":\"https:\/\/qingdaohf.com\/bg\/#website\"},\"primaryImageOfPage\":{\"@id\":\"https:\/\/qingdaohf.com\/product\/plastic-groud-stake\/#primaryimage\"},\"image\":{\"@id\":\"https:\/\/qingdaohf.com\/product\/plastic-groud-stake\/#primaryimage\"},\"thumbnailUrl\":\"https:\/\/qingdaohf.com\/wp-content\/uploads\/2024\/06\/plastic-groud-stake-1.webp\",\"datePublished\":\"2024-06-19T03:36:36+00:00\",\"dateModified\":\"2025-11-13T01:03:15+00:00\",\"description\":\"The plastic ground stake is perfect for securing anchors, tents, nets, tarps, canopies, and garden or patio structures.\",\"breadcrumb\":{\"@id\":\"https:\/\/qingdaohf.com\/product\/plastic-groud-stake\/#breadcrumb\"},\"inLanguage\":\"de\",\"potentialAction\":[{\"@type\":\"ReadAction\",\"target\":[\"https:\/\/qingdaohf.com\/product\/plastic-groud-stake\/\"]}]},{\"@type\":\"ImageObject\",\"inLanguage\":\"de\",\"@id\":\"https:\/\/qingdaohf.com\/product\/plastic-groud-stake\/#primaryimage\",\"url\":\"https:\/\/qingdaohf.com\/wp-content\/uploads\/2024\/06\/plastic-groud-stake-1.webp\",\"contentUrl\":\"https:\/\/qingdaohf.com\/wp-content\/uploads\/2024\/06\/plastic-groud-stake-1.webp\",\"width\":1000,\"height\":1000,\"caption\":\"plastic groud stake\"},{\"@type\":\"BreadcrumbList\",\"@id\":\"https:\/\/qingdaohf.com\/product\/plastic-groud-stake\/#breadcrumb\",\"itemListElement\":[{\"@type\":\"ListItem\",\"position\":1,\"name\":\"Home\",\"item\":\"https:\/\/qingdaohf.com\/\"},{\"@type\":\"ListItem\",\"position\":2,\"name\":\"Concrete Forming Accessories and Rigging Hardware\",\"item\":\"https:\/\/qingdaohf.com\/bg\/?page_id=944\"},{\"@type\":\"ListItem\",\"position\":3,\"name\":\"Plastic Groud Stake\"}]},{\"@type\":\"WebSite\",\"@id\":\"https:\/\/qingdaohf.com\/bg\/#website\",\"url\":\"https:\/\/qingdaohf.com\/bg\/\",\"name\":\"Concrete Form & Rigging Hardware Supplier\",\"description\":\"\",\"publisher\":{\"@id\":\"https:\/\/qingdaohf.com\/bg\/#organization\"},\"potentialAction\":[{\"@type\":\"SearchAction\",\"target\":{\"@type\":\"EntryPoint\",\"urlTemplate\":\"https:\/\/qingdaohf.com\/bg\/?s={search_term_string}\"},\"query-input\":{\"@type\":\"PropertyValueSpecification\",\"valueRequired\":true,\"valueName\":\"search_term_string\"}}],\"inLanguage\":\"de\"},{\"@type\":\"Organization\",\"@id\":\"https:\/\/qingdaohf.com\/bg\/#organization\",\"name\":\"Qingdao H&F\",\"url\":\"https:\/\/qingdaohf.com\/bg\/\",\"logo\":{\"@type\":\"ImageObject\",\"inLanguage\":\"de\",\"@id\":\"https:\/\/qingdaohf.com\/bg\/#\/schema\/logo\/image\/\",\"url\":\"https:\/\/qingdaohf.com\/wp-content\/uploads\/2022\/12\/cropped-HF-LOGO.png\",\"contentUrl\":\"https:\/\/qingdaohf.com\/wp-content\/uploads\/2022\/12\/cropped-HF-LOGO.png\",\"width\":391,\"height\":249,\"caption\":\"Qingdao H&F\"},\"image\":{\"@id\":\"https:\/\/qingdaohf.com\/bg\/#\/schema\/logo\/image\/\"},\"sameAs\":[\"https:\/\/www.facebook.com\/qingdaohf\"]}]}<\/script>\n<!-- \/ Yoast SEO plugin. -->","yoast_head_json":{"title":"Plastic Groud Stake","description":"The plastic ground stake is perfect for securing anchors, tents, nets, tarps, canopies, and garden or patio structures.","robots":{"index":"index","follow":"follow","max-snippet":"max-snippet:-1","max-image-preview":"max-image-preview:large","max-video-preview":"max-video-preview:-1"},"canonical":"https:\/\/qingdaohf.com\/de\/produkt\/erdspies-aus-kunststoff\/","og_locale":"de_DE","og_type":"article","og_title":"Plastic Groud Stake","og_description":"The plastic ground stake is perfect for securing anchors, tents, nets, tarps, canopies, and garden or patio structures.","og_url":"https:\/\/qingdaohf.com\/de\/produkt\/erdspies-aus-kunststoff\/","og_site_name":"Concrete Form &amp; Rigging Hardware Supplier","article_publisher":"https:\/\/www.facebook.com\/qingdaohf","article_modified_time":"2025-11-13T01:03:15+00:00","og_image":[{"width":1000,"height":1000,"url":"https:\/\/qingdaohf.com\/wp-content\/uploads\/2024\/06\/plastic-groud-stake-1.webp","type":"image\/webp"}],"twitter_card":"summary_large_image","twitter_misc":{"Gesch\u00e4tzte Lesezeit":"4\u00a0Minuten"},"schema":{"@context":"https:\/\/schema.org","@graph":[{"@type":"WebPage","@id":"https:\/\/qingdaohf.com\/product\/plastic-groud-stake\/","url":"https:\/\/qingdaohf.com\/product\/plastic-groud-stake\/","name":"Plastic Groud Stake","isPartOf":{"@id":"https:\/\/qingdaohf.com\/bg\/#website"},"primaryImageOfPage":{"@id":"https:\/\/qingdaohf.com\/product\/plastic-groud-stake\/#primaryimage"},"image":{"@id":"https:\/\/qingdaohf.com\/product\/plastic-groud-stake\/#primaryimage"},"thumbnailUrl":"https:\/\/qingdaohf.com\/wp-content\/uploads\/2024\/06\/plastic-groud-stake-1.webp","datePublished":"2024-06-19T03:36:36+00:00","dateModified":"2025-11-13T01:03:15+00:00","description":"The plastic ground stake is perfect for securing anchors, tents, nets, tarps, canopies, and garden or patio structures.","breadcrumb":{"@id":"https:\/\/qingdaohf.com\/product\/plastic-groud-stake\/#breadcrumb"},"inLanguage":"de","potentialAction":[{"@type":"ReadAction","target":["https:\/\/qingdaohf.com\/product\/plastic-groud-stake\/"]}]},{"@type":"ImageObject","inLanguage":"de","@id":"https:\/\/qingdaohf.com\/product\/plastic-groud-stake\/#primaryimage","url":"https:\/\/qingdaohf.com\/wp-content\/uploads\/2024\/06\/plastic-groud-stake-1.webp","contentUrl":"https:\/\/qingdaohf.com\/wp-content\/uploads\/2024\/06\/plastic-groud-stake-1.webp","width":1000,"height":1000,"caption":"plastic groud stake"},{"@type":"BreadcrumbList","@id":"https:\/\/qingdaohf.com\/product\/plastic-groud-stake\/#breadcrumb","itemListElement":[{"@type":"ListItem","position":1,"name":"Home","item":"https:\/\/qingdaohf.com\/"},{"@type":"ListItem","position":2,"name":"Concrete Forming Accessories and Rigging Hardware","item":"https:\/\/qingdaohf.com\/bg\/?page_id=944"},{"@type":"ListItem","position":3,"name":"Plastic Groud Stake"}]},{"@type":"WebSite","@id":"https:\/\/qingdaohf.com\/bg\/#website","url":"https:\/\/qingdaohf.com\/bg\/","name":"Concrete Form & Rigging Hardware Supplier","description":"","publisher":{"@id":"https:\/\/qingdaohf.com\/bg\/#organization"},"potentialAction":[{"@type":"SearchAction","target":{"@type":"EntryPoint","urlTemplate":"https:\/\/qingdaohf.com\/bg\/?s={search_term_string}"},"query-input":{"@type":"PropertyValueSpecification","valueRequired":true,"valueName":"search_term_string"}}],"inLanguage":"de"},{"@type":"Organization","@id":"https:\/\/qingdaohf.com\/bg\/#organization","name":"Qingdao H&F","url":"https:\/\/qingdaohf.com\/bg\/","logo":{"@type":"ImageObject","inLanguage":"de","@id":"https:\/\/qingdaohf.com\/bg\/#\/schema\/logo\/image\/","url":"https:\/\/qingdaohf.com\/wp-content\/uploads\/2022\/12\/cropped-HF-LOGO.png","contentUrl":"https:\/\/qingdaohf.com\/wp-content\/uploads\/2022\/12\/cropped-HF-LOGO.png","width":391,"height":249,"caption":"Qingdao H&F"},"image":{"@id":"https:\/\/qingdaohf.com\/bg\/#\/schema\/logo\/image\/"},"sameAs":["https:\/\/www.facebook.com\/qingdaohf"]}]}},"_links":{"self":[{"href":"https:\/\/qingdaohf.com\/de\/wp-json\/wp\/v2\/product\/7473","targetHints":{"allow":["GET"]}}],"collection":[{"href":"https:\/\/qingdaohf.com\/de\/wp-json\/wp\/v2\/product"}],"about":[{"href":"https:\/\/qingdaohf.com\/de\/wp-json\/wp\/v2\/types\/product"}],"replies":[{"embeddable":true,"href":"https:\/\/qingdaohf.com\/de\/wp-json\/wp\/v2\/comments?post=7473"}],"version-history":[{"count":2,"href":"https:\/\/qingdaohf.com\/de\/wp-json\/wp\/v2\/product\/7473\/revisions"}],"predecessor-version":[{"id":7479,"href":"https:\/\/qingdaohf.com\/de\/wp-json\/wp\/v2\/product\/7473\/revisions\/7479"}],"wp:featuredmedia":[{"embeddable":true,"href":"https:\/\/qingdaohf.com\/de\/wp-json\/wp\/v2\/media\/7475"}],"wp:attachment":[{"href":"https:\/\/qingdaohf.com\/de\/wp-json\/wp\/v2\/media?parent=7473"}],"wp:term":[{"taxonomy":"product_brand","embeddable":true,"href":"https:\/\/qingdaohf.com\/de\/wp-json\/wp\/v2\/product_brand?post=7473"},{"taxonomy":"product_cat","embeddable":true,"href":"https:\/\/qingdaohf.com\/de\/wp-json\/wp\/v2\/product_cat?post=7473"},{"taxonomy":"product_tag","embeddable":true,"href":"https:\/\/qingdaohf.com\/de\/wp-json\/wp\/v2\/product_tag?post=7473"}],"curies":[{"name":"wp","href":"https:\/\/api.w.org\/{rel}","templated":true}]}}