{"id":8065,"date":"2024-10-16T11:39:29","date_gmt":"2024-10-16T03:39:29","guid":{"rendered":"http:\/\/qingdaohf.com\/?post_type=product&#038;p=8065"},"modified":"2025-11-13T09:03:13","modified_gmt":"2025-11-13T01:03:13","slug":"kenter-shackle","status":"publish","type":"product","link":"https:\/\/qingdaohf.com\/de\/produkt\/spannschakel\/","title":{"rendered":"Kentersch\u00e4kel"},"content":{"rendered":"<h3><strong>Kenter-Sch\u00e4kel: Sichere und verl\u00e4ssliche Kettenverbindungen gew\u00e4hrleisten<\/strong><\/h3>\n<p>Die <em>Kentersch\u00e4kel<\/em> ist ein Eckpfeiler im Bereich der Kettenverbindungswerkzeuge und bietet eine Mischung aus Haltbarkeit, St\u00e4rke und Benutzerfreundlichkeit. Dieses Produkt ist unentbehrlich f\u00fcr alle, die in der Schifffahrt, im Baugewerbe und in der Industrie arbeiten, wo verl\u00e4ssliche Verbindungen entscheidend sind. Der Kenter-Sch\u00e4kel wurde mit Pr\u00e4zision konstruiert und sorgt daf\u00fcr, dass die Ketten auch unter extremen Bedingungen sicher verbunden bleiben, was Stabilit\u00e4t und Sicherheit bei Eins\u00e4tzen unter hohem Risiko gew\u00e4hrleistet. Sein Design konzentriert sich darauf, eine effiziente L\u00f6sung f\u00fcr die Verbindung von Ketten zu bieten und gleichzeitig hohe Standards in Bezug auf Leistung und Langlebigkeit einzuhalten.<\/p>\n<p>Der aus hochwertigem Stahl gefertigte Kenter-Sch\u00e4kel ist f\u00fcr die h\u00e4rtesten Bedingungen ger\u00fcstet. Seine robuste Konstruktion ist mit einer korrosionsbest\u00e4ndigen Beschichtung versehen, die ihn besonders f\u00fcr den Einsatz im Meer geeignet macht. Diese Beschichtung verl\u00e4ngert die Lebensdauer des Sch\u00e4kels, da sie selbst bei st\u00e4ndiger Einwirkung von Feuchtigkeit und Salzwasser Rost und Abnutzung verhindert. Wer sich f\u00fcr den Kenter-Sch\u00e4kel entscheidet, hat die Gewissheit, dass seine Ausr\u00fcstung sowohl den Elementen als auch den Anforderungen der harten Arbeit standh\u00e4lt.<\/p>\n<h3><strong>Gebaut f\u00fcr St\u00e4rke: Ein wichtiges Werkzeug f\u00fcr den Schwerlastbetrieb<\/strong><\/h3>\n<p>Die Hauptattraktivit\u00e4t des <em>Kentersch\u00e4kel<\/em> liegt in seiner au\u00dfergew\u00f6hnlichen Festigkeit und seiner F\u00e4higkeit, gro\u00dfe Lasten zu bew\u00e4ltigen. Seine Konstruktion gew\u00e4hrleistet, dass es die hohen Spannungen bew\u00e4ltigen kann, die beim Schleppen, Heben und Verankern auftreten. Diese F\u00e4higkeit ist in Sektoren wie der Schifffahrtslogistik, in denen die sichere Handhabung von schwerem Ger\u00e4t eine t\u00e4gliche Anforderung ist, von entscheidender Bedeutung. Die F\u00e4higkeit des Sch\u00e4kels, eine stabile Verbindung unter Druck aufrechtzuerhalten, bedeutet, dass sich die Benutzer sowohl bei Routineaufgaben als auch bei kritischen Aufgaben auf ihn verlassen k\u00f6nnen, wodurch das Risiko eines unerwarteten Ausfalls der Ausr\u00fcstung minimiert wird.<\/p>\n<p>Seine Festigkeit wird durch eine Konstruktion weiter erh\u00f6ht, die die Belastung gleichm\u00e4\u00dfig auf die verbundenen Ketten verteilt. Diese durchdachte Konstruktion verringert die Wahrscheinlichkeit von Verschlei\u00df an bestimmten Stellen und verl\u00e4ngert so die Lebensdauer sowohl des Sch\u00e4kels als auch der Ketten, die er verbindet. Die glatte Oberfl\u00e4che des Kenter-Sch\u00e4kels tr\u00e4gt dazu bei, die Reibung zwischen den Komponenten zu verringern, was ihn zu einer klugen Wahl f\u00fcr Profis macht, die auf eine langlebige Ausr\u00fcstung angewiesen sind. Seine F\u00e4higkeit, diese Dynamik zu bew\u00e4ltigen, ohne die Stabilit\u00e4t zu beeintr\u00e4chtigen, macht den Sch\u00e4kel zu einem unentbehrlichen Werkzeug in jeder Schwerlastumgebung.<\/p>\n<p>Au\u00dferdem geht die St\u00e4rke des Kentersch\u00e4kels nicht auf Kosten der Benutzerfreundlichkeit. Trotz seiner robusten Konstruktion ist er einfach zu handhaben und zu installieren und l\u00e4sst sich bei Bedarf schnell anpassen. Dank dieser Ausgewogenheit von Leistung und Zweckm\u00e4\u00dfigkeit eignet er sich f\u00fcr eine Reihe von Anwendungen, von der Sicherung von Schiffen auf See bis hin zur Durchf\u00fchrung von Hebevorg\u00e4ngen auf Baustellen. In all diesen Szenarien bietet die Konstruktion des Kentersch\u00e4kels die Zuverl\u00e4ssigkeit, die Profis brauchen, um einen reibungslosen und sicheren Betrieb zu gew\u00e4hrleisten.<\/p>\n<h3><strong>Vielseitigkeit f\u00fcr unterschiedliche Anwendungen: Ein Sch\u00e4kel, der sich an Ihre Bed\u00fcrfnisse anpasst<\/strong><\/h3>\n<p>Die <em>Kentersch\u00e4kel<\/em> ist eine vielseitige L\u00f6sung, die sich in verschiedenen Umgebungen und Anwendungen bew\u00e4hrt. In der maritimen Industrie wird es h\u00e4ufig f\u00fcr die Verbindung von Ankerketten verwendet, wo es eine sichere Verbindung bietet, die bei Bedarf leicht angepasst werden kann. Diese F\u00e4higkeit ist f\u00fcr Schiffsbetreiber und andere maritime Fachleute, die zuverl\u00e4ssige L\u00f6sungen zur Bew\u00e4ltigung der Kr\u00e4fte ben\u00f6tigen, die durch bewegtes Wasser und wechselnde Wetterbedingungen ausge\u00fcbt werden, von wesentlicher Bedeutung. Die korrosionsbest\u00e4ndigen Eigenschaften des Sch\u00e4kels erh\u00f6hen seine Eignung f\u00fcr diesen Sektor zus\u00e4tzlich, da er lange Zeit im Meer eingesetzt werden kann, ohne seine Integrit\u00e4t zu verlieren.<\/p>\n<p>Der Kentersch\u00e4kel wird nicht nur in der Schifffahrt, sondern auch in der Bauindustrie eingesetzt. Er spielt eine entscheidende Rolle bei Hebe- und Takelarbeiten und erm\u00f6glicht es den Arbeitern, Ketten schnell und sicher zu verbinden. Seine robuste Konstruktion sorgt f\u00fcr eine stabile Verbindung und verringert das Unfallrisiko bei Hebevorg\u00e4ngen. Bauunternehmer sch\u00e4tzen die Einfachheit der Konstruktion, die ein schnelles Einrichten und einfache Einstellungen erm\u00f6glicht. Diese Effizienz ist besonders auf Baustellen wichtig, wo zeitkritische Projekte von Werkzeugen profitieren, die sich schnell an wechselnde Anforderungen anpassen k\u00f6nnen.<\/p>\n<p>Auch der Industriesektor nutzt in erheblichem Ma\u00dfe die <em>Kentersch\u00e4kel<\/em>Er eignet sich besonders f\u00fcr Anwendungen wie das Abschleppen von Fahrzeugen, die Sicherung schwerer Maschinen oder die Stabilisierung von Lasten. Dank seiner kompakten Bauweise l\u00e4sst er sich leicht in verschiedene Einrichtungen integrieren, w\u00e4hrend seine Festigkeit sicherstellt, dass er den Herausforderungen von Gro\u00dfeins\u00e4tzen gewachsen ist. Die F\u00e4higkeit, bei verschiedenen Aufgaben eine stabile Verbindung aufrechtzuerhalten, unterstreicht die Vielseitigkeit des Sch\u00e4kels und macht ihn zu einer zuverl\u00e4ssigen Wahl f\u00fcr Profis, die sowohl Leistung als auch Anpassungsf\u00e4higkeit bei ihrer Ausr\u00fcstung sch\u00e4tzen.<\/p>\n<h3><strong>Leichte Montage und Wartung: Fokus auf Effizienz<\/strong><\/h3>\n<p>Eines der herausragenden Merkmale des <em>Kentersch\u00e4kel<\/em> ist sein benutzerfreundlicher Montageprozess. Im Gegensatz zu komplexeren Verbindungswerkzeugen, die unter Umst\u00e4nden eine spezielle Ausr\u00fcstung erfordern, ist der Kenter-Sch\u00e4kel f\u00fcr eine einfache Installation mit minimalen Werkzeugen ausgelegt. Diese Einfachheit erm\u00f6glicht es den Benutzern, Verbindungen schnell zu montieren oder zu demontieren, was besonders in Umgebungen wertvoll ist, in denen Zeit ein kritischer Faktor ist. Diese Designentscheidung stellt sicher, dass sich Fachleute auf ihre eigentliche Aufgabe konzentrieren k\u00f6nnen, ohne sich mit komplizierten Setups aufzuhalten.<\/p>\n<p>Der sichere Verriegelungsmechanismus des Sch\u00e4kels ist ein weiterer wichtiger Aspekt, der zu seiner Zuverl\u00e4ssigkeit beitr\u00e4gt. Nach der Installation sorgt der Mechanismus daf\u00fcr, dass die Verbindung fest an ihrem Platz bleibt, bis sie absichtlich gel\u00f6st wird. Diese zus\u00e4tzliche Sicherheitsebene ist von entscheidender Bedeutung bei Eins\u00e4tzen, bei denen pl\u00f6tzliche Unterbrechungen ernsthafte Risiken f\u00fcr Personal und Ausr\u00fcstung darstellen k\u00f6nnen. Durch die Bereitstellung eines einfachen, aber effektiven Verriegelungssystems unterst\u00fctzt der Kentersch\u00e4kel sowohl die Sicherheit als auch die Effizienz und erm\u00f6glicht einen reibungslosen Betrieb auch unter schwierigen Bedingungen.<\/p>\n<p>Wartung der <em>Kentersch\u00e4kel<\/em> ist dank seiner korrosionsbest\u00e4ndigen Oberfl\u00e4che ebenfalls einfach zu handhaben. Diese Eigenschaft minimiert den Bedarf an regelm\u00e4\u00dfiger Wartung, da der Sch\u00e4kel selbst in anspruchsvollen Umgebungen rost- und verschlei\u00dfbest\u00e4ndig ist. F\u00fcr Fachleute in der Schifffahrt und in der Industrie bedeutet dies, dass sie weniger Zeit f\u00fcr die Wartung aufwenden m\u00fcssen und mehr Zeit haben, sich auf die Erreichung ihrer betrieblichen Ziele zu konzentrieren. Die Kombination aus einfacher Handhabung, sicherer Montage und minimalem Wartungsaufwand macht den Kenter-Sch\u00e4kel zu einer praktischen und kosteng\u00fcnstigen Wahl f\u00fcr den langfristigen Einsatz.<\/p>\n<h3><strong>H\u00f6here Sicherheit und Produktivit\u00e4t durch zuverl\u00e4ssige Ausr\u00fcstung<\/strong><\/h3>\n<p>Die Sicherheit ist bei allen Anwendungen mit schweren Lasten von gr\u00f6\u00dfter Bedeutung, und die <em>Kentersch\u00e4kel<\/em> wurde unter Ber\u00fccksichtigung dieser \u00dcberlegungen entwickelt. Seine robuste Konstruktion gew\u00e4hrleistet, dass es den Kr\u00e4ften standh\u00e4lt, die beim Schleppen, Heben oder Verankern auftreten, und sorgt f\u00fcr eine stabile Verbindung, die das Risiko eines Ger\u00e4teausfalls minimiert. Diese Stabilit\u00e4t ist f\u00fcr die Schaffung eines sicheren Arbeitsumfelds von entscheidender Bedeutung, da sie die Gefahr von Unf\u00e4llen durch unerwartete Unterbrechungen oder Br\u00fcche verringert.<\/p>\n<p>Die sichere Konstruktion des Sch\u00e4kels umfasst ein Stiftsystem, das ein versehentliches L\u00f6sen verhindert und damit die Sicherheit w\u00e4hrend der Benutzung weiter erh\u00f6ht. Diese Eigenschaft ist besonders wichtig in dynamischen Umgebungen, wie z.B. bei der Arbeit mit beweglichen Lasten oder in Situationen, in denen Stabilit\u00e4t entscheidend ist. Der Kenter-Sch\u00e4kel bietet einen zuverl\u00e4ssigen Verbindungspunkt und hilft dem Benutzer, die Kontrolle \u00fcber seine Arbeit zu behalten, selbst wenn er mit schweren oder sich bewegenden Gewichten arbeitet.<\/p>\n<p>Zus\u00e4tzlich zu seinen Sicherheitsmerkmalen bietet das <em>Kentersch\u00e4kel<\/em> unterst\u00fctzt auch die Produktivit\u00e4t durch schnelle Anpassungen. Sein Design erm\u00f6glicht es den Arbeitern, ihre Einstellungen ohne komplizierte Verfahren zu \u00e4ndern, so dass Aufgaben ohne unn\u00f6tige Verz\u00f6gerungen durchgef\u00fchrt werden k\u00f6nnen. Diese Flexibilit\u00e4t erleichtert es den Fachleuten, sich an ver\u00e4nderte Bedingungen anzupassen, sei es bei Wetterumschw\u00fcngen auf See oder bei der Bew\u00e4ltigung neuer Anforderungen auf einer Baustelle. Durch die Kombination von Sicherheit und Effizienz hilft der Kentersch\u00e4kel den Anwendern, ihre Ziele zu erreichen und gleichzeitig die h\u00f6chsten Leistungsstandards einzuhalten.<\/p>\n<h3><strong>Schlussfolgerung: Eine vertrauensw\u00fcrdige L\u00f6sung f\u00fcr anspruchsvolle Anwendungen<\/strong><\/h3>\n<p>Die <em>Kentersch\u00e4kel<\/em> ist mehr als ein blo\u00dfer Steckverbinder - es ist eine lebenswichtige Komponente, die die Integrit\u00e4t und Sicherheit verschiedener Vorg\u00e4nge unterst\u00fctzt. Von der maritimen Industrie \u00fcber das Bauwesen bis hin zu industriellen Anwendungen - seine Mischung aus St\u00e4rke, Benutzerfreundlichkeit und Haltbarkeit macht ihn zur idealen Wahl f\u00fcr Fachleute, die zuverl\u00e4ssige Verbindungen ben\u00f6tigen. Sein auf Langlebigkeit und benutzerfreundliche Montage ausgerichtetes Design stellt sicher, dass es den Anforderungen anspruchsvoller Umgebungen gewachsen ist und eine gleichbleibende Leistung bietet.<\/p>\n<p>Wer sich f\u00fcr den Kenter-Sch\u00e4kel entscheidet, investiert in ein Produkt, das durch seine Verschlei\u00df- und Korrosionsbest\u00e4ndigkeit sowie durch seine F\u00e4higkeit, stabile Verbindungen unter schweren Lasten aufrechtzuerhalten, einen langfristigen Wert bietet. Die Vielseitigkeit dieses Sch\u00e4kels bedeutet, dass er sich an die Bed\u00fcrfnisse der verschiedenen Sektoren anpassen kann und eine zuverl\u00e4ssige L\u00f6sung bietet, die sowohl die Sicherheit als auch die Produktivit\u00e4t erh\u00f6ht. Seine Rolle bei der Aufrechterhaltung sicherer Verbindungen macht ihn zu einer Bereicherung f\u00fcr jeden Betrieb und bietet die Gewissheit, dass es sich um ein Produkt handelt, das f\u00fcr hervorragende Leistungen gebaut wurde.<\/p>\n<p>Die <em>Kentersch\u00e4kel<\/em> steht f\u00fcr eine Verpflichtung zu Qualit\u00e4t und Zuverl\u00e4ssigkeit und bietet die St\u00e4rke und Anpassungsf\u00e4higkeit, die f\u00fcr erfolgreiche Ergebnisse erforderlich sind. Er ist ein zuverl\u00e4ssiger Partner bei den anspruchsvollsten Aufgaben und bietet die Stabilit\u00e4t und Leistung, die Profis von ihrer Ausr\u00fcstung erwarten. Mit dem Kenter-Sch\u00e4kel k\u00f6nnen Anwender ihre Arbeit mit Zuversicht angehen, denn sie wissen, dass sie ein Werkzeug gew\u00e4hlt haben, das f\u00fcr die h\u00e4rtesten Herausforderungen ausgelegt ist.<\/p>","protected":false},"excerpt":{"rendered":"<p>Die <em>Kentersch\u00e4kel<\/em> ist ein robustes, vielseitiges Werkzeug, das f\u00fcr nahtlose Kettenverbindungen in Schwerlastanwendungen entwickelt wurde. Es wurde f\u00fcr St\u00e4rke und Zuverl\u00e4ssigkeit entwickelt und ist ideal f\u00fcr den Einsatz in der Schifffahrt, der Industrie und im Bauwesen. Die robuste Konstruktion und die korrosionsbest\u00e4ndige Oberfl\u00e4che sorgen f\u00fcr eine lang anhaltende Leistung, selbst in schwierigen Umgebungen. Mit seiner benutzerfreundlichen Montage und dem sicheren Verriegelungsmechanismus erh\u00f6ht der Kentersch\u00e4kel die Sicherheit und Effizienz und ist damit eine zuverl\u00e4ssige Wahl f\u00fcr Profis, die zuverl\u00e4ssige Verbindungen suchen.<\/p>","protected":false},"featured_media":8066,"comment_status":"open","ping_status":"closed","template":"","meta":{"site-sidebar-layout":"default","site-content-layout":"","ast-site-content-layout":"default","site-content-style":"default","site-sidebar-style":"default","ast-global-header-display":"","ast-banner-title-visibility":"","ast-main-header-display":"","ast-hfb-above-header-display":"","ast-hfb-below-header-display":"","ast-hfb-mobile-header-display":"","site-post-title":"","ast-breadcrumbs-content":"","ast-featured-img":"","footer-sml-layout":"","theme-transparent-header-meta":"default","adv-header-id-meta":"","stick-header-meta":"default","header-above-stick-meta":"","header-main-stick-meta":"","header-below-stick-meta":"","astra-migrate-meta-layouts":"set","ast-page-background-enabled":"default","ast-page-background-meta":{"desktop":{"background-color":"","background-image":"","background-repeat":"repeat","background-position":"center center","background-size":"auto","background-attachment":"scroll","background-type":"","background-media":"","overlay-type":"","overlay-color":"","overlay-opacity":"","overlay-gradient":""},"tablet":{"background-color":"","background-image":"","background-repeat":"repeat","background-position":"center center","background-size":"auto","background-attachment":"scroll","background-type":"","background-media":"","overlay-type":"","overlay-color":"","overlay-opacity":"","overlay-gradient":""},"mobile":{"background-color":"","background-image":"","background-repeat":"repeat","background-position":"center center","background-size":"auto","background-attachment":"scroll","background-type":"","background-media":"","overlay-type":"","overlay-color":"","overlay-opacity":"","overlay-gradient":""}},"ast-content-background-meta":{"desktop":{"background-color":"var(--ast-global-color-5)","background-image":"","background-repeat":"repeat","background-position":"center center","background-size":"auto","background-attachment":"scroll","background-type":"","background-media":"","overlay-type":"","overlay-color":"","overlay-opacity":"","overlay-gradient":""},"tablet":{"background-color":"var(--ast-global-color-5)","background-image":"","background-repeat":"repeat","background-position":"center center","background-size":"auto","background-attachment":"scroll","background-type":"","background-media":"","overlay-type":"","overlay-color":"","overlay-opacity":"","overlay-gradient":""},"mobile":{"background-color":"var(--ast-global-color-5)","background-image":"","background-repeat":"repeat","background-position":"center center","background-size":"auto","background-attachment":"scroll","background-type":"","background-media":"","overlay-type":"","overlay-color":"","overlay-opacity":"","overlay-gradient":""}}},"product_brand":[],"product_cat":[51],"product_tag":[],"class_list":{"0":"post-8065","1":"product","2":"type-product","3":"status-publish","4":"has-post-thumbnail","6":"product_cat-riggging-hardware","7":"desktop-align-left","8":"tablet-align-left","9":"mobile-align-left","10":"ast-product-gallery-layout-horizontal-slider","11":"ast-product-tabs-layout-horizontal","13":"first","14":"instock","15":"shipping-taxable","16":"purchasable","17":"product-type-simple"},"yoast_head":"<!-- This site is optimized with the Yoast SEO plugin v25.2 - https:\/\/yoast.com\/wordpress\/plugins\/seo\/ -->\n<title>Kenter Shackle<\/title>\n<meta name=\"robots\" content=\"index, follow, max-snippet:-1, max-image-preview:large, max-video-preview:-1\" \/>\n<link rel=\"canonical\" href=\"https:\/\/qingdaohf.com\/de\/produkt\/spannschakel\/\" \/>\n<meta property=\"og:locale\" content=\"de_DE\" \/>\n<meta property=\"og:type\" content=\"article\" \/>\n<meta property=\"og:title\" content=\"Kenter Shackle\" \/>\n<meta property=\"og:description\" content=\"The Kenter Shackle is a robust, versatile tool designed for seamless chain connections in heavy-duty applications. Engineered for strength and reliability, it is ideal for maritime, industrial, and construction use. Its durable construction and corrosion-resistant finish ensure long-lasting performance, even in challenging environments. With a user-friendly assembly and secure locking mechanism, the Kenter Shackle enhances safety and efficiency, making it a trusted choice for professionals seeking dependable connections.\" \/>\n<meta property=\"og:url\" content=\"https:\/\/qingdaohf.com\/de\/produkt\/spannschakel\/\" \/>\n<meta property=\"og:site_name\" content=\"Concrete Form &amp; Rigging Hardware Supplier\" \/>\n<meta property=\"article:publisher\" content=\"https:\/\/www.facebook.com\/qingdaohf\" \/>\n<meta property=\"article:modified_time\" content=\"2025-11-13T01:03:13+00:00\" \/>\n<meta property=\"og:image\" content=\"https:\/\/qingdaohf.com\/wp-content\/uploads\/2024\/10\/Kenter-Shackle.webp\" \/>\n\t<meta property=\"og:image:width\" content=\"800\" \/>\n\t<meta property=\"og:image:height\" content=\"800\" \/>\n\t<meta property=\"og:image:type\" content=\"image\/webp\" \/>\n<meta name=\"twitter:card\" content=\"summary_large_image\" \/>\n<meta name=\"twitter:label1\" content=\"Gesch\u00e4tzte Lesezeit\" \/>\n\t<meta name=\"twitter:data1\" content=\"7\u00a0Minuten\" \/>\n<script type=\"application\/ld+json\" class=\"yoast-schema-graph\">{\"@context\":\"https:\/\/schema.org\",\"@graph\":[{\"@type\":\"WebPage\",\"@id\":\"https:\/\/qingdaohf.com\/product\/kenter-shackle\/\",\"url\":\"https:\/\/qingdaohf.com\/product\/kenter-shackle\/\",\"name\":\"Kenter Shackle\",\"isPartOf\":{\"@id\":\"https:\/\/qingdaohf.com\/bg\/#website\"},\"primaryImageOfPage\":{\"@id\":\"https:\/\/qingdaohf.com\/product\/kenter-shackle\/#primaryimage\"},\"image\":{\"@id\":\"https:\/\/qingdaohf.com\/product\/kenter-shackle\/#primaryimage\"},\"thumbnailUrl\":\"https:\/\/qingdaohf.com\/wp-content\/uploads\/2024\/10\/Kenter-Shackle.webp\",\"datePublished\":\"2024-10-16T03:39:29+00:00\",\"dateModified\":\"2025-11-13T01:03:13+00:00\",\"breadcrumb\":{\"@id\":\"https:\/\/qingdaohf.com\/product\/kenter-shackle\/#breadcrumb\"},\"inLanguage\":\"de\",\"potentialAction\":[{\"@type\":\"ReadAction\",\"target\":[\"https:\/\/qingdaohf.com\/product\/kenter-shackle\/\"]}]},{\"@type\":\"ImageObject\",\"inLanguage\":\"de\",\"@id\":\"https:\/\/qingdaohf.com\/product\/kenter-shackle\/#primaryimage\",\"url\":\"https:\/\/qingdaohf.com\/wp-content\/uploads\/2024\/10\/Kenter-Shackle.webp\",\"contentUrl\":\"https:\/\/qingdaohf.com\/wp-content\/uploads\/2024\/10\/Kenter-Shackle.webp\",\"width\":800,\"height\":800,\"caption\":\"Kenter Shackle\"},{\"@type\":\"BreadcrumbList\",\"@id\":\"https:\/\/qingdaohf.com\/product\/kenter-shackle\/#breadcrumb\",\"itemListElement\":[{\"@type\":\"ListItem\",\"position\":1,\"name\":\"Home\",\"item\":\"https:\/\/qingdaohf.com\/\"},{\"@type\":\"ListItem\",\"position\":2,\"name\":\"Concrete Forming Accessories and Rigging Hardware\",\"item\":\"https:\/\/qingdaohf.com\/bg\/?page_id=944\"},{\"@type\":\"ListItem\",\"position\":3,\"name\":\"Kenter Shackle\"}]},{\"@type\":\"WebSite\",\"@id\":\"https:\/\/qingdaohf.com\/bg\/#website\",\"url\":\"https:\/\/qingdaohf.com\/bg\/\",\"name\":\"Concrete Form & Rigging Hardware Supplier\",\"description\":\"\",\"publisher\":{\"@id\":\"https:\/\/qingdaohf.com\/bg\/#organization\"},\"potentialAction\":[{\"@type\":\"SearchAction\",\"target\":{\"@type\":\"EntryPoint\",\"urlTemplate\":\"https:\/\/qingdaohf.com\/bg\/?s={search_term_string}\"},\"query-input\":{\"@type\":\"PropertyValueSpecification\",\"valueRequired\":true,\"valueName\":\"search_term_string\"}}],\"inLanguage\":\"de\"},{\"@type\":\"Organization\",\"@id\":\"https:\/\/qingdaohf.com\/bg\/#organization\",\"name\":\"Qingdao H&F\",\"url\":\"https:\/\/qingdaohf.com\/bg\/\",\"logo\":{\"@type\":\"ImageObject\",\"inLanguage\":\"de\",\"@id\":\"https:\/\/qingdaohf.com\/bg\/#\/schema\/logo\/image\/\",\"url\":\"https:\/\/qingdaohf.com\/wp-content\/uploads\/2022\/12\/cropped-HF-LOGO.png\",\"contentUrl\":\"https:\/\/qingdaohf.com\/wp-content\/uploads\/2022\/12\/cropped-HF-LOGO.png\",\"width\":391,\"height\":249,\"caption\":\"Qingdao H&F\"},\"image\":{\"@id\":\"https:\/\/qingdaohf.com\/bg\/#\/schema\/logo\/image\/\"},\"sameAs\":[\"https:\/\/www.facebook.com\/qingdaohf\"]}]}<\/script>\n<!-- \/ Yoast SEO plugin. -->","yoast_head_json":{"title":"Kenter Shackle","robots":{"index":"index","follow":"follow","max-snippet":"max-snippet:-1","max-image-preview":"max-image-preview:large","max-video-preview":"max-video-preview:-1"},"canonical":"https:\/\/qingdaohf.com\/de\/produkt\/spannschakel\/","og_locale":"de_DE","og_type":"article","og_title":"Kenter Shackle","og_description":"The Kenter Shackle is a robust, versatile tool designed for seamless chain connections in heavy-duty applications. Engineered for strength and reliability, it is ideal for maritime, industrial, and construction use. Its durable construction and corrosion-resistant finish ensure long-lasting performance, even in challenging environments. With a user-friendly assembly and secure locking mechanism, the Kenter Shackle enhances safety and efficiency, making it a trusted choice for professionals seeking dependable connections.","og_url":"https:\/\/qingdaohf.com\/de\/produkt\/spannschakel\/","og_site_name":"Concrete Form &amp; Rigging Hardware Supplier","article_publisher":"https:\/\/www.facebook.com\/qingdaohf","article_modified_time":"2025-11-13T01:03:13+00:00","og_image":[{"width":800,"height":800,"url":"https:\/\/qingdaohf.com\/wp-content\/uploads\/2024\/10\/Kenter-Shackle.webp","type":"image\/webp"}],"twitter_card":"summary_large_image","twitter_misc":{"Gesch\u00e4tzte Lesezeit":"7\u00a0Minuten"},"schema":{"@context":"https:\/\/schema.org","@graph":[{"@type":"WebPage","@id":"https:\/\/qingdaohf.com\/product\/kenter-shackle\/","url":"https:\/\/qingdaohf.com\/product\/kenter-shackle\/","name":"Kenter Shackle","isPartOf":{"@id":"https:\/\/qingdaohf.com\/bg\/#website"},"primaryImageOfPage":{"@id":"https:\/\/qingdaohf.com\/product\/kenter-shackle\/#primaryimage"},"image":{"@id":"https:\/\/qingdaohf.com\/product\/kenter-shackle\/#primaryimage"},"thumbnailUrl":"https:\/\/qingdaohf.com\/wp-content\/uploads\/2024\/10\/Kenter-Shackle.webp","datePublished":"2024-10-16T03:39:29+00:00","dateModified":"2025-11-13T01:03:13+00:00","breadcrumb":{"@id":"https:\/\/qingdaohf.com\/product\/kenter-shackle\/#breadcrumb"},"inLanguage":"de","potentialAction":[{"@type":"ReadAction","target":["https:\/\/qingdaohf.com\/product\/kenter-shackle\/"]}]},{"@type":"ImageObject","inLanguage":"de","@id":"https:\/\/qingdaohf.com\/product\/kenter-shackle\/#primaryimage","url":"https:\/\/qingdaohf.com\/wp-content\/uploads\/2024\/10\/Kenter-Shackle.webp","contentUrl":"https:\/\/qingdaohf.com\/wp-content\/uploads\/2024\/10\/Kenter-Shackle.webp","width":800,"height":800,"caption":"Kenter Shackle"},{"@type":"BreadcrumbList","@id":"https:\/\/qingdaohf.com\/product\/kenter-shackle\/#breadcrumb","itemListElement":[{"@type":"ListItem","position":1,"name":"Home","item":"https:\/\/qingdaohf.com\/"},{"@type":"ListItem","position":2,"name":"Concrete Forming Accessories and Rigging Hardware","item":"https:\/\/qingdaohf.com\/bg\/?page_id=944"},{"@type":"ListItem","position":3,"name":"Kenter Shackle"}]},{"@type":"WebSite","@id":"https:\/\/qingdaohf.com\/bg\/#website","url":"https:\/\/qingdaohf.com\/bg\/","name":"Concrete Form & Rigging Hardware Supplier","description":"","publisher":{"@id":"https:\/\/qingdaohf.com\/bg\/#organization"},"potentialAction":[{"@type":"SearchAction","target":{"@type":"EntryPoint","urlTemplate":"https:\/\/qingdaohf.com\/bg\/?s={search_term_string}"},"query-input":{"@type":"PropertyValueSpecification","valueRequired":true,"valueName":"search_term_string"}}],"inLanguage":"de"},{"@type":"Organization","@id":"https:\/\/qingdaohf.com\/bg\/#organization","name":"Qingdao H&F","url":"https:\/\/qingdaohf.com\/bg\/","logo":{"@type":"ImageObject","inLanguage":"de","@id":"https:\/\/qingdaohf.com\/bg\/#\/schema\/logo\/image\/","url":"https:\/\/qingdaohf.com\/wp-content\/uploads\/2022\/12\/cropped-HF-LOGO.png","contentUrl":"https:\/\/qingdaohf.com\/wp-content\/uploads\/2022\/12\/cropped-HF-LOGO.png","width":391,"height":249,"caption":"Qingdao H&F"},"image":{"@id":"https:\/\/qingdaohf.com\/bg\/#\/schema\/logo\/image\/"},"sameAs":["https:\/\/www.facebook.com\/qingdaohf"]}]}},"_links":{"self":[{"href":"https:\/\/qingdaohf.com\/de\/wp-json\/wp\/v2\/product\/8065","targetHints":{"allow":["GET"]}}],"collection":[{"href":"https:\/\/qingdaohf.com\/de\/wp-json\/wp\/v2\/product"}],"about":[{"href":"https:\/\/qingdaohf.com\/de\/wp-json\/wp\/v2\/types\/product"}],"replies":[{"embeddable":true,"href":"https:\/\/qingdaohf.com\/de\/wp-json\/wp\/v2\/comments?post=8065"}],"version-history":[{"count":3,"href":"https:\/\/qingdaohf.com\/de\/wp-json\/wp\/v2\/product\/8065\/revisions"}],"predecessor-version":[{"id":8073,"href":"https:\/\/qingdaohf.com\/de\/wp-json\/wp\/v2\/product\/8065\/revisions\/8073"}],"wp:featuredmedia":[{"embeddable":true,"href":"https:\/\/qingdaohf.com\/de\/wp-json\/wp\/v2\/media\/8066"}],"wp:attachment":[{"href":"https:\/\/qingdaohf.com\/de\/wp-json\/wp\/v2\/media?parent=8065"}],"wp:term":[{"taxonomy":"product_brand","embeddable":true,"href":"https:\/\/qingdaohf.com\/de\/wp-json\/wp\/v2\/product_brand?post=8065"},{"taxonomy":"product_cat","embeddable":true,"href":"https:\/\/qingdaohf.com\/de\/wp-json\/wp\/v2\/product_cat?post=8065"},{"taxonomy":"product_tag","embeddable":true,"href":"https:\/\/qingdaohf.com\/de\/wp-json\/wp\/v2\/product_tag?post=8065"}],"curies":[{"name":"wp","href":"https:\/\/api.w.org\/{rel}","templated":true}]}}