{"id":8106,"date":"2024-10-24T16:56:39","date_gmt":"2024-10-24T08:56:39","guid":{"rendered":"http:\/\/qingdaohf.com\/?post_type=product&#038;p=8106"},"modified":"2025-11-13T09:02:55","modified_gmt":"2025-11-13T01:02:55","slug":"3x7-wire-rope","status":"publish","type":"product","link":"https:\/\/qingdaohf.com\/de\/produkt\/3x7-drahtseil\/","title":{"rendered":"3\u00d77 Drahtseil"},"content":{"rendered":"<h3><strong>Das 3\u00d77 Drahtseil verstehen<\/strong><\/h3>\n<p>Das 3\u00d77-Drahtseil ist eine vielseitige und flexible Seilkonstruktion, die in verschiedenen Branchen, in denen sowohl Haltbarkeit als auch ein gewisses Ma\u00df an Beweglichkeit erforderlich sind, weit verbreitet ist. Die 3\u00d77-Drahtseilkonfiguration besteht aus drei Hauptlitzen, die jeweils aus sieben Einzeldr\u00e4hten bestehen, und bietet ein ideales Gleichgewicht zwischen Festigkeit und Flexibilit\u00e4t. Diese Art von Drahtseil ist besonders n\u00fctzlich bei Anwendungen, bei denen regelm\u00e4\u00dfig Biegungen, Spannungen und Bewegungen auftreten, wie z. B. bei Steuerkabeln, Seekabeln und sogar bei Freizeitanwendungen wie dem Angeln.<\/p>\n<p>Die einzigartige Struktur des Drahtseils, bestehend aus drei Litzen, die um eine Einlage gewickelt sind, erm\u00f6glicht es, die Flexibilit\u00e4t beizubehalten und gleichzeitig ein hohes Ma\u00df an Zugfestigkeit zu gew\u00e4hrleisten. Dies macht es perfekt f\u00fcr Szenarien, in denen das Drahtseil sich biegen oder um Rollen oder andere Systeme herum bewegen muss, aber dennoch seine strukturelle Integrit\u00e4t beibeh\u00e4lt. Sein relativ kleiner Durchmesser im Vergleich zu starreren Konfigurationen wie 1\u00d719 tr\u00e4gt zu seiner Flexibilit\u00e4t bei und macht es gut geeignet f\u00fcr leichte Aufgaben, bei denen ein gewisses Ma\u00df an Bewegung zu erwarten ist, aber ein Bruch oder eine \u00dcberdehnung nicht toleriert werden kann.<\/p>\n<p>3\u00d77-Drahtseile werden in der Regel aus rostfreiem oder verzinktem Stahl hergestellt und sind f\u00fcr die unterschiedlichsten Umgebungsbedingungen ausgelegt. Ausf\u00fchrungen aus rostfreiem Stahl bieten eine hervorragende Korrosionsbest\u00e4ndigkeit und sind daher ideal f\u00fcr den Einsatz in Umgebungen, in denen das Seil Wasser, Salz oder Chemikalien ausgesetzt sein kann. Verzinkter Stahl ist zwar etwas weniger korrosionsbest\u00e4ndig als Edelstahl, bietet aber einen hervorragenden Schutz in m\u00e4\u00dfig korrosiven Umgebungen und wird h\u00e4ufig f\u00fcr kostensensible Projekte gew\u00e4hlt.<\/p>\n<h3><strong>Materialzusammensetzung: Rostfreier Stahl vs. verzinkter Stahl<\/strong><\/h3>\n<p>Die Materialzusammensetzung eines 3\u00d77-Drahtseils spielt eine entscheidende Rolle f\u00fcr seine Leistung und Langlebigkeit. Nichtrostender Stahl wird in der Regel f\u00fcr Anwendungen verwendet, bei denen Korrosionsbest\u00e4ndigkeit eine wichtige Rolle spielt. In Umgebungen wie der Schifffahrt oder in Chemiewerken k\u00f6nnen 3\u00d77-Drahtseile aus rostfreiem Stahl Feuchtigkeit, Salzwasser und korrosiven Stoffen standhalten, ohne mit der Zeit zu zerfallen. Seine F\u00e4higkeit, Rost zu widerstehen, macht es besonders wertvoll in Umgebungen, die andere Stahlarten schnell zersetzen w\u00fcrden.<\/p>\n<p>Das verzinkte Stahldrahtseil 3\u00d77 hingegen ist mit einer Zinkschicht \u00fcberzogen, um es vor Korrosion zu sch\u00fctzen. Die verzinkte Beschichtung ist zwar nicht so rostbest\u00e4ndig wie Edelstahl, erh\u00f6ht aber die Haltbarkeit des Drahtseils in Au\u00dfenbereichen, in denen es den Elementen ausgesetzt sein kann. Verzinkter Stahl wird h\u00e4ufig im Baugewerbe, in der Industrie und in der Landwirtschaft verwendet, wo das Seil nicht st\u00e4ndig in Wasser getaucht wird oder stark korrosiven Substanzen ausgesetzt ist, aber die langfristige Einwirkung von Feuchtigkeit ein Problem darstellt.<\/p>\n<p>Sowohl Drahtseile aus rostfreiem Stahl als auch Drahtseile aus verzinktem Stahl sind so konstruiert, dass sie ihre Leistung bei leichter bis mittlerer Belastung beibehalten, wobei der Hauptunterschied im Grad der Korrosionsbest\u00e4ndigkeit liegt. Bei der Wahl zwischen den beiden Materialien ist es wichtig, die spezifischen Umgebungsbedingungen, unter denen das Drahtseil eingesetzt werden soll, sowie die Kosten zu ber\u00fccksichtigen. Rostfreier Stahl bietet die beste Langzeitbest\u00e4ndigkeit unter rauen Bedingungen, w\u00e4hrend verzinkter Stahl eine kosteng\u00fcnstige L\u00f6sung f\u00fcr weniger anspruchsvolle Umgebungen darstellt.<\/p>\n<h3><strong>\u00dcbliche Gr\u00f6\u00dfen und detaillierte Spezifikationen<\/strong><\/h3>\n<p>3\u00d77-Drahtseile sind in einer breiten Palette von Durchmessern erh\u00e4ltlich, die sich je nach erforderlicher Festigkeit und Flexibilit\u00e4t f\u00fcr unterschiedliche Anwendungen eignen. Eine der gebr\u00e4uchlichsten Gr\u00f6\u00dfen ist 1\/16 Zoll, die h\u00e4ufig f\u00fcr leichte Anwendungen wie Steuerseile, Winden und kleine Rigging-Systeme verwendet wird. Der kleine Durchmesser des 1\/16-Zoll-Drahtseils erm\u00f6glicht eine hohe Flexibilit\u00e4t und eignet sich daher ideal f\u00fcr Situationen, in denen das Seil ohne nennenswerten Verschlei\u00df oder Erm\u00fcdung durch Rollen oder andere Biegesysteme laufen muss.<\/p>\n<p>Das 1\/16-Zoll-Drahtseil 3\u00d77 wird zum Beispiel h\u00e4ufig f\u00fcr Steuerseile in verschiedenen mechanischen Systemen verwendet, bei denen es auf pr\u00e4zise Bewegung und Haltbarkeit ankommt. Die Ausf\u00fchrung aus rostfreiem Stahl eignet sich besonders gut f\u00fcr Anwendungen in der Schifffahrt, wo die Best\u00e4ndigkeit gegen Rost und Korrosion entscheidend ist. Das verzinkte 1\/16-Zoll-Stahlseil ist dagegen eine wirtschaftlichere L\u00f6sung f\u00fcr Projekte, die m\u00e4\u00dfigen Au\u00dfenbedingungen ausgesetzt sind, aber nicht die extreme Korrosionsbest\u00e4ndigkeit von Edelstahl erfordern.<\/p>\n<p>Das Drahtseil 3\/32 Zoll 3\u00d77 bietet eine h\u00f6here Festigkeit bei gleichbleibender Flexibilit\u00e4t. Diese Gr\u00f6\u00dfe wird h\u00e4ufig f\u00fcr leichte Hebeaufgaben gew\u00e4hlt, bei denen eine gewisse Flexibilit\u00e4t erforderlich ist, aber die Tragf\u00e4higkeit etwas h\u00f6her ist. Zu den Anwendungen f\u00fcr 3\/32-Zoll-Drahtseile geh\u00f6ren leichte Takelage-Systeme, Steuerkabel in Industriemaschinen und Freizeitausr\u00fcstungen wie Seilbahnen oder Angelschn\u00fcre, bei denen sich das Seil biegen muss, ohne an Festigkeit einzub\u00fc\u00dfen.<\/p>\n<p>Wenn wir zu gr\u00f6\u00dferen Durchmessern wie 1\/8 Zoll und 5\/32 Zoll \u00fcbergehen, nimmt die F\u00e4higkeit des Drahtseils zu, schwerere Lasten zu bew\u00e4ltigen, aber es bleibt immer noch flexibel genug, um in dynamischen Anwendungen n\u00fctzlich zu sein. Ein 1\/8-Zoll-Drahtseil mit den Ma\u00dfen 3\u00d77 wird beispielsweise h\u00e4ufig f\u00fcr Winden, Flaschenz\u00fcge und Hebesysteme verwendet, bei denen sich das Seil frei bewegen und gleichzeitig das Gewicht tragen muss. Die Edelstahlversion des 1\/8-Zoll-Drahtseils wird h\u00e4ufig in der Schifffahrt eingesetzt, w\u00e4hrend verzinkter Stahl im Bauwesen und in landwirtschaftlichen Ger\u00e4ten verwendet wird.<\/p>\n<p>Das 3\/8-Zoll-Drahtseil 3\u00d77 am oberen Ende des Gr\u00f6\u00dfenspektrums ist f\u00fcr anspruchsvollere Anwendungen gedacht, bei denen sowohl Festigkeit als auch Flexibilit\u00e4t wichtig sind. Diese Gr\u00f6\u00dfe wird h\u00e4ufig in gr\u00f6\u00dferen Rigging-Systemen, Industriemaschinen und sogar in einigen Arten von H\u00e4ngebr\u00fccken oder Aufz\u00fcgen verwendet, wo sich das Seil um Rollen oder Umlenkrollen biegen muss, ohne sich zu dehnen oder zu brechen. Das 3\/8-Zoll-Drahtseil, insbesondere aus verzinktem Stahl, wird bevorzugt im Baugewerbe und in der Landwirtschaft eingesetzt, wo es den Witterungseinfl\u00fcssen standhalten und gleichzeitig gro\u00dfe Lasten tragen muss.<\/p>\n<h3><strong>Kerntypen: Faserkern vs. Stahlkern<\/strong><\/h3>\n<p>Die Einlage eines Drahtseils ist ein entscheidendes Element, das sich auf seine Leistung auswirkt, insbesondere in Bezug auf Flexibilit\u00e4t und Festigkeit. 3\u00d77-Drahtseile sind in der Regel mit zwei Haupttypen von Einlagen erh\u00e4ltlich: Fasereinlagen (FC) und unabh\u00e4ngige Drahtseileinlagen (IWRC). Jede Einlage bietet spezifische Vorteile, die von der Anwendung und den Bedingungen abh\u00e4ngen, unter denen das Drahtseil eingesetzt wird.<\/p>\n<p>Der Faserkern (FC) besteht aus nat\u00fcrlichen oder synthetischen Fasern und wird im Allgemeinen bei Anwendungen eingesetzt, bei denen Flexibilit\u00e4t wichtiger ist als Festigkeit. Die Fasereinlage sorgt f\u00fcr eine gewisse Polsterung zwischen den Drahtlitzen, die hilft, Sto\u00dfbelastungen zu absorbieren und den Verschlei\u00df der Dr\u00e4hte zu verringern. Eine Fasereinlage ist h\u00e4ufiger in leichteren 3\u00d77-Drahtseilen zu finden, wie z. B. in Steuerseilen, bei denen Flexibilit\u00e4t und ein gewisses Nachgeben f\u00fcr den reibungslosen Betrieb des Systems wichtig sind.<\/p>\n<p>Die unabh\u00e4ngige Drahtseileinlage (IWRC) hingegen besteht aus einem separaten Drahtseil, das als Einlage dient. Diese Stahleinlage bietet deutlich mehr Festigkeit und Haltbarkeit als eine Fasereinlage und ist daher ideal f\u00fcr Anwendungen, bei denen das Drahtseil hohen Spannungen oder schweren Lasten ausgesetzt ist. Die IWRC tr\u00e4gt auch dazu bei, die strukturelle Integrit\u00e4t des Drahtseils zu erhalten, insbesondere bei gr\u00f6\u00dferen Durchmessern wie 1\/8 Zoll und 3\/8 Zoll, wo die F\u00e4higkeit, Quetschkr\u00e4ften standzuhalten, entscheidend ist.<\/p>\n<p>3\u00d77-Drahtseile mit IWRC werden h\u00e4ufig f\u00fcr schwerere Anwendungen gew\u00e4hlt, wie z. B. industrielle Hebevorg\u00e4nge, Kranbetrieb und Rigging-Systeme, bei denen die zus\u00e4tzliche Festigkeit und Haltbarkeit der Stahleinlage sicherstellen, dass das Drahtseil hohen Belastungen standh\u00e4lt, ohne sich zu verformen oder zu brechen.<\/p>\n<h3><strong>Branchen\u00fcbergreifende Anwendungen von 3\u00d77 Drahtseilen<\/strong><\/h3>\n<p>Die Anwendungen von 3\u00d77-Drahtseilen sind vielf\u00e4ltig und erstrecken sich \u00fcber Branchen wie die Schifffahrt, das Bauwesen, Industriemaschinen und sogar den Freizeitbereich. Seine einzigartige Ausgewogenheit von Festigkeit und Flexibilit\u00e4t macht es zu einer wertvollen Komponente in Systemen, die Bewegung oder Biegung erfordern und gleichzeitig moderate Lasten tragen.<\/p>\n<p>In der Schifffahrtsindustrie werden kleinere Durchmesser wie 1\/16 Zoll und 3\/32 Zoll h\u00e4ufig f\u00fcr Steuerseile, Angelschn\u00fcre und kleine Takelage-Systeme verwendet. Die Edelstahlversion dieser Drahtseile wird besonders f\u00fcr ihre Rost- und Korrosionsbest\u00e4ndigkeit gesch\u00e4tzt, die eine langfristige Leistung auch in rauen Salzwasserumgebungen gew\u00e4hrleistet.<\/p>\n<p>Im Baugewerbe und in der Industrie werden gr\u00f6\u00dfere Gr\u00f6\u00dfen wie 1\/8 Zoll und 3\/8 Zoll in Systemen verwendet, in denen Flexibilit\u00e4t erforderlich ist, wie z. B. in Flaschenz\u00fcgen, Winden und Kr\u00e4nen. Verzinkte Stahlausf\u00fchrungen werden h\u00e4ufig f\u00fcr Au\u00dfenanwendungen gew\u00e4hlt, bei denen das Drahtseil den Witterungseinfl\u00fcssen standhalten und dennoch zuverl\u00e4ssig unter Last funktionieren muss.<\/p>\n<p>Zu den Freizeitanwendungen von 3\u00d77-Drahtseilen geh\u00f6ren Anwendungen wie Seilrutschen, bei denen das Seil eine bewegliche Last tragen und gleichzeitig flexibel und sicher bleiben muss. In diesen F\u00e4llen ist das Gleichgewicht zwischen Festigkeit und Flexibilit\u00e4t entscheidend, damit sich das Drahtseil biegen und bewegen kann, ohne die Sicherheit oder Haltbarkeit zu beeintr\u00e4chtigen.<\/p>\n<h3><strong>Warum 3\u00d77-Drahtseile sich durch Flexibilit\u00e4t und St\u00e4rke auszeichnen<\/strong><\/h3>\n<p>Die 3\u00d77-Drahtseilkonstruktion bietet eine einzigartige Kombination aus Flexibilit\u00e4t und Festigkeit und ist damit die perfekte Wahl f\u00fcr dynamische Anwendungen, bei denen beide Eigenschaften erforderlich sind. Die Dr\u00e4hte mit kleinerem Durchmesser und die Mehrfachlitzen erm\u00f6glichen es dem Seil, sich zu biegen und sich durch Systeme zu bewegen, ohne dass es zu nennenswertem Verschlei\u00df kommt, w\u00e4hrend die Verwendung von rostfreiem oder verzinktem Stahl sicherstellt, dass es in rauen Umgebungen langlebig und korrosionsbest\u00e4ndig bleibt.<\/p>\n<p>Die gro\u00dfe Auswahl an verf\u00fcgbaren Gr\u00f6\u00dfen, von 1\/16 Zoll bis 3\/8 Zoll, erm\u00f6glicht es den Benutzern, das ideale Drahtseil f\u00fcr ihre spezifische Anwendung auszuw\u00e4hlen und das richtige Gleichgewicht zwischen St\u00e4rke, Flexibilit\u00e4t und Haltbarkeit zu gew\u00e4hrleisten. Ob in der Schifffahrt, in der Industrie oder im Freizeitbereich - 3\u00d77-Drahtseile bieten zuverl\u00e4ssige Leistung und lange Haltbarkeit und sind damit ein wesentlicher Bestandteil von Systemen, die sowohl Bewegung als auch Festigkeit erfordern.<\/p>","protected":false},"excerpt":{"rendered":"<p>Ein 3\u00d77-Drahtseil besteht aus drei Litzen mit jeweils sieben Dr\u00e4hten und ist damit die ideale Wahl f\u00fcr leichte Anwendungen, bei denen Flexibilit\u00e4t entscheidend ist. Diese Art von Drahtseil wird in der Regel aus hochwertigem rostfreiem oder verzinktem Stahl hergestellt, um Korrosions- und Verschlei\u00dffestigkeit zu gew\u00e4hrleisten. Die 3\u00d77-Konstruktion, die \u00fcblicherweise in Gr\u00f6\u00dfen wie 1\/16 Zoll, 3\/32 Zoll und 1\/8 Zoll erh\u00e4ltlich ist, bietet eine ausgezeichnete Festigkeit und Haltbarkeit. Sie ist sowohl mit Faser- als auch mit Stahlkernen ausgestattet, um unterschiedlichen Anforderungen gerecht zu werden, und bietet Stabilit\u00e4t und Festigkeit bei Anwendungen wie Takelage, Hebevorrichtungen und Kabelf\u00fchrungen.<\/p>\n<p>&nbsp;<\/p>","protected":false},"featured_media":8107,"comment_status":"open","ping_status":"closed","template":"","meta":{"site-sidebar-layout":"default","site-content-layout":"","ast-site-content-layout":"default","site-content-style":"default","site-sidebar-style":"default","ast-global-header-display":"","ast-banner-title-visibility":"","ast-main-header-display":"","ast-hfb-above-header-display":"","ast-hfb-below-header-display":"","ast-hfb-mobile-header-display":"","site-post-title":"","ast-breadcrumbs-content":"","ast-featured-img":"","footer-sml-layout":"","theme-transparent-header-meta":"default","adv-header-id-meta":"","stick-header-meta":"default","header-above-stick-meta":"","header-main-stick-meta":"","header-below-stick-meta":"","astra-migrate-meta-layouts":"set","ast-page-background-enabled":"default","ast-page-background-meta":{"desktop":{"background-color":"","background-image":"","background-repeat":"repeat","background-position":"center center","background-size":"auto","background-attachment":"scroll","background-type":"","background-media":"","overlay-type":"","overlay-color":"","overlay-opacity":"","overlay-gradient":""},"tablet":{"background-color":"","background-image":"","background-repeat":"repeat","background-position":"center center","background-size":"auto","background-attachment":"scroll","background-type":"","background-media":"","overlay-type":"","overlay-color":"","overlay-opacity":"","overlay-gradient":""},"mobile":{"background-color":"","background-image":"","background-repeat":"repeat","background-position":"center center","background-size":"auto","background-attachment":"scroll","background-type":"","background-media":"","overlay-type":"","overlay-color":"","overlay-opacity":"","overlay-gradient":""}},"ast-content-background-meta":{"desktop":{"background-color":"var(--ast-global-color-5)","background-image":"","background-repeat":"repeat","background-position":"center center","background-size":"auto","background-attachment":"scroll","background-type":"","background-media":"","overlay-type":"","overlay-color":"","overlay-opacity":"","overlay-gradient":""},"tablet":{"background-color":"var(--ast-global-color-5)","background-image":"","background-repeat":"repeat","background-position":"center center","background-size":"auto","background-attachment":"scroll","background-type":"","background-media":"","overlay-type":"","overlay-color":"","overlay-opacity":"","overlay-gradient":""},"mobile":{"background-color":"var(--ast-global-color-5)","background-image":"","background-repeat":"repeat","background-position":"center center","background-size":"auto","background-attachment":"scroll","background-type":"","background-media":"","overlay-type":"","overlay-color":"","overlay-opacity":"","overlay-gradient":""}}},"product_brand":[],"product_cat":[37],"product_tag":[89],"class_list":{"0":"post-8106","1":"product","2":"type-product","3":"status-publish","4":"has-post-thumbnail","6":"product_cat-wire-rope","7":"product_tag-wire-rope","8":"desktop-align-left","9":"tablet-align-left","10":"mobile-align-left","11":"ast-product-gallery-layout-horizontal-slider","12":"ast-product-gallery-with-no-image","13":"ast-product-tabs-layout-horizontal","15":"first","16":"instock","17":"shipping-taxable","18":"purchasable","19":"product-type-simple"},"yoast_head":"<!-- This site is optimized with the Yoast SEO plugin v25.2 - https:\/\/yoast.com\/wordpress\/plugins\/seo\/ -->\n<title>3x7 Wire Rope<\/title>\n<meta name=\"description\" content=\"A 3x7 wire rope features three strands, each containing seven wires, making it an ideal choice for light-duty applications where flexibility is crucial.\" \/>\n<meta name=\"robots\" content=\"index, follow, max-snippet:-1, max-image-preview:large, max-video-preview:-1\" \/>\n<link rel=\"canonical\" href=\"https:\/\/qingdaohf.com\/de\/produkt\/3x7-drahtseil\/\" \/>\n<meta property=\"og:locale\" content=\"de_DE\" \/>\n<meta property=\"og:type\" content=\"article\" \/>\n<meta property=\"og:title\" content=\"3x7 Wire Rope\" \/>\n<meta property=\"og:description\" content=\"A 3x7 wire rope features three strands, each containing seven wires, making it an ideal choice for light-duty applications where flexibility is crucial.\" \/>\n<meta property=\"og:url\" content=\"https:\/\/qingdaohf.com\/de\/produkt\/3x7-drahtseil\/\" \/>\n<meta property=\"og:site_name\" content=\"Concrete Form &amp; Rigging Hardware Supplier\" \/>\n<meta property=\"article:publisher\" content=\"https:\/\/www.facebook.com\/qingdaohf\" \/>\n<meta property=\"article:modified_time\" content=\"2025-11-13T01:02:55+00:00\" \/>\n<meta property=\"og:image\" content=\"https:\/\/qingdaohf.com\/wp-content\/uploads\/2024\/10\/3x7-wire-rope.webp\" \/>\n\t<meta property=\"og:image:width\" content=\"744\" \/>\n\t<meta property=\"og:image:height\" content=\"744\" \/>\n\t<meta property=\"og:image:type\" content=\"image\/webp\" \/>\n<meta name=\"twitter:card\" content=\"summary_large_image\" \/>\n<meta name=\"twitter:label1\" content=\"Gesch\u00e4tzte Lesezeit\" \/>\n\t<meta name=\"twitter:data1\" content=\"7\u00a0Minuten\" \/>\n<script type=\"application\/ld+json\" class=\"yoast-schema-graph\">{\"@context\":\"https:\/\/schema.org\",\"@graph\":[{\"@type\":\"WebPage\",\"@id\":\"https:\/\/qingdaohf.com\/product\/3x7-wire-rope\/\",\"url\":\"https:\/\/qingdaohf.com\/product\/3x7-wire-rope\/\",\"name\":\"3x7 Wire Rope\",\"isPartOf\":{\"@id\":\"https:\/\/qingdaohf.com\/bg\/#website\"},\"primaryImageOfPage\":{\"@id\":\"https:\/\/qingdaohf.com\/product\/3x7-wire-rope\/#primaryimage\"},\"image\":{\"@id\":\"https:\/\/qingdaohf.com\/product\/3x7-wire-rope\/#primaryimage\"},\"thumbnailUrl\":\"https:\/\/qingdaohf.com\/wp-content\/uploads\/2024\/10\/3x7-wire-rope.webp\",\"datePublished\":\"2024-10-24T08:56:39+00:00\",\"dateModified\":\"2025-11-13T01:02:55+00:00\",\"description\":\"A 3x7 wire rope features three strands, each containing seven wires, making it an ideal choice for light-duty applications where flexibility is crucial.\",\"breadcrumb\":{\"@id\":\"https:\/\/qingdaohf.com\/product\/3x7-wire-rope\/#breadcrumb\"},\"inLanguage\":\"de\",\"potentialAction\":[{\"@type\":\"ReadAction\",\"target\":[\"https:\/\/qingdaohf.com\/product\/3x7-wire-rope\/\"]}]},{\"@type\":\"ImageObject\",\"inLanguage\":\"de\",\"@id\":\"https:\/\/qingdaohf.com\/product\/3x7-wire-rope\/#primaryimage\",\"url\":\"https:\/\/qingdaohf.com\/wp-content\/uploads\/2024\/10\/3x7-wire-rope.webp\",\"contentUrl\":\"https:\/\/qingdaohf.com\/wp-content\/uploads\/2024\/10\/3x7-wire-rope.webp\",\"width\":744,\"height\":744,\"caption\":\"3x7 wire rope\"},{\"@type\":\"BreadcrumbList\",\"@id\":\"https:\/\/qingdaohf.com\/product\/3x7-wire-rope\/#breadcrumb\",\"itemListElement\":[{\"@type\":\"ListItem\",\"position\":1,\"name\":\"Home\",\"item\":\"https:\/\/qingdaohf.com\/\"},{\"@type\":\"ListItem\",\"position\":2,\"name\":\"Concrete Forming Accessories and Rigging Hardware\",\"item\":\"https:\/\/qingdaohf.com\/bg\/?page_id=944\"},{\"@type\":\"ListItem\",\"position\":3,\"name\":\"3&#215;7 Wire Rope\"}]},{\"@type\":\"WebSite\",\"@id\":\"https:\/\/qingdaohf.com\/bg\/#website\",\"url\":\"https:\/\/qingdaohf.com\/bg\/\",\"name\":\"Concrete Form & Rigging Hardware Supplier\",\"description\":\"\",\"publisher\":{\"@id\":\"https:\/\/qingdaohf.com\/bg\/#organization\"},\"potentialAction\":[{\"@type\":\"SearchAction\",\"target\":{\"@type\":\"EntryPoint\",\"urlTemplate\":\"https:\/\/qingdaohf.com\/bg\/?s={search_term_string}\"},\"query-input\":{\"@type\":\"PropertyValueSpecification\",\"valueRequired\":true,\"valueName\":\"search_term_string\"}}],\"inLanguage\":\"de\"},{\"@type\":\"Organization\",\"@id\":\"https:\/\/qingdaohf.com\/bg\/#organization\",\"name\":\"Qingdao H&F\",\"url\":\"https:\/\/qingdaohf.com\/bg\/\",\"logo\":{\"@type\":\"ImageObject\",\"inLanguage\":\"de\",\"@id\":\"https:\/\/qingdaohf.com\/bg\/#\/schema\/logo\/image\/\",\"url\":\"https:\/\/qingdaohf.com\/wp-content\/uploads\/2022\/12\/cropped-HF-LOGO.png\",\"contentUrl\":\"https:\/\/qingdaohf.com\/wp-content\/uploads\/2022\/12\/cropped-HF-LOGO.png\",\"width\":391,\"height\":249,\"caption\":\"Qingdao H&F\"},\"image\":{\"@id\":\"https:\/\/qingdaohf.com\/bg\/#\/schema\/logo\/image\/\"},\"sameAs\":[\"https:\/\/www.facebook.com\/qingdaohf\"]}]}<\/script>\n<!-- \/ Yoast SEO plugin. -->","yoast_head_json":{"title":"3x7 Wire Rope","description":"A 3x7 wire rope features three strands, each containing seven wires, making it an ideal choice for light-duty applications where flexibility is crucial.","robots":{"index":"index","follow":"follow","max-snippet":"max-snippet:-1","max-image-preview":"max-image-preview:large","max-video-preview":"max-video-preview:-1"},"canonical":"https:\/\/qingdaohf.com\/de\/produkt\/3x7-drahtseil\/","og_locale":"de_DE","og_type":"article","og_title":"3x7 Wire Rope","og_description":"A 3x7 wire rope features three strands, each containing seven wires, making it an ideal choice for light-duty applications where flexibility is crucial.","og_url":"https:\/\/qingdaohf.com\/de\/produkt\/3x7-drahtseil\/","og_site_name":"Concrete Form &amp; Rigging Hardware Supplier","article_publisher":"https:\/\/www.facebook.com\/qingdaohf","article_modified_time":"2025-11-13T01:02:55+00:00","og_image":[{"width":744,"height":744,"url":"https:\/\/qingdaohf.com\/wp-content\/uploads\/2024\/10\/3x7-wire-rope.webp","type":"image\/webp"}],"twitter_card":"summary_large_image","twitter_misc":{"Gesch\u00e4tzte Lesezeit":"7\u00a0Minuten"},"schema":{"@context":"https:\/\/schema.org","@graph":[{"@type":"WebPage","@id":"https:\/\/qingdaohf.com\/product\/3x7-wire-rope\/","url":"https:\/\/qingdaohf.com\/product\/3x7-wire-rope\/","name":"3x7 Wire Rope","isPartOf":{"@id":"https:\/\/qingdaohf.com\/bg\/#website"},"primaryImageOfPage":{"@id":"https:\/\/qingdaohf.com\/product\/3x7-wire-rope\/#primaryimage"},"image":{"@id":"https:\/\/qingdaohf.com\/product\/3x7-wire-rope\/#primaryimage"},"thumbnailUrl":"https:\/\/qingdaohf.com\/wp-content\/uploads\/2024\/10\/3x7-wire-rope.webp","datePublished":"2024-10-24T08:56:39+00:00","dateModified":"2025-11-13T01:02:55+00:00","description":"A 3x7 wire rope features three strands, each containing seven wires, making it an ideal choice for light-duty applications where flexibility is crucial.","breadcrumb":{"@id":"https:\/\/qingdaohf.com\/product\/3x7-wire-rope\/#breadcrumb"},"inLanguage":"de","potentialAction":[{"@type":"ReadAction","target":["https:\/\/qingdaohf.com\/product\/3x7-wire-rope\/"]}]},{"@type":"ImageObject","inLanguage":"de","@id":"https:\/\/qingdaohf.com\/product\/3x7-wire-rope\/#primaryimage","url":"https:\/\/qingdaohf.com\/wp-content\/uploads\/2024\/10\/3x7-wire-rope.webp","contentUrl":"https:\/\/qingdaohf.com\/wp-content\/uploads\/2024\/10\/3x7-wire-rope.webp","width":744,"height":744,"caption":"3x7 wire rope"},{"@type":"BreadcrumbList","@id":"https:\/\/qingdaohf.com\/product\/3x7-wire-rope\/#breadcrumb","itemListElement":[{"@type":"ListItem","position":1,"name":"Home","item":"https:\/\/qingdaohf.com\/"},{"@type":"ListItem","position":2,"name":"Concrete Forming Accessories and Rigging Hardware","item":"https:\/\/qingdaohf.com\/bg\/?page_id=944"},{"@type":"ListItem","position":3,"name":"3&#215;7 Wire Rope"}]},{"@type":"WebSite","@id":"https:\/\/qingdaohf.com\/bg\/#website","url":"https:\/\/qingdaohf.com\/bg\/","name":"Concrete Form & Rigging Hardware Supplier","description":"","publisher":{"@id":"https:\/\/qingdaohf.com\/bg\/#organization"},"potentialAction":[{"@type":"SearchAction","target":{"@type":"EntryPoint","urlTemplate":"https:\/\/qingdaohf.com\/bg\/?s={search_term_string}"},"query-input":{"@type":"PropertyValueSpecification","valueRequired":true,"valueName":"search_term_string"}}],"inLanguage":"de"},{"@type":"Organization","@id":"https:\/\/qingdaohf.com\/bg\/#organization","name":"Qingdao H&F","url":"https:\/\/qingdaohf.com\/bg\/","logo":{"@type":"ImageObject","inLanguage":"de","@id":"https:\/\/qingdaohf.com\/bg\/#\/schema\/logo\/image\/","url":"https:\/\/qingdaohf.com\/wp-content\/uploads\/2022\/12\/cropped-HF-LOGO.png","contentUrl":"https:\/\/qingdaohf.com\/wp-content\/uploads\/2022\/12\/cropped-HF-LOGO.png","width":391,"height":249,"caption":"Qingdao H&F"},"image":{"@id":"https:\/\/qingdaohf.com\/bg\/#\/schema\/logo\/image\/"},"sameAs":["https:\/\/www.facebook.com\/qingdaohf"]}]}},"_links":{"self":[{"href":"https:\/\/qingdaohf.com\/de\/wp-json\/wp\/v2\/product\/8106","targetHints":{"allow":["GET"]}}],"collection":[{"href":"https:\/\/qingdaohf.com\/de\/wp-json\/wp\/v2\/product"}],"about":[{"href":"https:\/\/qingdaohf.com\/de\/wp-json\/wp\/v2\/types\/product"}],"replies":[{"embeddable":true,"href":"https:\/\/qingdaohf.com\/de\/wp-json\/wp\/v2\/comments?post=8106"}],"version-history":[{"count":2,"href":"https:\/\/qingdaohf.com\/de\/wp-json\/wp\/v2\/product\/8106\/revisions"}],"predecessor-version":[{"id":8110,"href":"https:\/\/qingdaohf.com\/de\/wp-json\/wp\/v2\/product\/8106\/revisions\/8110"}],"wp:featuredmedia":[{"embeddable":true,"href":"https:\/\/qingdaohf.com\/de\/wp-json\/wp\/v2\/media\/8107"}],"wp:attachment":[{"href":"https:\/\/qingdaohf.com\/de\/wp-json\/wp\/v2\/media?parent=8106"}],"wp:term":[{"taxonomy":"product_brand","embeddable":true,"href":"https:\/\/qingdaohf.com\/de\/wp-json\/wp\/v2\/product_brand?post=8106"},{"taxonomy":"product_cat","embeddable":true,"href":"https:\/\/qingdaohf.com\/de\/wp-json\/wp\/v2\/product_cat?post=8106"},{"taxonomy":"product_tag","embeddable":true,"href":"https:\/\/qingdaohf.com\/de\/wp-json\/wp\/v2\/product_tag?post=8106"}],"curies":[{"name":"wp","href":"https:\/\/api.w.org\/{rel}","templated":true}]}}