{"id":8119,"date":"2024-10-24T17:32:24","date_gmt":"2024-10-24T09:32:24","guid":{"rendered":"http:\/\/qingdaohf.com\/?post_type=product&#038;p=8119"},"modified":"2025-11-13T09:02:55","modified_gmt":"2025-11-13T01:02:55","slug":"6x36-wire-rope","status":"publish","type":"product","link":"https:\/\/qingdaohf.com\/de\/produkt\/6x36-drahtseil\/","title":{"rendered":"6\u00d736 Drahtseil"},"content":{"rendered":"<h3>\u00dcbersicht der 6\u00d736 Drahtseilstruktur<\/h3>\n<p>Das Drahtseil 6\u00d736 ist bekannt f\u00fcr seine einzigartige Struktur, die St\u00e4rke, Haltbarkeit und Flexibilit\u00e4t vereint. Dieses Seil besteht aus 6 Litzen mit jeweils 36 Einzeldr\u00e4hten, die eine dichte und dennoch anpassungsf\u00e4hige Konfiguration bilden. Seine Konstruktion bietet ein ausgewogeneres Verh\u00e4ltnis zwischen Flexibilit\u00e4t und Festigkeit als einige andere Drahtseile, wie z. B. die 6\u00d719-Variante. Die Konstruktion erm\u00f6glicht es dem Seil, wiederholte Biegungen und Bewegungen zu bew\u00e4ltigen, ohne seine strukturelle Integrit\u00e4t zu beeintr\u00e4chtigen, was es zu einer bevorzugten Wahl f\u00fcr Branchen macht, die zuverl\u00e4ssige Hebe-, Hub- und Takelarbeiten ben\u00f6tigen.<\/p>\n<p>Das aus kohlenstoffreichem Stahl gefertigte Drahtseil 6\u00d736 ist so konstruiert, dass es harten Bedingungen standh\u00e4lt und dabei seine Kernfestigkeit beibeh\u00e4lt. Dieses hochwertige Material erh\u00f6ht die Abrieb-, Korrosions- und Verschlei\u00dffestigkeit des Seils und macht es f\u00fcr verschiedene anspruchsvolle Umgebungen geeignet. Die Stahllitzen sind sorgf\u00e4ltig angeordnet, um eine gleichm\u00e4\u00dfige Lastverteilung zu gew\u00e4hrleisten. Das Ergebnis ist ein Drahtseil, das hohen Gewichten und schwierigen Betriebsbedingungen standh\u00e4lt.<\/p>\n<h3>\u00dcbliche Gr\u00f6\u00dfen von Drahtseilen 6\u00d736<\/h3>\n<p>Die Wahl der Drahtseilgr\u00f6\u00dfe hat direkten Einfluss auf die Festigkeit, Flexibilit\u00e4t und Eignung f\u00fcr verschiedene Anwendungen. Das Drahtseil 6\u00d736 ist in verschiedenen Gr\u00f6\u00dfen erh\u00e4ltlich, die eine pr\u00e4zise Anpassung an die spezifischen Anforderungen verschiedener Branchen erm\u00f6glichen, vom Baugewerbe bis zur Schifffahrt.<\/p>\n<p>Das 3\/16-Zoll-Drahtseil 6\u00d736 ist eine vielseitige Option, die ein gutes Gleichgewicht zwischen Flexibilit\u00e4t und Festigkeit bietet. Diese Gr\u00f6\u00dfe wird h\u00e4ufig bei leichteren Anwendungen verwendet, bei denen Platzmangel ein Faktor ist, wie z. B. bei kleinen Takelarbeiten oder kontrollierten Hebeaufgaben. Dank seines kompakten Durchmessers l\u00e4sst es sich leicht man\u00f6vrieren und bietet dennoch ein zuverl\u00e4ssiges Ma\u00df an Zugfestigkeit f\u00fcr moderate Lasten.<\/p>\n<p>F\u00fcr Anwendungen, die eine robustere Option erfordern, bietet das 1\/4-Zoll-Drahtseil 6\u00d736 eine h\u00f6here Festigkeit, ohne dabei zu viel Flexibilit\u00e4t zu opfern. Diese Gr\u00f6\u00dfe wird h\u00e4ufig f\u00fcr Anwendungen wie das Heben und Sichern von Lasten im Bau- oder Transportbereich gew\u00e4hlt. Es eignet sich auch gut f\u00fcr Windenarbeiten, bei denen eine Mischung aus Festigkeit und einfacher Handhabung f\u00fcr einen effektiven Betrieb entscheidend ist.<\/p>\n<p>Das 5\/16-Zoll-Drahtseil 6\u00d736 ist eine robustere Wahl und bietet eine h\u00f6here Tragf\u00e4higkeit f\u00fcr intensivere Aufgaben. Diese Gr\u00f6\u00dfe ist ideal f\u00fcr Schwerlastanwendungen, wie Industriekr\u00e4ne, Hebezeuge und Schiffstakelage. Dank seines dickeren Durchmessers kann es gr\u00f6\u00dferen Spannungen und Belastungen standhalten und eignet sich daher f\u00fcr Umgebungen, in denen sowohl Festigkeit als auch Langlebigkeit von entscheidender Bedeutung sind.<\/p>\n<p>F\u00fcr diejenigen, die eine noch h\u00f6here Festigkeit ben\u00f6tigen, kann das 3\/8-Zoll-Drahtseil 6\u00d736 eine erhebliche Unterst\u00fctzung f\u00fcr anspruchsvolle Projekte bieten. Es eignet sich gut f\u00fcr gro\u00dfe Bauprojekte und industrielle Anwendungen, bei denen eine hohe Tragf\u00e4higkeit erforderlich ist. Trotz des dickeren Durchmessers beh\u00e4lt das 3\/8-Zoll-Drahtseil die Flexibilit\u00e4t, die f\u00fcr bestimmte Biegeanwendungen erforderlich ist, so dass es auch in dynamischen Umgebungen effektiv eingesetzt werden kann.<\/p>\n<h3>Kerntypen: FC, IWS und IWRC in 6\u00d736 Drahtseil<\/h3>\n<p>Die Einlage eines Drahtseils ist eine wichtige Komponente, die seine Flexibilit\u00e4t, Festigkeit und Eignung f\u00fcr verschiedene Anwendungen bestimmt. Das Drahtseil 6\u00d736 gibt es in drei Kerntypen: Fasereinlage (FC), unabh\u00e4ngige Drahtlitzeneinlage (IWS) und unabh\u00e4ngige Drahtseileinlage (IWRC), die jeweils unterschiedliche Vorteile f\u00fcr verschiedene Anwendungen bieten.<\/p>\n<p>Die Fasereinlage (FC) ist die flexibelste Einlage f\u00fcr 6\u00d736-Drahtseile. Diese Einlage wird aus synthetischen oder nat\u00fcrlichen Fasern hergestellt und bietet eine weichere, biegsamere Kernstruktur. Die FC-Variante ist besonders vorteilhaft, wenn das Drahtseil h\u00e4ufig um Rollen und Scheiben herumgef\u00fchrt werden muss, da seine Flexibilit\u00e4t den Verschlei\u00df sowohl des Seils als auch der Maschine minimiert. Die weichere Einlage bedeutet jedoch, dass das Seil im Vergleich zu Stahlseilen eine etwas geringere Festigkeit aufweist, so dass es sich eher f\u00fcr leichtere Aufgaben eignet, bei denen Flexibilit\u00e4t wichtiger ist als maximale Tragf\u00e4higkeit.<\/p>\n<p>Die unabh\u00e4ngige Drahtlitzeneinlage (IWS) bietet ein ausgewogenes Verh\u00e4ltnis zwischen Festigkeit und Flexibilit\u00e4t. Eine IWS-Einlage besteht aus einer separaten Drahtlitze, die zus\u00e4tzliche strukturelle Unterst\u00fctzung bietet und die Haltbarkeit und Zugfestigkeit des Drahtseils erh\u00f6ht. Dieser Seiltyp eignet sich gut f\u00fcr Anwendungen mit mittlerer Beanspruchung, bei denen ein m\u00e4\u00dfiges Ma\u00df an Biegung und Bewegung erforderlich ist, wie z. B. bei kleineren Kr\u00e4nen oder mittelgro\u00dfen Hebezeugen. Die IWS-Einlage sorgt daf\u00fcr, dass das Seil unter Last seine Form beibeh\u00e4lt, was es zu einer zuverl\u00e4ssigen Wahl f\u00fcr Aufgaben macht, die etwas mehr Robustheit erfordern, ohne dabei zu viel Flexibilit\u00e4t einzub\u00fc\u00dfen.<\/p>\n<p>F\u00fcr diejenigen, die maximale Festigkeit suchen, bietet der Independent Wire Rope Core (IWRC) den h\u00f6chsten Grad an Haltbarkeit unter den Kerntypen. Die IWRC wird aus einem separaten Drahtseil hergestellt, das die Gesamtfestigkeit des 6\u00d736-Drahtseils erh\u00f6ht und somit ideal f\u00fcr Schwerlastanwendungen ist. Dieser Seiltyp wird h\u00e4ufig in Umgebungen eingesetzt, in denen eine hohe Zugfestigkeit von entscheidender Bedeutung ist, wie z. B. bei gro\u00dfen Baukr\u00e4nen, industriellen Hebezeugen und im Schiffsbetrieb, z. B. beim Schleppen und Festmachen. Der IWRC-Kern ist zwar weniger flexibel als der FC- oder IWS-Kern, aber seine F\u00e4higkeit, schwere Lasten zu bew\u00e4ltigen und sich unter Belastung nicht zu verformen, macht ihn zur bevorzugten Option f\u00fcr intensive Betriebsbedingungen.<\/p>\n<h3>Anwendungen und Vorteile des Drahtseils 6\u00d736<\/h3>\n<p>Die einzigartige Konstruktion und Vielseitigkeit des 6\u00d736-Drahtseils machen es zu einer unverzichtbaren Wahl in einer Vielzahl von Branchen. Seine F\u00e4higkeit, Festigkeit und Flexibilit\u00e4t zu kombinieren, stellt sicher, dass es sich an verschiedene Anwendungen anpassen kann und dabei eine gleichbleibende Leistung bietet. Dies macht es zu einem \u00e4u\u00dferst effektiven Werkzeug f\u00fcr Aufgaben wie Heben, Heben und Takeln, bei denen Pr\u00e4zision und Haltbarkeit entscheidend sind.<\/p>\n<p>In der Bauindustrie spielt das Drahtseil 6\u00d736 eine entscheidende Rolle bei der Arbeit mit Kr\u00e4nen, Hebezeugen und anderen schweren Hebezeugen. Seine Konstruktion erm\u00f6glicht einen reibungslosen Betrieb \u00fcber Seilscheiben und Umlenkrollen, wodurch der Verschlei\u00df minimiert und die Lebensdauer des Seils verl\u00e4ngert wird. Die Verf\u00fcgbarkeit verschiedener Einlagenoptionen bedeutet, dass die Benutzer die ideale Konfiguration f\u00fcr die spezifischen Anforderungen jedes Projekts w\u00e4hlen k\u00f6nnen, sei es, dass sie der Flexibilit\u00e4t mit einer FC-Einlage den Vorzug geben oder sich f\u00fcr die Festigkeit einer IWRC-Einlage entscheiden.<\/p>\n<p>Auch maritime Anwendungen profitieren erheblich von der Verwendung des Drahtseils 6\u00d736. Aufgrund seiner Abriebfestigkeit und seiner F\u00e4higkeit, anspruchsvollen Umgebungen standzuhalten, eignet es sich f\u00fcr maritime Aufgaben wie Festmachen, Schleppen und Fischerei. Der IWRC-Kern ist in diesen Bereichen besonders vorteilhaft, da er den dynamischen Belastungen bei rauer See und wechselnden Bedingungen standh\u00e4lt. Die kohlenstoffreiche Stahlkonstruktion des Seils sorgt zudem daf\u00fcr, dass es den korrosiven Auswirkungen von Salzwasser standh\u00e4lt, und bietet so dauerhafte Zuverl\u00e4ssigkeit f\u00fcr den maritimen Einsatz.<\/p>\n<p>In der Transport- und Logistikbranche wird das Drahtseil 6\u00d736 zur Sicherung von Lasten, zum Heben schwerer Materialien und zur Unterst\u00fctzung verschiedener Hebemechanismen verwendet. Dank seiner ausgewogenen Konstruktion kann es sowohl statische als auch dynamische Lasten aufnehmen und bietet die n\u00f6tige Festigkeit, um sichere Verbindungen ohne \u00fcberm\u00e4\u00dfige Belastung aufrechtzuerhalten. Diese Vielseitigkeit bedeutet, dass es in einer Reihe von Transportanwendungen eingesetzt werden kann, von der Ladungssicherung auf Schiffen bis hin zur Unterst\u00fctzung beim Be- und Entladen von Waren in Lagerh\u00e4usern.<\/p>\n<p>Die Auswahl der richtigen Einlage und Gr\u00f6\u00dfe f\u00fcr ein 6\u00d736-Drahtseil erm\u00f6glicht es Unternehmen, ihren Betrieb zu optimieren und sicherzustellen, dass sie die ideale Mischung aus Flexibilit\u00e4t, Festigkeit und Haltbarkeit f\u00fcr ihre spezifischen Anforderungen erhalten. Indem sie die F\u00e4higkeiten der einzelnen Kerntypen und die Auswirkungen der verschiedenen Gr\u00f6\u00dfen verstehen, k\u00f6nnen Benutzer fundierte Entscheidungen treffen, die die Sicherheit und Effizienz ihrer Projekte maximieren. Das Drahtseil 6\u00d736 mit seiner robusten Konstruktion und anpassungsf\u00e4higen Beschaffenheit ist nach wie vor eine bevorzugte Wahl f\u00fcr alle, die in der Industrie, der Schifffahrt und im Bauwesen Zuverl\u00e4ssigkeit und Leistung suchen.<\/p>","protected":false},"excerpt":{"rendered":"<p>Das Drahtseil 6\u00d736 ist ein hochfestes, flexibles Stahldrahtseil, das aus 6 Litzen mit jeweils 36 Dr\u00e4hten besteht. Es ist bekannt f\u00fcr seine Ausgewogenheit zwischen Haltbarkeit und Flexibilit\u00e4t und eignet sich daher f\u00fcr anspruchsvolle Anwendungen wie Heben, Takeln und den Einsatz auf See. Das \u00fcblicherweise in Gr\u00f6\u00dfen wie 3\/16 Zoll, 1\/4 Zoll und 5\/16 Zoll erh\u00e4ltliche Drahtseil 6\u00d736 wird in der Regel aus kohlenstoffreichem Stahl hergestellt. Es ist mit verschiedenen Kernoptionen erh\u00e4ltlich, darunter Faserkern (FC), unabh\u00e4ngiger Drahtlitzenkern (IWS) und unabh\u00e4ngiger Drahtseilkern (IWRC), was eine ma\u00dfgeschneiderte Leistung je nach den spezifischen Anforderungen erm\u00f6glicht.<\/p>","protected":false},"featured_media":8117,"comment_status":"open","ping_status":"closed","template":"","meta":{"site-sidebar-layout":"default","site-content-layout":"","ast-site-content-layout":"default","site-content-style":"default","site-sidebar-style":"default","ast-global-header-display":"","ast-banner-title-visibility":"","ast-main-header-display":"","ast-hfb-above-header-display":"","ast-hfb-below-header-display":"","ast-hfb-mobile-header-display":"","site-post-title":"","ast-breadcrumbs-content":"","ast-featured-img":"","footer-sml-layout":"","theme-transparent-header-meta":"default","adv-header-id-meta":"","stick-header-meta":"default","header-above-stick-meta":"","header-main-stick-meta":"","header-below-stick-meta":"","astra-migrate-meta-layouts":"set","ast-page-background-enabled":"default","ast-page-background-meta":{"desktop":{"background-color":"","background-image":"","background-repeat":"repeat","background-position":"center center","background-size":"auto","background-attachment":"scroll","background-type":"","background-media":"","overlay-type":"","overlay-color":"","overlay-opacity":"","overlay-gradient":""},"tablet":{"background-color":"","background-image":"","background-repeat":"repeat","background-position":"center center","background-size":"auto","background-attachment":"scroll","background-type":"","background-media":"","overlay-type":"","overlay-color":"","overlay-opacity":"","overlay-gradient":""},"mobile":{"background-color":"","background-image":"","background-repeat":"repeat","background-position":"center center","background-size":"auto","background-attachment":"scroll","background-type":"","background-media":"","overlay-type":"","overlay-color":"","overlay-opacity":"","overlay-gradient":""}},"ast-content-background-meta":{"desktop":{"background-color":"var(--ast-global-color-5)","background-image":"","background-repeat":"repeat","background-position":"center center","background-size":"auto","background-attachment":"scroll","background-type":"","background-media":"","overlay-type":"","overlay-color":"","overlay-opacity":"","overlay-gradient":""},"tablet":{"background-color":"var(--ast-global-color-5)","background-image":"","background-repeat":"repeat","background-position":"center center","background-size":"auto","background-attachment":"scroll","background-type":"","background-media":"","overlay-type":"","overlay-color":"","overlay-opacity":"","overlay-gradient":""},"mobile":{"background-color":"var(--ast-global-color-5)","background-image":"","background-repeat":"repeat","background-position":"center center","background-size":"auto","background-attachment":"scroll","background-type":"","background-media":"","overlay-type":"","overlay-color":"","overlay-opacity":"","overlay-gradient":""}}},"product_brand":[],"product_cat":[37],"product_tag":[89],"class_list":{"0":"post-8119","1":"product","2":"type-product","3":"status-publish","4":"has-post-thumbnail","6":"product_cat-wire-rope","7":"product_tag-wire-rope","8":"desktop-align-left","9":"tablet-align-left","10":"mobile-align-left","11":"ast-product-gallery-layout-horizontal-slider","12":"ast-product-tabs-layout-horizontal","14":"first","15":"instock","16":"shipping-taxable","17":"purchasable","18":"product-type-simple"},"yoast_head":"<!-- This site is optimized with the Yoast SEO plugin v25.2 - https:\/\/yoast.com\/wordpress\/plugins\/seo\/ -->\n<title>6x36 Wire Rope<\/title>\n<meta name=\"description\" content=\"The 6x36 wire rope is a high-strength, flexible steel wire rope consisting of 6 strands, each containing 36 wires.\" \/>\n<meta name=\"robots\" content=\"index, follow, max-snippet:-1, max-image-preview:large, max-video-preview:-1\" \/>\n<link rel=\"canonical\" href=\"https:\/\/qingdaohf.com\/de\/produkt\/6x36-drahtseil\/\" \/>\n<meta property=\"og:locale\" content=\"de_DE\" \/>\n<meta property=\"og:type\" content=\"article\" \/>\n<meta property=\"og:title\" content=\"6x36 Wire Rope\" \/>\n<meta property=\"og:description\" content=\"The 6x36 wire rope is a high-strength, flexible steel wire rope consisting of 6 strands, each containing 36 wires.\" \/>\n<meta property=\"og:url\" content=\"https:\/\/qingdaohf.com\/de\/produkt\/6x36-drahtseil\/\" \/>\n<meta property=\"og:site_name\" content=\"Concrete Form &amp; Rigging Hardware Supplier\" \/>\n<meta property=\"article:publisher\" content=\"https:\/\/www.facebook.com\/qingdaohf\" \/>\n<meta property=\"article:modified_time\" content=\"2025-11-13T01:02:55+00:00\" \/>\n<meta property=\"og:image\" content=\"https:\/\/qingdaohf.com\/wp-content\/uploads\/2024\/10\/6x36-IWRC-Bright-Wire-Rope.webp\" \/>\n\t<meta property=\"og:image:width\" content=\"744\" \/>\n\t<meta property=\"og:image:height\" content=\"744\" \/>\n\t<meta property=\"og:image:type\" content=\"image\/webp\" \/>\n<meta name=\"twitter:card\" content=\"summary_large_image\" \/>\n<meta name=\"twitter:label1\" content=\"Gesch\u00e4tzte Lesezeit\" \/>\n\t<meta name=\"twitter:data1\" content=\"6\u00a0Minuten\" \/>\n<script type=\"application\/ld+json\" class=\"yoast-schema-graph\">{\"@context\":\"https:\/\/schema.org\",\"@graph\":[{\"@type\":\"WebPage\",\"@id\":\"https:\/\/qingdaohf.com\/product\/6x36-wire-rope\/\",\"url\":\"https:\/\/qingdaohf.com\/product\/6x36-wire-rope\/\",\"name\":\"6x36 Wire Rope\",\"isPartOf\":{\"@id\":\"https:\/\/qingdaohf.com\/bg\/#website\"},\"primaryImageOfPage\":{\"@id\":\"https:\/\/qingdaohf.com\/product\/6x36-wire-rope\/#primaryimage\"},\"image\":{\"@id\":\"https:\/\/qingdaohf.com\/product\/6x36-wire-rope\/#primaryimage\"},\"thumbnailUrl\":\"https:\/\/qingdaohf.com\/wp-content\/uploads\/2024\/10\/6x36-IWRC-Bright-Wire-Rope.webp\",\"datePublished\":\"2024-10-24T09:32:24+00:00\",\"dateModified\":\"2025-11-13T01:02:55+00:00\",\"description\":\"The 6x36 wire rope is a high-strength, flexible steel wire rope consisting of 6 strands, each containing 36 wires.\",\"breadcrumb\":{\"@id\":\"https:\/\/qingdaohf.com\/product\/6x36-wire-rope\/#breadcrumb\"},\"inLanguage\":\"de\",\"potentialAction\":[{\"@type\":\"ReadAction\",\"target\":[\"https:\/\/qingdaohf.com\/product\/6x36-wire-rope\/\"]}]},{\"@type\":\"ImageObject\",\"inLanguage\":\"de\",\"@id\":\"https:\/\/qingdaohf.com\/product\/6x36-wire-rope\/#primaryimage\",\"url\":\"https:\/\/qingdaohf.com\/wp-content\/uploads\/2024\/10\/6x36-IWRC-Bright-Wire-Rope.webp\",\"contentUrl\":\"https:\/\/qingdaohf.com\/wp-content\/uploads\/2024\/10\/6x36-IWRC-Bright-Wire-Rope.webp\",\"width\":744,\"height\":744,\"caption\":\"6x36 IWRC Wire Rope\"},{\"@type\":\"BreadcrumbList\",\"@id\":\"https:\/\/qingdaohf.com\/product\/6x36-wire-rope\/#breadcrumb\",\"itemListElement\":[{\"@type\":\"ListItem\",\"position\":1,\"name\":\"Home\",\"item\":\"https:\/\/qingdaohf.com\/\"},{\"@type\":\"ListItem\",\"position\":2,\"name\":\"Concrete Forming Accessories and Rigging Hardware\",\"item\":\"https:\/\/qingdaohf.com\/bg\/?page_id=944\"},{\"@type\":\"ListItem\",\"position\":3,\"name\":\"6&#215;36 Wire Rope\"}]},{\"@type\":\"WebSite\",\"@id\":\"https:\/\/qingdaohf.com\/bg\/#website\",\"url\":\"https:\/\/qingdaohf.com\/bg\/\",\"name\":\"Concrete Form & Rigging Hardware Supplier\",\"description\":\"\",\"publisher\":{\"@id\":\"https:\/\/qingdaohf.com\/bg\/#organization\"},\"potentialAction\":[{\"@type\":\"SearchAction\",\"target\":{\"@type\":\"EntryPoint\",\"urlTemplate\":\"https:\/\/qingdaohf.com\/bg\/?s={search_term_string}\"},\"query-input\":{\"@type\":\"PropertyValueSpecification\",\"valueRequired\":true,\"valueName\":\"search_term_string\"}}],\"inLanguage\":\"de\"},{\"@type\":\"Organization\",\"@id\":\"https:\/\/qingdaohf.com\/bg\/#organization\",\"name\":\"Qingdao H&F\",\"url\":\"https:\/\/qingdaohf.com\/bg\/\",\"logo\":{\"@type\":\"ImageObject\",\"inLanguage\":\"de\",\"@id\":\"https:\/\/qingdaohf.com\/bg\/#\/schema\/logo\/image\/\",\"url\":\"https:\/\/qingdaohf.com\/wp-content\/uploads\/2022\/12\/cropped-HF-LOGO.png\",\"contentUrl\":\"https:\/\/qingdaohf.com\/wp-content\/uploads\/2022\/12\/cropped-HF-LOGO.png\",\"width\":391,\"height\":249,\"caption\":\"Qingdao H&F\"},\"image\":{\"@id\":\"https:\/\/qingdaohf.com\/bg\/#\/schema\/logo\/image\/\"},\"sameAs\":[\"https:\/\/www.facebook.com\/qingdaohf\"]}]}<\/script>\n<!-- \/ Yoast SEO plugin. -->","yoast_head_json":{"title":"6x36 Wire Rope","description":"The 6x36 wire rope is a high-strength, flexible steel wire rope consisting of 6 strands, each containing 36 wires.","robots":{"index":"index","follow":"follow","max-snippet":"max-snippet:-1","max-image-preview":"max-image-preview:large","max-video-preview":"max-video-preview:-1"},"canonical":"https:\/\/qingdaohf.com\/de\/produkt\/6x36-drahtseil\/","og_locale":"de_DE","og_type":"article","og_title":"6x36 Wire Rope","og_description":"The 6x36 wire rope is a high-strength, flexible steel wire rope consisting of 6 strands, each containing 36 wires.","og_url":"https:\/\/qingdaohf.com\/de\/produkt\/6x36-drahtseil\/","og_site_name":"Concrete Form &amp; Rigging Hardware Supplier","article_publisher":"https:\/\/www.facebook.com\/qingdaohf","article_modified_time":"2025-11-13T01:02:55+00:00","og_image":[{"width":744,"height":744,"url":"https:\/\/qingdaohf.com\/wp-content\/uploads\/2024\/10\/6x36-IWRC-Bright-Wire-Rope.webp","type":"image\/webp"}],"twitter_card":"summary_large_image","twitter_misc":{"Gesch\u00e4tzte Lesezeit":"6\u00a0Minuten"},"schema":{"@context":"https:\/\/schema.org","@graph":[{"@type":"WebPage","@id":"https:\/\/qingdaohf.com\/product\/6x36-wire-rope\/","url":"https:\/\/qingdaohf.com\/product\/6x36-wire-rope\/","name":"6x36 Wire Rope","isPartOf":{"@id":"https:\/\/qingdaohf.com\/bg\/#website"},"primaryImageOfPage":{"@id":"https:\/\/qingdaohf.com\/product\/6x36-wire-rope\/#primaryimage"},"image":{"@id":"https:\/\/qingdaohf.com\/product\/6x36-wire-rope\/#primaryimage"},"thumbnailUrl":"https:\/\/qingdaohf.com\/wp-content\/uploads\/2024\/10\/6x36-IWRC-Bright-Wire-Rope.webp","datePublished":"2024-10-24T09:32:24+00:00","dateModified":"2025-11-13T01:02:55+00:00","description":"The 6x36 wire rope is a high-strength, flexible steel wire rope consisting of 6 strands, each containing 36 wires.","breadcrumb":{"@id":"https:\/\/qingdaohf.com\/product\/6x36-wire-rope\/#breadcrumb"},"inLanguage":"de","potentialAction":[{"@type":"ReadAction","target":["https:\/\/qingdaohf.com\/product\/6x36-wire-rope\/"]}]},{"@type":"ImageObject","inLanguage":"de","@id":"https:\/\/qingdaohf.com\/product\/6x36-wire-rope\/#primaryimage","url":"https:\/\/qingdaohf.com\/wp-content\/uploads\/2024\/10\/6x36-IWRC-Bright-Wire-Rope.webp","contentUrl":"https:\/\/qingdaohf.com\/wp-content\/uploads\/2024\/10\/6x36-IWRC-Bright-Wire-Rope.webp","width":744,"height":744,"caption":"6x36 IWRC Wire Rope"},{"@type":"BreadcrumbList","@id":"https:\/\/qingdaohf.com\/product\/6x36-wire-rope\/#breadcrumb","itemListElement":[{"@type":"ListItem","position":1,"name":"Home","item":"https:\/\/qingdaohf.com\/"},{"@type":"ListItem","position":2,"name":"Concrete Forming Accessories and Rigging Hardware","item":"https:\/\/qingdaohf.com\/bg\/?page_id=944"},{"@type":"ListItem","position":3,"name":"6&#215;36 Wire Rope"}]},{"@type":"WebSite","@id":"https:\/\/qingdaohf.com\/bg\/#website","url":"https:\/\/qingdaohf.com\/bg\/","name":"Concrete Form & Rigging Hardware Supplier","description":"","publisher":{"@id":"https:\/\/qingdaohf.com\/bg\/#organization"},"potentialAction":[{"@type":"SearchAction","target":{"@type":"EntryPoint","urlTemplate":"https:\/\/qingdaohf.com\/bg\/?s={search_term_string}"},"query-input":{"@type":"PropertyValueSpecification","valueRequired":true,"valueName":"search_term_string"}}],"inLanguage":"de"},{"@type":"Organization","@id":"https:\/\/qingdaohf.com\/bg\/#organization","name":"Qingdao H&F","url":"https:\/\/qingdaohf.com\/bg\/","logo":{"@type":"ImageObject","inLanguage":"de","@id":"https:\/\/qingdaohf.com\/bg\/#\/schema\/logo\/image\/","url":"https:\/\/qingdaohf.com\/wp-content\/uploads\/2022\/12\/cropped-HF-LOGO.png","contentUrl":"https:\/\/qingdaohf.com\/wp-content\/uploads\/2022\/12\/cropped-HF-LOGO.png","width":391,"height":249,"caption":"Qingdao H&F"},"image":{"@id":"https:\/\/qingdaohf.com\/bg\/#\/schema\/logo\/image\/"},"sameAs":["https:\/\/www.facebook.com\/qingdaohf"]}]}},"_links":{"self":[{"href":"https:\/\/qingdaohf.com\/de\/wp-json\/wp\/v2\/product\/8119","targetHints":{"allow":["GET"]}}],"collection":[{"href":"https:\/\/qingdaohf.com\/de\/wp-json\/wp\/v2\/product"}],"about":[{"href":"https:\/\/qingdaohf.com\/de\/wp-json\/wp\/v2\/types\/product"}],"replies":[{"embeddable":true,"href":"https:\/\/qingdaohf.com\/de\/wp-json\/wp\/v2\/comments?post=8119"}],"version-history":[{"count":1,"href":"https:\/\/qingdaohf.com\/de\/wp-json\/wp\/v2\/product\/8119\/revisions"}],"predecessor-version":[{"id":8120,"href":"https:\/\/qingdaohf.com\/de\/wp-json\/wp\/v2\/product\/8119\/revisions\/8120"}],"wp:featuredmedia":[{"embeddable":true,"href":"https:\/\/qingdaohf.com\/de\/wp-json\/wp\/v2\/media\/8117"}],"wp:attachment":[{"href":"https:\/\/qingdaohf.com\/de\/wp-json\/wp\/v2\/media?parent=8119"}],"wp:term":[{"taxonomy":"product_brand","embeddable":true,"href":"https:\/\/qingdaohf.com\/de\/wp-json\/wp\/v2\/product_brand?post=8119"},{"taxonomy":"product_cat","embeddable":true,"href":"https:\/\/qingdaohf.com\/de\/wp-json\/wp\/v2\/product_cat?post=8119"},{"taxonomy":"product_tag","embeddable":true,"href":"https:\/\/qingdaohf.com\/de\/wp-json\/wp\/v2\/product_tag?post=8119"}],"curies":[{"name":"wp","href":"https:\/\/api.w.org\/{rel}","templated":true}]}}