{"id":8181,"date":"2024-10-29T16:52:37","date_gmt":"2024-10-29T08:52:37","guid":{"rendered":"http:\/\/qingdaohf.com\/?post_type=product&#038;p=8181"},"modified":"2025-11-13T09:02:54","modified_gmt":"2025-11-13T01:02:54","slug":"stud-link-chain","status":"publish","type":"product","link":"https:\/\/qingdaohf.com\/de\/produkt\/bolzengliederkette\/","title":{"rendered":"Bolzenglied-Ankerkette"},"content":{"rendered":"<p><img fetchpriority=\"high\" decoding=\"async\" class=\"alignnone size-full wp-image-8170\" src=\"http:\/\/qingdaohf.com\/wp-content\/uploads\/2024\/10\/stud-link-anchor-chain_2.webp\" alt=\"Bolzenglied-Ankerkette\" width=\"842\" height=\"1091\" srcset=\"https:\/\/qingdaohf.com\/wp-content\/uploads\/2024\/10\/stud-link-anchor-chain_2.webp 842w, https:\/\/qingdaohf.com\/wp-content\/uploads\/2024\/10\/stud-link-anchor-chain_2-232x300.webp 232w, https:\/\/qingdaohf.com\/wp-content\/uploads\/2024\/10\/stud-link-anchor-chain_2-790x1024.webp 790w, https:\/\/qingdaohf.com\/wp-content\/uploads\/2024\/10\/stud-link-anchor-chain_2-768x995.webp 768w, https:\/\/qingdaohf.com\/wp-content\/uploads\/2024\/10\/stud-link-anchor-chain_2-9x12.webp 9w\" sizes=\"(max-width: 842px) 100vw, 842px\" \/><\/p>\n<p>In industriellen, maritimen und Offshore-Umgebungen werden Bolzenketten wegen ihrer Langlebigkeit und Belastbarkeit gesch\u00e4tzt, was sie ideal zum Verankern, Vert\u00e4uen und f\u00fcr verschiedene schwere Hebeanwendungen macht. Diese Ketten bestehen aus miteinander verbundenen Gliedern mit Bolzen, die im Inneren jedes Glieds angeordnet sind und f\u00fcr zus\u00e4tzliche strukturelle Stabilit\u00e4t sorgen, die eine Verformung bei starker Belastung verhindert. Bei der Auswahl einer Kette m\u00fcssen K\u00e4ufer auf Spezifikationen wie Durchmesser, Pr\u00fcflast und allgemeine Materialqualit\u00e4t achten, da sich diese Faktoren direkt auf Sicherheit und Leistung auswirken.<\/p>\n<p>Die Bedeutung der Auswahl der richtigen Bolzengliederkette geht \u00fcber die allgemeine Anwendung hinaus; die Spezifikationen jeder Kette m\u00fcssen mit den Anforderungen der Industrie und den zu erwartenden Lastbedingungen \u00fcbereinstimmen. So spielt beispielsweise der Durchmesser der Kettenglieder, der in der Regel in Zollgr\u00f6\u00dfen erh\u00e4ltlich ist, eine entscheidende Rolle bei der Bestimmung der Festigkeit und Eignung der Kette f\u00fcr verschiedene Anwendungen. Ketten, die internationalen Normen wie der ISO 1704 und den IACS-Vorschriften entsprechen, bieten den K\u00e4ufern die Gewissheit, dass diese Produkte rigoros auf Qualit\u00e4t und Belastbarkeit getestet wurden. Wir bei Qingdao H&amp;F wissen, dass sowohl leistungsstarke Produkte als auch ein vertrauensw\u00fcrdiger Service gefragt sind. Deshalb legen wir jeder Kette einen detaillierten Qualit\u00e4tspr\u00fcfungsbericht bei, der Angaben zur Pr\u00fcflast, Bruchlast und Materialzusammensetzung enth\u00e4lt. Durch die Konzentration auf Sicherheit und Effizienz bieten unsere Bolzengelenkketten das Vertrauen, das f\u00fcr die Betriebssicherheit in schwierigen Umgebungen erforderlich ist.<\/p>\n<h3><strong>Festigkeit und Dauerhaftigkeit von Bolzengliederketten<\/strong><\/h3>\n<p>Stehbolzenketten werden aus hochwertigem Stahl hergestellt, der ihnen eine au\u00dfergew\u00f6hnliche Zugfestigkeit und Korrosionsbest\u00e4ndigkeit verleiht - zwei entscheidende Eigenschaften f\u00fcr maritime und schwerindustrielle Anwendungen. Der Bolzen in jedem Glied verhindert eine Verformung der Kette, indem er die Gesamtform der Kette auch unter dem Gewicht schwerer Lasten beibeh\u00e4lt. Dieses Konstruktionsmerkmal tr\u00e4gt auch dazu bei, Biegespannungen zu verringern, ein h\u00e4ufiges Problem bei stark beanspruchten Anwendungen, und verl\u00e4ngert so die Lebensdauer der Kette.<\/p>\n<p>Jedes Glied ist sorgf\u00e4ltig konstruiert, um Lasten zu tragen, ohne bei Verformung oder Erm\u00fcdung nachzugeben. Das macht Bolzenketten besonders wertvoll f\u00fcr Offshore-Anwendungen, bei denen Stabilit\u00e4t und Festigkeit entscheidend sind. Ketten mit gr\u00f6\u00dferen Durchmessern bieten eine h\u00f6here Tragf\u00e4higkeit, was bedeutet, dass sie ein erhebliches Gewicht aushalten k\u00f6nnen, ohne nachzugeben, was sie ideal f\u00fcr Verankerungssysteme und Ankerketten macht.<\/p>\n<p>Bei Qingdao H&amp;F geh\u00f6rt zu unserer Qualit\u00e4tsverpflichtung ein strenges Pr\u00fcfverfahren, bei dem die Ketten vor der Auslieferung einer Belastungs- und Zugfestigkeitspr\u00fcfung unterzogen werden. Dadurch wird sichergestellt, dass jedes Produkt die Anforderungen erf\u00fcllt und den schwierigen Bedingungen des industriellen Einsatzes standh\u00e4lt. Unser individueller Kundenservice bedeutet auch, dass die K\u00e4ufer eine fachkundige Beratung bei der Auswahl der geeigneten Kettengr\u00f6\u00dfe und -spezifikationen auf der Grundlage ihrer spezifischen Bed\u00fcrfnisse erhalten, so dass jeder Kauf eine fundierte Entscheidung ist.<\/p>\n<h3><strong>Anwendungen und K\u00e4ufererw\u00e4gungen f\u00fcr Bolzengliederketten<\/strong><\/h3>\n<p>Bolzenketten werden am h\u00e4ufigsten in der Schifffahrt eingesetzt, insbesondere als Anker- und Festmacherketten, da sie l\u00e4ngerer Belastung durch Seewasser und raue Behandlung standhalten. Neben der maritimen Anwendung finden diese Ketten auch im Bauwesen, im Bergbau und in der Industrie Anwendung, wo schwere Lasten mit h\u00f6chster Zuverl\u00e4ssigkeit gesichert und gehandhabt werden m\u00fcssen. Die Wahl des Kettendurchmessers, der Bolzenkonstruktion und der Werkstoffe ist jedoch entscheidend f\u00fcr die Erf\u00fcllung der spezifischen Anforderungen der jeweiligen Branche.<\/p>\n<p>Bei der Auswahl von Stegketten legen die K\u00e4ufer Wert auf mehrere leistungsbezogene Eigenschaften. Erstens die Materialfestigkeit: Hochfester Stahl bietet die erforderliche Haltbarkeit f\u00fcr Schiffsanwendungen, w\u00e4hrend legierter Stahl wegen seines besseren Verh\u00e4ltnisses von Festigkeit zu Gewicht in der Konstruktion bevorzugt werden kann. Zweitens ist die Korrosionsbest\u00e4ndigkeit in Salzwasserumgebungen von entscheidender Bedeutung, da jeder Kompromiss bei der Materialqualit\u00e4t zu einer fr\u00fchzeitigen Besch\u00e4digung der Kette und zu Sicherheitsrisiken f\u00fchren kann. K\u00e4ufer sollten auch auf die Tragf\u00e4higkeit der Kette achten, um sicherzustellen, dass sie die in ihrem Betrieb erwarteten spezifischen Gewichtsbelastungen bew\u00e4ltigen kann.<\/p>\n<p>Die schnellen Lieferzyklen von Qingdao H&amp;F erm\u00f6glichen es Unternehmen, ihren Betrieb ohne \u00fcberm\u00e4\u00dfige Ausfallzeiten aufrechtzuerhalten. Dar\u00fcber hinaus bieten wir detaillierte Inspektionsberichte, die unseren Kunden vor dem Versand einen klaren \u00dcberblick \u00fcber die Qualit\u00e4tsparameter jeder Kette geben. Dank dieser Transparenz k\u00f6nnen sich die K\u00e4ufer darauf verlassen, dass unsere Ketten nicht nur den Industriestandards entsprechen, sondern auch den besonderen Anforderungen der jeweiligen Anwendung, sei es f\u00fcr Offshore-Bohrinseln, industrielle Hebevorg\u00e4nge oder den Einsatz in H\u00e4fen und Hafenanlagen.<\/p>\n<h3><strong>Schlussfolgerung: Warum sollten Sie sich f\u00fcr Stehbolzenketten von Qingdao H&amp;F entscheiden?<\/strong><\/h3>\n<p>Die Wahl einer Bolzenkette ist eine Entscheidung, die auf Sicherheit und Funktionalit\u00e4t beruht, da diese Ketten extremen Belastungen und schwierigen Umgebungen standhalten m\u00fcssen. Bei Qingdao H&amp;F bieten wir nicht nur qualitativ hochwertige Ketten, sondern auch einen umfassenden Service mit fachkundiger Beratung, schneller Lieferung und Produkttransparenz durch Pr\u00fcfberichte. Jede unserer Ketten erf\u00fcllt strenge Pr\u00fcfstandards, so dass unsere Kunden bei jedem Kauf von Qualit\u00e4t und Haltbarkeit \u00fcberzeugt sind.<\/p>\n<p>Unser Engagement f\u00fcr einen pers\u00f6nlichen Kundenservice bedeutet, dass wir unsere Kunden in jeder Phase unterst\u00fctzen, von der Produktauswahl bis hin zu Anfragen nach dem Kauf, um die bestm\u00f6gliche Kauferfahrung zu gew\u00e4hrleisten. Ob im maritimen Bereich, bei industriellen Hebevorg\u00e4ngen oder in anderen Umgebungen mit hoher Belastung - die Bolzengelenkketten von Qingdao H&amp;F bieten nicht nur Qualit\u00e4t, sondern auch die Zuverl\u00e4ssigkeit und Unterst\u00fctzung, die jedes Unternehmen f\u00fcr seinen Erfolg ben\u00f6tigt.<\/p>","protected":false},"excerpt":{"rendered":"<p>Eine Bolzengliederkette bietet robuste Festigkeit und Stabilit\u00e4t und ist ideal f\u00fcr Schwerlastanwendungen, bei denen Langlebigkeit und Zuverl\u00e4ssigkeit von gr\u00f6\u00dfter Bedeutung sind. Bei der Auswahl einer Bolzenkette legen K\u00e4ufer oft Wert auf Faktoren wie Materialqualit\u00e4t, Tragf\u00e4higkeit und Best\u00e4ndigkeit gegen raue Umgebungen. Wir bei Qingdao H&amp;F stellen sicher, dass jede Kette strenge Qualit\u00e4tsstandards erf\u00fcllt und stellen detaillierte Pr\u00fcfberichte zur Verf\u00fcgung, einschlie\u00dflich Daten zur Pr\u00fcflast und Zugfestigkeit. Mit unserem pers\u00f6nlichen Kundenservice und unserem effizienten Lieferzyklus liefern wir nicht nur Produkte, sondern auch zuverl\u00e4ssige L\u00f6sungen, die einen reibungsloseren und sichereren Betrieb in Ihrem Unternehmen erm\u00f6glichen.<\/p>","protected":false},"featured_media":4678,"comment_status":"open","ping_status":"closed","template":"","meta":{"site-sidebar-layout":"default","site-content-layout":"","ast-site-content-layout":"default","site-content-style":"default","site-sidebar-style":"default","ast-global-header-display":"","ast-banner-title-visibility":"","ast-main-header-display":"","ast-hfb-above-header-display":"","ast-hfb-below-header-display":"","ast-hfb-mobile-header-display":"","site-post-title":"","ast-breadcrumbs-content":"","ast-featured-img":"","footer-sml-layout":"","theme-transparent-header-meta":"default","adv-header-id-meta":"","stick-header-meta":"default","header-above-stick-meta":"","header-main-stick-meta":"","header-below-stick-meta":"","astra-migrate-meta-layouts":"set","ast-page-background-enabled":"default","ast-page-background-meta":{"desktop":{"background-color":"","background-image":"","background-repeat":"repeat","background-position":"center center","background-size":"auto","background-attachment":"scroll","background-type":"","background-media":"","overlay-type":"","overlay-color":"","overlay-opacity":"","overlay-gradient":""},"tablet":{"background-color":"","background-image":"","background-repeat":"repeat","background-position":"center center","background-size":"auto","background-attachment":"scroll","background-type":"","background-media":"","overlay-type":"","overlay-color":"","overlay-opacity":"","overlay-gradient":""},"mobile":{"background-color":"","background-image":"","background-repeat":"repeat","background-position":"center center","background-size":"auto","background-attachment":"scroll","background-type":"","background-media":"","overlay-type":"","overlay-color":"","overlay-opacity":"","overlay-gradient":""}},"ast-content-background-meta":{"desktop":{"background-color":"var(--ast-global-color-5)","background-image":"","background-repeat":"repeat","background-position":"center center","background-size":"auto","background-attachment":"scroll","background-type":"","background-media":"","overlay-type":"","overlay-color":"","overlay-opacity":"","overlay-gradient":""},"tablet":{"background-color":"var(--ast-global-color-5)","background-image":"","background-repeat":"repeat","background-position":"center center","background-size":"auto","background-attachment":"scroll","background-type":"","background-media":"","overlay-type":"","overlay-color":"","overlay-opacity":"","overlay-gradient":""},"mobile":{"background-color":"var(--ast-global-color-5)","background-image":"","background-repeat":"repeat","background-position":"center center","background-size":"auto","background-attachment":"scroll","background-type":"","background-media":"","overlay-type":"","overlay-color":"","overlay-opacity":"","overlay-gradient":""}}},"product_brand":[],"product_cat":[38],"product_tag":[],"class_list":{"0":"post-8181","1":"product","2":"type-product","3":"status-publish","4":"has-post-thumbnail","6":"product_cat-chain","7":"desktop-align-left","8":"tablet-align-left","9":"mobile-align-left","10":"ast-product-gallery-layout-horizontal-slider","11":"ast-product-tabs-layout-horizontal","13":"first","14":"instock","15":"shipping-taxable","16":"purchasable","17":"product-type-simple"},"yoast_head":"<!-- This site is optimized with the Yoast SEO plugin v25.2 - https:\/\/yoast.com\/wordpress\/plugins\/seo\/ -->\n<title>Stud Link Anchor Chain<\/title>\n<meta name=\"robots\" content=\"index, follow, max-snippet:-1, max-image-preview:large, max-video-preview:-1\" \/>\n<link rel=\"canonical\" href=\"https:\/\/qingdaohf.com\/de\/produkt\/bolzengliederkette\/\" \/>\n<meta property=\"og:locale\" content=\"de_DE\" \/>\n<meta property=\"og:type\" content=\"article\" \/>\n<meta property=\"og:title\" content=\"Stud Link Anchor Chain\" \/>\n<meta property=\"og:description\" content=\"A Stud Link Chain offers robust strength and stability, ideal for heavy-duty applications where durability and reliability are paramount. Buyers often prioritize factors like material quality, load-bearing capacity, and resistance to harsh environments when selecting a Stud Link Chain. At Qingdao H&amp;F, we prioritize these needs by ensuring every chain meets stringent quality standards and providing detailed inspection reports, including proof load and tensile strength data. With our one-on-one customer service approach and efficient delivery cycle, we deliver not just products but reliable solutions that enable smoother, safer operations for your business.\" \/>\n<meta property=\"og:url\" content=\"https:\/\/qingdaohf.com\/de\/produkt\/bolzengliederkette\/\" \/>\n<meta property=\"og:site_name\" content=\"Concrete Form &amp; Rigging Hardware Supplier\" \/>\n<meta property=\"article:publisher\" content=\"https:\/\/www.facebook.com\/qingdaohf\" \/>\n<meta property=\"article:modified_time\" content=\"2025-11-13T01:02:54+00:00\" \/>\n<meta property=\"og:image\" content=\"https:\/\/qingdaohf.com\/wp-content\/uploads\/2023\/04\/Marine-anchor-chain.jpg\" \/>\n\t<meta property=\"og:image:width\" content=\"1000\" \/>\n\t<meta property=\"og:image:height\" content=\"1000\" \/>\n\t<meta property=\"og:image:type\" content=\"image\/jpeg\" \/>\n<meta name=\"twitter:card\" content=\"summary_large_image\" \/>\n<meta name=\"twitter:label1\" content=\"Gesch\u00e4tzte Lesezeit\" \/>\n\t<meta name=\"twitter:data1\" content=\"4\u00a0Minuten\" \/>\n<script type=\"application\/ld+json\" class=\"yoast-schema-graph\">{\"@context\":\"https:\/\/schema.org\",\"@graph\":[{\"@type\":\"WebPage\",\"@id\":\"https:\/\/qingdaohf.com\/product\/stud-link-chain\/\",\"url\":\"https:\/\/qingdaohf.com\/product\/stud-link-chain\/\",\"name\":\"Stud Link Anchor Chain\",\"isPartOf\":{\"@id\":\"https:\/\/qingdaohf.com\/bg\/#website\"},\"primaryImageOfPage\":{\"@id\":\"https:\/\/qingdaohf.com\/product\/stud-link-chain\/#primaryimage\"},\"image\":{\"@id\":\"https:\/\/qingdaohf.com\/product\/stud-link-chain\/#primaryimage\"},\"thumbnailUrl\":\"https:\/\/qingdaohf.com\/wp-content\/uploads\/2023\/04\/Marine-anchor-chain.jpg\",\"datePublished\":\"2024-10-29T08:52:37+00:00\",\"dateModified\":\"2025-11-13T01:02:54+00:00\",\"breadcrumb\":{\"@id\":\"https:\/\/qingdaohf.com\/product\/stud-link-chain\/#breadcrumb\"},\"inLanguage\":\"de\",\"potentialAction\":[{\"@type\":\"ReadAction\",\"target\":[\"https:\/\/qingdaohf.com\/product\/stud-link-chain\/\"]}]},{\"@type\":\"ImageObject\",\"inLanguage\":\"de\",\"@id\":\"https:\/\/qingdaohf.com\/product\/stud-link-chain\/#primaryimage\",\"url\":\"https:\/\/qingdaohf.com\/wp-content\/uploads\/2023\/04\/Marine-anchor-chain.jpg\",\"contentUrl\":\"https:\/\/qingdaohf.com\/wp-content\/uploads\/2023\/04\/Marine-anchor-chain.jpg\",\"width\":1000,\"height\":1000,\"caption\":\"Marine anchor chain\"},{\"@type\":\"BreadcrumbList\",\"@id\":\"https:\/\/qingdaohf.com\/product\/stud-link-chain\/#breadcrumb\",\"itemListElement\":[{\"@type\":\"ListItem\",\"position\":1,\"name\":\"Home\",\"item\":\"https:\/\/qingdaohf.com\/\"},{\"@type\":\"ListItem\",\"position\":2,\"name\":\"Concrete Forming Accessories and Rigging Hardware\",\"item\":\"https:\/\/qingdaohf.com\/bg\/?page_id=944\"},{\"@type\":\"ListItem\",\"position\":3,\"name\":\"Stud Link Anchor Chain\"}]},{\"@type\":\"WebSite\",\"@id\":\"https:\/\/qingdaohf.com\/bg\/#website\",\"url\":\"https:\/\/qingdaohf.com\/bg\/\",\"name\":\"Concrete Form & Rigging Hardware Supplier\",\"description\":\"\",\"publisher\":{\"@id\":\"https:\/\/qingdaohf.com\/bg\/#organization\"},\"potentialAction\":[{\"@type\":\"SearchAction\",\"target\":{\"@type\":\"EntryPoint\",\"urlTemplate\":\"https:\/\/qingdaohf.com\/bg\/?s={search_term_string}\"},\"query-input\":{\"@type\":\"PropertyValueSpecification\",\"valueRequired\":true,\"valueName\":\"search_term_string\"}}],\"inLanguage\":\"de\"},{\"@type\":\"Organization\",\"@id\":\"https:\/\/qingdaohf.com\/bg\/#organization\",\"name\":\"Qingdao H&F\",\"url\":\"https:\/\/qingdaohf.com\/bg\/\",\"logo\":{\"@type\":\"ImageObject\",\"inLanguage\":\"de\",\"@id\":\"https:\/\/qingdaohf.com\/bg\/#\/schema\/logo\/image\/\",\"url\":\"https:\/\/qingdaohf.com\/wp-content\/uploads\/2022\/12\/cropped-HF-LOGO.png\",\"contentUrl\":\"https:\/\/qingdaohf.com\/wp-content\/uploads\/2022\/12\/cropped-HF-LOGO.png\",\"width\":391,\"height\":249,\"caption\":\"Qingdao H&F\"},\"image\":{\"@id\":\"https:\/\/qingdaohf.com\/bg\/#\/schema\/logo\/image\/\"},\"sameAs\":[\"https:\/\/www.facebook.com\/qingdaohf\"]}]}<\/script>\n<!-- \/ Yoast SEO plugin. -->","yoast_head_json":{"title":"Stud Link Anchor Chain","robots":{"index":"index","follow":"follow","max-snippet":"max-snippet:-1","max-image-preview":"max-image-preview:large","max-video-preview":"max-video-preview:-1"},"canonical":"https:\/\/qingdaohf.com\/de\/produkt\/bolzengliederkette\/","og_locale":"de_DE","og_type":"article","og_title":"Stud Link Anchor Chain","og_description":"A Stud Link Chain offers robust strength and stability, ideal for heavy-duty applications where durability and reliability are paramount. Buyers often prioritize factors like material quality, load-bearing capacity, and resistance to harsh environments when selecting a Stud Link Chain. At Qingdao H&amp;F, we prioritize these needs by ensuring every chain meets stringent quality standards and providing detailed inspection reports, including proof load and tensile strength data. With our one-on-one customer service approach and efficient delivery cycle, we deliver not just products but reliable solutions that enable smoother, safer operations for your business.","og_url":"https:\/\/qingdaohf.com\/de\/produkt\/bolzengliederkette\/","og_site_name":"Concrete Form &amp; Rigging Hardware Supplier","article_publisher":"https:\/\/www.facebook.com\/qingdaohf","article_modified_time":"2025-11-13T01:02:54+00:00","og_image":[{"width":1000,"height":1000,"url":"https:\/\/qingdaohf.com\/wp-content\/uploads\/2023\/04\/Marine-anchor-chain.jpg","type":"image\/jpeg"}],"twitter_card":"summary_large_image","twitter_misc":{"Gesch\u00e4tzte Lesezeit":"4\u00a0Minuten"},"schema":{"@context":"https:\/\/schema.org","@graph":[{"@type":"WebPage","@id":"https:\/\/qingdaohf.com\/product\/stud-link-chain\/","url":"https:\/\/qingdaohf.com\/product\/stud-link-chain\/","name":"Stud Link Anchor Chain","isPartOf":{"@id":"https:\/\/qingdaohf.com\/bg\/#website"},"primaryImageOfPage":{"@id":"https:\/\/qingdaohf.com\/product\/stud-link-chain\/#primaryimage"},"image":{"@id":"https:\/\/qingdaohf.com\/product\/stud-link-chain\/#primaryimage"},"thumbnailUrl":"https:\/\/qingdaohf.com\/wp-content\/uploads\/2023\/04\/Marine-anchor-chain.jpg","datePublished":"2024-10-29T08:52:37+00:00","dateModified":"2025-11-13T01:02:54+00:00","breadcrumb":{"@id":"https:\/\/qingdaohf.com\/product\/stud-link-chain\/#breadcrumb"},"inLanguage":"de","potentialAction":[{"@type":"ReadAction","target":["https:\/\/qingdaohf.com\/product\/stud-link-chain\/"]}]},{"@type":"ImageObject","inLanguage":"de","@id":"https:\/\/qingdaohf.com\/product\/stud-link-chain\/#primaryimage","url":"https:\/\/qingdaohf.com\/wp-content\/uploads\/2023\/04\/Marine-anchor-chain.jpg","contentUrl":"https:\/\/qingdaohf.com\/wp-content\/uploads\/2023\/04\/Marine-anchor-chain.jpg","width":1000,"height":1000,"caption":"Marine anchor chain"},{"@type":"BreadcrumbList","@id":"https:\/\/qingdaohf.com\/product\/stud-link-chain\/#breadcrumb","itemListElement":[{"@type":"ListItem","position":1,"name":"Home","item":"https:\/\/qingdaohf.com\/"},{"@type":"ListItem","position":2,"name":"Concrete Forming Accessories and Rigging Hardware","item":"https:\/\/qingdaohf.com\/bg\/?page_id=944"},{"@type":"ListItem","position":3,"name":"Stud Link Anchor Chain"}]},{"@type":"WebSite","@id":"https:\/\/qingdaohf.com\/bg\/#website","url":"https:\/\/qingdaohf.com\/bg\/","name":"Concrete Form & Rigging Hardware Supplier","description":"","publisher":{"@id":"https:\/\/qingdaohf.com\/bg\/#organization"},"potentialAction":[{"@type":"SearchAction","target":{"@type":"EntryPoint","urlTemplate":"https:\/\/qingdaohf.com\/bg\/?s={search_term_string}"},"query-input":{"@type":"PropertyValueSpecification","valueRequired":true,"valueName":"search_term_string"}}],"inLanguage":"de"},{"@type":"Organization","@id":"https:\/\/qingdaohf.com\/bg\/#organization","name":"Qingdao H&F","url":"https:\/\/qingdaohf.com\/bg\/","logo":{"@type":"ImageObject","inLanguage":"de","@id":"https:\/\/qingdaohf.com\/bg\/#\/schema\/logo\/image\/","url":"https:\/\/qingdaohf.com\/wp-content\/uploads\/2022\/12\/cropped-HF-LOGO.png","contentUrl":"https:\/\/qingdaohf.com\/wp-content\/uploads\/2022\/12\/cropped-HF-LOGO.png","width":391,"height":249,"caption":"Qingdao H&F"},"image":{"@id":"https:\/\/qingdaohf.com\/bg\/#\/schema\/logo\/image\/"},"sameAs":["https:\/\/www.facebook.com\/qingdaohf"]}]}},"_links":{"self":[{"href":"https:\/\/qingdaohf.com\/de\/wp-json\/wp\/v2\/product\/8181","targetHints":{"allow":["GET"]}}],"collection":[{"href":"https:\/\/qingdaohf.com\/de\/wp-json\/wp\/v2\/product"}],"about":[{"href":"https:\/\/qingdaohf.com\/de\/wp-json\/wp\/v2\/types\/product"}],"replies":[{"embeddable":true,"href":"https:\/\/qingdaohf.com\/de\/wp-json\/wp\/v2\/comments?post=8181"}],"version-history":[{"count":2,"href":"https:\/\/qingdaohf.com\/de\/wp-json\/wp\/v2\/product\/8181\/revisions"}],"predecessor-version":[{"id":8341,"href":"https:\/\/qingdaohf.com\/de\/wp-json\/wp\/v2\/product\/8181\/revisions\/8341"}],"wp:featuredmedia":[{"embeddable":true,"href":"https:\/\/qingdaohf.com\/de\/wp-json\/wp\/v2\/media\/4678"}],"wp:attachment":[{"href":"https:\/\/qingdaohf.com\/de\/wp-json\/wp\/v2\/media?parent=8181"}],"wp:term":[{"taxonomy":"product_brand","embeddable":true,"href":"https:\/\/qingdaohf.com\/de\/wp-json\/wp\/v2\/product_brand?post=8181"},{"taxonomy":"product_cat","embeddable":true,"href":"https:\/\/qingdaohf.com\/de\/wp-json\/wp\/v2\/product_cat?post=8181"},{"taxonomy":"product_tag","embeddable":true,"href":"https:\/\/qingdaohf.com\/de\/wp-json\/wp\/v2\/product_tag?post=8181"}],"curies":[{"name":"wp","href":"https:\/\/api.w.org\/{rel}","templated":true}]}}