{"id":8189,"date":"2024-11-05T13:59:31","date_gmt":"2024-11-05T05:59:31","guid":{"rendered":"http:\/\/qingdaohf.com\/?post_type=product&#038;p=8189"},"modified":"2025-11-13T09:02:54","modified_gmt":"2025-11-13T01:02:54","slug":"webbing-sling-1-ton","status":"publish","type":"product","link":"https:\/\/qingdaohf.com\/de\/produkt\/gurtbandschlinge-1-tonne\/","title":{"rendered":"Flaches Gurtband Hebegurt 1 Tonne Polyester Double Duplex"},"content":{"rendered":"<h3><strong>Zuverl\u00e4ssige und vielseitige 1-Tonnen-Gurtbandschlinge f\u00fcr sicheres und effektives Heben<\/strong><\/h3>\n<p>Hebeb\u00e4nder sind unverzichtbar in Branchen, die auf Hebevorg\u00e4nge und Materialtransport angewiesen sind. Die 1-Tonnen-Gurtbandschlinge wird wegen ihrer F\u00e4higkeit, moderate Lasten sicher und effizient zu handhaben, sehr gesch\u00e4tzt. Dieser aus hochwertigen synthetischen Fasern gefertigte Hebegurt wird besonders wegen seiner Kombination aus Festigkeit, Haltbarkeit und Anpassungsf\u00e4higkeit gesch\u00e4tzt. Ob auf der Baustelle oder im Lager, die 1-Tonnen-Gurtschlinge erf\u00fcllt eine Vielzahl von Hebeanforderungen mit Leichtigkeit und Zuverl\u00e4ssigkeit.<\/p>\n<p>Die Konstruktion einer 1-Tonnen-Gurtschlinge ist speziell f\u00fcr ein ausgewogenes Verh\u00e4ltnis zwischen Tragf\u00e4higkeit und Flexibilit\u00e4t optimiert. Diese Ausgewogenheit erm\u00f6glicht es, Lasten auch unter schwierigen Bedingungen sicher zu sichern. Wichtige Aspekte wie Bruchfestigkeit, Dehnung unter Last und UV-Best\u00e4ndigkeit sind integraler Bestandteil der Herstellung dieser Hebegurte, um die Leistung und Langlebigkeit zu gew\u00e4hrleisten, die K\u00e4ufer bei Hebezeugen suchen. Dar\u00fcber hinaus werden die Materialien so ausgew\u00e4hlt, dass sie verschlei\u00df- und abriebfest sind, was f\u00fcr den wiederholten Einsatz und die Gew\u00e4hrleistung der Sicherheit unerl\u00e4sslich ist.<\/p>\n<p>Qingdao H&amp;F bietet einzigartige Vorteile, die den Kauf von Bandschlingen noch angenehmer machen. Jedes Hebegurtband wird einer strengen Qualit\u00e4tskontrolle unterzogen, die durch umfassende Inspektionsberichte gest\u00fctzt wird und eine zuverl\u00e4ssige Leistung bei der Lieferung garantiert. Dar\u00fcber hinaus stellt unser pers\u00f6nlicher Kundenservice sicher, dass jeder Kunde pers\u00f6nliche Unterst\u00fctzung erh\u00e4lt, sei es bei der Auswahl des richtigen Produkts oder bei Fragen zu Wartungstipps. Mit einem schnellen Lieferzyklus stellt Qingdao H&amp;F sicher, dass diese hochwertigen Gurtb\u00e4nder genau dann verf\u00fcgbar sind, wenn sie ben\u00f6tigt werden, und tr\u00e4gt so zu einem reibungslosen Projektablauf bei.<\/p>\n<h3><strong>Hochwertige Konstruktion und Materialien<\/strong><\/h3>\n<p>Die f\u00fcr unsere 1-Tonnen-Gurtschlingen verwendeten Materialien werden nach ihrer Haltbarkeit und Flexibilit\u00e4t ausgew\u00e4hlt, Eigenschaften, die direkt zur Sicherheit und einfachen Handhabung beitragen. In der Regel werden diese Schlingen aus synthetischen Fasern wie Polyester oder Nylon hergestellt, die mehrere Vorteile bieten. Polyester beispielsweise bietet eine hohe Best\u00e4ndigkeit gegen Chemikalien und UV-Strahlen und ist daher f\u00fcr den Einsatz im Freien geeignet. Nylongurte hingegen bieten eine hervorragende Dehnbarkeit, eine Eigenschaft, die bei der Handhabung bestimmter Arten von Lasten besonders vorteilhaft sein kann.<\/p>\n<p>Bei der Herstellung wird sorgf\u00e4ltig auf die Bindung und Dichte des Gewebes geachtet, um eine gleichbleibende Tragf\u00e4higkeit zu gew\u00e4hrleisten. Die Bruchfestigkeit dieser Hebegurte wird rigoros getestet, um sicherzustellen, dass jede Einheit Lasten von bis zu 1 Tonne sicher und ohne Kompromisse bew\u00e4ltigen kann. Dieses Qualit\u00e4tsbewusstsein entspricht den Hauptanliegen der K\u00e4ufer, die sich darauf verlassen, dass diese Hebegurte die Stabilit\u00e4t der Last und die Sicherheit des Bedieners gew\u00e4hrleisten. Durch Investitionen in langlebige Materialien und strenge Produktionsstandards bietet Qingdao H&amp;F Gurtbandschlingen an, die die Erwartungen der Industrie \u00fcbertreffen und eine langfristige, zuverl\u00e4ssige Nutzung erm\u00f6glichen.<\/p>\n<h3><strong>Anwendungen und Vorteile in verschiedenen Branchen<\/strong><\/h3>\n<p>Die Anpassungsf\u00e4higkeit eines 1-Tonnen-Gurtbandes macht es zu einer bevorzugten Wahl in zahlreichen Sektoren, einschlie\u00dflich Bauwesen, Schifffahrt, Fertigung und Lagerhaltung. Im Gegensatz zu Ketten oder Drahtseilen sind Hebeb\u00e4nder leichter und einfacher zu man\u00f6vrieren, was zu gr\u00f6\u00dferer Pr\u00e4zision und geringerer Erm\u00fcdung des Bedieners f\u00fchrt. Im Baugewerbe erleichtern diese Hebeb\u00e4nder das Heben und Positionieren von Materialien und sind daher f\u00fcr Projekte, die zuverl\u00e4ssige Hebel\u00f6sungen erfordern, ohne die Masse von Metallalternativen, unerl\u00e4sslich. Das synthetische Gewebe, das in Hebeb\u00e4ndern verwendet wird, verringert auch das Risiko, empfindliche oder lackierte Oberfl\u00e4chen zu zerkratzen oder zu besch\u00e4digen - ein Vorteil in Branchen, in denen die Erhaltung des Materials von wesentlicher Bedeutung ist.<\/p>\n<p>Das Engagement von Qingdao H&amp;F f\u00fcr Qualit\u00e4t und Leistung spiegelt sich in unserem Angebot an Hebeb\u00e4ndern wider, die den unterschiedlichsten Hebeanforderungen gerecht werden. Unser 1-Tonnen-Hebeband ist mit Merkmalen ausgestattet, die den Betrieb erleichtern und die Sicherheit erh\u00f6hen, wie z. B. farbcodierte Kapazit\u00e4tsindikatoren und verst\u00e4rkte Schlingen, um Verschlei\u00df an wichtigen Belastungspunkten zu verhindern. Dar\u00fcber hinaus wird jedes Hebeband von einem Qualit\u00e4tspr\u00fcfungsbericht begleitet, der das Vertrauen in die Zuverl\u00e4ssigkeit des Produkts unter den erwarteten Bedingungen st\u00e4rkt. Unsere Kunden profitieren von der Gewissheit, dass die von ihnen gekauften Produkte strenge Qualit\u00e4tsstandards erf\u00fcllen und sowohl die Einhaltung von Sicherheitsvorschriften als auch eine effektive Projektdurchf\u00fchrung unterst\u00fctzen.<\/p>\n<h3><strong>Das Versprechen von Qingdao H&amp;F: Service, Schnelligkeit und Sicherheit<\/strong><\/h3>\n<p>Qingdao H&amp;F bietet nicht nur ein hochwertiges Produkt, sondern auch ein au\u00dfergew\u00f6hnliches Einkaufserlebnis. Wir wissen, dass K\u00e4ufer nicht nur Wert auf die Produktqualit\u00e4t legen, sondern auch auf die allgemeine Zuverl\u00e4ssigkeit ihres Lieferanten. Deshalb konzentriert sich unser Ansatz darauf, mehr als nur das Produkt selbst zu liefern, mit Dienstleistungen, die auf die individuellen Bed\u00fcrfnisse und Anliegen der Kunden eingehen. Durch unseren pers\u00f6nlichen Kundenservice stellen wir sicher, dass jede Frage oder Anforderung umgehend und effektiv beantwortet wird, und f\u00f6rdern so das Vertrauen und die Zufriedenheit vom ersten Kontakt an.<\/p>\n<p>Unser Engagement f\u00fcr Schnelligkeit spiegelt sich in unseren kurzen Lieferzyklen wider. Wir wissen, dass das Timing entscheidend ist und jede Verz\u00f6gerung die Produktivit\u00e4t und den Zeitplan beeintr\u00e4chtigen kann. Aus diesem Grund arbeiten wir eng mit unseren Logistikpartnern zusammen, um effiziente Versandprozesse aufrechtzuerhalten und unseren Kunden die Gewissheit zu geben, dass ihre Hebegurte zum gew\u00fcnschten Zeitpunkt eintreffen. Dar\u00fcber hinaus stellt unser gr\u00fcndlicher Qualit\u00e4tspr\u00fcfungsprozess sicher, dass jedes Hebegurtband sofort einsatzbereit ist, unterst\u00fctzt durch Berichte, in denen die \u00dcbereinstimmung des Produkts mit den Industrienormen detailliert beschrieben wird. Diese Verpflichtung zu Qualit\u00e4t und Service macht Qingdao H&amp;F zu einem bevorzugten Partner f\u00fcr Unternehmen, die nach zuverl\u00e4ssigen Hebe-L\u00f6sungen suchen.<\/p>\n<p>Unsere 1-Tonnen-Gurtschlinge ist eine Mischung aus Leistung, Sicherheit und Komfort, die f\u00fcr die strengen Anforderungen der modernen Industrie entwickelt wurde. Mit der Entscheidung f\u00fcr Qingdao H&amp;F investieren K\u00e4ufer in eine Partnerschaft, die ihre Priorit\u00e4ten sch\u00e4tzt, von der Produktintegrit\u00e4t bis zum schnellen und aufmerksamen Service. Wir sind stolz darauf, nicht nur ein Produkt, sondern eine Komplettl\u00f6sung zu liefern, die den betrieblichen Anforderungen und Qualit\u00e4tsstandards unserer Kunden gerecht wird.<\/p>","protected":false},"excerpt":{"rendered":"<p>Unsere 1-Tonnen-Gurtbandschlinge kombiniert St\u00e4rke und Vielseitigkeit f\u00fcr Hebe- und Hubaufgaben in verschiedenen Branchen. K\u00e4ufer legen oft Wert auf Langlebigkeit, Sicherheit und einfache Handhabung, was unsere Hebeb\u00e4nder allesamt bieten. Diese Hebegurte sind f\u00fcr eine hohe Beanspruchung ausgelegt und gew\u00e4hrleisten ein sicheres Heben bei gleichzeitiger Flexibilit\u00e4t f\u00fcr verschiedene Anwendungen. Als Handelsunternehmen bietet Qingdao H&amp;F eindeutige Vorteile, darunter einen pers\u00f6nlichen Kundenservice, einen schnellen Lieferzyklus und umfassende Qualit\u00e4tspr\u00fcfungsberichte, die sicherstellen, dass jeder Kauf strenge Sicherheits- und Qualit\u00e4tsstandards erf\u00fcllt.<\/p>","protected":false},"featured_media":8190,"comment_status":"open","ping_status":"closed","template":"","meta":{"site-sidebar-layout":"default","site-content-layout":"","ast-site-content-layout":"default","site-content-style":"default","site-sidebar-style":"default","ast-global-header-display":"","ast-banner-title-visibility":"","ast-main-header-display":"","ast-hfb-above-header-display":"","ast-hfb-below-header-display":"","ast-hfb-mobile-header-display":"","site-post-title":"","ast-breadcrumbs-content":"","ast-featured-img":"","footer-sml-layout":"","theme-transparent-header-meta":"default","adv-header-id-meta":"","stick-header-meta":"default","header-above-stick-meta":"","header-main-stick-meta":"","header-below-stick-meta":"","astra-migrate-meta-layouts":"set","ast-page-background-enabled":"default","ast-page-background-meta":{"desktop":{"background-color":"","background-image":"","background-repeat":"repeat","background-position":"center center","background-size":"auto","background-attachment":"scroll","background-type":"","background-media":"","overlay-type":"","overlay-color":"","overlay-opacity":"","overlay-gradient":""},"tablet":{"background-color":"","background-image":"","background-repeat":"repeat","background-position":"center center","background-size":"auto","background-attachment":"scroll","background-type":"","background-media":"","overlay-type":"","overlay-color":"","overlay-opacity":"","overlay-gradient":""},"mobile":{"background-color":"","background-image":"","background-repeat":"repeat","background-position":"center center","background-size":"auto","background-attachment":"scroll","background-type":"","background-media":"","overlay-type":"","overlay-color":"","overlay-opacity":"","overlay-gradient":""}},"ast-content-background-meta":{"desktop":{"background-color":"var(--ast-global-color-5)","background-image":"","background-repeat":"repeat","background-position":"center center","background-size":"auto","background-attachment":"scroll","background-type":"","background-media":"","overlay-type":"","overlay-color":"","overlay-opacity":"","overlay-gradient":""},"tablet":{"background-color":"var(--ast-global-color-5)","background-image":"","background-repeat":"repeat","background-position":"center center","background-size":"auto","background-attachment":"scroll","background-type":"","background-media":"","overlay-type":"","overlay-color":"","overlay-opacity":"","overlay-gradient":""},"mobile":{"background-color":"var(--ast-global-color-5)","background-image":"","background-repeat":"repeat","background-position":"center center","background-size":"auto","background-attachment":"scroll","background-type":"","background-media":"","overlay-type":"","overlay-color":"","overlay-opacity":"","overlay-gradient":""}}},"product_brand":[],"product_cat":[39],"product_tag":[],"class_list":{"0":"post-8189","1":"product","2":"type-product","3":"status-publish","4":"has-post-thumbnail","6":"product_cat-webbing-sling","7":"desktop-align-left","8":"tablet-align-left","9":"mobile-align-left","10":"ast-product-gallery-layout-horizontal-slider","11":"ast-product-gallery-with-no-image","12":"ast-product-tabs-layout-horizontal","14":"first","15":"instock","16":"shipping-taxable","17":"purchasable","18":"product-type-simple"},"yoast_head":"<!-- This site is optimized with the Yoast SEO plugin v25.2 - https:\/\/yoast.com\/wordpress\/plugins\/seo\/ -->\n<title>Flat Webbing Sling 1 Ton Polyester Double Duplex<\/title>\n<meta name=\"robots\" content=\"index, follow, max-snippet:-1, max-image-preview:large, max-video-preview:-1\" \/>\n<link rel=\"canonical\" href=\"https:\/\/qingdaohf.com\/de\/produkt\/gurtbandschlinge-1-tonne\/\" \/>\n<meta property=\"og:locale\" content=\"de_DE\" \/>\n<meta property=\"og:type\" content=\"article\" \/>\n<meta property=\"og:title\" content=\"Flat Webbing Sling 1 Ton Polyester Double Duplex\" \/>\n<meta property=\"og:description\" content=\"Our 1-ton webbing sling combines strength and versatility for lifting and hoisting tasks across various industries. Buyers often prioritize durability, safety, and ease of handling, all of which our webbing slings deliver. Made to endure heavy-duty use, these slings ensure secure lifting while maintaining flexibility for different applications. As a trading company, Qingdao H&amp;F provides distinct advantages, including one-on-one customer service, a fast delivery cycle, and comprehensive quality inspection reports, ensuring that every purchase meets rigorous safety and quality standards.\" \/>\n<meta property=\"og:url\" content=\"https:\/\/qingdaohf.com\/de\/produkt\/gurtbandschlinge-1-tonne\/\" \/>\n<meta property=\"og:site_name\" content=\"Concrete Form &amp; Rigging Hardware Supplier\" \/>\n<meta property=\"article:publisher\" content=\"https:\/\/www.facebook.com\/qingdaohf\" \/>\n<meta property=\"article:modified_time\" content=\"2025-11-13T01:02:54+00:00\" \/>\n<meta property=\"og:image\" content=\"https:\/\/qingdaohf.com\/wp-content\/uploads\/2024\/10\/1ton_1.webp\" \/>\n\t<meta property=\"og:image:width\" content=\"1000\" \/>\n\t<meta property=\"og:image:height\" content=\"1000\" \/>\n\t<meta property=\"og:image:type\" content=\"image\/webp\" \/>\n<meta name=\"twitter:card\" content=\"summary_large_image\" \/>\n<meta name=\"twitter:label1\" content=\"Gesch\u00e4tzte Lesezeit\" \/>\n\t<meta name=\"twitter:data1\" content=\"4\u00a0Minuten\" \/>\n<script type=\"application\/ld+json\" class=\"yoast-schema-graph\">{\"@context\":\"https:\/\/schema.org\",\"@graph\":[{\"@type\":\"WebPage\",\"@id\":\"https:\/\/qingdaohf.com\/product\/webbing-sling-1-ton\/\",\"url\":\"https:\/\/qingdaohf.com\/product\/webbing-sling-1-ton\/\",\"name\":\"Flat Webbing Sling 1 Ton Polyester Double Duplex\",\"isPartOf\":{\"@id\":\"https:\/\/qingdaohf.com\/bg\/#website\"},\"primaryImageOfPage\":{\"@id\":\"https:\/\/qingdaohf.com\/product\/webbing-sling-1-ton\/#primaryimage\"},\"image\":{\"@id\":\"https:\/\/qingdaohf.com\/product\/webbing-sling-1-ton\/#primaryimage\"},\"thumbnailUrl\":\"https:\/\/qingdaohf.com\/wp-content\/uploads\/2024\/10\/1ton_1.webp\",\"datePublished\":\"2024-11-05T05:59:31+00:00\",\"dateModified\":\"2025-11-13T01:02:54+00:00\",\"breadcrumb\":{\"@id\":\"https:\/\/qingdaohf.com\/product\/webbing-sling-1-ton\/#breadcrumb\"},\"inLanguage\":\"de\",\"potentialAction\":[{\"@type\":\"ReadAction\",\"target\":[\"https:\/\/qingdaohf.com\/product\/webbing-sling-1-ton\/\"]}]},{\"@type\":\"ImageObject\",\"inLanguage\":\"de\",\"@id\":\"https:\/\/qingdaohf.com\/product\/webbing-sling-1-ton\/#primaryimage\",\"url\":\"https:\/\/qingdaohf.com\/wp-content\/uploads\/2024\/10\/1ton_1.webp\",\"contentUrl\":\"https:\/\/qingdaohf.com\/wp-content\/uploads\/2024\/10\/1ton_1.webp\",\"width\":1000,\"height\":1000},{\"@type\":\"BreadcrumbList\",\"@id\":\"https:\/\/qingdaohf.com\/product\/webbing-sling-1-ton\/#breadcrumb\",\"itemListElement\":[{\"@type\":\"ListItem\",\"position\":1,\"name\":\"Home\",\"item\":\"https:\/\/qingdaohf.com\/\"},{\"@type\":\"ListItem\",\"position\":2,\"name\":\"Concrete Forming Accessories and Rigging Hardware\",\"item\":\"https:\/\/qingdaohf.com\/bg\/?page_id=944\"},{\"@type\":\"ListItem\",\"position\":3,\"name\":\"Flat Webbing Sling 1 Ton Polyester Double Duplex\"}]},{\"@type\":\"WebSite\",\"@id\":\"https:\/\/qingdaohf.com\/bg\/#website\",\"url\":\"https:\/\/qingdaohf.com\/bg\/\",\"name\":\"Concrete Form & Rigging Hardware Supplier\",\"description\":\"\",\"publisher\":{\"@id\":\"https:\/\/qingdaohf.com\/bg\/#organization\"},\"potentialAction\":[{\"@type\":\"SearchAction\",\"target\":{\"@type\":\"EntryPoint\",\"urlTemplate\":\"https:\/\/qingdaohf.com\/bg\/?s={search_term_string}\"},\"query-input\":{\"@type\":\"PropertyValueSpecification\",\"valueRequired\":true,\"valueName\":\"search_term_string\"}}],\"inLanguage\":\"de\"},{\"@type\":\"Organization\",\"@id\":\"https:\/\/qingdaohf.com\/bg\/#organization\",\"name\":\"Qingdao H&F\",\"url\":\"https:\/\/qingdaohf.com\/bg\/\",\"logo\":{\"@type\":\"ImageObject\",\"inLanguage\":\"de\",\"@id\":\"https:\/\/qingdaohf.com\/bg\/#\/schema\/logo\/image\/\",\"url\":\"https:\/\/qingdaohf.com\/wp-content\/uploads\/2022\/12\/cropped-HF-LOGO.png\",\"contentUrl\":\"https:\/\/qingdaohf.com\/wp-content\/uploads\/2022\/12\/cropped-HF-LOGO.png\",\"width\":391,\"height\":249,\"caption\":\"Qingdao H&F\"},\"image\":{\"@id\":\"https:\/\/qingdaohf.com\/bg\/#\/schema\/logo\/image\/\"},\"sameAs\":[\"https:\/\/www.facebook.com\/qingdaohf\"]}]}<\/script>\n<!-- \/ Yoast SEO plugin. -->","yoast_head_json":{"title":"Flat Webbing Sling 1 Ton Polyester Double Duplex","robots":{"index":"index","follow":"follow","max-snippet":"max-snippet:-1","max-image-preview":"max-image-preview:large","max-video-preview":"max-video-preview:-1"},"canonical":"https:\/\/qingdaohf.com\/de\/produkt\/gurtbandschlinge-1-tonne\/","og_locale":"de_DE","og_type":"article","og_title":"Flat Webbing Sling 1 Ton Polyester Double Duplex","og_description":"Our 1-ton webbing sling combines strength and versatility for lifting and hoisting tasks across various industries. Buyers often prioritize durability, safety, and ease of handling, all of which our webbing slings deliver. Made to endure heavy-duty use, these slings ensure secure lifting while maintaining flexibility for different applications. As a trading company, Qingdao H&amp;F provides distinct advantages, including one-on-one customer service, a fast delivery cycle, and comprehensive quality inspection reports, ensuring that every purchase meets rigorous safety and quality standards.","og_url":"https:\/\/qingdaohf.com\/de\/produkt\/gurtbandschlinge-1-tonne\/","og_site_name":"Concrete Form &amp; Rigging Hardware Supplier","article_publisher":"https:\/\/www.facebook.com\/qingdaohf","article_modified_time":"2025-11-13T01:02:54+00:00","og_image":[{"width":1000,"height":1000,"url":"https:\/\/qingdaohf.com\/wp-content\/uploads\/2024\/10\/1ton_1.webp","type":"image\/webp"}],"twitter_card":"summary_large_image","twitter_misc":{"Gesch\u00e4tzte Lesezeit":"4\u00a0Minuten"},"schema":{"@context":"https:\/\/schema.org","@graph":[{"@type":"WebPage","@id":"https:\/\/qingdaohf.com\/product\/webbing-sling-1-ton\/","url":"https:\/\/qingdaohf.com\/product\/webbing-sling-1-ton\/","name":"Flat Webbing Sling 1 Ton Polyester Double Duplex","isPartOf":{"@id":"https:\/\/qingdaohf.com\/bg\/#website"},"primaryImageOfPage":{"@id":"https:\/\/qingdaohf.com\/product\/webbing-sling-1-ton\/#primaryimage"},"image":{"@id":"https:\/\/qingdaohf.com\/product\/webbing-sling-1-ton\/#primaryimage"},"thumbnailUrl":"https:\/\/qingdaohf.com\/wp-content\/uploads\/2024\/10\/1ton_1.webp","datePublished":"2024-11-05T05:59:31+00:00","dateModified":"2025-11-13T01:02:54+00:00","breadcrumb":{"@id":"https:\/\/qingdaohf.com\/product\/webbing-sling-1-ton\/#breadcrumb"},"inLanguage":"de","potentialAction":[{"@type":"ReadAction","target":["https:\/\/qingdaohf.com\/product\/webbing-sling-1-ton\/"]}]},{"@type":"ImageObject","inLanguage":"de","@id":"https:\/\/qingdaohf.com\/product\/webbing-sling-1-ton\/#primaryimage","url":"https:\/\/qingdaohf.com\/wp-content\/uploads\/2024\/10\/1ton_1.webp","contentUrl":"https:\/\/qingdaohf.com\/wp-content\/uploads\/2024\/10\/1ton_1.webp","width":1000,"height":1000},{"@type":"BreadcrumbList","@id":"https:\/\/qingdaohf.com\/product\/webbing-sling-1-ton\/#breadcrumb","itemListElement":[{"@type":"ListItem","position":1,"name":"Home","item":"https:\/\/qingdaohf.com\/"},{"@type":"ListItem","position":2,"name":"Concrete Forming Accessories and Rigging Hardware","item":"https:\/\/qingdaohf.com\/bg\/?page_id=944"},{"@type":"ListItem","position":3,"name":"Flat Webbing Sling 1 Ton Polyester Double Duplex"}]},{"@type":"WebSite","@id":"https:\/\/qingdaohf.com\/bg\/#website","url":"https:\/\/qingdaohf.com\/bg\/","name":"Concrete Form & Rigging Hardware Supplier","description":"","publisher":{"@id":"https:\/\/qingdaohf.com\/bg\/#organization"},"potentialAction":[{"@type":"SearchAction","target":{"@type":"EntryPoint","urlTemplate":"https:\/\/qingdaohf.com\/bg\/?s={search_term_string}"},"query-input":{"@type":"PropertyValueSpecification","valueRequired":true,"valueName":"search_term_string"}}],"inLanguage":"de"},{"@type":"Organization","@id":"https:\/\/qingdaohf.com\/bg\/#organization","name":"Qingdao H&F","url":"https:\/\/qingdaohf.com\/bg\/","logo":{"@type":"ImageObject","inLanguage":"de","@id":"https:\/\/qingdaohf.com\/bg\/#\/schema\/logo\/image\/","url":"https:\/\/qingdaohf.com\/wp-content\/uploads\/2022\/12\/cropped-HF-LOGO.png","contentUrl":"https:\/\/qingdaohf.com\/wp-content\/uploads\/2022\/12\/cropped-HF-LOGO.png","width":391,"height":249,"caption":"Qingdao H&F"},"image":{"@id":"https:\/\/qingdaohf.com\/bg\/#\/schema\/logo\/image\/"},"sameAs":["https:\/\/www.facebook.com\/qingdaohf"]}]}},"_links":{"self":[{"href":"https:\/\/qingdaohf.com\/de\/wp-json\/wp\/v2\/product\/8189","targetHints":{"allow":["GET"]}}],"collection":[{"href":"https:\/\/qingdaohf.com\/de\/wp-json\/wp\/v2\/product"}],"about":[{"href":"https:\/\/qingdaohf.com\/de\/wp-json\/wp\/v2\/types\/product"}],"replies":[{"embeddable":true,"href":"https:\/\/qingdaohf.com\/de\/wp-json\/wp\/v2\/comments?post=8189"}],"version-history":[{"count":2,"href":"https:\/\/qingdaohf.com\/de\/wp-json\/wp\/v2\/product\/8189\/revisions"}],"predecessor-version":[{"id":8340,"href":"https:\/\/qingdaohf.com\/de\/wp-json\/wp\/v2\/product\/8189\/revisions\/8340"}],"wp:featuredmedia":[{"embeddable":true,"href":"https:\/\/qingdaohf.com\/de\/wp-json\/wp\/v2\/media\/8190"}],"wp:attachment":[{"href":"https:\/\/qingdaohf.com\/de\/wp-json\/wp\/v2\/media?parent=8189"}],"wp:term":[{"taxonomy":"product_brand","embeddable":true,"href":"https:\/\/qingdaohf.com\/de\/wp-json\/wp\/v2\/product_brand?post=8189"},{"taxonomy":"product_cat","embeddable":true,"href":"https:\/\/qingdaohf.com\/de\/wp-json\/wp\/v2\/product_cat?post=8189"},{"taxonomy":"product_tag","embeddable":true,"href":"https:\/\/qingdaohf.com\/de\/wp-json\/wp\/v2\/product_tag?post=8189"}],"curies":[{"name":"wp","href":"https:\/\/api.w.org\/{rel}","templated":true}]}}