{"id":8277,"date":"2024-11-05T14:01:41","date_gmt":"2024-11-05T06:01:41","guid":{"rendered":"http:\/\/qingdaohf.com\/?post_type=product&#038;p=8277"},"modified":"2025-11-13T09:02:53","modified_gmt":"2025-11-13T01:02:53","slug":"webbing-sling-2-ton","status":"publish","type":"product","link":"https:\/\/qingdaohf.com\/de\/produkt\/gurtbandschlinge-2-tonnen\/","title":{"rendered":"Flaches Gurtband Hebegurt 2 Tonnen Polyester Double Duplex"},"content":{"rendered":"<div class=\"flex max-w-full flex-col flex-grow\">\n<div class=\"min-h-8 text-message flex w-full flex-col items-end gap-2 whitespace-normal break-words [.text-message+&amp;]:mt-5\" dir=\"auto\" data-message-author-role=\"assistant\" data-message-id=\"df1a8cb9-4730-4671-a7fd-4bac8c133d3f\" data-message-model-slug=\"gpt-4o\">\n<div class=\"flex w-full flex-col gap-1 empty:hidden first:pt-[3px]\">\n<div class=\"markdown prose w-full break-words dark:prose-invert light\">\n<h3><strong>Vielseitige 2-Tonnen-Gurtbandschlinge f\u00fcr robuste Hebevorg\u00e4nge<\/strong><\/h3>\n<p>Die 2-Tonnen-Gurtschlinge ist ein wichtiges Hilfsmittel f\u00fcr das sichere Heben und Handhaben schwerer Lasten in verschiedenen Branchen. Das aus hochwertigen synthetischen Fasern gefertigte Hebeband ist sowohl stark als auch flexibel und kombiniert die f\u00fcr schwierige Bedingungen erforderliche Haltbarkeit mit einfacher Handhabung. Die Tragf\u00e4higkeit von 2 Tonnen eignet sich f\u00fcr mittelgro\u00dfe Lasten und ist daher in Bereichen wie dem Baugewerbe, der Lagerhaltung, der Schifffahrt und der Fertigung \u00e4u\u00dferst vielseitig einsetzbar. Die 2-Tonnen-Gurtschlinge von Qingdao H&amp;F ist eine zuverl\u00e4ssige L\u00f6sung, die den Leistungs- und Sicherheitserwartungen von Fachleuten in verschiedenen Bereichen gerecht wird.<\/p>\n<p>In Branchen, in denen schwere Lasten gehoben werden m\u00fcssen, sind Sicherheit und Zuverl\u00e4ssigkeit der Ausr\u00fcstung von gr\u00f6\u00dfter Bedeutung. Die 2-Tonnen-Gurtbandschlinge von Qingdao H&amp;F wurde speziell entwickelt, um optimale Festigkeit zu bieten, ohne die Flexibilit\u00e4t zu beeintr\u00e4chtigen, und erm\u00f6glicht so eine sichere und effiziente Handhabung von Lasten. Die K\u00e4ufer suchen nach einer Kombination aus hoher Tragf\u00e4higkeit, Haltbarkeit und Verschlei\u00dffestigkeit, die alle sorgf\u00e4ltig in das Design dieses Hebegurts integriert wurden. Dank der Kunststoffkonstruktion ist das 2-Tonnen-Hebeband leichter und handlicher als Alternativen aus Metall, was die Wahrscheinlichkeit einer Erm\u00fcdung des Bedieners verringert und die Sicherheit insgesamt erh\u00f6ht.<\/p>\n<p>Qingdao H&amp;F erg\u00e4nzt die hervorragende Qualit\u00e4t seiner Gurtb\u00e4nder durch kundenorientierte Dienstleistungen. Jedes Produkt wird einer strengen Pr\u00fcfung unterzogen und von umfassenden Qualit\u00e4tsberichten begleitet, um sicherzustellen, dass die K\u00e4ufer volles Vertrauen in ihren Kauf haben. Unser individueller Kundenservice stellt sicher, dass die individuellen Bed\u00fcrfnisse jedes K\u00e4ufers erf\u00fcllt werden, und unser effizienter Lieferprozess garantiert eine rechtzeitige Lieferung f\u00fcr einen ungest\u00f6rten Projektablauf.<\/p>\n<h3><strong>Konstruktion und Materialqualit\u00e4t f\u00fcr dauerhafte Leistung<\/strong><\/h3>\n<p>Die Materialzusammensetzung der 2-Tonnen-Gurtschlinge ist eines ihrer bestimmenden Merkmale. Sie wurde so gew\u00e4hlt, dass sie einer wiederholten Verwendung unter anspruchsvollen Bedingungen standh\u00e4lt. In der Regel werden sie aus Polyester oder Nylon hergestellt, wobei jedes Material spezifische Vorteile bietet. Hebegurte aus Polyester beispielsweise sind feuchtigkeits- und UV-best\u00e4ndig und eignen sich daher ideal f\u00fcr den Einsatz im Freien und f\u00fcr langfristige Anwendungen. Hebegurte aus Nylon, die f\u00fcr ihre Elastizit\u00e4t bekannt sind, bieten eine hervorragende Sto\u00dfd\u00e4mpfung, was bei der Handhabung dynamischer Lasten von Vorteil ist. Unabh\u00e4ngig vom Material wird jedes Hebegurtband sorgf\u00e4ltig getestet, um zu best\u00e4tigen, dass es bis zu 2 Tonnen sicher tragen kann.<\/p>\n<p>Die Produktionsprozesse werden sorgf\u00e4ltig kontrolliert, um Einheitlichkeit und Zuverl\u00e4ssigkeit zu gew\u00e4hrleisten. Von der Auswahl der Fasern bis zum abschlie\u00dfenden Weben wird jeder Schritt mit Blick auf die Langlebigkeit durchgef\u00fchrt, um sicherzustellen, dass das Hebegurtband \u00fcber lange Zeit hinweg stabil bleibt. Verst\u00e4rkte Schlaufen und abriebfeste Oberfl\u00e4chen verl\u00e4ngern die Lebensdauer des Produkts und bieten K\u00e4ufern, die leistungsstarke und kosteneffektive Hebe-L\u00f6sungen suchen, einen Mehrwert. Mit jedem Hebegurt bietet Qingdao H&amp;F die Gewissheit eines auf Sicherheit, Zuverl\u00e4ssigkeit und Langlebigkeit gepr\u00fcften Produkts, das die anspruchsvollen Standards von Branchen erf\u00fcllt, die auf zuverl\u00e4ssige Hebeausr\u00fcstung angewiesen sind.<\/p>\n<h3><strong>Anwendungen in verschiedenen Branchen<\/strong><\/h3>\n<p>Die Anpassungsf\u00e4higkeit der 2-Tonnen-Gurtbandschlinge macht sie in verschiedenen Bereichen wie Logistik, Bauwesen und industrielle Wartung wertvoll. Im Baugewerbe eignet sich dieser Tragf\u00e4higkeitsbereich zum Beispiel f\u00fcr die Positionierung von Tr\u00e4gern, die Sicherung schwerer Maschinen oder den Transport wichtiger Baumaterialien. Die leichte und dennoch robuste Konstruktion von Hebeb\u00e4ndern vereinfacht die Handhabung von Lasten in diesen Bereichen, und im Gegensatz zu Stahlketten minimiert das synthetische Material das Risiko von Oberfl\u00e4chenbesch\u00e4digungen. In Logistik und Lagerhaltung eignet sich die 2-Tonnen-Kapazit\u00e4t f\u00fcr mittelschwere Sendungen und Materialien, ideal f\u00fcr Situationen, in denen sowohl die Stabilit\u00e4t der Last als auch eine sorgf\u00e4ltige Handhabung erforderlich sind.<\/p>\n<p>Neben der Festigkeit und Haltbarkeit sch\u00e4tzen die K\u00e4ufer h\u00e4ufig die Flexibilit\u00e4t, die Hebeb\u00e4nder im Vergleich zu herk\u00f6mmlichen Hebeketten oder -seilen bieten. Das synthetische Material erm\u00f6glicht ein leichteres Man\u00f6vrieren und ist daher praktisch f\u00fcr Hebevorg\u00e4nge in engen R\u00e4umen oder unter besonderen Lastkonfigurationen. Dar\u00fcber hinaus erm\u00f6glicht das Design der 2-Tonnen-Gurtbandschlinge sicherere und stabilere Hebevorg\u00e4nge, was das Vertrauen des Bedieners st\u00e4rkt und das Risiko von Unf\u00e4llen oder Materialsch\u00e4den verringert. Da Qingdao H&amp;F den Schwerpunkt auf Qualit\u00e4t und Leistung legt, bietet jedes Hebegurtband eine praktische, sichere und vielseitige L\u00f6sung, die f\u00fcr verschiedene Branchen geeignet ist.<\/p>\n<h3><strong>Qingdao H&amp;Fs Engagement f\u00fcr Service und Qualit\u00e4tssicherung<\/strong><\/h3>\n<p>Qingdao H&amp;F bietet nicht nur hochwertige Produkte an, sondern legt auch Wert auf ein au\u00dfergew\u00f6hnliches Kauferlebnis. Die 2-Tonnen-Gurtschlinge wird mit einem umfassenden Pr\u00fcfbericht geliefert, der die Transparenz der Produktqualit\u00e4t und die Einhaltung der Industriestandards gew\u00e4hrleistet. Jeder Bericht enth\u00e4lt detaillierte Angaben zu kritischen Leistungskennzahlen, die dem K\u00e4ufer Vertrauen in seine Investition geben. Durch die \u00dcberpr\u00fcfung der Tragf\u00e4higkeit und die Best\u00e4tigung der Haltbarkeit des Produkts bieten diese Berichte wichtige Einblicke f\u00fcr Unternehmen, die Wert auf sichere und effektive Hebe-L\u00f6sungen legen.<\/p>\n<p>Dar\u00fcber hinaus steigert das Engagement von Qingdao H&amp;F f\u00fcr den Kundenservice den Wert unserer Gurtb\u00e4nder. Mit individueller Unterst\u00fctzung hilft unser Team den Kunden bei der Auswahl von Produkten, die auf ihre betrieblichen Anforderungen zugeschnitten sind. Dieser pers\u00f6nliche Service setzt sich auch nach dem Kauf fort, indem er Hinweise zu Wartungsma\u00dfnahmen gibt, die die Lebensdauer der Produkte verl\u00e4ngern. Dar\u00fcber hinaus sind unsere schnellen Lieferzyklen auf die zeitkritischen Anforderungen unserer Kunden abgestimmt, um sicherzustellen, dass sie ihre Hebegurte umgehend erhalten und Verz\u00f6gerungen in ihrem Betrieb vermeiden.<\/p>\n<p>F\u00fcr K\u00e4ufer, die Wert auf Qualit\u00e4t, Zuverl\u00e4ssigkeit und effizienten Service legen, bietet Qingdao H&amp;F mit seiner 2-Tonnen-Gurtschlinge eine umfassende L\u00f6sung. Dieses Produkt verk\u00f6rpert St\u00e4rke und Flexibilit\u00e4t, gepaart mit dem Engagement, die logistischen und sicherheitstechnischen Anforderungen der Kunden zu erf\u00fcllen. Mit jeder Bandschlinge profitieren die K\u00e4ufer nicht nur von einem erstklassigen Hebewerkzeug, sondern auch von der Unterst\u00fctzung und Sicherheit eines Unternehmens, das sich zu Spitzenleistungen verpflichtet hat.<\/p>\n<\/div>\n<\/div>\n<\/div>\n<\/div>\n<div class=\"mb-2 flex gap-3 empty:hidden -ml-2\">\n<div class=\"items-center justify-start rounded-xl p-1 flex\">\n<div class=\"flex items-center\"><\/div>\n<\/div>\n<\/div>","protected":false},"excerpt":{"rendered":"<p>Die 2-Tonnen-Gurtbandschlinge von Qingdao H&amp;F ist eine zuverl\u00e4ssige L\u00f6sung mit hoher Tragf\u00e4higkeit f\u00fcr verschiedene Hebeanwendungen. K\u00e4ufer legen oft Wert auf Faktoren wie Ladungssicherheit, Langlebigkeit und einfache Handhabung - alles Eigenschaften, die diese Bandschlinge bietet. Das aus starken synthetischen Fasern gefertigte Band h\u00e4lt anspruchsvollen Bedingungen stand und bietet zuverl\u00e4ssige Leistung. Als Handelsunternehmen bietet Qingdao H&amp;F bedeutende Vorteile, wie z. B. einen pers\u00f6nlichen Kundenservice, schnelle Lieferzyklen und detaillierte Qualit\u00e4tspr\u00fcfungsberichte, die sicherstellen, dass jedes Produkt die strengen Standards und die Erwartungen der K\u00e4ufer erf\u00fcllt.<\/p>","protected":false},"featured_media":8196,"comment_status":"open","ping_status":"closed","template":"","meta":{"site-sidebar-layout":"default","site-content-layout":"","ast-site-content-layout":"default","site-content-style":"default","site-sidebar-style":"default","ast-global-header-display":"","ast-banner-title-visibility":"","ast-main-header-display":"","ast-hfb-above-header-display":"","ast-hfb-below-header-display":"","ast-hfb-mobile-header-display":"","site-post-title":"","ast-breadcrumbs-content":"","ast-featured-img":"","footer-sml-layout":"","theme-transparent-header-meta":"default","adv-header-id-meta":"","stick-header-meta":"default","header-above-stick-meta":"","header-main-stick-meta":"","header-below-stick-meta":"","astra-migrate-meta-layouts":"set","ast-page-background-enabled":"default","ast-page-background-meta":{"desktop":{"background-color":"","background-image":"","background-repeat":"repeat","background-position":"center center","background-size":"auto","background-attachment":"scroll","background-type":"","background-media":"","overlay-type":"","overlay-color":"","overlay-opacity":"","overlay-gradient":""},"tablet":{"background-color":"","background-image":"","background-repeat":"repeat","background-position":"center center","background-size":"auto","background-attachment":"scroll","background-type":"","background-media":"","overlay-type":"","overlay-color":"","overlay-opacity":"","overlay-gradient":""},"mobile":{"background-color":"","background-image":"","background-repeat":"repeat","background-position":"center center","background-size":"auto","background-attachment":"scroll","background-type":"","background-media":"","overlay-type":"","overlay-color":"","overlay-opacity":"","overlay-gradient":""}},"ast-content-background-meta":{"desktop":{"background-color":"var(--ast-global-color-5)","background-image":"","background-repeat":"repeat","background-position":"center center","background-size":"auto","background-attachment":"scroll","background-type":"","background-media":"","overlay-type":"","overlay-color":"","overlay-opacity":"","overlay-gradient":""},"tablet":{"background-color":"var(--ast-global-color-5)","background-image":"","background-repeat":"repeat","background-position":"center center","background-size":"auto","background-attachment":"scroll","background-type":"","background-media":"","overlay-type":"","overlay-color":"","overlay-opacity":"","overlay-gradient":""},"mobile":{"background-color":"var(--ast-global-color-5)","background-image":"","background-repeat":"repeat","background-position":"center center","background-size":"auto","background-attachment":"scroll","background-type":"","background-media":"","overlay-type":"","overlay-color":"","overlay-opacity":"","overlay-gradient":""}}},"product_brand":[],"product_cat":[39],"product_tag":[],"class_list":{"0":"post-8277","1":"product","2":"type-product","3":"status-publish","4":"has-post-thumbnail","6":"product_cat-webbing-sling","7":"desktop-align-left","8":"tablet-align-left","9":"mobile-align-left","10":"ast-product-gallery-layout-horizontal-slider","11":"ast-product-gallery-with-no-image","12":"ast-product-tabs-layout-horizontal","14":"first","15":"instock","16":"shipping-taxable","17":"purchasable","18":"product-type-simple"},"yoast_head":"<!-- This site is optimized with the Yoast SEO plugin v25.2 - https:\/\/yoast.com\/wordpress\/plugins\/seo\/ -->\n<title>Flat Webbing Sling 2 Ton Polyester Double Duplex<\/title>\n<meta name=\"robots\" content=\"index, follow, max-snippet:-1, max-image-preview:large, max-video-preview:-1\" \/>\n<link rel=\"canonical\" href=\"https:\/\/qingdaohf.com\/de\/produkt\/gurtbandschlinge-2-tonnen\/\" \/>\n<meta property=\"og:locale\" content=\"de_DE\" \/>\n<meta property=\"og:type\" content=\"article\" \/>\n<meta property=\"og:title\" content=\"Flat Webbing Sling 2 Ton Polyester Double Duplex\" \/>\n<meta property=\"og:description\" content=\"The 2-ton webbing sling from Qingdao H&amp;F is a dependable, high-capacity solution for various lifting applications. Buyers often prioritize factors like load security, durability, and ease of handling, all of which this webbing sling provides. Crafted with strong synthetic fibers, it withstands demanding conditions, offering reliable performance. As a trading company, Qingdao H&amp;F delivers significant benefits, including one-to-one customer service, rapid delivery cycles, and detailed quality inspection reports, ensuring each product meets rigorous standards and buyer expectations.\" \/>\n<meta property=\"og:url\" content=\"https:\/\/qingdaohf.com\/de\/produkt\/gurtbandschlinge-2-tonnen\/\" \/>\n<meta property=\"og:site_name\" content=\"Concrete Form &amp; Rigging Hardware Supplier\" \/>\n<meta property=\"article:publisher\" content=\"https:\/\/www.facebook.com\/qingdaohf\" \/>\n<meta property=\"article:modified_time\" content=\"2025-11-13T01:02:53+00:00\" \/>\n<meta property=\"og:image\" content=\"https:\/\/qingdaohf.com\/wp-content\/uploads\/2024\/10\/2-ton_1.webp\" \/>\n\t<meta property=\"og:image:width\" content=\"1000\" \/>\n\t<meta property=\"og:image:height\" content=\"1000\" \/>\n\t<meta property=\"og:image:type\" content=\"image\/webp\" \/>\n<meta name=\"twitter:card\" content=\"summary_large_image\" \/>\n<meta name=\"twitter:label1\" content=\"Gesch\u00e4tzte Lesezeit\" \/>\n\t<meta name=\"twitter:data1\" content=\"4\u00a0Minuten\" \/>\n<script type=\"application\/ld+json\" class=\"yoast-schema-graph\">{\"@context\":\"https:\/\/schema.org\",\"@graph\":[{\"@type\":\"WebPage\",\"@id\":\"https:\/\/qingdaohf.com\/product\/webbing-sling-2-ton\/\",\"url\":\"https:\/\/qingdaohf.com\/product\/webbing-sling-2-ton\/\",\"name\":\"Flat Webbing Sling 2 Ton Polyester Double Duplex\",\"isPartOf\":{\"@id\":\"https:\/\/qingdaohf.com\/bg\/#website\"},\"primaryImageOfPage\":{\"@id\":\"https:\/\/qingdaohf.com\/product\/webbing-sling-2-ton\/#primaryimage\"},\"image\":{\"@id\":\"https:\/\/qingdaohf.com\/product\/webbing-sling-2-ton\/#primaryimage\"},\"thumbnailUrl\":\"https:\/\/qingdaohf.com\/wp-content\/uploads\/2024\/10\/2-ton_1.webp\",\"datePublished\":\"2024-11-05T06:01:41+00:00\",\"dateModified\":\"2025-11-13T01:02:53+00:00\",\"breadcrumb\":{\"@id\":\"https:\/\/qingdaohf.com\/product\/webbing-sling-2-ton\/#breadcrumb\"},\"inLanguage\":\"de\",\"potentialAction\":[{\"@type\":\"ReadAction\",\"target\":[\"https:\/\/qingdaohf.com\/product\/webbing-sling-2-ton\/\"]}]},{\"@type\":\"ImageObject\",\"inLanguage\":\"de\",\"@id\":\"https:\/\/qingdaohf.com\/product\/webbing-sling-2-ton\/#primaryimage\",\"url\":\"https:\/\/qingdaohf.com\/wp-content\/uploads\/2024\/10\/2-ton_1.webp\",\"contentUrl\":\"https:\/\/qingdaohf.com\/wp-content\/uploads\/2024\/10\/2-ton_1.webp\",\"width\":1000,\"height\":1000,\"caption\":\"webbing sling 2 ton\"},{\"@type\":\"BreadcrumbList\",\"@id\":\"https:\/\/qingdaohf.com\/product\/webbing-sling-2-ton\/#breadcrumb\",\"itemListElement\":[{\"@type\":\"ListItem\",\"position\":1,\"name\":\"Home\",\"item\":\"https:\/\/qingdaohf.com\/\"},{\"@type\":\"ListItem\",\"position\":2,\"name\":\"Concrete Forming Accessories and Rigging Hardware\",\"item\":\"https:\/\/qingdaohf.com\/bg\/?page_id=944\"},{\"@type\":\"ListItem\",\"position\":3,\"name\":\"Flat Webbing Sling 2 Ton Polyester Double Duplex\"}]},{\"@type\":\"WebSite\",\"@id\":\"https:\/\/qingdaohf.com\/bg\/#website\",\"url\":\"https:\/\/qingdaohf.com\/bg\/\",\"name\":\"Concrete Form & Rigging Hardware Supplier\",\"description\":\"\",\"publisher\":{\"@id\":\"https:\/\/qingdaohf.com\/bg\/#organization\"},\"potentialAction\":[{\"@type\":\"SearchAction\",\"target\":{\"@type\":\"EntryPoint\",\"urlTemplate\":\"https:\/\/qingdaohf.com\/bg\/?s={search_term_string}\"},\"query-input\":{\"@type\":\"PropertyValueSpecification\",\"valueRequired\":true,\"valueName\":\"search_term_string\"}}],\"inLanguage\":\"de\"},{\"@type\":\"Organization\",\"@id\":\"https:\/\/qingdaohf.com\/bg\/#organization\",\"name\":\"Qingdao H&F\",\"url\":\"https:\/\/qingdaohf.com\/bg\/\",\"logo\":{\"@type\":\"ImageObject\",\"inLanguage\":\"de\",\"@id\":\"https:\/\/qingdaohf.com\/bg\/#\/schema\/logo\/image\/\",\"url\":\"https:\/\/qingdaohf.com\/wp-content\/uploads\/2022\/12\/cropped-HF-LOGO.png\",\"contentUrl\":\"https:\/\/qingdaohf.com\/wp-content\/uploads\/2022\/12\/cropped-HF-LOGO.png\",\"width\":391,\"height\":249,\"caption\":\"Qingdao H&F\"},\"image\":{\"@id\":\"https:\/\/qingdaohf.com\/bg\/#\/schema\/logo\/image\/\"},\"sameAs\":[\"https:\/\/www.facebook.com\/qingdaohf\"]}]}<\/script>\n<!-- \/ Yoast SEO plugin. -->","yoast_head_json":{"title":"Flat Webbing Sling 2 Ton Polyester Double Duplex","robots":{"index":"index","follow":"follow","max-snippet":"max-snippet:-1","max-image-preview":"max-image-preview:large","max-video-preview":"max-video-preview:-1"},"canonical":"https:\/\/qingdaohf.com\/de\/produkt\/gurtbandschlinge-2-tonnen\/","og_locale":"de_DE","og_type":"article","og_title":"Flat Webbing Sling 2 Ton Polyester Double Duplex","og_description":"The 2-ton webbing sling from Qingdao H&amp;F is a dependable, high-capacity solution for various lifting applications. Buyers often prioritize factors like load security, durability, and ease of handling, all of which this webbing sling provides. Crafted with strong synthetic fibers, it withstands demanding conditions, offering reliable performance. As a trading company, Qingdao H&amp;F delivers significant benefits, including one-to-one customer service, rapid delivery cycles, and detailed quality inspection reports, ensuring each product meets rigorous standards and buyer expectations.","og_url":"https:\/\/qingdaohf.com\/de\/produkt\/gurtbandschlinge-2-tonnen\/","og_site_name":"Concrete Form &amp; Rigging Hardware Supplier","article_publisher":"https:\/\/www.facebook.com\/qingdaohf","article_modified_time":"2025-11-13T01:02:53+00:00","og_image":[{"width":1000,"height":1000,"url":"https:\/\/qingdaohf.com\/wp-content\/uploads\/2024\/10\/2-ton_1.webp","type":"image\/webp"}],"twitter_card":"summary_large_image","twitter_misc":{"Gesch\u00e4tzte Lesezeit":"4\u00a0Minuten"},"schema":{"@context":"https:\/\/schema.org","@graph":[{"@type":"WebPage","@id":"https:\/\/qingdaohf.com\/product\/webbing-sling-2-ton\/","url":"https:\/\/qingdaohf.com\/product\/webbing-sling-2-ton\/","name":"Flat Webbing Sling 2 Ton Polyester Double Duplex","isPartOf":{"@id":"https:\/\/qingdaohf.com\/bg\/#website"},"primaryImageOfPage":{"@id":"https:\/\/qingdaohf.com\/product\/webbing-sling-2-ton\/#primaryimage"},"image":{"@id":"https:\/\/qingdaohf.com\/product\/webbing-sling-2-ton\/#primaryimage"},"thumbnailUrl":"https:\/\/qingdaohf.com\/wp-content\/uploads\/2024\/10\/2-ton_1.webp","datePublished":"2024-11-05T06:01:41+00:00","dateModified":"2025-11-13T01:02:53+00:00","breadcrumb":{"@id":"https:\/\/qingdaohf.com\/product\/webbing-sling-2-ton\/#breadcrumb"},"inLanguage":"de","potentialAction":[{"@type":"ReadAction","target":["https:\/\/qingdaohf.com\/product\/webbing-sling-2-ton\/"]}]},{"@type":"ImageObject","inLanguage":"de","@id":"https:\/\/qingdaohf.com\/product\/webbing-sling-2-ton\/#primaryimage","url":"https:\/\/qingdaohf.com\/wp-content\/uploads\/2024\/10\/2-ton_1.webp","contentUrl":"https:\/\/qingdaohf.com\/wp-content\/uploads\/2024\/10\/2-ton_1.webp","width":1000,"height":1000,"caption":"webbing sling 2 ton"},{"@type":"BreadcrumbList","@id":"https:\/\/qingdaohf.com\/product\/webbing-sling-2-ton\/#breadcrumb","itemListElement":[{"@type":"ListItem","position":1,"name":"Home","item":"https:\/\/qingdaohf.com\/"},{"@type":"ListItem","position":2,"name":"Concrete Forming Accessories and Rigging Hardware","item":"https:\/\/qingdaohf.com\/bg\/?page_id=944"},{"@type":"ListItem","position":3,"name":"Flat Webbing Sling 2 Ton Polyester Double Duplex"}]},{"@type":"WebSite","@id":"https:\/\/qingdaohf.com\/bg\/#website","url":"https:\/\/qingdaohf.com\/bg\/","name":"Concrete Form & Rigging Hardware Supplier","description":"","publisher":{"@id":"https:\/\/qingdaohf.com\/bg\/#organization"},"potentialAction":[{"@type":"SearchAction","target":{"@type":"EntryPoint","urlTemplate":"https:\/\/qingdaohf.com\/bg\/?s={search_term_string}"},"query-input":{"@type":"PropertyValueSpecification","valueRequired":true,"valueName":"search_term_string"}}],"inLanguage":"de"},{"@type":"Organization","@id":"https:\/\/qingdaohf.com\/bg\/#organization","name":"Qingdao H&F","url":"https:\/\/qingdaohf.com\/bg\/","logo":{"@type":"ImageObject","inLanguage":"de","@id":"https:\/\/qingdaohf.com\/bg\/#\/schema\/logo\/image\/","url":"https:\/\/qingdaohf.com\/wp-content\/uploads\/2022\/12\/cropped-HF-LOGO.png","contentUrl":"https:\/\/qingdaohf.com\/wp-content\/uploads\/2022\/12\/cropped-HF-LOGO.png","width":391,"height":249,"caption":"Qingdao H&F"},"image":{"@id":"https:\/\/qingdaohf.com\/bg\/#\/schema\/logo\/image\/"},"sameAs":["https:\/\/www.facebook.com\/qingdaohf"]}]}},"_links":{"self":[{"href":"https:\/\/qingdaohf.com\/de\/wp-json\/wp\/v2\/product\/8277","targetHints":{"allow":["GET"]}}],"collection":[{"href":"https:\/\/qingdaohf.com\/de\/wp-json\/wp\/v2\/product"}],"about":[{"href":"https:\/\/qingdaohf.com\/de\/wp-json\/wp\/v2\/types\/product"}],"replies":[{"embeddable":true,"href":"https:\/\/qingdaohf.com\/de\/wp-json\/wp\/v2\/comments?post=8277"}],"version-history":[{"count":3,"href":"https:\/\/qingdaohf.com\/de\/wp-json\/wp\/v2\/product\/8277\/revisions"}],"predecessor-version":[{"id":8339,"href":"https:\/\/qingdaohf.com\/de\/wp-json\/wp\/v2\/product\/8277\/revisions\/8339"}],"wp:featuredmedia":[{"embeddable":true,"href":"https:\/\/qingdaohf.com\/de\/wp-json\/wp\/v2\/media\/8196"}],"wp:attachment":[{"href":"https:\/\/qingdaohf.com\/de\/wp-json\/wp\/v2\/media?parent=8277"}],"wp:term":[{"taxonomy":"product_brand","embeddable":true,"href":"https:\/\/qingdaohf.com\/de\/wp-json\/wp\/v2\/product_brand?post=8277"},{"taxonomy":"product_cat","embeddable":true,"href":"https:\/\/qingdaohf.com\/de\/wp-json\/wp\/v2\/product_cat?post=8277"},{"taxonomy":"product_tag","embeddable":true,"href":"https:\/\/qingdaohf.com\/de\/wp-json\/wp\/v2\/product_tag?post=8277"}],"curies":[{"name":"wp","href":"https:\/\/api.w.org\/{rel}","templated":true}]}}