{"id":8283,"date":"2024-11-05T17:52:39","date_gmt":"2024-11-05T09:52:39","guid":{"rendered":"http:\/\/qingdaohf.com\/?post_type=product&#038;p=8283"},"modified":"2025-11-13T09:02:53","modified_gmt":"2025-11-13T01:02:53","slug":"webbing-sling-4-ton","status":"publish","type":"product","link":"https:\/\/qingdaohf.com\/de\/produkt\/gurtbandschlinge-4-tonnen\/","title":{"rendered":"Flaches Gurtband Hebegurt 4 Tonnen Polyester Double Duplex"},"content":{"rendered":"<h4>\u00dcberlegene Leistung und Hauptmerkmale der 4-Tonnen-Gurtschlinge<\/h4>\n<p>Wenn es um schwere Hebezeuge geht, sind Zuverl\u00e4ssigkeit, Sicherheit und Langlebigkeit die wichtigsten Faktoren f\u00fcr industrielle K\u00e4ufer. Die 4-Tonnen-Gurtbandschlinge von Qingdao H&amp;F wurde f\u00fcr Branchen entwickelt, die sichere und zuverl\u00e4ssige L\u00f6sungen f\u00fcr die Handhabung schwerer Lasten ben\u00f6tigen. Dieses Hebeband wird aus hochfesten Polyesterfasern hergestellt, die abriebfest und UV-best\u00e4ndig sind und somit Langlebigkeit und Widerstandsf\u00e4higkeit bieten. Mit einer Tragf\u00e4higkeit von bis zu 4 Tonnen ist diese Bandschlinge ideal f\u00fcr eine Vielzahl von Anwendungen, von Baustellen und Lagerhaltung bis hin zu Logistik und Transport.<\/p>\n<p>Qualit\u00e4t ist der Eckpfeiler des Angebots von Qingdao H&amp;F. Jedes 4-Tonnen-Hebeband wird strengen Tests unterzogen, und es stehen Qualit\u00e4tspr\u00fcfungsberichte zur Verf\u00fcgung, um die \u00dcbereinstimmung mit internationalen Normen zu best\u00e4tigen. Die K\u00e4ufer k\u00f6nnen sich darauf verlassen, dass jedes Produkt gr\u00fcndlich gepr\u00fcft wurde, um das Risiko von Verschlei\u00df oder Versagen unter Last zu minimieren. Durch die Verwendung langlebiger Materialien und pr\u00e4ziser Fertigungstechniken wird sichergestellt, dass diese Bandschlinge ihre Festigkeit und Funktionalit\u00e4t auch unter schwierigen Bedingungen beibeh\u00e4lt. Das Engagement von Qingdao H&amp;F f\u00fcr die Lieferung von Lager zu Lager vereinfacht zudem den Kaufprozess und erm\u00f6glicht einen schnellen Zugriff auf wichtige Ausr\u00fcstungsgegenst\u00e4nde ohne Verz\u00f6gerungen.<\/p>\n<h4>Auf die Bed\u00fcrfnisse der Industrie zugeschnitten: Sicherheit, Effizienz und Verl\u00e4sslichkeit<\/h4>\n<p>Sicherheit ist bei industriellen Hebevorg\u00e4ngen von gr\u00f6\u00dfter Bedeutung. Die 4-Tonnen-Gurtschlinge von Qingdao H&amp;F erf\u00fcllt und \u00fcbertrifft die Sicherheitsstandards und gew\u00e4hrleistet, dass die Bediener schwere Lasten mit Zuversicht handhaben k\u00f6nnen. Die breite Oberfl\u00e4che des Hebegurts reduziert Druckpunkte an der Last und verteilt das Gewicht gleichm\u00e4\u00dfig, um Sch\u00e4den zu vermeiden. Bei Anwendungen, bei denen die Unversehrtheit der Last entscheidend ist, ist dieses Konstruktionsmerkmal von unsch\u00e4tzbarem Wert, da es die Gefahr des Abrutschens oder pl\u00f6tzlicher Lastverschiebungen w\u00e4hrend der Handhabung minimiert. Diese Liebe zum Detail bei Design und Konstruktion unterstreicht das Engagement von Qingdao H&amp;F, die Anforderungen der Industrie an ein sicheres und effizientes Lastmanagement zu erf\u00fcllen.<\/p>\n<p>Einer der bemerkenswertesten Aspekte des Angebots von Qingdao H&amp;F ist die pers\u00f6nliche Kundenbetreuung. Dieser pers\u00f6nliche Ansatz erm\u00f6glicht es den K\u00e4ufern, ihre spezifischen Bed\u00fcrfnisse zu besprechen und ma\u00dfgeschneiderte Empfehlungen zu erhalten, was die Auswahl der besten Bandschlinge f\u00fcr bestimmte Anwendungen erleichtert. Mit einem schnellen Lieferzyklus und einem reaktionsschnellen Kundendienstteam stellt Qingdao H&amp;F sicher, dass die Kunden zeitnah Unterst\u00fctzung und genaue Produktberatung erhalten, was die Ausfallzeiten weiter reduziert und die betriebliche Effizienz erh\u00f6ht.<\/p>\n<h4>Qingdao H&amp;Fs kundenorientierter Ansatz: Sicherstellung von Qualit\u00e4t und P\u00fcnktlichkeit<\/h4>\n<p>Der Ruf von Qingdao H&amp;F als zuverl\u00e4ssiges Unternehmen geht \u00fcber die Qualit\u00e4t seiner Produkte hinaus und erstreckt sich auf die gesamte Kundenerfahrung. Als B2B-Handelsunternehmen mit zwei Jahrzehnten Erfahrung wei\u00df Qingdao H&amp;F um die entscheidende Bedeutung von p\u00fcnktlichen Lieferungen und Qualit\u00e4tssicherung. Jede 4-Tonnen-Gurtschlinge ist mit umfassenden Qualit\u00e4tspr\u00fcfungsberichten erh\u00e4ltlich, die dem K\u00e4ufer Transparenz und Sicherheit bieten. In diesen Berichten wird best\u00e4tigt, dass das Produkt strengen Tests unterzogen wurde, die seine Kapazit\u00e4t, Haltbarkeit und die Einhaltung der Sicherheitsvorschriften best\u00e4tigen.<\/p>\n<p>Neben der Produktqualit\u00e4t legt Qingdao H&amp;F gro\u00dfen Wert auf ein optimales Einkaufserlebnis. Die optimierte Logistik und der Warehouse-to-Warehouse-Service des Unternehmens sorgen daf\u00fcr, dass die K\u00e4ufer ihre Bestellungen mit minimalen Wartezeiten erhalten - ein wesentliches Merkmal f\u00fcr Unternehmen mit engen Zeitpl\u00e4nen. Dar\u00fcber hinaus bietet der engagierte Kundenservice von Qingdao H&amp;F einen erheblichen Mehrwert, indem er den Kunden bei der Produktauswahl hilft und ihnen Einblicke gew\u00e4hrt, die auf ihre Hebeanforderungen zugeschnitten sind.<\/p>","protected":false},"excerpt":{"rendered":"<p>Die 4-Tonnen-Gurtbandschlinge wurde entwickelt, um die wichtigsten Anforderungen industrieller K\u00e4ufer zu erf\u00fcllen, und kombiniert St\u00e4rke und Zuverl\u00e4ssigkeit f\u00fcr schwere Hebevorg\u00e4nge. Diese Bandschlinge gew\u00e4hrleistet ein sicheres und effizientes Heben von Lasten bis zu 4 Tonnen und erf\u00fcllt die Anforderungen der K\u00e4ufer an Haltbarkeit, Materialqualit\u00e4t und die Einhaltung von Sicherheitsstandards. Als vertrauensw\u00fcrdiger Handelspartner mit 20 Jahren Erfahrung bietet Qingdao H&amp;F pers\u00f6nliche Kundenbetreuung, einen schnellen Lieferzyklus und umfassende Qualit\u00e4tspr\u00fcfungsberichte, um die Produktintegrit\u00e4t zu gew\u00e4hrleisten. Dieser serviceorientierte Ansatz schafft einen Mehrwert, indem er das Vertrauen und die Zuverl\u00e4ssigkeit bei jedem Kauf f\u00f6rdert.<\/p>","protected":false},"featured_media":8195,"comment_status":"open","ping_status":"closed","template":"","meta":{"site-sidebar-layout":"default","site-content-layout":"","ast-site-content-layout":"default","site-content-style":"default","site-sidebar-style":"default","ast-global-header-display":"","ast-banner-title-visibility":"","ast-main-header-display":"","ast-hfb-above-header-display":"","ast-hfb-below-header-display":"","ast-hfb-mobile-header-display":"","site-post-title":"","ast-breadcrumbs-content":"","ast-featured-img":"","footer-sml-layout":"","theme-transparent-header-meta":"default","adv-header-id-meta":"","stick-header-meta":"default","header-above-stick-meta":"","header-main-stick-meta":"","header-below-stick-meta":"","astra-migrate-meta-layouts":"set","ast-page-background-enabled":"default","ast-page-background-meta":{"desktop":{"background-color":"","background-image":"","background-repeat":"repeat","background-position":"center center","background-size":"auto","background-attachment":"scroll","background-type":"","background-media":"","overlay-type":"","overlay-color":"","overlay-opacity":"","overlay-gradient":""},"tablet":{"background-color":"","background-image":"","background-repeat":"repeat","background-position":"center center","background-size":"auto","background-attachment":"scroll","background-type":"","background-media":"","overlay-type":"","overlay-color":"","overlay-opacity":"","overlay-gradient":""},"mobile":{"background-color":"","background-image":"","background-repeat":"repeat","background-position":"center center","background-size":"auto","background-attachment":"scroll","background-type":"","background-media":"","overlay-type":"","overlay-color":"","overlay-opacity":"","overlay-gradient":""}},"ast-content-background-meta":{"desktop":{"background-color":"var(--ast-global-color-5)","background-image":"","background-repeat":"repeat","background-position":"center center","background-size":"auto","background-attachment":"scroll","background-type":"","background-media":"","overlay-type":"","overlay-color":"","overlay-opacity":"","overlay-gradient":""},"tablet":{"background-color":"var(--ast-global-color-5)","background-image":"","background-repeat":"repeat","background-position":"center center","background-size":"auto","background-attachment":"scroll","background-type":"","background-media":"","overlay-type":"","overlay-color":"","overlay-opacity":"","overlay-gradient":""},"mobile":{"background-color":"var(--ast-global-color-5)","background-image":"","background-repeat":"repeat","background-position":"center center","background-size":"auto","background-attachment":"scroll","background-type":"","background-media":"","overlay-type":"","overlay-color":"","overlay-opacity":"","overlay-gradient":""}}},"product_brand":[],"product_cat":[39],"product_tag":[],"class_list":{"0":"post-8283","1":"product","2":"type-product","3":"status-publish","4":"has-post-thumbnail","6":"product_cat-webbing-sling","7":"desktop-align-left","8":"tablet-align-left","9":"mobile-align-left","10":"ast-product-gallery-layout-horizontal-slider","11":"ast-product-gallery-with-no-image","12":"ast-product-tabs-layout-horizontal","14":"first","15":"instock","16":"shipping-taxable","17":"purchasable","18":"product-type-simple"},"yoast_head":"<!-- This site is optimized with the Yoast SEO plugin v25.2 - https:\/\/yoast.com\/wordpress\/plugins\/seo\/ -->\n<title>Flat Webbing Sling 4 Ton Polyester Double Duplex<\/title>\n<meta name=\"robots\" content=\"index, follow, max-snippet:-1, max-image-preview:large, max-video-preview:-1\" \/>\n<link rel=\"canonical\" href=\"https:\/\/qingdaohf.com\/de\/produkt\/gurtbandschlinge-4-tonnen\/\" \/>\n<meta property=\"og:locale\" content=\"de_DE\" \/>\n<meta property=\"og:type\" content=\"article\" \/>\n<meta property=\"og:title\" content=\"Flat Webbing Sling 4 Ton Polyester Double Duplex\" \/>\n<meta property=\"og:description\" content=\"4 Ton Webbing Sling is designed to meet the key demands of industrial buyers, combining strength and reliability for heavy-duty lifting operations. This webbing sling assures secure and efficient lifting for loads up to 4 tons, addressing buyer concerns such as durability, material quality, and compliance with safety standards. As a trusted trading partner with 20 years of experience, Qingdao H&amp;F provides one-on-one customer support, a fast delivery cycle, and comprehensive quality inspection reports to ensure product integrity. This service-oriented approach adds value by fostering confidence and reliability in every purchase.\" \/>\n<meta property=\"og:url\" content=\"https:\/\/qingdaohf.com\/de\/produkt\/gurtbandschlinge-4-tonnen\/\" \/>\n<meta property=\"og:site_name\" content=\"Concrete Form &amp; Rigging Hardware Supplier\" \/>\n<meta property=\"article:publisher\" content=\"https:\/\/www.facebook.com\/qingdaohf\" \/>\n<meta property=\"article:modified_time\" content=\"2025-11-13T01:02:53+00:00\" \/>\n<meta property=\"og:image\" content=\"https:\/\/qingdaohf.com\/wp-content\/uploads\/2024\/10\/4ton-sling_1.webp\" \/>\n\t<meta property=\"og:image:width\" content=\"1000\" \/>\n\t<meta property=\"og:image:height\" content=\"1000\" \/>\n\t<meta property=\"og:image:type\" content=\"image\/webp\" \/>\n<meta name=\"twitter:card\" content=\"summary_large_image\" \/>\n<meta name=\"twitter:label1\" content=\"Gesch\u00e4tzte Lesezeit\" \/>\n\t<meta name=\"twitter:data1\" content=\"3\u00a0Minuten\" \/>\n<script type=\"application\/ld+json\" class=\"yoast-schema-graph\">{\"@context\":\"https:\/\/schema.org\",\"@graph\":[{\"@type\":\"WebPage\",\"@id\":\"https:\/\/qingdaohf.com\/product\/webbing-sling-4-ton\/\",\"url\":\"https:\/\/qingdaohf.com\/product\/webbing-sling-4-ton\/\",\"name\":\"Flat Webbing Sling 4 Ton Polyester Double Duplex\",\"isPartOf\":{\"@id\":\"https:\/\/qingdaohf.com\/bg\/#website\"},\"primaryImageOfPage\":{\"@id\":\"https:\/\/qingdaohf.com\/product\/webbing-sling-4-ton\/#primaryimage\"},\"image\":{\"@id\":\"https:\/\/qingdaohf.com\/product\/webbing-sling-4-ton\/#primaryimage\"},\"thumbnailUrl\":\"https:\/\/qingdaohf.com\/wp-content\/uploads\/2024\/10\/4ton-sling_1.webp\",\"datePublished\":\"2024-11-05T09:52:39+00:00\",\"dateModified\":\"2025-11-13T01:02:53+00:00\",\"breadcrumb\":{\"@id\":\"https:\/\/qingdaohf.com\/product\/webbing-sling-4-ton\/#breadcrumb\"},\"inLanguage\":\"de\",\"potentialAction\":[{\"@type\":\"ReadAction\",\"target\":[\"https:\/\/qingdaohf.com\/product\/webbing-sling-4-ton\/\"]}]},{\"@type\":\"ImageObject\",\"inLanguage\":\"de\",\"@id\":\"https:\/\/qingdaohf.com\/product\/webbing-sling-4-ton\/#primaryimage\",\"url\":\"https:\/\/qingdaohf.com\/wp-content\/uploads\/2024\/10\/4ton-sling_1.webp\",\"contentUrl\":\"https:\/\/qingdaohf.com\/wp-content\/uploads\/2024\/10\/4ton-sling_1.webp\",\"width\":1000,\"height\":1000,\"caption\":\"Webbing Sling 4 Ton\"},{\"@type\":\"BreadcrumbList\",\"@id\":\"https:\/\/qingdaohf.com\/product\/webbing-sling-4-ton\/#breadcrumb\",\"itemListElement\":[{\"@type\":\"ListItem\",\"position\":1,\"name\":\"Home\",\"item\":\"https:\/\/qingdaohf.com\/\"},{\"@type\":\"ListItem\",\"position\":2,\"name\":\"Concrete Forming Accessories and Rigging Hardware\",\"item\":\"https:\/\/qingdaohf.com\/bg\/?page_id=944\"},{\"@type\":\"ListItem\",\"position\":3,\"name\":\"Flat Webbing Sling 4 Ton Polyester Double Duplex\"}]},{\"@type\":\"WebSite\",\"@id\":\"https:\/\/qingdaohf.com\/bg\/#website\",\"url\":\"https:\/\/qingdaohf.com\/bg\/\",\"name\":\"Concrete Form & Rigging Hardware Supplier\",\"description\":\"\",\"publisher\":{\"@id\":\"https:\/\/qingdaohf.com\/bg\/#organization\"},\"potentialAction\":[{\"@type\":\"SearchAction\",\"target\":{\"@type\":\"EntryPoint\",\"urlTemplate\":\"https:\/\/qingdaohf.com\/bg\/?s={search_term_string}\"},\"query-input\":{\"@type\":\"PropertyValueSpecification\",\"valueRequired\":true,\"valueName\":\"search_term_string\"}}],\"inLanguage\":\"de\"},{\"@type\":\"Organization\",\"@id\":\"https:\/\/qingdaohf.com\/bg\/#organization\",\"name\":\"Qingdao H&F\",\"url\":\"https:\/\/qingdaohf.com\/bg\/\",\"logo\":{\"@type\":\"ImageObject\",\"inLanguage\":\"de\",\"@id\":\"https:\/\/qingdaohf.com\/bg\/#\/schema\/logo\/image\/\",\"url\":\"https:\/\/qingdaohf.com\/wp-content\/uploads\/2022\/12\/cropped-HF-LOGO.png\",\"contentUrl\":\"https:\/\/qingdaohf.com\/wp-content\/uploads\/2022\/12\/cropped-HF-LOGO.png\",\"width\":391,\"height\":249,\"caption\":\"Qingdao H&F\"},\"image\":{\"@id\":\"https:\/\/qingdaohf.com\/bg\/#\/schema\/logo\/image\/\"},\"sameAs\":[\"https:\/\/www.facebook.com\/qingdaohf\"]}]}<\/script>\n<!-- \/ Yoast SEO plugin. -->","yoast_head_json":{"title":"Flat Webbing Sling 4 Ton Polyester Double Duplex","robots":{"index":"index","follow":"follow","max-snippet":"max-snippet:-1","max-image-preview":"max-image-preview:large","max-video-preview":"max-video-preview:-1"},"canonical":"https:\/\/qingdaohf.com\/de\/produkt\/gurtbandschlinge-4-tonnen\/","og_locale":"de_DE","og_type":"article","og_title":"Flat Webbing Sling 4 Ton Polyester Double Duplex","og_description":"4 Ton Webbing Sling is designed to meet the key demands of industrial buyers, combining strength and reliability for heavy-duty lifting operations. This webbing sling assures secure and efficient lifting for loads up to 4 tons, addressing buyer concerns such as durability, material quality, and compliance with safety standards. As a trusted trading partner with 20 years of experience, Qingdao H&amp;F provides one-on-one customer support, a fast delivery cycle, and comprehensive quality inspection reports to ensure product integrity. This service-oriented approach adds value by fostering confidence and reliability in every purchase.","og_url":"https:\/\/qingdaohf.com\/de\/produkt\/gurtbandschlinge-4-tonnen\/","og_site_name":"Concrete Form &amp; Rigging Hardware Supplier","article_publisher":"https:\/\/www.facebook.com\/qingdaohf","article_modified_time":"2025-11-13T01:02:53+00:00","og_image":[{"width":1000,"height":1000,"url":"https:\/\/qingdaohf.com\/wp-content\/uploads\/2024\/10\/4ton-sling_1.webp","type":"image\/webp"}],"twitter_card":"summary_large_image","twitter_misc":{"Gesch\u00e4tzte Lesezeit":"3\u00a0Minuten"},"schema":{"@context":"https:\/\/schema.org","@graph":[{"@type":"WebPage","@id":"https:\/\/qingdaohf.com\/product\/webbing-sling-4-ton\/","url":"https:\/\/qingdaohf.com\/product\/webbing-sling-4-ton\/","name":"Flat Webbing Sling 4 Ton Polyester Double Duplex","isPartOf":{"@id":"https:\/\/qingdaohf.com\/bg\/#website"},"primaryImageOfPage":{"@id":"https:\/\/qingdaohf.com\/product\/webbing-sling-4-ton\/#primaryimage"},"image":{"@id":"https:\/\/qingdaohf.com\/product\/webbing-sling-4-ton\/#primaryimage"},"thumbnailUrl":"https:\/\/qingdaohf.com\/wp-content\/uploads\/2024\/10\/4ton-sling_1.webp","datePublished":"2024-11-05T09:52:39+00:00","dateModified":"2025-11-13T01:02:53+00:00","breadcrumb":{"@id":"https:\/\/qingdaohf.com\/product\/webbing-sling-4-ton\/#breadcrumb"},"inLanguage":"de","potentialAction":[{"@type":"ReadAction","target":["https:\/\/qingdaohf.com\/product\/webbing-sling-4-ton\/"]}]},{"@type":"ImageObject","inLanguage":"de","@id":"https:\/\/qingdaohf.com\/product\/webbing-sling-4-ton\/#primaryimage","url":"https:\/\/qingdaohf.com\/wp-content\/uploads\/2024\/10\/4ton-sling_1.webp","contentUrl":"https:\/\/qingdaohf.com\/wp-content\/uploads\/2024\/10\/4ton-sling_1.webp","width":1000,"height":1000,"caption":"Webbing Sling 4 Ton"},{"@type":"BreadcrumbList","@id":"https:\/\/qingdaohf.com\/product\/webbing-sling-4-ton\/#breadcrumb","itemListElement":[{"@type":"ListItem","position":1,"name":"Home","item":"https:\/\/qingdaohf.com\/"},{"@type":"ListItem","position":2,"name":"Concrete Forming Accessories and Rigging Hardware","item":"https:\/\/qingdaohf.com\/bg\/?page_id=944"},{"@type":"ListItem","position":3,"name":"Flat Webbing Sling 4 Ton Polyester Double Duplex"}]},{"@type":"WebSite","@id":"https:\/\/qingdaohf.com\/bg\/#website","url":"https:\/\/qingdaohf.com\/bg\/","name":"Concrete Form & Rigging Hardware Supplier","description":"","publisher":{"@id":"https:\/\/qingdaohf.com\/bg\/#organization"},"potentialAction":[{"@type":"SearchAction","target":{"@type":"EntryPoint","urlTemplate":"https:\/\/qingdaohf.com\/bg\/?s={search_term_string}"},"query-input":{"@type":"PropertyValueSpecification","valueRequired":true,"valueName":"search_term_string"}}],"inLanguage":"de"},{"@type":"Organization","@id":"https:\/\/qingdaohf.com\/bg\/#organization","name":"Qingdao H&F","url":"https:\/\/qingdaohf.com\/bg\/","logo":{"@type":"ImageObject","inLanguage":"de","@id":"https:\/\/qingdaohf.com\/bg\/#\/schema\/logo\/image\/","url":"https:\/\/qingdaohf.com\/wp-content\/uploads\/2022\/12\/cropped-HF-LOGO.png","contentUrl":"https:\/\/qingdaohf.com\/wp-content\/uploads\/2022\/12\/cropped-HF-LOGO.png","width":391,"height":249,"caption":"Qingdao H&F"},"image":{"@id":"https:\/\/qingdaohf.com\/bg\/#\/schema\/logo\/image\/"},"sameAs":["https:\/\/www.facebook.com\/qingdaohf"]}]}},"_links":{"self":[{"href":"https:\/\/qingdaohf.com\/de\/wp-json\/wp\/v2\/product\/8283","targetHints":{"allow":["GET"]}}],"collection":[{"href":"https:\/\/qingdaohf.com\/de\/wp-json\/wp\/v2\/product"}],"about":[{"href":"https:\/\/qingdaohf.com\/de\/wp-json\/wp\/v2\/types\/product"}],"replies":[{"embeddable":true,"href":"https:\/\/qingdaohf.com\/de\/wp-json\/wp\/v2\/comments?post=8283"}],"version-history":[{"count":2,"href":"https:\/\/qingdaohf.com\/de\/wp-json\/wp\/v2\/product\/8283\/revisions"}],"predecessor-version":[{"id":8337,"href":"https:\/\/qingdaohf.com\/de\/wp-json\/wp\/v2\/product\/8283\/revisions\/8337"}],"wp:featuredmedia":[{"embeddable":true,"href":"https:\/\/qingdaohf.com\/de\/wp-json\/wp\/v2\/media\/8195"}],"wp:attachment":[{"href":"https:\/\/qingdaohf.com\/de\/wp-json\/wp\/v2\/media?parent=8283"}],"wp:term":[{"taxonomy":"product_brand","embeddable":true,"href":"https:\/\/qingdaohf.com\/de\/wp-json\/wp\/v2\/product_brand?post=8283"},{"taxonomy":"product_cat","embeddable":true,"href":"https:\/\/qingdaohf.com\/de\/wp-json\/wp\/v2\/product_cat?post=8283"},{"taxonomy":"product_tag","embeddable":true,"href":"https:\/\/qingdaohf.com\/de\/wp-json\/wp\/v2\/product_tag?post=8283"}],"curies":[{"name":"wp","href":"https:\/\/api.w.org\/{rel}","templated":true}]}}