{"id":8285,"date":"2024-11-05T17:54:41","date_gmt":"2024-11-05T09:54:41","guid":{"rendered":"http:\/\/qingdaohf.com\/?post_type=product&#038;p=8285"},"modified":"2025-11-13T09:02:53","modified_gmt":"2025-11-13T01:02:53","slug":"webbing-sling-5-ton","status":"publish","type":"product","link":"https:\/\/qingdaohf.com\/de\/produkt\/gurtbandschlinge-5-tonnen\/","title":{"rendered":"Flaches Gurtband Hebegurt 5 Tonnen Polyester Double Duplex"},"content":{"rendered":"<h4>Wesentliche Eigenschaften der 5-Tonnen-Bandschlinge: Langlebigkeit, Sicherheit und Leistung<\/h4>\n<p>Die 5-Tonnen-Gurtbandschlinge von Qingdao H&amp;F wurde f\u00fcr anspruchsvolle Hebeanwendungen entwickelt, bei denen St\u00e4rke und Sicherheit oberste Priorit\u00e4t haben. Das aus hochwertigem Polyester gefertigte Hebeband ist au\u00dfergew\u00f6hnlich verschlei\u00df-, UV- und abriebfest und damit eine dauerhafte L\u00f6sung f\u00fcr sich wiederholende schwere Hebeaufgaben. Die Tragf\u00e4higkeit von 5 Tonnen bietet Flexibilit\u00e4t f\u00fcr verschiedene Branchen, vom Baugewerbe und der Logistik bis hin zur Schifffahrt und Fertigung, wo Zuverl\u00e4ssigkeit entscheidend ist.<\/p>\n<p>K\u00e4ufer, die sich um die Langlebigkeit ihrer Produkte sorgen, k\u00f6nnen sich auf das Qualit\u00e4tsversprechen von Qingdao H&amp;F verlassen. Jede 5-Tonnen-Gurtschlinge wird einer gr\u00fcndlichen Qualit\u00e4tskontrolle unterzogen, und es liegen begleitende Pr\u00fcfberichte vor, die belegen, dass das Produkt den Industriestandards entspricht. Die Konstruktion der Hebegurte unterst\u00fctzt die Stabilit\u00e4t der Last und verhindert ein Verrutschen, wodurch die Wahrscheinlichkeit von Unf\u00e4llen bei Hebevorg\u00e4ngen verringert wird. Dar\u00fcber hinaus gew\u00e4hrleistet der Ansatz von Qingdao H&amp;F f\u00fcr eine schnelle Lieferung und einen reaktionsschnellen Kundendienst, dass die K\u00e4ufer prompte Unterst\u00fctzung erhalten und ohne Verz\u00f6gerungen zuverl\u00e4ssige Ausr\u00fcstung erwerben k\u00f6nnen, was einen reibungslosen Betrieb erleichtert und die Ausfallzeiten minimiert.<\/p>\n<h4>Erf\u00fcllt die Anforderungen der Industrie mit robusten Sicherheitsfunktionen<\/h4>\n<p>Sicherheit ist ein entscheidender Faktor bei der Auswahl von Hebezeugen. Bei der Konstruktion der 5-Tonnen-Gurtbandschlinge von Qingdao H&amp;F steht die Sicherheit durch Materialauswahl, Konstruktion und Lastverteilungsmechanismen im Vordergrund. Durch die Verwendung einer breiten, flexiblen Gurtbandstruktur verteilt dieses Hebeband das Gewicht auf eine gr\u00f6\u00dfere Fl\u00e4che und verhindert so Druckstellen, die sowohl die Last als auch das Hebeband selbst besch\u00e4digen k\u00f6nnten. Diese Eigenschaft erh\u00f6ht die Stabilit\u00e4t beim Heben, verringert das Risiko pl\u00f6tzlicher Lastverschiebungen und gew\u00e4hrleistet ein kontrolliertes, sicheres Heben.<\/p>\n<p>Die 5-Tonnen-Gurtschlinge von Qingdao H&amp;F f\u00fcr Branchen, die strenge Sicherheitsanforderungen erf\u00fcllen m\u00fcssen, wird nach internationalen Hebenormen hergestellt. Dadurch wird sichergestellt, dass die Hebegurte anspruchsvollen Bedingungen standhalten, egal ob sie auf rauen Baustellen, in gesch\u00e4ftigen Logistikzentren oder in Industrielagern eingesetzt werden. Bei der Auswahl der Materialien und des Designs wurde besonderer Wert auf Langlebigkeit gelegt, ohne dabei die einfache Handhabung zu beeintr\u00e4chtigen, so dass die Bediener sicher und effizient arbeiten k\u00f6nnen. Da die Sicherheit an erster Stelle steht, ist diese Bandschlinge eine zuverl\u00e4ssige L\u00f6sung f\u00fcr anspruchsvolle Hebeaufgaben.<\/p>\n<h4>Qingdao H&amp;F: Zuverl\u00e4ssiger Service und Qualit\u00e4tssicherung<\/h4>\n<p>Der Ruf von Qingdao H&amp;F als B2B-Handelsunternehmen gr\u00fcndet sich auf 20 Jahre Erfahrung in der Bereitstellung von industriellen Hebe-L\u00f6sungen, die den praktischen Anforderungen von Unternehmen entsprechen. Jede 5-Tonnen-Gurtschlinge wird mit detaillierten Qualit\u00e4tspr\u00fcfungsberichten geliefert, die das Engagement von Qingdao H&amp;F f\u00fcr Transparenz und Produktintegrit\u00e4t unterstreichen. Diese Berichte erm\u00f6glichen es den K\u00e4ufern, die Testergebnisse des Produkts zu \u00fcberpr\u00fcfen und die Einhaltung der Sicherheits- und Leistungsstandards zu gew\u00e4hrleisten. Durch die Bereitstellung nachpr\u00fcfbarer Unterlagen gibt Qingdao H&amp;F den K\u00e4ufern Sicherheit f\u00fcr ihren Kauf und st\u00e4rkt so das Vertrauen und die Zuverl\u00e4ssigkeit.<\/p>\n<p>Neben der hohen Qualit\u00e4t der Produkte legt Qingdao H&amp;F gro\u00dfen Wert auf die Kundenzufriedenheit. Das pers\u00f6nliche Servicemodell erm\u00f6glicht es den Kunden, direkt mit sachkundigen Vertretern zusammenzuarbeiten, die ihre individuellen Anforderungen verstehen und ma\u00dfgeschneiderte Beratung zu den besten Bandschlingenoptionen anbieten. Dieser Serviceansatz, kombiniert mit einem schnellen und effizienten Lieferzyklus, zeigt das Engagement von Qingdao H&amp;F, Kunden in jeder Phase des Kaufprozesses zu unterst\u00fctzen. Die K\u00e4ufer erhalten ein optimiertes Angebot, das die Wartezeiten minimiert und die Verf\u00fcgbarkeit wichtiger Ausr\u00fcstungen maximiert, so dass die Unternehmen ihre betriebliche Effizienz aufrechterhalten k\u00f6nnen.<\/p>\n<p>Durch die Kombination von Hochleistungs-Gurtbandschlingen, gr\u00fcndlichen Qualit\u00e4tskontrollen und aufmerksamem Service bleibt Qingdao H&amp;F ein zuverl\u00e4ssiger Anbieter auf dem Markt f\u00fcr industrielle Hebevorg\u00e4nge. Die 5-Tonnen-Gurtbandschlinge ist ein Beispiel f\u00fcr dieses Engagement und bietet eine robuste, zuverl\u00e4ssige L\u00f6sung, die den strengen Anforderungen der heutigen Industrieumgebung gerecht wird.<\/p>","protected":false},"excerpt":{"rendered":"<p>Die 5-Tonnen-Gurtschlinge kombiniert hohe Festigkeit und Elastizit\u00e4t, um schwere Lasten sicher zu heben, und erf\u00fcllt die Anforderungen der K\u00e4ufer an Haltbarkeit, Sicherheit und Effizienz. Diese nach strengen Standards gefertigte Bandschlinge kann zuverl\u00e4ssig bis zu 5 Tonnen heben und bleibt dabei flexibel, um den Einsatz zu erleichtern. Als etabliertes Handelsunternehmen mit 20 Jahren Erfahrung stellt Qingdao H&amp;F sicher, dass die K\u00e4ufer von einem pers\u00f6nlichen Kundenservice, einem schnellen Lieferzyklus und detaillierten Qualit\u00e4tspr\u00fcfungsberichten profitieren. Dieser Ansatz unterstreicht unser Engagement f\u00fcr Qualit\u00e4t, p\u00fcnktliche Lieferung und umfassende Unterst\u00fctzung und sorgt f\u00fcr ein nahtloses Einkaufserlebnis.<\/p>","protected":false},"featured_media":8191,"comment_status":"open","ping_status":"closed","template":"","meta":{"site-sidebar-layout":"default","site-content-layout":"","ast-site-content-layout":"default","site-content-style":"default","site-sidebar-style":"default","ast-global-header-display":"","ast-banner-title-visibility":"","ast-main-header-display":"","ast-hfb-above-header-display":"","ast-hfb-below-header-display":"","ast-hfb-mobile-header-display":"","site-post-title":"","ast-breadcrumbs-content":"","ast-featured-img":"","footer-sml-layout":"","theme-transparent-header-meta":"default","adv-header-id-meta":"","stick-header-meta":"default","header-above-stick-meta":"","header-main-stick-meta":"","header-below-stick-meta":"","astra-migrate-meta-layouts":"set","ast-page-background-enabled":"default","ast-page-background-meta":{"desktop":{"background-color":"","background-image":"","background-repeat":"repeat","background-position":"center center","background-size":"auto","background-attachment":"scroll","background-type":"","background-media":"","overlay-type":"","overlay-color":"","overlay-opacity":"","overlay-gradient":""},"tablet":{"background-color":"","background-image":"","background-repeat":"repeat","background-position":"center center","background-size":"auto","background-attachment":"scroll","background-type":"","background-media":"","overlay-type":"","overlay-color":"","overlay-opacity":"","overlay-gradient":""},"mobile":{"background-color":"","background-image":"","background-repeat":"repeat","background-position":"center center","background-size":"auto","background-attachment":"scroll","background-type":"","background-media":"","overlay-type":"","overlay-color":"","overlay-opacity":"","overlay-gradient":""}},"ast-content-background-meta":{"desktop":{"background-color":"var(--ast-global-color-5)","background-image":"","background-repeat":"repeat","background-position":"center center","background-size":"auto","background-attachment":"scroll","background-type":"","background-media":"","overlay-type":"","overlay-color":"","overlay-opacity":"","overlay-gradient":""},"tablet":{"background-color":"var(--ast-global-color-5)","background-image":"","background-repeat":"repeat","background-position":"center center","background-size":"auto","background-attachment":"scroll","background-type":"","background-media":"","overlay-type":"","overlay-color":"","overlay-opacity":"","overlay-gradient":""},"mobile":{"background-color":"var(--ast-global-color-5)","background-image":"","background-repeat":"repeat","background-position":"center center","background-size":"auto","background-attachment":"scroll","background-type":"","background-media":"","overlay-type":"","overlay-color":"","overlay-opacity":"","overlay-gradient":""}}},"product_brand":[],"product_cat":[39],"product_tag":[],"class_list":{"0":"post-8285","1":"product","2":"type-product","3":"status-publish","4":"has-post-thumbnail","6":"product_cat-webbing-sling","7":"desktop-align-left","8":"tablet-align-left","9":"mobile-align-left","10":"ast-product-gallery-layout-horizontal-slider","11":"ast-product-gallery-with-no-image","12":"ast-product-tabs-layout-horizontal","14":"first","15":"instock","16":"shipping-taxable","17":"purchasable","18":"product-type-simple"},"yoast_head":"<!-- This site is optimized with the Yoast SEO plugin v25.2 - https:\/\/yoast.com\/wordpress\/plugins\/seo\/ -->\n<title>Flat Webbing Sling 5 Ton Polyester Double Duplex<\/title>\n<meta name=\"robots\" content=\"index, follow, max-snippet:-1, max-image-preview:large, max-video-preview:-1\" \/>\n<link rel=\"canonical\" href=\"https:\/\/qingdaohf.com\/de\/produkt\/gurtbandschlinge-5-tonnen\/\" \/>\n<meta property=\"og:locale\" content=\"de_DE\" \/>\n<meta property=\"og:type\" content=\"article\" \/>\n<meta property=\"og:title\" content=\"Flat Webbing Sling 5 Ton Polyester Double Duplex\" \/>\n<meta property=\"og:description\" content=\"5-Ton Webbing Sling combines high strength and resilience to safely lift heavy loads, addressing buyers&#039; concerns about durability, safety, and efficiency. Manufactured to rigorous standards, this webbing sling reliably handles up to 5 tons while maintaining flexibility for ease of use. As an established trading company with 20 years of experience, Qingdao H&amp;F ensures that buyers benefit from one-on-one customer service, a fast delivery cycle, and detailed quality inspection reports. This approach emphasizes our commitment to quality, timely delivery, and comprehensive support, providing a seamless purchasing experience.\" \/>\n<meta property=\"og:url\" content=\"https:\/\/qingdaohf.com\/de\/produkt\/gurtbandschlinge-5-tonnen\/\" \/>\n<meta property=\"og:site_name\" content=\"Concrete Form &amp; Rigging Hardware Supplier\" \/>\n<meta property=\"article:publisher\" content=\"https:\/\/www.facebook.com\/qingdaohf\" \/>\n<meta property=\"article:modified_time\" content=\"2025-11-13T01:02:53+00:00\" \/>\n<meta property=\"og:image\" content=\"https:\/\/qingdaohf.com\/wp-content\/uploads\/2024\/10\/Heavy-Duty-5-ton-webbing-sling_1.webp\" \/>\n\t<meta property=\"og:image:width\" content=\"1000\" \/>\n\t<meta property=\"og:image:height\" content=\"1000\" \/>\n\t<meta property=\"og:image:type\" content=\"image\/webp\" \/>\n<meta name=\"twitter:card\" content=\"summary_large_image\" \/>\n<meta name=\"twitter:label1\" content=\"Gesch\u00e4tzte Lesezeit\" \/>\n\t<meta name=\"twitter:data1\" content=\"3\u00a0Minuten\" \/>\n<script type=\"application\/ld+json\" class=\"yoast-schema-graph\">{\"@context\":\"https:\/\/schema.org\",\"@graph\":[{\"@type\":\"WebPage\",\"@id\":\"https:\/\/qingdaohf.com\/product\/webbing-sling-5-ton\/\",\"url\":\"https:\/\/qingdaohf.com\/product\/webbing-sling-5-ton\/\",\"name\":\"Flat Webbing Sling 5 Ton Polyester Double Duplex\",\"isPartOf\":{\"@id\":\"https:\/\/qingdaohf.com\/bg\/#website\"},\"primaryImageOfPage\":{\"@id\":\"https:\/\/qingdaohf.com\/product\/webbing-sling-5-ton\/#primaryimage\"},\"image\":{\"@id\":\"https:\/\/qingdaohf.com\/product\/webbing-sling-5-ton\/#primaryimage\"},\"thumbnailUrl\":\"https:\/\/qingdaohf.com\/wp-content\/uploads\/2024\/10\/Heavy-Duty-5-ton-webbing-sling_1.webp\",\"datePublished\":\"2024-11-05T09:54:41+00:00\",\"dateModified\":\"2025-11-13T01:02:53+00:00\",\"breadcrumb\":{\"@id\":\"https:\/\/qingdaohf.com\/product\/webbing-sling-5-ton\/#breadcrumb\"},\"inLanguage\":\"de\",\"potentialAction\":[{\"@type\":\"ReadAction\",\"target\":[\"https:\/\/qingdaohf.com\/product\/webbing-sling-5-ton\/\"]}]},{\"@type\":\"ImageObject\",\"inLanguage\":\"de\",\"@id\":\"https:\/\/qingdaohf.com\/product\/webbing-sling-5-ton\/#primaryimage\",\"url\":\"https:\/\/qingdaohf.com\/wp-content\/uploads\/2024\/10\/Heavy-Duty-5-ton-webbing-sling_1.webp\",\"contentUrl\":\"https:\/\/qingdaohf.com\/wp-content\/uploads\/2024\/10\/Heavy-Duty-5-ton-webbing-sling_1.webp\",\"width\":1000,\"height\":1000,\"caption\":\"webbing sling 5 ton\"},{\"@type\":\"BreadcrumbList\",\"@id\":\"https:\/\/qingdaohf.com\/product\/webbing-sling-5-ton\/#breadcrumb\",\"itemListElement\":[{\"@type\":\"ListItem\",\"position\":1,\"name\":\"Home\",\"item\":\"https:\/\/qingdaohf.com\/\"},{\"@type\":\"ListItem\",\"position\":2,\"name\":\"Concrete Forming Accessories and Rigging Hardware\",\"item\":\"https:\/\/qingdaohf.com\/bg\/?page_id=944\"},{\"@type\":\"ListItem\",\"position\":3,\"name\":\"Flat Webbing Sling 5 Ton Polyester Double Duplex\"}]},{\"@type\":\"WebSite\",\"@id\":\"https:\/\/qingdaohf.com\/bg\/#website\",\"url\":\"https:\/\/qingdaohf.com\/bg\/\",\"name\":\"Concrete Form & Rigging Hardware Supplier\",\"description\":\"\",\"publisher\":{\"@id\":\"https:\/\/qingdaohf.com\/bg\/#organization\"},\"potentialAction\":[{\"@type\":\"SearchAction\",\"target\":{\"@type\":\"EntryPoint\",\"urlTemplate\":\"https:\/\/qingdaohf.com\/bg\/?s={search_term_string}\"},\"query-input\":{\"@type\":\"PropertyValueSpecification\",\"valueRequired\":true,\"valueName\":\"search_term_string\"}}],\"inLanguage\":\"de\"},{\"@type\":\"Organization\",\"@id\":\"https:\/\/qingdaohf.com\/bg\/#organization\",\"name\":\"Qingdao H&F\",\"url\":\"https:\/\/qingdaohf.com\/bg\/\",\"logo\":{\"@type\":\"ImageObject\",\"inLanguage\":\"de\",\"@id\":\"https:\/\/qingdaohf.com\/bg\/#\/schema\/logo\/image\/\",\"url\":\"https:\/\/qingdaohf.com\/wp-content\/uploads\/2022\/12\/cropped-HF-LOGO.png\",\"contentUrl\":\"https:\/\/qingdaohf.com\/wp-content\/uploads\/2022\/12\/cropped-HF-LOGO.png\",\"width\":391,\"height\":249,\"caption\":\"Qingdao H&F\"},\"image\":{\"@id\":\"https:\/\/qingdaohf.com\/bg\/#\/schema\/logo\/image\/\"},\"sameAs\":[\"https:\/\/www.facebook.com\/qingdaohf\"]}]}<\/script>\n<!-- \/ Yoast SEO plugin. -->","yoast_head_json":{"title":"Flat Webbing Sling 5 Ton Polyester Double Duplex","robots":{"index":"index","follow":"follow","max-snippet":"max-snippet:-1","max-image-preview":"max-image-preview:large","max-video-preview":"max-video-preview:-1"},"canonical":"https:\/\/qingdaohf.com\/de\/produkt\/gurtbandschlinge-5-tonnen\/","og_locale":"de_DE","og_type":"article","og_title":"Flat Webbing Sling 5 Ton Polyester Double Duplex","og_description":"5-Ton Webbing Sling combines high strength and resilience to safely lift heavy loads, addressing buyers' concerns about durability, safety, and efficiency. Manufactured to rigorous standards, this webbing sling reliably handles up to 5 tons while maintaining flexibility for ease of use. As an established trading company with 20 years of experience, Qingdao H&amp;F ensures that buyers benefit from one-on-one customer service, a fast delivery cycle, and detailed quality inspection reports. This approach emphasizes our commitment to quality, timely delivery, and comprehensive support, providing a seamless purchasing experience.","og_url":"https:\/\/qingdaohf.com\/de\/produkt\/gurtbandschlinge-5-tonnen\/","og_site_name":"Concrete Form &amp; Rigging Hardware Supplier","article_publisher":"https:\/\/www.facebook.com\/qingdaohf","article_modified_time":"2025-11-13T01:02:53+00:00","og_image":[{"width":1000,"height":1000,"url":"https:\/\/qingdaohf.com\/wp-content\/uploads\/2024\/10\/Heavy-Duty-5-ton-webbing-sling_1.webp","type":"image\/webp"}],"twitter_card":"summary_large_image","twitter_misc":{"Gesch\u00e4tzte Lesezeit":"3\u00a0Minuten"},"schema":{"@context":"https:\/\/schema.org","@graph":[{"@type":"WebPage","@id":"https:\/\/qingdaohf.com\/product\/webbing-sling-5-ton\/","url":"https:\/\/qingdaohf.com\/product\/webbing-sling-5-ton\/","name":"Flat Webbing Sling 5 Ton Polyester Double Duplex","isPartOf":{"@id":"https:\/\/qingdaohf.com\/bg\/#website"},"primaryImageOfPage":{"@id":"https:\/\/qingdaohf.com\/product\/webbing-sling-5-ton\/#primaryimage"},"image":{"@id":"https:\/\/qingdaohf.com\/product\/webbing-sling-5-ton\/#primaryimage"},"thumbnailUrl":"https:\/\/qingdaohf.com\/wp-content\/uploads\/2024\/10\/Heavy-Duty-5-ton-webbing-sling_1.webp","datePublished":"2024-11-05T09:54:41+00:00","dateModified":"2025-11-13T01:02:53+00:00","breadcrumb":{"@id":"https:\/\/qingdaohf.com\/product\/webbing-sling-5-ton\/#breadcrumb"},"inLanguage":"de","potentialAction":[{"@type":"ReadAction","target":["https:\/\/qingdaohf.com\/product\/webbing-sling-5-ton\/"]}]},{"@type":"ImageObject","inLanguage":"de","@id":"https:\/\/qingdaohf.com\/product\/webbing-sling-5-ton\/#primaryimage","url":"https:\/\/qingdaohf.com\/wp-content\/uploads\/2024\/10\/Heavy-Duty-5-ton-webbing-sling_1.webp","contentUrl":"https:\/\/qingdaohf.com\/wp-content\/uploads\/2024\/10\/Heavy-Duty-5-ton-webbing-sling_1.webp","width":1000,"height":1000,"caption":"webbing sling 5 ton"},{"@type":"BreadcrumbList","@id":"https:\/\/qingdaohf.com\/product\/webbing-sling-5-ton\/#breadcrumb","itemListElement":[{"@type":"ListItem","position":1,"name":"Home","item":"https:\/\/qingdaohf.com\/"},{"@type":"ListItem","position":2,"name":"Concrete Forming Accessories and Rigging Hardware","item":"https:\/\/qingdaohf.com\/bg\/?page_id=944"},{"@type":"ListItem","position":3,"name":"Flat Webbing Sling 5 Ton Polyester Double Duplex"}]},{"@type":"WebSite","@id":"https:\/\/qingdaohf.com\/bg\/#website","url":"https:\/\/qingdaohf.com\/bg\/","name":"Concrete Form & Rigging Hardware Supplier","description":"","publisher":{"@id":"https:\/\/qingdaohf.com\/bg\/#organization"},"potentialAction":[{"@type":"SearchAction","target":{"@type":"EntryPoint","urlTemplate":"https:\/\/qingdaohf.com\/bg\/?s={search_term_string}"},"query-input":{"@type":"PropertyValueSpecification","valueRequired":true,"valueName":"search_term_string"}}],"inLanguage":"de"},{"@type":"Organization","@id":"https:\/\/qingdaohf.com\/bg\/#organization","name":"Qingdao H&F","url":"https:\/\/qingdaohf.com\/bg\/","logo":{"@type":"ImageObject","inLanguage":"de","@id":"https:\/\/qingdaohf.com\/bg\/#\/schema\/logo\/image\/","url":"https:\/\/qingdaohf.com\/wp-content\/uploads\/2022\/12\/cropped-HF-LOGO.png","contentUrl":"https:\/\/qingdaohf.com\/wp-content\/uploads\/2022\/12\/cropped-HF-LOGO.png","width":391,"height":249,"caption":"Qingdao H&F"},"image":{"@id":"https:\/\/qingdaohf.com\/bg\/#\/schema\/logo\/image\/"},"sameAs":["https:\/\/www.facebook.com\/qingdaohf"]}]}},"_links":{"self":[{"href":"https:\/\/qingdaohf.com\/de\/wp-json\/wp\/v2\/product\/8285","targetHints":{"allow":["GET"]}}],"collection":[{"href":"https:\/\/qingdaohf.com\/de\/wp-json\/wp\/v2\/product"}],"about":[{"href":"https:\/\/qingdaohf.com\/de\/wp-json\/wp\/v2\/types\/product"}],"replies":[{"embeddable":true,"href":"https:\/\/qingdaohf.com\/de\/wp-json\/wp\/v2\/comments?post=8285"}],"version-history":[{"count":2,"href":"https:\/\/qingdaohf.com\/de\/wp-json\/wp\/v2\/product\/8285\/revisions"}],"predecessor-version":[{"id":8336,"href":"https:\/\/qingdaohf.com\/de\/wp-json\/wp\/v2\/product\/8285\/revisions\/8336"}],"wp:featuredmedia":[{"embeddable":true,"href":"https:\/\/qingdaohf.com\/de\/wp-json\/wp\/v2\/media\/8191"}],"wp:attachment":[{"href":"https:\/\/qingdaohf.com\/de\/wp-json\/wp\/v2\/media?parent=8285"}],"wp:term":[{"taxonomy":"product_brand","embeddable":true,"href":"https:\/\/qingdaohf.com\/de\/wp-json\/wp\/v2\/product_brand?post=8285"},{"taxonomy":"product_cat","embeddable":true,"href":"https:\/\/qingdaohf.com\/de\/wp-json\/wp\/v2\/product_cat?post=8285"},{"taxonomy":"product_tag","embeddable":true,"href":"https:\/\/qingdaohf.com\/de\/wp-json\/wp\/v2\/product_tag?post=8285"}],"curies":[{"name":"wp","href":"https:\/\/api.w.org\/{rel}","templated":true}]}}