{"id":8289,"date":"2024-11-05T17:58:14","date_gmt":"2024-11-05T09:58:14","guid":{"rendered":"http:\/\/qingdaohf.com\/?post_type=product&#038;p=8289"},"modified":"2025-11-13T09:02:52","modified_gmt":"2025-11-13T01:02:52","slug":"webbing-sling-8-ton","status":"publish","type":"product","link":"https:\/\/qingdaohf.com\/de\/produkt\/gurtbandschlinge-8-t\/","title":{"rendered":"Flaches Gurtband Hebegurt 8 Tonnen Polyester Double Duplex"},"content":{"rendered":"<h4>St\u00e4rke und Langlebigkeit: Die wichtigsten Merkmale der 8-Tonnen-Gurtschlinge<\/h4>\n<p>Die Qingdao H&amp;F 8-Tonnen-Gurtschlinge wurde f\u00fcr Branchen entwickelt, in denen sichere und zuverl\u00e4ssige Hebel\u00f6sungen unerl\u00e4sslich sind. Das aus hochwertigem Polyester gefertigte Hebeband bietet eine robuste Festigkeit, die es erm\u00f6glicht, Lasten von bis zu 8 Tonnen ohne Leistungseinbu\u00dfen zu bew\u00e4ltigen. Die robuste Konstruktion gew\u00e4hrleistet eine lange Lebensdauer, auch bei h\u00e4ufigem Einsatz in anspruchsvollen Umgebungen, und macht sie zu einem wertvollen Werkzeug f\u00fcr Branchen wie Bau, Logistik und Fertigung.<\/p>\n<p>Jedes 8-Tonnen-Hebeband wird einer sorgf\u00e4ltigen Qualit\u00e4tspr\u00fcfung unterzogen, um seine Tragf\u00e4higkeit und die Einhaltung der Sicherheitsvorschriften zu best\u00e4tigen. Qingdao H&amp;F stellt detaillierte Qualit\u00e4tspr\u00fcfungsberichte zur Verf\u00fcgung, die es dem K\u00e4ufer erm\u00f6glichen, die Sicherheits- und Leistungsdaten des Produkts zu \u00fcberpr\u00fcfen. Qingdao H&amp;F ist f\u00fcr seine Zuverl\u00e4ssigkeit und Transparenz bekannt und hat sich zum Ziel gesetzt, Ausr\u00fcstungen zu liefern, die den Anforderungen der heutigen Industrie gerecht werden. Der schnelle Lieferzyklus, den wir anbieten, stellt sicher, dass die K\u00e4ufer sofort auf wichtige Hebezeuge zugreifen k\u00f6nnen, damit die Projekte im Zeitplan bleiben.<\/p>\n<h4>Sicherheitsorientiertes Design und sichere Hebeleistung<\/h4>\n<p>Sicherheit ist bei jedem Hebevorgang von gr\u00f6\u00dfter Bedeutung, insbesondere bei der Handhabung schwerer Lasten. Die 8-Tonnen-Gurtschlinge von Qingdao H&amp;F ist mit einem breiten, flexiblen Gurtband ausgestattet, das das Gewicht gleichm\u00e4\u00dfig auf die Last verteilt. Durch diese Konstruktion werden Druckpunkte minimiert, was die Wahrscheinlichkeit von Sch\u00e4den sowohl am Hebegurt als auch an der Last verringert. Da die Stabilit\u00e4t der Last im Vordergrund steht, tr\u00e4gt dieses Hebegurtband dazu bei, dass selbst sperrige oder zerbrechliche Gegenst\u00e4nde sicher angehoben werden k\u00f6nnen, so dass die Bediener schwere Lasten sicher handhaben k\u00f6nnen.<\/p>\n<p>Diese nach strengen Sicherheitsstandards gefertigte Bandschlinge eignet sich gut f\u00fcr Branchen mit strengen Betriebsprotokollen. Ob in Industrieanlagen, Lagern oder Versandh\u00f6fen, die robuste Konstruktion und zuverl\u00e4ssige Leistung der 8-Tonnen-Gurtschlinge machen sie zur idealen Wahl. Die Konzentration von Qingdao H&amp;F auf Qualit\u00e4tskontrolle und Sicherheitskonformit\u00e4t gibt den K\u00e4ufern die Gewissheit, dass jedes Hebeband eine Reihe von Qualit\u00e4tspr\u00fcfungen durchlaufen hat, um sicherzustellen, dass es den Anforderungen an die Tragf\u00e4higkeit entspricht. Die mit jedem Produkt erh\u00e4ltlichen Qualit\u00e4tspr\u00fcfungsberichte sind ein klarer Beweis f\u00fcr dieses Engagement f\u00fcr Sicherheit und Zuverl\u00e4ssigkeit.<\/p>\n<h4>Qingdao H&amp;F: Partnerschaften mit Kunden f\u00fcr zuverl\u00e4ssige und effiziente L\u00f6sungen<\/h4>\n<p>Mit 20 Jahren Erfahrung als B2B-Handelsunternehmen hat sich Qingdao H&amp;F den Ruf erworben, zuverl\u00e4ssige Hebel\u00f6sungen zu liefern, die den besonderen Anforderungen industrieller Abnehmer entsprechen. Die 8-Tonnen-Gurtbandschlinge ist Teil einer vielf\u00e4ltigen Produktpalette, wobei jeder Artikel von einer Qualit\u00e4tspr\u00fcfungsdokumentation begleitet wird, um die Einhaltung der Industrienormen zu \u00fcberpr\u00fcfen. Diese Transparenz unterstreicht das Engagement von Qingdao H&amp;F, zuverl\u00e4ssige Produkte zu liefern, denen die K\u00e4ufer bei anspruchsvollen Anwendungen vertrauen k\u00f6nnen.<\/p>\n<p>Qingdao H&amp;F bietet nicht nur Qualit\u00e4tsprodukte, sondern auch ein reibungsloses, kundenorientiertes Einkaufserlebnis. Unser pers\u00f6nliches Kundendienstmodell erm\u00f6glicht es den K\u00e4ufern, direkt mit sachkundigen Vertretern in Kontakt zu treten, die ihre Anforderungen verstehen und pers\u00f6nliche Empfehlungen geben, um den Kunden bei der Auswahl der besten Hebeausr\u00fcstung f\u00fcr ihre Anwendungen zu helfen. In Verbindung mit einem schnellen Lieferzyklus stellt Qingdao H&amp;F sicher, dass die Kunden wichtige Ausr\u00fcstungen ohne Verz\u00f6gerung erhalten, wodurch die Projekteffizienz unterst\u00fctzt und Ausfallzeiten minimiert werden.<\/p>\n<p>Durch die Lieferung von Hochleistungs-Gurtbandschlingen, die Gew\u00e4hrleistung einer gr\u00fcndlichen Qualit\u00e4tskontrolle und die Priorisierung des Kundendienstes ist Qingdao H&amp;F zu einem zuverl\u00e4ssigen Partner f\u00fcr industrielle Hebe-L\u00f6sungen geworden. Die 8-Tonnen-Gurtbandschlinge spiegelt dieses Engagement wider und bietet die St\u00e4rke, Sicherheit und Zuverl\u00e4ssigkeit, die in den heutigen industriellen Umgebungen erforderlich sind. Mit jedem Hebegurt bietet Qingdao H&amp;F eine sichere und zuverl\u00e4ssige Hebel\u00f6sung, die durch die Unterst\u00fctzung und Transparenz unterst\u00fctzt wird, die Kunden erwarten.<\/p>","protected":false},"excerpt":{"rendered":"<p>Die 8-Tonnen-Gurtschlinge ist f\u00fcr hohe Hebeanforderungen ausgelegt und bietet hervorragende Festigkeit und Zuverl\u00e4ssigkeit f\u00fcr industrielle Anwendungen. Dieses Hebeband wurde entwickelt, um die Bedenken des K\u00e4ufers in Bezug auf Ladungssicherheit, Langlebigkeit und Einhaltung von Sicherheitsnormen zu ber\u00fccksichtigen und tr\u00e4gt m\u00fchelos bis zu 8 Tonnen. Als etabliertes B2B-Handelsunternehmen mit 20 Jahren Erfahrung bietet Qingdao H&amp;F einen pers\u00f6nlichen Kundenservice, einen schnellen Lieferzyklus und umfassende Qualit\u00e4tspr\u00fcfungsberichte. Diese Vorteile unterstreichen unser Engagement f\u00fcr Qualit\u00e4t und Kundenzufriedenheit und sorgen f\u00fcr ein reibungsloses Einkaufserlebnis.<\/p>","protected":false},"featured_media":8193,"comment_status":"open","ping_status":"closed","template":"","meta":{"site-sidebar-layout":"default","site-content-layout":"","ast-site-content-layout":"default","site-content-style":"default","site-sidebar-style":"default","ast-global-header-display":"","ast-banner-title-visibility":"","ast-main-header-display":"","ast-hfb-above-header-display":"","ast-hfb-below-header-display":"","ast-hfb-mobile-header-display":"","site-post-title":"","ast-breadcrumbs-content":"","ast-featured-img":"","footer-sml-layout":"","theme-transparent-header-meta":"default","adv-header-id-meta":"","stick-header-meta":"default","header-above-stick-meta":"","header-main-stick-meta":"","header-below-stick-meta":"","astra-migrate-meta-layouts":"set","ast-page-background-enabled":"default","ast-page-background-meta":{"desktop":{"background-color":"","background-image":"","background-repeat":"repeat","background-position":"center center","background-size":"auto","background-attachment":"scroll","background-type":"","background-media":"","overlay-type":"","overlay-color":"","overlay-opacity":"","overlay-gradient":""},"tablet":{"background-color":"","background-image":"","background-repeat":"repeat","background-position":"center center","background-size":"auto","background-attachment":"scroll","background-type":"","background-media":"","overlay-type":"","overlay-color":"","overlay-opacity":"","overlay-gradient":""},"mobile":{"background-color":"","background-image":"","background-repeat":"repeat","background-position":"center center","background-size":"auto","background-attachment":"scroll","background-type":"","background-media":"","overlay-type":"","overlay-color":"","overlay-opacity":"","overlay-gradient":""}},"ast-content-background-meta":{"desktop":{"background-color":"var(--ast-global-color-5)","background-image":"","background-repeat":"repeat","background-position":"center center","background-size":"auto","background-attachment":"scroll","background-type":"","background-media":"","overlay-type":"","overlay-color":"","overlay-opacity":"","overlay-gradient":""},"tablet":{"background-color":"var(--ast-global-color-5)","background-image":"","background-repeat":"repeat","background-position":"center center","background-size":"auto","background-attachment":"scroll","background-type":"","background-media":"","overlay-type":"","overlay-color":"","overlay-opacity":"","overlay-gradient":""},"mobile":{"background-color":"var(--ast-global-color-5)","background-image":"","background-repeat":"repeat","background-position":"center center","background-size":"auto","background-attachment":"scroll","background-type":"","background-media":"","overlay-type":"","overlay-color":"","overlay-opacity":"","overlay-gradient":""}}},"product_brand":[],"product_cat":[39],"product_tag":[],"class_list":{"0":"post-8289","1":"product","2":"type-product","3":"status-publish","4":"has-post-thumbnail","6":"product_cat-webbing-sling","7":"desktop-align-left","8":"tablet-align-left","9":"mobile-align-left","10":"ast-product-gallery-layout-horizontal-slider","11":"ast-product-gallery-with-no-image","12":"ast-product-tabs-layout-horizontal","14":"first","15":"instock","16":"shipping-taxable","17":"purchasable","18":"product-type-simple"},"yoast_head":"<!-- This site is optimized with the Yoast SEO plugin v25.2 - https:\/\/yoast.com\/wordpress\/plugins\/seo\/ -->\n<title>Flat Webbing Sling 8 Ton Polyester Double Duplex<\/title>\n<meta name=\"robots\" content=\"index, follow, max-snippet:-1, max-image-preview:large, max-video-preview:-1\" \/>\n<link rel=\"canonical\" href=\"https:\/\/qingdaohf.com\/de\/produkt\/gurtbandschlinge-8-t\/\" \/>\n<meta property=\"og:locale\" content=\"de_DE\" \/>\n<meta property=\"og:type\" content=\"article\" \/>\n<meta property=\"og:title\" content=\"Flat Webbing Sling 8 Ton Polyester Double Duplex\" \/>\n<meta property=\"og:description\" content=\"8-Ton Webbing Sling is crafted to handle substantial lifting demands, offering outstanding strength and reliability for industrial applications. Designed to address buyer concerns about load security, durability, and compliance with safety standards, this sling supports up to 8 tons with ease. As an established B2B trading company with 20 years of experience, Qingdao H&amp;F provides one-on-one customer service, a fast delivery cycle, and comprehensive quality inspection reports. These advantages underscore our commitment to quality and customer satisfaction, ensuring a seamless purchasing experience.\" \/>\n<meta property=\"og:url\" content=\"https:\/\/qingdaohf.com\/de\/produkt\/gurtbandschlinge-8-t\/\" \/>\n<meta property=\"og:site_name\" content=\"Concrete Form &amp; Rigging Hardware Supplier\" \/>\n<meta property=\"article:publisher\" content=\"https:\/\/www.facebook.com\/qingdaohf\" \/>\n<meta property=\"article:modified_time\" content=\"2025-11-13T01:02:52+00:00\" \/>\n<meta property=\"og:image\" content=\"https:\/\/qingdaohf.com\/wp-content\/uploads\/2024\/10\/8ton-sling_1.webp\" \/>\n\t<meta property=\"og:image:width\" content=\"1000\" \/>\n\t<meta property=\"og:image:height\" content=\"1000\" \/>\n\t<meta property=\"og:image:type\" content=\"image\/webp\" \/>\n<meta name=\"twitter:card\" content=\"summary_large_image\" \/>\n<meta name=\"twitter:label1\" content=\"Gesch\u00e4tzte Lesezeit\" \/>\n\t<meta name=\"twitter:data1\" content=\"3\u00a0Minuten\" \/>\n<script type=\"application\/ld+json\" class=\"yoast-schema-graph\">{\"@context\":\"https:\/\/schema.org\",\"@graph\":[{\"@type\":\"WebPage\",\"@id\":\"https:\/\/qingdaohf.com\/product\/webbing-sling-8-ton\/\",\"url\":\"https:\/\/qingdaohf.com\/product\/webbing-sling-8-ton\/\",\"name\":\"Flat Webbing Sling 8 Ton Polyester Double Duplex\",\"isPartOf\":{\"@id\":\"https:\/\/qingdaohf.com\/bg\/#website\"},\"primaryImageOfPage\":{\"@id\":\"https:\/\/qingdaohf.com\/product\/webbing-sling-8-ton\/#primaryimage\"},\"image\":{\"@id\":\"https:\/\/qingdaohf.com\/product\/webbing-sling-8-ton\/#primaryimage\"},\"thumbnailUrl\":\"https:\/\/qingdaohf.com\/wp-content\/uploads\/2024\/10\/8ton-sling_1.webp\",\"datePublished\":\"2024-11-05T09:58:14+00:00\",\"dateModified\":\"2025-11-13T01:02:52+00:00\",\"breadcrumb\":{\"@id\":\"https:\/\/qingdaohf.com\/product\/webbing-sling-8-ton\/#breadcrumb\"},\"inLanguage\":\"de\",\"potentialAction\":[{\"@type\":\"ReadAction\",\"target\":[\"https:\/\/qingdaohf.com\/product\/webbing-sling-8-ton\/\"]}]},{\"@type\":\"ImageObject\",\"inLanguage\":\"de\",\"@id\":\"https:\/\/qingdaohf.com\/product\/webbing-sling-8-ton\/#primaryimage\",\"url\":\"https:\/\/qingdaohf.com\/wp-content\/uploads\/2024\/10\/8ton-sling_1.webp\",\"contentUrl\":\"https:\/\/qingdaohf.com\/wp-content\/uploads\/2024\/10\/8ton-sling_1.webp\",\"width\":1000,\"height\":1000,\"caption\":\"8ton sling\"},{\"@type\":\"BreadcrumbList\",\"@id\":\"https:\/\/qingdaohf.com\/product\/webbing-sling-8-ton\/#breadcrumb\",\"itemListElement\":[{\"@type\":\"ListItem\",\"position\":1,\"name\":\"Home\",\"item\":\"https:\/\/qingdaohf.com\/\"},{\"@type\":\"ListItem\",\"position\":2,\"name\":\"Concrete Forming Accessories and Rigging Hardware\",\"item\":\"https:\/\/qingdaohf.com\/bg\/?page_id=944\"},{\"@type\":\"ListItem\",\"position\":3,\"name\":\"Flat Webbing Sling 8 Ton Polyester Double Duplex\"}]},{\"@type\":\"WebSite\",\"@id\":\"https:\/\/qingdaohf.com\/bg\/#website\",\"url\":\"https:\/\/qingdaohf.com\/bg\/\",\"name\":\"Concrete Form & Rigging Hardware Supplier\",\"description\":\"\",\"publisher\":{\"@id\":\"https:\/\/qingdaohf.com\/bg\/#organization\"},\"potentialAction\":[{\"@type\":\"SearchAction\",\"target\":{\"@type\":\"EntryPoint\",\"urlTemplate\":\"https:\/\/qingdaohf.com\/bg\/?s={search_term_string}\"},\"query-input\":{\"@type\":\"PropertyValueSpecification\",\"valueRequired\":true,\"valueName\":\"search_term_string\"}}],\"inLanguage\":\"de\"},{\"@type\":\"Organization\",\"@id\":\"https:\/\/qingdaohf.com\/bg\/#organization\",\"name\":\"Qingdao H&F\",\"url\":\"https:\/\/qingdaohf.com\/bg\/\",\"logo\":{\"@type\":\"ImageObject\",\"inLanguage\":\"de\",\"@id\":\"https:\/\/qingdaohf.com\/bg\/#\/schema\/logo\/image\/\",\"url\":\"https:\/\/qingdaohf.com\/wp-content\/uploads\/2022\/12\/cropped-HF-LOGO.png\",\"contentUrl\":\"https:\/\/qingdaohf.com\/wp-content\/uploads\/2022\/12\/cropped-HF-LOGO.png\",\"width\":391,\"height\":249,\"caption\":\"Qingdao H&F\"},\"image\":{\"@id\":\"https:\/\/qingdaohf.com\/bg\/#\/schema\/logo\/image\/\"},\"sameAs\":[\"https:\/\/www.facebook.com\/qingdaohf\"]}]}<\/script>\n<!-- \/ Yoast SEO plugin. -->","yoast_head_json":{"title":"Flat Webbing Sling 8 Ton Polyester Double Duplex","robots":{"index":"index","follow":"follow","max-snippet":"max-snippet:-1","max-image-preview":"max-image-preview:large","max-video-preview":"max-video-preview:-1"},"canonical":"https:\/\/qingdaohf.com\/de\/produkt\/gurtbandschlinge-8-t\/","og_locale":"de_DE","og_type":"article","og_title":"Flat Webbing Sling 8 Ton Polyester Double Duplex","og_description":"8-Ton Webbing Sling is crafted to handle substantial lifting demands, offering outstanding strength and reliability for industrial applications. Designed to address buyer concerns about load security, durability, and compliance with safety standards, this sling supports up to 8 tons with ease. As an established B2B trading company with 20 years of experience, Qingdao H&amp;F provides one-on-one customer service, a fast delivery cycle, and comprehensive quality inspection reports. These advantages underscore our commitment to quality and customer satisfaction, ensuring a seamless purchasing experience.","og_url":"https:\/\/qingdaohf.com\/de\/produkt\/gurtbandschlinge-8-t\/","og_site_name":"Concrete Form &amp; Rigging Hardware Supplier","article_publisher":"https:\/\/www.facebook.com\/qingdaohf","article_modified_time":"2025-11-13T01:02:52+00:00","og_image":[{"width":1000,"height":1000,"url":"https:\/\/qingdaohf.com\/wp-content\/uploads\/2024\/10\/8ton-sling_1.webp","type":"image\/webp"}],"twitter_card":"summary_large_image","twitter_misc":{"Gesch\u00e4tzte Lesezeit":"3\u00a0Minuten"},"schema":{"@context":"https:\/\/schema.org","@graph":[{"@type":"WebPage","@id":"https:\/\/qingdaohf.com\/product\/webbing-sling-8-ton\/","url":"https:\/\/qingdaohf.com\/product\/webbing-sling-8-ton\/","name":"Flat Webbing Sling 8 Ton Polyester Double Duplex","isPartOf":{"@id":"https:\/\/qingdaohf.com\/bg\/#website"},"primaryImageOfPage":{"@id":"https:\/\/qingdaohf.com\/product\/webbing-sling-8-ton\/#primaryimage"},"image":{"@id":"https:\/\/qingdaohf.com\/product\/webbing-sling-8-ton\/#primaryimage"},"thumbnailUrl":"https:\/\/qingdaohf.com\/wp-content\/uploads\/2024\/10\/8ton-sling_1.webp","datePublished":"2024-11-05T09:58:14+00:00","dateModified":"2025-11-13T01:02:52+00:00","breadcrumb":{"@id":"https:\/\/qingdaohf.com\/product\/webbing-sling-8-ton\/#breadcrumb"},"inLanguage":"de","potentialAction":[{"@type":"ReadAction","target":["https:\/\/qingdaohf.com\/product\/webbing-sling-8-ton\/"]}]},{"@type":"ImageObject","inLanguage":"de","@id":"https:\/\/qingdaohf.com\/product\/webbing-sling-8-ton\/#primaryimage","url":"https:\/\/qingdaohf.com\/wp-content\/uploads\/2024\/10\/8ton-sling_1.webp","contentUrl":"https:\/\/qingdaohf.com\/wp-content\/uploads\/2024\/10\/8ton-sling_1.webp","width":1000,"height":1000,"caption":"8ton sling"},{"@type":"BreadcrumbList","@id":"https:\/\/qingdaohf.com\/product\/webbing-sling-8-ton\/#breadcrumb","itemListElement":[{"@type":"ListItem","position":1,"name":"Home","item":"https:\/\/qingdaohf.com\/"},{"@type":"ListItem","position":2,"name":"Concrete Forming Accessories and Rigging Hardware","item":"https:\/\/qingdaohf.com\/bg\/?page_id=944"},{"@type":"ListItem","position":3,"name":"Flat Webbing Sling 8 Ton Polyester Double Duplex"}]},{"@type":"WebSite","@id":"https:\/\/qingdaohf.com\/bg\/#website","url":"https:\/\/qingdaohf.com\/bg\/","name":"Concrete Form & Rigging Hardware Supplier","description":"","publisher":{"@id":"https:\/\/qingdaohf.com\/bg\/#organization"},"potentialAction":[{"@type":"SearchAction","target":{"@type":"EntryPoint","urlTemplate":"https:\/\/qingdaohf.com\/bg\/?s={search_term_string}"},"query-input":{"@type":"PropertyValueSpecification","valueRequired":true,"valueName":"search_term_string"}}],"inLanguage":"de"},{"@type":"Organization","@id":"https:\/\/qingdaohf.com\/bg\/#organization","name":"Qingdao H&F","url":"https:\/\/qingdaohf.com\/bg\/","logo":{"@type":"ImageObject","inLanguage":"de","@id":"https:\/\/qingdaohf.com\/bg\/#\/schema\/logo\/image\/","url":"https:\/\/qingdaohf.com\/wp-content\/uploads\/2022\/12\/cropped-HF-LOGO.png","contentUrl":"https:\/\/qingdaohf.com\/wp-content\/uploads\/2022\/12\/cropped-HF-LOGO.png","width":391,"height":249,"caption":"Qingdao H&F"},"image":{"@id":"https:\/\/qingdaohf.com\/bg\/#\/schema\/logo\/image\/"},"sameAs":["https:\/\/www.facebook.com\/qingdaohf"]}]}},"_links":{"self":[{"href":"https:\/\/qingdaohf.com\/de\/wp-json\/wp\/v2\/product\/8289","targetHints":{"allow":["GET"]}}],"collection":[{"href":"https:\/\/qingdaohf.com\/de\/wp-json\/wp\/v2\/product"}],"about":[{"href":"https:\/\/qingdaohf.com\/de\/wp-json\/wp\/v2\/types\/product"}],"replies":[{"embeddable":true,"href":"https:\/\/qingdaohf.com\/de\/wp-json\/wp\/v2\/comments?post=8289"}],"version-history":[{"count":2,"href":"https:\/\/qingdaohf.com\/de\/wp-json\/wp\/v2\/product\/8289\/revisions"}],"predecessor-version":[{"id":8334,"href":"https:\/\/qingdaohf.com\/de\/wp-json\/wp\/v2\/product\/8289\/revisions\/8334"}],"wp:featuredmedia":[{"embeddable":true,"href":"https:\/\/qingdaohf.com\/de\/wp-json\/wp\/v2\/media\/8193"}],"wp:attachment":[{"href":"https:\/\/qingdaohf.com\/de\/wp-json\/wp\/v2\/media?parent=8289"}],"wp:term":[{"taxonomy":"product_brand","embeddable":true,"href":"https:\/\/qingdaohf.com\/de\/wp-json\/wp\/v2\/product_brand?post=8289"},{"taxonomy":"product_cat","embeddable":true,"href":"https:\/\/qingdaohf.com\/de\/wp-json\/wp\/v2\/product_cat?post=8289"},{"taxonomy":"product_tag","embeddable":true,"href":"https:\/\/qingdaohf.com\/de\/wp-json\/wp\/v2\/product_tag?post=8289"}],"curies":[{"name":"wp","href":"https:\/\/api.w.org\/{rel}","templated":true}]}}