{"id":8291,"date":"2024-11-05T17:59:58","date_gmt":"2024-11-05T09:59:58","guid":{"rendered":"http:\/\/qingdaohf.com\/?post_type=product&#038;p=8291"},"modified":"2025-11-13T09:02:52","modified_gmt":"2025-11-13T01:02:52","slug":"webbing-sling-10-ton","status":"publish","type":"product","link":"https:\/\/qingdaohf.com\/de\/produkt\/gurtbandschlinge-10-t\/","title":{"rendered":"Flaches Gurtband Hebegurt 10 Tonnen Polyester Double Duplex"},"content":{"rendered":"<h4>L\u00f6sungen zum Heben von Lasten mit hoher Tragf\u00e4higkeit: Die Haltbarkeit und St\u00e4rke der 10-Tonnen-Gurtschlinge<\/h4>\n<p>F\u00fcr industrielle Hebeaufgaben, bei denen eine sichere Unterst\u00fctzung mit hoher Tragf\u00e4higkeit erforderlich ist, bietet die 10-Tonnen-Gurtschlinge von Qingdao H&amp;F eine optimale L\u00f6sung. Diese aus hochfestem Polyester gefertigte Schlinge kann Gewichte von bis zu 10 Tonnen tragen und eignet sich daher ideal f\u00fcr Branchen wie das Baugewerbe, die Logistik und die Fertigung. Die Elastizit\u00e4t der 10-Tonnen-Gurtbandschlinge sorgt daf\u00fcr, dass sie auch bei wiederholten schweren Lasten in schwierigen Umgebungen unversehrt bleibt, und bietet Unternehmen eine dauerhafte, kosteneffektive L\u00f6sung f\u00fcr ihre Hebeanforderungen.<\/p>\n<p>Um h\u00f6chste Zuverl\u00e4ssigkeit und Sicherheit zu gew\u00e4hrleisten, wird jedes 10-Tonnen-Hebeband strengen Tests unterzogen, und die K\u00e4ufer erhalten einen Qualit\u00e4tspr\u00fcfungsbericht, der die Einhaltung der internationalen Sicherheits- und Leistungsstandards best\u00e4tigt. Das Engagement von Qingdao H&amp;F f\u00fcr Transparenz gibt den K\u00e4ufern die Gewissheit, dass sie in ein Produkt investieren, das alle gesetzlichen Anforderungen erf\u00fcllt. Der schnelle Lieferzyklus, den Qingdao H&amp;F bietet, erm\u00f6glicht es den Kunden, umgehend auf die ben\u00f6tigte Ausr\u00fcstung zuzugreifen, wodurch Verz\u00f6gerungen im Betrieb minimiert und die Gesamteffizienz gesteigert werden.<\/p>\n<h4>Sicherheit und Stabilit\u00e4t bei schweren Hebevorg\u00e4ngen<\/h4>\n<p>In Industrieumgebungen, in denen viel auf dem Spiel steht, sind die Stabilit\u00e4t und Sicherheit von Hebezeugen entscheidend f\u00fcr die Sicherheit und Produktivit\u00e4t. Die 10-Tonnen-Gurtbandschlinge von Qingdao H&amp;F bietet eine hervorragende Laststabilit\u00e4t und tr\u00e4gt dazu bei, das Gewicht gleichm\u00e4\u00dfig auf die Last zu verteilen. Dieses Design reduziert Druckpunkte und minimiert das Risiko einer Besch\u00e4digung oder eines Verrutschens der Last w\u00e4hrend des Hebevorgangs, so dass die Bediener beruhigt sein k\u00f6nnen. Das breite, haltbare Polyester-Gurtband ist verschlei\u00df- und abriebfest sowie UV-best\u00e4ndig und beh\u00e4lt seine Festigkeit auch unter anspruchsvollen Bedingungen.<\/p>\n<p>Die Sicherheit von Hebevorg\u00e4ngen wird durch die sorgf\u00e4ltigen Fertigungsstandards von Qingdao H&amp;F erh\u00f6ht. Jedes Hebegurtband erf\u00fcllt oder \u00fcbertrifft die internationalen Industrievorschriften, so dass es f\u00fcr eine Vielzahl von Anwendungen geeignet ist, bei denen strenge Sicherheitsprotokolle eingehalten werden m\u00fcssen. Durch strenge Qualit\u00e4tskontrollen in jeder Phase der Produktion stellt Qingdao H&amp;F sicher, dass die 10-Tonnen-Gurtschlinge auch in den schwierigsten Umgebungen zuverl\u00e4ssige Unterst\u00fctzung bietet. Die detaillierten Qualit\u00e4tspr\u00fcfungsberichte, die mit jedem Hebegurt erh\u00e4ltlich sind, dienen als Beweis f\u00fcr dieses Engagement und helfen Unternehmen, Sicherheits- und Compliance-Standards zuverl\u00e4ssig einzuhalten.<\/p>\n<h4>Qingdao H&amp;F: Ein zuverl\u00e4ssiger Partner f\u00fcr leistungsstarke Hebezeugl\u00f6sungen<\/h4>\n<p>Als erfahrenes B2B-Handelsunternehmen mit zwei Jahrzehnten Erfahrung ist Qingdao H&amp;F bestrebt, Unternehmen durch das Angebot von Produkten zu unterst\u00fctzen, die Qualit\u00e4t, Sicherheit und Service vereinen. Die 10-Tonnen-Gurtschlinge ist ein Beispiel f\u00fcr den Ansatz von Qingdao H&amp;F, zuverl\u00e4ssige und leistungsstarke Ausr\u00fcstung zu liefern, die den praktischen Bed\u00fcrfnissen von Industriekunden entspricht. Jedes Hebeband wird mit einem Qualit\u00e4tspr\u00fcfungsbericht geliefert, der den K\u00e4ufern einen klaren \u00dcberblick \u00fcber die Spezifikationen des Produkts gibt und vollst\u00e4ndige Transparenz hinsichtlich seiner Leistung gew\u00e4hrleistet.<\/p>\n<p>Qingdao H&amp;Fs Modell des pers\u00f6nlichen Kundendienstes erm\u00f6glicht es den K\u00e4ufern, pers\u00f6nliche Unterst\u00fctzung von sachkundigen Vertretern zu erhalten, die ihnen bei der Auswahl der idealen Hebeausr\u00fcstung f\u00fcr ihre spezifischen Anforderungen helfen. Dieser aufmerksame Ansatz sowie ein schneller, effizienter Lieferzyklus zeigen das Engagement von Qingdao H&amp;F, einen nahtlosen Einkaufsprozess zu erm\u00f6glichen, der sich an den betrieblichen Zeitpl\u00e4nen der Kunden orientiert. Qingdao H&amp;Fs Fokus auf Kundenzufriedenheit und Qualit\u00e4tskontrolle hat das Unternehmen zu einem vertrauensw\u00fcrdigen Namen auf dem Markt f\u00fcr industrielle Hebezeuge gemacht.<\/p>\n<p>Das 10-Tonnen-Gurtband von Qingdao H&amp;F ist mehr als nur eine Hebel\u00f6sung - es ist ein zuverl\u00e4ssiger Partner f\u00fcr Unternehmen, die auf Sicherheit, Effizienz und hohe Leistung setzen. Mit jedem Hebegurt liefert Qingdao H&amp;F ein Produkt, das die Industriestandards einh\u00e4lt und gleichzeitig eine sichere und effiziente Option f\u00fcr schwere Hebeanwendungen darstellt.<\/p>","protected":false},"excerpt":{"rendered":"<p>Die 10-Tonnen-Gurtschlinge ist f\u00fcr schwere Hebevorg\u00e4nge ausgelegt und erf\u00fcllt die strengen Anforderungen von Branchen, in denen sicheres Heben mit hoher Tragf\u00e4higkeit unerl\u00e4sslich ist. Diese robuste Schlinge kann bis zu 10 Tonnen heben und erf\u00fcllt die wichtigsten Anforderungen der K\u00e4ufer an St\u00e4rke, Sicherheit und Zuverl\u00e4ssigkeit. Als erfahrenes B2B-Handelsunternehmen bietet Qingdao H&amp;F pers\u00f6nliche Kundenbetreuung, schnelle Lieferung und umfassende Qualit\u00e4tspr\u00fcfungsberichte, um einen reibungslosen Einkauf zu gew\u00e4hrleisten, bei dem Transparenz und Kundenzufriedenheit im Vordergrund stehen.<\/p>","protected":false},"featured_media":8192,"comment_status":"open","ping_status":"closed","template":"","meta":{"site-sidebar-layout":"default","site-content-layout":"","ast-site-content-layout":"default","site-content-style":"default","site-sidebar-style":"default","ast-global-header-display":"","ast-banner-title-visibility":"","ast-main-header-display":"","ast-hfb-above-header-display":"","ast-hfb-below-header-display":"","ast-hfb-mobile-header-display":"","site-post-title":"","ast-breadcrumbs-content":"","ast-featured-img":"","footer-sml-layout":"","theme-transparent-header-meta":"default","adv-header-id-meta":"","stick-header-meta":"default","header-above-stick-meta":"","header-main-stick-meta":"","header-below-stick-meta":"","astra-migrate-meta-layouts":"set","ast-page-background-enabled":"default","ast-page-background-meta":{"desktop":{"background-color":"","background-image":"","background-repeat":"repeat","background-position":"center center","background-size":"auto","background-attachment":"scroll","background-type":"","background-media":"","overlay-type":"","overlay-color":"","overlay-opacity":"","overlay-gradient":""},"tablet":{"background-color":"","background-image":"","background-repeat":"repeat","background-position":"center center","background-size":"auto","background-attachment":"scroll","background-type":"","background-media":"","overlay-type":"","overlay-color":"","overlay-opacity":"","overlay-gradient":""},"mobile":{"background-color":"","background-image":"","background-repeat":"repeat","background-position":"center center","background-size":"auto","background-attachment":"scroll","background-type":"","background-media":"","overlay-type":"","overlay-color":"","overlay-opacity":"","overlay-gradient":""}},"ast-content-background-meta":{"desktop":{"background-color":"var(--ast-global-color-5)","background-image":"","background-repeat":"repeat","background-position":"center center","background-size":"auto","background-attachment":"scroll","background-type":"","background-media":"","overlay-type":"","overlay-color":"","overlay-opacity":"","overlay-gradient":""},"tablet":{"background-color":"var(--ast-global-color-5)","background-image":"","background-repeat":"repeat","background-position":"center center","background-size":"auto","background-attachment":"scroll","background-type":"","background-media":"","overlay-type":"","overlay-color":"","overlay-opacity":"","overlay-gradient":""},"mobile":{"background-color":"var(--ast-global-color-5)","background-image":"","background-repeat":"repeat","background-position":"center center","background-size":"auto","background-attachment":"scroll","background-type":"","background-media":"","overlay-type":"","overlay-color":"","overlay-opacity":"","overlay-gradient":""}}},"product_brand":[],"product_cat":[39],"product_tag":[],"class_list":{"0":"post-8291","1":"product","2":"type-product","3":"status-publish","4":"has-post-thumbnail","6":"product_cat-webbing-sling","7":"desktop-align-left","8":"tablet-align-left","9":"mobile-align-left","10":"ast-product-gallery-layout-horizontal-slider","11":"ast-product-gallery-with-no-image","12":"ast-product-tabs-layout-horizontal","14":"first","15":"instock","16":"shipping-taxable","17":"purchasable","18":"product-type-simple"},"yoast_head":"<!-- This site is optimized with the Yoast SEO plugin v25.2 - https:\/\/yoast.com\/wordpress\/plugins\/seo\/ -->\n<title>Flat Webbing Sling 10 Ton Polyester Double Duplex<\/title>\n<meta name=\"robots\" content=\"index, follow, max-snippet:-1, max-image-preview:large, max-video-preview:-1\" \/>\n<link rel=\"canonical\" href=\"https:\/\/qingdaohf.com\/de\/produkt\/gurtbandschlinge-10-t\/\" \/>\n<meta property=\"og:locale\" content=\"de_DE\" \/>\n<meta property=\"og:type\" content=\"article\" \/>\n<meta property=\"og:title\" content=\"Flat Webbing Sling 10 Ton Polyester Double Duplex\" \/>\n<meta property=\"og:description\" content=\"10-Ton Webbing Sling is built for heavy-duty lifting, designed to meet the stringent demands of industries where secure, high-capacity lifting is essential. This durable sling handles up to 10 tons, addressing buyers&#039; primary concerns about strength, safety, and reliability. As an experienced B2B trading company, Qingdao H&amp;F provides one-on-one customer support, fast delivery, and comprehensive quality inspection reports, ensuring a smooth buying experience that prioritizes transparency and customer satisfaction.\" \/>\n<meta property=\"og:url\" content=\"https:\/\/qingdaohf.com\/de\/produkt\/gurtbandschlinge-10-t\/\" \/>\n<meta property=\"og:site_name\" content=\"Concrete Form &amp; Rigging Hardware Supplier\" \/>\n<meta property=\"article:publisher\" content=\"https:\/\/www.facebook.com\/qingdaohf\" \/>\n<meta property=\"article:modified_time\" content=\"2025-11-13T01:02:52+00:00\" \/>\n<meta property=\"og:image\" content=\"https:\/\/qingdaohf.com\/wp-content\/uploads\/2024\/10\/10-tons_1.webp\" \/>\n\t<meta property=\"og:image:width\" content=\"1000\" \/>\n\t<meta property=\"og:image:height\" content=\"1000\" \/>\n\t<meta property=\"og:image:type\" content=\"image\/webp\" \/>\n<meta name=\"twitter:card\" content=\"summary_large_image\" \/>\n<meta name=\"twitter:label1\" content=\"Gesch\u00e4tzte Lesezeit\" \/>\n\t<meta name=\"twitter:data1\" content=\"3\u00a0Minuten\" \/>\n<script type=\"application\/ld+json\" class=\"yoast-schema-graph\">{\"@context\":\"https:\/\/schema.org\",\"@graph\":[{\"@type\":\"WebPage\",\"@id\":\"https:\/\/qingdaohf.com\/product\/webbing-sling-10-ton\/\",\"url\":\"https:\/\/qingdaohf.com\/product\/webbing-sling-10-ton\/\",\"name\":\"Flat Webbing Sling 10 Ton Polyester Double Duplex\",\"isPartOf\":{\"@id\":\"https:\/\/qingdaohf.com\/bg\/#website\"},\"primaryImageOfPage\":{\"@id\":\"https:\/\/qingdaohf.com\/product\/webbing-sling-10-ton\/#primaryimage\"},\"image\":{\"@id\":\"https:\/\/qingdaohf.com\/product\/webbing-sling-10-ton\/#primaryimage\"},\"thumbnailUrl\":\"https:\/\/qingdaohf.com\/wp-content\/uploads\/2024\/10\/10-tons_1.webp\",\"datePublished\":\"2024-11-05T09:59:58+00:00\",\"dateModified\":\"2025-11-13T01:02:52+00:00\",\"breadcrumb\":{\"@id\":\"https:\/\/qingdaohf.com\/product\/webbing-sling-10-ton\/#breadcrumb\"},\"inLanguage\":\"de\",\"potentialAction\":[{\"@type\":\"ReadAction\",\"target\":[\"https:\/\/qingdaohf.com\/product\/webbing-sling-10-ton\/\"]}]},{\"@type\":\"ImageObject\",\"inLanguage\":\"de\",\"@id\":\"https:\/\/qingdaohf.com\/product\/webbing-sling-10-ton\/#primaryimage\",\"url\":\"https:\/\/qingdaohf.com\/wp-content\/uploads\/2024\/10\/10-tons_1.webp\",\"contentUrl\":\"https:\/\/qingdaohf.com\/wp-content\/uploads\/2024\/10\/10-tons_1.webp\",\"width\":1000,\"height\":1000,\"caption\":\"Webbing Sling 10 Ton\"},{\"@type\":\"BreadcrumbList\",\"@id\":\"https:\/\/qingdaohf.com\/product\/webbing-sling-10-ton\/#breadcrumb\",\"itemListElement\":[{\"@type\":\"ListItem\",\"position\":1,\"name\":\"Home\",\"item\":\"https:\/\/qingdaohf.com\/\"},{\"@type\":\"ListItem\",\"position\":2,\"name\":\"Concrete Forming Accessories and Rigging Hardware\",\"item\":\"https:\/\/qingdaohf.com\/bg\/?page_id=944\"},{\"@type\":\"ListItem\",\"position\":3,\"name\":\"Flat Webbing Sling 10 Ton Polyester Double Duplex\"}]},{\"@type\":\"WebSite\",\"@id\":\"https:\/\/qingdaohf.com\/bg\/#website\",\"url\":\"https:\/\/qingdaohf.com\/bg\/\",\"name\":\"Concrete Form & Rigging Hardware Supplier\",\"description\":\"\",\"publisher\":{\"@id\":\"https:\/\/qingdaohf.com\/bg\/#organization\"},\"potentialAction\":[{\"@type\":\"SearchAction\",\"target\":{\"@type\":\"EntryPoint\",\"urlTemplate\":\"https:\/\/qingdaohf.com\/bg\/?s={search_term_string}\"},\"query-input\":{\"@type\":\"PropertyValueSpecification\",\"valueRequired\":true,\"valueName\":\"search_term_string\"}}],\"inLanguage\":\"de\"},{\"@type\":\"Organization\",\"@id\":\"https:\/\/qingdaohf.com\/bg\/#organization\",\"name\":\"Qingdao H&F\",\"url\":\"https:\/\/qingdaohf.com\/bg\/\",\"logo\":{\"@type\":\"ImageObject\",\"inLanguage\":\"de\",\"@id\":\"https:\/\/qingdaohf.com\/bg\/#\/schema\/logo\/image\/\",\"url\":\"https:\/\/qingdaohf.com\/wp-content\/uploads\/2022\/12\/cropped-HF-LOGO.png\",\"contentUrl\":\"https:\/\/qingdaohf.com\/wp-content\/uploads\/2022\/12\/cropped-HF-LOGO.png\",\"width\":391,\"height\":249,\"caption\":\"Qingdao H&F\"},\"image\":{\"@id\":\"https:\/\/qingdaohf.com\/bg\/#\/schema\/logo\/image\/\"},\"sameAs\":[\"https:\/\/www.facebook.com\/qingdaohf\"]}]}<\/script>\n<!-- \/ Yoast SEO plugin. -->","yoast_head_json":{"title":"Flat Webbing Sling 10 Ton Polyester Double Duplex","robots":{"index":"index","follow":"follow","max-snippet":"max-snippet:-1","max-image-preview":"max-image-preview:large","max-video-preview":"max-video-preview:-1"},"canonical":"https:\/\/qingdaohf.com\/de\/produkt\/gurtbandschlinge-10-t\/","og_locale":"de_DE","og_type":"article","og_title":"Flat Webbing Sling 10 Ton Polyester Double Duplex","og_description":"10-Ton Webbing Sling is built for heavy-duty lifting, designed to meet the stringent demands of industries where secure, high-capacity lifting is essential. This durable sling handles up to 10 tons, addressing buyers' primary concerns about strength, safety, and reliability. As an experienced B2B trading company, Qingdao H&amp;F provides one-on-one customer support, fast delivery, and comprehensive quality inspection reports, ensuring a smooth buying experience that prioritizes transparency and customer satisfaction.","og_url":"https:\/\/qingdaohf.com\/de\/produkt\/gurtbandschlinge-10-t\/","og_site_name":"Concrete Form &amp; Rigging Hardware Supplier","article_publisher":"https:\/\/www.facebook.com\/qingdaohf","article_modified_time":"2025-11-13T01:02:52+00:00","og_image":[{"width":1000,"height":1000,"url":"https:\/\/qingdaohf.com\/wp-content\/uploads\/2024\/10\/10-tons_1.webp","type":"image\/webp"}],"twitter_card":"summary_large_image","twitter_misc":{"Gesch\u00e4tzte Lesezeit":"3\u00a0Minuten"},"schema":{"@context":"https:\/\/schema.org","@graph":[{"@type":"WebPage","@id":"https:\/\/qingdaohf.com\/product\/webbing-sling-10-ton\/","url":"https:\/\/qingdaohf.com\/product\/webbing-sling-10-ton\/","name":"Flat Webbing Sling 10 Ton Polyester Double Duplex","isPartOf":{"@id":"https:\/\/qingdaohf.com\/bg\/#website"},"primaryImageOfPage":{"@id":"https:\/\/qingdaohf.com\/product\/webbing-sling-10-ton\/#primaryimage"},"image":{"@id":"https:\/\/qingdaohf.com\/product\/webbing-sling-10-ton\/#primaryimage"},"thumbnailUrl":"https:\/\/qingdaohf.com\/wp-content\/uploads\/2024\/10\/10-tons_1.webp","datePublished":"2024-11-05T09:59:58+00:00","dateModified":"2025-11-13T01:02:52+00:00","breadcrumb":{"@id":"https:\/\/qingdaohf.com\/product\/webbing-sling-10-ton\/#breadcrumb"},"inLanguage":"de","potentialAction":[{"@type":"ReadAction","target":["https:\/\/qingdaohf.com\/product\/webbing-sling-10-ton\/"]}]},{"@type":"ImageObject","inLanguage":"de","@id":"https:\/\/qingdaohf.com\/product\/webbing-sling-10-ton\/#primaryimage","url":"https:\/\/qingdaohf.com\/wp-content\/uploads\/2024\/10\/10-tons_1.webp","contentUrl":"https:\/\/qingdaohf.com\/wp-content\/uploads\/2024\/10\/10-tons_1.webp","width":1000,"height":1000,"caption":"Webbing Sling 10 Ton"},{"@type":"BreadcrumbList","@id":"https:\/\/qingdaohf.com\/product\/webbing-sling-10-ton\/#breadcrumb","itemListElement":[{"@type":"ListItem","position":1,"name":"Home","item":"https:\/\/qingdaohf.com\/"},{"@type":"ListItem","position":2,"name":"Concrete Forming Accessories and Rigging Hardware","item":"https:\/\/qingdaohf.com\/bg\/?page_id=944"},{"@type":"ListItem","position":3,"name":"Flat Webbing Sling 10 Ton Polyester Double Duplex"}]},{"@type":"WebSite","@id":"https:\/\/qingdaohf.com\/bg\/#website","url":"https:\/\/qingdaohf.com\/bg\/","name":"Concrete Form & Rigging Hardware Supplier","description":"","publisher":{"@id":"https:\/\/qingdaohf.com\/bg\/#organization"},"potentialAction":[{"@type":"SearchAction","target":{"@type":"EntryPoint","urlTemplate":"https:\/\/qingdaohf.com\/bg\/?s={search_term_string}"},"query-input":{"@type":"PropertyValueSpecification","valueRequired":true,"valueName":"search_term_string"}}],"inLanguage":"de"},{"@type":"Organization","@id":"https:\/\/qingdaohf.com\/bg\/#organization","name":"Qingdao H&F","url":"https:\/\/qingdaohf.com\/bg\/","logo":{"@type":"ImageObject","inLanguage":"de","@id":"https:\/\/qingdaohf.com\/bg\/#\/schema\/logo\/image\/","url":"https:\/\/qingdaohf.com\/wp-content\/uploads\/2022\/12\/cropped-HF-LOGO.png","contentUrl":"https:\/\/qingdaohf.com\/wp-content\/uploads\/2022\/12\/cropped-HF-LOGO.png","width":391,"height":249,"caption":"Qingdao H&F"},"image":{"@id":"https:\/\/qingdaohf.com\/bg\/#\/schema\/logo\/image\/"},"sameAs":["https:\/\/www.facebook.com\/qingdaohf"]}]}},"_links":{"self":[{"href":"https:\/\/qingdaohf.com\/de\/wp-json\/wp\/v2\/product\/8291","targetHints":{"allow":["GET"]}}],"collection":[{"href":"https:\/\/qingdaohf.com\/de\/wp-json\/wp\/v2\/product"}],"about":[{"href":"https:\/\/qingdaohf.com\/de\/wp-json\/wp\/v2\/types\/product"}],"replies":[{"embeddable":true,"href":"https:\/\/qingdaohf.com\/de\/wp-json\/wp\/v2\/comments?post=8291"}],"version-history":[{"count":2,"href":"https:\/\/qingdaohf.com\/de\/wp-json\/wp\/v2\/product\/8291\/revisions"}],"predecessor-version":[{"id":8333,"href":"https:\/\/qingdaohf.com\/de\/wp-json\/wp\/v2\/product\/8291\/revisions\/8333"}],"wp:featuredmedia":[{"embeddable":true,"href":"https:\/\/qingdaohf.com\/de\/wp-json\/wp\/v2\/media\/8192"}],"wp:attachment":[{"href":"https:\/\/qingdaohf.com\/de\/wp-json\/wp\/v2\/media?parent=8291"}],"wp:term":[{"taxonomy":"product_brand","embeddable":true,"href":"https:\/\/qingdaohf.com\/de\/wp-json\/wp\/v2\/product_brand?post=8291"},{"taxonomy":"product_cat","embeddable":true,"href":"https:\/\/qingdaohf.com\/de\/wp-json\/wp\/v2\/product_cat?post=8291"},{"taxonomy":"product_tag","embeddable":true,"href":"https:\/\/qingdaohf.com\/de\/wp-json\/wp\/v2\/product_tag?post=8291"}],"curies":[{"name":"wp","href":"https:\/\/api.w.org\/{rel}","templated":true}]}}