{"id":8310,"date":"2024-11-07T14:33:56","date_gmt":"2024-11-07T06:33:56","guid":{"rendered":"http:\/\/qingdaohf.com\/?post_type=product&#038;p=8310"},"modified":"2025-11-13T09:02:52","modified_gmt":"2025-11-13T01:02:52","slug":"spek-anchor-stockless-anchor","status":"publish","type":"product","link":"https:\/\/qingdaohf.com\/de\/produkt\/spek-anker-ohne-schaftanker\/","title":{"rendered":"Spek-Anker Stockless-Anker"},"content":{"rendered":"<h3>\u00dcbersicht und einzigartiges Design von Spek Anchors<\/h3>\n<p>Der Spek-Anker ist ein weithin bevorzugter Ankertyp, der in der Schifffahrts- und Offshore-Industrie verwendet wird. Er wurde aufgrund seines besonderen Designs ausgew\u00e4hlt, das Stabilit\u00e4t und Haltbarkeit betont. Als einer der traditionelleren Ankertypen hat sich der Spek-Anker einen guten Ruf f\u00fcr seine Effektivit\u00e4t bei einer Vielzahl von Meeresbedingungen erworben, vor allem aufgrund seiner F\u00e4higkeit, sich schnell in verschiedene Meeresb\u00f6den zu graben. Im Vergleich zu anderen Ankern erm\u00f6glicht die Struktur des Spek Anchor eine schnelle Verankerung nach dem Ausbringen, eine Eigenschaft, die f\u00fcr Schiffe, die eine zuverl\u00e4ssige Haltekraft ohne langwierige Verankerungsprozeduren ben\u00f6tigen, sehr w\u00fcnschenswert ist.<\/p>\n<p>Dieser Ankertyp verf\u00fcgt \u00fcber eine speziell konstruierte Flunke und einen Schaft, die beide so optimiert sind, dass sie Rotationskr\u00e4ften widerstehen, die durch Ver\u00e4nderungen der Wasserbewegung verursacht werden. Diese einzigartige Form minimiert nicht nur das Ziehen des Ankers, sondern sorgt auch f\u00fcr Stabilit\u00e4t bei pl\u00f6tzlichen Str\u00f6mungsschwankungen, was Schiffsbetreibern, die sich auf eine konstante Haltekraft verlassen, Sicherheit gibt. Die Geometrie des Spek Anchor umfasst einen breiten Flunkenwinkel und einen beschwerten Schaft, der dazu beitr\u00e4gt, einen g\u00fcnstigen Eintrittswinkel in den Meeresboden beizubehalten. Dadurch kann er sich in sandigen oder schlammigen Untergr\u00fcnden schnell setzen und sichern, was ihn in verschiedenen Meeresumgebungen vielseitig einsetzbar macht.<\/p>\n<p>Wir von Qingdao H&amp;F liefern Spek-Anker, die diese kritischen Leistungsstandards erf\u00fcllen und gleichzeitig den Kundenkomfort durch zus\u00e4tzliche Unterst\u00fctzung und Qualit\u00e4tssicherung erh\u00f6hen. Wir stellen eine Reihe von Qualit\u00e4tspr\u00fcfungsberichten zur Verf\u00fcgung, um die strukturelle Integrit\u00e4t und Leistungsf\u00e4higkeit jedes Ankers zu best\u00e4tigen und die Einhaltung der strengen Sicherheitsvorschriften f\u00fcr die Schifffahrt zu gew\u00e4hrleisten. Durch unsere pers\u00f6nliche Kundenbetreuung unterst\u00fctzen wir unsere Kunden bei der Auswahl der optimalen Ankergr\u00f6\u00dfe und des optimalen Ankertyps f\u00fcr ihre spezifischen Anwendungen. Unser zuverl\u00e4ssiger und schneller Lieferprozess stellt au\u00dferdem sicher, dass die Kunden ihre Produkte rechtzeitig erhalten, wodurch m\u00f6gliche Verz\u00f6gerungen im Betrieb reduziert werden.<\/p>\n<p><img fetchpriority=\"high\" decoding=\"async\" class=\"alignnone wp-image-8317 size-full\" src=\"http:\/\/qingdaohf.com\/wp-content\/uploads\/2024\/11\/spek-anchor-1.jpg\" alt=\"\" width=\"640\" height=\"640\" srcset=\"https:\/\/qingdaohf.com\/wp-content\/uploads\/2024\/11\/spek-anchor-1.jpg 640w, https:\/\/qingdaohf.com\/wp-content\/uploads\/2024\/11\/spek-anchor-1-300x300.jpg 300w, https:\/\/qingdaohf.com\/wp-content\/uploads\/2024\/11\/spek-anchor-1-150x150.jpg 150w, https:\/\/qingdaohf.com\/wp-content\/uploads\/2024\/11\/spek-anchor-1-12x12.jpg 12w, https:\/\/qingdaohf.com\/wp-content\/uploads\/2024\/11\/spek-anchor-1-500x500.jpg 500w, https:\/\/qingdaohf.com\/wp-content\/uploads\/2024\/11\/spek-anchor-1-100x100.jpg 100w\" sizes=\"(max-width: 640px) 100vw, 640px\" \/> <img decoding=\"async\" class=\"alignnone wp-image-8318 size-full\" src=\"http:\/\/qingdaohf.com\/wp-content\/uploads\/2024\/11\/spek-anchor-1.png\" alt=\"\" width=\"598\" height=\"727\" srcset=\"https:\/\/qingdaohf.com\/wp-content\/uploads\/2024\/11\/spek-anchor-1.png 598w, https:\/\/qingdaohf.com\/wp-content\/uploads\/2024\/11\/spek-anchor-1-247x300.png 247w, https:\/\/qingdaohf.com\/wp-content\/uploads\/2024\/11\/spek-anchor-1-10x12.png 10w\" sizes=\"(max-width: 598px) 100vw, 598px\" \/><\/p>\n<h3>Spek Anker Anwendungen und Vielseitigkeit in verschiedenen maritimen Umgebungen<\/h3>\n<p>Der Spek-Anker wird aufgrund seiner beeindruckenden Haltekapazit\u00e4t und Anpassungsf\u00e4higkeit h\u00e4ufig f\u00fcr Handelsschiffe, Offshore-Anlagen und andere gro\u00dfe Schiffe gew\u00e4hlt. Der Anker ist besonders effektiv f\u00fcr gr\u00f6\u00dfere Schiffe, bei denen eine sichere Verankerung f\u00fcr die Aufrechterhaltung der Stabilit\u00e4t bei l\u00e4ngeren Aufenthalten entscheidend ist. Bei m\u00e4\u00dfigem bis schwerem Seegang ist der Spek-Anker aufgrund seiner Widerstandsf\u00e4higkeit gegen\u00fcber seitlichen Bewegungen und seiner F\u00e4higkeit, auch bei wechselnden Str\u00f6mungen zu halten, von Vorteil. Diese Eigenschaften machen ihn zu einer bevorzugten Wahl in Situationen, in denen eine sichere Verankerung trotz unvorhersehbarer Umweltbedingungen erforderlich ist.<\/p>\n<p>F\u00fcr K\u00e4ufer in der Schifffahrt und im Offshore-Bereich sind Langlebigkeit, einfache Handhabung und Kosteneffizienz wichtige Faktoren. Das Design des Spek Anchor erleichtert nicht nur die Handhabung, sondern reduziert auch den Verschlei\u00df der Ankerkette und der zugeh\u00f6rigen Ausr\u00fcstung, indem es pl\u00f6tzliche St\u00f6\u00dfe oder Zugkr\u00e4fte minimiert, die bei weniger stabilen Ankertypen auftreten k\u00f6nnen. Schiffe, die in Regionen mit sandigem, schlammigem oder sogar felsigem Meeresboden unterwegs sind, profitieren von der schnellen und zuverl\u00e4ssigen Einstellung des Spek Anchor, da er sich gut an die verschiedenen Oberfl\u00e4chenarten anpasst.<\/p>\n<p>Bei Qingdao H&amp;F legen wir Wert darauf, Produkte anzubieten, die diese betrieblichen Anforderungen erf\u00fcllen und gleichzeitig Vorteile bieten, die das Kauferlebnis verbessern. Unser Engagement f\u00fcr schnelle Lieferzyklen stellt sicher, dass unsere Kunden neue Ger\u00e4te ohne lange Wartezeiten sofort integrieren k\u00f6nnen. Dar\u00fcber hinaus f\u00fchren wir f\u00fcr jeden Spek-Anker gr\u00fcndliche Tests durch und stellen detaillierte Pr\u00fcfberichte zur Verf\u00fcgung, um die Haltbarkeit, das Gewicht und die Leistungsparameter des Ankers zu zertifizieren. Dieses Ma\u00df an Qualit\u00e4tskontrolle ist besonders wichtig f\u00fcr K\u00e4ufer, die die Sicherheitsstandards im Seeverkehr einhalten m\u00fcssen und eine klare Dokumentation ben\u00f6tigen, um die Zuverl\u00e4ssigkeit der Ausr\u00fcstung zu \u00fcberpr\u00fcfen.<\/p>\n<h3>Vorteile der Wahl von Spek-Ankern von Qingdao H&amp;F<\/h3>\n<p>Wenn Sie sich f\u00fcr einen Spek-Anker von Qingdao H&amp;F entscheiden, investieren Sie nicht nur in ein Produkt, sondern auch in einen zuverl\u00e4ssigen Partner bei der Beschaffung von Schiffsausr\u00fcstung. Mit mehr als 20 Jahren Erfahrung im internationalen Handel hat sich Qingdao H&amp;F einen guten Ruf f\u00fcr seine Zuverl\u00e4ssigkeit und sein Engagement f\u00fcr Kundenzufriedenheit erworben. Wir kennen die betrieblichen Anforderungen der Schifffahrtsindustrie und stellen sicher, dass jeder Anker nicht nur strenge Qualit\u00e4tsstandards erf\u00fcllt, sondern auch den spezifischen Anwendungsanforderungen unserer Kunden entspricht.<\/p>\n<p>Unser pers\u00f6nliches Kundendienstmodell unterscheidet uns von anderen Anbietern, da es einen pers\u00f6nlichen Ansatz f\u00fcr jede Transaktion f\u00f6rdert. Von der ersten Anfrage bis zur Lieferung erhalten unsere Kunden engagierte Unterst\u00fctzung durch unsere sachkundigen Mitarbeiter, die sie auf der Grundlage von Industriestandards und anwendungsspezifischen Anforderungen beraten. So beraten wir beispielsweise bei der Auswahl des richtigen Gewichts und der richtigen Gr\u00f6\u00dfe des Spek Anchor auf der Grundlage des Schiffstyps und der typischen Seebedingungen, um sicherzustellen, dass die Kunden fundierte Entscheidungen treffen, die die Betriebssicherheit und Effizienz erh\u00f6hen.<\/p>\n<p>Unser Engagement f\u00fcr Transparenz wird durch unser umfassendes Qualit\u00e4tssicherungsverfahren noch unterstrichen. Jeder Spek-Anker wird umfassenden Tests unterzogen, um Faktoren wie Zugfestigkeit, Gewichtskonsistenz und Korrosionsbest\u00e4ndigkeit zu \u00fcberpr\u00fcfen. Diese Pr\u00fcfverfahren werden in detaillierten Inspektionsberichten dokumentiert, die wir unseren Kunden zur Verf\u00fcgung stellen, um ihnen Vertrauen in die Haltbarkeit und Leistung des Produkts zu geben. Dar\u00fcber hinaus sorgen unsere effiziente Logistik und die Lieferoptionen von Lager zu Lager f\u00fcr eine rechtzeitige Ankunft der Produkte, was die Unterbrechung der Betriebsabl\u00e4ufe unserer Kunden minimiert und den Komfort maximiert.<\/p>\n<p>Qingdao H&amp;Fs Fokus auf exzellenten Service und Produktqualit\u00e4t macht uns zu einer idealen Wahl f\u00fcr K\u00e4ufer, die nicht nur robuste, zuverl\u00e4ssige Anker suchen, sondern auch eine reibungslose Kauferfahrung.<\/p>","protected":false},"excerpt":{"rendered":"<p>Der Spek-Anker, ein Grundnahrungsmittel in der Schifffahrt, wird von K\u00e4ufern, die ein Gleichgewicht aus Zuverl\u00e4ssigkeit und effizienter Leistung unter verschiedenen Meeresbedingungen suchen, sehr gesch\u00e4tzt. Der Spek-Anker ist f\u00fcr seine robuste Haltekraft und Stabilit\u00e4t bekannt und eignet sich besonders gut f\u00fcr Schiffe in m\u00e4\u00dfiger bis rauer See. Bei Qingdao H&amp;F gehen wir noch einen Schritt weiter und bieten einen pers\u00f6nlichen Kundenservice, um sicherzustellen, dass jeder Kunde eine auf seine spezifischen Anforderungen zugeschnittene Beratung erh\u00e4lt. Unser schneller Lieferzyklus verk\u00fcrzt die Ausfallzeiten, w\u00e4hrend unser Angebot an Qualit\u00e4tspr\u00fcfungsberichten den K\u00e4ufern zus\u00e4tzliches Vertrauen in die Zuverl\u00e4ssigkeit und Langlebigkeit unserer Produkte bietet. Fachleuten aus der Schifffahrtsbranche bietet unser Schwerpunkt auf au\u00dfergew\u00f6hnlichem Service und optimierten Prozessen ein nahtloses Einkaufserlebnis.<\/p>","protected":false},"featured_media":8311,"comment_status":"open","ping_status":"closed","template":"","meta":{"site-sidebar-layout":"default","site-content-layout":"","ast-site-content-layout":"default","site-content-style":"default","site-sidebar-style":"default","ast-global-header-display":"","ast-banner-title-visibility":"","ast-main-header-display":"","ast-hfb-above-header-display":"","ast-hfb-below-header-display":"","ast-hfb-mobile-header-display":"","site-post-title":"","ast-breadcrumbs-content":"","ast-featured-img":"","footer-sml-layout":"","theme-transparent-header-meta":"default","adv-header-id-meta":"","stick-header-meta":"default","header-above-stick-meta":"","header-main-stick-meta":"","header-below-stick-meta":"","astra-migrate-meta-layouts":"set","ast-page-background-enabled":"default","ast-page-background-meta":{"desktop":{"background-color":"","background-image":"","background-repeat":"repeat","background-position":"center center","background-size":"auto","background-attachment":"scroll","background-type":"","background-media":"","overlay-type":"","overlay-color":"","overlay-opacity":"","overlay-gradient":""},"tablet":{"background-color":"","background-image":"","background-repeat":"repeat","background-position":"center center","background-size":"auto","background-attachment":"scroll","background-type":"","background-media":"","overlay-type":"","overlay-color":"","overlay-opacity":"","overlay-gradient":""},"mobile":{"background-color":"","background-image":"","background-repeat":"repeat","background-position":"center center","background-size":"auto","background-attachment":"scroll","background-type":"","background-media":"","overlay-type":"","overlay-color":"","overlay-opacity":"","overlay-gradient":""}},"ast-content-background-meta":{"desktop":{"background-color":"var(--ast-global-color-5)","background-image":"","background-repeat":"repeat","background-position":"center center","background-size":"auto","background-attachment":"scroll","background-type":"","background-media":"","overlay-type":"","overlay-color":"","overlay-opacity":"","overlay-gradient":""},"tablet":{"background-color":"var(--ast-global-color-5)","background-image":"","background-repeat":"repeat","background-position":"center center","background-size":"auto","background-attachment":"scroll","background-type":"","background-media":"","overlay-type":"","overlay-color":"","overlay-opacity":"","overlay-gradient":""},"mobile":{"background-color":"var(--ast-global-color-5)","background-image":"","background-repeat":"repeat","background-position":"center center","background-size":"auto","background-attachment":"scroll","background-type":"","background-media":"","overlay-type":"","overlay-color":"","overlay-opacity":"","overlay-gradient":""}}},"product_brand":[],"product_cat":[74],"product_tag":[],"class_list":{"0":"post-8310","1":"product","2":"type-product","3":"status-publish","4":"has-post-thumbnail","6":"product_cat-boat-anchor","7":"desktop-align-left","8":"tablet-align-left","9":"mobile-align-left","10":"ast-product-gallery-layout-horizontal-slider","11":"ast-product-tabs-layout-horizontal","13":"first","14":"instock","15":"shipping-taxable","16":"purchasable","17":"product-type-simple"},"yoast_head":"<!-- This site is optimized with the Yoast SEO plugin v25.2 - https:\/\/yoast.com\/wordpress\/plugins\/seo\/ -->\n<title>Spek Anchor Stockless Anchor<\/title>\n<meta name=\"robots\" content=\"index, follow, max-snippet:-1, max-image-preview:large, max-video-preview:-1\" \/>\n<link rel=\"canonical\" href=\"https:\/\/qingdaohf.com\/de\/produkt\/spek-anker-ohne-schaftanker\/\" \/>\n<meta property=\"og:locale\" content=\"de_DE\" \/>\n<meta property=\"og:type\" content=\"article\" \/>\n<meta property=\"og:title\" content=\"Spek Anchor Stockless Anchor\" \/>\n<meta property=\"og:description\" content=\"The Spek Anchor, a staple in marine applications, is highly valued by buyers seeking a balance of reliability and efficient performance in diverse ocean conditions. Known for its robust holding power and stability, the Spek Anchor is particularly well-suited for vessels in moderate to rough seas. At Qingdao H&amp;F, we go a step further by providing one-on-one customer service to ensure each client receives guidance tailored to their specific requirements. Our fast delivery cycle reduces downtime, while our range of quality inspection reports offers buyers added confidence in product reliability and durability. For marine industry professionals, our focus on exceptional service and streamlined processes ensures a seamless purchasing experience.\" \/>\n<meta property=\"og:url\" content=\"https:\/\/qingdaohf.com\/de\/produkt\/spek-anker-ohne-schaftanker\/\" \/>\n<meta property=\"og:site_name\" content=\"Concrete Form &amp; Rigging Hardware Supplier\" \/>\n<meta property=\"article:publisher\" content=\"https:\/\/www.facebook.com\/qingdaohf\" \/>\n<meta property=\"article:modified_time\" content=\"2025-11-13T01:02:52+00:00\" \/>\n<meta property=\"og:image\" content=\"https:\/\/qingdaohf.com\/wp-content\/uploads\/2024\/11\/spek-anchor.jpg\" \/>\n\t<meta property=\"og:image:width\" content=\"1000\" \/>\n\t<meta property=\"og:image:height\" content=\"1000\" \/>\n\t<meta property=\"og:image:type\" content=\"image\/jpeg\" \/>\n<meta name=\"twitter:card\" content=\"summary_large_image\" \/>\n<meta name=\"twitter:label1\" content=\"Gesch\u00e4tzte Lesezeit\" \/>\n\t<meta name=\"twitter:data1\" content=\"5\u00a0Minuten\" \/>\n<script type=\"application\/ld+json\" class=\"yoast-schema-graph\">{\"@context\":\"https:\/\/schema.org\",\"@graph\":[{\"@type\":\"WebPage\",\"@id\":\"https:\/\/qingdaohf.com\/product\/spek-anchor-stockless-anchor\/\",\"url\":\"https:\/\/qingdaohf.com\/product\/spek-anchor-stockless-anchor\/\",\"name\":\"Spek Anchor Stockless Anchor\",\"isPartOf\":{\"@id\":\"https:\/\/qingdaohf.com\/bg\/#website\"},\"primaryImageOfPage\":{\"@id\":\"https:\/\/qingdaohf.com\/product\/spek-anchor-stockless-anchor\/#primaryimage\"},\"image\":{\"@id\":\"https:\/\/qingdaohf.com\/product\/spek-anchor-stockless-anchor\/#primaryimage\"},\"thumbnailUrl\":\"https:\/\/qingdaohf.com\/wp-content\/uploads\/2024\/11\/spek-anchor.jpg\",\"datePublished\":\"2024-11-07T06:33:56+00:00\",\"dateModified\":\"2025-11-13T01:02:52+00:00\",\"breadcrumb\":{\"@id\":\"https:\/\/qingdaohf.com\/product\/spek-anchor-stockless-anchor\/#breadcrumb\"},\"inLanguage\":\"de\",\"potentialAction\":[{\"@type\":\"ReadAction\",\"target\":[\"https:\/\/qingdaohf.com\/product\/spek-anchor-stockless-anchor\/\"]}]},{\"@type\":\"ImageObject\",\"inLanguage\":\"de\",\"@id\":\"https:\/\/qingdaohf.com\/product\/spek-anchor-stockless-anchor\/#primaryimage\",\"url\":\"https:\/\/qingdaohf.com\/wp-content\/uploads\/2024\/11\/spek-anchor.jpg\",\"contentUrl\":\"https:\/\/qingdaohf.com\/wp-content\/uploads\/2024\/11\/spek-anchor.jpg\",\"width\":1000,\"height\":1000,\"caption\":\"spek anchor\"},{\"@type\":\"BreadcrumbList\",\"@id\":\"https:\/\/qingdaohf.com\/product\/spek-anchor-stockless-anchor\/#breadcrumb\",\"itemListElement\":[{\"@type\":\"ListItem\",\"position\":1,\"name\":\"Home\",\"item\":\"https:\/\/qingdaohf.com\/\"},{\"@type\":\"ListItem\",\"position\":2,\"name\":\"Concrete Forming Accessories and Rigging Hardware\",\"item\":\"https:\/\/qingdaohf.com\/bg\/?page_id=944\"},{\"@type\":\"ListItem\",\"position\":3,\"name\":\"Spek Anchor Stockless Anchor\"}]},{\"@type\":\"WebSite\",\"@id\":\"https:\/\/qingdaohf.com\/bg\/#website\",\"url\":\"https:\/\/qingdaohf.com\/bg\/\",\"name\":\"Concrete Form & Rigging Hardware Supplier\",\"description\":\"\",\"publisher\":{\"@id\":\"https:\/\/qingdaohf.com\/bg\/#organization\"},\"potentialAction\":[{\"@type\":\"SearchAction\",\"target\":{\"@type\":\"EntryPoint\",\"urlTemplate\":\"https:\/\/qingdaohf.com\/bg\/?s={search_term_string}\"},\"query-input\":{\"@type\":\"PropertyValueSpecification\",\"valueRequired\":true,\"valueName\":\"search_term_string\"}}],\"inLanguage\":\"de\"},{\"@type\":\"Organization\",\"@id\":\"https:\/\/qingdaohf.com\/bg\/#organization\",\"name\":\"Qingdao H&F\",\"url\":\"https:\/\/qingdaohf.com\/bg\/\",\"logo\":{\"@type\":\"ImageObject\",\"inLanguage\":\"de\",\"@id\":\"https:\/\/qingdaohf.com\/bg\/#\/schema\/logo\/image\/\",\"url\":\"https:\/\/qingdaohf.com\/wp-content\/uploads\/2022\/12\/cropped-HF-LOGO.png\",\"contentUrl\":\"https:\/\/qingdaohf.com\/wp-content\/uploads\/2022\/12\/cropped-HF-LOGO.png\",\"width\":391,\"height\":249,\"caption\":\"Qingdao H&F\"},\"image\":{\"@id\":\"https:\/\/qingdaohf.com\/bg\/#\/schema\/logo\/image\/\"},\"sameAs\":[\"https:\/\/www.facebook.com\/qingdaohf\"]}]}<\/script>\n<!-- \/ Yoast SEO plugin. -->","yoast_head_json":{"title":"Spek Anchor Stockless Anchor","robots":{"index":"index","follow":"follow","max-snippet":"max-snippet:-1","max-image-preview":"max-image-preview:large","max-video-preview":"max-video-preview:-1"},"canonical":"https:\/\/qingdaohf.com\/de\/produkt\/spek-anker-ohne-schaftanker\/","og_locale":"de_DE","og_type":"article","og_title":"Spek Anchor Stockless Anchor","og_description":"The Spek Anchor, a staple in marine applications, is highly valued by buyers seeking a balance of reliability and efficient performance in diverse ocean conditions. Known for its robust holding power and stability, the Spek Anchor is particularly well-suited for vessels in moderate to rough seas. At Qingdao H&amp;F, we go a step further by providing one-on-one customer service to ensure each client receives guidance tailored to their specific requirements. Our fast delivery cycle reduces downtime, while our range of quality inspection reports offers buyers added confidence in product reliability and durability. For marine industry professionals, our focus on exceptional service and streamlined processes ensures a seamless purchasing experience.","og_url":"https:\/\/qingdaohf.com\/de\/produkt\/spek-anker-ohne-schaftanker\/","og_site_name":"Concrete Form &amp; Rigging Hardware Supplier","article_publisher":"https:\/\/www.facebook.com\/qingdaohf","article_modified_time":"2025-11-13T01:02:52+00:00","og_image":[{"width":1000,"height":1000,"url":"https:\/\/qingdaohf.com\/wp-content\/uploads\/2024\/11\/spek-anchor.jpg","type":"image\/jpeg"}],"twitter_card":"summary_large_image","twitter_misc":{"Gesch\u00e4tzte Lesezeit":"5\u00a0Minuten"},"schema":{"@context":"https:\/\/schema.org","@graph":[{"@type":"WebPage","@id":"https:\/\/qingdaohf.com\/product\/spek-anchor-stockless-anchor\/","url":"https:\/\/qingdaohf.com\/product\/spek-anchor-stockless-anchor\/","name":"Spek Anchor Stockless Anchor","isPartOf":{"@id":"https:\/\/qingdaohf.com\/bg\/#website"},"primaryImageOfPage":{"@id":"https:\/\/qingdaohf.com\/product\/spek-anchor-stockless-anchor\/#primaryimage"},"image":{"@id":"https:\/\/qingdaohf.com\/product\/spek-anchor-stockless-anchor\/#primaryimage"},"thumbnailUrl":"https:\/\/qingdaohf.com\/wp-content\/uploads\/2024\/11\/spek-anchor.jpg","datePublished":"2024-11-07T06:33:56+00:00","dateModified":"2025-11-13T01:02:52+00:00","breadcrumb":{"@id":"https:\/\/qingdaohf.com\/product\/spek-anchor-stockless-anchor\/#breadcrumb"},"inLanguage":"de","potentialAction":[{"@type":"ReadAction","target":["https:\/\/qingdaohf.com\/product\/spek-anchor-stockless-anchor\/"]}]},{"@type":"ImageObject","inLanguage":"de","@id":"https:\/\/qingdaohf.com\/product\/spek-anchor-stockless-anchor\/#primaryimage","url":"https:\/\/qingdaohf.com\/wp-content\/uploads\/2024\/11\/spek-anchor.jpg","contentUrl":"https:\/\/qingdaohf.com\/wp-content\/uploads\/2024\/11\/spek-anchor.jpg","width":1000,"height":1000,"caption":"spek anchor"},{"@type":"BreadcrumbList","@id":"https:\/\/qingdaohf.com\/product\/spek-anchor-stockless-anchor\/#breadcrumb","itemListElement":[{"@type":"ListItem","position":1,"name":"Home","item":"https:\/\/qingdaohf.com\/"},{"@type":"ListItem","position":2,"name":"Concrete Forming Accessories and Rigging Hardware","item":"https:\/\/qingdaohf.com\/bg\/?page_id=944"},{"@type":"ListItem","position":3,"name":"Spek Anchor Stockless Anchor"}]},{"@type":"WebSite","@id":"https:\/\/qingdaohf.com\/bg\/#website","url":"https:\/\/qingdaohf.com\/bg\/","name":"Concrete Form & Rigging Hardware Supplier","description":"","publisher":{"@id":"https:\/\/qingdaohf.com\/bg\/#organization"},"potentialAction":[{"@type":"SearchAction","target":{"@type":"EntryPoint","urlTemplate":"https:\/\/qingdaohf.com\/bg\/?s={search_term_string}"},"query-input":{"@type":"PropertyValueSpecification","valueRequired":true,"valueName":"search_term_string"}}],"inLanguage":"de"},{"@type":"Organization","@id":"https:\/\/qingdaohf.com\/bg\/#organization","name":"Qingdao H&F","url":"https:\/\/qingdaohf.com\/bg\/","logo":{"@type":"ImageObject","inLanguage":"de","@id":"https:\/\/qingdaohf.com\/bg\/#\/schema\/logo\/image\/","url":"https:\/\/qingdaohf.com\/wp-content\/uploads\/2022\/12\/cropped-HF-LOGO.png","contentUrl":"https:\/\/qingdaohf.com\/wp-content\/uploads\/2022\/12\/cropped-HF-LOGO.png","width":391,"height":249,"caption":"Qingdao H&F"},"image":{"@id":"https:\/\/qingdaohf.com\/bg\/#\/schema\/logo\/image\/"},"sameAs":["https:\/\/www.facebook.com\/qingdaohf"]}]}},"_links":{"self":[{"href":"https:\/\/qingdaohf.com\/de\/wp-json\/wp\/v2\/product\/8310","targetHints":{"allow":["GET"]}}],"collection":[{"href":"https:\/\/qingdaohf.com\/de\/wp-json\/wp\/v2\/product"}],"about":[{"href":"https:\/\/qingdaohf.com\/de\/wp-json\/wp\/v2\/types\/product"}],"replies":[{"embeddable":true,"href":"https:\/\/qingdaohf.com\/de\/wp-json\/wp\/v2\/comments?post=8310"}],"version-history":[{"count":1,"href":"https:\/\/qingdaohf.com\/de\/wp-json\/wp\/v2\/product\/8310\/revisions"}],"predecessor-version":[{"id":8319,"href":"https:\/\/qingdaohf.com\/de\/wp-json\/wp\/v2\/product\/8310\/revisions\/8319"}],"wp:featuredmedia":[{"embeddable":true,"href":"https:\/\/qingdaohf.com\/de\/wp-json\/wp\/v2\/media\/8311"}],"wp:attachment":[{"href":"https:\/\/qingdaohf.com\/de\/wp-json\/wp\/v2\/media?parent=8310"}],"wp:term":[{"taxonomy":"product_brand","embeddable":true,"href":"https:\/\/qingdaohf.com\/de\/wp-json\/wp\/v2\/product_brand?post=8310"},{"taxonomy":"product_cat","embeddable":true,"href":"https:\/\/qingdaohf.com\/de\/wp-json\/wp\/v2\/product_cat?post=8310"},{"taxonomy":"product_tag","embeddable":true,"href":"https:\/\/qingdaohf.com\/de\/wp-json\/wp\/v2\/product_tag?post=8310"}],"curies":[{"name":"wp","href":"https:\/\/api.w.org\/{rel}","templated":true}]}}