{"id":8601,"date":"2024-12-27T17:18:28","date_gmt":"2024-12-27T09:18:28","guid":{"rendered":"http:\/\/qingdaohf.com\/?post_type=product&#038;p=8601"},"modified":"2025-11-13T09:02:22","modified_gmt":"2025-11-13T01:02:22","slug":"formwork-water-stop","status":"publish","type":"product","link":"https:\/\/qingdaohf.com\/de\/produkt\/schalungswasserstopp\/","title":{"rendered":"Schalung Water Stop"},"content":{"rendered":"<p class=\"whitespace-pre-wrap break-words\">Schalungswasserstop-Produkte sind f\u00fcr die Abdichtung und den Erhalt der strukturellen Integrit\u00e4t im Betonbau unerl\u00e4sslich. Diese Komponenten arbeiten zusammen mit Schalungszubeh\u00f6r wie Ankerst\u00e4ben und Fl\u00fcgelmuttern, um das Eindringen von Wasser zu verhindern und Betonstrukturen zu sch\u00fctzen. Lassen Sie uns untersuchen, wie diese Elemente zusammenarbeiten und warum sie f\u00fcr Ihre Bauprojekte wichtig sind.<\/p>\n<h2 class=\"font-600 text-xl font-bold\">Verstehen von Schalungswasserstopps<\/h2>\n<p class=\"whitespace-pre-wrap break-words\">Wenn Sie mit Beton bauen, werden Sie unweigerlich mit Fugen zwischen verschiedenen Abschnitten konfrontiert - diese entstehen aufgrund praktischer Notwendigkeiten wie Bauunterbrechungen oder der Verwendung separater Schalungsabschnitte. Da Beton von Natur aus por\u00f6s ist, k\u00f6nnen diese Fugen zu Schwachstellen werden, in die Wasser eindringen kann. Hier kommen Wasserstopps ins Spiel.<\/p>\n<p class=\"whitespace-pre-wrap break-words\">Fugenb\u00e4nder werden aus Materialien hergestellt, die sich mit dem Beton biegen und bewegen k\u00f6nnen - in der Regel PVC, Gummi oder spezielle hydrophile Verbindungen. Entscheidend ist, dass das Material seine Wirksamkeit beibeh\u00e4lt, wenn sich der Beton absetzt und auf Umweltver\u00e4nderungen reagiert. Diese m\u00fcssen Sie vor dem Gie\u00dfen des Betons anbringen, um eine physische Barriere gegen das Eindringen von Wasser zu schaffen. Dies ist besonders wichtig bei Bauwerken wie Kellern, Tunneln und D\u00e4mmen, bei denen der Wasserdruck ein st\u00e4ndiges Problem darstellt.<\/p>\n<h2 class=\"font-600 text-xl font-bold\">Die Rolle von Ankerst\u00e4ben bei Schalungsanwendungen<\/h2>\n<p><img fetchpriority=\"high\" decoding=\"async\" class=\"alignnone wp-image-8579 size-full\" src=\"http:\/\/qingdaohf.com\/wp-content\/uploads\/2024\/12\/tie-rod-92.webp\" alt=\"Zugstangensystem\" width=\"1000\" height=\"1000\" srcset=\"https:\/\/qingdaohf.com\/wp-content\/uploads\/2024\/12\/tie-rod-92.webp 1000w, https:\/\/qingdaohf.com\/wp-content\/uploads\/2024\/12\/tie-rod-92-300x300.webp 300w, https:\/\/qingdaohf.com\/wp-content\/uploads\/2024\/12\/tie-rod-92-150x150.webp 150w, https:\/\/qingdaohf.com\/wp-content\/uploads\/2024\/12\/tie-rod-92-768x768.webp 768w, https:\/\/qingdaohf.com\/wp-content\/uploads\/2024\/12\/tie-rod-92-12x12.webp 12w, https:\/\/qingdaohf.com\/wp-content\/uploads\/2024\/12\/tie-rod-92-500x500.webp 500w, https:\/\/qingdaohf.com\/wp-content\/uploads\/2024\/12\/tie-rod-92-100x100.webp 100w\" sizes=\"(max-width: 1000px) 100vw, 1000px\" \/><\/p>\n<p class=\"whitespace-pre-wrap break-words\">Ankerstangen (oder Schalungsanker) sind die unbesungenen Helden des Betonbaus. Diese Stahlelemente halten die Schalungsplatten stabil, w\u00e4hrend der Beton gegossen wird und aush\u00e4rtet. Sie werden durch die Paneele gef\u00e4delt und an beiden Enden mit Fl\u00fcgelmuttern befestigt und sorgen so f\u00fcr die n\u00f6tige Spannung, damit alles unter dem immensen Druck des nassen Betons stabil bleibt.<\/p>\n<p class=\"whitespace-pre-wrap break-words\">Die Beziehung zwischen Fugenblechen und Ankerst\u00e4ben ist entscheidend - sie m\u00fcssen nahtlos zusammenarbeiten. W\u00e4hrend Ankerst\u00e4be die Position der Schalung halten, sorgen Fugenb\u00e4nder f\u00fcr die Dichtigkeit der Fugen. Die richtige Kombination verhindert das Eindringen von Wasser und kostspielige zuk\u00fcnftige Reparaturen. Nachdem der Beton ausgeh\u00e4rtet ist, entfernen die Arbeiter die Ankerst\u00e4be und Fl\u00fcgelmuttern und hinterlassen ordnungsgem\u00e4\u00df abgedichtete Fugen.<\/p>\n<h2 class=\"font-600 text-xl font-bold\">Die Bedeutung von Fl\u00fcgelmuttern im Schalungsbau<\/h2>\n<p class=\"whitespace-pre-wrap break-words\">Fl\u00fcgelmuttern m\u00f6gen einfach erscheinen, aber sie sind f\u00fcr die Feinabstimmung der Schalungsinstallation unerl\u00e4sslich. Ihre Konstruktion erm\u00f6glicht es den Arbeitern, die Spannung der Ankerst\u00e4be von Hand einzustellen, was es einfach macht, die korrekte Ausrichtung der Elemente w\u00e4hrend des Betonierens beizubehalten. Diese pr\u00e4zise Kontrolle hilft, Bewegungen der Elemente zu verhindern, die die endg\u00fcltige Struktur beeintr\u00e4chtigen k\u00f6nnten.<\/p>\n<p class=\"whitespace-pre-wrap break-words\">Diese Komponenten spielen auch eine wichtige Rolle f\u00fcr die Wirksamkeit der Fugenb\u00e4nder. Wenn die Zugstangen mit Fl\u00fcgelmuttern richtig gespannt sind, halten sie die Schalungsplatten und Fugenb\u00e4nder genau dort, wo sie sein m\u00fcssen. Wenn die Fl\u00fcgelmuttern nicht richtig eingestellt sind, k\u00f6nnen durch Bewegungen w\u00e4hrend des Betonierens L\u00fccken entstehen, durch die Wasser eindringen kann.<\/p>\n<h2 class=\"font-600 text-xl font-bold\">Vorteile von Schalungswasserstopps bei der Abdichtung von Beton<\/h2>\n<p class=\"whitespace-pre-wrap break-words\">F\u00fcr Bauwerke, die st\u00e4ndig Feuchtigkeit ausgesetzt sind - wie Fundamente und unterirdische Tunnel - ist eine ordnungsgem\u00e4\u00dfe Abdichtung unverzichtbar. Wassersperren bieten mehrere entscheidende Vorteile:<\/p>\n<p class=\"whitespace-pre-wrap break-words\">Struktureller Schutz: Indem sie das Eindringen von Wasser in die Fugen verhindern, tragen Fugenb\u00e4nder dazu bei, h\u00e4ufige Probleme wie Bewehrungskorrosion und Betonverschlechterung zu vermeiden, die die strukturelle Integrit\u00e4t gef\u00e4hrden k\u00f6nnen.<\/p>\n<p class=\"whitespace-pre-wrap break-words\">Kostenvorteile: Die anf\u00e4ngliche Investition in hochwertige Abdichtungen mag zwar betr\u00e4chtlich erscheinen, ist aber weitaus weniger kostspielig als die sp\u00e4tere Beseitigung von Wassersch\u00e4den. Die richtige Abdichtung w\u00e4hrend der Bauphase vermeidet kostspielige Reparaturen im Nachhinein.<\/p>\n<p class=\"whitespace-pre-wrap break-words\">Verbesserte Langlebigkeit: Ordnungsgem\u00e4\u00df installierte Fugenabdichtungen halten in der Regel l\u00e4nger, insbesondere in schwierigen Umgebungen mit hohem Wasserdruck oder korrosiven Bedingungen.<\/p>\n<p class=\"whitespace-pre-wrap break-words\">Einhaltung gesetzlicher Vorschriften: Viele Bauvorschriften schreiben die Verwendung von Wassersperren vor, insbesondere f\u00fcr kritische Infrastrukturen. Die Verwendung von Wassersperren hilft sicherzustellen, dass Ihr Projekt alle erforderlichen Sicherheits- und Zuverl\u00e4ssigkeitsstandards erf\u00fcllt.<\/p>\n<p class=\"whitespace-pre-wrap break-words\">Verantwortung f\u00fcr die Umwelt: Eine wirksame Abdichtung sch\u00fctzt nicht nur das Bauwerk, sondern auch die Umgebung vor m\u00f6glichen Verunreinigungen durch Leckagen.<\/p>\n<h2 class=\"font-600 text-xl font-bold\">Warum sollten Sie uns f\u00fcr Ihren Bedarf an Schalungswasserstopps w\u00e4hlen?<\/h2>\n<p class=\"whitespace-pre-wrap break-words\">Unser Unternehmen ist darauf spezialisiert, Bauprofis mit hochwertigen Schalungsl\u00f6sungen zu versorgen. Wir wissen, dass jedes Projekt einzigartige Herausforderungen mit sich bringt. Deshalb bieten wir Ihnen pers\u00f6nliche Unterst\u00fctzung bei der Auswahl der richtigen Produkte.<\/p>\n<p class=\"whitespace-pre-wrap break-words\">Wir sind stolz auf unsere kurzen Lieferzeiten und die umfassende Dokumentation von Qualit\u00e4tspr\u00fcfungen. Ganz gleich, ob Sie ein gro\u00dfes Infrastrukturprojekt oder ein kleineres Bauvorhaben leiten, unser Team bietet Ihnen das Fachwissen und die Unterst\u00fctzung, die Sie f\u00fcr Ihr Projekt ben\u00f6tigen.<\/p>\n<h2 class=\"font-600 text-xl font-bold\">Schlussfolgerung<\/h2>\n<p class=\"whitespace-pre-wrap break-words\">Der Erfolg des Betonbaus h\u00e4ngt oft von den richtigen Details ab - vor allem, wenn es um die Abdichtung geht. Durch den effektiven Einsatz von Fugenblechen und ordnungsgem\u00e4\u00df installierten Ankerst\u00e4ben und Fl\u00fcgelmuttern k\u00f6nnen Sie sicherstellen, dass Ihre Konstruktionen wasserdicht und langlebig bleiben. Wenn Sie mit einem zuverl\u00e4ssigen Lieferanten wie uns zusammenarbeiten, erhalten Sie die Qualit\u00e4tsprodukte und die Unterst\u00fctzung, die Sie f\u00fcr den erfolgreichen Abschluss Ihrer Projekte ben\u00f6tigen.<\/p>","protected":false},"excerpt":{"rendered":"<p>Schalungswasserstop-Produkte sind unerl\u00e4sslich f\u00fcr die Schaffung wasserdichter Barrieren im Betonbau und verhindern das Austreten von Wasser durch Fugen in Betonstrukturen. Diese Produkte sind so konzipiert, dass sie in Verbindung mit anderem Schalungszubeh\u00f6r wie Ankerst\u00e4ben und Fl\u00fcgelmuttern verwendet werden k\u00f6nnen, um einen nahtlosen und dauerhaften Bauprozess zu gew\u00e4hrleisten. Als Handelsunternehmen bieten wir einen pers\u00f6nlichen Kundenservice, schnelle Lieferzyklen und stellen verschiedene Qualit\u00e4tspr\u00fcfungsberichte zur Verf\u00fcgung, um den h\u00f6chsten Standard f\u00fcr unsere Kunden zu gew\u00e4hrleisten. Ganz gleich, ob Sie eine Beratung zu Produktspezifikationen oder eine p\u00fcnktliche Lieferung ben\u00f6tigen, wir sind bestrebt, Ihre Bed\u00fcrfnisse mit Effizienz und Zuverl\u00e4ssigkeit zu erf\u00fcllen.<\/p>","protected":false},"featured_media":8599,"comment_status":"open","ping_status":"closed","template":"","meta":{"site-sidebar-layout":"default","site-content-layout":"","ast-site-content-layout":"default","site-content-style":"default","site-sidebar-style":"default","ast-global-header-display":"","ast-banner-title-visibility":"","ast-main-header-display":"","ast-hfb-above-header-display":"","ast-hfb-below-header-display":"","ast-hfb-mobile-header-display":"","site-post-title":"","ast-breadcrumbs-content":"","ast-featured-img":"","footer-sml-layout":"","theme-transparent-header-meta":"default","adv-header-id-meta":"","stick-header-meta":"default","header-above-stick-meta":"","header-main-stick-meta":"","header-below-stick-meta":"","astra-migrate-meta-layouts":"set","ast-page-background-enabled":"default","ast-page-background-meta":{"desktop":{"background-color":"","background-image":"","background-repeat":"repeat","background-position":"center center","background-size":"auto","background-attachment":"scroll","background-type":"","background-media":"","overlay-type":"","overlay-color":"","overlay-opacity":"","overlay-gradient":""},"tablet":{"background-color":"","background-image":"","background-repeat":"repeat","background-position":"center center","background-size":"auto","background-attachment":"scroll","background-type":"","background-media":"","overlay-type":"","overlay-color":"","overlay-opacity":"","overlay-gradient":""},"mobile":{"background-color":"","background-image":"","background-repeat":"repeat","background-position":"center center","background-size":"auto","background-attachment":"scroll","background-type":"","background-media":"","overlay-type":"","overlay-color":"","overlay-opacity":"","overlay-gradient":""}},"ast-content-background-meta":{"desktop":{"background-color":"var(--ast-global-color-5)","background-image":"","background-repeat":"repeat","background-position":"center center","background-size":"auto","background-attachment":"scroll","background-type":"","background-media":"","overlay-type":"","overlay-color":"","overlay-opacity":"","overlay-gradient":""},"tablet":{"background-color":"var(--ast-global-color-5)","background-image":"","background-repeat":"repeat","background-position":"center center","background-size":"auto","background-attachment":"scroll","background-type":"","background-media":"","overlay-type":"","overlay-color":"","overlay-opacity":"","overlay-gradient":""},"mobile":{"background-color":"var(--ast-global-color-5)","background-image":"","background-repeat":"repeat","background-position":"center center","background-size":"auto","background-attachment":"scroll","background-type":"","background-media":"","overlay-type":"","overlay-color":"","overlay-opacity":"","overlay-gradient":""}}},"product_brand":[],"product_cat":[79],"product_tag":[],"class_list":{"0":"post-8601","1":"product","2":"type-product","3":"status-publish","4":"has-post-thumbnail","6":"product_cat-tie-rod-system","7":"desktop-align-left","8":"tablet-align-left","9":"mobile-align-left","10":"ast-product-gallery-layout-horizontal-slider","11":"ast-product-tabs-layout-horizontal","13":"first","14":"instock","15":"shipping-taxable","16":"purchasable","17":"product-type-simple"},"yoast_head":"<!-- This site is optimized with the Yoast SEO plugin v25.2 - https:\/\/yoast.com\/wordpress\/plugins\/seo\/ -->\n<title>Formwork Water Stop<\/title>\n<meta name=\"description\" content=\"Formwork water stop products are essential for creating waterproof barriers in concrete construction, preventing water leakage through joints in concrete structures.\" \/>\n<meta name=\"robots\" content=\"index, follow, max-snippet:-1, max-image-preview:large, max-video-preview:-1\" \/>\n<link rel=\"canonical\" href=\"https:\/\/qingdaohf.com\/de\/produkt\/schalungswasserstopp\/\" \/>\n<meta property=\"og:locale\" content=\"de_DE\" \/>\n<meta property=\"og:type\" content=\"article\" \/>\n<meta property=\"og:title\" content=\"Formwork Water Stop\" \/>\n<meta property=\"og:description\" content=\"Formwork water stop products are essential for creating waterproof barriers in concrete construction, preventing water leakage through joints in concrete structures.\" \/>\n<meta property=\"og:url\" content=\"https:\/\/qingdaohf.com\/de\/produkt\/schalungswasserstopp\/\" \/>\n<meta property=\"og:site_name\" content=\"Concrete Form &amp; Rigging Hardware Supplier\" \/>\n<meta property=\"article:publisher\" content=\"https:\/\/www.facebook.com\/qingdaohf\" \/>\n<meta property=\"article:modified_time\" content=\"2025-11-13T01:02:22+00:00\" \/>\n<meta property=\"og:image\" content=\"https:\/\/qingdaohf.com\/wp-content\/uploads\/2024\/12\/tie-rod-water-stop-9.jpg\" \/>\n\t<meta property=\"og:image:width\" content=\"1000\" \/>\n\t<meta property=\"og:image:height\" content=\"1000\" \/>\n\t<meta property=\"og:image:type\" content=\"image\/jpeg\" \/>\n<meta name=\"twitter:card\" content=\"summary_large_image\" \/>\n<meta name=\"twitter:label1\" content=\"Gesch\u00e4tzte Lesezeit\" \/>\n\t<meta name=\"twitter:data1\" content=\"4\u00a0Minuten\" \/>\n<script type=\"application\/ld+json\" class=\"yoast-schema-graph\">{\"@context\":\"https:\/\/schema.org\",\"@graph\":[{\"@type\":\"WebPage\",\"@id\":\"https:\/\/qingdaohf.com\/product\/formwork-water-stop\/\",\"url\":\"https:\/\/qingdaohf.com\/product\/formwork-water-stop\/\",\"name\":\"Formwork Water Stop\",\"isPartOf\":{\"@id\":\"https:\/\/qingdaohf.com\/bg\/#website\"},\"primaryImageOfPage\":{\"@id\":\"https:\/\/qingdaohf.com\/product\/formwork-water-stop\/#primaryimage\"},\"image\":{\"@id\":\"https:\/\/qingdaohf.com\/product\/formwork-water-stop\/#primaryimage\"},\"thumbnailUrl\":\"https:\/\/qingdaohf.com\/wp-content\/uploads\/2024\/12\/tie-rod-water-stop-9.jpg\",\"datePublished\":\"2024-12-27T09:18:28+00:00\",\"dateModified\":\"2025-11-13T01:02:22+00:00\",\"description\":\"Formwork water stop products are essential for creating waterproof barriers in concrete construction, preventing water leakage through joints in concrete structures.\",\"breadcrumb\":{\"@id\":\"https:\/\/qingdaohf.com\/product\/formwork-water-stop\/#breadcrumb\"},\"inLanguage\":\"de\",\"potentialAction\":[{\"@type\":\"ReadAction\",\"target\":[\"https:\/\/qingdaohf.com\/product\/formwork-water-stop\/\"]}]},{\"@type\":\"ImageObject\",\"inLanguage\":\"de\",\"@id\":\"https:\/\/qingdaohf.com\/product\/formwork-water-stop\/#primaryimage\",\"url\":\"https:\/\/qingdaohf.com\/wp-content\/uploads\/2024\/12\/tie-rod-water-stop-9.jpg\",\"contentUrl\":\"https:\/\/qingdaohf.com\/wp-content\/uploads\/2024\/12\/tie-rod-water-stop-9.jpg\",\"width\":1000,\"height\":1000},{\"@type\":\"BreadcrumbList\",\"@id\":\"https:\/\/qingdaohf.com\/product\/formwork-water-stop\/#breadcrumb\",\"itemListElement\":[{\"@type\":\"ListItem\",\"position\":1,\"name\":\"Home\",\"item\":\"https:\/\/qingdaohf.com\/\"},{\"@type\":\"ListItem\",\"position\":2,\"name\":\"Concrete Forming Accessories and Rigging Hardware\",\"item\":\"https:\/\/qingdaohf.com\/bg\/?page_id=944\"},{\"@type\":\"ListItem\",\"position\":3,\"name\":\"Formwork Water Stop\"}]},{\"@type\":\"WebSite\",\"@id\":\"https:\/\/qingdaohf.com\/bg\/#website\",\"url\":\"https:\/\/qingdaohf.com\/bg\/\",\"name\":\"Concrete Form & Rigging Hardware Supplier\",\"description\":\"\",\"publisher\":{\"@id\":\"https:\/\/qingdaohf.com\/bg\/#organization\"},\"potentialAction\":[{\"@type\":\"SearchAction\",\"target\":{\"@type\":\"EntryPoint\",\"urlTemplate\":\"https:\/\/qingdaohf.com\/bg\/?s={search_term_string}\"},\"query-input\":{\"@type\":\"PropertyValueSpecification\",\"valueRequired\":true,\"valueName\":\"search_term_string\"}}],\"inLanguage\":\"de\"},{\"@type\":\"Organization\",\"@id\":\"https:\/\/qingdaohf.com\/bg\/#organization\",\"name\":\"Qingdao H&F\",\"url\":\"https:\/\/qingdaohf.com\/bg\/\",\"logo\":{\"@type\":\"ImageObject\",\"inLanguage\":\"de\",\"@id\":\"https:\/\/qingdaohf.com\/bg\/#\/schema\/logo\/image\/\",\"url\":\"https:\/\/qingdaohf.com\/wp-content\/uploads\/2022\/12\/cropped-HF-LOGO.png\",\"contentUrl\":\"https:\/\/qingdaohf.com\/wp-content\/uploads\/2022\/12\/cropped-HF-LOGO.png\",\"width\":391,\"height\":249,\"caption\":\"Qingdao H&F\"},\"image\":{\"@id\":\"https:\/\/qingdaohf.com\/bg\/#\/schema\/logo\/image\/\"},\"sameAs\":[\"https:\/\/www.facebook.com\/qingdaohf\"]}]}<\/script>\n<!-- \/ Yoast SEO plugin. -->","yoast_head_json":{"title":"Formwork Water Stop","description":"Formwork water stop products are essential for creating waterproof barriers in concrete construction, preventing water leakage through joints in concrete structures.","robots":{"index":"index","follow":"follow","max-snippet":"max-snippet:-1","max-image-preview":"max-image-preview:large","max-video-preview":"max-video-preview:-1"},"canonical":"https:\/\/qingdaohf.com\/de\/produkt\/schalungswasserstopp\/","og_locale":"de_DE","og_type":"article","og_title":"Formwork Water Stop","og_description":"Formwork water stop products are essential for creating waterproof barriers in concrete construction, preventing water leakage through joints in concrete structures.","og_url":"https:\/\/qingdaohf.com\/de\/produkt\/schalungswasserstopp\/","og_site_name":"Concrete Form &amp; Rigging Hardware Supplier","article_publisher":"https:\/\/www.facebook.com\/qingdaohf","article_modified_time":"2025-11-13T01:02:22+00:00","og_image":[{"width":1000,"height":1000,"url":"https:\/\/qingdaohf.com\/wp-content\/uploads\/2024\/12\/tie-rod-water-stop-9.jpg","type":"image\/jpeg"}],"twitter_card":"summary_large_image","twitter_misc":{"Gesch\u00e4tzte Lesezeit":"4\u00a0Minuten"},"schema":{"@context":"https:\/\/schema.org","@graph":[{"@type":"WebPage","@id":"https:\/\/qingdaohf.com\/product\/formwork-water-stop\/","url":"https:\/\/qingdaohf.com\/product\/formwork-water-stop\/","name":"Formwork Water Stop","isPartOf":{"@id":"https:\/\/qingdaohf.com\/bg\/#website"},"primaryImageOfPage":{"@id":"https:\/\/qingdaohf.com\/product\/formwork-water-stop\/#primaryimage"},"image":{"@id":"https:\/\/qingdaohf.com\/product\/formwork-water-stop\/#primaryimage"},"thumbnailUrl":"https:\/\/qingdaohf.com\/wp-content\/uploads\/2024\/12\/tie-rod-water-stop-9.jpg","datePublished":"2024-12-27T09:18:28+00:00","dateModified":"2025-11-13T01:02:22+00:00","description":"Formwork water stop products are essential for creating waterproof barriers in concrete construction, preventing water leakage through joints in concrete structures.","breadcrumb":{"@id":"https:\/\/qingdaohf.com\/product\/formwork-water-stop\/#breadcrumb"},"inLanguage":"de","potentialAction":[{"@type":"ReadAction","target":["https:\/\/qingdaohf.com\/product\/formwork-water-stop\/"]}]},{"@type":"ImageObject","inLanguage":"de","@id":"https:\/\/qingdaohf.com\/product\/formwork-water-stop\/#primaryimage","url":"https:\/\/qingdaohf.com\/wp-content\/uploads\/2024\/12\/tie-rod-water-stop-9.jpg","contentUrl":"https:\/\/qingdaohf.com\/wp-content\/uploads\/2024\/12\/tie-rod-water-stop-9.jpg","width":1000,"height":1000},{"@type":"BreadcrumbList","@id":"https:\/\/qingdaohf.com\/product\/formwork-water-stop\/#breadcrumb","itemListElement":[{"@type":"ListItem","position":1,"name":"Home","item":"https:\/\/qingdaohf.com\/"},{"@type":"ListItem","position":2,"name":"Concrete Forming Accessories and Rigging Hardware","item":"https:\/\/qingdaohf.com\/bg\/?page_id=944"},{"@type":"ListItem","position":3,"name":"Formwork Water Stop"}]},{"@type":"WebSite","@id":"https:\/\/qingdaohf.com\/bg\/#website","url":"https:\/\/qingdaohf.com\/bg\/","name":"Concrete Form & Rigging Hardware Supplier","description":"","publisher":{"@id":"https:\/\/qingdaohf.com\/bg\/#organization"},"potentialAction":[{"@type":"SearchAction","target":{"@type":"EntryPoint","urlTemplate":"https:\/\/qingdaohf.com\/bg\/?s={search_term_string}"},"query-input":{"@type":"PropertyValueSpecification","valueRequired":true,"valueName":"search_term_string"}}],"inLanguage":"de"},{"@type":"Organization","@id":"https:\/\/qingdaohf.com\/bg\/#organization","name":"Qingdao H&F","url":"https:\/\/qingdaohf.com\/bg\/","logo":{"@type":"ImageObject","inLanguage":"de","@id":"https:\/\/qingdaohf.com\/bg\/#\/schema\/logo\/image\/","url":"https:\/\/qingdaohf.com\/wp-content\/uploads\/2022\/12\/cropped-HF-LOGO.png","contentUrl":"https:\/\/qingdaohf.com\/wp-content\/uploads\/2022\/12\/cropped-HF-LOGO.png","width":391,"height":249,"caption":"Qingdao H&F"},"image":{"@id":"https:\/\/qingdaohf.com\/bg\/#\/schema\/logo\/image\/"},"sameAs":["https:\/\/www.facebook.com\/qingdaohf"]}]}},"_links":{"self":[{"href":"https:\/\/qingdaohf.com\/de\/wp-json\/wp\/v2\/product\/8601","targetHints":{"allow":["GET"]}}],"collection":[{"href":"https:\/\/qingdaohf.com\/de\/wp-json\/wp\/v2\/product"}],"about":[{"href":"https:\/\/qingdaohf.com\/de\/wp-json\/wp\/v2\/types\/product"}],"replies":[{"embeddable":true,"href":"https:\/\/qingdaohf.com\/de\/wp-json\/wp\/v2\/comments?post=8601"}],"version-history":[{"count":1,"href":"https:\/\/qingdaohf.com\/de\/wp-json\/wp\/v2\/product\/8601\/revisions"}],"predecessor-version":[{"id":8602,"href":"https:\/\/qingdaohf.com\/de\/wp-json\/wp\/v2\/product\/8601\/revisions\/8602"}],"wp:featuredmedia":[{"embeddable":true,"href":"https:\/\/qingdaohf.com\/de\/wp-json\/wp\/v2\/media\/8599"}],"wp:attachment":[{"href":"https:\/\/qingdaohf.com\/de\/wp-json\/wp\/v2\/media?parent=8601"}],"wp:term":[{"taxonomy":"product_brand","embeddable":true,"href":"https:\/\/qingdaohf.com\/de\/wp-json\/wp\/v2\/product_brand?post=8601"},{"taxonomy":"product_cat","embeddable":true,"href":"https:\/\/qingdaohf.com\/de\/wp-json\/wp\/v2\/product_cat?post=8601"},{"taxonomy":"product_tag","embeddable":true,"href":"https:\/\/qingdaohf.com\/de\/wp-json\/wp\/v2\/product_tag?post=8601"}],"curies":[{"name":"wp","href":"https:\/\/api.w.org\/{rel}","templated":true}]}}