{"id":8614,"date":"2024-12-31T16:30:30","date_gmt":"2024-12-31T08:30:30","guid":{"rendered":"http:\/\/qingdaohf.com\/?post_type=product&#038;p=8614"},"modified":"2025-11-13T09:02:21","modified_gmt":"2025-11-13T01:02:21","slug":"tie-rod-plate-washer","status":"publish","type":"product","link":"https:\/\/qingdaohf.com\/de\/produkt\/unterlegscheibe-der-zugstangenplatte\/","title":{"rendered":"Unterlegscheibe der Zugstangenplatte"},"content":{"rendered":"<h2 class=\"font-600 text-2xl font-bold\">Die Rolle des Zugstangensystems im modernen Bauwesen<\/h2>\n<p class=\"whitespace-pre-wrap break-words\">Stellen Sie sich die Betonschalung als ein riesiges Puzzle vor, bei dem jedes Teil perfekt zusammenpassen muss. Das Zugstangensystem ist hier der unbesungene Held, der alles an seinem Platz h\u00e4lt, wenn Tonnen von nassem Beton gegen die Schalung dr\u00fccken. Dabei handelt es sich nicht nur um einfache Stangen und Unterlegscheiben - sie wurden speziell daf\u00fcr entwickelt, starken Druck auszuhalten und gleichzeitig perfekt ausgerichtet zu bleiben.<\/p>\n<p class=\"whitespace-pre-wrap break-words\">Nehmen Sie zum Beispiel die Ankerst\u00e4be. Diese st\u00e4hlernen Arbeitspferde widerstehen der enormen Kraft, die nasser Beton nach au\u00dfen aus\u00fcbt, und verhindern, dass sich die Schalungen ausbeulen oder verschieben. Bei Projekten, bei denen die Wasserbest\u00e4ndigkeit von entscheidender Bedeutung ist, werden spezielle Wassersperren in das System integriert. Diese sorgen f\u00fcr eine wasserdichte Abdichtung der Arbeitsfugen, was bei Bauwerken wie Kellerw\u00e4nden oder Wassertanks unbedingt erforderlich ist.<\/p>\n<p class=\"whitespace-pre-wrap break-words\">Unterlegscheiben f\u00fcr Zugstangen m\u00f6gen einfach erscheinen, aber sie sind eigentlich ziemlich clever. Indem sie den Druck \u00fcber einen gr\u00f6\u00dferen Bereich der Schalung verteilen, verhindern sie, dass ein einzelner Punkt zu stark belastet wird. In Kombination mit den Kombimuttern der Superplatte erhalten Sie einen felsenfesten und gleichzeitig einstellbaren Verbindungspunkt - genau das, was Sie brauchen, wenn es auf Pr\u00e4zision ankommt.<\/p>\n<h2 class=\"font-600 text-xl font-bold\">Die Vielseitigkeit von Unterlegscheiben f\u00fcr Spurstangenplatten verstehen<\/h2>\n<p class=\"whitespace-pre-wrap break-words\">Die Genialit\u00e4t der Unterlegscheiben f\u00fcr Ankerst\u00e4be liegt in ihrer F\u00e4higkeit, die Kraft gleichm\u00e4\u00dfig zu verteilen. Ohne sie best\u00fcnde die Gefahr, dass die Ankerst\u00e4be durchschlagen oder die Schalungsplatten besch\u00e4digt werden. Diese Unterlegscheiben sind robust gebaut, in der Regel aus verzinktem Stahl oder \u00e4hnlichen Materialien, die von st\u00e4ndiger Feuchtigkeit bis zum wiederholten Einsatz bei verschiedenen Projekten alles aushalten.<\/p>\n<p class=\"whitespace-pre-wrap break-words\">Ihr Design ist wunderbar einfach - eine breite, flache Oberfl\u00e4che, die verhindert, dass die Schalung unter Druck besch\u00e4digt wird. Ganz gleich, ob Sie an einem Wolkenkratzer oder einem Br\u00fcckenfundament arbeiten, diese Unterlegscheiben spielen eine entscheidende Rolle dabei, alles auszurichten und stabil zu halten.<\/p>\n<p class=\"whitespace-pre-wrap break-words\">Mit einer Superplate-Kombimutter haben Sie sogar noch mehr Kontrolle. Mit dieser Kombination kann die perfekte Spannung der Ankerst\u00e4be eingestellt werden, sodass die Formen w\u00e4hrend des gesamten Gusses genau dort bleiben, wo sie sein sollen.<\/p>\n<h2 class=\"font-600 text-xl font-bold\">Der Vorteil der Wahl von Qingdao H&amp;F f\u00fcr Zugstangensysteme<\/h2>\n<p class=\"whitespace-pre-wrap break-words\">Qingdao H&amp;F stellt nicht nur Komponenten her - wir entwickeln L\u00f6sungen. Unsere Unterlegscheiben f\u00fcr Ankerst\u00e4be sind so konzipiert, dass sie nahtlos mit unseren anderen Schalungskomponenten zusammenarbeiten und ein System bilden, das mehr ist als die Summe seiner Teile.<\/p>\n<p class=\"whitespace-pre-wrap break-words\">Was uns wirklich auszeichnet, ist die Art und Weise, wie wir mit unseren Kunden zusammenarbeiten. Sie erhalten vom ersten Tag an eine pers\u00f6nliche Betreuung durch ein engagiertes Team, das die besonderen Herausforderungen Ihres Projekts versteht. Wir wissen, dass die Zeitpl\u00e4ne im Baugewerbe knapp bemessen sind. Deshalb haben wir unseren Versandprozess optimiert, damit Sie bekommen, was Sie brauchen, wenn Sie es brauchen.<\/p>\n<p class=\"whitespace-pre-wrap break-words\">Jede Produktcharge wird gr\u00fcndlich gepr\u00fcft, bevor sie unser Werk verl\u00e4sst, und wir legen jeder Lieferung detaillierte Pr\u00fcfberichte bei. Diese Transparenz tr\u00e4gt dazu bei, dass Sie sich auf die Qualit\u00e4t der Produkte verlassen k\u00f6nnen, und unser technisches Team steht Ihnen mit Rat und Tat zur Seite, wenn Sie etwas brauchen.<\/p>\n<h2 class=\"font-600 text-xl font-bold\">Warum das Zugstangensystem f\u00fcr den Erfolg am Bau unerl\u00e4sslich ist<\/h2>\n<p class=\"whitespace-pre-wrap break-words\">Man kann gar nicht hoch genug einsch\u00e4tzen, wie wichtig das Zugankersystem im modernen Betonbau ist. Es bildet das R\u00fcckgrat f\u00fcr die Herstellung perfekter Betonelemente und ist gleichzeitig flexibel genug, um komplexe architektonische Designs zu erm\u00f6glichen. Mit Wasserstopps in der Mischung haben Sie ein System, das f\u00fcr alles bereit ist - von einfachen W\u00e4nden bis hin zu anspruchsvollen Wasserr\u00fcckhaltekonstruktionen.<\/p>\n<p class=\"whitespace-pre-wrap break-words\">Die zus\u00e4tzlichen Unterlegscheiben f\u00fcr die Zugstangenplatte und die Kombimuttern f\u00fcr die Superplatte bringen alles zusammen, im w\u00f6rtlichen wie im \u00fcbertragenen Sinne. Sie machen das gesamte System benutzerfreundlicher und stellen gleichzeitig sicher, dass die Lasten richtig verteilt werden, wodurch die Gefahr kostspieliger Fehler oder Ausf\u00e4lle verringert wird.<\/p>\n<p class=\"whitespace-pre-wrap break-words\">In dieser Branche, in der es keinen Spielraum f\u00fcr Fehler gibt, hat sich das Zugstangensystem immer wieder bew\u00e4hrt. Es ist die zuverl\u00e4ssige Grundlage, die es Bauteams erm\u00f6glicht, Grenzen zu \u00fcberschreiten und beeindruckende Ergebnisse zu erzielen, Projekt f\u00fcr Projekt.<\/p>","protected":false},"excerpt":{"rendered":"<p>Unterlegscheiben f\u00fcr Ankerst\u00e4be sind wichtige Komponenten in Betonschalungssystemen, die eine beispiellose Lastverteilung und Stabilit\u00e4t gew\u00e4hrleisten. Kompatibilit\u00e4t, Langlebigkeit und zuverl\u00e4ssige Leistung unter anspruchsvollen Bedingungen sind die wichtigsten Merkmale, nach denen die K\u00e4ufer suchen. Qingdao H&amp;F ist ein Handelsunternehmen mit \u00fcber 20 Jahren Erfahrung, das Produkte von h\u00f6chster Qualit\u00e4t, einen pers\u00f6nlichen Kundenservice, schnelle Lieferzeiten und detaillierte Qualit\u00e4tspr\u00fcfungsberichte garantiert. Unser Engagement f\u00fcr Spitzenleistungen sorgt daf\u00fcr, dass Ihre Projekte von Anfang bis Ende reibungslos ablaufen.<\/p>","protected":false},"featured_media":8616,"comment_status":"open","ping_status":"closed","template":"","meta":{"site-sidebar-layout":"default","site-content-layout":"","ast-site-content-layout":"default","site-content-style":"default","site-sidebar-style":"default","ast-global-header-display":"","ast-banner-title-visibility":"","ast-main-header-display":"","ast-hfb-above-header-display":"","ast-hfb-below-header-display":"","ast-hfb-mobile-header-display":"","site-post-title":"","ast-breadcrumbs-content":"","ast-featured-img":"","footer-sml-layout":"","theme-transparent-header-meta":"default","adv-header-id-meta":"","stick-header-meta":"default","header-above-stick-meta":"","header-main-stick-meta":"","header-below-stick-meta":"","astra-migrate-meta-layouts":"set","ast-page-background-enabled":"default","ast-page-background-meta":{"desktop":{"background-color":"","background-image":"","background-repeat":"repeat","background-position":"center center","background-size":"auto","background-attachment":"scroll","background-type":"","background-media":"","overlay-type":"","overlay-color":"","overlay-opacity":"","overlay-gradient":""},"tablet":{"background-color":"","background-image":"","background-repeat":"repeat","background-position":"center center","background-size":"auto","background-attachment":"scroll","background-type":"","background-media":"","overlay-type":"","overlay-color":"","overlay-opacity":"","overlay-gradient":""},"mobile":{"background-color":"","background-image":"","background-repeat":"repeat","background-position":"center center","background-size":"auto","background-attachment":"scroll","background-type":"","background-media":"","overlay-type":"","overlay-color":"","overlay-opacity":"","overlay-gradient":""}},"ast-content-background-meta":{"desktop":{"background-color":"var(--ast-global-color-5)","background-image":"","background-repeat":"repeat","background-position":"center center","background-size":"auto","background-attachment":"scroll","background-type":"","background-media":"","overlay-type":"","overlay-color":"","overlay-opacity":"","overlay-gradient":""},"tablet":{"background-color":"var(--ast-global-color-5)","background-image":"","background-repeat":"repeat","background-position":"center center","background-size":"auto","background-attachment":"scroll","background-type":"","background-media":"","overlay-type":"","overlay-color":"","overlay-opacity":"","overlay-gradient":""},"mobile":{"background-color":"var(--ast-global-color-5)","background-image":"","background-repeat":"repeat","background-position":"center center","background-size":"auto","background-attachment":"scroll","background-type":"","background-media":"","overlay-type":"","overlay-color":"","overlay-opacity":"","overlay-gradient":""}}},"product_brand":[],"product_cat":[79],"product_tag":[],"class_list":{"0":"post-8614","1":"product","2":"type-product","3":"status-publish","4":"has-post-thumbnail","6":"product_cat-tie-rod-system","7":"desktop-align-left","8":"tablet-align-left","9":"mobile-align-left","10":"ast-product-gallery-layout-horizontal-slider","11":"ast-product-gallery-with-no-image","12":"ast-product-tabs-layout-horizontal","14":"first","15":"instock","16":"shipping-taxable","17":"purchasable","18":"product-type-simple"},"yoast_head":"<!-- This site is optimized with the Yoast SEO plugin v25.2 - https:\/\/yoast.com\/wordpress\/plugins\/seo\/ -->\n<title>Tie Rod Plate Washer<\/title>\n<meta name=\"robots\" content=\"index, follow, max-snippet:-1, max-image-preview:large, max-video-preview:-1\" \/>\n<link rel=\"canonical\" href=\"https:\/\/qingdaohf.com\/de\/produkt\/unterlegscheibe-der-zugstangenplatte\/\" \/>\n<meta property=\"og:locale\" content=\"de_DE\" \/>\n<meta property=\"og:type\" content=\"article\" \/>\n<meta property=\"og:title\" content=\"Tie Rod Plate Washer\" \/>\n<meta property=\"og:description\" content=\"Tie rod plate washers are critical components in concrete formwork systems, providing unparalleled load distribution and stability. Compatibility, durability, and reliable performance under demanding conditions are the most important features that buyers look for. Qingdao H&amp;F is a trading company with over 20 years of experience, guaranteeing superior quality products, one-to-one customer service, fast delivery cycles, and detailed quality inspection reports. Our commitment to excellence ensures your projects run smoothly from start to finish.\" \/>\n<meta property=\"og:url\" content=\"https:\/\/qingdaohf.com\/de\/produkt\/unterlegscheibe-der-zugstangenplatte\/\" \/>\n<meta property=\"og:site_name\" content=\"Concrete Form &amp; Rigging Hardware Supplier\" \/>\n<meta property=\"article:publisher\" content=\"https:\/\/www.facebook.com\/qingdaohf\" \/>\n<meta property=\"article:modified_time\" content=\"2025-11-13T01:02:21+00:00\" \/>\n<meta property=\"og:image\" content=\"https:\/\/qingdaohf.com\/wp-content\/uploads\/2024\/12\/Tie-Rod-Plate-Washer-2.webp\" \/>\n\t<meta property=\"og:image:width\" content=\"1000\" \/>\n\t<meta property=\"og:image:height\" content=\"1000\" \/>\n\t<meta property=\"og:image:type\" content=\"image\/webp\" \/>\n<meta name=\"twitter:card\" content=\"summary_large_image\" \/>\n<meta name=\"twitter:label1\" content=\"Gesch\u00e4tzte Lesezeit\" \/>\n\t<meta name=\"twitter:data1\" content=\"3\u00a0Minuten\" \/>\n<script type=\"application\/ld+json\" class=\"yoast-schema-graph\">{\"@context\":\"https:\/\/schema.org\",\"@graph\":[{\"@type\":\"WebPage\",\"@id\":\"https:\/\/qingdaohf.com\/product\/tie-rod-plate-washer\/\",\"url\":\"https:\/\/qingdaohf.com\/product\/tie-rod-plate-washer\/\",\"name\":\"Tie Rod Plate Washer\",\"isPartOf\":{\"@id\":\"https:\/\/qingdaohf.com\/bg\/#website\"},\"primaryImageOfPage\":{\"@id\":\"https:\/\/qingdaohf.com\/product\/tie-rod-plate-washer\/#primaryimage\"},\"image\":{\"@id\":\"https:\/\/qingdaohf.com\/product\/tie-rod-plate-washer\/#primaryimage\"},\"thumbnailUrl\":\"https:\/\/qingdaohf.com\/wp-content\/uploads\/2024\/12\/Tie-Rod-Plate-Washer-2.webp\",\"datePublished\":\"2024-12-31T08:30:30+00:00\",\"dateModified\":\"2025-11-13T01:02:21+00:00\",\"breadcrumb\":{\"@id\":\"https:\/\/qingdaohf.com\/product\/tie-rod-plate-washer\/#breadcrumb\"},\"inLanguage\":\"de\",\"potentialAction\":[{\"@type\":\"ReadAction\",\"target\":[\"https:\/\/qingdaohf.com\/product\/tie-rod-plate-washer\/\"]}]},{\"@type\":\"ImageObject\",\"inLanguage\":\"de\",\"@id\":\"https:\/\/qingdaohf.com\/product\/tie-rod-plate-washer\/#primaryimage\",\"url\":\"https:\/\/qingdaohf.com\/wp-content\/uploads\/2024\/12\/Tie-Rod-Plate-Washer-2.webp\",\"contentUrl\":\"https:\/\/qingdaohf.com\/wp-content\/uploads\/2024\/12\/Tie-Rod-Plate-Washer-2.webp\",\"width\":1000,\"height\":1000,\"caption\":\"Tie Rod Plate Washer\"},{\"@type\":\"BreadcrumbList\",\"@id\":\"https:\/\/qingdaohf.com\/product\/tie-rod-plate-washer\/#breadcrumb\",\"itemListElement\":[{\"@type\":\"ListItem\",\"position\":1,\"name\":\"Home\",\"item\":\"https:\/\/qingdaohf.com\/\"},{\"@type\":\"ListItem\",\"position\":2,\"name\":\"Concrete Forming Accessories and Rigging Hardware\",\"item\":\"https:\/\/qingdaohf.com\/bg\/?page_id=944\"},{\"@type\":\"ListItem\",\"position\":3,\"name\":\"Tie Rod Plate Washer\"}]},{\"@type\":\"WebSite\",\"@id\":\"https:\/\/qingdaohf.com\/bg\/#website\",\"url\":\"https:\/\/qingdaohf.com\/bg\/\",\"name\":\"Concrete Form & Rigging Hardware Supplier\",\"description\":\"\",\"publisher\":{\"@id\":\"https:\/\/qingdaohf.com\/bg\/#organization\"},\"potentialAction\":[{\"@type\":\"SearchAction\",\"target\":{\"@type\":\"EntryPoint\",\"urlTemplate\":\"https:\/\/qingdaohf.com\/bg\/?s={search_term_string}\"},\"query-input\":{\"@type\":\"PropertyValueSpecification\",\"valueRequired\":true,\"valueName\":\"search_term_string\"}}],\"inLanguage\":\"de\"},{\"@type\":\"Organization\",\"@id\":\"https:\/\/qingdaohf.com\/bg\/#organization\",\"name\":\"Qingdao H&F\",\"url\":\"https:\/\/qingdaohf.com\/bg\/\",\"logo\":{\"@type\":\"ImageObject\",\"inLanguage\":\"de\",\"@id\":\"https:\/\/qingdaohf.com\/bg\/#\/schema\/logo\/image\/\",\"url\":\"https:\/\/qingdaohf.com\/wp-content\/uploads\/2022\/12\/cropped-HF-LOGO.png\",\"contentUrl\":\"https:\/\/qingdaohf.com\/wp-content\/uploads\/2022\/12\/cropped-HF-LOGO.png\",\"width\":391,\"height\":249,\"caption\":\"Qingdao H&F\"},\"image\":{\"@id\":\"https:\/\/qingdaohf.com\/bg\/#\/schema\/logo\/image\/\"},\"sameAs\":[\"https:\/\/www.facebook.com\/qingdaohf\"]}]}<\/script>\n<!-- \/ Yoast SEO plugin. -->","yoast_head_json":{"title":"Tie Rod Plate Washer","robots":{"index":"index","follow":"follow","max-snippet":"max-snippet:-1","max-image-preview":"max-image-preview:large","max-video-preview":"max-video-preview:-1"},"canonical":"https:\/\/qingdaohf.com\/de\/produkt\/unterlegscheibe-der-zugstangenplatte\/","og_locale":"de_DE","og_type":"article","og_title":"Tie Rod Plate Washer","og_description":"Tie rod plate washers are critical components in concrete formwork systems, providing unparalleled load distribution and stability. Compatibility, durability, and reliable performance under demanding conditions are the most important features that buyers look for. Qingdao H&amp;F is a trading company with over 20 years of experience, guaranteeing superior quality products, one-to-one customer service, fast delivery cycles, and detailed quality inspection reports. Our commitment to excellence ensures your projects run smoothly from start to finish.","og_url":"https:\/\/qingdaohf.com\/de\/produkt\/unterlegscheibe-der-zugstangenplatte\/","og_site_name":"Concrete Form &amp; Rigging Hardware Supplier","article_publisher":"https:\/\/www.facebook.com\/qingdaohf","article_modified_time":"2025-11-13T01:02:21+00:00","og_image":[{"width":1000,"height":1000,"url":"https:\/\/qingdaohf.com\/wp-content\/uploads\/2024\/12\/Tie-Rod-Plate-Washer-2.webp","type":"image\/webp"}],"twitter_card":"summary_large_image","twitter_misc":{"Gesch\u00e4tzte Lesezeit":"3\u00a0Minuten"},"schema":{"@context":"https:\/\/schema.org","@graph":[{"@type":"WebPage","@id":"https:\/\/qingdaohf.com\/product\/tie-rod-plate-washer\/","url":"https:\/\/qingdaohf.com\/product\/tie-rod-plate-washer\/","name":"Tie Rod Plate Washer","isPartOf":{"@id":"https:\/\/qingdaohf.com\/bg\/#website"},"primaryImageOfPage":{"@id":"https:\/\/qingdaohf.com\/product\/tie-rod-plate-washer\/#primaryimage"},"image":{"@id":"https:\/\/qingdaohf.com\/product\/tie-rod-plate-washer\/#primaryimage"},"thumbnailUrl":"https:\/\/qingdaohf.com\/wp-content\/uploads\/2024\/12\/Tie-Rod-Plate-Washer-2.webp","datePublished":"2024-12-31T08:30:30+00:00","dateModified":"2025-11-13T01:02:21+00:00","breadcrumb":{"@id":"https:\/\/qingdaohf.com\/product\/tie-rod-plate-washer\/#breadcrumb"},"inLanguage":"de","potentialAction":[{"@type":"ReadAction","target":["https:\/\/qingdaohf.com\/product\/tie-rod-plate-washer\/"]}]},{"@type":"ImageObject","inLanguage":"de","@id":"https:\/\/qingdaohf.com\/product\/tie-rod-plate-washer\/#primaryimage","url":"https:\/\/qingdaohf.com\/wp-content\/uploads\/2024\/12\/Tie-Rod-Plate-Washer-2.webp","contentUrl":"https:\/\/qingdaohf.com\/wp-content\/uploads\/2024\/12\/Tie-Rod-Plate-Washer-2.webp","width":1000,"height":1000,"caption":"Tie Rod Plate Washer"},{"@type":"BreadcrumbList","@id":"https:\/\/qingdaohf.com\/product\/tie-rod-plate-washer\/#breadcrumb","itemListElement":[{"@type":"ListItem","position":1,"name":"Home","item":"https:\/\/qingdaohf.com\/"},{"@type":"ListItem","position":2,"name":"Concrete Forming Accessories and Rigging Hardware","item":"https:\/\/qingdaohf.com\/bg\/?page_id=944"},{"@type":"ListItem","position":3,"name":"Tie Rod Plate Washer"}]},{"@type":"WebSite","@id":"https:\/\/qingdaohf.com\/bg\/#website","url":"https:\/\/qingdaohf.com\/bg\/","name":"Concrete Form & Rigging Hardware Supplier","description":"","publisher":{"@id":"https:\/\/qingdaohf.com\/bg\/#organization"},"potentialAction":[{"@type":"SearchAction","target":{"@type":"EntryPoint","urlTemplate":"https:\/\/qingdaohf.com\/bg\/?s={search_term_string}"},"query-input":{"@type":"PropertyValueSpecification","valueRequired":true,"valueName":"search_term_string"}}],"inLanguage":"de"},{"@type":"Organization","@id":"https:\/\/qingdaohf.com\/bg\/#organization","name":"Qingdao H&F","url":"https:\/\/qingdaohf.com\/bg\/","logo":{"@type":"ImageObject","inLanguage":"de","@id":"https:\/\/qingdaohf.com\/bg\/#\/schema\/logo\/image\/","url":"https:\/\/qingdaohf.com\/wp-content\/uploads\/2022\/12\/cropped-HF-LOGO.png","contentUrl":"https:\/\/qingdaohf.com\/wp-content\/uploads\/2022\/12\/cropped-HF-LOGO.png","width":391,"height":249,"caption":"Qingdao H&F"},"image":{"@id":"https:\/\/qingdaohf.com\/bg\/#\/schema\/logo\/image\/"},"sameAs":["https:\/\/www.facebook.com\/qingdaohf"]}]}},"_links":{"self":[{"href":"https:\/\/qingdaohf.com\/de\/wp-json\/wp\/v2\/product\/8614","targetHints":{"allow":["GET"]}}],"collection":[{"href":"https:\/\/qingdaohf.com\/de\/wp-json\/wp\/v2\/product"}],"about":[{"href":"https:\/\/qingdaohf.com\/de\/wp-json\/wp\/v2\/types\/product"}],"replies":[{"embeddable":true,"href":"https:\/\/qingdaohf.com\/de\/wp-json\/wp\/v2\/comments?post=8614"}],"version-history":[{"count":1,"href":"https:\/\/qingdaohf.com\/de\/wp-json\/wp\/v2\/product\/8614\/revisions"}],"predecessor-version":[{"id":8617,"href":"https:\/\/qingdaohf.com\/de\/wp-json\/wp\/v2\/product\/8614\/revisions\/8617"}],"wp:featuredmedia":[{"embeddable":true,"href":"https:\/\/qingdaohf.com\/de\/wp-json\/wp\/v2\/media\/8616"}],"wp:attachment":[{"href":"https:\/\/qingdaohf.com\/de\/wp-json\/wp\/v2\/media?parent=8614"}],"wp:term":[{"taxonomy":"product_brand","embeddable":true,"href":"https:\/\/qingdaohf.com\/de\/wp-json\/wp\/v2\/product_brand?post=8614"},{"taxonomy":"product_cat","embeddable":true,"href":"https:\/\/qingdaohf.com\/de\/wp-json\/wp\/v2\/product_cat?post=8614"},{"taxonomy":"product_tag","embeddable":true,"href":"https:\/\/qingdaohf.com\/de\/wp-json\/wp\/v2\/product_tag?post=8614"}],"curies":[{"name":"wp","href":"https:\/\/api.w.org\/{rel}","templated":true}]}}