{"id":8624,"date":"2025-01-02T15:50:36","date_gmt":"2025-01-02T07:50:36","guid":{"rendered":"http:\/\/qingdaohf.com\/?post_type=product&#038;p=8624"},"modified":"2025-11-13T09:02:21","modified_gmt":"2025-11-13T01:02:21","slug":"steel-tie-rod-cone","status":"publish","type":"product","link":"https:\/\/qingdaohf.com\/de\/produkt\/spurstangenkonus-aus-stahl\/","title":{"rendered":"Spurstangenkonus aus Stahl"},"content":{"rendered":"<h2 class=\"whitespace-pre-wrap break-words\">Der Zugstangenkonus aus Stahl und seine Rolle im Bauwesen<\/h2>\n<p class=\"whitespace-pre-wrap break-words\">Zugstangenkonen aus Stahl spielen im modernen Bauwesen eine wichtige Rolle, insbesondere bei der Schalungsmontage. Diese einfachen, aber entscheidenden Komponenten decken die Enden der Ankerst\u00e4be ab und bilden eine wichtige Schnittstelle zwischen Schalung und Betonstrukturen. Sie dienen nicht nur als Verbindungselemente, sondern auch als Wassersperren und sorgen f\u00fcr pr\u00e4zise Abst\u00e4nde und helfen den Bauteams bei der Einhaltung anspruchsvoller Standards, ohne dass die Bauqualit\u00e4t oder -geschwindigkeit darunter leidet.<\/p>\n<p class=\"whitespace-pre-wrap break-words\">Beim Betonieren verhindern Ankerstabkonen den direkten Kontakt zwischen Ankerstab und nassem Beton, was die strukturelle Stabilit\u00e4t der Schalung sch\u00fctzt. Ihr Design erleichtert auch das Entfernen der Schalung nach dem Aush\u00e4rten des Betons - ein entscheidendes Merkmal f\u00fcr tempor\u00e4re Systeme, die von Br\u00fccken \u00fcber Wolkenkratzer bis hin zu Industriegeb\u00e4uden eingesetzt werden.<\/p>\n<h2 class=\"font-600 text-xl font-bold\">Das Zugstangensystem: Ein kollaboratives Netzwerk<\/h2>\n<p class=\"whitespace-pre-wrap break-words\">Zugstangenkonen funktionieren nicht allein - sie sind Teil eines integrierten Systems, zu dem Fugenbleche, Zugstangen, Kombimuttern aus Superplatten und Unterlegscheiben geh\u00f6ren. Diese Komponenten arbeiten wie eine gut ge\u00f6lte Maschine zusammen, um den intensiven Druck der Bauarbeiten zu bew\u00e4ltigen.<\/p>\n<p class=\"whitespace-pre-wrap break-words\">Das Herzst\u00fcck ist der Ankerstab, der die erforderliche Zugfestigkeit bietet, um nassen Beton w\u00e4hrend des Gie\u00dfens und Aush\u00e4rtens einzud\u00e4mmen. Fugenb\u00e4nder dichten gegen Feuchtigkeit ab - besonders wichtig f\u00fcr unterirdische Bauwerke oder alles, was Wasser aufnehmen muss. Der Stahlanker-Konus verbessert dieses System, indem er sowohl die Lebensdauer als auch die Leistungsf\u00e4higkeit des Bauwerks erh\u00f6ht.<\/p>\n<p class=\"whitespace-pre-wrap break-words\">Die Superplatten-Kombimutter fixiert alles fest an seinem Platz, h\u00e4lt die Spannung im gesamten System konstant und verhindert, dass sich die Schalung aus der Ausrichtung verschiebt. Gleichzeitig verteilen die Unterlegscheiben der Ankerst\u00e4be die Last gleichm\u00e4\u00dfig \u00fcber die Schalungsoberfl\u00e4che und verhindern so Schwachstellen, die sp\u00e4ter zu Problemen f\u00fchren k\u00f6nnten.<\/p>\n<h2 class=\"font-600 text-xl font-bold\">Vorteile der Verwendung von Zugstangenkonen aus Stahl bei Projekten<\/h2>\n<p class=\"whitespace-pre-wrap break-words\">Zugstangenkonen aus Stahl bieten mehrere entscheidende Vorteile auf Baustellen. Ihre pr\u00e4zisen Abstandsm\u00f6glichkeiten stellen sicher, dass die Wandst\u00e4rke gleichm\u00e4\u00dfig bleibt und die architektonischen Vorgaben genau eingehalten werden. Au\u00dferdem lassen sie sich perfekt mit anderen Komponenten des Zugankersystems kombinieren, was die Installation vereinfacht und die Arbeitskosten senkt.<\/p>\n<p class=\"whitespace-pre-wrap break-words\">Diese Kegel sind f\u00fcr eine lange Lebensdauer gebaut und bestehen aus hochwertigem Stahl, der schweren Lasten und rauem Wetter standh\u00e4lt. Diese Langlebigkeit bedeutet, dass Bauteams sie mehrfach wiederverwenden k\u00f6nnen, was Geld spart und den Abfall im Bauprozess reduziert.<\/p>\n<p class=\"whitespace-pre-wrap break-words\">Bei Qingdao H&amp;F wird jeder Kegel einer strengen Pr\u00fcfung auf Festigkeit und Ma\u00dfhaltigkeit unterzogen. Mit jeder Lieferung liefern wir detaillierte Qualit\u00e4tspr\u00fcfungsberichte, die unseren Kunden die Gewissheit geben, dass ihre Materialien alle Sicherheits- und gesetzlichen Anforderungen erf\u00fcllen. Unser pers\u00f6nlicher Kundenservice hilft den K\u00e4ufern, genau die richtigen L\u00f6sungen f\u00fcr ihre spezifischen Projekte zu finden.<\/p>\n<h2 class=\"font-600 text-xl font-bold\">Integration und Leistung: Alles unter einen Hut bringen<\/h2>\n<p class=\"whitespace-pre-wrap break-words\">Die Art und Weise, wie diese Komponenten zusammenarbeiten, zeigt, wie wichtig gute Technik und hochwertige Materialien sind. Bei ordnungsgem\u00e4\u00dfem Einbau bildet das komplette System aus Spurstangenkonen, Fugenblechen, Spurstangen, Muttern und Unterlegscheiben eine zuverl\u00e4ssige Grundlage f\u00fcr die Bauarbeiten.<\/p>\n<p class=\"whitespace-pre-wrap break-words\">Durch die korrekte Ausrichtung bleibt die Schalung stabil, w\u00e4hrend der Beton aush\u00e4rtet, was Lecks, strukturelle Probleme und Projektverz\u00f6gerungen verhindert. Das modulare Design des Systems macht es vielseitig genug f\u00fcr alle Arten von Projekten, von einfachen St\u00fctzmauern bis hin zu gro\u00dfen Infrastrukturarbeiten.<\/p>\n<p class=\"whitespace-pre-wrap break-words\">Wenn Sie sich f\u00fcr Qingdao H&amp;F entscheiden, erhalten Sie nicht nur Produkte von h\u00f6chster Qualit\u00e4t, sondern auch fundiertes Fachwissen \u00fcber Schalungssysteme. Wir sind stolz auf unsere schnelle Lieferung und unseren pers\u00f6nlichen Service und unterst\u00fctzen Ihre Projekte von Anfang bis Ende. Ganz gleich, ob Sie Zugstangenkonen f\u00fcr einen einzelnen Auftrag ben\u00f6tigen oder einen zuverl\u00e4ssigen Langzeitlieferanten suchen, wir bieten Ihnen au\u00dfergew\u00f6hnlichen Wert und Zuverl\u00e4ssigkeit.<\/p>","protected":false},"excerpt":{"rendered":"<p data-pm-slice=\"1 1 []\">Zugstangenkonen aus Stahl spielen bei der Herstellung von Betonkonstruktionen eine entscheidende Rolle, da sie eine pr\u00e4zise Ausrichtung und Langlebigkeit der Konstruktion gew\u00e4hrleisten. K\u00e4ufer legen bei der Bewertung dieser Produkte h\u00e4ufig Wert auf Kompatibilit\u00e4t mit verschiedenen Zugstangensystemen, Wasserbest\u00e4ndigkeit und robuste Materialfestigkeit. Bei Qingdao H&amp;F gehen wir auf diese Bedenken ein, indem wir einen engagierten pers\u00f6nlichen Kundenservice, schnelle Lieferzyklen und umfassende Qualit\u00e4tspr\u00fcfungsberichte anbieten. Mit unserer Erfahrung im Au\u00dfenhandel und einem tiefen Verst\u00e4ndnis f\u00fcr die Bed\u00fcrfnisse des Baugewerbes liefern wir Produkte, die die Erwartungen \u00fcbertreffen.<\/p>","protected":false},"featured_media":8625,"comment_status":"open","ping_status":"closed","template":"","meta":{"site-sidebar-layout":"default","site-content-layout":"","ast-site-content-layout":"default","site-content-style":"default","site-sidebar-style":"default","ast-global-header-display":"","ast-banner-title-visibility":"","ast-main-header-display":"","ast-hfb-above-header-display":"","ast-hfb-below-header-display":"","ast-hfb-mobile-header-display":"","site-post-title":"","ast-breadcrumbs-content":"","ast-featured-img":"","footer-sml-layout":"","theme-transparent-header-meta":"default","adv-header-id-meta":"","stick-header-meta":"default","header-above-stick-meta":"","header-main-stick-meta":"","header-below-stick-meta":"","astra-migrate-meta-layouts":"set","ast-page-background-enabled":"default","ast-page-background-meta":{"desktop":{"background-color":"","background-image":"","background-repeat":"repeat","background-position":"center center","background-size":"auto","background-attachment":"scroll","background-type":"","background-media":"","overlay-type":"","overlay-color":"","overlay-opacity":"","overlay-gradient":""},"tablet":{"background-color":"","background-image":"","background-repeat":"repeat","background-position":"center center","background-size":"auto","background-attachment":"scroll","background-type":"","background-media":"","overlay-type":"","overlay-color":"","overlay-opacity":"","overlay-gradient":""},"mobile":{"background-color":"","background-image":"","background-repeat":"repeat","background-position":"center center","background-size":"auto","background-attachment":"scroll","background-type":"","background-media":"","overlay-type":"","overlay-color":"","overlay-opacity":"","overlay-gradient":""}},"ast-content-background-meta":{"desktop":{"background-color":"var(--ast-global-color-5)","background-image":"","background-repeat":"repeat","background-position":"center center","background-size":"auto","background-attachment":"scroll","background-type":"","background-media":"","overlay-type":"","overlay-color":"","overlay-opacity":"","overlay-gradient":""},"tablet":{"background-color":"var(--ast-global-color-5)","background-image":"","background-repeat":"repeat","background-position":"center center","background-size":"auto","background-attachment":"scroll","background-type":"","background-media":"","overlay-type":"","overlay-color":"","overlay-opacity":"","overlay-gradient":""},"mobile":{"background-color":"var(--ast-global-color-5)","background-image":"","background-repeat":"repeat","background-position":"center center","background-size":"auto","background-attachment":"scroll","background-type":"","background-media":"","overlay-type":"","overlay-color":"","overlay-opacity":"","overlay-gradient":""}}},"product_brand":[],"product_cat":[79],"product_tag":[],"class_list":{"0":"post-8624","1":"product","2":"type-product","3":"status-publish","4":"has-post-thumbnail","6":"product_cat-tie-rod-system","7":"desktop-align-left","8":"tablet-align-left","9":"mobile-align-left","10":"ast-product-gallery-layout-horizontal-slider","11":"ast-product-gallery-with-no-image","12":"ast-product-tabs-layout-horizontal","14":"first","15":"instock","16":"shipping-taxable","17":"purchasable","18":"product-type-simple"},"yoast_head":"<!-- This site is optimized with the Yoast SEO plugin v25.2 - https:\/\/yoast.com\/wordpress\/plugins\/seo\/ -->\n<title>Steel Tie Rod Cone<\/title>\n<meta name=\"description\" content=\"Steel Tie Rod Cones play a critical role in forming concrete structures by ensuring precise alignment and durability in construction.\" \/>\n<meta name=\"robots\" content=\"index, follow, max-snippet:-1, max-image-preview:large, max-video-preview:-1\" \/>\n<link rel=\"canonical\" href=\"https:\/\/qingdaohf.com\/de\/produkt\/spurstangenkonus-aus-stahl\/\" \/>\n<meta property=\"og:locale\" content=\"de_DE\" \/>\n<meta property=\"og:type\" content=\"article\" \/>\n<meta property=\"og:title\" content=\"Steel Tie Rod Cone\" \/>\n<meta property=\"og:description\" content=\"Steel Tie Rod Cones play a critical role in forming concrete structures by ensuring precise alignment and durability in construction.\" \/>\n<meta property=\"og:url\" content=\"https:\/\/qingdaohf.com\/de\/produkt\/spurstangenkonus-aus-stahl\/\" \/>\n<meta property=\"og:site_name\" content=\"Concrete Form &amp; Rigging Hardware Supplier\" \/>\n<meta property=\"article:publisher\" content=\"https:\/\/www.facebook.com\/qingdaohf\" \/>\n<meta property=\"article:modified_time\" content=\"2025-11-13T01:02:21+00:00\" \/>\n<meta property=\"og:image\" content=\"https:\/\/qingdaohf.com\/wp-content\/uploads\/2025\/01\/steel-cone-tie-rod.webp\" \/>\n\t<meta property=\"og:image:width\" content=\"1000\" \/>\n\t<meta property=\"og:image:height\" content=\"1000\" \/>\n\t<meta property=\"og:image:type\" content=\"image\/webp\" \/>\n<meta name=\"twitter:card\" content=\"summary_large_image\" \/>\n<meta name=\"twitter:label1\" content=\"Gesch\u00e4tzte Lesezeit\" \/>\n\t<meta name=\"twitter:data1\" content=\"3\u00a0Minuten\" \/>\n<script type=\"application\/ld+json\" class=\"yoast-schema-graph\">{\"@context\":\"https:\/\/schema.org\",\"@graph\":[{\"@type\":\"WebPage\",\"@id\":\"https:\/\/qingdaohf.com\/product\/steel-tie-rod-cone\/\",\"url\":\"https:\/\/qingdaohf.com\/product\/steel-tie-rod-cone\/\",\"name\":\"Steel Tie Rod Cone\",\"isPartOf\":{\"@id\":\"https:\/\/qingdaohf.com\/bg\/#website\"},\"primaryImageOfPage\":{\"@id\":\"https:\/\/qingdaohf.com\/product\/steel-tie-rod-cone\/#primaryimage\"},\"image\":{\"@id\":\"https:\/\/qingdaohf.com\/product\/steel-tie-rod-cone\/#primaryimage\"},\"thumbnailUrl\":\"https:\/\/qingdaohf.com\/wp-content\/uploads\/2025\/01\/steel-cone-tie-rod.webp\",\"datePublished\":\"2025-01-02T07:50:36+00:00\",\"dateModified\":\"2025-11-13T01:02:21+00:00\",\"description\":\"Steel Tie Rod Cones play a critical role in forming concrete structures by ensuring precise alignment and durability in construction.\",\"breadcrumb\":{\"@id\":\"https:\/\/qingdaohf.com\/product\/steel-tie-rod-cone\/#breadcrumb\"},\"inLanguage\":\"de\",\"potentialAction\":[{\"@type\":\"ReadAction\",\"target\":[\"https:\/\/qingdaohf.com\/product\/steel-tie-rod-cone\/\"]}]},{\"@type\":\"ImageObject\",\"inLanguage\":\"de\",\"@id\":\"https:\/\/qingdaohf.com\/product\/steel-tie-rod-cone\/#primaryimage\",\"url\":\"https:\/\/qingdaohf.com\/wp-content\/uploads\/2025\/01\/steel-cone-tie-rod.webp\",\"contentUrl\":\"https:\/\/qingdaohf.com\/wp-content\/uploads\/2025\/01\/steel-cone-tie-rod.webp\",\"width\":1000,\"height\":1000,\"caption\":\"steel cone tie rod\"},{\"@type\":\"BreadcrumbList\",\"@id\":\"https:\/\/qingdaohf.com\/product\/steel-tie-rod-cone\/#breadcrumb\",\"itemListElement\":[{\"@type\":\"ListItem\",\"position\":1,\"name\":\"Home\",\"item\":\"https:\/\/qingdaohf.com\/\"},{\"@type\":\"ListItem\",\"position\":2,\"name\":\"Concrete Forming Accessories and Rigging Hardware\",\"item\":\"https:\/\/qingdaohf.com\/bg\/?page_id=944\"},{\"@type\":\"ListItem\",\"position\":3,\"name\":\"Steel Tie Rod Cone\"}]},{\"@type\":\"WebSite\",\"@id\":\"https:\/\/qingdaohf.com\/bg\/#website\",\"url\":\"https:\/\/qingdaohf.com\/bg\/\",\"name\":\"Concrete Form & Rigging Hardware Supplier\",\"description\":\"\",\"publisher\":{\"@id\":\"https:\/\/qingdaohf.com\/bg\/#organization\"},\"potentialAction\":[{\"@type\":\"SearchAction\",\"target\":{\"@type\":\"EntryPoint\",\"urlTemplate\":\"https:\/\/qingdaohf.com\/bg\/?s={search_term_string}\"},\"query-input\":{\"@type\":\"PropertyValueSpecification\",\"valueRequired\":true,\"valueName\":\"search_term_string\"}}],\"inLanguage\":\"de\"},{\"@type\":\"Organization\",\"@id\":\"https:\/\/qingdaohf.com\/bg\/#organization\",\"name\":\"Qingdao H&F\",\"url\":\"https:\/\/qingdaohf.com\/bg\/\",\"logo\":{\"@type\":\"ImageObject\",\"inLanguage\":\"de\",\"@id\":\"https:\/\/qingdaohf.com\/bg\/#\/schema\/logo\/image\/\",\"url\":\"https:\/\/qingdaohf.com\/wp-content\/uploads\/2022\/12\/cropped-HF-LOGO.png\",\"contentUrl\":\"https:\/\/qingdaohf.com\/wp-content\/uploads\/2022\/12\/cropped-HF-LOGO.png\",\"width\":391,\"height\":249,\"caption\":\"Qingdao H&F\"},\"image\":{\"@id\":\"https:\/\/qingdaohf.com\/bg\/#\/schema\/logo\/image\/\"},\"sameAs\":[\"https:\/\/www.facebook.com\/qingdaohf\"]}]}<\/script>\n<!-- \/ Yoast SEO plugin. -->","yoast_head_json":{"title":"Steel Tie Rod Cone","description":"Steel Tie Rod Cones play a critical role in forming concrete structures by ensuring precise alignment and durability in construction.","robots":{"index":"index","follow":"follow","max-snippet":"max-snippet:-1","max-image-preview":"max-image-preview:large","max-video-preview":"max-video-preview:-1"},"canonical":"https:\/\/qingdaohf.com\/de\/produkt\/spurstangenkonus-aus-stahl\/","og_locale":"de_DE","og_type":"article","og_title":"Steel Tie Rod Cone","og_description":"Steel Tie Rod Cones play a critical role in forming concrete structures by ensuring precise alignment and durability in construction.","og_url":"https:\/\/qingdaohf.com\/de\/produkt\/spurstangenkonus-aus-stahl\/","og_site_name":"Concrete Form &amp; Rigging Hardware Supplier","article_publisher":"https:\/\/www.facebook.com\/qingdaohf","article_modified_time":"2025-11-13T01:02:21+00:00","og_image":[{"width":1000,"height":1000,"url":"https:\/\/qingdaohf.com\/wp-content\/uploads\/2025\/01\/steel-cone-tie-rod.webp","type":"image\/webp"}],"twitter_card":"summary_large_image","twitter_misc":{"Gesch\u00e4tzte Lesezeit":"3\u00a0Minuten"},"schema":{"@context":"https:\/\/schema.org","@graph":[{"@type":"WebPage","@id":"https:\/\/qingdaohf.com\/product\/steel-tie-rod-cone\/","url":"https:\/\/qingdaohf.com\/product\/steel-tie-rod-cone\/","name":"Steel Tie Rod Cone","isPartOf":{"@id":"https:\/\/qingdaohf.com\/bg\/#website"},"primaryImageOfPage":{"@id":"https:\/\/qingdaohf.com\/product\/steel-tie-rod-cone\/#primaryimage"},"image":{"@id":"https:\/\/qingdaohf.com\/product\/steel-tie-rod-cone\/#primaryimage"},"thumbnailUrl":"https:\/\/qingdaohf.com\/wp-content\/uploads\/2025\/01\/steel-cone-tie-rod.webp","datePublished":"2025-01-02T07:50:36+00:00","dateModified":"2025-11-13T01:02:21+00:00","description":"Steel Tie Rod Cones play a critical role in forming concrete structures by ensuring precise alignment and durability in construction.","breadcrumb":{"@id":"https:\/\/qingdaohf.com\/product\/steel-tie-rod-cone\/#breadcrumb"},"inLanguage":"de","potentialAction":[{"@type":"ReadAction","target":["https:\/\/qingdaohf.com\/product\/steel-tie-rod-cone\/"]}]},{"@type":"ImageObject","inLanguage":"de","@id":"https:\/\/qingdaohf.com\/product\/steel-tie-rod-cone\/#primaryimage","url":"https:\/\/qingdaohf.com\/wp-content\/uploads\/2025\/01\/steel-cone-tie-rod.webp","contentUrl":"https:\/\/qingdaohf.com\/wp-content\/uploads\/2025\/01\/steel-cone-tie-rod.webp","width":1000,"height":1000,"caption":"steel cone tie rod"},{"@type":"BreadcrumbList","@id":"https:\/\/qingdaohf.com\/product\/steel-tie-rod-cone\/#breadcrumb","itemListElement":[{"@type":"ListItem","position":1,"name":"Home","item":"https:\/\/qingdaohf.com\/"},{"@type":"ListItem","position":2,"name":"Concrete Forming Accessories and Rigging Hardware","item":"https:\/\/qingdaohf.com\/bg\/?page_id=944"},{"@type":"ListItem","position":3,"name":"Steel Tie Rod Cone"}]},{"@type":"WebSite","@id":"https:\/\/qingdaohf.com\/bg\/#website","url":"https:\/\/qingdaohf.com\/bg\/","name":"Concrete Form & Rigging Hardware Supplier","description":"","publisher":{"@id":"https:\/\/qingdaohf.com\/bg\/#organization"},"potentialAction":[{"@type":"SearchAction","target":{"@type":"EntryPoint","urlTemplate":"https:\/\/qingdaohf.com\/bg\/?s={search_term_string}"},"query-input":{"@type":"PropertyValueSpecification","valueRequired":true,"valueName":"search_term_string"}}],"inLanguage":"de"},{"@type":"Organization","@id":"https:\/\/qingdaohf.com\/bg\/#organization","name":"Qingdao H&F","url":"https:\/\/qingdaohf.com\/bg\/","logo":{"@type":"ImageObject","inLanguage":"de","@id":"https:\/\/qingdaohf.com\/bg\/#\/schema\/logo\/image\/","url":"https:\/\/qingdaohf.com\/wp-content\/uploads\/2022\/12\/cropped-HF-LOGO.png","contentUrl":"https:\/\/qingdaohf.com\/wp-content\/uploads\/2022\/12\/cropped-HF-LOGO.png","width":391,"height":249,"caption":"Qingdao H&F"},"image":{"@id":"https:\/\/qingdaohf.com\/bg\/#\/schema\/logo\/image\/"},"sameAs":["https:\/\/www.facebook.com\/qingdaohf"]}]}},"_links":{"self":[{"href":"https:\/\/qingdaohf.com\/de\/wp-json\/wp\/v2\/product\/8624","targetHints":{"allow":["GET"]}}],"collection":[{"href":"https:\/\/qingdaohf.com\/de\/wp-json\/wp\/v2\/product"}],"about":[{"href":"https:\/\/qingdaohf.com\/de\/wp-json\/wp\/v2\/types\/product"}],"replies":[{"embeddable":true,"href":"https:\/\/qingdaohf.com\/de\/wp-json\/wp\/v2\/comments?post=8624"}],"version-history":[{"count":1,"href":"https:\/\/qingdaohf.com\/de\/wp-json\/wp\/v2\/product\/8624\/revisions"}],"predecessor-version":[{"id":8626,"href":"https:\/\/qingdaohf.com\/de\/wp-json\/wp\/v2\/product\/8624\/revisions\/8626"}],"wp:featuredmedia":[{"embeddable":true,"href":"https:\/\/qingdaohf.com\/de\/wp-json\/wp\/v2\/media\/8625"}],"wp:attachment":[{"href":"https:\/\/qingdaohf.com\/de\/wp-json\/wp\/v2\/media?parent=8624"}],"wp:term":[{"taxonomy":"product_brand","embeddable":true,"href":"https:\/\/qingdaohf.com\/de\/wp-json\/wp\/v2\/product_brand?post=8624"},{"taxonomy":"product_cat","embeddable":true,"href":"https:\/\/qingdaohf.com\/de\/wp-json\/wp\/v2\/product_cat?post=8624"},{"taxonomy":"product_tag","embeddable":true,"href":"https:\/\/qingdaohf.com\/de\/wp-json\/wp\/v2\/product_tag?post=8624"}],"curies":[{"name":"wp","href":"https:\/\/api.w.org\/{rel}","templated":true}]}}