{"id":8745,"date":"2025-01-18T09:22:33","date_gmt":"2025-01-18T01:22:33","guid":{"rendered":"http:\/\/qingdaohf.com\/?post_type=product&#038;p=8745"},"modified":"2025-11-13T09:02:20","modified_gmt":"2025-11-13T01:02:20","slug":"turnbuckle-concrete","status":"publish","type":"product","link":"https:\/\/qingdaohf.com\/de\/produkt\/spannschloss-beton\/","title":{"rendered":"Spannschloss Beton"},"content":{"rendered":"<p class=\"whitespace-pre-wrap break-words\">Wenn es um Betonschalungen geht, steckt der Teufel im Detail. Hier kommt das Betonzubeh\u00f6r f\u00fcr Spannschl\u00f6sser ins Spiel - sie sind nicht nur Hardware, sondern auch die unbesungenen Helden, die daf\u00fcr sorgen, dass Ihre Schalungen treu bleiben und Ihr Beton perfekt gegossen wird. Kommen wir nun zu den beiden Schwergewichten in der Welt der Spannschl\u00f6sser: Flache Platten und gebogene Platten. Jedes bringt etwas Besonderes mit sich, und die Kenntnis des Unterschieds kann \u00fcber Erfolg oder Misserfolg Ihres n\u00e4chsten Projekts entscheiden.<\/p>\n<p><img fetchpriority=\"high\" decoding=\"async\" class=\"alignnone size-medium wp-image-9135\" src=\"http:\/\/qingdaohf.com\/wp-content\/uploads\/2025\/03\/concrete-turnbuckle-7-300x300.webp\" alt=\"Betonspanneisen\" width=\"300\" height=\"300\" srcset=\"https:\/\/qingdaohf.com\/wp-content\/uploads\/2025\/03\/concrete-turnbuckle-7-300x300.webp 300w, https:\/\/qingdaohf.com\/wp-content\/uploads\/2025\/03\/concrete-turnbuckle-7-150x150.webp 150w, https:\/\/qingdaohf.com\/wp-content\/uploads\/2025\/03\/concrete-turnbuckle-7-768x768.webp 768w, https:\/\/qingdaohf.com\/wp-content\/uploads\/2025\/03\/concrete-turnbuckle-7-12x12.webp 12w, https:\/\/qingdaohf.com\/wp-content\/uploads\/2025\/03\/concrete-turnbuckle-7-500x500.webp 500w, https:\/\/qingdaohf.com\/wp-content\/uploads\/2025\/03\/concrete-turnbuckle-7-100x100.webp 100w, https:\/\/qingdaohf.com\/wp-content\/uploads\/2025\/03\/concrete-turnbuckle-7.webp 1000w\" sizes=\"(max-width: 300px) 100vw, 300px\" \/> <img decoding=\"async\" class=\"alignnone size-medium wp-image-9131\" src=\"http:\/\/qingdaohf.com\/wp-content\/uploads\/2025\/03\/concrete-turnbuckle-3-300x300.webp\" alt=\"Betonspanneisen\" width=\"300\" height=\"300\" srcset=\"https:\/\/qingdaohf.com\/wp-content\/uploads\/2025\/03\/concrete-turnbuckle-3-300x300.webp 300w, https:\/\/qingdaohf.com\/wp-content\/uploads\/2025\/03\/concrete-turnbuckle-3-150x150.webp 150w, https:\/\/qingdaohf.com\/wp-content\/uploads\/2025\/03\/concrete-turnbuckle-3-768x768.webp 768w, https:\/\/qingdaohf.com\/wp-content\/uploads\/2025\/03\/concrete-turnbuckle-3-12x12.webp 12w, https:\/\/qingdaohf.com\/wp-content\/uploads\/2025\/03\/concrete-turnbuckle-3-500x500.webp 500w, https:\/\/qingdaohf.com\/wp-content\/uploads\/2025\/03\/concrete-turnbuckle-3-100x100.webp 100w, https:\/\/qingdaohf.com\/wp-content\/uploads\/2025\/03\/concrete-turnbuckle-3.webp 1000w\" sizes=\"(max-width: 300px) 100vw, 300px\" \/><\/p>\n<p class=\"whitespace-pre-wrap break-words\">Wir von H&amp;F unterst\u00fctzen Sie mit Spannschlossl\u00f6sungen, die Ihre Erwartungen nicht nur erf\u00fcllen, sondern sogar \u00fcbertreffen. Egal, ob Sie an einem weitl\u00e4ufigen Infrastrukturprojekt oder einem pr\u00e4zisen Wohnungsbau arbeiten, wir haben die Werkzeuge, die Sie brauchen, um es richtig zu machen.<\/p>\n<div class=\"ast-oembed-container\" style=\"height: 100%;\"><iframe title=\"Beton-Spannschloss-Formausrichter\" width=\"500\" height=\"281\" src=\"https:\/\/www.youtube.com\/embed\/1guP_DQRF1o?feature=oembed\" frameborder=\"0\" allow=\"accelerometer; autoplay; clipboard-write; encrypted-media; gyroscope; picture-in-picture; web-share\" referrerpolicy=\"strict-origin-when-cross-origin\" allowfullscreen><\/iframe><\/div>\n<h2 class=\"text-xl font-bold text-text-200 mt-1 -mb-0.5\">Spannschl\u00f6sser mit flachen Platten: Pr\u00e4zision und Einfachheit<\/h2>\n<p><img decoding=\"async\" class=\"alignnone wp-image-8766 size-medium\" src=\"http:\/\/qingdaohf.com\/wp-content\/uploads\/2025\/01\/flat-plate-turnbuckle-10-300x300.jpg\" alt=\"Flachspannschloss\" width=\"300\" height=\"300\" srcset=\"https:\/\/qingdaohf.com\/wp-content\/uploads\/2025\/01\/flat-plate-turnbuckle-10-300x300.jpg 300w, https:\/\/qingdaohf.com\/wp-content\/uploads\/2025\/01\/flat-plate-turnbuckle-10-150x150.jpg 150w, https:\/\/qingdaohf.com\/wp-content\/uploads\/2025\/01\/flat-plate-turnbuckle-10-768x768.jpg 768w, https:\/\/qingdaohf.com\/wp-content\/uploads\/2025\/01\/flat-plate-turnbuckle-10-12x12.jpg 12w, https:\/\/qingdaohf.com\/wp-content\/uploads\/2025\/01\/flat-plate-turnbuckle-10-500x500.jpg 500w, https:\/\/qingdaohf.com\/wp-content\/uploads\/2025\/01\/flat-plate-turnbuckle-10-100x100.jpg 100w, https:\/\/qingdaohf.com\/wp-content\/uploads\/2025\/01\/flat-plate-turnbuckle-10.jpg 1000w\" sizes=\"(max-width: 300px) 100vw, 300px\" \/><\/p>\n<p class=\"whitespace-pre-wrap break-words\">Stellen Sie sich das vor: ein Spannschloss, das die Dinge sauber und einfach h\u00e4lt, mit flachen Platten an beiden Enden, die perfekt mit Ihrer Schalung zusammenpassen. Das ist es, was Sie mit unserem Flat Plate Design erhalten. Sie sind nicht nur beliebt, weil sie gut aussehen, sondern auch, weil sie die Last gleichm\u00e4\u00dfig auf die Verbindungspunkte verteilen und so den Verschlei\u00df Ihrer Schalung verringern.<\/p>\n<p class=\"whitespace-pre-wrap break-words\">Das Besondere an diesen Sch\u00f6nheiten ist, dass sie so einfach zu verarbeiten sind. Wenn Sie bei einem Projekt, bei dem jeder Millimeter z\u00e4hlt, unter Zeitdruck stehen, werden Sie ihre unkomplizierte Installation zu sch\u00e4tzen wissen. Und da sie eng an der Form anliegen, m\u00fcssen Sie sich auch keine Sorgen um Abst\u00e4nde machen.<\/p>\n<p class=\"whitespace-pre-wrap break-words\">Wenn es um Materialien geht, machen wir bei H&amp;F keine halben Sachen. Jedes von uns gelieferte Flachspannschloss ist aus sehr robustem Material gefertigt und so konstruiert, dass es der Korrosion trotzt und dem t\u00e4glichen Missbrauch auf der Baustelle standh\u00e4lt.<\/p>\n<h2 class=\"text-xl font-bold text-text-200 mt-1 -mb-0.5\">Gebogene Plattenspannschl\u00f6sser: Anpassungsf\u00e4higkeit und verbesserter Grip<\/h2>\n<p><img loading=\"lazy\" decoding=\"async\" class=\"alignnone size-medium wp-image-8814\" src=\"http:\/\/qingdaohf.com\/wp-content\/uploads\/2025\/01\/bent-plate-turnbuckle-17-300x300.jpg\" alt=\"gebogenes Plattenspannschloss\" width=\"300\" height=\"300\" srcset=\"https:\/\/qingdaohf.com\/wp-content\/uploads\/2025\/01\/bent-plate-turnbuckle-17-300x300.jpg 300w, https:\/\/qingdaohf.com\/wp-content\/uploads\/2025\/01\/bent-plate-turnbuckle-17-150x150.jpg 150w, https:\/\/qingdaohf.com\/wp-content\/uploads\/2025\/01\/bent-plate-turnbuckle-17-768x768.jpg 768w, https:\/\/qingdaohf.com\/wp-content\/uploads\/2025\/01\/bent-plate-turnbuckle-17-12x12.jpg 12w, https:\/\/qingdaohf.com\/wp-content\/uploads\/2025\/01\/bent-plate-turnbuckle-17-500x500.jpg 500w, https:\/\/qingdaohf.com\/wp-content\/uploads\/2025\/01\/bent-plate-turnbuckle-17-100x100.jpg 100w, https:\/\/qingdaohf.com\/wp-content\/uploads\/2025\/01\/bent-plate-turnbuckle-17.jpg 1000w\" sizes=\"(max-width: 300px) 100vw, 300px\" \/><\/p>\n<p class=\"whitespace-pre-wrap break-words\">Kommen wir nun zu den Probleml\u00f6sern in der Welt der Spannschl\u00f6sser - unseren Bent Plate-Modellen. Diese b\u00f6sen Buben kommen mit abgewinkelten Endplatten, die so richtig zupacken. Wenn Sie es mit kniffligen Winkeln oder Oberfl\u00e4chen zu tun haben, die nicht gerade lehrbuchm\u00e4\u00dfig perfekt sind, sind diese Modelle die L\u00f6sung f\u00fcr Sie.<\/p>\n<p class=\"whitespace-pre-wrap break-words\">Die Genialit\u00e4t des gebogenen Blechs zeigt sich in Situationen, in denen Standardl\u00f6sungen nicht ausreichen, um das Problem zu l\u00f6sen. Sie haben eine ungew\u00f6hnliche Belastungssituation? Haben Sie es mit Formen zu tun, die sich drehen und wenden? Hier kommen die Bent Plate Spannschl\u00f6sser zum Einsatz.<\/p>\n<p class=\"whitespace-pre-wrap break-words\">Genau wie ihre Vettern aus flachen Platten sind auch unsere gebogenen Spannschl\u00f6sser robust gebaut. Wir testen sie auf Herz und Nieren, weil wir wissen, dass sie in der realen Welt einigen ernsthaften Herausforderungen ausgesetzt sein werden.<\/p>\n<h2 class=\"text-xl font-bold text-text-200 mt-1 -mb-0.5\">Warum H&amp;F f\u00fcr Spannschloss-Betonl\u00f6sungen w\u00e4hlen?<\/h2>\n<p class=\"whitespace-pre-wrap break-words\">Die Suche nach dem richtigen Spannschloss ist nur der Anfang - Sie brauchen einen Lieferanten, der Ihnen den R\u00fccken freih\u00e4lt, wenn es ernst wird. Und genau hier gl\u00e4nzt H&amp;F. Wir verkaufen nicht einfach nur Hardware, wir liefern Seelenfrieden in Stahl verpackt.<\/p>\n<p class=\"whitespace-pre-wrap break-words\">\u00dcberspringen Sie das automatisierte Telefonlabyrinth - bei uns bekommen Sie einen echten Menschen, der das Bauwesen in- und auswendig kennt. Ihr engagierter Vertreter begleitet Sie vom ersten Kontakt bis zur endg\u00fcltigen Lieferung und dar\u00fcber hinaus und sorgt daf\u00fcr, dass Sie genau das bekommen, was Ihr Projekt erfordert.<\/p>\n<p class=\"whitespace-pre-wrap break-words\">Wir wissen, dass Zeit in diesem Gesch\u00e4ft Geld ist. Deshalb haben wir unseren Lieferprozess gestrafft, damit Sie bekommen, was Sie brauchen, wenn Sie es brauchen. Keine Ausreden, keine Verz\u00f6gerungen - nur zuverl\u00e4ssiger Service, auf den Sie sich verlassen k\u00f6nnen.<\/p>\n<p class=\"whitespace-pre-wrap break-words\">Jedes Spannschloss, das wir versenden, wird mit harten Daten geliefert, die seine Leistung belegen. Wir testen alles rigoros und geben Ihnen die Unterlagen, um es zu beweisen. Denn in diesem Gesch\u00e4ft ist Vertrauen gut, aber Kontrolle ist besser.<\/p>\n<p class=\"whitespace-pre-wrap break-words\">Und jetzt kommt der Clou - wir liefern all diese Qualit\u00e4t und diesen Service, ohne die Bank zu sprengen. Wir haben herausgefunden, wie wir unsere Preise wettbewerbsf\u00e4hig halten und gleichzeitig die Standards beibehalten k\u00f6nnen, die H&amp;F-Spannschl\u00f6sser zur ersten Wahl f\u00fcr ernsthafte Bauherren machen.<\/p>\n<h2 class=\"text-xl font-bold text-text-200 mt-1 -mb-0.5\">Schlussfolgerung: Ma\u00dfgeschneiderte L\u00f6sungen f\u00fcr moderne Baubed\u00fcrfnisse<\/h2>\n<p class=\"whitespace-pre-wrap break-words\">Ganz gleich, ob Sie sich f\u00fcr die pr\u00e4zise Einfachheit eines Flachspannschlosses entscheiden oder sich auf die Griffigkeit und Anpassungsf\u00e4higkeit eines gebogenen Modells verlassen, diese Werkzeuge sind im heutigen Baugeschehen unverzichtbar. Jeder Typ bringt seine eigenen St\u00e4rken mit und ist bereit, alle Herausforderungen Ihres Projekts zu meistern.<\/p>\n<p class=\"whitespace-pre-wrap break-words\">Wir bei H&amp;F sind stolz darauf, diese Werkzeuge mit einem Service zu unterst\u00fctzen, der ihrer Qualit\u00e4t entspricht. Von unserem reaktionsschnellen Team bis hin zu unseren kurzen Lieferzeiten und kugelsicheren Qualit\u00e4tstests - wir sorgen daf\u00fcr, dass Sie alles bekommen, was Sie f\u00fcr Ihren Erfolg brauchen.<\/p>\n<p class=\"whitespace-pre-wrap break-words\">Wenn Sie mit H&amp;F zusammenarbeiten, erhalten Sie mehr als nur Spannschl\u00f6sser - Sie erhalten ein Team, das versteht, was bei Ihrer Arbeit auf dem Spiel steht. Lassen Sie uns gemeinsam etwas Gro\u00dfartiges aufbauen.<\/p>","protected":false},"excerpt":{"rendered":"<p>Spannschlossbeton ist ein wichtiges Zubeh\u00f6rteil bei den meisten Bauprojekten und wird haupts\u00e4chlich bei Schalungssystemen eingesetzt, um f\u00fcr Stabilit\u00e4t und Ausrichtung zu sorgen. Wir bei H&amp;F wissen, dass Qualit\u00e4t, Langlebigkeit und Benutzerfreundlichkeit die wichtigsten Kriterien f\u00fcr K\u00e4ufer sind. Um diesem Anspruch gerecht zu werden, bieten wir mit unserem Spannschloss-Betonzubeh\u00f6r einen pers\u00f6nlichen Kundenservice, einen schnellen Lieferzyklus und einen umfassenden Qualit\u00e4tspr\u00fcfungsbericht. Sie k\u00f6nnen sicher sein, dass unsere Produkte die anspruchsvollsten Industriestandards erf\u00fcllen und dennoch einen hervorragenden Wert bieten.<\/p>","protected":false},"featured_media":8746,"comment_status":"open","ping_status":"closed","template":"","meta":{"site-sidebar-layout":"default","site-content-layout":"","ast-site-content-layout":"default","site-content-style":"default","site-sidebar-style":"default","ast-global-header-display":"","ast-banner-title-visibility":"","ast-main-header-display":"","ast-hfb-above-header-display":"","ast-hfb-below-header-display":"","ast-hfb-mobile-header-display":"","site-post-title":"","ast-breadcrumbs-content":"","ast-featured-img":"","footer-sml-layout":"","theme-transparent-header-meta":"default","adv-header-id-meta":"","stick-header-meta":"default","header-above-stick-meta":"","header-main-stick-meta":"","header-below-stick-meta":"","astra-migrate-meta-layouts":"set","ast-page-background-enabled":"default","ast-page-background-meta":{"desktop":{"background-color":"","background-image":"","background-repeat":"repeat","background-position":"center center","background-size":"auto","background-attachment":"scroll","background-type":"","background-media":"","overlay-type":"","overlay-color":"","overlay-opacity":"","overlay-gradient":""},"tablet":{"background-color":"","background-image":"","background-repeat":"repeat","background-position":"center center","background-size":"auto","background-attachment":"scroll","background-type":"","background-media":"","overlay-type":"","overlay-color":"","overlay-opacity":"","overlay-gradient":""},"mobile":{"background-color":"","background-image":"","background-repeat":"repeat","background-position":"center center","background-size":"auto","background-attachment":"scroll","background-type":"","background-media":"","overlay-type":"","overlay-color":"","overlay-opacity":"","overlay-gradient":""}},"ast-content-background-meta":{"desktop":{"background-color":"var(--ast-global-color-5)","background-image":"","background-repeat":"repeat","background-position":"center center","background-size":"auto","background-attachment":"scroll","background-type":"","background-media":"","overlay-type":"","overlay-color":"","overlay-opacity":"","overlay-gradient":""},"tablet":{"background-color":"var(--ast-global-color-5)","background-image":"","background-repeat":"repeat","background-position":"center center","background-size":"auto","background-attachment":"scroll","background-type":"","background-media":"","overlay-type":"","overlay-color":"","overlay-opacity":"","overlay-gradient":""},"mobile":{"background-color":"var(--ast-global-color-5)","background-image":"","background-repeat":"repeat","background-position":"center center","background-size":"auto","background-attachment":"scroll","background-type":"","background-media":"","overlay-type":"","overlay-color":"","overlay-opacity":"","overlay-gradient":""}}},"product_brand":[],"product_cat":[28],"product_tag":[],"class_list":{"0":"post-8745","1":"product","2":"type-product","3":"status-publish","4":"has-post-thumbnail","6":"product_cat-concrete-forming","7":"desktop-align-left","8":"tablet-align-left","9":"mobile-align-left","10":"ast-product-gallery-layout-horizontal-slider","11":"ast-product-tabs-layout-horizontal","13":"first","14":"instock","15":"shipping-taxable","16":"purchasable","17":"product-type-simple"},"yoast_head":"<!-- This site is optimized with the Yoast SEO plugin v25.2 - https:\/\/yoast.com\/wordpress\/plugins\/seo\/ -->\n<title>Turnbuckle Concrete<\/title>\n<meta name=\"description\" content=\"Turnbuckle concrete is a key accessory in most construction projects and is chiefly applied with formwork systems to make provision for stability and alignment.\" \/>\n<meta name=\"robots\" content=\"index, follow, max-snippet:-1, max-image-preview:large, max-video-preview:-1\" \/>\n<link rel=\"canonical\" href=\"https:\/\/qingdaohf.com\/de\/produkt\/spannschloss-beton\/\" \/>\n<meta property=\"og:locale\" content=\"de_DE\" \/>\n<meta property=\"og:type\" content=\"article\" \/>\n<meta property=\"og:title\" content=\"Turnbuckle Concrete\" \/>\n<meta property=\"og:description\" content=\"Turnbuckle concrete is a key accessory in most construction projects and is chiefly applied with formwork systems to make provision for stability and alignment.\" \/>\n<meta property=\"og:url\" content=\"https:\/\/qingdaohf.com\/de\/produkt\/spannschloss-beton\/\" \/>\n<meta property=\"og:site_name\" content=\"Concrete Form &amp; Rigging Hardware Supplier\" \/>\n<meta property=\"article:publisher\" content=\"https:\/\/www.facebook.com\/qingdaohf\" \/>\n<meta property=\"article:modified_time\" content=\"2025-11-13T01:02:20+00:00\" \/>\n<meta property=\"og:image\" content=\"https:\/\/qingdaohf.com\/wp-content\/uploads\/2025\/01\/concrete-turnbuckle.jpg\" \/>\n\t<meta property=\"og:image:width\" content=\"1000\" \/>\n\t<meta property=\"og:image:height\" content=\"1000\" \/>\n\t<meta property=\"og:image:type\" content=\"image\/jpeg\" \/>\n<meta name=\"twitter:card\" content=\"summary_large_image\" \/>\n<meta name=\"twitter:label1\" content=\"Gesch\u00e4tzte Lesezeit\" \/>\n\t<meta name=\"twitter:data1\" content=\"5\u00a0Minuten\" \/>\n<script type=\"application\/ld+json\" class=\"yoast-schema-graph\">{\"@context\":\"https:\/\/schema.org\",\"@graph\":[{\"@type\":\"WebPage\",\"@id\":\"https:\/\/qingdaohf.com\/product\/turnbuckle-concrete\/\",\"url\":\"https:\/\/qingdaohf.com\/product\/turnbuckle-concrete\/\",\"name\":\"Turnbuckle Concrete\",\"isPartOf\":{\"@id\":\"https:\/\/qingdaohf.com\/bg\/#website\"},\"primaryImageOfPage\":{\"@id\":\"https:\/\/qingdaohf.com\/product\/turnbuckle-concrete\/#primaryimage\"},\"image\":{\"@id\":\"https:\/\/qingdaohf.com\/product\/turnbuckle-concrete\/#primaryimage\"},\"thumbnailUrl\":\"https:\/\/qingdaohf.com\/wp-content\/uploads\/2025\/01\/concrete-turnbuckle.jpg\",\"datePublished\":\"2025-01-18T01:22:33+00:00\",\"dateModified\":\"2025-11-13T01:02:20+00:00\",\"description\":\"Turnbuckle concrete is a key accessory in most construction projects and is chiefly applied with formwork systems to make provision for stability and alignment.\",\"breadcrumb\":{\"@id\":\"https:\/\/qingdaohf.com\/product\/turnbuckle-concrete\/#breadcrumb\"},\"inLanguage\":\"de\",\"potentialAction\":[{\"@type\":\"ReadAction\",\"target\":[\"https:\/\/qingdaohf.com\/product\/turnbuckle-concrete\/\"]}]},{\"@type\":\"ImageObject\",\"inLanguage\":\"de\",\"@id\":\"https:\/\/qingdaohf.com\/product\/turnbuckle-concrete\/#primaryimage\",\"url\":\"https:\/\/qingdaohf.com\/wp-content\/uploads\/2025\/01\/concrete-turnbuckle.jpg\",\"contentUrl\":\"https:\/\/qingdaohf.com\/wp-content\/uploads\/2025\/01\/concrete-turnbuckle.jpg\",\"width\":1000,\"height\":1000,\"caption\":\"concrete turnbuckle\"},{\"@type\":\"BreadcrumbList\",\"@id\":\"https:\/\/qingdaohf.com\/product\/turnbuckle-concrete\/#breadcrumb\",\"itemListElement\":[{\"@type\":\"ListItem\",\"position\":1,\"name\":\"Home\",\"item\":\"https:\/\/qingdaohf.com\/\"},{\"@type\":\"ListItem\",\"position\":2,\"name\":\"Concrete Forming Accessories and Rigging Hardware\",\"item\":\"https:\/\/qingdaohf.com\/bg\/?page_id=944\"},{\"@type\":\"ListItem\",\"position\":3,\"name\":\"Turnbuckle Concrete\"}]},{\"@type\":\"WebSite\",\"@id\":\"https:\/\/qingdaohf.com\/bg\/#website\",\"url\":\"https:\/\/qingdaohf.com\/bg\/\",\"name\":\"Concrete Form & Rigging Hardware Supplier\",\"description\":\"\",\"publisher\":{\"@id\":\"https:\/\/qingdaohf.com\/bg\/#organization\"},\"potentialAction\":[{\"@type\":\"SearchAction\",\"target\":{\"@type\":\"EntryPoint\",\"urlTemplate\":\"https:\/\/qingdaohf.com\/bg\/?s={search_term_string}\"},\"query-input\":{\"@type\":\"PropertyValueSpecification\",\"valueRequired\":true,\"valueName\":\"search_term_string\"}}],\"inLanguage\":\"de\"},{\"@type\":\"Organization\",\"@id\":\"https:\/\/qingdaohf.com\/bg\/#organization\",\"name\":\"Qingdao H&F\",\"url\":\"https:\/\/qingdaohf.com\/bg\/\",\"logo\":{\"@type\":\"ImageObject\",\"inLanguage\":\"de\",\"@id\":\"https:\/\/qingdaohf.com\/bg\/#\/schema\/logo\/image\/\",\"url\":\"https:\/\/qingdaohf.com\/wp-content\/uploads\/2022\/12\/cropped-HF-LOGO.png\",\"contentUrl\":\"https:\/\/qingdaohf.com\/wp-content\/uploads\/2022\/12\/cropped-HF-LOGO.png\",\"width\":391,\"height\":249,\"caption\":\"Qingdao H&F\"},\"image\":{\"@id\":\"https:\/\/qingdaohf.com\/bg\/#\/schema\/logo\/image\/\"},\"sameAs\":[\"https:\/\/www.facebook.com\/qingdaohf\"]}]}<\/script>\n<!-- \/ Yoast SEO plugin. -->","yoast_head_json":{"title":"Turnbuckle Concrete","description":"Turnbuckle concrete is a key accessory in most construction projects and is chiefly applied with formwork systems to make provision for stability and alignment.","robots":{"index":"index","follow":"follow","max-snippet":"max-snippet:-1","max-image-preview":"max-image-preview:large","max-video-preview":"max-video-preview:-1"},"canonical":"https:\/\/qingdaohf.com\/de\/produkt\/spannschloss-beton\/","og_locale":"de_DE","og_type":"article","og_title":"Turnbuckle Concrete","og_description":"Turnbuckle concrete is a key accessory in most construction projects and is chiefly applied with formwork systems to make provision for stability and alignment.","og_url":"https:\/\/qingdaohf.com\/de\/produkt\/spannschloss-beton\/","og_site_name":"Concrete Form &amp; Rigging Hardware Supplier","article_publisher":"https:\/\/www.facebook.com\/qingdaohf","article_modified_time":"2025-11-13T01:02:20+00:00","og_image":[{"width":1000,"height":1000,"url":"https:\/\/qingdaohf.com\/wp-content\/uploads\/2025\/01\/concrete-turnbuckle.jpg","type":"image\/jpeg"}],"twitter_card":"summary_large_image","twitter_misc":{"Gesch\u00e4tzte Lesezeit":"5\u00a0Minuten"},"schema":{"@context":"https:\/\/schema.org","@graph":[{"@type":"WebPage","@id":"https:\/\/qingdaohf.com\/product\/turnbuckle-concrete\/","url":"https:\/\/qingdaohf.com\/product\/turnbuckle-concrete\/","name":"Turnbuckle Concrete","isPartOf":{"@id":"https:\/\/qingdaohf.com\/bg\/#website"},"primaryImageOfPage":{"@id":"https:\/\/qingdaohf.com\/product\/turnbuckle-concrete\/#primaryimage"},"image":{"@id":"https:\/\/qingdaohf.com\/product\/turnbuckle-concrete\/#primaryimage"},"thumbnailUrl":"https:\/\/qingdaohf.com\/wp-content\/uploads\/2025\/01\/concrete-turnbuckle.jpg","datePublished":"2025-01-18T01:22:33+00:00","dateModified":"2025-11-13T01:02:20+00:00","description":"Turnbuckle concrete is a key accessory in most construction projects and is chiefly applied with formwork systems to make provision for stability and alignment.","breadcrumb":{"@id":"https:\/\/qingdaohf.com\/product\/turnbuckle-concrete\/#breadcrumb"},"inLanguage":"de","potentialAction":[{"@type":"ReadAction","target":["https:\/\/qingdaohf.com\/product\/turnbuckle-concrete\/"]}]},{"@type":"ImageObject","inLanguage":"de","@id":"https:\/\/qingdaohf.com\/product\/turnbuckle-concrete\/#primaryimage","url":"https:\/\/qingdaohf.com\/wp-content\/uploads\/2025\/01\/concrete-turnbuckle.jpg","contentUrl":"https:\/\/qingdaohf.com\/wp-content\/uploads\/2025\/01\/concrete-turnbuckle.jpg","width":1000,"height":1000,"caption":"concrete turnbuckle"},{"@type":"BreadcrumbList","@id":"https:\/\/qingdaohf.com\/product\/turnbuckle-concrete\/#breadcrumb","itemListElement":[{"@type":"ListItem","position":1,"name":"Home","item":"https:\/\/qingdaohf.com\/"},{"@type":"ListItem","position":2,"name":"Concrete Forming Accessories and Rigging Hardware","item":"https:\/\/qingdaohf.com\/bg\/?page_id=944"},{"@type":"ListItem","position":3,"name":"Turnbuckle Concrete"}]},{"@type":"WebSite","@id":"https:\/\/qingdaohf.com\/bg\/#website","url":"https:\/\/qingdaohf.com\/bg\/","name":"Concrete Form & Rigging Hardware Supplier","description":"","publisher":{"@id":"https:\/\/qingdaohf.com\/bg\/#organization"},"potentialAction":[{"@type":"SearchAction","target":{"@type":"EntryPoint","urlTemplate":"https:\/\/qingdaohf.com\/bg\/?s={search_term_string}"},"query-input":{"@type":"PropertyValueSpecification","valueRequired":true,"valueName":"search_term_string"}}],"inLanguage":"de"},{"@type":"Organization","@id":"https:\/\/qingdaohf.com\/bg\/#organization","name":"Qingdao H&F","url":"https:\/\/qingdaohf.com\/bg\/","logo":{"@type":"ImageObject","inLanguage":"de","@id":"https:\/\/qingdaohf.com\/bg\/#\/schema\/logo\/image\/","url":"https:\/\/qingdaohf.com\/wp-content\/uploads\/2022\/12\/cropped-HF-LOGO.png","contentUrl":"https:\/\/qingdaohf.com\/wp-content\/uploads\/2022\/12\/cropped-HF-LOGO.png","width":391,"height":249,"caption":"Qingdao H&F"},"image":{"@id":"https:\/\/qingdaohf.com\/bg\/#\/schema\/logo\/image\/"},"sameAs":["https:\/\/www.facebook.com\/qingdaohf"]}]}},"_links":{"self":[{"href":"https:\/\/qingdaohf.com\/de\/wp-json\/wp\/v2\/product\/8745","targetHints":{"allow":["GET"]}}],"collection":[{"href":"https:\/\/qingdaohf.com\/de\/wp-json\/wp\/v2\/product"}],"about":[{"href":"https:\/\/qingdaohf.com\/de\/wp-json\/wp\/v2\/types\/product"}],"replies":[{"embeddable":true,"href":"https:\/\/qingdaohf.com\/de\/wp-json\/wp\/v2\/comments?post=8745"}],"version-history":[{"count":6,"href":"https:\/\/qingdaohf.com\/de\/wp-json\/wp\/v2\/product\/8745\/revisions"}],"predecessor-version":[{"id":9137,"href":"https:\/\/qingdaohf.com\/de\/wp-json\/wp\/v2\/product\/8745\/revisions\/9137"}],"wp:featuredmedia":[{"embeddable":true,"href":"https:\/\/qingdaohf.com\/de\/wp-json\/wp\/v2\/media\/8746"}],"wp:attachment":[{"href":"https:\/\/qingdaohf.com\/de\/wp-json\/wp\/v2\/media?parent=8745"}],"wp:term":[{"taxonomy":"product_brand","embeddable":true,"href":"https:\/\/qingdaohf.com\/de\/wp-json\/wp\/v2\/product_brand?post=8745"},{"taxonomy":"product_cat","embeddable":true,"href":"https:\/\/qingdaohf.com\/de\/wp-json\/wp\/v2\/product_cat?post=8745"},{"taxonomy":"product_tag","embeddable":true,"href":"https:\/\/qingdaohf.com\/de\/wp-json\/wp\/v2\/product_tag?post=8745"}],"curies":[{"name":"wp","href":"https:\/\/api.w.org\/{rel}","templated":true}]}}