{"id":8837,"date":"2025-01-18T10:11:43","date_gmt":"2025-01-18T02:11:43","guid":{"rendered":"http:\/\/qingdaohf.com\/?post_type=product&#038;p=8837"},"modified":"2025-11-13T09:02:20","modified_gmt":"2025-11-13T01:02:20","slug":"concrete-turnbuckle","status":"publish","type":"product","link":"https:\/\/qingdaohf.com\/de\/produkt\/betonspanneisen\/","title":{"rendered":"Spannschloss aus Beton"},"content":{"rendered":"<h2 class=\"text-xl font-bold text-text-200 mt-1 -mb-0.5\">Verstehen von Spannschl\u00f6ssern aus Beton<\/h2>\n<p class=\"whitespace-pre-wrap break-words\">Bei Bauprojekten spielen Betonspannschl\u00f6sser eine entscheidende Rolle f\u00fcr die Stabilit\u00e4t und Pr\u00e4zision. Mit diesen unverzichtbaren Bauteilen k\u00f6nnen Bauunternehmer die Spannung in der Schalung einstellen und so eine pr\u00e4zise Ausrichtung w\u00e4hrend des Betonierens erreichen. Wir bei H&amp;F wissen, wie wichtig diese scheinbar einfachen Ger\u00e4te sind - sie k\u00f6nnen \u00fcber den Erfolg eines Projekts entscheiden.<\/p>\n<p class=\"whitespace-pre-wrap break-words\">In der Bauindustrie werden haupts\u00e4chlich zwei Arten von Spannschl\u00f6ssern aus Beton verwendet: gebogene Platten und flache Plattenkonstruktionen. Beide haben ihre eigenen Vorteile und eignen sich f\u00fcr verschiedene Arten von Projekten und Anwendungen.<\/p>\n<div class=\"ast-oembed-container\" style=\"height: 100%;\"><iframe title=\"Beton-Spannschloss-Formausrichter\" width=\"500\" height=\"281\" src=\"https:\/\/www.youtube.com\/embed\/1guP_DQRF1o?feature=oembed\" frameborder=\"0\" allow=\"accelerometer; autoplay; clipboard-write; encrypted-media; gyroscope; picture-in-picture; web-share\" referrerpolicy=\"strict-origin-when-cross-origin\" allowfullscreen><\/iframe><\/div>\n<h2 class=\"text-xl font-bold text-text-200 mt-1 -mb-0.5\">Gebogene Plattenspannschl\u00f6sser<\/h2>\n<p><img fetchpriority=\"high\" decoding=\"async\" class=\"alignnone size-medium wp-image-8806\" src=\"http:\/\/qingdaohf.com\/wp-content\/uploads\/2025\/01\/bent-plate-turnbuckle-9-300x300.jpg\" alt=\"gebogenes Plattenspannschloss\" width=\"300\" height=\"300\" srcset=\"https:\/\/qingdaohf.com\/wp-content\/uploads\/2025\/01\/bent-plate-turnbuckle-9-300x300.jpg 300w, https:\/\/qingdaohf.com\/wp-content\/uploads\/2025\/01\/bent-plate-turnbuckle-9-150x150.jpg 150w, https:\/\/qingdaohf.com\/wp-content\/uploads\/2025\/01\/bent-plate-turnbuckle-9-768x768.jpg 768w, https:\/\/qingdaohf.com\/wp-content\/uploads\/2025\/01\/bent-plate-turnbuckle-9-12x12.jpg 12w, https:\/\/qingdaohf.com\/wp-content\/uploads\/2025\/01\/bent-plate-turnbuckle-9-500x500.jpg 500w, https:\/\/qingdaohf.com\/wp-content\/uploads\/2025\/01\/bent-plate-turnbuckle-9-100x100.jpg 100w, https:\/\/qingdaohf.com\/wp-content\/uploads\/2025\/01\/bent-plate-turnbuckle-9.jpg 1000w\" sizes=\"(max-width: 300px) 100vw, 300px\" \/><\/p>\n<p class=\"whitespace-pre-wrap break-words\">Gebogene Spannschl\u00f6sser zeichnen sich durch eine besondere, gebogene Form aus, die ihnen bei bestimmten Anwendungen einen Vorteil verschafft. Ihre Form dient nicht nur der Schau - sie tr\u00e4gt zu einer gleichm\u00e4\u00dfigeren Kraftverteilung bei, was sie besonders wertvoll macht, wenn es um wechselnde Lasten oder ungew\u00f6hnliche Belastungsmuster geht. Bautrupps bevorzugen diese Modelle oft, wenn sie h\u00e4ufige Anpassungen vornehmen m\u00fcssen, da sie in der Regel einfacher zu handhaben und spontan anzupassen sind.<\/p>\n<p class=\"whitespace-pre-wrap break-words\">Wir bei H&amp;F stellen unsere gebogenen Spannschl\u00f6sser aus erstklassigen Materialien her und unterziehen jede Einheit strengen Tests. Jedes Spannschloss wird mit detaillierten Qualit\u00e4tsberichten geliefert, damit Sie genau wissen, was Sie bekommen.<\/p>\n<h2 class=\"text-xl font-bold text-text-200 mt-1 -mb-0.5\">Spannschl\u00f6sser mit flacher Platte<\/h2>\n<p><img decoding=\"async\" class=\"alignnone size-medium wp-image-8772\" src=\"http:\/\/qingdaohf.com\/wp-content\/uploads\/2025\/01\/flat-plate-turnbuckle-17-300x300.jpg\" alt=\"Flachspannschloss \" width=\"300\" height=\"300\" srcset=\"https:\/\/qingdaohf.com\/wp-content\/uploads\/2025\/01\/flat-plate-turnbuckle-17-300x300.jpg 300w, https:\/\/qingdaohf.com\/wp-content\/uploads\/2025\/01\/flat-plate-turnbuckle-17-150x150.jpg 150w, https:\/\/qingdaohf.com\/wp-content\/uploads\/2025\/01\/flat-plate-turnbuckle-17-768x768.jpg 768w, https:\/\/qingdaohf.com\/wp-content\/uploads\/2025\/01\/flat-plate-turnbuckle-17-12x12.jpg 12w, https:\/\/qingdaohf.com\/wp-content\/uploads\/2025\/01\/flat-plate-turnbuckle-17-500x500.jpg 500w, https:\/\/qingdaohf.com\/wp-content\/uploads\/2025\/01\/flat-plate-turnbuckle-17-100x100.jpg 100w, https:\/\/qingdaohf.com\/wp-content\/uploads\/2025\/01\/flat-plate-turnbuckle-17.jpg 1000w\" sizes=\"(max-width: 300px) 100vw, 300px\" \/><\/p>\n<p class=\"whitespace-pre-wrap break-words\">Wenn Sie nach einer einfacheren L\u00f6sung suchen, sind Flachspannschl\u00f6sser vielleicht die beste Wahl. Ihr einfaches Design macht ihre Installation zu einem Kinderspiel, und sie lassen sich problemlos in die meisten Schalungssysteme integrieren. Viele Bauunternehmer entscheiden sich f\u00fcr diese Modelle, wenn sie eine zuverl\u00e4ssige Leistung ben\u00f6tigen, ohne dabei das Budget zu sprengen.<\/p>\n<p class=\"whitespace-pre-wrap break-words\">Unsere Flachspannschl\u00f6sser werden mit der gleichen Liebe zum Detail hergestellt wie ihre gebogenen Verwandten. Wir arbeiten direkt mit unseren Kunden zusammen, um ihre spezifischen Anforderungen zu verstehen und sicherzustellen, dass sie genau das bekommen, was ihr Projekt braucht.<\/p>\n<h2 class=\"text-xl font-bold text-text-200 mt-1 -mb-0.5\">Warum sollten Sie H&amp;F f\u00fcr Ihre Spannschl\u00f6sser aus Beton w\u00e4hlen?<\/h2>\n<p class=\"whitespace-pre-wrap break-words\">Die Wahl des richtigen Lieferanten ist ebenso wichtig wie die Wahl des richtigen Produkts. Wir bei H&amp;F verkaufen nicht nur Spannschl\u00f6sser - wir bauen Partnerschaften auf. Unser individueller Ansatz bedeutet, dass Sie mit einem engagierten Vertreter zusammenarbeiten, der die einzigartigen Herausforderungen und Anforderungen Ihres Projekts versteht.<\/p>\n<p class=\"whitespace-pre-wrap break-words\">Wir wissen, dass die Zeitpl\u00e4ne im Baugewerbe knapp bemessen sind. Deshalb haben wir unseren Lieferprozess optimiert, damit Sie bekommen, was Sie brauchen, wenn Sie es brauchen. Verz\u00f6gerungen kosten Geld, und wir setzen uns daf\u00fcr ein, dass Ihr Projekt im Zeitplan bleibt.<\/p>\n<p class=\"whitespace-pre-wrap break-words\">Qualit\u00e4t ist f\u00fcr uns nicht nur ein Schlagwort - sie ist in alles, was wir tun, integriert. Jedes Spannschloss durchl\u00e4uft umfassende Tests, bevor es unser Werk verl\u00e4sst. Wir stellen eine detaillierte Pr\u00fcfdokumentation zur Verf\u00fcgung, damit Sie \u00fcberpr\u00fcfen k\u00f6nnen, ob jedes Produkt die Industrienormen erf\u00fcllt oder \u00fcbertrifft.<\/p>\n<p class=\"whitespace-pre-wrap break-words\">Ganz gleich, ob Sie gebogene oder flache Spannschl\u00f6sser ben\u00f6tigen, wir bieten verschiedene Gr\u00f6\u00dfen und Konfigurationen f\u00fcr Ihre spezielle Anwendung. Unser Team ist jederzeit bereit, Ihnen bei der Auswahl der richtigen Option zu helfen oder eine ma\u00dfgeschneiderte L\u00f6sung f\u00fcr Ihre besonderen Herausforderungen zu entwickeln. Wir wissen, dass kein Bauprojekt dem anderen gleicht, und wir sind hier, um Spannschl\u00f6sser zu liefern, die f\u00fcr Ihre spezielle Situation geeignet sind.<\/p>","protected":false},"excerpt":{"rendered":"<p>Betonspannschl\u00f6sser sind seit langem eine feste Gr\u00f6\u00dfe in der Bauindustrie und sorgen f\u00fcr Genauigkeit beim Spannen und Ausrichten bei Schalungen. Die meisten K\u00e4ufer solcher Spannschl\u00f6sser achten auf die Aspekte Haltbarkeit, einfache Bedienung und optimale Leistung. H&amp;F bietet verschiedene Produkte f\u00fcr unterschiedliche Projekte an: gebogene Bleche und flache Bleche mit einem individuellen Kundenservice, der eine individuelle Anpassung der Produkte, schnelle Lieferzyklen und vollst\u00e4ndige Qualit\u00e4tspr\u00fcfungsberichte erm\u00f6glicht, die am Ende Sicherheit geben.<\/p>","protected":false},"featured_media":9146,"comment_status":"open","ping_status":"closed","template":"","meta":{"site-sidebar-layout":"default","site-content-layout":"","ast-site-content-layout":"default","site-content-style":"default","site-sidebar-style":"default","ast-global-header-display":"","ast-banner-title-visibility":"","ast-main-header-display":"","ast-hfb-above-header-display":"","ast-hfb-below-header-display":"","ast-hfb-mobile-header-display":"","site-post-title":"","ast-breadcrumbs-content":"","ast-featured-img":"","footer-sml-layout":"","theme-transparent-header-meta":"default","adv-header-id-meta":"","stick-header-meta":"default","header-above-stick-meta":"","header-main-stick-meta":"","header-below-stick-meta":"","astra-migrate-meta-layouts":"set","ast-page-background-enabled":"default","ast-page-background-meta":{"desktop":{"background-color":"","background-image":"","background-repeat":"repeat","background-position":"center center","background-size":"auto","background-attachment":"scroll","background-type":"","background-media":"","overlay-type":"","overlay-color":"","overlay-opacity":"","overlay-gradient":""},"tablet":{"background-color":"","background-image":"","background-repeat":"repeat","background-position":"center center","background-size":"auto","background-attachment":"scroll","background-type":"","background-media":"","overlay-type":"","overlay-color":"","overlay-opacity":"","overlay-gradient":""},"mobile":{"background-color":"","background-image":"","background-repeat":"repeat","background-position":"center center","background-size":"auto","background-attachment":"scroll","background-type":"","background-media":"","overlay-type":"","overlay-color":"","overlay-opacity":"","overlay-gradient":""}},"ast-content-background-meta":{"desktop":{"background-color":"var(--ast-global-color-5)","background-image":"","background-repeat":"repeat","background-position":"center center","background-size":"auto","background-attachment":"scroll","background-type":"","background-media":"","overlay-type":"","overlay-color":"","overlay-opacity":"","overlay-gradient":""},"tablet":{"background-color":"var(--ast-global-color-5)","background-image":"","background-repeat":"repeat","background-position":"center center","background-size":"auto","background-attachment":"scroll","background-type":"","background-media":"","overlay-type":"","overlay-color":"","overlay-opacity":"","overlay-gradient":""},"mobile":{"background-color":"var(--ast-global-color-5)","background-image":"","background-repeat":"repeat","background-position":"center center","background-size":"auto","background-attachment":"scroll","background-type":"","background-media":"","overlay-type":"","overlay-color":"","overlay-opacity":"","overlay-gradient":""}}},"product_brand":[],"product_cat":[28],"product_tag":[],"class_list":{"0":"post-8837","1":"product","2":"type-product","3":"status-publish","4":"has-post-thumbnail","6":"product_cat-concrete-forming","7":"desktop-align-left","8":"tablet-align-left","9":"mobile-align-left","10":"ast-product-gallery-layout-horizontal-slider","11":"ast-product-tabs-layout-horizontal","13":"first","14":"instock","15":"shipping-taxable","16":"purchasable","17":"product-type-simple"},"yoast_head":"<!-- This site is optimized with the Yoast SEO plugin v25.2 - https:\/\/yoast.com\/wordpress\/plugins\/seo\/ -->\n<title>Concrete Turnbuckle<\/title>\n<meta name=\"description\" content=\"Concrete turnbuckles have been a mainstay in the construction industry for quite some time and ensure accuracy in tensioning and alignment during formwork.\" \/>\n<meta name=\"robots\" content=\"index, follow, max-snippet:-1, max-image-preview:large, max-video-preview:-1\" \/>\n<link rel=\"canonical\" href=\"https:\/\/qingdaohf.com\/de\/produkt\/betonspanneisen\/\" \/>\n<meta property=\"og:locale\" content=\"de_DE\" \/>\n<meta property=\"og:type\" content=\"article\" \/>\n<meta property=\"og:title\" content=\"Concrete Turnbuckle\" \/>\n<meta property=\"og:description\" content=\"Concrete turnbuckles have been a mainstay in the construction industry for quite some time and ensure accuracy in tensioning and alignment during formwork.\" \/>\n<meta property=\"og:url\" content=\"https:\/\/qingdaohf.com\/de\/produkt\/betonspanneisen\/\" \/>\n<meta property=\"og:site_name\" content=\"Concrete Form &amp; Rigging Hardware Supplier\" \/>\n<meta property=\"article:publisher\" content=\"https:\/\/www.facebook.com\/qingdaohf\" \/>\n<meta property=\"article:modified_time\" content=\"2025-11-13T01:02:20+00:00\" \/>\n<meta property=\"og:image\" content=\"https:\/\/qingdaohf.com\/wp-content\/uploads\/2025\/01\/turnbuckle-form-aligner.jpg\" \/>\n\t<meta property=\"og:image:width\" content=\"1000\" \/>\n\t<meta property=\"og:image:height\" content=\"1000\" \/>\n\t<meta property=\"og:image:type\" content=\"image\/jpeg\" \/>\n<meta name=\"twitter:card\" content=\"summary_large_image\" \/>\n<meta name=\"twitter:label1\" content=\"Gesch\u00e4tzte Lesezeit\" \/>\n\t<meta name=\"twitter:data1\" content=\"3\u00a0Minuten\" \/>\n<script type=\"application\/ld+json\" class=\"yoast-schema-graph\">{\"@context\":\"https:\/\/schema.org\",\"@graph\":[{\"@type\":\"WebPage\",\"@id\":\"https:\/\/qingdaohf.com\/product\/concrete-turnbuckle\/\",\"url\":\"https:\/\/qingdaohf.com\/product\/concrete-turnbuckle\/\",\"name\":\"Concrete Turnbuckle\",\"isPartOf\":{\"@id\":\"https:\/\/qingdaohf.com\/bg\/#website\"},\"primaryImageOfPage\":{\"@id\":\"https:\/\/qingdaohf.com\/product\/concrete-turnbuckle\/#primaryimage\"},\"image\":{\"@id\":\"https:\/\/qingdaohf.com\/product\/concrete-turnbuckle\/#primaryimage\"},\"thumbnailUrl\":\"https:\/\/qingdaohf.com\/wp-content\/uploads\/2025\/01\/turnbuckle-form-aligner.jpg\",\"datePublished\":\"2025-01-18T02:11:43+00:00\",\"dateModified\":\"2025-11-13T01:02:20+00:00\",\"description\":\"Concrete turnbuckles have been a mainstay in the construction industry for quite some time and ensure accuracy in tensioning and alignment during formwork.\",\"breadcrumb\":{\"@id\":\"https:\/\/qingdaohf.com\/product\/concrete-turnbuckle\/#breadcrumb\"},\"inLanguage\":\"de\",\"potentialAction\":[{\"@type\":\"ReadAction\",\"target\":[\"https:\/\/qingdaohf.com\/product\/concrete-turnbuckle\/\"]}]},{\"@type\":\"ImageObject\",\"inLanguage\":\"de\",\"@id\":\"https:\/\/qingdaohf.com\/product\/concrete-turnbuckle\/#primaryimage\",\"url\":\"https:\/\/qingdaohf.com\/wp-content\/uploads\/2025\/01\/turnbuckle-form-aligner.jpg\",\"contentUrl\":\"https:\/\/qingdaohf.com\/wp-content\/uploads\/2025\/01\/turnbuckle-form-aligner.jpg\",\"width\":1000,\"height\":1000,\"caption\":\"turnbuckle form aligner\"},{\"@type\":\"BreadcrumbList\",\"@id\":\"https:\/\/qingdaohf.com\/product\/concrete-turnbuckle\/#breadcrumb\",\"itemListElement\":[{\"@type\":\"ListItem\",\"position\":1,\"name\":\"Home\",\"item\":\"https:\/\/qingdaohf.com\/\"},{\"@type\":\"ListItem\",\"position\":2,\"name\":\"Concrete Forming Accessories and Rigging Hardware\",\"item\":\"https:\/\/qingdaohf.com\/bg\/?page_id=944\"},{\"@type\":\"ListItem\",\"position\":3,\"name\":\"Concrete Turnbuckle\"}]},{\"@type\":\"WebSite\",\"@id\":\"https:\/\/qingdaohf.com\/bg\/#website\",\"url\":\"https:\/\/qingdaohf.com\/bg\/\",\"name\":\"Concrete Form & Rigging Hardware Supplier\",\"description\":\"\",\"publisher\":{\"@id\":\"https:\/\/qingdaohf.com\/bg\/#organization\"},\"potentialAction\":[{\"@type\":\"SearchAction\",\"target\":{\"@type\":\"EntryPoint\",\"urlTemplate\":\"https:\/\/qingdaohf.com\/bg\/?s={search_term_string}\"},\"query-input\":{\"@type\":\"PropertyValueSpecification\",\"valueRequired\":true,\"valueName\":\"search_term_string\"}}],\"inLanguage\":\"de\"},{\"@type\":\"Organization\",\"@id\":\"https:\/\/qingdaohf.com\/bg\/#organization\",\"name\":\"Qingdao H&F\",\"url\":\"https:\/\/qingdaohf.com\/bg\/\",\"logo\":{\"@type\":\"ImageObject\",\"inLanguage\":\"de\",\"@id\":\"https:\/\/qingdaohf.com\/bg\/#\/schema\/logo\/image\/\",\"url\":\"https:\/\/qingdaohf.com\/wp-content\/uploads\/2022\/12\/cropped-HF-LOGO.png\",\"contentUrl\":\"https:\/\/qingdaohf.com\/wp-content\/uploads\/2022\/12\/cropped-HF-LOGO.png\",\"width\":391,\"height\":249,\"caption\":\"Qingdao H&F\"},\"image\":{\"@id\":\"https:\/\/qingdaohf.com\/bg\/#\/schema\/logo\/image\/\"},\"sameAs\":[\"https:\/\/www.facebook.com\/qingdaohf\"]}]}<\/script>\n<!-- \/ Yoast SEO plugin. -->","yoast_head_json":{"title":"Concrete Turnbuckle","description":"Concrete turnbuckles have been a mainstay in the construction industry for quite some time and ensure accuracy in tensioning and alignment during formwork.","robots":{"index":"index","follow":"follow","max-snippet":"max-snippet:-1","max-image-preview":"max-image-preview:large","max-video-preview":"max-video-preview:-1"},"canonical":"https:\/\/qingdaohf.com\/de\/produkt\/betonspanneisen\/","og_locale":"de_DE","og_type":"article","og_title":"Concrete Turnbuckle","og_description":"Concrete turnbuckles have been a mainstay in the construction industry for quite some time and ensure accuracy in tensioning and alignment during formwork.","og_url":"https:\/\/qingdaohf.com\/de\/produkt\/betonspanneisen\/","og_site_name":"Concrete Form &amp; Rigging Hardware Supplier","article_publisher":"https:\/\/www.facebook.com\/qingdaohf","article_modified_time":"2025-11-13T01:02:20+00:00","og_image":[{"width":1000,"height":1000,"url":"https:\/\/qingdaohf.com\/wp-content\/uploads\/2025\/01\/turnbuckle-form-aligner.jpg","type":"image\/jpeg"}],"twitter_card":"summary_large_image","twitter_misc":{"Gesch\u00e4tzte Lesezeit":"3\u00a0Minuten"},"schema":{"@context":"https:\/\/schema.org","@graph":[{"@type":"WebPage","@id":"https:\/\/qingdaohf.com\/product\/concrete-turnbuckle\/","url":"https:\/\/qingdaohf.com\/product\/concrete-turnbuckle\/","name":"Concrete Turnbuckle","isPartOf":{"@id":"https:\/\/qingdaohf.com\/bg\/#website"},"primaryImageOfPage":{"@id":"https:\/\/qingdaohf.com\/product\/concrete-turnbuckle\/#primaryimage"},"image":{"@id":"https:\/\/qingdaohf.com\/product\/concrete-turnbuckle\/#primaryimage"},"thumbnailUrl":"https:\/\/qingdaohf.com\/wp-content\/uploads\/2025\/01\/turnbuckle-form-aligner.jpg","datePublished":"2025-01-18T02:11:43+00:00","dateModified":"2025-11-13T01:02:20+00:00","description":"Concrete turnbuckles have been a mainstay in the construction industry for quite some time and ensure accuracy in tensioning and alignment during formwork.","breadcrumb":{"@id":"https:\/\/qingdaohf.com\/product\/concrete-turnbuckle\/#breadcrumb"},"inLanguage":"de","potentialAction":[{"@type":"ReadAction","target":["https:\/\/qingdaohf.com\/product\/concrete-turnbuckle\/"]}]},{"@type":"ImageObject","inLanguage":"de","@id":"https:\/\/qingdaohf.com\/product\/concrete-turnbuckle\/#primaryimage","url":"https:\/\/qingdaohf.com\/wp-content\/uploads\/2025\/01\/turnbuckle-form-aligner.jpg","contentUrl":"https:\/\/qingdaohf.com\/wp-content\/uploads\/2025\/01\/turnbuckle-form-aligner.jpg","width":1000,"height":1000,"caption":"turnbuckle form aligner"},{"@type":"BreadcrumbList","@id":"https:\/\/qingdaohf.com\/product\/concrete-turnbuckle\/#breadcrumb","itemListElement":[{"@type":"ListItem","position":1,"name":"Home","item":"https:\/\/qingdaohf.com\/"},{"@type":"ListItem","position":2,"name":"Concrete Forming Accessories and Rigging Hardware","item":"https:\/\/qingdaohf.com\/bg\/?page_id=944"},{"@type":"ListItem","position":3,"name":"Concrete Turnbuckle"}]},{"@type":"WebSite","@id":"https:\/\/qingdaohf.com\/bg\/#website","url":"https:\/\/qingdaohf.com\/bg\/","name":"Concrete Form & Rigging Hardware Supplier","description":"","publisher":{"@id":"https:\/\/qingdaohf.com\/bg\/#organization"},"potentialAction":[{"@type":"SearchAction","target":{"@type":"EntryPoint","urlTemplate":"https:\/\/qingdaohf.com\/bg\/?s={search_term_string}"},"query-input":{"@type":"PropertyValueSpecification","valueRequired":true,"valueName":"search_term_string"}}],"inLanguage":"de"},{"@type":"Organization","@id":"https:\/\/qingdaohf.com\/bg\/#organization","name":"Qingdao H&F","url":"https:\/\/qingdaohf.com\/bg\/","logo":{"@type":"ImageObject","inLanguage":"de","@id":"https:\/\/qingdaohf.com\/bg\/#\/schema\/logo\/image\/","url":"https:\/\/qingdaohf.com\/wp-content\/uploads\/2022\/12\/cropped-HF-LOGO.png","contentUrl":"https:\/\/qingdaohf.com\/wp-content\/uploads\/2022\/12\/cropped-HF-LOGO.png","width":391,"height":249,"caption":"Qingdao H&F"},"image":{"@id":"https:\/\/qingdaohf.com\/bg\/#\/schema\/logo\/image\/"},"sameAs":["https:\/\/www.facebook.com\/qingdaohf"]}]}},"_links":{"self":[{"href":"https:\/\/qingdaohf.com\/de\/wp-json\/wp\/v2\/product\/8837","targetHints":{"allow":["GET"]}}],"collection":[{"href":"https:\/\/qingdaohf.com\/de\/wp-json\/wp\/v2\/product"}],"about":[{"href":"https:\/\/qingdaohf.com\/de\/wp-json\/wp\/v2\/types\/product"}],"replies":[{"embeddable":true,"href":"https:\/\/qingdaohf.com\/de\/wp-json\/wp\/v2\/comments?post=8837"}],"version-history":[{"count":4,"href":"https:\/\/qingdaohf.com\/de\/wp-json\/wp\/v2\/product\/8837\/revisions"}],"predecessor-version":[{"id":9147,"href":"https:\/\/qingdaohf.com\/de\/wp-json\/wp\/v2\/product\/8837\/revisions\/9147"}],"wp:featuredmedia":[{"embeddable":true,"href":"https:\/\/qingdaohf.com\/de\/wp-json\/wp\/v2\/media\/9146"}],"wp:attachment":[{"href":"https:\/\/qingdaohf.com\/de\/wp-json\/wp\/v2\/media?parent=8837"}],"wp:term":[{"taxonomy":"product_brand","embeddable":true,"href":"https:\/\/qingdaohf.com\/de\/wp-json\/wp\/v2\/product_brand?post=8837"},{"taxonomy":"product_cat","embeddable":true,"href":"https:\/\/qingdaohf.com\/de\/wp-json\/wp\/v2\/product_cat?post=8837"},{"taxonomy":"product_tag","embeddable":true,"href":"https:\/\/qingdaohf.com\/de\/wp-json\/wp\/v2\/product_tag?post=8837"}],"curies":[{"name":"wp","href":"https:\/\/api.w.org\/{rel}","templated":true}]}}