{"id":8858,"date":"2025-01-21T15:05:09","date_gmt":"2025-01-21T07:05:09","guid":{"rendered":"http:\/\/qingdaohf.com\/?post_type=product&#038;p=8858"},"modified":"2025-11-13T09:02:20","modified_gmt":"2025-11-13T01:02:20","slug":"anchor-bolt-concrete","status":"publish","type":"product","link":"https:\/\/qingdaohf.com\/de\/produkt\/ankerbolzen-beton\/","title":{"rendered":"Ankerbolzen Beton"},"content":{"rendered":"<h2 class=\"whitespace-pre-wrap break-words\">Verstehen von Ankerbolzenanwendungen im Beton<\/h2>\n<p class=\"whitespace-pre-wrap break-words\">Ankerbolzen, auch als Fundamentbolzen oder L-Bolzen bekannt, dienen als R\u00fcckgrat der strukturellen Stabilit\u00e4t in verschiedenen Bauanwendungen. Auf jeder gr\u00f6\u00dferen Baustelle werden Sie sie sehen, wenn sie Stahls\u00e4ulen st\u00fctzen, schwere Maschinen verankern oder Tragwerke an Betonfundamenten befestigen. Es handelt sich dabei nicht um gew\u00f6hnliche Verbindungselemente - sie sind die entscheidenden Komponenten, die f\u00fcr die Festigkeit und Zuverl\u00e4ssigkeit sorgen, die von Ingenieuren und Bauunternehmern vor Ort gefordert wird. Sich damit vertraut zu machen, wie diese Schrauben in Verbindung mit Beton funktionieren, ist nicht nur hilfreich, sondern auch unerl\u00e4sslich, um den richtigen Typ auszuw\u00e4hlen und sicherzustellen, dass sie \u00fcber lange Zeit hinweg funktionieren.<\/p>\n<p><img fetchpriority=\"high\" decoding=\"async\" class=\"alignnone wp-image-9149 size-large\" src=\"http:\/\/qingdaohf.com\/wp-content\/uploads\/2025\/03\/foundation-bolt-1-1024x768.webp\" alt=\"Fundamentschraube\" width=\"1024\" height=\"768\" srcset=\"https:\/\/qingdaohf.com\/wp-content\/uploads\/2025\/03\/foundation-bolt-1-1024x768.webp 1024w, https:\/\/qingdaohf.com\/wp-content\/uploads\/2025\/03\/foundation-bolt-1-300x225.webp 300w, https:\/\/qingdaohf.com\/wp-content\/uploads\/2025\/03\/foundation-bolt-1-768x576.webp 768w, https:\/\/qingdaohf.com\/wp-content\/uploads\/2025\/03\/foundation-bolt-1-16x12.webp 16w, https:\/\/qingdaohf.com\/wp-content\/uploads\/2025\/03\/foundation-bolt-1-1000x750.webp 1000w, https:\/\/qingdaohf.com\/wp-content\/uploads\/2025\/03\/foundation-bolt-1.webp 1200w\" sizes=\"(max-width: 1024px) 100vw, 1024px\" \/><\/p>\n<p class=\"whitespace-pre-wrap break-words\">Schauen Sie sich jede Ankerbolzen-Betonl\u00f6sung an und Sie werden sehen, dass sie von Grund auf robust gebaut ist. Sie sind nicht nur daf\u00fcr ausgelegt, Dinge an Ort und Stelle zu halten - sie sind so konstruiert, dass sie schweren Belastungen und brutalen Umweltbedingungen standhalten und gleichzeitig die Lasten gleichm\u00e4\u00dfig verteilen, um Schwachstellen zu vermeiden. Bei der Auswahl von Fundament- und L-Bolzen achten erfahrene Ingenieure vor allem auf drei Dinge: die Zugfestigkeit, die Rostbest\u00e4ndigkeit und die M\u00f6glichkeit der punktgenauen Montage. Wir haben unseren Fertigungsprozess genau auf diese Anforderungen ausgerichtet, um sicherzustellen, dass unsere Produkte allen Anforderungen Ihres Projekts gewachsen sind.<\/p>\n<p><strong>Beschichtung\/Material:<\/strong> Feuerverzinkter oder unbeschichteter Stahl<\/p>\n<h3>Gr\u00f6\u00dfe der Fundamentschrauben:<\/h3>\n\n<table id=\"tablepress-2\" class=\"tablepress tablepress-id-2\">\n<thead>\n<tr class=\"row-1\">\n\t<th class=\"column-1\">Durchmesser (Zoll)<\/th><th class=\"column-2\">L\u00e4nge (Zoll)<\/th>\n<\/tr>\n<\/thead>\n<tbody class=\"row-striping row-hover\">\n<tr class=\"row-2\">\n\t<td class=\"column-1\">1\/2\u2033<\/td><td class=\"column-2\">6\u2033<\/td>\n<\/tr>\n<tr class=\"row-3\">\n\t<td class=\"column-1\">1\/2\u2033<\/td><td class=\"column-2\">8\u2033<\/td>\n<\/tr>\n<tr class=\"row-4\">\n\t<td class=\"column-1\">1\/2\u2033<\/td><td class=\"column-2\">10\u2033<\/td>\n<\/tr>\n<tr class=\"row-5\">\n\t<td class=\"column-1\">1\/2\u2033<\/td><td class=\"column-2\">12\u2033<\/td>\n<\/tr>\n<tr class=\"row-6\">\n\t<td class=\"column-1\">1\/2\u2033<\/td><td class=\"column-2\">14\u2033<\/td>\n<\/tr>\n<tr class=\"row-7\">\n\t<td class=\"column-1\">1\/2\u2033<\/td><td class=\"column-2\">16\u2033<\/td>\n<\/tr>\n<tr class=\"row-8\">\n\t<td class=\"column-1\">1\/2\u2033<\/td><td class=\"column-2\">18\u2033<\/td>\n<\/tr>\n<tr class=\"row-9\">\n\t<td class=\"column-1\">5\/8\u2033<\/td><td class=\"column-2\">6\u2033<\/td>\n<\/tr>\n<tr class=\"row-10\">\n\t<td class=\"column-1\">5\/8\u2033<\/td><td class=\"column-2\">8\u2033<\/td>\n<\/tr>\n<tr class=\"row-11\">\n\t<td class=\"column-1\">5\/8\u2033<\/td><td class=\"column-2\">10\u2033<\/td>\n<\/tr>\n<tr class=\"row-12\">\n\t<td class=\"column-1\">5\/8\u2033<\/td><td class=\"column-2\">12\u2033<\/td>\n<\/tr>\n<tr class=\"row-13\">\n\t<td class=\"column-1\">5\/8\u2033<\/td><td class=\"column-2\">14\u2033<\/td>\n<\/tr>\n<tr class=\"row-14\">\n\t<td class=\"column-1\">5\/8\u2033<\/td><td class=\"column-2\">16\u2033<\/td>\n<\/tr>\n<tr class=\"row-15\">\n\t<td class=\"column-1\">5\/8\u2033<\/td><td class=\"column-2\">18\u2033<\/td>\n<\/tr>\n<tr class=\"row-16\">\n\t<td class=\"column-1\">3\/4\u2033<\/td><td class=\"column-2\">6\u2033<\/td>\n<\/tr>\n<tr class=\"row-17\">\n\t<td class=\"column-1\">3\/4\u2033<\/td><td class=\"column-2\">8\u2033<\/td>\n<\/tr>\n<tr class=\"row-18\">\n\t<td class=\"column-1\">3\/4\u2033<\/td><td class=\"column-2\">10\u2033<\/td>\n<\/tr>\n<tr class=\"row-19\">\n\t<td class=\"column-1\">3\/4\u2033<\/td><td class=\"column-2\">12\u2033<\/td>\n<\/tr>\n<tr class=\"row-20\">\n\t<td class=\"column-1\">3\/4\u2033<\/td><td class=\"column-2\">14\u2033<\/td>\n<\/tr>\n<tr class=\"row-21\">\n\t<td class=\"column-1\">3\/4\u2033<\/td><td class=\"column-2\">16\u2033<\/td>\n<\/tr>\n<tr class=\"row-22\">\n\t<td class=\"column-1\">3\/4\u2033<\/td><td class=\"column-2\">18\u2033<\/td>\n<\/tr>\n<\/tbody>\n<\/table>\n<!-- #tablepress-2 from cache -->\n<h2 class=\"whitespace-pre-wrap break-words\">Schl\u00fcsselfaktoren bei der Auswahl von Fundamentbolzen<\/h2>\n<p class=\"whitespace-pre-wrap break-words\">Die Wahl des Materials kann \u00fcber den Erfolg Ihrer Fundament- und L-Bolzen entscheiden. Sie haben die Wahl: hochfeste Stahllegierungen, wenn Sie rohe Kraft ben\u00f6tigen, verzinkte Beschichtungen f\u00fcr zus\u00e4tzlichen Schutz oder rostfreier Stahl, wenn die Umgebung besonders rau ist. Haben Sie ein Projekt, bei dem diese Schrauben Feuchtigkeit, Chemikalien oder extremen Temperaturen ausgesetzt sind? Wir haben spezielle Materialien f\u00fcr jedes Szenario. Jede Schraube wird strengen Qualit\u00e4tskontrolltests unterzogen, die von detaillierten Pr\u00fcfberichten unterst\u00fctzt werden und Ihnen echtes Vertrauen in das geben, was Sie kaufen.<\/p>\n<p class=\"whitespace-pre-wrap break-words\">Ein pr\u00e4ziser Einbau ist nicht nur empfehlenswert, sondern entscheidend f\u00fcr die optimale Leistung von Fundament- und L-Schrauben. Sie m\u00fcssen die Verankerungstiefe genau festlegen, die exakten Drehmomentvorgaben einhalten und die Ausrichtung genau richtig vornehmen. Diese Details wirken sich direkt darauf aus, wie gut Ihre Struktur zusammenh\u00e4lt. Aus diesem Grund steht das technische Team von H&amp;F jederzeit bereit, um Sie durch die besten Praktiken zu f\u00fchren und sicherzustellen, dass Ihre Installation nicht nur den Industriestandards entspricht, sondern diese \u00fcbertrifft. Wir sind hier, um Ihnen zu helfen, es beim ersten Mal richtig zu machen.<\/p>\n<div class=\"ast-oembed-container\" style=\"height: 100%;\"><iframe title=\"Fundamentbolzen\" width=\"500\" height=\"281\" src=\"https:\/\/www.youtube.com\/embed\/3M-AW45tVRI?feature=oembed\" frameborder=\"0\" allow=\"accelerometer; autoplay; clipboard-write; encrypted-media; gyroscope; picture-in-picture; web-share\" referrerpolicy=\"strict-origin-when-cross-origin\" allowfullscreen><\/iframe><\/div>\n<h2 class=\"whitespace-pre-wrap break-words\">Warum Sie H&amp;F f\u00fcr Ihren Bedarf an L-Bolzen w\u00e4hlen sollten<\/h2>\n<p class=\"whitespace-pre-wrap break-words\">Manchmal reicht der Standard einfach nicht aus - dann kommt die individuelle Anpassung ins Spiel. Unterschiedliche Aufgaben erfordern unterschiedliche Schraubendurchmesser, Gewindetypen und L\u00e4ngen. Unsere Produktpalette ist so umfangreich, dass Sie genau das finden, was Sie brauchen, ohne dass Sie vor Ort etwas \u00e4ndern m\u00fcssen. Ganz gleich, ob Sie einfache L-Schrauben f\u00fcr Standardarbeiten oder ma\u00dfgeschneiderte L\u00f6sungen f\u00fcr besondere Herausforderungen ben\u00f6tigen, unser Team wei\u00df, wie Sie die richtigen Schrauben finden.<\/p>\n<p class=\"whitespace-pre-wrap break-words\">Bei Bauprojekten ist Zeit Geld, und das Warten auf Teile kann Ihren Zeitplan und Ihr Budget sprengen. Aus diesem Grund haben wir unsere Lieferkette schlank und effizient gestaltet. Wir haben die B\u00fcrokratie abgeschafft und unsere Logistik gestrafft, damit Sie bekommen, was Sie brauchen, wenn Sie es brauchen, damit Ihr Projekt ohne kostspielige Verz\u00f6gerungen vorankommt.<\/p>\n<p class=\"whitespace-pre-wrap break-words\">Qualit\u00e4t ist hier nicht nur ein Schlagwort - sie ist in alles, was wir tun, integriert. Jede Charge von Fundamentbolzen und L-Bolzen wird gr\u00fcndlich nach internationalen Normen gepr\u00fcft. Von der Pr\u00fcfung der Materialzusammensetzung bis zur Belastungspr\u00fcfung dokumentieren wir alles in detaillierten Pr\u00fcfberichten. Dieses Qualit\u00e4tsbewusstsein hat uns zum bevorzugten Partner f\u00fcr seri\u00f6se Bauunternehmen und Ingenieure gemacht.<\/p>\n<p class=\"whitespace-pre-wrap break-words\">Die Baut\u00e4tigkeit nimmt nicht ab, und damit auch nicht der Bedarf an zuverl\u00e4ssigen Verankerungsl\u00f6sungen. Ganz gleich, ob Sie Bauwerke, Infrastruktur oder Industrieanlagen errichten, Sie brauchen Fundament- und L-Bolzen, die Sie nicht im Stich lassen. Bei H&amp;F verkaufen wir nicht nur Hardware - wir geben Ihnen das Vertrauen, mutig und richtig zu bauen.<\/p>","protected":false},"excerpt":{"rendered":"<p>Ankerbolzen, die auch als Fundamentbolzen oder L-Bolzen bezeichnet werden, bilden die Grundlage f\u00fcr die Befestigung eines Bauwerks an Betonoberfl\u00e4chen. Diese Produkte sind f\u00fcr die Kunden von gro\u00dfer Bedeutung, da sie langlebig, tragf\u00e4hig und umweltbest\u00e4ndig sein m\u00fcssen. Wir bei H&amp;F kennen diese Anforderungen und bieten Fundament- und L-Bolzen an, die auf ihre Qualit\u00e4t und Konformit\u00e4t mit den Industrienormen gepr\u00fcft wurden. Unser pers\u00f6nlicher Kundenservice sorgt daf\u00fcr, dass der gesamte Einkaufsprozess pers\u00f6nlich abgewickelt wird, und eine effiziente Logistik garantiert schnelle Lieferzyklen, die auf den Zeitplan des Projekts abgestimmt sind.<\/p>","protected":false},"featured_media":7000,"comment_status":"open","ping_status":"closed","template":"","meta":{"site-sidebar-layout":"default","site-content-layout":"","ast-site-content-layout":"default","site-content-style":"default","site-sidebar-style":"default","ast-global-header-display":"","ast-banner-title-visibility":"","ast-main-header-display":"","ast-hfb-above-header-display":"","ast-hfb-below-header-display":"","ast-hfb-mobile-header-display":"","site-post-title":"","ast-breadcrumbs-content":"","ast-featured-img":"","footer-sml-layout":"","theme-transparent-header-meta":"default","adv-header-id-meta":"","stick-header-meta":"default","header-above-stick-meta":"","header-main-stick-meta":"","header-below-stick-meta":"","astra-migrate-meta-layouts":"set","ast-page-background-enabled":"default","ast-page-background-meta":{"desktop":{"background-color":"","background-image":"","background-repeat":"repeat","background-position":"center center","background-size":"auto","background-attachment":"scroll","background-type":"","background-media":"","overlay-type":"","overlay-color":"","overlay-opacity":"","overlay-gradient":""},"tablet":{"background-color":"","background-image":"","background-repeat":"repeat","background-position":"center center","background-size":"auto","background-attachment":"scroll","background-type":"","background-media":"","overlay-type":"","overlay-color":"","overlay-opacity":"","overlay-gradient":""},"mobile":{"background-color":"","background-image":"","background-repeat":"repeat","background-position":"center center","background-size":"auto","background-attachment":"scroll","background-type":"","background-media":"","overlay-type":"","overlay-color":"","overlay-opacity":"","overlay-gradient":""}},"ast-content-background-meta":{"desktop":{"background-color":"var(--ast-global-color-5)","background-image":"","background-repeat":"repeat","background-position":"center center","background-size":"auto","background-attachment":"scroll","background-type":"","background-media":"","overlay-type":"","overlay-color":"","overlay-opacity":"","overlay-gradient":""},"tablet":{"background-color":"var(--ast-global-color-5)","background-image":"","background-repeat":"repeat","background-position":"center center","background-size":"auto","background-attachment":"scroll","background-type":"","background-media":"","overlay-type":"","overlay-color":"","overlay-opacity":"","overlay-gradient":""},"mobile":{"background-color":"var(--ast-global-color-5)","background-image":"","background-repeat":"repeat","background-position":"center center","background-size":"auto","background-attachment":"scroll","background-type":"","background-media":"","overlay-type":"","overlay-color":"","overlay-opacity":"","overlay-gradient":""}}},"product_brand":[],"product_cat":[28],"product_tag":[],"class_list":{"0":"post-8858","1":"product","2":"type-product","3":"status-publish","4":"has-post-thumbnail","6":"product_cat-concrete-forming","7":"desktop-align-left","8":"tablet-align-left","9":"mobile-align-left","10":"ast-product-gallery-layout-horizontal-slider","11":"ast-product-tabs-layout-horizontal","13":"first","14":"instock","15":"shipping-taxable","16":"purchasable","17":"product-type-simple"},"yoast_head":"<!-- This site is optimized with the Yoast SEO plugin v25.2 - https:\/\/yoast.com\/wordpress\/plugins\/seo\/ -->\n<title>Anchor Bolt Concrete<\/title>\n<meta name=\"description\" content=\"Anchor bolt concrete solutions, also known as foundation bolts or L bolts, are the fundamental fastening of a structure to concrete surfaces.\" \/>\n<meta name=\"robots\" content=\"index, follow, max-snippet:-1, max-image-preview:large, max-video-preview:-1\" \/>\n<link rel=\"canonical\" href=\"https:\/\/qingdaohf.com\/de\/produkt\/ankerbolzen-beton\/\" \/>\n<meta property=\"og:locale\" content=\"de_DE\" \/>\n<meta property=\"og:type\" content=\"article\" \/>\n<meta property=\"og:title\" content=\"Anchor Bolt Concrete\" \/>\n<meta property=\"og:description\" content=\"Anchor bolt concrete solutions, also known as foundation bolts or L bolts, are the fundamental fastening of a structure to concrete surfaces.\" \/>\n<meta property=\"og:url\" content=\"https:\/\/qingdaohf.com\/de\/produkt\/ankerbolzen-beton\/\" \/>\n<meta property=\"og:site_name\" content=\"Concrete Form &amp; Rigging Hardware Supplier\" \/>\n<meta property=\"article:publisher\" content=\"https:\/\/www.facebook.com\/qingdaohf\" \/>\n<meta property=\"article:modified_time\" content=\"2025-11-13T01:02:20+00:00\" \/>\n<meta property=\"og:image\" content=\"https:\/\/qingdaohf.com\/wp-content\/uploads\/2024\/05\/J-bolt-6.jpg\" \/>\n\t<meta property=\"og:image:width\" content=\"1000\" \/>\n\t<meta property=\"og:image:height\" content=\"1000\" \/>\n\t<meta property=\"og:image:type\" content=\"image\/jpeg\" \/>\n<meta name=\"twitter:card\" content=\"summary_large_image\" \/>\n<meta name=\"twitter:label1\" content=\"Gesch\u00e4tzte Lesezeit\" \/>\n\t<meta name=\"twitter:data1\" content=\"4\u00a0Minuten\" \/>\n<script type=\"application\/ld+json\" class=\"yoast-schema-graph\">{\"@context\":\"https:\/\/schema.org\",\"@graph\":[{\"@type\":\"WebPage\",\"@id\":\"https:\/\/qingdaohf.com\/product\/anchor-bolt-concrete\/\",\"url\":\"https:\/\/qingdaohf.com\/product\/anchor-bolt-concrete\/\",\"name\":\"Anchor Bolt Concrete\",\"isPartOf\":{\"@id\":\"https:\/\/qingdaohf.com\/bg\/#website\"},\"primaryImageOfPage\":{\"@id\":\"https:\/\/qingdaohf.com\/product\/anchor-bolt-concrete\/#primaryimage\"},\"image\":{\"@id\":\"https:\/\/qingdaohf.com\/product\/anchor-bolt-concrete\/#primaryimage\"},\"thumbnailUrl\":\"https:\/\/qingdaohf.com\/wp-content\/uploads\/2024\/05\/J-bolt-6.jpg\",\"datePublished\":\"2025-01-21T07:05:09+00:00\",\"dateModified\":\"2025-11-13T01:02:20+00:00\",\"description\":\"Anchor bolt concrete solutions, also known as foundation bolts or L bolts, are the fundamental fastening of a structure to concrete surfaces.\",\"breadcrumb\":{\"@id\":\"https:\/\/qingdaohf.com\/product\/anchor-bolt-concrete\/#breadcrumb\"},\"inLanguage\":\"de\",\"potentialAction\":[{\"@type\":\"ReadAction\",\"target\":[\"https:\/\/qingdaohf.com\/product\/anchor-bolt-concrete\/\"]}]},{\"@type\":\"ImageObject\",\"inLanguage\":\"de\",\"@id\":\"https:\/\/qingdaohf.com\/product\/anchor-bolt-concrete\/#primaryimage\",\"url\":\"https:\/\/qingdaohf.com\/wp-content\/uploads\/2024\/05\/J-bolt-6.jpg\",\"contentUrl\":\"https:\/\/qingdaohf.com\/wp-content\/uploads\/2024\/05\/J-bolt-6.jpg\",\"width\":1000,\"height\":1000},{\"@type\":\"BreadcrumbList\",\"@id\":\"https:\/\/qingdaohf.com\/product\/anchor-bolt-concrete\/#breadcrumb\",\"itemListElement\":[{\"@type\":\"ListItem\",\"position\":1,\"name\":\"Home\",\"item\":\"https:\/\/qingdaohf.com\/\"},{\"@type\":\"ListItem\",\"position\":2,\"name\":\"Concrete Forming Accessories and Rigging Hardware\",\"item\":\"https:\/\/qingdaohf.com\/bg\/?page_id=944\"},{\"@type\":\"ListItem\",\"position\":3,\"name\":\"Anchor Bolt Concrete\"}]},{\"@type\":\"WebSite\",\"@id\":\"https:\/\/qingdaohf.com\/bg\/#website\",\"url\":\"https:\/\/qingdaohf.com\/bg\/\",\"name\":\"Concrete Form & Rigging Hardware Supplier\",\"description\":\"\",\"publisher\":{\"@id\":\"https:\/\/qingdaohf.com\/bg\/#organization\"},\"potentialAction\":[{\"@type\":\"SearchAction\",\"target\":{\"@type\":\"EntryPoint\",\"urlTemplate\":\"https:\/\/qingdaohf.com\/bg\/?s={search_term_string}\"},\"query-input\":{\"@type\":\"PropertyValueSpecification\",\"valueRequired\":true,\"valueName\":\"search_term_string\"}}],\"inLanguage\":\"de\"},{\"@type\":\"Organization\",\"@id\":\"https:\/\/qingdaohf.com\/bg\/#organization\",\"name\":\"Qingdao H&F\",\"url\":\"https:\/\/qingdaohf.com\/bg\/\",\"logo\":{\"@type\":\"ImageObject\",\"inLanguage\":\"de\",\"@id\":\"https:\/\/qingdaohf.com\/bg\/#\/schema\/logo\/image\/\",\"url\":\"https:\/\/qingdaohf.com\/wp-content\/uploads\/2022\/12\/cropped-HF-LOGO.png\",\"contentUrl\":\"https:\/\/qingdaohf.com\/wp-content\/uploads\/2022\/12\/cropped-HF-LOGO.png\",\"width\":391,\"height\":249,\"caption\":\"Qingdao H&F\"},\"image\":{\"@id\":\"https:\/\/qingdaohf.com\/bg\/#\/schema\/logo\/image\/\"},\"sameAs\":[\"https:\/\/www.facebook.com\/qingdaohf\"]}]}<\/script>\n<!-- \/ Yoast SEO plugin. -->","yoast_head_json":{"title":"Anchor Bolt Concrete","description":"Anchor bolt concrete solutions, also known as foundation bolts or L bolts, are the fundamental fastening of a structure to concrete surfaces.","robots":{"index":"index","follow":"follow","max-snippet":"max-snippet:-1","max-image-preview":"max-image-preview:large","max-video-preview":"max-video-preview:-1"},"canonical":"https:\/\/qingdaohf.com\/de\/produkt\/ankerbolzen-beton\/","og_locale":"de_DE","og_type":"article","og_title":"Anchor Bolt Concrete","og_description":"Anchor bolt concrete solutions, also known as foundation bolts or L bolts, are the fundamental fastening of a structure to concrete surfaces.","og_url":"https:\/\/qingdaohf.com\/de\/produkt\/ankerbolzen-beton\/","og_site_name":"Concrete Form &amp; Rigging Hardware Supplier","article_publisher":"https:\/\/www.facebook.com\/qingdaohf","article_modified_time":"2025-11-13T01:02:20+00:00","og_image":[{"width":1000,"height":1000,"url":"https:\/\/qingdaohf.com\/wp-content\/uploads\/2024\/05\/J-bolt-6.jpg","type":"image\/jpeg"}],"twitter_card":"summary_large_image","twitter_misc":{"Gesch\u00e4tzte Lesezeit":"4\u00a0Minuten"},"schema":{"@context":"https:\/\/schema.org","@graph":[{"@type":"WebPage","@id":"https:\/\/qingdaohf.com\/product\/anchor-bolt-concrete\/","url":"https:\/\/qingdaohf.com\/product\/anchor-bolt-concrete\/","name":"Anchor Bolt Concrete","isPartOf":{"@id":"https:\/\/qingdaohf.com\/bg\/#website"},"primaryImageOfPage":{"@id":"https:\/\/qingdaohf.com\/product\/anchor-bolt-concrete\/#primaryimage"},"image":{"@id":"https:\/\/qingdaohf.com\/product\/anchor-bolt-concrete\/#primaryimage"},"thumbnailUrl":"https:\/\/qingdaohf.com\/wp-content\/uploads\/2024\/05\/J-bolt-6.jpg","datePublished":"2025-01-21T07:05:09+00:00","dateModified":"2025-11-13T01:02:20+00:00","description":"Anchor bolt concrete solutions, also known as foundation bolts or L bolts, are the fundamental fastening of a structure to concrete surfaces.","breadcrumb":{"@id":"https:\/\/qingdaohf.com\/product\/anchor-bolt-concrete\/#breadcrumb"},"inLanguage":"de","potentialAction":[{"@type":"ReadAction","target":["https:\/\/qingdaohf.com\/product\/anchor-bolt-concrete\/"]}]},{"@type":"ImageObject","inLanguage":"de","@id":"https:\/\/qingdaohf.com\/product\/anchor-bolt-concrete\/#primaryimage","url":"https:\/\/qingdaohf.com\/wp-content\/uploads\/2024\/05\/J-bolt-6.jpg","contentUrl":"https:\/\/qingdaohf.com\/wp-content\/uploads\/2024\/05\/J-bolt-6.jpg","width":1000,"height":1000},{"@type":"BreadcrumbList","@id":"https:\/\/qingdaohf.com\/product\/anchor-bolt-concrete\/#breadcrumb","itemListElement":[{"@type":"ListItem","position":1,"name":"Home","item":"https:\/\/qingdaohf.com\/"},{"@type":"ListItem","position":2,"name":"Concrete Forming Accessories and Rigging Hardware","item":"https:\/\/qingdaohf.com\/bg\/?page_id=944"},{"@type":"ListItem","position":3,"name":"Anchor Bolt Concrete"}]},{"@type":"WebSite","@id":"https:\/\/qingdaohf.com\/bg\/#website","url":"https:\/\/qingdaohf.com\/bg\/","name":"Concrete Form & Rigging Hardware Supplier","description":"","publisher":{"@id":"https:\/\/qingdaohf.com\/bg\/#organization"},"potentialAction":[{"@type":"SearchAction","target":{"@type":"EntryPoint","urlTemplate":"https:\/\/qingdaohf.com\/bg\/?s={search_term_string}"},"query-input":{"@type":"PropertyValueSpecification","valueRequired":true,"valueName":"search_term_string"}}],"inLanguage":"de"},{"@type":"Organization","@id":"https:\/\/qingdaohf.com\/bg\/#organization","name":"Qingdao H&F","url":"https:\/\/qingdaohf.com\/bg\/","logo":{"@type":"ImageObject","inLanguage":"de","@id":"https:\/\/qingdaohf.com\/bg\/#\/schema\/logo\/image\/","url":"https:\/\/qingdaohf.com\/wp-content\/uploads\/2022\/12\/cropped-HF-LOGO.png","contentUrl":"https:\/\/qingdaohf.com\/wp-content\/uploads\/2022\/12\/cropped-HF-LOGO.png","width":391,"height":249,"caption":"Qingdao H&F"},"image":{"@id":"https:\/\/qingdaohf.com\/bg\/#\/schema\/logo\/image\/"},"sameAs":["https:\/\/www.facebook.com\/qingdaohf"]}]}},"_links":{"self":[{"href":"https:\/\/qingdaohf.com\/de\/wp-json\/wp\/v2\/product\/8858","targetHints":{"allow":["GET"]}}],"collection":[{"href":"https:\/\/qingdaohf.com\/de\/wp-json\/wp\/v2\/product"}],"about":[{"href":"https:\/\/qingdaohf.com\/de\/wp-json\/wp\/v2\/types\/product"}],"replies":[{"embeddable":true,"href":"https:\/\/qingdaohf.com\/de\/wp-json\/wp\/v2\/comments?post=8858"}],"version-history":[{"count":9,"href":"https:\/\/qingdaohf.com\/de\/wp-json\/wp\/v2\/product\/8858\/revisions"}],"predecessor-version":[{"id":8862,"href":"https:\/\/qingdaohf.com\/de\/wp-json\/wp\/v2\/product\/8858\/revisions\/8862"}],"wp:featuredmedia":[{"embeddable":true,"href":"https:\/\/qingdaohf.com\/de\/wp-json\/wp\/v2\/media\/7000"}],"wp:attachment":[{"href":"https:\/\/qingdaohf.com\/de\/wp-json\/wp\/v2\/media?parent=8858"}],"wp:term":[{"taxonomy":"product_brand","embeddable":true,"href":"https:\/\/qingdaohf.com\/de\/wp-json\/wp\/v2\/product_brand?post=8858"},{"taxonomy":"product_cat","embeddable":true,"href":"https:\/\/qingdaohf.com\/de\/wp-json\/wp\/v2\/product_cat?post=8858"},{"taxonomy":"product_tag","embeddable":true,"href":"https:\/\/qingdaohf.com\/de\/wp-json\/wp\/v2\/product_tag?post=8858"}],"curies":[{"name":"wp","href":"https:\/\/api.w.org\/{rel}","templated":true}]}}