{"id":1729,"date":"2024-06-28T17:07:41","date_gmt":"2024-06-28T09:07:41","guid":{"rendered":"http:\/\/qingdaohf.com\/?post_type=product&#038;p=1729"},"modified":"2025-11-13T09:03:14","modified_gmt":"2025-11-13T01:03:14","slug":"turnbuckle-form-aligner","status":"publish","type":"product","link":"https:\/\/qingdaohf.com\/es\/producto\/alineador-de-formas-de-tensores\/","title":{"rendered":"Tensor de encofrado de hormig\u00f3n ajustable Alineador de encofrados"},"content":{"rendered":"<h3>Introducci\u00f3n al alineador de formas de tensores<\/h3>\n<p>El alineador de encofrados Turnbuckle es una herramienta fundamental en la industria de la construcci\u00f3n, dise\u00f1ada para garantizar la alineaci\u00f3n precisa de los encofrados de hormig\u00f3n. Este producto est\u00e1 disponible en dos variantes principales: Placa plana y Placa doblada. Cada variante sirve para fines espec\u00edficos, atendiendo a diversas necesidades de la construcci\u00f3n. Comprender los tama\u00f1os y aplicaciones comunes del alineador de encofrados Turnbuckle es esencial para optimizar su uso en proyectos de hormig\u00f3n.<\/p>\n<div class=\"ast-oembed-container\" style=\"height: 100%;\"><iframe title=\"Tensor de hormig\u00f3n Alineador de encofrados\" width=\"500\" height=\"281\" src=\"https:\/\/www.youtube.com\/embed\/1guP_DQRF1o?feature=oembed\" frameborder=\"0\" allow=\"accelerometer; autoplay; clipboard-write; encrypted-media; gyroscope; picture-in-picture; web-share\" referrerpolicy=\"strict-origin-when-cross-origin\" allowfullscreen><\/iframe><\/div>\n<h3>Tama\u00f1os comunes de alineador de formas de tensores<\/h3>\n<p>Los alineadores de encofrado de tensor est\u00e1n disponibles en varios tama\u00f1os para adaptarse a las distintas necesidades de encofrado.<\/p>\n<p>En <strong>Placa plana<\/strong> La variante suele estar disponible en longitudes que van de 24 a 72 pulgadas, lo que proporciona flexibilidad para diversas escalas de proyecto.<\/p>\n<p><img decoding=\"async\" class=\"alignnone size-full wp-image-5675\" src=\"http:\/\/qingdaohf.com\/wp-content\/uploads\/2023\/01\/turnbuckle-form-aligner-1.webp\" alt=\"Tensor plano\" width=\"345\" height=\"62\" srcset=\"https:\/\/qingdaohf.com\/wp-content\/uploads\/2023\/01\/turnbuckle-form-aligner-1.webp 345w, https:\/\/qingdaohf.com\/wp-content\/uploads\/2023\/01\/turnbuckle-form-aligner-1-300x54.webp 300w\" sizes=\"(max-width: 345px) 100vw, 345px\" \/><\/p>\n<p>En <strong>Placa doblada<\/strong> dise\u00f1ada para alineaciones m\u00e1s complejas, tambi\u00e9n est\u00e1 disponible en tama\u00f1os similares, pero incluye \u00e1ngulos y curvas para adaptarse a dise\u00f1os arquitect\u00f3nicos espec\u00edficos. Estas variaciones garantizan que los profesionales de la construcci\u00f3n puedan encontrar la alineadora adecuada para sus necesidades espec\u00edficas, mejorando la eficiencia y precisi\u00f3n de su trabajo.<\/p>\n<p><img decoding=\"async\" class=\"alignnone size-full wp-image-5676\" src=\"http:\/\/qingdaohf.com\/wp-content\/uploads\/2023\/01\/turnbuckle-form-aligner-2.webp\" alt=\"Tensor de chapa doblada\" width=\"347\" height=\"51\" srcset=\"https:\/\/qingdaohf.com\/wp-content\/uploads\/2023\/01\/turnbuckle-form-aligner-2.webp 347w, https:\/\/qingdaohf.com\/wp-content\/uploads\/2023\/01\/turnbuckle-form-aligner-2-300x44.webp 300w\" sizes=\"(max-width: 347px) 100vw, 347px\" \/><\/p>\n<h4>Aplicaci\u00f3n en la construcci\u00f3n de hormig\u00f3n<\/h4>\n<p>La principal aplicaci\u00f3n del alineador de encofrados Turnbuckle es la construcci\u00f3n de hormig\u00f3n, donde desempe\u00f1a un papel fundamental en la alineaci\u00f3n y estabilizaci\u00f3n del encofrado. Una alineaci\u00f3n correcta es crucial para garantizar la integridad estructural de los encofrados de hormig\u00f3n, lo que a su vez afecta a la calidad y seguridad de la estructura final. El alineador de encofrados Turnbuckle ayuda a mantener la posici\u00f3n correcta de los encofrados durante el vertido y fraguado del hormig\u00f3n, evitando desplazamientos y garantizando que los encofrados mantengan la forma deseada. Esta precisi\u00f3n es especialmente importante en proyectos a gran escala, en los que incluso peque\u00f1as desviaciones pueden provocar importantes problemas estructurales.<\/p>\n<p>El uso de alineadores de encofrado con tensor en la construcci\u00f3n de hormig\u00f3n se extiende a varios tipos de proyectos, incluidos edificios comerciales, complejos residenciales y desarrollos de infraestructuras. Al garantizar una alineaci\u00f3n precisa del encofrado, estas herramientas contribuyen a la durabilidad general y a la calidad est\u00e9tica de la construcci\u00f3n, lo que las hace indispensables en el sector.<\/p>\n<p><img fetchpriority=\"high\" decoding=\"async\" class=\"alignnone size-full wp-image-6097\" src=\"http:\/\/qingdaohf.com\/wp-content\/uploads\/2023\/11\/turnbuckle-form-aligner.webp\" alt=\"alineador de formas de tensores\" width=\"1000\" height=\"1000\" srcset=\"https:\/\/qingdaohf.com\/wp-content\/uploads\/2023\/11\/turnbuckle-form-aligner.webp 1000w, https:\/\/qingdaohf.com\/wp-content\/uploads\/2023\/11\/turnbuckle-form-aligner-300x300.webp 300w, https:\/\/qingdaohf.com\/wp-content\/uploads\/2023\/11\/turnbuckle-form-aligner-150x150.webp 150w, https:\/\/qingdaohf.com\/wp-content\/uploads\/2023\/11\/turnbuckle-form-aligner-768x768.webp 768w, https:\/\/qingdaohf.com\/wp-content\/uploads\/2023\/11\/turnbuckle-form-aligner-500x500.webp 500w, https:\/\/qingdaohf.com\/wp-content\/uploads\/2023\/11\/turnbuckle-form-aligner-100x100.webp 100w\" sizes=\"(max-width: 1000px) 100vw, 1000px\" \/><\/p>\n<h3>Transporte y embalaje<\/h3>\n<p>Como empresa comercial B2B, comprendemos la importancia de un transporte fiable y un embalaje seguro para herramientas de construcci\u00f3n como el alineador de encofrados Turnbuckle. Nuestros productos se embalan cuidadosamente para evitar da\u00f1os durante el transporte, garantizando que lleguen en perfectas condiciones. Cada alineador se envuelve en materiales protectores y se coloca en cajas resistentes, que luego se precintan y etiquetan para facilitar su identificaci\u00f3n.<\/p>\n<p>Ofrecemos varias opciones de env\u00edo para adaptarnos a las necesidades de nuestros clientes, desde el env\u00edo terrestre est\u00e1ndar hasta la entrega urgente. Nuestro equipo de log\u00edstica trabaja en estrecha colaboraci\u00f3n con transportistas de confianza para garantizar una entrega puntual y eficaz, independientemente del destino. Al dar prioridad al transporte seguro y r\u00e1pido de nuestros productos, ayudamos a nuestros clientes a mantener sus proyectos de construcci\u00f3n dentro de los plazos previstos.<\/p>\n<p><img loading=\"lazy\" decoding=\"async\" class=\"alignnone size-full wp-image-7540\" src=\"http:\/\/qingdaohf.com\/wp-content\/uploads\/2024\/06\/concrete-turnbuckle.webp\" alt=\"tensor de hormig\u00f3n\" width=\"1707\" height=\"1280\" srcset=\"https:\/\/qingdaohf.com\/wp-content\/uploads\/2024\/06\/concrete-turnbuckle.webp 1707w, https:\/\/qingdaohf.com\/wp-content\/uploads\/2024\/06\/concrete-turnbuckle-300x225.webp 300w, https:\/\/qingdaohf.com\/wp-content\/uploads\/2024\/06\/concrete-turnbuckle-1024x768.webp 1024w, https:\/\/qingdaohf.com\/wp-content\/uploads\/2024\/06\/concrete-turnbuckle-768x576.webp 768w, https:\/\/qingdaohf.com\/wp-content\/uploads\/2024\/06\/concrete-turnbuckle-1536x1152.webp 1536w, https:\/\/qingdaohf.com\/wp-content\/uploads\/2024\/06\/concrete-turnbuckle-16x12.webp 16w, https:\/\/qingdaohf.com\/wp-content\/uploads\/2024\/06\/concrete-turnbuckle-1000x750.webp 1000w\" sizes=\"(max-width: 1707px) 100vw, 1707px\" \/><\/p>\n<h3>Conclusi\u00f3n<\/h3>\n<p>El alineador de encofrados Turnbuckle es una herramienta esencial en la industria de la construcci\u00f3n, disponible en las variantes de placa plana y placa doblada. Con su papel crucial en la alineaci\u00f3n y estabilizaci\u00f3n de encofrados de hormig\u00f3n, esta herramienta garantiza la precisi\u00f3n y la estabilidad en diversos proyectos de construcci\u00f3n. Nuestra empresa comercial B2B ofrece una gama de tama\u00f1os para satisfacer diversas necesidades, junto con un transporte fiable y un embalaje seguro para apoyar sus operaciones comerciales. Elija nuestros alineadores de encofrados de tensor para su pr\u00f3ximo proyecto y experimente las ventajas de una mayor precisi\u00f3n y eficiencia en la construcci\u00f3n de hormig\u00f3n.<\/p>","protected":false},"excerpt":{"rendered":"<p>La secci\u00f3n de tensor del alineador cuenta con una rosca de bobina autolimpiante de 1\u2033 de di\u00e1metro para ajustes r\u00e1pidos. La longitud total del alineador es de 35\u2033 m\u00ednimo y 39\u2033 m\u00e1ximo, ofreciendo 4\u2033 de ajuste efectivo.<\/p>\n<p>Turnbuckle Form Aligner tiene una placa de clavado doblada equipada con orificios de clavado para clavar en los encofrados y un orificio de 15\/16\u2033 para aceptar estacas de acero redondas de 3\/4\u2033 o 7\/8\u2033 cuando se utiliza el soporte desde el suelo hacia arriba.  Alineador se puede utilizar repetidamente cuando se limpia de cualquier hormig\u00f3n despu\u00e9s de su uso. La carga de trabajo segura de los alineadores est\u00e1 limitada por los m\u00e9todos de madera, clavado y\/o estacado.<\/p>","protected":false},"featured_media":4401,"comment_status":"open","ping_status":"closed","template":"","meta":{"site-sidebar-layout":"default","site-content-layout":"default","ast-site-content-layout":"default","site-content-style":"default","site-sidebar-style":"default","ast-global-header-display":"","ast-banner-title-visibility":"","ast-main-header-display":"","ast-hfb-above-header-display":"","ast-hfb-below-header-display":"","ast-hfb-mobile-header-display":"","site-post-title":"","ast-breadcrumbs-content":"","ast-featured-img":"","footer-sml-layout":"","theme-transparent-header-meta":"default","adv-header-id-meta":"","stick-header-meta":"default","header-above-stick-meta":"","header-main-stick-meta":"","header-below-stick-meta":"","astra-migrate-meta-layouts":"set","ast-page-background-enabled":"default","ast-page-background-meta":{"desktop":{"background-color":"","background-image":"","background-repeat":"repeat","background-position":"center center","background-size":"auto","background-attachment":"scroll","background-type":"","background-media":"","overlay-type":"","overlay-color":"","overlay-opacity":"","overlay-gradient":""},"tablet":{"background-color":"","background-image":"","background-repeat":"repeat","background-position":"center center","background-size":"auto","background-attachment":"scroll","background-type":"","background-media":"","overlay-type":"","overlay-color":"","overlay-opacity":"","overlay-gradient":""},"mobile":{"background-color":"","background-image":"","background-repeat":"repeat","background-position":"center center","background-size":"auto","background-attachment":"scroll","background-type":"","background-media":"","overlay-type":"","overlay-color":"","overlay-opacity":"","overlay-gradient":""}},"ast-content-background-meta":{"desktop":{"background-color":"var(--ast-global-color-5)","background-image":"","background-repeat":"repeat","background-position":"center center","background-size":"auto","background-attachment":"scroll","background-type":"","background-media":"","overlay-type":"","overlay-color":"","overlay-opacity":"","overlay-gradient":""},"tablet":{"background-color":"var(--ast-global-color-5)","background-image":"","background-repeat":"repeat","background-position":"center center","background-size":"auto","background-attachment":"scroll","background-type":"","background-media":"","overlay-type":"","overlay-color":"","overlay-opacity":"","overlay-gradient":""},"mobile":{"background-color":"var(--ast-global-color-5)","background-image":"","background-repeat":"repeat","background-position":"center center","background-size":"auto","background-attachment":"scroll","background-type":"","background-media":"","overlay-type":"","overlay-color":"","overlay-opacity":"","overlay-gradient":""}}},"product_brand":[],"product_cat":[28],"product_tag":[],"class_list":{"0":"post-1729","1":"product","2":"type-product","3":"status-publish","4":"has-post-thumbnail","6":"product_cat-concrete-forming","7":"desktop-align-left","8":"tablet-align-left","9":"mobile-align-left","10":"ast-product-gallery-layout-horizontal-slider","11":"ast-product-tabs-layout-horizontal","13":"first","14":"instock","15":"featured","16":"shipping-taxable","17":"purchasable","18":"product-type-simple"},"yoast_head":"<!-- This site is optimized with the Yoast SEO plugin v25.2 - https:\/\/yoast.com\/wordpress\/plugins\/seo\/ -->\n<title>Concrete Form Brace Turnbuckle Form Aligner<\/title>\n<meta name=\"description\" content=\"Flat Plate &amp; Bent Plate Turnbuckle Form Aligner.It is an innovative product designed to assist in aligning and securing concrete forms during construction projects.\" \/>\n<meta name=\"robots\" content=\"index, follow, max-snippet:-1, max-image-preview:large, max-video-preview:-1\" \/>\n<link rel=\"canonical\" href=\"https:\/\/qingdaohf.com\/es\/producto\/alineador-de-formas-de-tensores\/\" \/>\n<meta property=\"og:locale\" content=\"es_ES\" \/>\n<meta property=\"og:type\" content=\"article\" \/>\n<meta property=\"og:title\" content=\"Concrete Form Brace Turnbuckle\" \/>\n<meta property=\"og:description\" content=\"Flat Plate, Bent Plate Turnbuckle Form Aligner Brace.It is an innovative product designed to assist in aligning and securing concrete forms during construction projects. With its unique features and functionality, this form aligner offers several benefits for construction professionals and contractors.\" \/>\n<meta property=\"og:url\" content=\"https:\/\/qingdaohf.com\/es\/producto\/alineador-de-formas-de-tensores\/\" \/>\n<meta property=\"og:site_name\" content=\"Concrete Form &amp; Rigging Hardware Supplier\" \/>\n<meta property=\"article:publisher\" content=\"https:\/\/www.facebook.com\/qingdaohf\" \/>\n<meta property=\"article:modified_time\" content=\"2025-11-13T01:03:14+00:00\" \/>\n<meta property=\"og:image\" content=\"https:\/\/qingdaohf.com\/wp-content\/uploads\/2023\/01\/concrete-form-turnbuckles-1-1.jpg\" \/>\n\t<meta property=\"og:image:width\" content=\"800\" \/>\n\t<meta property=\"og:image:height\" content=\"800\" \/>\n\t<meta property=\"og:image:type\" content=\"image\/jpeg\" \/>\n<meta name=\"twitter:card\" content=\"summary_large_image\" \/>\n<meta name=\"twitter:label1\" content=\"Tiempo de lectura\" \/>\n\t<meta name=\"twitter:data1\" content=\"4 minutos\" \/>\n<script type=\"application\/ld+json\" class=\"yoast-schema-graph\">{\"@context\":\"https:\/\/schema.org\",\"@graph\":[{\"@type\":\"WebPage\",\"@id\":\"https:\/\/qingdaohf.com\/product\/turnbuckle-form-aligner\/\",\"url\":\"https:\/\/qingdaohf.com\/product\/turnbuckle-form-aligner\/\",\"name\":\"Concrete Form Brace Turnbuckle Form Aligner\",\"isPartOf\":{\"@id\":\"https:\/\/qingdaohf.com\/bg\/#website\"},\"primaryImageOfPage\":{\"@id\":\"https:\/\/qingdaohf.com\/product\/turnbuckle-form-aligner\/#primaryimage\"},\"image\":{\"@id\":\"https:\/\/qingdaohf.com\/product\/turnbuckle-form-aligner\/#primaryimage\"},\"thumbnailUrl\":\"https:\/\/qingdaohf.com\/wp-content\/uploads\/2023\/01\/concrete-form-turnbuckles-1-1.jpg\",\"datePublished\":\"2024-06-28T09:07:41+00:00\",\"dateModified\":\"2025-11-13T01:03:14+00:00\",\"description\":\"Flat Plate & Bent Plate Turnbuckle Form Aligner.It is an innovative product designed to assist in aligning and securing concrete forms during construction projects.\",\"breadcrumb\":{\"@id\":\"https:\/\/qingdaohf.com\/product\/turnbuckle-form-aligner\/#breadcrumb\"},\"inLanguage\":\"es\",\"potentialAction\":[{\"@type\":\"ReadAction\",\"target\":[\"https:\/\/qingdaohf.com\/product\/turnbuckle-form-aligner\/\"]}]},{\"@type\":\"ImageObject\",\"inLanguage\":\"es\",\"@id\":\"https:\/\/qingdaohf.com\/product\/turnbuckle-form-aligner\/#primaryimage\",\"url\":\"https:\/\/qingdaohf.com\/wp-content\/uploads\/2023\/01\/concrete-form-turnbuckles-1-1.jpg\",\"contentUrl\":\"https:\/\/qingdaohf.com\/wp-content\/uploads\/2023\/01\/concrete-form-turnbuckles-1-1.jpg\",\"width\":800,\"height\":800,\"caption\":\"concrete form turnbuckles\"},{\"@type\":\"BreadcrumbList\",\"@id\":\"https:\/\/qingdaohf.com\/product\/turnbuckle-form-aligner\/#breadcrumb\",\"itemListElement\":[{\"@type\":\"ListItem\",\"position\":1,\"name\":\"Home\",\"item\":\"https:\/\/qingdaohf.com\/\"},{\"@type\":\"ListItem\",\"position\":2,\"name\":\"Concrete Forming Accessories and Rigging Hardware\",\"item\":\"https:\/\/qingdaohf.com\/bg\/?page_id=944\"},{\"@type\":\"ListItem\",\"position\":3,\"name\":\"Adjustable Concrete Form Brace Turnbuckle Form Aligner\"}]},{\"@type\":\"WebSite\",\"@id\":\"https:\/\/qingdaohf.com\/bg\/#website\",\"url\":\"https:\/\/qingdaohf.com\/bg\/\",\"name\":\"Concrete Form & Rigging Hardware Supplier\",\"description\":\"\",\"publisher\":{\"@id\":\"https:\/\/qingdaohf.com\/bg\/#organization\"},\"potentialAction\":[{\"@type\":\"SearchAction\",\"target\":{\"@type\":\"EntryPoint\",\"urlTemplate\":\"https:\/\/qingdaohf.com\/bg\/?s={search_term_string}\"},\"query-input\":{\"@type\":\"PropertyValueSpecification\",\"valueRequired\":true,\"valueName\":\"search_term_string\"}}],\"inLanguage\":\"es\"},{\"@type\":\"Organization\",\"@id\":\"https:\/\/qingdaohf.com\/bg\/#organization\",\"name\":\"Qingdao H&F\",\"url\":\"https:\/\/qingdaohf.com\/bg\/\",\"logo\":{\"@type\":\"ImageObject\",\"inLanguage\":\"es\",\"@id\":\"https:\/\/qingdaohf.com\/bg\/#\/schema\/logo\/image\/\",\"url\":\"https:\/\/qingdaohf.com\/wp-content\/uploads\/2022\/12\/cropped-HF-LOGO.png\",\"contentUrl\":\"https:\/\/qingdaohf.com\/wp-content\/uploads\/2022\/12\/cropped-HF-LOGO.png\",\"width\":391,\"height\":249,\"caption\":\"Qingdao H&F\"},\"image\":{\"@id\":\"https:\/\/qingdaohf.com\/bg\/#\/schema\/logo\/image\/\"},\"sameAs\":[\"https:\/\/www.facebook.com\/qingdaohf\"]}]}<\/script>\n<!-- \/ Yoast SEO plugin. -->","yoast_head_json":{"title":"Concrete Form Brace Turnbuckle Form Aligner","description":"Flat Plate & Bent Plate Turnbuckle Form Aligner.It is an innovative product designed to assist in aligning and securing concrete forms during construction projects.","robots":{"index":"index","follow":"follow","max-snippet":"max-snippet:-1","max-image-preview":"max-image-preview:large","max-video-preview":"max-video-preview:-1"},"canonical":"https:\/\/qingdaohf.com\/es\/producto\/alineador-de-formas-de-tensores\/","og_locale":"es_ES","og_type":"article","og_title":"Concrete Form Brace Turnbuckle","og_description":"Flat Plate, Bent Plate Turnbuckle Form Aligner Brace.It is an innovative product designed to assist in aligning and securing concrete forms during construction projects. With its unique features and functionality, this form aligner offers several benefits for construction professionals and contractors.","og_url":"https:\/\/qingdaohf.com\/es\/producto\/alineador-de-formas-de-tensores\/","og_site_name":"Concrete Form &amp; Rigging Hardware Supplier","article_publisher":"https:\/\/www.facebook.com\/qingdaohf","article_modified_time":"2025-11-13T01:03:14+00:00","og_image":[{"width":800,"height":800,"url":"https:\/\/qingdaohf.com\/wp-content\/uploads\/2023\/01\/concrete-form-turnbuckles-1-1.jpg","type":"image\/jpeg"}],"twitter_card":"summary_large_image","twitter_misc":{"Tiempo de lectura":"4 minutos"},"schema":{"@context":"https:\/\/schema.org","@graph":[{"@type":"WebPage","@id":"https:\/\/qingdaohf.com\/product\/turnbuckle-form-aligner\/","url":"https:\/\/qingdaohf.com\/product\/turnbuckle-form-aligner\/","name":"Concrete Form Brace Turnbuckle Form Aligner","isPartOf":{"@id":"https:\/\/qingdaohf.com\/bg\/#website"},"primaryImageOfPage":{"@id":"https:\/\/qingdaohf.com\/product\/turnbuckle-form-aligner\/#primaryimage"},"image":{"@id":"https:\/\/qingdaohf.com\/product\/turnbuckle-form-aligner\/#primaryimage"},"thumbnailUrl":"https:\/\/qingdaohf.com\/wp-content\/uploads\/2023\/01\/concrete-form-turnbuckles-1-1.jpg","datePublished":"2024-06-28T09:07:41+00:00","dateModified":"2025-11-13T01:03:14+00:00","description":"Flat Plate & Bent Plate Turnbuckle Form Aligner.It is an innovative product designed to assist in aligning and securing concrete forms during construction projects.","breadcrumb":{"@id":"https:\/\/qingdaohf.com\/product\/turnbuckle-form-aligner\/#breadcrumb"},"inLanguage":"es","potentialAction":[{"@type":"ReadAction","target":["https:\/\/qingdaohf.com\/product\/turnbuckle-form-aligner\/"]}]},{"@type":"ImageObject","inLanguage":"es","@id":"https:\/\/qingdaohf.com\/product\/turnbuckle-form-aligner\/#primaryimage","url":"https:\/\/qingdaohf.com\/wp-content\/uploads\/2023\/01\/concrete-form-turnbuckles-1-1.jpg","contentUrl":"https:\/\/qingdaohf.com\/wp-content\/uploads\/2023\/01\/concrete-form-turnbuckles-1-1.jpg","width":800,"height":800,"caption":"concrete form turnbuckles"},{"@type":"BreadcrumbList","@id":"https:\/\/qingdaohf.com\/product\/turnbuckle-form-aligner\/#breadcrumb","itemListElement":[{"@type":"ListItem","position":1,"name":"Home","item":"https:\/\/qingdaohf.com\/"},{"@type":"ListItem","position":2,"name":"Concrete Forming Accessories and Rigging Hardware","item":"https:\/\/qingdaohf.com\/bg\/?page_id=944"},{"@type":"ListItem","position":3,"name":"Adjustable Concrete Form Brace Turnbuckle Form Aligner"}]},{"@type":"WebSite","@id":"https:\/\/qingdaohf.com\/bg\/#website","url":"https:\/\/qingdaohf.com\/bg\/","name":"Concrete Form & Rigging Hardware Supplier","description":"","publisher":{"@id":"https:\/\/qingdaohf.com\/bg\/#organization"},"potentialAction":[{"@type":"SearchAction","target":{"@type":"EntryPoint","urlTemplate":"https:\/\/qingdaohf.com\/bg\/?s={search_term_string}"},"query-input":{"@type":"PropertyValueSpecification","valueRequired":true,"valueName":"search_term_string"}}],"inLanguage":"es"},{"@type":"Organization","@id":"https:\/\/qingdaohf.com\/bg\/#organization","name":"Qingdao H&F","url":"https:\/\/qingdaohf.com\/bg\/","logo":{"@type":"ImageObject","inLanguage":"es","@id":"https:\/\/qingdaohf.com\/bg\/#\/schema\/logo\/image\/","url":"https:\/\/qingdaohf.com\/wp-content\/uploads\/2022\/12\/cropped-HF-LOGO.png","contentUrl":"https:\/\/qingdaohf.com\/wp-content\/uploads\/2022\/12\/cropped-HF-LOGO.png","width":391,"height":249,"caption":"Qingdao H&F"},"image":{"@id":"https:\/\/qingdaohf.com\/bg\/#\/schema\/logo\/image\/"},"sameAs":["https:\/\/www.facebook.com\/qingdaohf"]}]}},"_links":{"self":[{"href":"https:\/\/qingdaohf.com\/es\/wp-json\/wp\/v2\/product\/1729","targetHints":{"allow":["GET"]}}],"collection":[{"href":"https:\/\/qingdaohf.com\/es\/wp-json\/wp\/v2\/product"}],"about":[{"href":"https:\/\/qingdaohf.com\/es\/wp-json\/wp\/v2\/types\/product"}],"replies":[{"embeddable":true,"href":"https:\/\/qingdaohf.com\/es\/wp-json\/wp\/v2\/comments?post=1729"}],"version-history":[{"count":31,"href":"https:\/\/qingdaohf.com\/es\/wp-json\/wp\/v2\/product\/1729\/revisions"}],"predecessor-version":[{"id":5668,"href":"https:\/\/qingdaohf.com\/es\/wp-json\/wp\/v2\/product\/1729\/revisions\/5668"}],"wp:featuredmedia":[{"embeddable":true,"href":"https:\/\/qingdaohf.com\/es\/wp-json\/wp\/v2\/media\/4401"}],"wp:attachment":[{"href":"https:\/\/qingdaohf.com\/es\/wp-json\/wp\/v2\/media?parent=1729"}],"wp:term":[{"taxonomy":"product_brand","embeddable":true,"href":"https:\/\/qingdaohf.com\/es\/wp-json\/wp\/v2\/product_brand?post=1729"},{"taxonomy":"product_cat","embeddable":true,"href":"https:\/\/qingdaohf.com\/es\/wp-json\/wp\/v2\/product_cat?post=1729"},{"taxonomy":"product_tag","embeddable":true,"href":"https:\/\/qingdaohf.com\/es\/wp-json\/wp\/v2\/product_tag?post=1729"}],"curies":[{"name":"wp","href":"https:\/\/api.w.org\/{rel}","templated":true}]}}