{"id":2078,"date":"2023-02-08T16:58:31","date_gmt":"2023-02-08T08:58:31","guid":{"rendered":"http:\/\/qingdaohf.com\/?post_type=product&#038;p=2078"},"modified":"2025-11-13T09:06:36","modified_gmt":"2025-11-13T01:06:36","slug":"steel-stake","status":"publish","type":"product","link":"https:\/\/qingdaohf.com\/es\/producto\/estaca-de-acero\/","title":{"rendered":"Estacas met\u00e1licas de acero para encofrado de hormig\u00f3n"},"content":{"rendered":"<div class=\"ast-oembed-container\" style=\"height: 100%;\"><iframe title=\"Hormig\u00f3n Estaca de acero\" width=\"500\" height=\"281\" src=\"https:\/\/www.youtube.com\/embed\/kDArajRbFtQ?feature=oembed\" frameborder=\"0\" allow=\"accelerometer; autoplay; clipboard-write; encrypted-media; gyroscope; picture-in-picture; web-share\" referrerpolicy=\"strict-origin-when-cross-origin\" allowfullscreen><\/iframe><\/div>\n<h2>Estacas de acero redondas<\/h2>\n<p><a href=\"http:\/\/qingdaohf.com\/es\/product\/round-steel-stake\/\">Estacas redondas de acero<\/a> son el tipo m\u00e1s com\u00fan de estacas de acero utilizadas en el encofrado de hormig\u00f3n. Suelen ser de acero de alta resistencia y est\u00e1n disponibles en varios di\u00e1metros y longitudes. Las estacas de acero redondas son f\u00e1ciles de instalar y retirar, y proporcionan una excelente estabilidad y soporte para el encofrado.<\/p>\n<p>Nuestras estacas redondas de acero son duraderas y vers\u00e1tiles, y est\u00e1n disponibles en varios tama\u00f1os para satisfacer sus necesidades espec\u00edficas. Cada estaca tiene un di\u00e1metro s\u00f3lido de 3\/4\u2033 o 7\/8\u2033, que ofrece una excelente estabilidad y resistencia. Los tama\u00f1os van desde 12 pulgadas hasta 48 pulgadas, lo que permite flexibilidad en diversas aplicaciones, desde la fijaci\u00f3n de estructuras hasta el soporte de vallas. Construidas para soportar entornos dif\u00edciles, estas estacas de acero son un componente esencial para cualquier proyecto que requiera un soporte robusto. Tanto si las necesita para construcci\u00f3n como para jardiner\u00eda, nuestras estacas ofrecen un rendimiento fiable con una instalaci\u00f3n sencilla.<\/p>\n<p><img fetchpriority=\"high\" decoding=\"async\" class=\"alignnone size-medium wp-image-5596\" src=\"http:\/\/qingdaohf.com\/wp-content\/uploads\/2023\/11\/round-steel-stake-261x300.png\" alt=\"estaca redonda de acero\" width=\"261\" height=\"300\" srcset=\"https:\/\/qingdaohf.com\/wp-content\/uploads\/2023\/11\/round-steel-stake-261x300.png 261w, https:\/\/qingdaohf.com\/wp-content\/uploads\/2023\/11\/round-steel-stake.png 400w\" sizes=\"(max-width: 261px) 100vw, 261px\" \/><\/p>\n<h2>Estacas cuadradas de acero<\/h2>\n<p><a href=\"https:\/\/qingdaohf.com\/es\/producto\/estaca-de-acero-cuadrada-con-agujeros\/\">Estacas cuadradas de acero<\/a> son similares a las estacas de acero redondas, pero tienen secci\u00f3n cuadrada en lugar de circular. Tambi\u00e9n son de acero de alta resistencia y est\u00e1n disponibles en varios tama\u00f1os. Las estacas de acero cuadradas suelen utilizarse en situaciones en las que se requiere una estabilidad adicional, como en condiciones de viento o desnivel.<\/p>\n<p><img decoding=\"async\" class=\"alignnone size-medium wp-image-5598\" src=\"http:\/\/qingdaohf.com\/wp-content\/uploads\/2023\/11\/square-steel-stake-239x300.png\" alt=\"estaca cuadrada de acero\" width=\"239\" height=\"300\" srcset=\"https:\/\/qingdaohf.com\/wp-content\/uploads\/2023\/11\/square-steel-stake-239x300.png 239w, https:\/\/qingdaohf.com\/wp-content\/uploads\/2023\/11\/square-steel-stake.png 448w\" sizes=\"(max-width: 239px) 100vw, 239px\" \/><\/p>\n<h2>Estacas planas de acero<\/h2>\n<p><a href=\"https:\/\/qingdaohf.com\/es\/producto\/estaca-plana-de-acero\/\">Estacas planas de acero<\/a> suelen ser de acero m\u00e1s fino que las estacas de acero redondas o cuadradas. Tienen una secci\u00f3n transversal plana y est\u00e1n dise\u00f1adas para clavarse en el suelo en \u00e1ngulo a fin de proporcionar estabilidad adicional al encofrado. Las estacas de acero planas se utilizan a menudo en combinaci\u00f3n con estacas de acero redondas o cuadradas para proporcionar apoyo adicional en condiciones dif\u00edciles.<\/p>\n<p><img decoding=\"async\" class=\"alignnone size-medium wp-image-5587\" src=\"http:\/\/qingdaohf.com\/wp-content\/uploads\/2023\/02\/Flat-Nail-Stake-279x300.png\" alt=\"Estaca clavo plana\" width=\"279\" height=\"300\" srcset=\"https:\/\/qingdaohf.com\/wp-content\/uploads\/2023\/02\/Flat-Nail-Stake-279x300.png 279w, https:\/\/qingdaohf.com\/wp-content\/uploads\/2023\/02\/Flat-Nail-Stake.png 596w\" sizes=\"(max-width: 279px) 100vw, 279px\" \/><\/p>\n<h2>Viga en I plana<\/h2>\n<p><a href=\"https:\/\/qingdaohf.com\/es\/producto\/estaca-de-viga-i\/\">Viga en I plana<\/a> Las estacas de acero son similares a las estacas de acero planas, pero tienen una secci\u00f3n transversal que recuerda a la letra \"I\". Suelen estar hechas de acero m\u00e1s grueso que las estacas de acero planas y est\u00e1n dise\u00f1adas para proporcionar a\u00fan m\u00e1s estabilidad y apoyo al encofrado. Las estacas de acero planas en forma de I se utilizan a menudo en proyectos de encofrado de hormig\u00f3n a gran escala, como la construcci\u00f3n de puentes o edificios de gran altura.<\/p>\n<p><img loading=\"lazy\" decoding=\"async\" class=\"alignnone size-medium wp-image-5584\" src=\"http:\/\/qingdaohf.com\/wp-content\/uploads\/2023\/02\/Flat-I-Beam-Stake-267x300.png\" alt=\"Estaca de viga en I plana\" width=\"267\" height=\"300\" srcset=\"https:\/\/qingdaohf.com\/wp-content\/uploads\/2023\/02\/Flat-I-Beam-Stake-267x300.png 267w, https:\/\/qingdaohf.com\/wp-content\/uploads\/2023\/02\/Flat-I-Beam-Stake.png 556w\" sizes=\"(max-width: 267px) 100vw, 267px\" \/><\/p>","protected":false},"excerpt":{"rendered":"<p>Las estacas de acero se utilizan habitualmente en el encofrado de hormig\u00f3n para mantener el encofrado en su sitio y soportar el peso del hormig\u00f3n h\u00famedo. Hay varios tipos de estacas de acero disponibles para su uso en el encofrado de hormig\u00f3n, incluyendo <strong>estacas redondas de acero<\/strong>, <strong>estacas cuadradas de acero<\/strong>, <strong>estacas planas de acero<\/strong>y plano <strong>Estacas de acero en I<\/strong>.<\/p>\n<p>Cada estaca est\u00e1 dimensionada con precisi\u00f3n, es f\u00e1cil de instalar con puntas afiladas y est\u00e1 disponible en tama\u00f1os personalizados para adaptarse a diversas necesidades.<\/p>\n<p>Con precios competitivos, entregas puntuales y un atento servicio de atenci\u00f3n al cliente, Qingdao H&amp;F garantiza una asistencia fiable desde el pedido hasta la entrega. Nuestras estacas son la opci\u00f3n ideal para un refuerzo estructural seguro y duradero.<\/p>","protected":false},"featured_media":2788,"comment_status":"open","ping_status":"closed","template":"","meta":{"site-sidebar-layout":"default","site-content-layout":"default","ast-site-content-layout":"default","site-content-style":"default","site-sidebar-style":"default","ast-global-header-display":"","ast-banner-title-visibility":"","ast-main-header-display":"","ast-hfb-above-header-display":"","ast-hfb-below-header-display":"","ast-hfb-mobile-header-display":"","site-post-title":"","ast-breadcrumbs-content":"","ast-featured-img":"","footer-sml-layout":"","theme-transparent-header-meta":"default","adv-header-id-meta":"","stick-header-meta":"default","header-above-stick-meta":"","header-main-stick-meta":"","header-below-stick-meta":"","astra-migrate-meta-layouts":"set","ast-page-background-enabled":"default","ast-page-background-meta":{"desktop":{"background-color":"","background-image":"","background-repeat":"repeat","background-position":"center center","background-size":"auto","background-attachment":"scroll","background-type":"","background-media":"","overlay-type":"","overlay-color":"","overlay-opacity":"","overlay-gradient":""},"tablet":{"background-color":"","background-image":"","background-repeat":"repeat","background-position":"center center","background-size":"auto","background-attachment":"scroll","background-type":"","background-media":"","overlay-type":"","overlay-color":"","overlay-opacity":"","overlay-gradient":""},"mobile":{"background-color":"","background-image":"","background-repeat":"repeat","background-position":"center center","background-size":"auto","background-attachment":"scroll","background-type":"","background-media":"","overlay-type":"","overlay-color":"","overlay-opacity":"","overlay-gradient":""}},"ast-content-background-meta":{"desktop":{"background-color":"var(--ast-global-color-5)","background-image":"","background-repeat":"repeat","background-position":"center center","background-size":"auto","background-attachment":"scroll","background-type":"","background-media":"","overlay-type":"","overlay-color":"","overlay-opacity":"","overlay-gradient":""},"tablet":{"background-color":"var(--ast-global-color-5)","background-image":"","background-repeat":"repeat","background-position":"center center","background-size":"auto","background-attachment":"scroll","background-type":"","background-media":"","overlay-type":"","overlay-color":"","overlay-opacity":"","overlay-gradient":""},"mobile":{"background-color":"var(--ast-global-color-5)","background-image":"","background-repeat":"repeat","background-position":"center center","background-size":"auto","background-attachment":"scroll","background-type":"","background-media":"","overlay-type":"","overlay-color":"","overlay-opacity":"","overlay-gradient":""}}},"product_brand":[],"product_cat":[28,53],"product_tag":[],"class_list":{"0":"post-2078","1":"product","2":"type-product","3":"status-publish","4":"has-post-thumbnail","6":"product_cat-concrete-forming","7":"product_cat-steel-stake","8":"desktop-align-left","9":"tablet-align-left","10":"mobile-align-left","11":"ast-product-gallery-layout-horizontal-slider","12":"ast-product-tabs-layout-horizontal","14":"first","15":"instock","16":"featured","17":"shipping-taxable","18":"purchasable","19":"product-type-simple"},"yoast_head":"<!-- This site is optimized with the Yoast SEO plugin v25.2 - https:\/\/yoast.com\/wordpress\/plugins\/seo\/ -->\n<title>Metal Concrete Forming Steel Stakes<\/title>\n<meta name=\"description\" content=\"China\u00a0Square Steel Stake manufacturers.This\u00a0square stake\u00a0has a sleek black finish, and is easy to install onto your truck.\u00a0\" \/>\n<meta name=\"robots\" content=\"index, follow, max-snippet:-1, max-image-preview:large, max-video-preview:-1\" \/>\n<link rel=\"canonical\" href=\"https:\/\/qingdaohf.com\/es\/producto\/estaca-de-acero\/\" \/>\n<meta property=\"og:locale\" content=\"es_ES\" \/>\n<meta property=\"og:type\" content=\"article\" \/>\n<meta property=\"og:title\" content=\"Concrete Steel Stake\" \/>\n<meta property=\"og:description\" content=\"Steel stakes are commonly used in concrete forming to hold the formwork in place and to provide support for the weight of the wet concrete.\" \/>\n<meta property=\"og:url\" content=\"https:\/\/qingdaohf.com\/es\/producto\/estaca-de-acero\/\" \/>\n<meta property=\"og:site_name\" content=\"Concrete Form &amp; Rigging Hardware Supplier\" \/>\n<meta property=\"article:publisher\" content=\"https:\/\/www.facebook.com\/qingdaohf\" \/>\n<meta property=\"article:modified_time\" content=\"2025-11-13T01:06:36+00:00\" \/>\n<meta property=\"og:image\" content=\"https:\/\/qingdaohf.com\/wp-content\/uploads\/2023\/02\/steel-stake-7.jpg\" \/>\n\t<meta property=\"og:image:width\" content=\"800\" \/>\n\t<meta property=\"og:image:height\" content=\"800\" \/>\n\t<meta property=\"og:image:type\" content=\"image\/jpeg\" \/>\n<meta name=\"twitter:card\" content=\"summary_large_image\" \/>\n<meta name=\"twitter:label1\" content=\"Tiempo de lectura\" \/>\n\t<meta name=\"twitter:data1\" content=\"3 minutos\" \/>\n<script type=\"application\/ld+json\" class=\"yoast-schema-graph\">{\"@context\":\"https:\/\/schema.org\",\"@graph\":[{\"@type\":\"WebPage\",\"@id\":\"https:\/\/qingdaohf.com\/product\/steel-stake\/\",\"url\":\"https:\/\/qingdaohf.com\/product\/steel-stake\/\",\"name\":\"Metal Concrete Forming Steel Stakes\",\"isPartOf\":{\"@id\":\"https:\/\/qingdaohf.com\/bg\/#website\"},\"primaryImageOfPage\":{\"@id\":\"https:\/\/qingdaohf.com\/product\/steel-stake\/#primaryimage\"},\"image\":{\"@id\":\"https:\/\/qingdaohf.com\/product\/steel-stake\/#primaryimage\"},\"thumbnailUrl\":\"https:\/\/qingdaohf.com\/wp-content\/uploads\/2023\/02\/steel-stake-7.jpg\",\"datePublished\":\"2023-02-08T08:58:31+00:00\",\"dateModified\":\"2025-11-13T01:06:36+00:00\",\"description\":\"China\u00a0Square Steel Stake manufacturers.This\u00a0square stake\u00a0has a sleek black finish, and is easy to install onto your truck.\u00a0\",\"breadcrumb\":{\"@id\":\"https:\/\/qingdaohf.com\/product\/steel-stake\/#breadcrumb\"},\"inLanguage\":\"es\",\"potentialAction\":[{\"@type\":\"ReadAction\",\"target\":[\"https:\/\/qingdaohf.com\/product\/steel-stake\/\"]}]},{\"@type\":\"ImageObject\",\"inLanguage\":\"es\",\"@id\":\"https:\/\/qingdaohf.com\/product\/steel-stake\/#primaryimage\",\"url\":\"https:\/\/qingdaohf.com\/wp-content\/uploads\/2023\/02\/steel-stake-7.jpg\",\"contentUrl\":\"https:\/\/qingdaohf.com\/wp-content\/uploads\/2023\/02\/steel-stake-7.jpg\",\"width\":800,\"height\":800,\"caption\":\"steel stake\"},{\"@type\":\"BreadcrumbList\",\"@id\":\"https:\/\/qingdaohf.com\/product\/steel-stake\/#breadcrumb\",\"itemListElement\":[{\"@type\":\"ListItem\",\"position\":1,\"name\":\"Home\",\"item\":\"https:\/\/qingdaohf.com\/\"},{\"@type\":\"ListItem\",\"position\":2,\"name\":\"Concrete Forming Accessories and Rigging Hardware\",\"item\":\"https:\/\/qingdaohf.com\/bg\/?page_id=944\"},{\"@type\":\"ListItem\",\"position\":3,\"name\":\"Metal Concrete Forming Steel Stakes\"}]},{\"@type\":\"WebSite\",\"@id\":\"https:\/\/qingdaohf.com\/bg\/#website\",\"url\":\"https:\/\/qingdaohf.com\/bg\/\",\"name\":\"Concrete Form & Rigging Hardware Supplier\",\"description\":\"\",\"publisher\":{\"@id\":\"https:\/\/qingdaohf.com\/bg\/#organization\"},\"potentialAction\":[{\"@type\":\"SearchAction\",\"target\":{\"@type\":\"EntryPoint\",\"urlTemplate\":\"https:\/\/qingdaohf.com\/bg\/?s={search_term_string}\"},\"query-input\":{\"@type\":\"PropertyValueSpecification\",\"valueRequired\":true,\"valueName\":\"search_term_string\"}}],\"inLanguage\":\"es\"},{\"@type\":\"Organization\",\"@id\":\"https:\/\/qingdaohf.com\/bg\/#organization\",\"name\":\"Qingdao H&F\",\"url\":\"https:\/\/qingdaohf.com\/bg\/\",\"logo\":{\"@type\":\"ImageObject\",\"inLanguage\":\"es\",\"@id\":\"https:\/\/qingdaohf.com\/bg\/#\/schema\/logo\/image\/\",\"url\":\"https:\/\/qingdaohf.com\/wp-content\/uploads\/2022\/12\/cropped-HF-LOGO.png\",\"contentUrl\":\"https:\/\/qingdaohf.com\/wp-content\/uploads\/2022\/12\/cropped-HF-LOGO.png\",\"width\":391,\"height\":249,\"caption\":\"Qingdao H&F\"},\"image\":{\"@id\":\"https:\/\/qingdaohf.com\/bg\/#\/schema\/logo\/image\/\"},\"sameAs\":[\"https:\/\/www.facebook.com\/qingdaohf\"]}]}<\/script>\n<!-- \/ Yoast SEO plugin. -->","yoast_head_json":{"title":"Metal Concrete Forming Steel Stakes","description":"China\u00a0Square Steel Stake manufacturers.This\u00a0square stake\u00a0has a sleek black finish, and is easy to install onto your truck.\u00a0","robots":{"index":"index","follow":"follow","max-snippet":"max-snippet:-1","max-image-preview":"max-image-preview:large","max-video-preview":"max-video-preview:-1"},"canonical":"https:\/\/qingdaohf.com\/es\/producto\/estaca-de-acero\/","og_locale":"es_ES","og_type":"article","og_title":"Concrete Steel Stake","og_description":"Steel stakes are commonly used in concrete forming to hold the formwork in place and to provide support for the weight of the wet concrete.","og_url":"https:\/\/qingdaohf.com\/es\/producto\/estaca-de-acero\/","og_site_name":"Concrete Form &amp; Rigging Hardware Supplier","article_publisher":"https:\/\/www.facebook.com\/qingdaohf","article_modified_time":"2025-11-13T01:06:36+00:00","og_image":[{"width":800,"height":800,"url":"https:\/\/qingdaohf.com\/wp-content\/uploads\/2023\/02\/steel-stake-7.jpg","type":"image\/jpeg"}],"twitter_card":"summary_large_image","twitter_misc":{"Tiempo de lectura":"3 minutos"},"schema":{"@context":"https:\/\/schema.org","@graph":[{"@type":"WebPage","@id":"https:\/\/qingdaohf.com\/product\/steel-stake\/","url":"https:\/\/qingdaohf.com\/product\/steel-stake\/","name":"Metal Concrete Forming Steel Stakes","isPartOf":{"@id":"https:\/\/qingdaohf.com\/bg\/#website"},"primaryImageOfPage":{"@id":"https:\/\/qingdaohf.com\/product\/steel-stake\/#primaryimage"},"image":{"@id":"https:\/\/qingdaohf.com\/product\/steel-stake\/#primaryimage"},"thumbnailUrl":"https:\/\/qingdaohf.com\/wp-content\/uploads\/2023\/02\/steel-stake-7.jpg","datePublished":"2023-02-08T08:58:31+00:00","dateModified":"2025-11-13T01:06:36+00:00","description":"China\u00a0Square Steel Stake manufacturers.This\u00a0square stake\u00a0has a sleek black finish, and is easy to install onto your truck.\u00a0","breadcrumb":{"@id":"https:\/\/qingdaohf.com\/product\/steel-stake\/#breadcrumb"},"inLanguage":"es","potentialAction":[{"@type":"ReadAction","target":["https:\/\/qingdaohf.com\/product\/steel-stake\/"]}]},{"@type":"ImageObject","inLanguage":"es","@id":"https:\/\/qingdaohf.com\/product\/steel-stake\/#primaryimage","url":"https:\/\/qingdaohf.com\/wp-content\/uploads\/2023\/02\/steel-stake-7.jpg","contentUrl":"https:\/\/qingdaohf.com\/wp-content\/uploads\/2023\/02\/steel-stake-7.jpg","width":800,"height":800,"caption":"steel stake"},{"@type":"BreadcrumbList","@id":"https:\/\/qingdaohf.com\/product\/steel-stake\/#breadcrumb","itemListElement":[{"@type":"ListItem","position":1,"name":"Home","item":"https:\/\/qingdaohf.com\/"},{"@type":"ListItem","position":2,"name":"Concrete Forming Accessories and Rigging Hardware","item":"https:\/\/qingdaohf.com\/bg\/?page_id=944"},{"@type":"ListItem","position":3,"name":"Metal Concrete Forming Steel Stakes"}]},{"@type":"WebSite","@id":"https:\/\/qingdaohf.com\/bg\/#website","url":"https:\/\/qingdaohf.com\/bg\/","name":"Concrete Form & Rigging Hardware Supplier","description":"","publisher":{"@id":"https:\/\/qingdaohf.com\/bg\/#organization"},"potentialAction":[{"@type":"SearchAction","target":{"@type":"EntryPoint","urlTemplate":"https:\/\/qingdaohf.com\/bg\/?s={search_term_string}"},"query-input":{"@type":"PropertyValueSpecification","valueRequired":true,"valueName":"search_term_string"}}],"inLanguage":"es"},{"@type":"Organization","@id":"https:\/\/qingdaohf.com\/bg\/#organization","name":"Qingdao H&F","url":"https:\/\/qingdaohf.com\/bg\/","logo":{"@type":"ImageObject","inLanguage":"es","@id":"https:\/\/qingdaohf.com\/bg\/#\/schema\/logo\/image\/","url":"https:\/\/qingdaohf.com\/wp-content\/uploads\/2022\/12\/cropped-HF-LOGO.png","contentUrl":"https:\/\/qingdaohf.com\/wp-content\/uploads\/2022\/12\/cropped-HF-LOGO.png","width":391,"height":249,"caption":"Qingdao H&F"},"image":{"@id":"https:\/\/qingdaohf.com\/bg\/#\/schema\/logo\/image\/"},"sameAs":["https:\/\/www.facebook.com\/qingdaohf"]}]}},"_links":{"self":[{"href":"https:\/\/qingdaohf.com\/es\/wp-json\/wp\/v2\/product\/2078","targetHints":{"allow":["GET"]}}],"collection":[{"href":"https:\/\/qingdaohf.com\/es\/wp-json\/wp\/v2\/product"}],"about":[{"href":"https:\/\/qingdaohf.com\/es\/wp-json\/wp\/v2\/types\/product"}],"replies":[{"embeddable":true,"href":"https:\/\/qingdaohf.com\/es\/wp-json\/wp\/v2\/comments?post=2078"}],"version-history":[{"count":31,"href":"https:\/\/qingdaohf.com\/es\/wp-json\/wp\/v2\/product\/2078\/revisions"}],"predecessor-version":[{"id":10343,"href":"https:\/\/qingdaohf.com\/es\/wp-json\/wp\/v2\/product\/2078\/revisions\/10343"}],"wp:featuredmedia":[{"embeddable":true,"href":"https:\/\/qingdaohf.com\/es\/wp-json\/wp\/v2\/media\/2788"}],"wp:attachment":[{"href":"https:\/\/qingdaohf.com\/es\/wp-json\/wp\/v2\/media?parent=2078"}],"wp:term":[{"taxonomy":"product_brand","embeddable":true,"href":"https:\/\/qingdaohf.com\/es\/wp-json\/wp\/v2\/product_brand?post=2078"},{"taxonomy":"product_cat","embeddable":true,"href":"https:\/\/qingdaohf.com\/es\/wp-json\/wp\/v2\/product_cat?post=2078"},{"taxonomy":"product_tag","embeddable":true,"href":"https:\/\/qingdaohf.com\/es\/wp-json\/wp\/v2\/product_tag?post=2078"}],"curies":[{"name":"wp","href":"https:\/\/api.w.org\/{rel}","templated":true}]}}