{"id":2130,"date":"2023-02-10T17:04:57","date_gmt":"2023-02-10T09:04:57","guid":{"rendered":"http:\/\/qingdaohf.com\/?post_type=product&#038;p=2130"},"modified":"2025-11-13T09:06:35","modified_gmt":"2025-11-13T01:06:35","slug":"flat-rib-washer","status":"publish","type":"product","link":"https:\/\/qingdaohf.com\/es\/producto\/arandela-plana\/","title":{"rendered":"Arandela plana"},"content":{"rendered":"<p>Una arandela plana es un componente peque\u00f1o pero importante utilizado en el encofrado de hormig\u00f3n. Suele estar fabricada con materiales duraderos y resistentes a la corrosi\u00f3n, como acero galvanizado o acero inoxidable, y est\u00e1 dise\u00f1ada para proporcionar una conexi\u00f3n segura y estanca entre los paneles de encofrado de hormig\u00f3n.<\/p>\n<p>La arandela acanalada plana se utiliza junto con un anclaje el\u00e1stico, que es una varilla o alambre met\u00e1lico que se inserta a trav\u00e9s de un orificio en el panel de encofrado para mantener el encofrado en su sitio. La arandela de nervadura plana se coloca sobre el anclaje el\u00e1stico para evitar que atraviese el panel del encofrado cuando se vierte el hormig\u00f3n.<\/p>\n<p>El dise\u00f1o de la arandela nervada plana incluye nervaduras en la superficie que crean fricci\u00f3n contra el hormig\u00f3n, lo que ayuda a mantener el panel de encofrado en su sitio durante el proceso de vertido. Esto ayuda a evitar cualquier movimiento o desplazamiento de los paneles de encofrado, lo que podr\u00eda dar lugar a una superficie de hormig\u00f3n irregular o distorsionada.<\/p>\n<p>&nbsp;<\/p>\n<p><img fetchpriority=\"high\" decoding=\"async\" class=\"alignnone size-full wp-image-2776\" src=\"http:\/\/qingdaohf.com\/wp-content\/uploads\/2023\/02\/flat-rib-washer-1_\u526f\u672c.jpg\" alt=\"Arandela plana\" width=\"1200\" height=\"871\" srcset=\"https:\/\/qingdaohf.com\/wp-content\/uploads\/2023\/02\/flat-rib-washer-1_\u526f\u672c.jpg 1200w, https:\/\/qingdaohf.com\/wp-content\/uploads\/2023\/02\/flat-rib-washer-1_\u526f\u672c-1000x726.jpg 1000w, https:\/\/qingdaohf.com\/wp-content\/uploads\/2023\/02\/flat-rib-washer-1_\u526f\u672c-300x218.jpg 300w, https:\/\/qingdaohf.com\/wp-content\/uploads\/2023\/02\/flat-rib-washer-1_\u526f\u672c-1024x743.jpg 1024w, https:\/\/qingdaohf.com\/wp-content\/uploads\/2023\/02\/flat-rib-washer-1_\u526f\u672c-768x557.jpg 768w\" sizes=\"(max-width: 1200px) 100vw, 1200px\" \/><\/p>\n<p><img decoding=\"async\" class=\"alignnone size-full wp-image-2777\" src=\"http:\/\/qingdaohf.com\/wp-content\/uploads\/2023\/02\/13-2.jpg\" alt=\"Arandela plana\" width=\"1200\" height=\"308\" srcset=\"https:\/\/qingdaohf.com\/wp-content\/uploads\/2023\/02\/13-2.jpg 1200w, https:\/\/qingdaohf.com\/wp-content\/uploads\/2023\/02\/13-2-1000x257.jpg 1000w, https:\/\/qingdaohf.com\/wp-content\/uploads\/2023\/02\/13-2-300x77.jpg 300w, https:\/\/qingdaohf.com\/wp-content\/uploads\/2023\/02\/13-2-1024x263.jpg 1024w, https:\/\/qingdaohf.com\/wp-content\/uploads\/2023\/02\/13-2-768x197.jpg 768w\" sizes=\"(max-width: 1200px) 100vw, 1200px\" \/><\/p>\n<p>&nbsp;<\/p>","protected":false},"excerpt":{"rendered":"<p>La arandela plana se utiliza con la tuerca hexagonal para conectar y fijar dos encofrados en la construcci\u00f3n de encofrados. Las arandelas planas son muy resistentes al uso constante y a distintos tipos de impactos, por lo que ofrecen un servicio fiable.<\/p>","protected":false},"featured_media":2771,"comment_status":"open","ping_status":"closed","template":"","meta":{"site-sidebar-layout":"default","site-content-layout":"default","ast-site-content-layout":"","site-content-style":"default","site-sidebar-style":"default","ast-global-header-display":"","ast-banner-title-visibility":"","ast-main-header-display":"","ast-hfb-above-header-display":"","ast-hfb-below-header-display":"","ast-hfb-mobile-header-display":"","site-post-title":"","ast-breadcrumbs-content":"","ast-featured-img":"","footer-sml-layout":"","theme-transparent-header-meta":"default","adv-header-id-meta":"","stick-header-meta":"default","header-above-stick-meta":"","header-main-stick-meta":"","header-below-stick-meta":"","astra-migrate-meta-layouts":"default","ast-page-background-enabled":"default","ast-page-background-meta":{"desktop":{"background-color":"","background-image":"","background-repeat":"repeat","background-position":"center center","background-size":"auto","background-attachment":"scroll","background-type":"","background-media":"","overlay-type":"","overlay-color":"","overlay-opacity":"","overlay-gradient":""},"tablet":{"background-color":"","background-image":"","background-repeat":"repeat","background-position":"center center","background-size":"auto","background-attachment":"scroll","background-type":"","background-media":"","overlay-type":"","overlay-color":"","overlay-opacity":"","overlay-gradient":""},"mobile":{"background-color":"","background-image":"","background-repeat":"repeat","background-position":"center center","background-size":"auto","background-attachment":"scroll","background-type":"","background-media":"","overlay-type":"","overlay-color":"","overlay-opacity":"","overlay-gradient":""}},"ast-content-background-meta":{"desktop":{"background-color":"var(--ast-global-color-5)","background-image":"","background-repeat":"repeat","background-position":"center center","background-size":"auto","background-attachment":"scroll","background-type":"","background-media":"","overlay-type":"","overlay-color":"","overlay-opacity":"","overlay-gradient":""},"tablet":{"background-color":"var(--ast-global-color-5)","background-image":"","background-repeat":"repeat","background-position":"center center","background-size":"auto","background-attachment":"scroll","background-type":"","background-media":"","overlay-type":"","overlay-color":"","overlay-opacity":"","overlay-gradient":""},"mobile":{"background-color":"var(--ast-global-color-5)","background-image":"","background-repeat":"repeat","background-position":"center center","background-size":"auto","background-attachment":"scroll","background-type":"","background-media":"","overlay-type":"","overlay-color":"","overlay-opacity":"","overlay-gradient":""}}},"product_brand":[],"product_cat":[31],"product_tag":[],"class_list":{"0":"post-2130","1":"product","2":"type-product","3":"status-publish","4":"has-post-thumbnail","6":"product_cat-fasteners","7":"desktop-align-left","8":"tablet-align-left","9":"mobile-align-left","10":"ast-product-gallery-layout-horizontal-slider","11":"ast-product-tabs-layout-horizontal","13":"first","14":"instock","15":"shipping-taxable","16":"purchasable","17":"product-type-simple"},"yoast_head":"<!-- This site is optimized with the Yoast SEO plugin v25.2 - https:\/\/yoast.com\/wordpress\/plugins\/seo\/ -->\n<title>Flat Rib Washer<\/title>\n<meta name=\"description\" content=\"Flat rib washer is used with Form Tie ,Hex Nut to connect and fix two formworks in building formwork.\" \/>\n<meta name=\"robots\" content=\"index, follow, max-snippet:-1, max-image-preview:large, max-video-preview:-1\" \/>\n<link rel=\"canonical\" href=\"https:\/\/qingdaohf.com\/es\/producto\/arandela-plana\/\" \/>\n<meta property=\"og:locale\" content=\"es_ES\" \/>\n<meta property=\"og:type\" content=\"article\" \/>\n<meta property=\"og:title\" content=\"Flat Rib Washer\" \/>\n<meta property=\"og:description\" content=\"Flat rib washer is used with Form Tie ,Hex Nut to connect and fix two formworks in building formwork.\" \/>\n<meta property=\"og:url\" content=\"https:\/\/qingdaohf.com\/es\/producto\/arandela-plana\/\" \/>\n<meta property=\"og:site_name\" content=\"Concrete Form &amp; Rigging Hardware Supplier\" \/>\n<meta property=\"article:publisher\" content=\"https:\/\/www.facebook.com\/qingdaohf\" \/>\n<meta property=\"article:modified_time\" content=\"2025-11-13T01:06:35+00:00\" \/>\n<meta property=\"og:image\" content=\"https:\/\/qingdaohf.com\/wp-content\/uploads\/2023\/02\/Flat-Rib-Washer-1-1.jpg\" \/>\n\t<meta property=\"og:image:width\" content=\"1000\" \/>\n\t<meta property=\"og:image:height\" content=\"1000\" \/>\n\t<meta property=\"og:image:type\" content=\"image\/jpeg\" \/>\n<meta name=\"twitter:card\" content=\"summary_large_image\" \/>\n<meta name=\"twitter:label1\" content=\"Tiempo de lectura\" \/>\n\t<meta name=\"twitter:data1\" content=\"2 minutos\" \/>\n<script type=\"application\/ld+json\" class=\"yoast-schema-graph\">{\"@context\":\"https:\/\/schema.org\",\"@graph\":[{\"@type\":\"WebPage\",\"@id\":\"https:\/\/qingdaohf.com\/product\/flat-rib-washer\/\",\"url\":\"https:\/\/qingdaohf.com\/product\/flat-rib-washer\/\",\"name\":\"Flat Rib Washer\",\"isPartOf\":{\"@id\":\"https:\/\/qingdaohf.com\/bg\/#website\"},\"primaryImageOfPage\":{\"@id\":\"https:\/\/qingdaohf.com\/product\/flat-rib-washer\/#primaryimage\"},\"image\":{\"@id\":\"https:\/\/qingdaohf.com\/product\/flat-rib-washer\/#primaryimage\"},\"thumbnailUrl\":\"https:\/\/qingdaohf.com\/wp-content\/uploads\/2023\/02\/Flat-Rib-Washer-1-1.jpg\",\"datePublished\":\"2023-02-10T09:04:57+00:00\",\"dateModified\":\"2025-11-13T01:06:35+00:00\",\"description\":\"Flat rib washer is used with Form Tie ,Hex Nut to connect and fix two formworks in building formwork.\",\"breadcrumb\":{\"@id\":\"https:\/\/qingdaohf.com\/product\/flat-rib-washer\/#breadcrumb\"},\"inLanguage\":\"es\",\"potentialAction\":[{\"@type\":\"ReadAction\",\"target\":[\"https:\/\/qingdaohf.com\/product\/flat-rib-washer\/\"]}]},{\"@type\":\"ImageObject\",\"inLanguage\":\"es\",\"@id\":\"https:\/\/qingdaohf.com\/product\/flat-rib-washer\/#primaryimage\",\"url\":\"https:\/\/qingdaohf.com\/wp-content\/uploads\/2023\/02\/Flat-Rib-Washer-1-1.jpg\",\"contentUrl\":\"https:\/\/qingdaohf.com\/wp-content\/uploads\/2023\/02\/Flat-Rib-Washer-1-1.jpg\",\"width\":1000,\"height\":1000,\"caption\":\"Flat Rib Washer\"},{\"@type\":\"BreadcrumbList\",\"@id\":\"https:\/\/qingdaohf.com\/product\/flat-rib-washer\/#breadcrumb\",\"itemListElement\":[{\"@type\":\"ListItem\",\"position\":1,\"name\":\"Home\",\"item\":\"https:\/\/qingdaohf.com\/\"},{\"@type\":\"ListItem\",\"position\":2,\"name\":\"Concrete Forming Accessories and Rigging Hardware\",\"item\":\"https:\/\/qingdaohf.com\/bg\/?page_id=944\"},{\"@type\":\"ListItem\",\"position\":3,\"name\":\"Flat Rib Washer\"}]},{\"@type\":\"WebSite\",\"@id\":\"https:\/\/qingdaohf.com\/bg\/#website\",\"url\":\"https:\/\/qingdaohf.com\/bg\/\",\"name\":\"Concrete Form & Rigging Hardware Supplier\",\"description\":\"\",\"publisher\":{\"@id\":\"https:\/\/qingdaohf.com\/bg\/#organization\"},\"potentialAction\":[{\"@type\":\"SearchAction\",\"target\":{\"@type\":\"EntryPoint\",\"urlTemplate\":\"https:\/\/qingdaohf.com\/bg\/?s={search_term_string}\"},\"query-input\":{\"@type\":\"PropertyValueSpecification\",\"valueRequired\":true,\"valueName\":\"search_term_string\"}}],\"inLanguage\":\"es\"},{\"@type\":\"Organization\",\"@id\":\"https:\/\/qingdaohf.com\/bg\/#organization\",\"name\":\"Qingdao H&F\",\"url\":\"https:\/\/qingdaohf.com\/bg\/\",\"logo\":{\"@type\":\"ImageObject\",\"inLanguage\":\"es\",\"@id\":\"https:\/\/qingdaohf.com\/bg\/#\/schema\/logo\/image\/\",\"url\":\"https:\/\/qingdaohf.com\/wp-content\/uploads\/2022\/12\/cropped-HF-LOGO.png\",\"contentUrl\":\"https:\/\/qingdaohf.com\/wp-content\/uploads\/2022\/12\/cropped-HF-LOGO.png\",\"width\":391,\"height\":249,\"caption\":\"Qingdao H&F\"},\"image\":{\"@id\":\"https:\/\/qingdaohf.com\/bg\/#\/schema\/logo\/image\/\"},\"sameAs\":[\"https:\/\/www.facebook.com\/qingdaohf\"]}]}<\/script>\n<!-- \/ Yoast SEO plugin. -->","yoast_head_json":{"title":"Flat Rib Washer","description":"Flat rib washer is used with Form Tie ,Hex Nut to connect and fix two formworks in building formwork.","robots":{"index":"index","follow":"follow","max-snippet":"max-snippet:-1","max-image-preview":"max-image-preview:large","max-video-preview":"max-video-preview:-1"},"canonical":"https:\/\/qingdaohf.com\/es\/producto\/arandela-plana\/","og_locale":"es_ES","og_type":"article","og_title":"Flat Rib Washer","og_description":"Flat rib washer is used with Form Tie ,Hex Nut to connect and fix two formworks in building formwork.","og_url":"https:\/\/qingdaohf.com\/es\/producto\/arandela-plana\/","og_site_name":"Concrete Form &amp; Rigging Hardware Supplier","article_publisher":"https:\/\/www.facebook.com\/qingdaohf","article_modified_time":"2025-11-13T01:06:35+00:00","og_image":[{"width":1000,"height":1000,"url":"https:\/\/qingdaohf.com\/wp-content\/uploads\/2023\/02\/Flat-Rib-Washer-1-1.jpg","type":"image\/jpeg"}],"twitter_card":"summary_large_image","twitter_misc":{"Tiempo de lectura":"2 minutos"},"schema":{"@context":"https:\/\/schema.org","@graph":[{"@type":"WebPage","@id":"https:\/\/qingdaohf.com\/product\/flat-rib-washer\/","url":"https:\/\/qingdaohf.com\/product\/flat-rib-washer\/","name":"Flat Rib Washer","isPartOf":{"@id":"https:\/\/qingdaohf.com\/bg\/#website"},"primaryImageOfPage":{"@id":"https:\/\/qingdaohf.com\/product\/flat-rib-washer\/#primaryimage"},"image":{"@id":"https:\/\/qingdaohf.com\/product\/flat-rib-washer\/#primaryimage"},"thumbnailUrl":"https:\/\/qingdaohf.com\/wp-content\/uploads\/2023\/02\/Flat-Rib-Washer-1-1.jpg","datePublished":"2023-02-10T09:04:57+00:00","dateModified":"2025-11-13T01:06:35+00:00","description":"Flat rib washer is used with Form Tie ,Hex Nut to connect and fix two formworks in building formwork.","breadcrumb":{"@id":"https:\/\/qingdaohf.com\/product\/flat-rib-washer\/#breadcrumb"},"inLanguage":"es","potentialAction":[{"@type":"ReadAction","target":["https:\/\/qingdaohf.com\/product\/flat-rib-washer\/"]}]},{"@type":"ImageObject","inLanguage":"es","@id":"https:\/\/qingdaohf.com\/product\/flat-rib-washer\/#primaryimage","url":"https:\/\/qingdaohf.com\/wp-content\/uploads\/2023\/02\/Flat-Rib-Washer-1-1.jpg","contentUrl":"https:\/\/qingdaohf.com\/wp-content\/uploads\/2023\/02\/Flat-Rib-Washer-1-1.jpg","width":1000,"height":1000,"caption":"Flat Rib Washer"},{"@type":"BreadcrumbList","@id":"https:\/\/qingdaohf.com\/product\/flat-rib-washer\/#breadcrumb","itemListElement":[{"@type":"ListItem","position":1,"name":"Home","item":"https:\/\/qingdaohf.com\/"},{"@type":"ListItem","position":2,"name":"Concrete Forming Accessories and Rigging Hardware","item":"https:\/\/qingdaohf.com\/bg\/?page_id=944"},{"@type":"ListItem","position":3,"name":"Flat Rib Washer"}]},{"@type":"WebSite","@id":"https:\/\/qingdaohf.com\/bg\/#website","url":"https:\/\/qingdaohf.com\/bg\/","name":"Concrete Form & Rigging Hardware Supplier","description":"","publisher":{"@id":"https:\/\/qingdaohf.com\/bg\/#organization"},"potentialAction":[{"@type":"SearchAction","target":{"@type":"EntryPoint","urlTemplate":"https:\/\/qingdaohf.com\/bg\/?s={search_term_string}"},"query-input":{"@type":"PropertyValueSpecification","valueRequired":true,"valueName":"search_term_string"}}],"inLanguage":"es"},{"@type":"Organization","@id":"https:\/\/qingdaohf.com\/bg\/#organization","name":"Qingdao H&F","url":"https:\/\/qingdaohf.com\/bg\/","logo":{"@type":"ImageObject","inLanguage":"es","@id":"https:\/\/qingdaohf.com\/bg\/#\/schema\/logo\/image\/","url":"https:\/\/qingdaohf.com\/wp-content\/uploads\/2022\/12\/cropped-HF-LOGO.png","contentUrl":"https:\/\/qingdaohf.com\/wp-content\/uploads\/2022\/12\/cropped-HF-LOGO.png","width":391,"height":249,"caption":"Qingdao H&F"},"image":{"@id":"https:\/\/qingdaohf.com\/bg\/#\/schema\/logo\/image\/"},"sameAs":["https:\/\/www.facebook.com\/qingdaohf"]}]}},"_links":{"self":[{"href":"https:\/\/qingdaohf.com\/es\/wp-json\/wp\/v2\/product\/2130","targetHints":{"allow":["GET"]}}],"collection":[{"href":"https:\/\/qingdaohf.com\/es\/wp-json\/wp\/v2\/product"}],"about":[{"href":"https:\/\/qingdaohf.com\/es\/wp-json\/wp\/v2\/types\/product"}],"replies":[{"embeddable":true,"href":"https:\/\/qingdaohf.com\/es\/wp-json\/wp\/v2\/comments?post=2130"}],"version-history":[{"count":2,"href":"https:\/\/qingdaohf.com\/es\/wp-json\/wp\/v2\/product\/2130\/revisions"}],"predecessor-version":[{"id":10458,"href":"https:\/\/qingdaohf.com\/es\/wp-json\/wp\/v2\/product\/2130\/revisions\/10458"}],"wp:featuredmedia":[{"embeddable":true,"href":"https:\/\/qingdaohf.com\/es\/wp-json\/wp\/v2\/media\/2771"}],"wp:attachment":[{"href":"https:\/\/qingdaohf.com\/es\/wp-json\/wp\/v2\/media?parent=2130"}],"wp:term":[{"taxonomy":"product_brand","embeddable":true,"href":"https:\/\/qingdaohf.com\/es\/wp-json\/wp\/v2\/product_brand?post=2130"},{"taxonomy":"product_cat","embeddable":true,"href":"https:\/\/qingdaohf.com\/es\/wp-json\/wp\/v2\/product_cat?post=2130"},{"taxonomy":"product_tag","embeddable":true,"href":"https:\/\/qingdaohf.com\/es\/wp-json\/wp\/v2\/product_tag?post=2130"}],"curies":[{"name":"wp","href":"https:\/\/api.w.org\/{rel}","templated":true}]}}