{"id":2874,"date":"2023-03-14T17:33:05","date_gmt":"2023-03-14T09:33:05","guid":{"rendered":"http:\/\/qingdaohf.com\/?post_type=product&#038;p=2874"},"modified":"2025-11-13T09:05:31","modified_gmt":"2025-11-13T01:05:31","slug":"rebar-tie-wire","status":"publish","type":"product","link":"https:\/\/qingdaohf.com\/es\/producto\/alambre-de-amarre\/","title":{"rendered":"Alambre para atar armaduras"},"content":{"rendered":"<div data-test-render-count=\"5\">\n<div class=\"mb-1 mt-1\">\n<div class=\"group relative inline-flex gap-2 bg-gradient-to-b from-bg-300 from-50% to-bg-400 rounded-xl ml-px pl-2.5 py-2.5 break-words text-text-200 transition-all max-w-[75ch] flex-col shadow-[0_2px_16px_rgba(0,0,0,0.025)] pr-6\">\n<div class=\"flex flex-row gap-2\">\n<div class=\"font-user-message grid grid-cols-1 gap-2 py-0.5 text-[0.9375rem] leading-6\" data-testid=\"user-message\"><strong style=\"font-size: 1.5em;\">El alambre para atar armaduras y su funci\u00f3n esencial en la construcci\u00f3n<\/strong><\/div>\n<\/div>\n<\/div>\n<\/div>\n<\/div>\n<div data-test-render-count=\"1\">\n<div class=\"group relative pt-3.5 pb-[1.125rem] px-4 relative rounded-2xl -tracking-[0.015em] bg-[linear-gradient(to_bottom,_hsla(var(--bg-000)\/0.75)_0%,_hsla(var(--bg-000)_\/_0)_90%)] before:absolute before:inset-0 before:bg-[radial-gradient(ellipse_at_left_top,_hsla(var(--bg-000)\/0.5)_0%,_hsla(var(--bg-000)\/0.3)_60%)] before:rounded-2xl before:border-[0.5px] before:border-[hsla(var(--border-100)\/0.15)] before:shadow-[0_4px_24px_rgba(0,0,0,0.015)] before:[transition:opacity_150ms_ease-out,_transform_250ms_cubic-bezier(0.695,0.555,0.655,1.650)] before:z-0 before:data-[is-streaming=&quot;true&quot;]:opacity-0 before:data-[is-streaming=&quot;true&quot;]:scale-[0.995] before:data-[is-streaming=&quot;false&quot;]:pointer-events-none\" data-is-streaming=\"false\">\n<div class=\"font-claude-message pr-4 md:pr-9 relative leading-[1.65rem] [&amp;_pre&gt;div]:bg-bg-300 [&amp;_.ignore-pre-bg&gt;div]:bg-transparent [&amp;_pre]:-mr-4 md:[&amp;_pre]:-mr-9\">\n<div class=\"grid-cols-1 grid gap-2.5 [&amp;_&gt;_*]:min-w-0\">\n<p class=\"whitespace-pre-wrap break-words\">El alambre de atado de armaduras es un componente crucial en la construcci\u00f3n de hormig\u00f3n armado, donde desempe\u00f1a un papel fundamental en la uni\u00f3n y sujeci\u00f3n de las barras de armadura. Este material aparentemente sencillo pero indispensable garantiza la estabilidad estructural en proyectos que van desde los cimientos de viviendas hasta grandes obras de infraestructura. El alambre, fabricado con acero de calidad, ofrece el equilibrio perfecto entre manejabilidad y resistencia necesario para asegurar eficazmente las intersecciones de las barras de refuerzo. Cuando se aplica correctamente, ayuda a crear el marco robusto necesario para unas estructuras de hormig\u00f3n duraderas.<\/p>\n<p class=\"whitespace-pre-wrap break-words\">La versatilidad de los alambres de amarre para armaduras se hace evidente a trav\u00e9s de sus diversos acabados. Cada tipo, ya sea galvanizado, recocido o de acero inoxidable, sirve para fines espec\u00edficos en distintos entornos. Por ejemplo, los proyectos costeros se benefician de las variedades resistentes a la corrosi\u00f3n, mientras que la construcci\u00f3n est\u00e1ndar puede utilizar alambre recocido b\u00e1sico. Esta adaptabilidad hace que el alambre sea adecuado para casi cualquier escenario de construcci\u00f3n.<\/p>\n<\/div>\n<\/div>\n<\/div>\n<\/div>\n<table style=\"border-collapse: collapse; width: 1325px; height: 617px;\" border=\"0\" width=\"798\" cellspacing=\"0\" cellpadding=\"0\">\n<tbody>\n<tr style=\"height: 39.00pt;\">\n<td class=\"et3\" style=\"height: 39.00pt; width: 32.25pt;\" width=\"43\" height=\"52\"><span class=\"font1\">Indicador<\/span><\/td>\n<td class=\"et3\" style=\"width: 42.75pt;\" width=\"57\"><span class=\"font1\">Di\u00e1metro (pulg.)<\/span><\/td>\n<td class=\"et3\" style=\"width: 42.75pt;\" width=\"57\"><span class=\"font1\">Di\u00e1metro (mm)<\/span><\/td>\n<td class=\"et3\" style=\"width: 49.50pt;\" width=\"66\"><span class=\"font1\">Longitud (pulg.)<\/span><\/td>\n<td class=\"et3\" style=\"width: 33.00pt;\" width=\"44\"><span class=\"font1\">Longitud (mm)<\/span><\/td>\n<td class=\"et3\" style=\"width: 52.50pt;\" width=\"70\"><span class=\"font1\">Longitud del rollo (pies)<\/span><\/td>\n<td class=\"et3\" style=\"width: 49.50pt;\" width=\"66\"><span class=\"font1\">Material<\/span><\/td>\n<td class=\"et3\" style=\"width: 54.00pt;\" width=\"72\"><span class=\"font1\">Revestimiento<\/span><\/td>\n<td class=\"et3\" style=\"width: 40.50pt;\" width=\"54\"><span class=\"font1\">Resistencia a la tracci\u00f3n (lbs)<\/span><\/td>\n<td class=\"et3\" style=\"width: 201.75pt;\" width=\"269\"><span class=\"font1\">Aplicaci\u00f3n<\/span><\/td>\n<\/tr>\n<tr style=\"height: 39.00pt;\">\n<td class=\"et3\" style=\"height: 39.00pt; width: 32.25pt;\" width=\"43\" height=\"52\">16<\/td>\n<td class=\"et3\" style=\"width: 42.75pt;\" width=\"57\">0.0508<\/td>\n<td class=\"et3\" style=\"width: 42.75pt;\" width=\"57\">1.291<\/td>\n<td class=\"et3\" style=\"width: 49.50pt;\" width=\"66\">3<\/td>\n<td class=\"et3\" style=\"width: 33.00pt;\" width=\"44\">76.2<\/td>\n<td class=\"et3\" style=\"width: 52.50pt;\" width=\"70\"><span class=\"font1\">100, 200, 400<\/span><\/td>\n<td class=\"et3\" style=\"width: 49.50pt;\" width=\"66\"><span class=\"font1\">Suave\/inoxidable<\/span><\/td>\n<td class=\"et3\" style=\"width: 54.00pt;\" width=\"72\"><span class=\"font1\">Galvanizado, negro, PVC<\/span><\/td>\n<td class=\"et3\" style=\"width: 40.50pt;\" width=\"54\"><span class=\"font1\">Var\u00eda<\/span><\/td>\n<td class=\"et4\"><span class=\"font1\">Construcci\u00f3n general, refuerzo<\/span><\/td>\n<\/tr>\n<tr style=\"height: 39.00pt;\">\n<td class=\"et3\" style=\"height: 39.00pt; width: 32.25pt;\" width=\"43\" height=\"52\">16.5<\/td>\n<td class=\"et3\" style=\"width: 42.75pt;\" width=\"57\">0.0453<\/td>\n<td class=\"et3\" style=\"width: 42.75pt;\" width=\"57\">1.154<\/td>\n<td class=\"et3\" style=\"width: 49.50pt;\" width=\"66\">3<\/td>\n<td class=\"et3\" style=\"width: 33.00pt;\" width=\"44\">76.2<\/td>\n<td class=\"et3\" style=\"width: 52.50pt;\" width=\"70\"><span class=\"font1\">100, 200, 400<\/span><\/td>\n<td class=\"et3\" style=\"width: 49.50pt;\" width=\"66\"><span class=\"font1\">Suave\/inoxidable<\/span><\/td>\n<td class=\"et3\" style=\"width: 54.00pt;\" width=\"72\"><span class=\"font1\">Galvanizado, negro, PVC<\/span><\/td>\n<td class=\"et3\" style=\"width: 40.50pt;\" width=\"54\"><span class=\"font1\">Var\u00eda<\/span><\/td>\n<td class=\"et4\"><span class=\"font1\">Construcci\u00f3n general, refuerzo<\/span><\/td>\n<\/tr>\n<tr style=\"height: 39.00pt;\">\n<td class=\"et3\" style=\"height: 39.00pt; width: 32.25pt;\" width=\"43\" height=\"52\">17<\/td>\n<td class=\"et3\" style=\"width: 42.75pt;\" width=\"57\">0.042<\/td>\n<td class=\"et3\" style=\"width: 42.75pt;\" width=\"57\">1.066<\/td>\n<td class=\"et3\" style=\"width: 49.50pt;\" width=\"66\">3<\/td>\n<td class=\"et3\" style=\"width: 33.00pt;\" width=\"44\">76.2<\/td>\n<td class=\"et3\" style=\"width: 52.50pt;\" width=\"70\"><span class=\"font1\">100, 200, 400<\/span><\/td>\n<td class=\"et3\" style=\"width: 49.50pt;\" width=\"66\"><span class=\"font1\">Suave\/inoxidable<\/span><\/td>\n<td class=\"et3\" style=\"width: 54.00pt;\" width=\"72\"><span class=\"font1\">Galvanizado, negro, PVC<\/span><\/td>\n<td class=\"et3\" style=\"width: 40.50pt;\" width=\"54\"><span class=\"font1\">Var\u00eda<\/span><\/td>\n<td class=\"et4\"><span class=\"font1\">Construcci\u00f3n ligera, reparaciones temporales<\/span><\/td>\n<\/tr>\n<tr style=\"height: 39.00pt;\">\n<td class=\"et3\" style=\"height: 39.00pt; width: 32.25pt;\" width=\"43\" height=\"52\">18<\/td>\n<td class=\"et3\" style=\"width: 42.75pt;\" width=\"57\">0.04<\/td>\n<td class=\"et3\" style=\"width: 42.75pt;\" width=\"57\">1.016<\/td>\n<td class=\"et3\" style=\"width: 49.50pt;\" width=\"66\">3<\/td>\n<td class=\"et3\" style=\"width: 33.00pt;\" width=\"44\">76.2<\/td>\n<td class=\"et3\" style=\"width: 52.50pt;\" width=\"70\"><span class=\"font1\">100, 200, 400<\/span><\/td>\n<td class=\"et3\" style=\"width: 49.50pt;\" width=\"66\"><span class=\"font1\">Suave\/inoxidable<\/span><\/td>\n<td class=\"et3\" style=\"width: 54.00pt;\" width=\"72\"><span class=\"font1\">Galvanizado, negro, PVC<\/span><\/td>\n<td class=\"et3\" style=\"width: 40.50pt;\" width=\"54\"><span class=\"font1\">Var\u00eda<\/span><\/td>\n<td class=\"et4\"><span class=\"font1\">Construcci\u00f3n ligera, reparaciones temporales<\/span><\/td>\n<\/tr>\n<tr style=\"height: 13.50pt;\">\n<td class=\"et2\" style=\"height: 13.50pt;\" colspan=\"10\" height=\"18\">Todos nuestros productos son personalizables<\/td>\n<\/tr>\n<\/tbody>\n<\/table>\n<h3 class=\"whitespace-pre-wrap break-words\"><strong>Preocupaciones clave de los compradores atendidas con experiencia y precisi\u00f3n<\/strong><\/h3>\n<p class=\"whitespace-pre-wrap break-words\">Los profesionales de la construcci\u00f3n suelen centrarse en varios factores cr\u00edticos a la hora de elegir el alambre de atado, como sus caracter\u00edsticas de resistencia, calibre y propiedades de manipulaci\u00f3n. Encontrar un alambre que sea lo bastante resistente para soportar armaduras pesadas y lo bastante flexible para facilitar el atado puede ser todo un reto. En Qingdao H&amp;F, abordamos estas cuestiones mediante exhaustivas pruebas de calidad, garantizando que nuestro alambre cumpla las especificaciones exactas y funcione de forma fiable sobre el terreno.<\/p>\n<p class=\"whitespace-pre-wrap break-words\">El acceso r\u00e1pido a los materiales puede marcar o romper los plazos de construcci\u00f3n. Reconocemos esta realidad y respondemos con una log\u00edstica y unas operaciones de almac\u00e9n eficientes que hacen que los proyectos sigan avanzando. Nuestra documentaci\u00f3n de calidad acompa\u00f1a a cada env\u00edo, proporcionando a los contratistas pruebas claras de las especificaciones de los materiales y las capacidades de rendimiento antes de que comience la instalaci\u00f3n.<\/p>\n<div class=\"ast-oembed-container\" style=\"height: 100%;\"><iframe title=\"Alambre de atado de armadura H&amp;F\" width=\"500\" height=\"281\" src=\"https:\/\/www.youtube.com\/embed\/hCPByYFUWfs?feature=oembed\" frameborder=\"0\" allow=\"accelerometer; autoplay; clipboard-write; encrypted-media; gyroscope; picture-in-picture; web-share\" referrerpolicy=\"strict-origin-when-cross-origin\" allowfullscreen><\/iframe><\/div>\n<h3 class=\"whitespace-pre-wrap break-words\"><strong>Compromiso de Qingdao H&amp;F con la excelencia en el suministro de alambre para atar armaduras<\/strong><\/h3>\n<p class=\"whitespace-pre-wrap break-words\">M\u00e1s all\u00e1 del simple suministro de materiales, Qingdao H&amp;F colabora con sus clientes para apoyar sus objetivos de construcci\u00f3n. Mantenemos un amplio inventario de tipos y tama\u00f1os de alambre, lo que nos permite adaptarnos a los requisitos espec\u00edficos de cualquier proyecto, ya se trate de obras residenciales delicadas o de grandes desarrollos comerciales.<\/p>\n<p class=\"whitespace-pre-wrap break-words\">La atenci\u00f3n personal distingue nuestro enfoque del servicio al cliente. Cada cliente trabaja con miembros del equipo dedicados que entienden sus necesidades espec\u00edficas y pueden recomendar soluciones adecuadas. Este enfoque basado en las relaciones ayuda a crear asociaciones duraderas basadas en la confianza y el rendimiento demostrado.<\/p>\n<p class=\"whitespace-pre-wrap break-words\">La garant\u00eda de calidad sigue siendo el n\u00facleo de nuestra actividad. Cada lote de alambre de amarre se somete a rigurosas pruebas de rendimiento, como la resistencia a la tracci\u00f3n, las propiedades de alargamiento y la resistencia a la corrosi\u00f3n. Estas evaluaciones confirman que nuestros productos tendr\u00e1n el rendimiento esperado en condiciones reales.<\/p>\n<p class=\"whitespace-pre-wrap break-words\">Nunca se insistir\u00e1 lo suficiente en la importancia de un alambre de anclaje adecuado en la construcci\u00f3n de hormig\u00f3n: ayuda literalmente a mantener unidas las estructuras. En Qingdao H&amp;F, combinamos productos superiores con un servicio excepcional para apoyar el \u00e9xito de nuestros clientes. Desde una cuidadosa selecci\u00f3n de materiales hasta un servicio de atenci\u00f3n al cliente receptivo, trabajamos para mantener nuestra posici\u00f3n como proveedor l\u00edder de soluciones fiables de alambre de anclaje.<\/p>","protected":false},"excerpt":{"rendered":"<p>El alambre para atar armaduras es uno de los accesorios importantes en los proyectos de construcci\u00f3n; proporciona resistencia y flexibilidad para atar firmemente las barras de refuerzo. La mayor\u00eda de los compradores se preocupan por la calidad, la fuerza y la resistencia a la corrosi\u00f3n del producto, junto con una buena entrega y un sistema transparente de garant\u00eda de calidad. Qingdao H&amp;F destaca en la satisfacci\u00f3n de estas necesidades ofreciendo un servicio de atenci\u00f3n al cliente personalizado, ciclos de entrega r\u00e1pidos y un completo informe de inspecci\u00f3n de calidad para cada env\u00edo. Nuestro compromiso con la excelencia garantiza que los compradores obtengan productos fiables para las necesidades individuales de sus proyectos.<\/p>","protected":false},"featured_media":2884,"comment_status":"open","ping_status":"closed","template":"","meta":{"site-sidebar-layout":"default","site-content-layout":"default","ast-site-content-layout":"default","site-content-style":"default","site-sidebar-style":"default","ast-global-header-display":"","ast-banner-title-visibility":"","ast-main-header-display":"","ast-hfb-above-header-display":"","ast-hfb-below-header-display":"","ast-hfb-mobile-header-display":"","site-post-title":"","ast-breadcrumbs-content":"","ast-featured-img":"","footer-sml-layout":"","theme-transparent-header-meta":"default","adv-header-id-meta":"","stick-header-meta":"default","header-above-stick-meta":"","header-main-stick-meta":"","header-below-stick-meta":"","astra-migrate-meta-layouts":"set","ast-page-background-enabled":"default","ast-page-background-meta":{"desktop":{"background-color":"","background-image":"","background-repeat":"repeat","background-position":"center center","background-size":"auto","background-attachment":"scroll","background-type":"","background-media":"","overlay-type":"","overlay-color":"","overlay-opacity":"","overlay-gradient":""},"tablet":{"background-color":"","background-image":"","background-repeat":"repeat","background-position":"center center","background-size":"auto","background-attachment":"scroll","background-type":"","background-media":"","overlay-type":"","overlay-color":"","overlay-opacity":"","overlay-gradient":""},"mobile":{"background-color":"","background-image":"","background-repeat":"repeat","background-position":"center center","background-size":"auto","background-attachment":"scroll","background-type":"","background-media":"","overlay-type":"","overlay-color":"","overlay-opacity":"","overlay-gradient":""}},"ast-content-background-meta":{"desktop":{"background-color":"var(--ast-global-color-5)","background-image":"","background-repeat":"repeat","background-position":"center center","background-size":"auto","background-attachment":"scroll","background-type":"","background-media":"","overlay-type":"","overlay-color":"","overlay-opacity":"","overlay-gradient":""},"tablet":{"background-color":"var(--ast-global-color-5)","background-image":"","background-repeat":"repeat","background-position":"center center","background-size":"auto","background-attachment":"scroll","background-type":"","background-media":"","overlay-type":"","overlay-color":"","overlay-opacity":"","overlay-gradient":""},"mobile":{"background-color":"var(--ast-global-color-5)","background-image":"","background-repeat":"repeat","background-position":"center center","background-size":"auto","background-attachment":"scroll","background-type":"","background-media":"","overlay-type":"","overlay-color":"","overlay-opacity":"","overlay-gradient":""}}},"product_brand":[],"product_cat":[36],"product_tag":[],"class_list":{"0":"post-2874","1":"product","2":"type-product","3":"status-publish","4":"has-post-thumbnail","6":"product_cat-tie-wire","7":"desktop-align-left","8":"tablet-align-left","9":"mobile-align-left","10":"ast-product-gallery-layout-horizontal-slider","11":"ast-product-tabs-layout-horizontal","13":"first","14":"instock","15":"shipping-taxable","16":"purchasable","17":"product-type-simple"},"yoast_head":"<!-- This site is optimized with the Yoast SEO plugin v25.2 - https:\/\/yoast.com\/wordpress\/plugins\/seo\/ -->\n<title>Rebar Tie Wire<\/title>\n<meta name=\"description\" content=\"Rebar tie wire is a type of wire that is commonly used in concrete forming and construction projects.\" \/>\n<meta name=\"robots\" content=\"index, follow, max-snippet:-1, max-image-preview:large, max-video-preview:-1\" \/>\n<link rel=\"canonical\" href=\"https:\/\/qingdaohf.com\/es\/producto\/alambre-de-amarre\/\" \/>\n<meta property=\"og:locale\" content=\"es_ES\" \/>\n<meta property=\"og:type\" content=\"article\" \/>\n<meta property=\"og:title\" content=\"Rebar Tie Wire\" \/>\n<meta property=\"og:description\" content=\"Rebar tie wire is a type of wire that is commonly used in concrete forming and construction projects.\" \/>\n<meta property=\"og:url\" content=\"https:\/\/qingdaohf.com\/es\/producto\/alambre-de-amarre\/\" \/>\n<meta property=\"og:site_name\" content=\"Concrete Form &amp; Rigging Hardware Supplier\" \/>\n<meta property=\"article:publisher\" content=\"https:\/\/www.facebook.com\/qingdaohf\" \/>\n<meta property=\"article:modified_time\" content=\"2025-11-13T01:05:31+00:00\" \/>\n<meta property=\"og:image\" content=\"https:\/\/qingdaohf.com\/wp-content\/uploads\/2023\/03\/rebar-Tie-Wire-6.jpg\" \/>\n\t<meta property=\"og:image:width\" content=\"1000\" \/>\n\t<meta property=\"og:image:height\" content=\"1000\" \/>\n\t<meta property=\"og:image:type\" content=\"image\/jpeg\" \/>\n<meta name=\"twitter:card\" content=\"summary_large_image\" \/>\n<meta name=\"twitter:label1\" content=\"Tiempo de lectura\" \/>\n\t<meta name=\"twitter:data1\" content=\"3 minutos\" \/>\n<script type=\"application\/ld+json\" class=\"yoast-schema-graph\">{\"@context\":\"https:\/\/schema.org\",\"@graph\":[{\"@type\":\"WebPage\",\"@id\":\"https:\/\/qingdaohf.com\/product\/rebar-tie-wire\/\",\"url\":\"https:\/\/qingdaohf.com\/product\/rebar-tie-wire\/\",\"name\":\"Rebar Tie Wire\",\"isPartOf\":{\"@id\":\"https:\/\/qingdaohf.com\/bg\/#website\"},\"primaryImageOfPage\":{\"@id\":\"https:\/\/qingdaohf.com\/product\/rebar-tie-wire\/#primaryimage\"},\"image\":{\"@id\":\"https:\/\/qingdaohf.com\/product\/rebar-tie-wire\/#primaryimage\"},\"thumbnailUrl\":\"https:\/\/qingdaohf.com\/wp-content\/uploads\/2023\/03\/rebar-Tie-Wire-6.jpg\",\"datePublished\":\"2023-03-14T09:33:05+00:00\",\"dateModified\":\"2025-11-13T01:05:31+00:00\",\"description\":\"Rebar tie wire is a type of wire that is commonly used in concrete forming and construction projects.\",\"breadcrumb\":{\"@id\":\"https:\/\/qingdaohf.com\/product\/rebar-tie-wire\/#breadcrumb\"},\"inLanguage\":\"es\",\"potentialAction\":[{\"@type\":\"ReadAction\",\"target\":[\"https:\/\/qingdaohf.com\/product\/rebar-tie-wire\/\"]}]},{\"@type\":\"ImageObject\",\"inLanguage\":\"es\",\"@id\":\"https:\/\/qingdaohf.com\/product\/rebar-tie-wire\/#primaryimage\",\"url\":\"https:\/\/qingdaohf.com\/wp-content\/uploads\/2023\/03\/rebar-Tie-Wire-6.jpg\",\"contentUrl\":\"https:\/\/qingdaohf.com\/wp-content\/uploads\/2023\/03\/rebar-Tie-Wire-6.jpg\",\"width\":1000,\"height\":1000,\"caption\":\"rebar Tie Wire\"},{\"@type\":\"BreadcrumbList\",\"@id\":\"https:\/\/qingdaohf.com\/product\/rebar-tie-wire\/#breadcrumb\",\"itemListElement\":[{\"@type\":\"ListItem\",\"position\":1,\"name\":\"Home\",\"item\":\"https:\/\/qingdaohf.com\/\"},{\"@type\":\"ListItem\",\"position\":2,\"name\":\"Concrete Forming Accessories and Rigging Hardware\",\"item\":\"https:\/\/qingdaohf.com\/bg\/?page_id=944\"},{\"@type\":\"ListItem\",\"position\":3,\"name\":\"Rebar Tie Wire\"}]},{\"@type\":\"WebSite\",\"@id\":\"https:\/\/qingdaohf.com\/bg\/#website\",\"url\":\"https:\/\/qingdaohf.com\/bg\/\",\"name\":\"Concrete Form & Rigging Hardware Supplier\",\"description\":\"\",\"publisher\":{\"@id\":\"https:\/\/qingdaohf.com\/bg\/#organization\"},\"potentialAction\":[{\"@type\":\"SearchAction\",\"target\":{\"@type\":\"EntryPoint\",\"urlTemplate\":\"https:\/\/qingdaohf.com\/bg\/?s={search_term_string}\"},\"query-input\":{\"@type\":\"PropertyValueSpecification\",\"valueRequired\":true,\"valueName\":\"search_term_string\"}}],\"inLanguage\":\"es\"},{\"@type\":\"Organization\",\"@id\":\"https:\/\/qingdaohf.com\/bg\/#organization\",\"name\":\"Qingdao H&F\",\"url\":\"https:\/\/qingdaohf.com\/bg\/\",\"logo\":{\"@type\":\"ImageObject\",\"inLanguage\":\"es\",\"@id\":\"https:\/\/qingdaohf.com\/bg\/#\/schema\/logo\/image\/\",\"url\":\"https:\/\/qingdaohf.com\/wp-content\/uploads\/2022\/12\/cropped-HF-LOGO.png\",\"contentUrl\":\"https:\/\/qingdaohf.com\/wp-content\/uploads\/2022\/12\/cropped-HF-LOGO.png\",\"width\":391,\"height\":249,\"caption\":\"Qingdao H&F\"},\"image\":{\"@id\":\"https:\/\/qingdaohf.com\/bg\/#\/schema\/logo\/image\/\"},\"sameAs\":[\"https:\/\/www.facebook.com\/qingdaohf\"]}]}<\/script>\n<!-- \/ Yoast SEO plugin. -->","yoast_head_json":{"title":"Rebar Tie Wire","description":"Rebar tie wire is a type of wire that is commonly used in concrete forming and construction projects.","robots":{"index":"index","follow":"follow","max-snippet":"max-snippet:-1","max-image-preview":"max-image-preview:large","max-video-preview":"max-video-preview:-1"},"canonical":"https:\/\/qingdaohf.com\/es\/producto\/alambre-de-amarre\/","og_locale":"es_ES","og_type":"article","og_title":"Rebar Tie Wire","og_description":"Rebar tie wire is a type of wire that is commonly used in concrete forming and construction projects.","og_url":"https:\/\/qingdaohf.com\/es\/producto\/alambre-de-amarre\/","og_site_name":"Concrete Form &amp; Rigging Hardware Supplier","article_publisher":"https:\/\/www.facebook.com\/qingdaohf","article_modified_time":"2025-11-13T01:05:31+00:00","og_image":[{"width":1000,"height":1000,"url":"https:\/\/qingdaohf.com\/wp-content\/uploads\/2023\/03\/rebar-Tie-Wire-6.jpg","type":"image\/jpeg"}],"twitter_card":"summary_large_image","twitter_misc":{"Tiempo de lectura":"3 minutos"},"schema":{"@context":"https:\/\/schema.org","@graph":[{"@type":"WebPage","@id":"https:\/\/qingdaohf.com\/product\/rebar-tie-wire\/","url":"https:\/\/qingdaohf.com\/product\/rebar-tie-wire\/","name":"Rebar Tie Wire","isPartOf":{"@id":"https:\/\/qingdaohf.com\/bg\/#website"},"primaryImageOfPage":{"@id":"https:\/\/qingdaohf.com\/product\/rebar-tie-wire\/#primaryimage"},"image":{"@id":"https:\/\/qingdaohf.com\/product\/rebar-tie-wire\/#primaryimage"},"thumbnailUrl":"https:\/\/qingdaohf.com\/wp-content\/uploads\/2023\/03\/rebar-Tie-Wire-6.jpg","datePublished":"2023-03-14T09:33:05+00:00","dateModified":"2025-11-13T01:05:31+00:00","description":"Rebar tie wire is a type of wire that is commonly used in concrete forming and construction projects.","breadcrumb":{"@id":"https:\/\/qingdaohf.com\/product\/rebar-tie-wire\/#breadcrumb"},"inLanguage":"es","potentialAction":[{"@type":"ReadAction","target":["https:\/\/qingdaohf.com\/product\/rebar-tie-wire\/"]}]},{"@type":"ImageObject","inLanguage":"es","@id":"https:\/\/qingdaohf.com\/product\/rebar-tie-wire\/#primaryimage","url":"https:\/\/qingdaohf.com\/wp-content\/uploads\/2023\/03\/rebar-Tie-Wire-6.jpg","contentUrl":"https:\/\/qingdaohf.com\/wp-content\/uploads\/2023\/03\/rebar-Tie-Wire-6.jpg","width":1000,"height":1000,"caption":"rebar Tie Wire"},{"@type":"BreadcrumbList","@id":"https:\/\/qingdaohf.com\/product\/rebar-tie-wire\/#breadcrumb","itemListElement":[{"@type":"ListItem","position":1,"name":"Home","item":"https:\/\/qingdaohf.com\/"},{"@type":"ListItem","position":2,"name":"Concrete Forming Accessories and Rigging Hardware","item":"https:\/\/qingdaohf.com\/bg\/?page_id=944"},{"@type":"ListItem","position":3,"name":"Rebar Tie Wire"}]},{"@type":"WebSite","@id":"https:\/\/qingdaohf.com\/bg\/#website","url":"https:\/\/qingdaohf.com\/bg\/","name":"Concrete Form & Rigging Hardware Supplier","description":"","publisher":{"@id":"https:\/\/qingdaohf.com\/bg\/#organization"},"potentialAction":[{"@type":"SearchAction","target":{"@type":"EntryPoint","urlTemplate":"https:\/\/qingdaohf.com\/bg\/?s={search_term_string}"},"query-input":{"@type":"PropertyValueSpecification","valueRequired":true,"valueName":"search_term_string"}}],"inLanguage":"es"},{"@type":"Organization","@id":"https:\/\/qingdaohf.com\/bg\/#organization","name":"Qingdao H&F","url":"https:\/\/qingdaohf.com\/bg\/","logo":{"@type":"ImageObject","inLanguage":"es","@id":"https:\/\/qingdaohf.com\/bg\/#\/schema\/logo\/image\/","url":"https:\/\/qingdaohf.com\/wp-content\/uploads\/2022\/12\/cropped-HF-LOGO.png","contentUrl":"https:\/\/qingdaohf.com\/wp-content\/uploads\/2022\/12\/cropped-HF-LOGO.png","width":391,"height":249,"caption":"Qingdao H&F"},"image":{"@id":"https:\/\/qingdaohf.com\/bg\/#\/schema\/logo\/image\/"},"sameAs":["https:\/\/www.facebook.com\/qingdaohf"]}]}},"_links":{"self":[{"href":"https:\/\/qingdaohf.com\/es\/wp-json\/wp\/v2\/product\/2874","targetHints":{"allow":["GET"]}}],"collection":[{"href":"https:\/\/qingdaohf.com\/es\/wp-json\/wp\/v2\/product"}],"about":[{"href":"https:\/\/qingdaohf.com\/es\/wp-json\/wp\/v2\/types\/product"}],"replies":[{"embeddable":true,"href":"https:\/\/qingdaohf.com\/es\/wp-json\/wp\/v2\/comments?post=2874"}],"version-history":[{"count":10,"href":"https:\/\/qingdaohf.com\/es\/wp-json\/wp\/v2\/product\/2874\/revisions"}],"predecessor-version":[{"id":2885,"href":"https:\/\/qingdaohf.com\/es\/wp-json\/wp\/v2\/product\/2874\/revisions\/2885"}],"wp:featuredmedia":[{"embeddable":true,"href":"https:\/\/qingdaohf.com\/es\/wp-json\/wp\/v2\/media\/2884"}],"wp:attachment":[{"href":"https:\/\/qingdaohf.com\/es\/wp-json\/wp\/v2\/media?parent=2874"}],"wp:term":[{"taxonomy":"product_brand","embeddable":true,"href":"https:\/\/qingdaohf.com\/es\/wp-json\/wp\/v2\/product_brand?post=2874"},{"taxonomy":"product_cat","embeddable":true,"href":"https:\/\/qingdaohf.com\/es\/wp-json\/wp\/v2\/product_cat?post=2874"},{"taxonomy":"product_tag","embeddable":true,"href":"https:\/\/qingdaohf.com\/es\/wp-json\/wp\/v2\/product_tag?post=2874"}],"curies":[{"name":"wp","href":"https:\/\/api.w.org\/{rel}","templated":true}]}}