{"id":3549,"date":"2023-04-10T18:57:14","date_gmt":"2023-04-10T10:57:14","guid":{"rendered":"http:\/\/qingdaohf.com\/?post_type=product&#038;p=3549"},"modified":"2025-11-13T09:05:13","modified_gmt":"2025-11-13T01:05:13","slug":"anchor-chain","status":"publish","type":"product","link":"https:\/\/qingdaohf.com\/es\/producto\/cadena-del-ancla\/","title":{"rendered":"Cadena de ancla marina Cadena de amarre"},"content":{"rendered":"<h3><strong>Introducci\u00f3n a las cadenas de ancla marinas<\/strong><\/h3>\n<p>En el mundo de los equipos marinos, las cadenas de ancla son componentes esenciales utilizados para estabilizar y asegurar los buques durante el atraque o amarre. Estas cadenas son un eslab\u00f3n vital entre un buque y su sistema de anclaje, y ofrecen estabilidad incluso en condiciones de mar turbulento. Dada la importancia de las cadenas de ancla, sobre todo en aplicaciones de amarre, es fundamental que los compradores conozcan los distintos tipos y las ventajas que ofrecen. Las cadenas de ancla marinas, tambi\u00e9n conocidas como cadenas de amarre, se clasifican principalmente en dos tipos: cadenas de ancla con eslabones y cadenas de ancla sin eslabones. Estos tipos var\u00edan en funci\u00f3n de su dise\u00f1o, durabilidad y aplicaciones, y cada uno ofrece distintas ventajas en las soluciones de amarre.<\/p>\n<h3><strong>Cadenas de anclaje de eslabones: Estructura y aplicaciones<\/strong><\/h3>\n<p><img fetchpriority=\"high\" decoding=\"async\" class=\"alignnone size-full wp-image-8170\" src=\"http:\/\/qingdaohf.com\/wp-content\/uploads\/2024\/10\/stud-link-anchor-chain_2.webp\" alt=\"cadena de anclaje de eslabones\" width=\"842\" height=\"1091\" srcset=\"https:\/\/qingdaohf.com\/wp-content\/uploads\/2024\/10\/stud-link-anchor-chain_2.webp 842w, https:\/\/qingdaohf.com\/wp-content\/uploads\/2024\/10\/stud-link-anchor-chain_2-232x300.webp 232w, https:\/\/qingdaohf.com\/wp-content\/uploads\/2024\/10\/stud-link-anchor-chain_2-790x1024.webp 790w, https:\/\/qingdaohf.com\/wp-content\/uploads\/2024\/10\/stud-link-anchor-chain_2-768x995.webp 768w, https:\/\/qingdaohf.com\/wp-content\/uploads\/2024\/10\/stud-link-anchor-chain_2-9x12.webp 9w\" sizes=\"(max-width: 842px) 100vw, 842px\" \/><\/p>\n<p>Las cadenas de ancla de eslabones son muy conocidas en el sector mar\u00edtimo por su robustez y capacidad de carga. Incorporan una barra met\u00e1lica, o esp\u00e1rrago, en cada eslab\u00f3n de la cadena, que proporciona estabilidad adicional. Este dise\u00f1o minimiza la deformaci\u00f3n de los eslabones bajo tensi\u00f3n y aumenta la resistencia de la cadena a la torsi\u00f3n, incluso bajo grandes tensiones. Esta durabilidad hace que las cadenas de eslabones de esp\u00e1rrago sean la opci\u00f3n preferida para aplicaciones marinas pesadas, sobre todo en embarcaciones grandes que requieren una gran capacidad de sujeci\u00f3n.<\/p>\n<p>La estructura de una cadena de ancla de eslabones no s\u00f3lo aumenta su vida \u00fatil, sino que tambi\u00e9n mejora su relaci\u00f3n resistencia-peso. Muchos compradores dan prioridad a este tipo de cadenas de anclaje por su capacidad para soportar entornos marinos intensos, incluidas las condiciones de amarre en alta mar. Los compradores que consideran las cadenas de eslabones prisioneros suelen dar prioridad a las pruebas de producto, el rendimiento en condiciones extremas y el cumplimiento de las normas de seguridad mar\u00edtima. En Qingdao H&amp;F, comprendemos estas preocupaciones y las abordamos realizando minuciosas inspecciones de calidad, verificando las cargas de prueba y facilitando informes de ensayo certificados.<\/p>\n<p>Por ejemplo, nuestras cadenas de ancla de eslabones prisioneros se someten a rigurosas pruebas que cumplen o superan las normas de certificaci\u00f3n mar\u00edtima. Este proceso garantiza a nuestros compradores que cada cadena es duradera y fiable, lo que en \u00faltima instancia aumenta la seguridad de los buques. Gracias a nuestro servicio personalizado de atenci\u00f3n al cliente, nos aseguramos de que nuestros clientes entienden perfectamente estas especificaciones t\u00e9cnicas y eligen el tipo de cadena que mejor se adapta a sus necesidades.<\/p>\n<h3><strong>Cadenas de anclaje sin pernos: Una soluci\u00f3n flexible y ligera<\/strong><\/h3>\n<p><img fetchpriority=\"high\" decoding=\"async\" class=\"alignnone size-full wp-image-8170\" src=\"http:\/\/qingdaohf.com\/wp-content\/uploads\/2024\/10\/stud-link-anchor-chain_2.webp\" alt=\"cadena de anclaje de eslabones\" width=\"842\" height=\"1091\" srcset=\"https:\/\/qingdaohf.com\/wp-content\/uploads\/2024\/10\/stud-link-anchor-chain_2.webp 842w, https:\/\/qingdaohf.com\/wp-content\/uploads\/2024\/10\/stud-link-anchor-chain_2-232x300.webp 232w, https:\/\/qingdaohf.com\/wp-content\/uploads\/2024\/10\/stud-link-anchor-chain_2-790x1024.webp 790w, https:\/\/qingdaohf.com\/wp-content\/uploads\/2024\/10\/stud-link-anchor-chain_2-768x995.webp 768w, https:\/\/qingdaohf.com\/wp-content\/uploads\/2024\/10\/stud-link-anchor-chain_2-9x12.webp 9w\" sizes=\"(max-width: 842px) 100vw, 842px\" \/><\/p>\n<p>Las cadenas de ancla sin esp\u00e1rragos son otra opci\u00f3n popular en aplicaciones de amarre, valoradas por su flexibilidad y peso reducido. Estas cadenas carecen de esp\u00e1rragos en cada eslab\u00f3n, lo que da lugar a un dise\u00f1o m\u00e1s sencillo y suave. Aunque las cadenas de eslabones con esp\u00e1rragos son conocidas por su resistencia, las cadenas de ancla sin esp\u00e1rragos ofrecen una mayor adaptabilidad, lo que las hace ideales para aplicaciones en las que el peso es primordial, como en embarcaciones m\u00e1s peque\u00f1as o instalaciones en las que la reducci\u00f3n del peso de la cadena ofrece ventajas funcionales.<\/p>\n<p>La ausencia de esp\u00e1rrago en cada eslab\u00f3n permite que la cadena se mueva con menos resistencia y ofrece una flexibilidad superior en condiciones de mar variables. Para muchos compradores, esta flexibilidad es un factor crucial, sobre todo al fondear embarcaciones m\u00e1s peque\u00f1as, en las que una cadena de ancla adaptable resulta muy beneficiosa. Otra ventaja significativa de las cadenas de ancla sin esp\u00e1rragos radica en sus reducidas necesidades de mantenimiento. Al tener menos componentes estructurales, requieren inspecciones y reparaciones menos frecuentes que las cadenas de eslabones, lo que las convierte en una opci\u00f3n rentable a largo plazo.<\/p>\n<p>En Qingdao H&amp;F somos conscientes de que las cadenas de anclaje sin pernos pueden resultar atractivas para los compradores que buscan eficacia tanto en el rendimiento como en el mantenimiento. Nuestro compromiso con los ciclos de entrega r\u00e1pidos garantiza la disponibilidad inmediata de estas cadenas, y nuestros exhaustivos informes de inspecci\u00f3n de calidad proporcionan a los compradores toda la informaci\u00f3n necesaria sobre durabilidad, carga de prueba e integridad estructural. Al optar por una cadena de anclaje sin pernos de nuestra empresa, los compradores pueden invertir con confianza en una soluci\u00f3n de cadena que equilibra peso, flexibilidad y rentabilidad.<\/p>\n<h3><strong>C\u00f3mo elegir la cadena de anclaje adecuada a sus necesidades<\/strong><\/h3>\n<p>A la hora de elegir entre cadenas de anclaje con o sin esp\u00e1rragos, los compradores deben tener en cuenta varios factores, como el tama\u00f1o del buque, la aplicaci\u00f3n prevista y las condiciones ambientales. Cada tipo tiene ventajas \u00fanicas que lo hacen adecuado para situaciones espec\u00edficas. Las embarcaciones m\u00e1s grandes suelen necesitar cadenas de anclaje de eslabones por su resistencia y estabilidad, mientras que las embarcaciones m\u00e1s peque\u00f1as o las que necesitan cadenas ligeras pueden beneficiarse m\u00e1s de una opci\u00f3n de cadena sin eslabones.<\/p>\n<p>Ambos tipos de cadenas est\u00e1n disponibles en varias especificaciones para adaptarse a los distintos tama\u00f1os de buques y requisitos de amarre. Por ejemplo, el di\u00e1metro es un factor cr\u00edtico para determinar la capacidad de carga y la durabilidad de una cadena. Una gama t\u00edpica puede incluir cadenas con di\u00e1metros adecuados para distintas clases de buques, lo que garantiza la compatibilidad y un rendimiento \u00f3ptimo. En Qingdao H&amp;F, nuestra selecci\u00f3n de cadenas de ancla est\u00e1 dise\u00f1ada para satisfacer las diversas necesidades de los compradores, con opciones personalizables para adaptarse a los requisitos espec\u00edficos de cada buque.<\/p>\n<p>M\u00e1s all\u00e1 del tipo y el tama\u00f1o de la cadena, los compradores tambi\u00e9n dan prioridad a servicios adicionales que puedan facilitar su proceso de compra. En Qingdao H&amp;F, nos diferenciamos por ofrecer una asistencia personalizada adaptada a las necesidades \u00fanicas de cada cliente. Este servicio personalizado abarca desde la consulta inicial hasta la asistencia posterior a la compra, proporcionando a los compradores informaci\u00f3n sobre las especificaciones de la cadena, las pruebas de carga y las certificaciones aplicables. Nuestros clientes pueden confiar en nuestro compromiso con la calidad, ya que cada producto se somete a pruebas rigurosas y se verifica antes de su env\u00edo, lo que garantiza el cumplimiento de las normas internacionales y la tranquilidad de nuestros compradores.<\/p>\n<h3><strong>Conclusi\u00f3n<\/strong><\/h3>\n<p>Las cadenas de anclaje marinas, con o sin pernos, son indispensables para garantizar la estabilidad de la embarcaci\u00f3n durante el amarre. Las cadenas de eslabones, con su mayor estabilidad y resistencia a la deformaci\u00f3n, son ideales para embarcaciones grandes y entornos marinos exigentes. Por el contrario, las cadenas de ancla sin esp\u00e1rragos ofrecen flexibilidad, menor peso y menor mantenimiento, lo que las hace adecuadas para diversas aplicaciones, sobre todo en embarcaciones m\u00e1s peque\u00f1as.<\/p>\n<p>Qingdao H&amp;F, un nombre de confianza en el comercio de equipos marinos, aporta dos d\u00e9cadas de experiencia, ofreciendo cadenas fiables y de alta calidad dise\u00f1adas para satisfacer las diversas demandas de los compradores de la industria marina. Nuestro compromiso con el servicio al cliente, los ciclos de entrega r\u00e1pidos y las exhaustivas inspecciones de calidad constituyen el n\u00facleo de nuestros servicios, garantizando que cada cliente reciba una soluci\u00f3n de cadena que satisfaga sus necesidades espec\u00edficas.<\/p>\n<p>En un sector tan cambiante como el marino, contar con un socio comercial fiable que pueda anticiparse a las necesidades del cliente y satisfacerlas tiene un valor incalculable. Al elegir Qingdao H&amp;F, los compradores no solo obtienen productos de calidad, sino tambi\u00e9n una asociaci\u00f3n que prioriza su \u00e9xito y satisfacci\u00f3n.<\/p>","protected":false},"excerpt":{"rendered":"<div class=\"flex-shrink-0 flex flex-col relative items-end\">\n<div class=\"pt-0\">\n<div class=\"gizmo-bot-avatar flex h-8 w-8 items-center justify-center overflow-hidden rounded-full\">\n<div class=\"relative p-1 rounded-sm flex items-center justify-center bg-token-main-surface-primary text-token-text-primary h-8 w-8\">Las cadenas de ancla marinas, a menudo denominadas cadenas de amarre, desempe\u00f1an un papel fundamental en la sujeci\u00f3n segura de las embarcaciones durante el amarre. Existen dos tipos principales: cadenas de ancla con eslabones y cadenas de ancla sin eslabones. Qingdao H&amp;F, con m\u00e1s de 20 a\u00f1os de experiencia en comercio internacional, entiende las necesidades y prioridades de los compradores de equipos marinos. Nuestro servicio de atenci\u00f3n al cliente personalizado garantiza una asistencia a medida, y nuestros procesos racionalizados garantizan ciclos de entrega r\u00e1pidos. Con una variedad de informes de inspecci\u00f3n de calidad para todas nuestras cadenas, ayudamos a los clientes a tomar decisiones de compra bien informadas, sabiendo que los productos que reciben han sido probados y verificados en cuanto a calidad y rendimiento.<\/div>\n<\/div>\n<\/div>\n<\/div>","protected":false},"featured_media":4709,"comment_status":"open","ping_status":"closed","template":"","meta":{"site-sidebar-layout":"default","site-content-layout":"default","ast-site-content-layout":"default","site-content-style":"default","site-sidebar-style":"default","ast-global-header-display":"","ast-banner-title-visibility":"","ast-main-header-display":"","ast-hfb-above-header-display":"","ast-hfb-below-header-display":"","ast-hfb-mobile-header-display":"","site-post-title":"","ast-breadcrumbs-content":"","ast-featured-img":"","footer-sml-layout":"","theme-transparent-header-meta":"default","adv-header-id-meta":"","stick-header-meta":"default","header-above-stick-meta":"","header-main-stick-meta":"","header-below-stick-meta":"","astra-migrate-meta-layouts":"set","ast-page-background-enabled":"default","ast-page-background-meta":{"desktop":{"background-color":"","background-image":"","background-repeat":"repeat","background-position":"center center","background-size":"auto","background-attachment":"scroll","background-type":"","background-media":"","overlay-type":"","overlay-color":"","overlay-opacity":"","overlay-gradient":""},"tablet":{"background-color":"","background-image":"","background-repeat":"repeat","background-position":"center center","background-size":"auto","background-attachment":"scroll","background-type":"","background-media":"","overlay-type":"","overlay-color":"","overlay-opacity":"","overlay-gradient":""},"mobile":{"background-color":"","background-image":"","background-repeat":"repeat","background-position":"center center","background-size":"auto","background-attachment":"scroll","background-type":"","background-media":"","overlay-type":"","overlay-color":"","overlay-opacity":"","overlay-gradient":""}},"ast-content-background-meta":{"desktop":{"background-color":"var(--ast-global-color-5)","background-image":"","background-repeat":"repeat","background-position":"center center","background-size":"auto","background-attachment":"scroll","background-type":"","background-media":"","overlay-type":"","overlay-color":"","overlay-opacity":"","overlay-gradient":""},"tablet":{"background-color":"var(--ast-global-color-5)","background-image":"","background-repeat":"repeat","background-position":"center center","background-size":"auto","background-attachment":"scroll","background-type":"","background-media":"","overlay-type":"","overlay-color":"","overlay-opacity":"","overlay-gradient":""},"mobile":{"background-color":"var(--ast-global-color-5)","background-image":"","background-repeat":"repeat","background-position":"center center","background-size":"auto","background-attachment":"scroll","background-type":"","background-media":"","overlay-type":"","overlay-color":"","overlay-opacity":"","overlay-gradient":""}}},"product_brand":[],"product_cat":[43,38],"product_tag":[],"class_list":{"0":"post-3549","1":"product","2":"type-product","3":"status-publish","4":"has-post-thumbnail","6":"product_cat-rigging-hardware","7":"product_cat-chain","8":"desktop-align-left","9":"tablet-align-left","10":"mobile-align-left","11":"ast-product-gallery-layout-horizontal-slider","12":"ast-product-tabs-layout-horizontal","14":"first","15":"instock","16":"shipping-taxable","17":"purchasable","18":"product-type-simple"},"yoast_head":"<!-- This site is optimized with the Yoast SEO plugin v25.2 - https:\/\/yoast.com\/wordpress\/plugins\/seo\/ -->\n<title>Marine Anchor Chain Mooring Chain<\/title>\n<meta name=\"description\" content=\"The anchor chain is an essential component of maritime equipment used in anchoring and securing a vessel.\" \/>\n<meta name=\"robots\" content=\"index, follow, max-snippet:-1, max-image-preview:large, max-video-preview:-1\" \/>\n<link rel=\"canonical\" href=\"https:\/\/qingdaohf.com\/es\/producto\/cadena-del-ancla\/\" \/>\n<meta property=\"og:locale\" content=\"es_ES\" \/>\n<meta property=\"og:type\" content=\"article\" \/>\n<meta property=\"og:title\" content=\"Marine Anchor Chain Mooring Chain\" \/>\n<meta property=\"og:description\" content=\"The anchor chain is an essential component of maritime equipment used in anchoring and securing a vessel.\" \/>\n<meta property=\"og:url\" content=\"https:\/\/qingdaohf.com\/es\/producto\/cadena-del-ancla\/\" \/>\n<meta property=\"og:site_name\" content=\"Concrete Form &amp; Rigging Hardware Supplier\" \/>\n<meta property=\"article:publisher\" content=\"https:\/\/www.facebook.com\/qingdaohf\" \/>\n<meta property=\"article:modified_time\" content=\"2025-11-13T01:05:13+00:00\" \/>\n<meta property=\"og:image\" content=\"https:\/\/qingdaohf.com\/wp-content\/uploads\/2023\/04\/anchor-chain-2-2.jpg\" \/>\n\t<meta property=\"og:image:width\" content=\"1000\" \/>\n\t<meta property=\"og:image:height\" content=\"1000\" \/>\n\t<meta property=\"og:image:type\" content=\"image\/jpeg\" \/>\n<meta name=\"twitter:card\" content=\"summary_large_image\" \/>\n<meta name=\"twitter:label1\" content=\"Tiempo de lectura\" \/>\n\t<meta name=\"twitter:data1\" content=\"5 minutos\" \/>\n<script type=\"application\/ld+json\" class=\"yoast-schema-graph\">{\"@context\":\"https:\/\/schema.org\",\"@graph\":[{\"@type\":\"WebPage\",\"@id\":\"https:\/\/qingdaohf.com\/product\/anchor-chain\/\",\"url\":\"https:\/\/qingdaohf.com\/product\/anchor-chain\/\",\"name\":\"Marine Anchor Chain Mooring Chain\",\"isPartOf\":{\"@id\":\"https:\/\/qingdaohf.com\/bg\/#website\"},\"primaryImageOfPage\":{\"@id\":\"https:\/\/qingdaohf.com\/product\/anchor-chain\/#primaryimage\"},\"image\":{\"@id\":\"https:\/\/qingdaohf.com\/product\/anchor-chain\/#primaryimage\"},\"thumbnailUrl\":\"https:\/\/qingdaohf.com\/wp-content\/uploads\/2023\/04\/anchor-chain-2-2.jpg\",\"datePublished\":\"2023-04-10T10:57:14+00:00\",\"dateModified\":\"2025-11-13T01:05:13+00:00\",\"description\":\"The anchor chain is an essential component of maritime equipment used in anchoring and securing a vessel.\",\"breadcrumb\":{\"@id\":\"https:\/\/qingdaohf.com\/product\/anchor-chain\/#breadcrumb\"},\"inLanguage\":\"es\",\"potentialAction\":[{\"@type\":\"ReadAction\",\"target\":[\"https:\/\/qingdaohf.com\/product\/anchor-chain\/\"]}]},{\"@type\":\"ImageObject\",\"inLanguage\":\"es\",\"@id\":\"https:\/\/qingdaohf.com\/product\/anchor-chain\/#primaryimage\",\"url\":\"https:\/\/qingdaohf.com\/wp-content\/uploads\/2023\/04\/anchor-chain-2-2.jpg\",\"contentUrl\":\"https:\/\/qingdaohf.com\/wp-content\/uploads\/2023\/04\/anchor-chain-2-2.jpg\",\"width\":1000,\"height\":1000,\"caption\":\"anchor chain\"},{\"@type\":\"BreadcrumbList\",\"@id\":\"https:\/\/qingdaohf.com\/product\/anchor-chain\/#breadcrumb\",\"itemListElement\":[{\"@type\":\"ListItem\",\"position\":1,\"name\":\"Home\",\"item\":\"https:\/\/qingdaohf.com\/\"},{\"@type\":\"ListItem\",\"position\":2,\"name\":\"Concrete Forming Accessories and Rigging Hardware\",\"item\":\"https:\/\/qingdaohf.com\/bg\/?page_id=944\"},{\"@type\":\"ListItem\",\"position\":3,\"name\":\"Marine Anchor Chain Mooring Chain\"}]},{\"@type\":\"WebSite\",\"@id\":\"https:\/\/qingdaohf.com\/bg\/#website\",\"url\":\"https:\/\/qingdaohf.com\/bg\/\",\"name\":\"Concrete Form & Rigging Hardware Supplier\",\"description\":\"\",\"publisher\":{\"@id\":\"https:\/\/qingdaohf.com\/bg\/#organization\"},\"potentialAction\":[{\"@type\":\"SearchAction\",\"target\":{\"@type\":\"EntryPoint\",\"urlTemplate\":\"https:\/\/qingdaohf.com\/bg\/?s={search_term_string}\"},\"query-input\":{\"@type\":\"PropertyValueSpecification\",\"valueRequired\":true,\"valueName\":\"search_term_string\"}}],\"inLanguage\":\"es\"},{\"@type\":\"Organization\",\"@id\":\"https:\/\/qingdaohf.com\/bg\/#organization\",\"name\":\"Qingdao H&F\",\"url\":\"https:\/\/qingdaohf.com\/bg\/\",\"logo\":{\"@type\":\"ImageObject\",\"inLanguage\":\"es\",\"@id\":\"https:\/\/qingdaohf.com\/bg\/#\/schema\/logo\/image\/\",\"url\":\"https:\/\/qingdaohf.com\/wp-content\/uploads\/2022\/12\/cropped-HF-LOGO.png\",\"contentUrl\":\"https:\/\/qingdaohf.com\/wp-content\/uploads\/2022\/12\/cropped-HF-LOGO.png\",\"width\":391,\"height\":249,\"caption\":\"Qingdao H&F\"},\"image\":{\"@id\":\"https:\/\/qingdaohf.com\/bg\/#\/schema\/logo\/image\/\"},\"sameAs\":[\"https:\/\/www.facebook.com\/qingdaohf\"]}]}<\/script>\n<!-- \/ Yoast SEO plugin. -->","yoast_head_json":{"title":"Marine Anchor Chain Mooring Chain","description":"The anchor chain is an essential component of maritime equipment used in anchoring and securing a vessel.","robots":{"index":"index","follow":"follow","max-snippet":"max-snippet:-1","max-image-preview":"max-image-preview:large","max-video-preview":"max-video-preview:-1"},"canonical":"https:\/\/qingdaohf.com\/es\/producto\/cadena-del-ancla\/","og_locale":"es_ES","og_type":"article","og_title":"Marine Anchor Chain Mooring Chain","og_description":"The anchor chain is an essential component of maritime equipment used in anchoring and securing a vessel.","og_url":"https:\/\/qingdaohf.com\/es\/producto\/cadena-del-ancla\/","og_site_name":"Concrete Form &amp; Rigging Hardware Supplier","article_publisher":"https:\/\/www.facebook.com\/qingdaohf","article_modified_time":"2025-11-13T01:05:13+00:00","og_image":[{"width":1000,"height":1000,"url":"https:\/\/qingdaohf.com\/wp-content\/uploads\/2023\/04\/anchor-chain-2-2.jpg","type":"image\/jpeg"}],"twitter_card":"summary_large_image","twitter_misc":{"Tiempo de lectura":"5 minutos"},"schema":{"@context":"https:\/\/schema.org","@graph":[{"@type":"WebPage","@id":"https:\/\/qingdaohf.com\/product\/anchor-chain\/","url":"https:\/\/qingdaohf.com\/product\/anchor-chain\/","name":"Marine Anchor Chain Mooring Chain","isPartOf":{"@id":"https:\/\/qingdaohf.com\/bg\/#website"},"primaryImageOfPage":{"@id":"https:\/\/qingdaohf.com\/product\/anchor-chain\/#primaryimage"},"image":{"@id":"https:\/\/qingdaohf.com\/product\/anchor-chain\/#primaryimage"},"thumbnailUrl":"https:\/\/qingdaohf.com\/wp-content\/uploads\/2023\/04\/anchor-chain-2-2.jpg","datePublished":"2023-04-10T10:57:14+00:00","dateModified":"2025-11-13T01:05:13+00:00","description":"The anchor chain is an essential component of maritime equipment used in anchoring and securing a vessel.","breadcrumb":{"@id":"https:\/\/qingdaohf.com\/product\/anchor-chain\/#breadcrumb"},"inLanguage":"es","potentialAction":[{"@type":"ReadAction","target":["https:\/\/qingdaohf.com\/product\/anchor-chain\/"]}]},{"@type":"ImageObject","inLanguage":"es","@id":"https:\/\/qingdaohf.com\/product\/anchor-chain\/#primaryimage","url":"https:\/\/qingdaohf.com\/wp-content\/uploads\/2023\/04\/anchor-chain-2-2.jpg","contentUrl":"https:\/\/qingdaohf.com\/wp-content\/uploads\/2023\/04\/anchor-chain-2-2.jpg","width":1000,"height":1000,"caption":"anchor chain"},{"@type":"BreadcrumbList","@id":"https:\/\/qingdaohf.com\/product\/anchor-chain\/#breadcrumb","itemListElement":[{"@type":"ListItem","position":1,"name":"Home","item":"https:\/\/qingdaohf.com\/"},{"@type":"ListItem","position":2,"name":"Concrete Forming Accessories and Rigging Hardware","item":"https:\/\/qingdaohf.com\/bg\/?page_id=944"},{"@type":"ListItem","position":3,"name":"Marine Anchor Chain Mooring Chain"}]},{"@type":"WebSite","@id":"https:\/\/qingdaohf.com\/bg\/#website","url":"https:\/\/qingdaohf.com\/bg\/","name":"Concrete Form & Rigging Hardware Supplier","description":"","publisher":{"@id":"https:\/\/qingdaohf.com\/bg\/#organization"},"potentialAction":[{"@type":"SearchAction","target":{"@type":"EntryPoint","urlTemplate":"https:\/\/qingdaohf.com\/bg\/?s={search_term_string}"},"query-input":{"@type":"PropertyValueSpecification","valueRequired":true,"valueName":"search_term_string"}}],"inLanguage":"es"},{"@type":"Organization","@id":"https:\/\/qingdaohf.com\/bg\/#organization","name":"Qingdao H&F","url":"https:\/\/qingdaohf.com\/bg\/","logo":{"@type":"ImageObject","inLanguage":"es","@id":"https:\/\/qingdaohf.com\/bg\/#\/schema\/logo\/image\/","url":"https:\/\/qingdaohf.com\/wp-content\/uploads\/2022\/12\/cropped-HF-LOGO.png","contentUrl":"https:\/\/qingdaohf.com\/wp-content\/uploads\/2022\/12\/cropped-HF-LOGO.png","width":391,"height":249,"caption":"Qingdao H&F"},"image":{"@id":"https:\/\/qingdaohf.com\/bg\/#\/schema\/logo\/image\/"},"sameAs":["https:\/\/www.facebook.com\/qingdaohf"]}]}},"_links":{"self":[{"href":"https:\/\/qingdaohf.com\/es\/wp-json\/wp\/v2\/product\/3549","targetHints":{"allow":["GET"]}}],"collection":[{"href":"https:\/\/qingdaohf.com\/es\/wp-json\/wp\/v2\/product"}],"about":[{"href":"https:\/\/qingdaohf.com\/es\/wp-json\/wp\/v2\/types\/product"}],"replies":[{"embeddable":true,"href":"https:\/\/qingdaohf.com\/es\/wp-json\/wp\/v2\/comments?post=3549"}],"version-history":[{"count":8,"href":"https:\/\/qingdaohf.com\/es\/wp-json\/wp\/v2\/product\/3549\/revisions"}],"predecessor-version":[{"id":8096,"href":"https:\/\/qingdaohf.com\/es\/wp-json\/wp\/v2\/product\/3549\/revisions\/8096"}],"wp:featuredmedia":[{"embeddable":true,"href":"https:\/\/qingdaohf.com\/es\/wp-json\/wp\/v2\/media\/4709"}],"wp:attachment":[{"href":"https:\/\/qingdaohf.com\/es\/wp-json\/wp\/v2\/media?parent=3549"}],"wp:term":[{"taxonomy":"product_brand","embeddable":true,"href":"https:\/\/qingdaohf.com\/es\/wp-json\/wp\/v2\/product_brand?post=3549"},{"taxonomy":"product_cat","embeddable":true,"href":"https:\/\/qingdaohf.com\/es\/wp-json\/wp\/v2\/product_cat?post=3549"},{"taxonomy":"product_tag","embeddable":true,"href":"https:\/\/qingdaohf.com\/es\/wp-json\/wp\/v2\/product_tag?post=3549"}],"curies":[{"name":"wp","href":"https:\/\/api.w.org\/{rel}","templated":true}]}}