{"id":3822,"date":"2023-05-19T16:36:58","date_gmt":"2023-05-19T08:36:58","guid":{"rendered":"http:\/\/qingdaohf.com\/?post_type=product&#038;p=3822"},"modified":"2025-11-13T09:05:11","modified_gmt":"2025-11-13T01:05:11","slug":"g215-shackle","status":"publish","type":"product","link":"https:\/\/qingdaohf.com\/es\/producto\/g213-g215-grillete-galvanizado\/","title":{"rendered":"Grillete galvanizado G215"},"content":{"rendered":"<p class=\"\" data-start=\"525\" data-end=\"1183\">El Grillete G215 encarna una mezcla de ingenier\u00eda robusta y artesan\u00eda refinada adaptada a una variedad de aplicaciones industriales. Fabricado con meticulosa atenci\u00f3n al detalle, este producto se ha desarrollado para cumplir estrictas normas de control de calidad, al tiempo que ofrece una soluci\u00f3n pr\u00e1ctica para complejas necesidades de aparejo. Dise\u00f1ado para resistir, el Grillete G215 presenta un equilibrio excepcional entre resistencia a la carga y eficacia operativa, respondiendo a los diversos retos que plantean las tareas m\u00e1s duras. Su construcci\u00f3n refleja los \u00faltimos avances en la ciencia de los materiales, garantizando que cada unidad funcione de forma fiable en condiciones adversas.<\/p>\n<h2 class=\"\" data-start=\"1185\" data-end=\"1223\">Especificaciones y detalles de dise\u00f1o<\/h2>\n<p class=\"\" data-start=\"1224\" data-end=\"1898\">Este accesorio de aparejo est\u00e1 fabricado principalmente con acero de aleaci\u00f3n de primera calidad, que no s\u00f3lo garantiza una excelente relaci\u00f3n resistencia-peso, sino que tambi\u00e9n proporciona una resistencia superior al desgaste y la corrosi\u00f3n. El grillete G215 est\u00e1 dise\u00f1ado con precisi\u00f3n para adaptarse a capacidades de carga espec\u00edficas que se adaptan a diversas exigencias operativas. Sus dimensiones y tolerancias se han probado y perfeccionado rigurosamente, garantizando que el grillete funcione de forma \u00f3ptima incluso cuando se somete a esfuerzos repetitivos y fuertes. La ingenier\u00eda que hay detr\u00e1s de este producto incorpora elementos de dise\u00f1o avanzados que minimizan cualquier deformaci\u00f3n potencial bajo carga, mejorando as\u00ed la seguridad general y la coherencia operativa.<\/p>\n<h2 class=\"\" data-start=\"1900\" data-end=\"1940\">Composici\u00f3n del material y durabilidad<\/h2>\n<p class=\"\" data-start=\"1941\" data-end=\"2764\">La base del rendimiento del Grillete G215 es la composici\u00f3n superior de sus materiales. El acero de aleaci\u00f3n de alta calidad utilizado en su fabricaci\u00f3n se elige por sus excepcionales propiedades mec\u00e1nicas, como su alta resistencia a la tracci\u00f3n y a la degradaci\u00f3n medioambiental. Esta elecci\u00f3n de material contribuye a la impresionante durabilidad y longevidad del grillete, incluso frente a las fluctuaciones de las condiciones meteorol\u00f3gicas y la exposici\u00f3n a entornos industriales hostiles. Gracias a las modernas t\u00e9cnicas metal\u00fargicas, el material no s\u00f3lo cumple las normas internacionales, sino que las supera, lo que le ha valido numerosas certificaciones que atestiguan su calidad y fiabilidad. Las rigurosas pruebas de control de calidad, realizadas por organismos acreditados, validan a\u00fan m\u00e1s la capacidad del grillete para mantener la integridad de sus prestaciones durante largos periodos de uso.<\/p>\n<h2 class=\"\" data-start=\"2766\" data-end=\"2799\">Aplicaci\u00f3n y uso industrial<\/h2>\n<p class=\"\" data-start=\"2800\" data-end=\"3604\">La versatilidad del Grillete G215 queda patente en su amplia gama de aplicaciones en diversos sectores. Los profesionales de los sectores de la construcci\u00f3n, las operaciones mar\u00edtimas y la maquinaria pesada han comprobado que su innovador dise\u00f1o responde eficazmente a las preocupaciones cr\u00edticas en materia de seguridad y a las exigencias operativas. Su precisa ingenier\u00eda permite una integraci\u00f3n perfecta con otros componentes de aparejos, agilizando as\u00ed los procesos y reduciendo el riesgo de fallos durante tareas intensivas. En situaciones en las que la fiabilidad es primordial, el grillete G215 destaca como un producto que garantiza tanto la seguridad como la eficacia. La robusta construcci\u00f3n del producto y su conformidad con las normas mundiales ofrecen a los usuarios la seguridad de que puede hacer frente a diversos retos, desde operaciones rutinarias hasta los proyectos industriales m\u00e1s exigentes.<\/p>\n<p><img fetchpriority=\"high\" decoding=\"async\" class=\"alignnone size-full wp-image-3828\" src=\"http:\/\/qingdaohf.com\/wp-content\/uploads\/2023\/05\/G213-G215.jpg\" alt=\"Grillete G213 G215\" width=\"1000\" height=\"1281\" srcset=\"https:\/\/qingdaohf.com\/wp-content\/uploads\/2023\/05\/G213-G215.jpg 1000w, https:\/\/qingdaohf.com\/wp-content\/uploads\/2023\/05\/G213-G215-234x300.jpg 234w, https:\/\/qingdaohf.com\/wp-content\/uploads\/2023\/05\/G213-G215-799x1024.jpg 799w, https:\/\/qingdaohf.com\/wp-content\/uploads\/2023\/05\/G213-G215-768x984.jpg 768w\" sizes=\"(max-width: 1000px) 100vw, 1000px\" \/><\/p>\n<h2 class=\"\" data-start=\"3606\" data-end=\"3644\">Ventajas de asociarse con H&amp;F<\/h2>\n<p class=\"\" data-start=\"3645\" data-end=\"4834\">Cuando se trata de abastecerse de equipos de rigging fiables, asociarse con H&amp;F ofrece claras ventajas que distinguen a la empresa. Los compradores aprecian el apoyo integral que se les ofrece, desde la disponibilidad de muestras gratuitas hasta un servicio de atenci\u00f3n al cliente personalizado que responde a las necesidades individuales. El compromiso de H&amp;F con la calidad y el servicio queda patente en la opci\u00f3n de entrega puerta a puerta, que garantiza la llegada puntual y segura de los productos. Aunque muchos productos proceden de desarrolladores externos, H&amp;F mantiene un riguroso proceso de inspecci\u00f3n y un r\u00e9gimen de control de calidad que garantiza que cada unidad cumple las certificaciones exigidas. El enfoque proactivo de la empresa respecto al servicio al cliente y su dedicaci\u00f3n a facilitar soluciones personalizadas contribuyen a crear relaciones duraderas basadas en la confianza y el \u00e9xito mutuo. Se invita a los clientes a experimentar una combinaci\u00f3n de orientaci\u00f3n experta y productos innovadores que simplifican las complejidades del aparejo industrial. Esta dedicaci\u00f3n a la excelencia se refleja en todos los aspectos del servicio, garantizando que los clientes reciban no s\u00f3lo un producto de alta calidad como el Grillete G215, sino tambi\u00e9n un sistema de apoyo integral que mejora la eficacia operativa general.<\/p>\n<p class=\"\" data-start=\"4836\" data-end=\"5432\">El an\u00e1lisis detallado del grillete G215 pone de relieve su ingenier\u00eda superior, la excepcional calidad de sus materiales y el cumplimiento de rigurosas normas de calidad. Su dise\u00f1o preciso lo convierte en la opci\u00f3n preferida de los profesionales de sectores que exigen fiabilidad y rendimiento. Adem\u00e1s, las ventajas estrat\u00e9gicas que ofrece H&amp;F, como el servicio de atenci\u00f3n al cliente personalizado y los eficaces sistemas de entrega, refuerzan el valor de elegir este producto. Con un \u00e9nfasis en la seguridad, la durabilidad y la asistencia centrada en el cliente, el grillete G215 representa una soluci\u00f3n de confianza para el panorama industrial moderno.<\/p>","protected":false},"excerpt":{"rendered":"<p>El grillete G215 es un accesorio de ferreter\u00eda para aparejos de precisi\u00f3n, meticulosamente dise\u00f1ado para aplicaciones de servicio pesado. Fabricado con acero de aleaci\u00f3n de alta calidad y sometido a rigurosas pruebas de calidad y seguridad, este grillete ofrece una durabilidad y fiabilidad excepcionales en entornos industriales exigentes. Su dise\u00f1o vers\u00e1til y su estricto cumplimiento de las certificaciones internacionales lo convierten en la opci\u00f3n ideal para los profesionales que buscan un rendimiento fiable y soluciones personalizadas.<\/p>","protected":false},"featured_media":6333,"comment_status":"open","ping_status":"closed","template":"","meta":{"site-sidebar-layout":"default","site-content-layout":"default","ast-site-content-layout":"default","site-content-style":"default","site-sidebar-style":"default","ast-global-header-display":"","ast-banner-title-visibility":"","ast-main-header-display":"","ast-hfb-above-header-display":"","ast-hfb-below-header-display":"","ast-hfb-mobile-header-display":"","site-post-title":"","ast-breadcrumbs-content":"","ast-featured-img":"","footer-sml-layout":"","theme-transparent-header-meta":"default","adv-header-id-meta":"","stick-header-meta":"default","header-above-stick-meta":"","header-main-stick-meta":"","header-below-stick-meta":"","astra-migrate-meta-layouts":"set","ast-page-background-enabled":"default","ast-page-background-meta":{"desktop":{"background-color":"","background-image":"","background-repeat":"repeat","background-position":"center center","background-size":"auto","background-attachment":"scroll","background-type":"","background-media":"","overlay-type":"","overlay-color":"","overlay-opacity":"","overlay-gradient":""},"tablet":{"background-color":"","background-image":"","background-repeat":"repeat","background-position":"center center","background-size":"auto","background-attachment":"scroll","background-type":"","background-media":"","overlay-type":"","overlay-color":"","overlay-opacity":"","overlay-gradient":""},"mobile":{"background-color":"","background-image":"","background-repeat":"repeat","background-position":"center center","background-size":"auto","background-attachment":"scroll","background-type":"","background-media":"","overlay-type":"","overlay-color":"","overlay-opacity":"","overlay-gradient":""}},"ast-content-background-meta":{"desktop":{"background-color":"var(--ast-global-color-5)","background-image":"","background-repeat":"repeat","background-position":"center center","background-size":"auto","background-attachment":"scroll","background-type":"","background-media":"","overlay-type":"","overlay-color":"","overlay-opacity":"","overlay-gradient":""},"tablet":{"background-color":"var(--ast-global-color-5)","background-image":"","background-repeat":"repeat","background-position":"center center","background-size":"auto","background-attachment":"scroll","background-type":"","background-media":"","overlay-type":"","overlay-color":"","overlay-opacity":"","overlay-gradient":""},"mobile":{"background-color":"var(--ast-global-color-5)","background-image":"","background-repeat":"repeat","background-position":"center center","background-size":"auto","background-attachment":"scroll","background-type":"","background-media":"","overlay-type":"","overlay-color":"","overlay-opacity":"","overlay-gradient":""}}},"product_brand":[],"product_cat":[43,54],"product_tag":[],"class_list":{"0":"post-3822","1":"product","2":"type-product","3":"status-publish","4":"has-post-thumbnail","6":"product_cat-rigging-hardware","7":"product_cat-shackle","8":"desktop-align-left","9":"tablet-align-left","10":"mobile-align-left","11":"ast-product-gallery-layout-horizontal-slider","12":"ast-product-gallery-with-no-image","13":"ast-product-tabs-layout-horizontal","15":"first","16":"instock","17":"shipping-taxable","18":"purchasable","19":"product-type-simple"},"yoast_head":"<!-- This site is optimized with the Yoast SEO plugin v25.2 - https:\/\/yoast.com\/wordpress\/plugins\/seo\/ -->\n<title>G215 Galvanized Shackle<\/title>\n<meta name=\"description\" content=\"The G213 Galvanized Shackle and G215 Galvanized Shackle are two types of shackles commonly used in rigging and lifting operations. These shackles provide a secure connection point between various components such as chains, slings, and wire ropes.\" \/>\n<meta name=\"robots\" content=\"index, follow, max-snippet:-1, max-image-preview:large, max-video-preview:-1\" \/>\n<link rel=\"canonical\" href=\"https:\/\/qingdaohf.com\/es\/producto\/g213-g215-grillete-galvanizado\/\" \/>\n<meta property=\"og:locale\" content=\"es_ES\" \/>\n<meta property=\"og:type\" content=\"article\" \/>\n<meta property=\"og:title\" content=\"G215 Galvanized Shackle\" \/>\n<meta property=\"og:description\" content=\"The G213 Galvanized Shackle and G215 Galvanized Shackle are two types of shackles commonly used in rigging and lifting operations. These shackles provide a secure connection point between various components such as chains, slings, and wire ropes.\" \/>\n<meta property=\"og:url\" content=\"https:\/\/qingdaohf.com\/es\/producto\/g213-g215-grillete-galvanizado\/\" \/>\n<meta property=\"og:site_name\" content=\"Concrete Form &amp; Rigging Hardware Supplier\" \/>\n<meta property=\"article:publisher\" content=\"https:\/\/www.facebook.com\/qingdaohf\" \/>\n<meta property=\"article:modified_time\" content=\"2025-11-13T01:05:11+00:00\" \/>\n<meta property=\"og:image\" content=\"https:\/\/qingdaohf.com\/wp-content\/uploads\/2023\/05\/shackle-G215.jpg\" \/>\n\t<meta property=\"og:image:width\" content=\"1000\" \/>\n\t<meta property=\"og:image:height\" content=\"1000\" \/>\n\t<meta property=\"og:image:type\" content=\"image\/jpeg\" \/>\n<meta name=\"twitter:card\" content=\"summary_large_image\" \/>\n<meta name=\"twitter:label1\" content=\"Tiempo de lectura\" \/>\n\t<meta name=\"twitter:data1\" content=\"4 minutos\" \/>\n<script type=\"application\/ld+json\" class=\"yoast-schema-graph\">{\"@context\":\"https:\/\/schema.org\",\"@graph\":[{\"@type\":\"WebPage\",\"@id\":\"https:\/\/qingdaohf.com\/product\/g215-shackle\/\",\"url\":\"https:\/\/qingdaohf.com\/product\/g215-shackle\/\",\"name\":\"G215 Galvanized Shackle\",\"isPartOf\":{\"@id\":\"https:\/\/qingdaohf.com\/bg\/#website\"},\"primaryImageOfPage\":{\"@id\":\"https:\/\/qingdaohf.com\/product\/g215-shackle\/#primaryimage\"},\"image\":{\"@id\":\"https:\/\/qingdaohf.com\/product\/g215-shackle\/#primaryimage\"},\"thumbnailUrl\":\"https:\/\/qingdaohf.com\/wp-content\/uploads\/2023\/05\/shackle-G215.jpg\",\"datePublished\":\"2023-05-19T08:36:58+00:00\",\"dateModified\":\"2025-11-13T01:05:11+00:00\",\"description\":\"The G213 Galvanized Shackle and G215 Galvanized Shackle are two types of shackles commonly used in rigging and lifting operations. These shackles provide a secure connection point between various components such as chains, slings, and wire ropes.\",\"breadcrumb\":{\"@id\":\"https:\/\/qingdaohf.com\/product\/g215-shackle\/#breadcrumb\"},\"inLanguage\":\"es\",\"potentialAction\":[{\"@type\":\"ReadAction\",\"target\":[\"https:\/\/qingdaohf.com\/product\/g215-shackle\/\"]}]},{\"@type\":\"ImageObject\",\"inLanguage\":\"es\",\"@id\":\"https:\/\/qingdaohf.com\/product\/g215-shackle\/#primaryimage\",\"url\":\"https:\/\/qingdaohf.com\/wp-content\/uploads\/2023\/05\/shackle-G215.jpg\",\"contentUrl\":\"https:\/\/qingdaohf.com\/wp-content\/uploads\/2023\/05\/shackle-G215.jpg\",\"width\":1000,\"height\":1000,\"caption\":\"shackle G215\"},{\"@type\":\"BreadcrumbList\",\"@id\":\"https:\/\/qingdaohf.com\/product\/g215-shackle\/#breadcrumb\",\"itemListElement\":[{\"@type\":\"ListItem\",\"position\":1,\"name\":\"Home\",\"item\":\"https:\/\/qingdaohf.com\/\"},{\"@type\":\"ListItem\",\"position\":2,\"name\":\"Concrete Forming Accessories and Rigging Hardware\",\"item\":\"https:\/\/qingdaohf.com\/bg\/?page_id=944\"},{\"@type\":\"ListItem\",\"position\":3,\"name\":\"G215 Galvanized Shackle\"}]},{\"@type\":\"WebSite\",\"@id\":\"https:\/\/qingdaohf.com\/bg\/#website\",\"url\":\"https:\/\/qingdaohf.com\/bg\/\",\"name\":\"Concrete Form & Rigging Hardware Supplier\",\"description\":\"\",\"publisher\":{\"@id\":\"https:\/\/qingdaohf.com\/bg\/#organization\"},\"potentialAction\":[{\"@type\":\"SearchAction\",\"target\":{\"@type\":\"EntryPoint\",\"urlTemplate\":\"https:\/\/qingdaohf.com\/bg\/?s={search_term_string}\"},\"query-input\":{\"@type\":\"PropertyValueSpecification\",\"valueRequired\":true,\"valueName\":\"search_term_string\"}}],\"inLanguage\":\"es\"},{\"@type\":\"Organization\",\"@id\":\"https:\/\/qingdaohf.com\/bg\/#organization\",\"name\":\"Qingdao H&F\",\"url\":\"https:\/\/qingdaohf.com\/bg\/\",\"logo\":{\"@type\":\"ImageObject\",\"inLanguage\":\"es\",\"@id\":\"https:\/\/qingdaohf.com\/bg\/#\/schema\/logo\/image\/\",\"url\":\"https:\/\/qingdaohf.com\/wp-content\/uploads\/2022\/12\/cropped-HF-LOGO.png\",\"contentUrl\":\"https:\/\/qingdaohf.com\/wp-content\/uploads\/2022\/12\/cropped-HF-LOGO.png\",\"width\":391,\"height\":249,\"caption\":\"Qingdao H&F\"},\"image\":{\"@id\":\"https:\/\/qingdaohf.com\/bg\/#\/schema\/logo\/image\/\"},\"sameAs\":[\"https:\/\/www.facebook.com\/qingdaohf\"]}]}<\/script>\n<!-- \/ Yoast SEO plugin. -->","yoast_head_json":{"title":"G215 Galvanized Shackle","description":"The G213 Galvanized Shackle and G215 Galvanized Shackle are two types of shackles commonly used in rigging and lifting operations. These shackles provide a secure connection point between various components such as chains, slings, and wire ropes.","robots":{"index":"index","follow":"follow","max-snippet":"max-snippet:-1","max-image-preview":"max-image-preview:large","max-video-preview":"max-video-preview:-1"},"canonical":"https:\/\/qingdaohf.com\/es\/producto\/g213-g215-grillete-galvanizado\/","og_locale":"es_ES","og_type":"article","og_title":"G215 Galvanized Shackle","og_description":"The G213 Galvanized Shackle and G215 Galvanized Shackle are two types of shackles commonly used in rigging and lifting operations. These shackles provide a secure connection point between various components such as chains, slings, and wire ropes.","og_url":"https:\/\/qingdaohf.com\/es\/producto\/g213-g215-grillete-galvanizado\/","og_site_name":"Concrete Form &amp; Rigging Hardware Supplier","article_publisher":"https:\/\/www.facebook.com\/qingdaohf","article_modified_time":"2025-11-13T01:05:11+00:00","og_image":[{"width":1000,"height":1000,"url":"https:\/\/qingdaohf.com\/wp-content\/uploads\/2023\/05\/shackle-G215.jpg","type":"image\/jpeg"}],"twitter_card":"summary_large_image","twitter_misc":{"Tiempo de lectura":"4 minutos"},"schema":{"@context":"https:\/\/schema.org","@graph":[{"@type":"WebPage","@id":"https:\/\/qingdaohf.com\/product\/g215-shackle\/","url":"https:\/\/qingdaohf.com\/product\/g215-shackle\/","name":"G215 Galvanized Shackle","isPartOf":{"@id":"https:\/\/qingdaohf.com\/bg\/#website"},"primaryImageOfPage":{"@id":"https:\/\/qingdaohf.com\/product\/g215-shackle\/#primaryimage"},"image":{"@id":"https:\/\/qingdaohf.com\/product\/g215-shackle\/#primaryimage"},"thumbnailUrl":"https:\/\/qingdaohf.com\/wp-content\/uploads\/2023\/05\/shackle-G215.jpg","datePublished":"2023-05-19T08:36:58+00:00","dateModified":"2025-11-13T01:05:11+00:00","description":"The G213 Galvanized Shackle and G215 Galvanized Shackle are two types of shackles commonly used in rigging and lifting operations. These shackles provide a secure connection point between various components such as chains, slings, and wire ropes.","breadcrumb":{"@id":"https:\/\/qingdaohf.com\/product\/g215-shackle\/#breadcrumb"},"inLanguage":"es","potentialAction":[{"@type":"ReadAction","target":["https:\/\/qingdaohf.com\/product\/g215-shackle\/"]}]},{"@type":"ImageObject","inLanguage":"es","@id":"https:\/\/qingdaohf.com\/product\/g215-shackle\/#primaryimage","url":"https:\/\/qingdaohf.com\/wp-content\/uploads\/2023\/05\/shackle-G215.jpg","contentUrl":"https:\/\/qingdaohf.com\/wp-content\/uploads\/2023\/05\/shackle-G215.jpg","width":1000,"height":1000,"caption":"shackle G215"},{"@type":"BreadcrumbList","@id":"https:\/\/qingdaohf.com\/product\/g215-shackle\/#breadcrumb","itemListElement":[{"@type":"ListItem","position":1,"name":"Home","item":"https:\/\/qingdaohf.com\/"},{"@type":"ListItem","position":2,"name":"Concrete Forming Accessories and Rigging Hardware","item":"https:\/\/qingdaohf.com\/bg\/?page_id=944"},{"@type":"ListItem","position":3,"name":"G215 Galvanized Shackle"}]},{"@type":"WebSite","@id":"https:\/\/qingdaohf.com\/bg\/#website","url":"https:\/\/qingdaohf.com\/bg\/","name":"Concrete Form & Rigging Hardware Supplier","description":"","publisher":{"@id":"https:\/\/qingdaohf.com\/bg\/#organization"},"potentialAction":[{"@type":"SearchAction","target":{"@type":"EntryPoint","urlTemplate":"https:\/\/qingdaohf.com\/bg\/?s={search_term_string}"},"query-input":{"@type":"PropertyValueSpecification","valueRequired":true,"valueName":"search_term_string"}}],"inLanguage":"es"},{"@type":"Organization","@id":"https:\/\/qingdaohf.com\/bg\/#organization","name":"Qingdao H&F","url":"https:\/\/qingdaohf.com\/bg\/","logo":{"@type":"ImageObject","inLanguage":"es","@id":"https:\/\/qingdaohf.com\/bg\/#\/schema\/logo\/image\/","url":"https:\/\/qingdaohf.com\/wp-content\/uploads\/2022\/12\/cropped-HF-LOGO.png","contentUrl":"https:\/\/qingdaohf.com\/wp-content\/uploads\/2022\/12\/cropped-HF-LOGO.png","width":391,"height":249,"caption":"Qingdao H&F"},"image":{"@id":"https:\/\/qingdaohf.com\/bg\/#\/schema\/logo\/image\/"},"sameAs":["https:\/\/www.facebook.com\/qingdaohf"]}]}},"_links":{"self":[{"href":"https:\/\/qingdaohf.com\/es\/wp-json\/wp\/v2\/product\/3822","targetHints":{"allow":["GET"]}}],"collection":[{"href":"https:\/\/qingdaohf.com\/es\/wp-json\/wp\/v2\/product"}],"about":[{"href":"https:\/\/qingdaohf.com\/es\/wp-json\/wp\/v2\/types\/product"}],"replies":[{"embeddable":true,"href":"https:\/\/qingdaohf.com\/es\/wp-json\/wp\/v2\/comments?post=3822"}],"version-history":[{"count":2,"href":"https:\/\/qingdaohf.com\/es\/wp-json\/wp\/v2\/product\/3822\/revisions"}],"predecessor-version":[{"id":9455,"href":"https:\/\/qingdaohf.com\/es\/wp-json\/wp\/v2\/product\/3822\/revisions\/9455"}],"wp:featuredmedia":[{"embeddable":true,"href":"https:\/\/qingdaohf.com\/es\/wp-json\/wp\/v2\/media\/6333"}],"wp:attachment":[{"href":"https:\/\/qingdaohf.com\/es\/wp-json\/wp\/v2\/media?parent=3822"}],"wp:term":[{"taxonomy":"product_brand","embeddable":true,"href":"https:\/\/qingdaohf.com\/es\/wp-json\/wp\/v2\/product_brand?post=3822"},{"taxonomy":"product_cat","embeddable":true,"href":"https:\/\/qingdaohf.com\/es\/wp-json\/wp\/v2\/product_cat?post=3822"},{"taxonomy":"product_tag","embeddable":true,"href":"https:\/\/qingdaohf.com\/es\/wp-json\/wp\/v2\/product_tag?post=3822"}],"curies":[{"name":"wp","href":"https:\/\/api.w.org\/{rel}","templated":true}]}}