{"id":3839,"date":"2023-05-19T17:06:54","date_gmt":"2023-05-19T09:06:54","guid":{"rendered":"http:\/\/qingdaohf.com\/?post_type=product&#038;p=3839"},"modified":"2025-11-13T09:05:11","modified_gmt":"2025-11-13T01:05:11","slug":"g2160-galvanized-shackle","status":"publish","type":"product","link":"https:\/\/qingdaohf.com\/es\/producto\/g2160-grillete-galvanizado\/","title":{"rendered":"G2160 S2160 Grillete galvanizado de cuerpo ancho"},"content":{"rendered":"<p>Fabricado en acero de alta calidad, el grillete galvanizado G2160 se somete a un proceso de galvanizaci\u00f3n para mejorar su resistencia a la corrosi\u00f3n y su durabilidad general. El recubrimiento galvanizado, que consiste en una capa protectora de zinc, ayuda a proteger el grillete de la oxidaci\u00f3n y la corrosi\u00f3n, por lo que es adecuado para su uso en entornos exigentes, incluidas las aplicaciones marinas y al aire libre.<\/p>\n<p>El grillete galvanizado G2160 presenta un dise\u00f1o en forma de arco, que permite enganchar y desenganchar f\u00e1cilmente componentes de elevaci\u00f3n como cadenas, cables met\u00e1licos y eslingas. Incorpora un pasador o perno roscado para una fijaci\u00f3n segura, lo que garantiza un cierre fiable y herm\u00e9tico durante las operaciones de elevaci\u00f3n. El grillete suele ir marcado con su l\u00edmite de carga de trabajo (WLL) y otras especificaciones pertinentes para garantizar un uso seguro y adecuado.<\/p>\n<p>Disponible en varios tama\u00f1os y configuraciones, el grillete galvanizado G2160 puede adaptarse a una amplia gama de l\u00edmites de carga de trabajo, lo que permite flexibilidad en diferentes aplicaciones de elevaci\u00f3n. Es esencial seleccionar el grillete adecuado en funci\u00f3n de los requisitos espec\u00edficos de carga y las condiciones de trabajo para garantizar una seguridad y un rendimiento \u00f3ptimos.<\/p>\n<p>Con su robusta construcci\u00f3n y su revestimiento galvanizado, el grillete galvanizado G2160 proporciona una soluci\u00f3n fiable y duradera para las necesidades de aparejos de gran resistencia. Su solidez y resistencia a la corrosi\u00f3n lo convierten en una elecci\u00f3n de confianza para los profesionales que buscan un punto de conexi\u00f3n seguro y duradero en sus operaciones de elevaci\u00f3n y sujeci\u00f3n.<\/p>\n<p><img fetchpriority=\"high\" decoding=\"async\" class=\"alignnone size-full wp-image-3842\" src=\"http:\/\/qingdaohf.com\/wp-content\/uploads\/2023\/05\/G2160.jpg\" alt=\"Grillete G2160\" width=\"1000\" height=\"1219\" srcset=\"https:\/\/qingdaohf.com\/wp-content\/uploads\/2023\/05\/G2160.jpg 1000w, https:\/\/qingdaohf.com\/wp-content\/uploads\/2023\/05\/G2160-246x300.jpg 246w, https:\/\/qingdaohf.com\/wp-content\/uploads\/2023\/05\/G2160-840x1024.jpg 840w, https:\/\/qingdaohf.com\/wp-content\/uploads\/2023\/05\/G2160-768x936.jpg 768w\" sizes=\"(max-width: 1000px) 100vw, 1000px\" \/><\/p>\n<p><img decoding=\"async\" class=\"alignnone size-full wp-image-3843\" src=\"http:\/\/qingdaohf.com\/wp-content\/uploads\/2023\/05\/G2160E.jpg\" alt=\"G2160E\" width=\"1000\" height=\"895\" srcset=\"https:\/\/qingdaohf.com\/wp-content\/uploads\/2023\/05\/G2160E.jpg 1000w, https:\/\/qingdaohf.com\/wp-content\/uploads\/2023\/05\/G2160E-300x269.jpg 300w, https:\/\/qingdaohf.com\/wp-content\/uploads\/2023\/05\/G2160E-768x687.jpg 768w\" sizes=\"(max-width: 1000px) 100vw, 1000px\" \/><\/p>","protected":false},"excerpt":{"rendered":"<p>El grillete galvanizado G2160 es un componente de aparejo de alta resistencia dise\u00f1ado para conexiones fiables y seguras en operaciones de elevaci\u00f3n y sujeci\u00f3n. Este grillete se utiliza ampliamente en sectores como la construcci\u00f3n, la n\u00e1utica y el transporte, en los que se requieren herrajes de aparejo robustos.<\/p>","protected":false},"featured_media":4563,"comment_status":"open","ping_status":"closed","template":"","meta":{"site-sidebar-layout":"default","site-content-layout":"default","ast-site-content-layout":"default","site-content-style":"default","site-sidebar-style":"default","ast-global-header-display":"","ast-banner-title-visibility":"","ast-main-header-display":"","ast-hfb-above-header-display":"","ast-hfb-below-header-display":"","ast-hfb-mobile-header-display":"","site-post-title":"","ast-breadcrumbs-content":"","ast-featured-img":"","footer-sml-layout":"","theme-transparent-header-meta":"default","adv-header-id-meta":"","stick-header-meta":"default","header-above-stick-meta":"","header-main-stick-meta":"","header-below-stick-meta":"","astra-migrate-meta-layouts":"set","ast-page-background-enabled":"default","ast-page-background-meta":{"desktop":{"background-color":"","background-image":"","background-repeat":"repeat","background-position":"center center","background-size":"auto","background-attachment":"scroll","background-type":"","background-media":"","overlay-type":"","overlay-color":"","overlay-opacity":"","overlay-gradient":""},"tablet":{"background-color":"","background-image":"","background-repeat":"repeat","background-position":"center center","background-size":"auto","background-attachment":"scroll","background-type":"","background-media":"","overlay-type":"","overlay-color":"","overlay-opacity":"","overlay-gradient":""},"mobile":{"background-color":"","background-image":"","background-repeat":"repeat","background-position":"center center","background-size":"auto","background-attachment":"scroll","background-type":"","background-media":"","overlay-type":"","overlay-color":"","overlay-opacity":"","overlay-gradient":""}},"ast-content-background-meta":{"desktop":{"background-color":"var(--ast-global-color-5)","background-image":"","background-repeat":"repeat","background-position":"center center","background-size":"auto","background-attachment":"scroll","background-type":"","background-media":"","overlay-type":"","overlay-color":"","overlay-opacity":"","overlay-gradient":""},"tablet":{"background-color":"var(--ast-global-color-5)","background-image":"","background-repeat":"repeat","background-position":"center center","background-size":"auto","background-attachment":"scroll","background-type":"","background-media":"","overlay-type":"","overlay-color":"","overlay-opacity":"","overlay-gradient":""},"mobile":{"background-color":"var(--ast-global-color-5)","background-image":"","background-repeat":"repeat","background-position":"center center","background-size":"auto","background-attachment":"scroll","background-type":"","background-media":"","overlay-type":"","overlay-color":"","overlay-opacity":"","overlay-gradient":""}}},"product_brand":[],"product_cat":[54],"product_tag":[],"class_list":{"0":"post-3839","1":"product","2":"type-product","3":"status-publish","4":"has-post-thumbnail","6":"product_cat-shackle","7":"desktop-align-left","8":"tablet-align-left","9":"mobile-align-left","10":"ast-product-gallery-layout-horizontal-slider","11":"ast-product-tabs-layout-horizontal","13":"first","14":"instock","15":"shipping-taxable","16":"purchasable","17":"product-type-simple"},"yoast_head":"<!-- This site is optimized with the Yoast SEO plugin v25.2 - https:\/\/yoast.com\/wordpress\/plugins\/seo\/ -->\n<title>G2160 S2160 Galvanized Wide Body Shackle<\/title>\n<meta name=\"description\" content=\"G2160 Shackle is a heavy-duty rigging component designed for reliable and secure connections in lifting and securing operations.\" \/>\n<meta name=\"robots\" content=\"index, follow, max-snippet:-1, max-image-preview:large, max-video-preview:-1\" \/>\n<link rel=\"canonical\" href=\"https:\/\/qingdaohf.com\/es\/producto\/g2160-grillete-galvanizado\/\" \/>\n<meta property=\"og:locale\" content=\"es_ES\" \/>\n<meta property=\"og:type\" content=\"article\" \/>\n<meta property=\"og:title\" content=\"G2160 S2160 Galvanized Wide Body Shackle\" \/>\n<meta property=\"og:description\" content=\"G2160 Shackle is a heavy-duty rigging component designed for reliable and secure connections in lifting and securing operations.\" \/>\n<meta property=\"og:url\" content=\"https:\/\/qingdaohf.com\/es\/producto\/g2160-grillete-galvanizado\/\" \/>\n<meta property=\"og:site_name\" content=\"Concrete Form &amp; Rigging Hardware Supplier\" \/>\n<meta property=\"article:publisher\" content=\"https:\/\/www.facebook.com\/qingdaohf\" \/>\n<meta property=\"article:modified_time\" content=\"2025-11-13T01:05:11+00:00\" \/>\n<meta property=\"og:image\" content=\"https:\/\/qingdaohf.com\/wp-content\/uploads\/2023\/05\/1-2-2.jpg\" \/>\n\t<meta property=\"og:image:width\" content=\"1000\" \/>\n\t<meta property=\"og:image:height\" content=\"1000\" \/>\n\t<meta property=\"og:image:type\" content=\"image\/jpeg\" \/>\n<meta name=\"twitter:card\" content=\"summary_large_image\" \/>\n<meta name=\"twitter:label1\" content=\"Tiempo de lectura\" \/>\n\t<meta name=\"twitter:data1\" content=\"2 minutos\" \/>\n<script type=\"application\/ld+json\" class=\"yoast-schema-graph\">{\"@context\":\"https:\/\/schema.org\",\"@graph\":[{\"@type\":\"WebPage\",\"@id\":\"https:\/\/qingdaohf.com\/product\/g2160-galvanized-shackle\/\",\"url\":\"https:\/\/qingdaohf.com\/product\/g2160-galvanized-shackle\/\",\"name\":\"G2160 S2160 Galvanized Wide Body Shackle\",\"isPartOf\":{\"@id\":\"https:\/\/qingdaohf.com\/bg\/#website\"},\"primaryImageOfPage\":{\"@id\":\"https:\/\/qingdaohf.com\/product\/g2160-galvanized-shackle\/#primaryimage\"},\"image\":{\"@id\":\"https:\/\/qingdaohf.com\/product\/g2160-galvanized-shackle\/#primaryimage\"},\"thumbnailUrl\":\"https:\/\/qingdaohf.com\/wp-content\/uploads\/2023\/05\/1-2-2.jpg\",\"datePublished\":\"2023-05-19T09:06:54+00:00\",\"dateModified\":\"2025-11-13T01:05:11+00:00\",\"description\":\"G2160 Shackle is a heavy-duty rigging component designed for reliable and secure connections in lifting and securing operations.\",\"breadcrumb\":{\"@id\":\"https:\/\/qingdaohf.com\/product\/g2160-galvanized-shackle\/#breadcrumb\"},\"inLanguage\":\"es\",\"potentialAction\":[{\"@type\":\"ReadAction\",\"target\":[\"https:\/\/qingdaohf.com\/product\/g2160-galvanized-shackle\/\"]}]},{\"@type\":\"ImageObject\",\"inLanguage\":\"es\",\"@id\":\"https:\/\/qingdaohf.com\/product\/g2160-galvanized-shackle\/#primaryimage\",\"url\":\"https:\/\/qingdaohf.com\/wp-content\/uploads\/2023\/05\/1-2-2.jpg\",\"contentUrl\":\"https:\/\/qingdaohf.com\/wp-content\/uploads\/2023\/05\/1-2-2.jpg\",\"width\":1000,\"height\":1000,\"caption\":\"shackle\"},{\"@type\":\"BreadcrumbList\",\"@id\":\"https:\/\/qingdaohf.com\/product\/g2160-galvanized-shackle\/#breadcrumb\",\"itemListElement\":[{\"@type\":\"ListItem\",\"position\":1,\"name\":\"Home\",\"item\":\"https:\/\/qingdaohf.com\/\"},{\"@type\":\"ListItem\",\"position\":2,\"name\":\"Concrete Forming Accessories and Rigging Hardware\",\"item\":\"https:\/\/qingdaohf.com\/bg\/?page_id=944\"},{\"@type\":\"ListItem\",\"position\":3,\"name\":\"G2160 S2160 Galvanized Wide Body Shackle\"}]},{\"@type\":\"WebSite\",\"@id\":\"https:\/\/qingdaohf.com\/bg\/#website\",\"url\":\"https:\/\/qingdaohf.com\/bg\/\",\"name\":\"Concrete Form & Rigging Hardware Supplier\",\"description\":\"\",\"publisher\":{\"@id\":\"https:\/\/qingdaohf.com\/bg\/#organization\"},\"potentialAction\":[{\"@type\":\"SearchAction\",\"target\":{\"@type\":\"EntryPoint\",\"urlTemplate\":\"https:\/\/qingdaohf.com\/bg\/?s={search_term_string}\"},\"query-input\":{\"@type\":\"PropertyValueSpecification\",\"valueRequired\":true,\"valueName\":\"search_term_string\"}}],\"inLanguage\":\"es\"},{\"@type\":\"Organization\",\"@id\":\"https:\/\/qingdaohf.com\/bg\/#organization\",\"name\":\"Qingdao H&F\",\"url\":\"https:\/\/qingdaohf.com\/bg\/\",\"logo\":{\"@type\":\"ImageObject\",\"inLanguage\":\"es\",\"@id\":\"https:\/\/qingdaohf.com\/bg\/#\/schema\/logo\/image\/\",\"url\":\"https:\/\/qingdaohf.com\/wp-content\/uploads\/2022\/12\/cropped-HF-LOGO.png\",\"contentUrl\":\"https:\/\/qingdaohf.com\/wp-content\/uploads\/2022\/12\/cropped-HF-LOGO.png\",\"width\":391,\"height\":249,\"caption\":\"Qingdao H&F\"},\"image\":{\"@id\":\"https:\/\/qingdaohf.com\/bg\/#\/schema\/logo\/image\/\"},\"sameAs\":[\"https:\/\/www.facebook.com\/qingdaohf\"]}]}<\/script>\n<!-- \/ Yoast SEO plugin. -->","yoast_head_json":{"title":"G2160 S2160 Galvanized Wide Body Shackle","description":"G2160 Shackle is a heavy-duty rigging component designed for reliable and secure connections in lifting and securing operations.","robots":{"index":"index","follow":"follow","max-snippet":"max-snippet:-1","max-image-preview":"max-image-preview:large","max-video-preview":"max-video-preview:-1"},"canonical":"https:\/\/qingdaohf.com\/es\/producto\/g2160-grillete-galvanizado\/","og_locale":"es_ES","og_type":"article","og_title":"G2160 S2160 Galvanized Wide Body Shackle","og_description":"G2160 Shackle is a heavy-duty rigging component designed for reliable and secure connections in lifting and securing operations.","og_url":"https:\/\/qingdaohf.com\/es\/producto\/g2160-grillete-galvanizado\/","og_site_name":"Concrete Form &amp; Rigging Hardware Supplier","article_publisher":"https:\/\/www.facebook.com\/qingdaohf","article_modified_time":"2025-11-13T01:05:11+00:00","og_image":[{"width":1000,"height":1000,"url":"https:\/\/qingdaohf.com\/wp-content\/uploads\/2023\/05\/1-2-2.jpg","type":"image\/jpeg"}],"twitter_card":"summary_large_image","twitter_misc":{"Tiempo de lectura":"2 minutos"},"schema":{"@context":"https:\/\/schema.org","@graph":[{"@type":"WebPage","@id":"https:\/\/qingdaohf.com\/product\/g2160-galvanized-shackle\/","url":"https:\/\/qingdaohf.com\/product\/g2160-galvanized-shackle\/","name":"G2160 S2160 Galvanized Wide Body Shackle","isPartOf":{"@id":"https:\/\/qingdaohf.com\/bg\/#website"},"primaryImageOfPage":{"@id":"https:\/\/qingdaohf.com\/product\/g2160-galvanized-shackle\/#primaryimage"},"image":{"@id":"https:\/\/qingdaohf.com\/product\/g2160-galvanized-shackle\/#primaryimage"},"thumbnailUrl":"https:\/\/qingdaohf.com\/wp-content\/uploads\/2023\/05\/1-2-2.jpg","datePublished":"2023-05-19T09:06:54+00:00","dateModified":"2025-11-13T01:05:11+00:00","description":"G2160 Shackle is a heavy-duty rigging component designed for reliable and secure connections in lifting and securing operations.","breadcrumb":{"@id":"https:\/\/qingdaohf.com\/product\/g2160-galvanized-shackle\/#breadcrumb"},"inLanguage":"es","potentialAction":[{"@type":"ReadAction","target":["https:\/\/qingdaohf.com\/product\/g2160-galvanized-shackle\/"]}]},{"@type":"ImageObject","inLanguage":"es","@id":"https:\/\/qingdaohf.com\/product\/g2160-galvanized-shackle\/#primaryimage","url":"https:\/\/qingdaohf.com\/wp-content\/uploads\/2023\/05\/1-2-2.jpg","contentUrl":"https:\/\/qingdaohf.com\/wp-content\/uploads\/2023\/05\/1-2-2.jpg","width":1000,"height":1000,"caption":"shackle"},{"@type":"BreadcrumbList","@id":"https:\/\/qingdaohf.com\/product\/g2160-galvanized-shackle\/#breadcrumb","itemListElement":[{"@type":"ListItem","position":1,"name":"Home","item":"https:\/\/qingdaohf.com\/"},{"@type":"ListItem","position":2,"name":"Concrete Forming Accessories and Rigging Hardware","item":"https:\/\/qingdaohf.com\/bg\/?page_id=944"},{"@type":"ListItem","position":3,"name":"G2160 S2160 Galvanized Wide Body Shackle"}]},{"@type":"WebSite","@id":"https:\/\/qingdaohf.com\/bg\/#website","url":"https:\/\/qingdaohf.com\/bg\/","name":"Concrete Form & Rigging Hardware Supplier","description":"","publisher":{"@id":"https:\/\/qingdaohf.com\/bg\/#organization"},"potentialAction":[{"@type":"SearchAction","target":{"@type":"EntryPoint","urlTemplate":"https:\/\/qingdaohf.com\/bg\/?s={search_term_string}"},"query-input":{"@type":"PropertyValueSpecification","valueRequired":true,"valueName":"search_term_string"}}],"inLanguage":"es"},{"@type":"Organization","@id":"https:\/\/qingdaohf.com\/bg\/#organization","name":"Qingdao H&F","url":"https:\/\/qingdaohf.com\/bg\/","logo":{"@type":"ImageObject","inLanguage":"es","@id":"https:\/\/qingdaohf.com\/bg\/#\/schema\/logo\/image\/","url":"https:\/\/qingdaohf.com\/wp-content\/uploads\/2022\/12\/cropped-HF-LOGO.png","contentUrl":"https:\/\/qingdaohf.com\/wp-content\/uploads\/2022\/12\/cropped-HF-LOGO.png","width":391,"height":249,"caption":"Qingdao H&F"},"image":{"@id":"https:\/\/qingdaohf.com\/bg\/#\/schema\/logo\/image\/"},"sameAs":["https:\/\/www.facebook.com\/qingdaohf"]}]}},"_links":{"self":[{"href":"https:\/\/qingdaohf.com\/es\/wp-json\/wp\/v2\/product\/3839","targetHints":{"allow":["GET"]}}],"collection":[{"href":"https:\/\/qingdaohf.com\/es\/wp-json\/wp\/v2\/product"}],"about":[{"href":"https:\/\/qingdaohf.com\/es\/wp-json\/wp\/v2\/types\/product"}],"replies":[{"embeddable":true,"href":"https:\/\/qingdaohf.com\/es\/wp-json\/wp\/v2\/comments?post=3839"}],"version-history":[{"count":2,"href":"https:\/\/qingdaohf.com\/es\/wp-json\/wp\/v2\/product\/3839\/revisions"}],"predecessor-version":[{"id":6449,"href":"https:\/\/qingdaohf.com\/es\/wp-json\/wp\/v2\/product\/3839\/revisions\/6449"}],"wp:featuredmedia":[{"embeddable":true,"href":"https:\/\/qingdaohf.com\/es\/wp-json\/wp\/v2\/media\/4563"}],"wp:attachment":[{"href":"https:\/\/qingdaohf.com\/es\/wp-json\/wp\/v2\/media?parent=3839"}],"wp:term":[{"taxonomy":"product_brand","embeddable":true,"href":"https:\/\/qingdaohf.com\/es\/wp-json\/wp\/v2\/product_brand?post=3839"},{"taxonomy":"product_cat","embeddable":true,"href":"https:\/\/qingdaohf.com\/es\/wp-json\/wp\/v2\/product_cat?post=3839"},{"taxonomy":"product_tag","embeddable":true,"href":"https:\/\/qingdaohf.com\/es\/wp-json\/wp\/v2\/product_tag?post=3839"}],"curies":[{"name":"wp","href":"https:\/\/api.w.org\/{rel}","templated":true}]}}