{"id":4005,"date":"2023-05-25T17:04:40","date_gmt":"2023-05-25T09:04:40","guid":{"rendered":"http:\/\/qingdaohf.com\/?post_type=product&#038;p=4005"},"modified":"2025-11-13T09:04:44","modified_gmt":"2025-11-13T01:04:44","slug":"wire-rope-clip","status":"publish","type":"product","link":"https:\/\/qingdaohf.com\/es\/producto\/clip-de-cable\/","title":{"rendered":"Abrazaderas de cable de acero"},"content":{"rendered":"<p><img fetchpriority=\"high\" decoding=\"async\" class=\"alignnone wp-image-9488 size-full\" src=\"http:\/\/qingdaohf.com\/wp-content\/uploads\/2025\/04\/Wire-Rope-Clips-2.jpg\" alt=\"Wire-Rope-Clips\" width=\"700\" height=\"364\" srcset=\"https:\/\/qingdaohf.com\/wp-content\/uploads\/2025\/04\/Wire-Rope-Clips-2.jpg 700w, https:\/\/qingdaohf.com\/wp-content\/uploads\/2025\/04\/Wire-Rope-Clips-2-300x156.jpg 300w, https:\/\/qingdaohf.com\/wp-content\/uploads\/2025\/04\/Wire-Rope-Clips-2-18x9.jpg 18w\" sizes=\"(max-width: 700px) 100vw, 700px\" \/><\/p>\n<div class=\"ast-oembed-container\" style=\"height: 100%;\"><iframe title=\"Clip de cable\" width=\"500\" height=\"281\" src=\"https:\/\/www.youtube.com\/embed\/ddJITaY1-Fc?feature=oembed\" frameborder=\"0\" allow=\"accelerometer; autoplay; clipboard-write; encrypted-media; gyroscope; picture-in-picture; web-share\" referrerpolicy=\"strict-origin-when-cross-origin\" allowfullscreen><\/iframe><\/div>\n<h3 data-sourcepos=\"7:1-7:61\"><strong>Calidad sin concesiones para retos industriales ind\u00f3mitos:<\/strong><\/h3>\n<ul data-sourcepos=\"7:1-10:0\">\n<li data-sourcepos=\"7:1-7:249\"><strong>Galvanizado Resistencia:<\/strong>\u00a0Nuestros clips galvanizados ofrecen una gran resistencia a la corrosi\u00f3n para uso general en exteriores, y son ideales para aplicaciones de elevaci\u00f3n, aparejo y sujeci\u00f3n. Rentables y vers\u00e1tiles, ofrecen un valor excepcional para las operaciones diarias.<\/li>\n<li data-sourcepos=\"8:1-8:322\"><strong>Acero inoxidable Solidez:<\/strong> Para entornos con productos qu\u00edmicos agresivos, exposici\u00f3n al agua salada o requisitos de seguridad exigentes, los clips de acero inoxidable de H&amp;F ofrecen una resistencia a la corrosi\u00f3n sin igual y una solidez inquebrantable. Fabricados para soportar los entornos industriales m\u00e1s rigurosos, garantizan una fiabilidad duradera.<\/li>\n<li data-sourcepos=\"9:1-10:0\"><strong><a class=\"row-title\" href=\"http:\/\/qingdaohf.com\/wp-admin\/post.php?post=4018&amp;action=edit\">Pinza de cable d\u00faplex<\/a>:<\/strong> Cuando la fuerza de sujeci\u00f3n y la resistencia a la fatiga son primordiales, los sujetacables d\u00faplex H&amp;F est\u00e1n a la altura del desaf\u00edo. Su dise\u00f1o de doble perno proporciona un agarre excepcional, por lo que son ideales para tareas de elevaci\u00f3n cr\u00edticas, cargas din\u00e1micas y aplicaciones que requieren una seguridad adicional.<\/li>\n<\/ul>\n<h3>Par\u00e1metros de los clips de cable<\/h3>\n<p><img decoding=\"async\" class=\"alignnone size-full wp-image-4016\" src=\"http:\/\/qingdaohf.com\/wp-content\/uploads\/2023\/05\/wire-rope-clip-1.webp\" alt=\"clip de cable\" width=\"982\" height=\"368\" srcset=\"https:\/\/qingdaohf.com\/wp-content\/uploads\/2023\/05\/wire-rope-clip-1.webp 982w, https:\/\/qingdaohf.com\/wp-content\/uploads\/2023\/05\/wire-rope-clip-1-300x112.webp 300w, https:\/\/qingdaohf.com\/wp-content\/uploads\/2023\/05\/wire-rope-clip-1-768x288.webp 768w\" sizes=\"(max-width: 982px) 100vw, 982px\" \/>\u00a0<img decoding=\"async\" class=\"alignnone size-full wp-image-4017\" src=\"http:\/\/qingdaohf.com\/wp-content\/uploads\/2023\/05\/wire-rope-clip-1.jpg\" alt=\"clip de cable\" width=\"1000\" height=\"1082\" srcset=\"https:\/\/qingdaohf.com\/wp-content\/uploads\/2023\/05\/wire-rope-clip-1.jpg 1000w, https:\/\/qingdaohf.com\/wp-content\/uploads\/2023\/05\/wire-rope-clip-1-277x300.jpg 277w, https:\/\/qingdaohf.com\/wp-content\/uploads\/2023\/05\/wire-rope-clip-1-946x1024.jpg 946w, https:\/\/qingdaohf.com\/wp-content\/uploads\/2023\/05\/wire-rope-clip-1-768x831.jpg 768w\" sizes=\"(max-width: 1000px) 100vw, 1000px\" \/> <img loading=\"lazy\" decoding=\"async\" class=\"alignnone size-full wp-image-4014\" src=\"http:\/\/qingdaohf.com\/wp-content\/uploads\/2023\/05\/wire-rope-clip-2.jpg\" alt=\"clip de cable\" width=\"1000\" height=\"817\" srcset=\"https:\/\/qingdaohf.com\/wp-content\/uploads\/2023\/05\/wire-rope-clip-2.jpg 1000w, https:\/\/qingdaohf.com\/wp-content\/uploads\/2023\/05\/wire-rope-clip-2-300x245.jpg 300w, https:\/\/qingdaohf.com\/wp-content\/uploads\/2023\/05\/wire-rope-clip-2-768x627.jpg 768w\" sizes=\"(max-width: 1000px) 100vw, 1000px\" \/><\/p>\n<h3>\u00bfPor qu\u00e9 elegirnos?<\/h3>\n<p>Calidad superior: Nuestros sujetacables se fabrican meticulosamente con los mejores materiales, lo que garantiza su durabilidad, fiabilidad y seguridad. Nos adherimos a estrictas normas de control de calidad, garantizando que cada producto cumple o supera las regulaciones de la industria.<\/p>\n<p>Aplicaciones vers\u00e1tiles: Ya se trate de aplicaciones de construcci\u00f3n, mar\u00edtimas, aeroespaciales o industriales, nuestros clips de cable est\u00e1n dise\u00f1ados para manejar una amplia gama de tareas, proporcionando soluciones de aparejo seguras y eficientes.<\/p>\n<p>Reputaci\u00f3n de confianza: A lo largo de los a\u00f1os, nos hemos ganado la confianza y la lealtad de innumerables clientes que conf\u00edan en nuestros sujetacables para sus aplicaciones cr\u00edticas. Nuestra reputaci\u00f3n dice mucho de la calidad y fiabilidad de nuestros productos.<\/p>\n<p>La seguridad es lo primero: la seguridad es nuestra m\u00e1xima prioridad. Nuestros clips de cable se someten a rigurosas pruebas y cumplen las normas de seguridad del sector para ofrecer tranquilidad a nuestros clientes.<\/p>\n<p>Soluciones a medida: Entendemos que cada proyecto tiene unos requisitos \u00fanicos. Nuestro equipo colabora estrechamente con usted para ofrecerle las soluciones a medida que mejor se adapten a su aplicaci\u00f3n espec\u00edfica, garantizando unos resultados \u00f3ptimos.<\/p>\n<p>Enfoque centrado en el cliente: Nuestros clientes est\u00e1n en el centro de todo lo que hacemos. Nos enorgullecemos de nuestro excepcional servicio de atenci\u00f3n al cliente, nuestra comunicaci\u00f3n transparente y nuestra voluntad de ir m\u00e1s all\u00e1 para satisfacer sus necesidades.<\/p>","protected":false},"excerpt":{"rendered":"<p>El clip y la abrazadera de cable met\u00e1lico es un dispositivo de ferreter\u00eda de uso com\u00fan para asegurar los extremos de cables met\u00e1licos o cables. Proporciona una conexi\u00f3n fuerte y fiable, evitando que el cable met\u00e1lico se deslice o se desenrede.<\/p>\n<p data-sourcepos=\"5:1-5:289\">H&amp;F es su socio de confianza para clips de cable de alto rendimiento, que garantizan conexiones seguras y fiables en aplicaciones industriales exigentes. Ofrecemos una amplia gama de clips galvanizados y de acero inoxidable, meticulosamente dise\u00f1ados para satisfacer las diversas necesidades del sector B2B.<\/p>","protected":false},"featured_media":4006,"comment_status":"open","ping_status":"closed","template":"","meta":{"site-sidebar-layout":"default","site-content-layout":"default","ast-site-content-layout":"default","site-content-style":"default","site-sidebar-style":"default","ast-global-header-display":"","ast-banner-title-visibility":"","ast-main-header-display":"","ast-hfb-above-header-display":"","ast-hfb-below-header-display":"","ast-hfb-mobile-header-display":"","site-post-title":"","ast-breadcrumbs-content":"","ast-featured-img":"","footer-sml-layout":"","theme-transparent-header-meta":"default","adv-header-id-meta":"","stick-header-meta":"default","header-above-stick-meta":"","header-main-stick-meta":"","header-below-stick-meta":"","astra-migrate-meta-layouts":"set","ast-page-background-enabled":"default","ast-page-background-meta":{"desktop":{"background-color":"","background-image":"","background-repeat":"repeat","background-position":"center center","background-size":"auto","background-attachment":"scroll","background-type":"","background-media":"","overlay-type":"","overlay-color":"","overlay-opacity":"","overlay-gradient":""},"tablet":{"background-color":"","background-image":"","background-repeat":"repeat","background-position":"center center","background-size":"auto","background-attachment":"scroll","background-type":"","background-media":"","overlay-type":"","overlay-color":"","overlay-opacity":"","overlay-gradient":""},"mobile":{"background-color":"","background-image":"","background-repeat":"repeat","background-position":"center center","background-size":"auto","background-attachment":"scroll","background-type":"","background-media":"","overlay-type":"","overlay-color":"","overlay-opacity":"","overlay-gradient":""}},"ast-content-background-meta":{"desktop":{"background-color":"var(--ast-global-color-5)","background-image":"","background-repeat":"repeat","background-position":"center center","background-size":"auto","background-attachment":"scroll","background-type":"","background-media":"","overlay-type":"","overlay-color":"","overlay-opacity":"","overlay-gradient":""},"tablet":{"background-color":"var(--ast-global-color-5)","background-image":"","background-repeat":"repeat","background-position":"center center","background-size":"auto","background-attachment":"scroll","background-type":"","background-media":"","overlay-type":"","overlay-color":"","overlay-opacity":"","overlay-gradient":""},"mobile":{"background-color":"var(--ast-global-color-5)","background-image":"","background-repeat":"repeat","background-position":"center center","background-size":"auto","background-attachment":"scroll","background-type":"","background-media":"","overlay-type":"","overlay-color":"","overlay-opacity":"","overlay-gradient":""}}},"product_brand":[],"product_cat":[37,43],"product_tag":[],"class_list":{"0":"post-4005","1":"product","2":"type-product","3":"status-publish","4":"has-post-thumbnail","6":"product_cat-wire-rope","7":"product_cat-rigging-hardware","8":"desktop-align-left","9":"tablet-align-left","10":"mobile-align-left","11":"ast-product-gallery-layout-horizontal-slider","12":"ast-product-tabs-layout-horizontal","14":"first","15":"instock","16":"shipping-taxable","17":"purchasable","18":"product-type-simple"},"yoast_head":"<!-- This site is optimized with the Yoast SEO plugin v25.2 - https:\/\/yoast.com\/wordpress\/plugins\/seo\/ -->\n<title>Wire Rope Clip Steel Cable Clamps<\/title>\n<meta name=\"description\" content=\"A wire rope clip, also known as a cable clamp or wire rope clamp, is a commonly used hardware device for securing the ends of wire ropes or cables.\" \/>\n<meta name=\"robots\" content=\"index, follow, max-snippet:-1, max-image-preview:large, max-video-preview:-1\" \/>\n<link rel=\"canonical\" href=\"https:\/\/qingdaohf.com\/es\/producto\/clip-de-cable\/\" \/>\n<meta property=\"og:locale\" content=\"es_ES\" \/>\n<meta property=\"og:type\" content=\"article\" \/>\n<meta property=\"og:title\" content=\"Wire Rope Clip Steel Cable Clamps\" \/>\n<meta property=\"og:description\" content=\"A wire rope clip, also known as a cable clamp or wire rope clamp, is a commonly used hardware device for securing the ends of wire ropes or cables.\" \/>\n<meta property=\"og:url\" content=\"https:\/\/qingdaohf.com\/es\/producto\/clip-de-cable\/\" \/>\n<meta property=\"og:site_name\" content=\"Concrete Form &amp; Rigging Hardware Supplier\" \/>\n<meta property=\"article:publisher\" content=\"https:\/\/www.facebook.com\/qingdaohf\" \/>\n<meta property=\"article:modified_time\" content=\"2025-11-13T01:04:44+00:00\" \/>\n<meta property=\"og:image\" content=\"https:\/\/qingdaohf.com\/wp-content\/uploads\/2023\/05\/wire-rope-clip-7.jpg\" \/>\n\t<meta property=\"og:image:width\" content=\"1000\" \/>\n\t<meta property=\"og:image:height\" content=\"1000\" \/>\n\t<meta property=\"og:image:type\" content=\"image\/jpeg\" \/>\n<meta name=\"twitter:card\" content=\"summary_large_image\" \/>\n<meta name=\"twitter:label1\" content=\"Tiempo de lectura\" \/>\n\t<meta name=\"twitter:data1\" content=\"3 minutos\" \/>\n<script type=\"application\/ld+json\" class=\"yoast-schema-graph\">{\"@context\":\"https:\/\/schema.org\",\"@graph\":[{\"@type\":\"WebPage\",\"@id\":\"https:\/\/qingdaohf.com\/product\/wire-rope-clip\/\",\"url\":\"https:\/\/qingdaohf.com\/product\/wire-rope-clip\/\",\"name\":\"Wire Rope Clip Steel Cable Clamps\",\"isPartOf\":{\"@id\":\"https:\/\/qingdaohf.com\/bg\/#website\"},\"primaryImageOfPage\":{\"@id\":\"https:\/\/qingdaohf.com\/product\/wire-rope-clip\/#primaryimage\"},\"image\":{\"@id\":\"https:\/\/qingdaohf.com\/product\/wire-rope-clip\/#primaryimage\"},\"thumbnailUrl\":\"https:\/\/qingdaohf.com\/wp-content\/uploads\/2023\/05\/wire-rope-clip-7.jpg\",\"datePublished\":\"2023-05-25T09:04:40+00:00\",\"dateModified\":\"2025-11-13T01:04:44+00:00\",\"description\":\"A wire rope clip, also known as a cable clamp or wire rope clamp, is a commonly used hardware device for securing the ends of wire ropes or cables.\",\"breadcrumb\":{\"@id\":\"https:\/\/qingdaohf.com\/product\/wire-rope-clip\/#breadcrumb\"},\"inLanguage\":\"es\",\"potentialAction\":[{\"@type\":\"ReadAction\",\"target\":[\"https:\/\/qingdaohf.com\/product\/wire-rope-clip\/\"]}]},{\"@type\":\"ImageObject\",\"inLanguage\":\"es\",\"@id\":\"https:\/\/qingdaohf.com\/product\/wire-rope-clip\/#primaryimage\",\"url\":\"https:\/\/qingdaohf.com\/wp-content\/uploads\/2023\/05\/wire-rope-clip-7.jpg\",\"contentUrl\":\"https:\/\/qingdaohf.com\/wp-content\/uploads\/2023\/05\/wire-rope-clip-7.jpg\",\"width\":1000,\"height\":1000,\"caption\":\"wire rope clip\"},{\"@type\":\"BreadcrumbList\",\"@id\":\"https:\/\/qingdaohf.com\/product\/wire-rope-clip\/#breadcrumb\",\"itemListElement\":[{\"@type\":\"ListItem\",\"position\":1,\"name\":\"Home\",\"item\":\"https:\/\/qingdaohf.com\/\"},{\"@type\":\"ListItem\",\"position\":2,\"name\":\"Concrete Forming Accessories and Rigging Hardware\",\"item\":\"https:\/\/qingdaohf.com\/bg\/?page_id=944\"},{\"@type\":\"ListItem\",\"position\":3,\"name\":\"Wire Rope Clip Steel Cable Clamps\"}]},{\"@type\":\"WebSite\",\"@id\":\"https:\/\/qingdaohf.com\/bg\/#website\",\"url\":\"https:\/\/qingdaohf.com\/bg\/\",\"name\":\"Concrete Form & Rigging Hardware Supplier\",\"description\":\"\",\"publisher\":{\"@id\":\"https:\/\/qingdaohf.com\/bg\/#organization\"},\"potentialAction\":[{\"@type\":\"SearchAction\",\"target\":{\"@type\":\"EntryPoint\",\"urlTemplate\":\"https:\/\/qingdaohf.com\/bg\/?s={search_term_string}\"},\"query-input\":{\"@type\":\"PropertyValueSpecification\",\"valueRequired\":true,\"valueName\":\"search_term_string\"}}],\"inLanguage\":\"es\"},{\"@type\":\"Organization\",\"@id\":\"https:\/\/qingdaohf.com\/bg\/#organization\",\"name\":\"Qingdao H&F\",\"url\":\"https:\/\/qingdaohf.com\/bg\/\",\"logo\":{\"@type\":\"ImageObject\",\"inLanguage\":\"es\",\"@id\":\"https:\/\/qingdaohf.com\/bg\/#\/schema\/logo\/image\/\",\"url\":\"https:\/\/qingdaohf.com\/wp-content\/uploads\/2022\/12\/cropped-HF-LOGO.png\",\"contentUrl\":\"https:\/\/qingdaohf.com\/wp-content\/uploads\/2022\/12\/cropped-HF-LOGO.png\",\"width\":391,\"height\":249,\"caption\":\"Qingdao H&F\"},\"image\":{\"@id\":\"https:\/\/qingdaohf.com\/bg\/#\/schema\/logo\/image\/\"},\"sameAs\":[\"https:\/\/www.facebook.com\/qingdaohf\"]}]}<\/script>\n<!-- \/ Yoast SEO plugin. -->","yoast_head_json":{"title":"Wire Rope Clip Steel Cable Clamps","description":"A wire rope clip, also known as a cable clamp or wire rope clamp, is a commonly used hardware device for securing the ends of wire ropes or cables.","robots":{"index":"index","follow":"follow","max-snippet":"max-snippet:-1","max-image-preview":"max-image-preview:large","max-video-preview":"max-video-preview:-1"},"canonical":"https:\/\/qingdaohf.com\/es\/producto\/clip-de-cable\/","og_locale":"es_ES","og_type":"article","og_title":"Wire Rope Clip Steel Cable Clamps","og_description":"A wire rope clip, also known as a cable clamp or wire rope clamp, is a commonly used hardware device for securing the ends of wire ropes or cables.","og_url":"https:\/\/qingdaohf.com\/es\/producto\/clip-de-cable\/","og_site_name":"Concrete Form &amp; Rigging Hardware Supplier","article_publisher":"https:\/\/www.facebook.com\/qingdaohf","article_modified_time":"2025-11-13T01:04:44+00:00","og_image":[{"width":1000,"height":1000,"url":"https:\/\/qingdaohf.com\/wp-content\/uploads\/2023\/05\/wire-rope-clip-7.jpg","type":"image\/jpeg"}],"twitter_card":"summary_large_image","twitter_misc":{"Tiempo de lectura":"3 minutos"},"schema":{"@context":"https:\/\/schema.org","@graph":[{"@type":"WebPage","@id":"https:\/\/qingdaohf.com\/product\/wire-rope-clip\/","url":"https:\/\/qingdaohf.com\/product\/wire-rope-clip\/","name":"Wire Rope Clip Steel Cable Clamps","isPartOf":{"@id":"https:\/\/qingdaohf.com\/bg\/#website"},"primaryImageOfPage":{"@id":"https:\/\/qingdaohf.com\/product\/wire-rope-clip\/#primaryimage"},"image":{"@id":"https:\/\/qingdaohf.com\/product\/wire-rope-clip\/#primaryimage"},"thumbnailUrl":"https:\/\/qingdaohf.com\/wp-content\/uploads\/2023\/05\/wire-rope-clip-7.jpg","datePublished":"2023-05-25T09:04:40+00:00","dateModified":"2025-11-13T01:04:44+00:00","description":"A wire rope clip, also known as a cable clamp or wire rope clamp, is a commonly used hardware device for securing the ends of wire ropes or cables.","breadcrumb":{"@id":"https:\/\/qingdaohf.com\/product\/wire-rope-clip\/#breadcrumb"},"inLanguage":"es","potentialAction":[{"@type":"ReadAction","target":["https:\/\/qingdaohf.com\/product\/wire-rope-clip\/"]}]},{"@type":"ImageObject","inLanguage":"es","@id":"https:\/\/qingdaohf.com\/product\/wire-rope-clip\/#primaryimage","url":"https:\/\/qingdaohf.com\/wp-content\/uploads\/2023\/05\/wire-rope-clip-7.jpg","contentUrl":"https:\/\/qingdaohf.com\/wp-content\/uploads\/2023\/05\/wire-rope-clip-7.jpg","width":1000,"height":1000,"caption":"wire rope clip"},{"@type":"BreadcrumbList","@id":"https:\/\/qingdaohf.com\/product\/wire-rope-clip\/#breadcrumb","itemListElement":[{"@type":"ListItem","position":1,"name":"Home","item":"https:\/\/qingdaohf.com\/"},{"@type":"ListItem","position":2,"name":"Concrete Forming Accessories and Rigging Hardware","item":"https:\/\/qingdaohf.com\/bg\/?page_id=944"},{"@type":"ListItem","position":3,"name":"Wire Rope Clip Steel Cable Clamps"}]},{"@type":"WebSite","@id":"https:\/\/qingdaohf.com\/bg\/#website","url":"https:\/\/qingdaohf.com\/bg\/","name":"Concrete Form & Rigging Hardware Supplier","description":"","publisher":{"@id":"https:\/\/qingdaohf.com\/bg\/#organization"},"potentialAction":[{"@type":"SearchAction","target":{"@type":"EntryPoint","urlTemplate":"https:\/\/qingdaohf.com\/bg\/?s={search_term_string}"},"query-input":{"@type":"PropertyValueSpecification","valueRequired":true,"valueName":"search_term_string"}}],"inLanguage":"es"},{"@type":"Organization","@id":"https:\/\/qingdaohf.com\/bg\/#organization","name":"Qingdao H&F","url":"https:\/\/qingdaohf.com\/bg\/","logo":{"@type":"ImageObject","inLanguage":"es","@id":"https:\/\/qingdaohf.com\/bg\/#\/schema\/logo\/image\/","url":"https:\/\/qingdaohf.com\/wp-content\/uploads\/2022\/12\/cropped-HF-LOGO.png","contentUrl":"https:\/\/qingdaohf.com\/wp-content\/uploads\/2022\/12\/cropped-HF-LOGO.png","width":391,"height":249,"caption":"Qingdao H&F"},"image":{"@id":"https:\/\/qingdaohf.com\/bg\/#\/schema\/logo\/image\/"},"sameAs":["https:\/\/www.facebook.com\/qingdaohf"]}]}},"_links":{"self":[{"href":"https:\/\/qingdaohf.com\/es\/wp-json\/wp\/v2\/product\/4005","targetHints":{"allow":["GET"]}}],"collection":[{"href":"https:\/\/qingdaohf.com\/es\/wp-json\/wp\/v2\/product"}],"about":[{"href":"https:\/\/qingdaohf.com\/es\/wp-json\/wp\/v2\/types\/product"}],"replies":[{"embeddable":true,"href":"https:\/\/qingdaohf.com\/es\/wp-json\/wp\/v2\/comments?post=4005"}],"version-history":[{"count":10,"href":"https:\/\/qingdaohf.com\/es\/wp-json\/wp\/v2\/product\/4005\/revisions"}],"predecessor-version":[{"id":9490,"href":"https:\/\/qingdaohf.com\/es\/wp-json\/wp\/v2\/product\/4005\/revisions\/9490"}],"wp:featuredmedia":[{"embeddable":true,"href":"https:\/\/qingdaohf.com\/es\/wp-json\/wp\/v2\/media\/4006"}],"wp:attachment":[{"href":"https:\/\/qingdaohf.com\/es\/wp-json\/wp\/v2\/media?parent=4005"}],"wp:term":[{"taxonomy":"product_brand","embeddable":true,"href":"https:\/\/qingdaohf.com\/es\/wp-json\/wp\/v2\/product_brand?post=4005"},{"taxonomy":"product_cat","embeddable":true,"href":"https:\/\/qingdaohf.com\/es\/wp-json\/wp\/v2\/product_cat?post=4005"},{"taxonomy":"product_tag","embeddable":true,"href":"https:\/\/qingdaohf.com\/es\/wp-json\/wp\/v2\/product_tag?post=4005"}],"curies":[{"name":"wp","href":"https:\/\/api.w.org\/{rel}","templated":true}]}}